{"id":204816,"date":"2023-03-17T12:00:04","date_gmt":"2023-03-17T10:00:06","guid":{"rendered":"https:\/\/storitgroup.com\/?post_type=product&#038;p=204816"},"modified":"2024-11-28T02:00:39","modified_gmt":"2024-11-28T00:00:39","slug":"hyllyvaunu-click-600x500x1180-mm-harmaa","status":"publish","type":"product","link":"https:\/\/storitgroup.com\/fi\/tuote\/hyllyvaunu-click-600x500x1180-mm-harmaa\/","title":{"rendered":"Hyllyvaunu Click 600x500x1180 mm, harmaa"},"content":{"rendered":"<p>Py\u00f6rill\u00e4 varustettu hyllyvaunu on k\u00e4tev\u00e4 ty\u00f6v\u00e4line tietokoneen, tulostimen, modeemin jne. siirt\u00e4miseen paikasta toiseen. Jos ty\u00f6paikka ei ole paikallinen vaan vaatii tiedon sy\u00f6tt\u00e4mist\u00e4 tai tarkistamista eri hyllyjen v\u00e4lill\u00e4, kuten varasto, on t\u00e4m\u00e4 kolmen hyllyn py\u00f6rill\u00e4 varustettu ty\u00f6p\u00f6yt\u00e4 ihanteellinen ratkaisu. Vaunun kaksi py\u00f6r\u00e4\u00e4 on varustettu jarrulla.<\/p>\n","protected":false},"excerpt":{"rendered":"<p>Py\u00f6rill\u00e4 varustettu hyllyvaunu on k\u00e4tev\u00e4 ty\u00f6v\u00e4line tietokoneen, tulostimen, modeemin jne. siirt\u00e4miseen paikasta toiseen. Jos ty\u00f6paikka ei ole paikallinen vaan vaatii tiedon sy\u00f6tt\u00e4mist\u00e4 tai tarkistamista eri hyllyjen v\u00e4lill\u00e4, kuten varasto, on t\u00e4m\u00e4 kolmen hyllyn py\u00f6rill\u00e4 varustettu ty\u00f6p\u00f6yt\u00e4 ihanteellinen ratkaisu. Vaunun kaksi py\u00f6r\u00e4\u00e4 on varustettu jarrulla.<\/p>\n","protected":false},"featured_media":219084,"template":"","meta":{"_acf_changed":false},"product_brand":[],"product_cat":[8638,8637],"product_tag":[],"class_list":{"0":"post-204816","1":"product","2":"type-product","3":"status-publish","4":"has-post-thumbnail","6":"product_room-arkisto-museo","7":"product_room-ruuan-kasittely","8":"product_room-rakentaminen-ja-suunnittelu","9":"product_room-kaupankaynti-ja-myymalat","10":"product_room-kokoonpano-ja-keraily","11":"product_room-pakkaus","12":"product_room-laakeyhtiot-ja-laboratoriot","13":"product_room-iso-varasto","14":"product_room-varasto-pitkille-tavaroille-ja-levymateriaaleille","15":"product_room-pieni-varasto","16":"product_room-teollisuus-ja-tuotanto-ergonomiset-tyopaikat-tyokaluvarasto","17":"product_room-tavaroiden-logistiikka","18":"product_room-kiinteistokehitys","19":"product_room-tyopaja-ja-autotalli","20":"product_cat-liikkuva-tyopaikka","21":"product_cat-tyopoydat-storit-tyopoydat","23":"first","24":"onbackorder","25":"taxable","26":"shipping-taxable","27":"purchasable","28":"product-type-simple"},"acf":[],"yoast_head":"<!-- This site is optimized with the Yoast SEO plugin v27.2 - https:\/\/yoast.com\/product\/yoast-seo-wordpress\/ -->\n<title>Hyllyvaunu Click 600x500x1180 mm, harmaa &#8226; Storit<\/title>\n<meta name=\"description\" content=\"Hyllyvaunu Click 600x500x1180 mm, harmaa \u2014 kohtuulliseen hintaan. Toimitukset kaikkialle Suomeen! \u261b Tutustu tuotteeseen ja tilaa k\u00e4tev\u00e4sti STORIT-verkkokaupasta!\" \/>\n<meta name=\"robots\" content=\"index, follow, max-snippet:-1, max-image-preview:large, max-video-preview:-1\" \/>\n<link rel=\"canonical\" href=\"https:\/\/storitgroup.com\/fi\/tuote\/hyllyvaunu-click-600x500x1180-mm-harmaa\/\" \/>\n<meta property=\"og:locale\" content=\"fi_FI\" \/>\n<meta property=\"og:type\" content=\"article\" \/>\n<meta property=\"og:title\" content=\"Hyllyvaunu Click 600x500x1180 mm, harmaa &#8226; Storit\" \/>\n<meta property=\"og:description\" content=\"Hyllyvaunu Click 600x500x1180 mm, harmaa \u2014 kohtuulliseen hintaan. Toimitukset kaikkialle Suomeen! \u261b Tutustu tuotteeseen ja tilaa k\u00e4tev\u00e4sti STORIT-verkkokaupasta!\" \/>\n<meta property=\"og:url\" content=\"https:\/\/storitgroup.com\/fi\/tuote\/hyllyvaunu-click-600x500x1180-mm-harmaa\/\" \/>\n<meta property=\"og:site_name\" content=\"Storit\" \/>\n<meta property=\"article:modified_time\" content=\"2024-11-28T00:00:39+00:00\" \/>\n<meta property=\"og:image\" content=\"https:\/\/storitgroup.com\/uploads\/2023\/03\/11.-tw6830-9.jpg\" \/>\n\t<meta property=\"og:image:width\" content=\"460\" \/>\n\t<meta property=\"og:image:height\" content=\"649\" \/>\n\t<meta property=\"og:image:type\" content=\"image\/jpeg\" \/>\n<meta name=\"twitter:card\" content=\"summary_large_image\" \/>\n<script type=\"application\/ld+json\" class=\"yoast-schema-graph\">{\"@context\":\"https:\/\/schema.org\",\"@graph\":[{\"@type\":[\"WebPage\",\"ItemPage\"],\"@id\":\"https:\/\/storitgroup.com\/fi\/tuote\/hyllyvaunu-click-600x500x1180-mm-harmaa\/\",\"url\":\"https:\/\/storitgroup.com\/fi\/tuote\/hyllyvaunu-click-600x500x1180-mm-harmaa\/\",\"name\":\"Hyllyvaunu Click 600x500x1180 mm, harmaa &#8226; Storit\",\"isPartOf\":{\"@id\":\"https:\/\/storitgroup.com\/fi\/#website\"},\"primaryImageOfPage\":{\"@id\":\"https:\/\/storitgroup.com\/fi\/tuote\/hyllyvaunu-click-600x500x1180-mm-harmaa\/#primaryimage\"},\"image\":{\"@id\":\"https:\/\/storitgroup.com\/fi\/tuote\/hyllyvaunu-click-600x500x1180-mm-harmaa\/#primaryimage\"},\"thumbnailUrl\":\"https:\/\/storitgroup.com\/uploads\/2023\/03\/11.-tw6830-9.jpg\",\"datePublished\":\"2023-03-17T10:00:06+00:00\",\"dateModified\":\"2024-11-28T00:00:39+00:00\",\"description\":\"Hyllyvaunu Click 600x500x1180 mm, harmaa \u2014 kohtuulliseen hintaan. Toimitukset kaikkialle Suomeen! \u261b Tutustu tuotteeseen ja tilaa k\u00e4tev\u00e4sti STORIT-verkkokaupasta!\",\"breadcrumb\":{\"@id\":\"https:\/\/storitgroup.com\/fi\/tuote\/hyllyvaunu-click-600x500x1180-mm-harmaa\/#breadcrumb\"},\"inLanguage\":\"fi\",\"potentialAction\":[{\"@type\":\"ReadAction\",\"target\":[\"https:\/\/storitgroup.com\/fi\/tuote\/hyllyvaunu-click-600x500x1180-mm-harmaa\/\"]}]},{\"@type\":\"ImageObject\",\"inLanguage\":\"fi\",\"@id\":\"https:\/\/storitgroup.com\/fi\/tuote\/hyllyvaunu-click-600x500x1180-mm-harmaa\/#primaryimage\",\"url\":\"https:\/\/storitgroup.com\/uploads\/2023\/03\/11.-tw6830-9.jpg\",\"contentUrl\":\"https:\/\/storitgroup.com\/uploads\/2023\/03\/11.-tw6830-9.jpg\",\"width\":460,\"height\":649},{\"@type\":\"BreadcrumbList\",\"@id\":\"https:\/\/storitgroup.com\/fi\/tuote\/hyllyvaunu-click-600x500x1180-mm-harmaa\/#breadcrumb\",\"itemListElement\":[{\"@type\":\"ListItem\",\"position\":1,\"name\":\"Kotisivu\",\"item\":\"https:\/\/storitgroup.com\/fi\/\"},{\"@type\":\"ListItem\",\"position\":2,\"name\":\"Tuotteet\",\"item\":\"https:\/\/storitgroup.com\/fi\/tuotteet\/\"},{\"@type\":\"ListItem\",\"position\":3,\"name\":\"P\u00f6yd\u00e4t, tuolit, ty\u00f6kaluvarasto\",\"item\":\"https:\/\/storitgroup.com\/fi\/poydat-tuolit-tyokaluvarasto\/\"},{\"@type\":\"ListItem\",\"position\":4,\"name\":\"Ty\u00f6p\u00f6yd\u00e4t\",\"item\":\"https:\/\/storitgroup.com\/fi\/poydat-tuolit-tyokaluvarasto\/tyopoydat\/\"},{\"@type\":\"ListItem\",\"position\":5,\"name\":\"Ty\u00f6p\u00f6yd\u00e4t: STORIT\",\"item\":\"https:\/\/storitgroup.com\/fi\/poydat-tuolit-tyokaluvarasto\/tyopoydat\/tyopoydat-storit-tyopoydat\/\"},{\"@type\":\"ListItem\",\"position\":6,\"name\":\"Hyllyvaunu Click 600x500x1180 mm, harmaa\"}]},{\"@type\":\"WebSite\",\"@id\":\"https:\/\/storitgroup.com\/fi\/#website\",\"url\":\"https:\/\/storitgroup.com\/fi\/\",\"name\":\"Storit\",\"description\":\"\",\"potentialAction\":[{\"@type\":\"SearchAction\",\"target\":{\"@type\":\"EntryPoint\",\"urlTemplate\":\"https:\/\/storitgroup.com\/fi\/?s={search_term_string}\"},\"query-input\":{\"@type\":\"PropertyValueSpecification\",\"valueRequired\":true,\"valueName\":\"search_term_string\"}}],\"inLanguage\":\"fi\"}]}<\/script>\n<!-- \/ Yoast SEO plugin. -->","yoast_head_json":{"title":"Hyllyvaunu Click 600x500x1180 mm, harmaa &#8226; Storit","description":"Hyllyvaunu Click 600x500x1180 mm, harmaa \u2014 kohtuulliseen hintaan. Toimitukset kaikkialle Suomeen! \u261b Tutustu tuotteeseen ja tilaa k\u00e4tev\u00e4sti STORIT-verkkokaupasta!","robots":{"index":"index","follow":"follow","max-snippet":"max-snippet:-1","max-image-preview":"max-image-preview:large","max-video-preview":"max-video-preview:-1"},"canonical":"https:\/\/storitgroup.com\/fi\/tuote\/hyllyvaunu-click-600x500x1180-mm-harmaa\/","og_locale":"fi_FI","og_type":"article","og_title":"Hyllyvaunu Click 600x500x1180 mm, harmaa &#8226; Storit","og_description":"Hyllyvaunu Click 600x500x1180 mm, harmaa \u2014 kohtuulliseen hintaan. Toimitukset kaikkialle Suomeen! \u261b Tutustu tuotteeseen ja tilaa k\u00e4tev\u00e4sti STORIT-verkkokaupasta!","og_url":"https:\/\/storitgroup.com\/fi\/tuote\/hyllyvaunu-click-600x500x1180-mm-harmaa\/","og_site_name":"Storit","article_modified_time":"2024-11-28T00:00:39+00:00","og_image":[{"width":460,"height":649,"url":"https:\/\/storitgroup.com\/uploads\/2023\/03\/11.-tw6830-9.jpg","type":"image\/jpeg"}],"twitter_card":"summary_large_image","schema":{"@context":"https:\/\/schema.org","@graph":[{"@type":["WebPage","ItemPage"],"@id":"https:\/\/storitgroup.com\/fi\/tuote\/hyllyvaunu-click-600x500x1180-mm-harmaa\/","url":"https:\/\/storitgroup.com\/fi\/tuote\/hyllyvaunu-click-600x500x1180-mm-harmaa\/","name":"Hyllyvaunu Click 600x500x1180 mm, harmaa &#8226; Storit","isPartOf":{"@id":"https:\/\/storitgroup.com\/fi\/#website"},"primaryImageOfPage":{"@id":"https:\/\/storitgroup.com\/fi\/tuote\/hyllyvaunu-click-600x500x1180-mm-harmaa\/#primaryimage"},"image":{"@id":"https:\/\/storitgroup.com\/fi\/tuote\/hyllyvaunu-click-600x500x1180-mm-harmaa\/#primaryimage"},"thumbnailUrl":"https:\/\/storitgroup.com\/uploads\/2023\/03\/11.-tw6830-9.jpg","datePublished":"2023-03-17T10:00:06+00:00","dateModified":"2024-11-28T00:00:39+00:00","description":"Hyllyvaunu Click 600x500x1180 mm, harmaa \u2014 kohtuulliseen hintaan. Toimitukset kaikkialle Suomeen! \u261b Tutustu tuotteeseen ja tilaa k\u00e4tev\u00e4sti STORIT-verkkokaupasta!","breadcrumb":{"@id":"https:\/\/storitgroup.com\/fi\/tuote\/hyllyvaunu-click-600x500x1180-mm-harmaa\/#breadcrumb"},"inLanguage":"fi","potentialAction":[{"@type":"ReadAction","target":["https:\/\/storitgroup.com\/fi\/tuote\/hyllyvaunu-click-600x500x1180-mm-harmaa\/"]}]},{"@type":"ImageObject","inLanguage":"fi","@id":"https:\/\/storitgroup.com\/fi\/tuote\/hyllyvaunu-click-600x500x1180-mm-harmaa\/#primaryimage","url":"https:\/\/storitgroup.com\/uploads\/2023\/03\/11.-tw6830-9.jpg","contentUrl":"https:\/\/storitgroup.com\/uploads\/2023\/03\/11.-tw6830-9.jpg","width":460,"height":649},{"@type":"BreadcrumbList","@id":"https:\/\/storitgroup.com\/fi\/tuote\/hyllyvaunu-click-600x500x1180-mm-harmaa\/#breadcrumb","itemListElement":[{"@type":"ListItem","position":1,"name":"Kotisivu","item":"https:\/\/storitgroup.com\/fi\/"},{"@type":"ListItem","position":2,"name":"Tuotteet","item":"https:\/\/storitgroup.com\/fi\/tuotteet\/"},{"@type":"ListItem","position":3,"name":"P\u00f6yd\u00e4t, tuolit, ty\u00f6kaluvarasto","item":"https:\/\/storitgroup.com\/fi\/poydat-tuolit-tyokaluvarasto\/"},{"@type":"ListItem","position":4,"name":"Ty\u00f6p\u00f6yd\u00e4t","item":"https:\/\/storitgroup.com\/fi\/poydat-tuolit-tyokaluvarasto\/tyopoydat\/"},{"@type":"ListItem","position":5,"name":"Ty\u00f6p\u00f6yd\u00e4t: STORIT","item":"https:\/\/storitgroup.com\/fi\/poydat-tuolit-tyokaluvarasto\/tyopoydat\/tyopoydat-storit-tyopoydat\/"},{"@type":"ListItem","position":6,"name":"Hyllyvaunu Click 600x500x1180 mm, harmaa"}]},{"@type":"WebSite","@id":"https:\/\/storitgroup.com\/fi\/#website","url":"https:\/\/storitgroup.com\/fi\/","name":"Storit","description":"","potentialAction":[{"@type":"SearchAction","target":{"@type":"EntryPoint","urlTemplate":"https:\/\/storitgroup.com\/fi\/?s={search_term_string}"},"query-input":{"@type":"PropertyValueSpecification","valueRequired":true,"valueName":"search_term_string"}}],"inLanguage":"fi"}]}},"_links":{"self":[{"href":"https:\/\/storitgroup.com\/fi\/wp-json\/wp\/v2\/product\/204816","targetHints":{"allow":["GET"]}}],"collection":[{"href":"https:\/\/storitgroup.com\/fi\/wp-json\/wp\/v2\/product"}],"about":[{"href":"https:\/\/storitgroup.com\/fi\/wp-json\/wp\/v2\/types\/product"}],"wp:featuredmedia":[{"embeddable":true,"href":"https:\/\/storitgroup.com\/fi\/wp-json\/wp\/v2\/media\/219084"}],"wp:attachment":[{"href":"https:\/\/storitgroup.com\/fi\/wp-json\/wp\/v2\/media?parent=204816"}],"wp:term":[{"taxonomy":"product_brand","embeddable":true,"href":"https:\/\/storitgroup.com\/fi\/wp-json\/wp\/v2\/product_brand?post=204816"},{"taxonomy":"product_cat","embeddable":true,"href":"https:\/\/storitgroup.com\/fi\/wp-json\/wp\/v2\/product_cat?post=204816"},{"taxonomy":"product_tag","embeddable":true,"href":"https:\/\/storitgroup.com\/fi\/wp-json\/wp\/v2\/product_tag?post=204816"}],"curies":[{"name":"wp","href":"https:\/\/api.w.org\/{rel}","templated":true}]}}