{"id":204708,"date":"2023-03-07T09:36:02","date_gmt":"2023-03-07T08:35:08","guid":{"rendered":"https:\/\/storitgroup.com\/?post_type=product&#038;p=204708"},"modified":"2025-02-18T16:20:11","modified_gmt":"2025-02-18T14:20:11","slug":"kannettavien-tietokoneiden-sailityskaappi-storit-sznl-4110-ral7035-7035-10-lle-tietokoneelle-viallinen","status":"publish","type":"product","link":"https:\/\/storitgroup.com\/fi\/tuote\/kannettavien-tietokoneiden-sailityskaappi-storit-sznl-4110-ral7035-7035-10-lle-tietokoneelle-viallinen\/","title":{"rendered":"Kannettavien tietokoneiden s\u00e4ilityskaappi Storit Sznl 4110, RAL7035\/7035, 10-lle tietokoneelle, VIALLINEN"},"content":{"rendered":"<p>Kannettavien tietokoneiden turvalliseen s\u00e4ilytykseen tarkoitettu kaappi on jauhemaalattu ja voit valita 16 perusv\u00e4rist\u00e4. Muut RAL-luettelon v\u00e4rit ovat saatavilla pient\u00e4 lis\u00e4maksua vastaan.<br \/>K\u00e4yt\u00e4nn\u00f6llinen ratkaisu laitoksille, joissa kannettavia tietokoneita k\u00e4ytet\u00e4\u00e4n p\u00e4ivitt\u00e4in, kuten koulut, kirjastot, yliopistot, konferenssikeskukset jne. <\/p>\n<p>10 lukittavaa laatikkoa 10 kannettavalle tietokoneelle<br\/<2 avainta jokaiseen laatikkoon <br \/>1-1,2 mm ter\u00e4slevyrunko<br \/>2 mm ter\u00e4slevyovet<br \/>Rei\u00e4t sivuille, jotta useita kaappeja voidaan kiinnitt\u00e4\u00e4 toisiinsa<br \/>5 vuoden takuu<\/p>\n","protected":false},"excerpt":{"rendered":"<p>Kannettavien tietokoneiden turvalliseen s\u00e4ilytykseen tarkoitettu kaappi on jauhemaalattu ja voit valita 16 perusv\u00e4rist\u00e4. Muut RAL-luettelon v\u00e4rit ovat saatavilla pient\u00e4 lis\u00e4maksua vastaan.<br \/>\nK\u00e4yt\u00e4nn\u00f6llinen ratkaisu laitoksille, joissa kannettavia tietokoneita k\u00e4ytet\u00e4\u00e4n p\u00e4ivitt\u00e4in, kuten koulut, kirjastot, yliopistot, konferenssikeskukset jne. <\/p>\n","protected":false},"featured_media":204712,"template":"","meta":{"_acf_changed":false},"product_brand":[],"product_cat":[7109],"product_tag":[],"class_list":{"0":"post-204708","1":"product","2":"type-product","3":"status-publish","4":"has-post-thumbnail","6":"product_room-toimisto","7":"product_room-koulut-ja-paivakodit","8":"product_cat-loytonurkkaus","10":"first","11":"instock","12":"sale","13":"taxable","14":"shipping-taxable","15":"purchasable","16":"product-type-simple"},"acf":[],"yoast_head":"<!-- This site is optimized with the Yoast SEO plugin v27.2 - https:\/\/yoast.com\/product\/yoast-seo-wordpress\/ -->\n<title>Kannettavien tietokoneiden s\u00e4ilityskaappi Storit Sznl 4110, RAL7035\/7035, 10-lle tietokoneelle, VIALLINEN &#8226; Storit<\/title>\n<meta name=\"description\" content=\"Kannettavien tietokoneiden s\u00e4ilityskaappi Storit Sznl 4110, RAL7035\/7035, 10-lle tietokoneelle, VIALLINEN \u2014 kohtuulliseen hintaan. Toimitukset kaikkialle Suomeen! \u261b Tutustu tuotteeseen ja tilaa k\u00e4tev\u00e4sti STORIT-verkkokaupasta!\" \/>\n<meta name=\"robots\" content=\"index, follow, max-snippet:-1, max-image-preview:large, max-video-preview:-1\" \/>\n<link rel=\"canonical\" href=\"https:\/\/storitgroup.com\/fi\/tuote\/kannettavien-tietokoneiden-sailityskaappi-storit-sznl-4110-ral7035-7035-10-lle-tietokoneelle-viallinen\/\" \/>\n<meta property=\"og:locale\" content=\"fi_FI\" \/>\n<meta property=\"og:type\" content=\"article\" \/>\n<meta property=\"og:title\" content=\"Kannettavien tietokoneiden s\u00e4ilityskaappi Storit Sznl 4110, RAL7035\/7035, 10-lle tietokoneelle, VIALLINEN &#8226; Storit\" \/>\n<meta property=\"og:description\" content=\"Kannettavien tietokoneiden s\u00e4ilityskaappi Storit Sznl 4110, RAL7035\/7035, 10-lle tietokoneelle, VIALLINEN \u2014 kohtuulliseen hintaan. Toimitukset kaikkialle Suomeen! \u261b Tutustu tuotteeseen ja tilaa k\u00e4tev\u00e4sti STORIT-verkkokaupasta!\" \/>\n<meta property=\"og:url\" content=\"https:\/\/storitgroup.com\/fi\/tuote\/kannettavien-tietokoneiden-sailityskaappi-storit-sznl-4110-ral7035-7035-10-lle-tietokoneelle-viallinen\/\" \/>\n<meta property=\"og:site_name\" content=\"Storit\" \/>\n<meta property=\"article:modified_time\" content=\"2025-02-18T14:20:11+00:00\" \/>\n<meta property=\"og:image\" content=\"https:\/\/storitgroup.com\/uploads\/2023\/03\/cccccc.jpg\" \/>\n\t<meta property=\"og:image:width\" content=\"534\" \/>\n\t<meta property=\"og:image:height\" content=\"1601\" \/>\n\t<meta property=\"og:image:type\" content=\"image\/jpeg\" \/>\n<meta name=\"twitter:card\" content=\"summary_large_image\" \/>\n<script type=\"application\/ld+json\" class=\"yoast-schema-graph\">{\"@context\":\"https:\/\/schema.org\",\"@graph\":[{\"@type\":[\"WebPage\",\"ItemPage\"],\"@id\":\"https:\/\/storitgroup.com\/fi\/tuote\/kannettavien-tietokoneiden-sailityskaappi-storit-sznl-4110-ral7035-7035-10-lle-tietokoneelle-viallinen\/\",\"url\":\"https:\/\/storitgroup.com\/fi\/tuote\/kannettavien-tietokoneiden-sailityskaappi-storit-sznl-4110-ral7035-7035-10-lle-tietokoneelle-viallinen\/\",\"name\":\"Kannettavien tietokoneiden s\u00e4ilityskaappi Storit Sznl 4110, RAL7035\/7035, 10-lle tietokoneelle, VIALLINEN &#8226; Storit\",\"isPartOf\":{\"@id\":\"https:\/\/storitgroup.com\/fi\/#website\"},\"primaryImageOfPage\":{\"@id\":\"https:\/\/storitgroup.com\/fi\/tuote\/kannettavien-tietokoneiden-sailityskaappi-storit-sznl-4110-ral7035-7035-10-lle-tietokoneelle-viallinen\/#primaryimage\"},\"image\":{\"@id\":\"https:\/\/storitgroup.com\/fi\/tuote\/kannettavien-tietokoneiden-sailityskaappi-storit-sznl-4110-ral7035-7035-10-lle-tietokoneelle-viallinen\/#primaryimage\"},\"thumbnailUrl\":\"https:\/\/storitgroup.com\/uploads\/2023\/03\/cccccc.jpg\",\"datePublished\":\"2023-03-07T08:35:08+00:00\",\"dateModified\":\"2025-02-18T14:20:11+00:00\",\"description\":\"Kannettavien tietokoneiden s\u00e4ilityskaappi Storit Sznl 4110, RAL7035\/7035, 10-lle tietokoneelle, VIALLINEN \u2014 kohtuulliseen hintaan. Toimitukset kaikkialle Suomeen! \u261b Tutustu tuotteeseen ja tilaa k\u00e4tev\u00e4sti STORIT-verkkokaupasta!\",\"breadcrumb\":{\"@id\":\"https:\/\/storitgroup.com\/fi\/tuote\/kannettavien-tietokoneiden-sailityskaappi-storit-sznl-4110-ral7035-7035-10-lle-tietokoneelle-viallinen\/#breadcrumb\"},\"inLanguage\":\"fi\",\"potentialAction\":[{\"@type\":\"ReadAction\",\"target\":[\"https:\/\/storitgroup.com\/fi\/tuote\/kannettavien-tietokoneiden-sailityskaappi-storit-sznl-4110-ral7035-7035-10-lle-tietokoneelle-viallinen\/\"]}]},{\"@type\":\"ImageObject\",\"inLanguage\":\"fi\",\"@id\":\"https:\/\/storitgroup.com\/fi\/tuote\/kannettavien-tietokoneiden-sailityskaappi-storit-sznl-4110-ral7035-7035-10-lle-tietokoneelle-viallinen\/#primaryimage\",\"url\":\"https:\/\/storitgroup.com\/uploads\/2023\/03\/cccccc.jpg\",\"contentUrl\":\"https:\/\/storitgroup.com\/uploads\/2023\/03\/cccccc.jpg\",\"width\":534,\"height\":1601},{\"@type\":\"BreadcrumbList\",\"@id\":\"https:\/\/storitgroup.com\/fi\/tuote\/kannettavien-tietokoneiden-sailityskaappi-storit-sznl-4110-ral7035-7035-10-lle-tietokoneelle-viallinen\/#breadcrumb\",\"itemListElement\":[{\"@type\":\"ListItem\",\"position\":1,\"name\":\"Kotisivu\",\"item\":\"https:\/\/storitgroup.com\/fi\/\"},{\"@type\":\"ListItem\",\"position\":2,\"name\":\"Tuotteet\",\"item\":\"https:\/\/storitgroup.com\/fi\/tuotteet\/\"},{\"@type\":\"ListItem\",\"position\":3,\"name\":\"L\u00f6yt\u00f6nurkkaus\",\"item\":\"https:\/\/storitgroup.com\/fi\/loytonurkkaus\/\"},{\"@type\":\"ListItem\",\"position\":4,\"name\":\"Kannettavien tietokoneiden s\u00e4ilityskaappi Storit Sznl 4110, RAL7035\/7035, 10-lle tietokoneelle, VIALLINEN\"}]},{\"@type\":\"WebSite\",\"@id\":\"https:\/\/storitgroup.com\/fi\/#website\",\"url\":\"https:\/\/storitgroup.com\/fi\/\",\"name\":\"Storit\",\"description\":\"\",\"potentialAction\":[{\"@type\":\"SearchAction\",\"target\":{\"@type\":\"EntryPoint\",\"urlTemplate\":\"https:\/\/storitgroup.com\/fi\/?s={search_term_string}\"},\"query-input\":{\"@type\":\"PropertyValueSpecification\",\"valueRequired\":true,\"valueName\":\"search_term_string\"}}],\"inLanguage\":\"fi\"}]}<\/script>\n<!-- \/ Yoast SEO plugin. -->","yoast_head_json":{"title":"Kannettavien tietokoneiden s\u00e4ilityskaappi Storit Sznl 4110, RAL7035\/7035, 10-lle tietokoneelle, VIALLINEN &#8226; Storit","description":"Kannettavien tietokoneiden s\u00e4ilityskaappi Storit Sznl 4110, RAL7035\/7035, 10-lle tietokoneelle, VIALLINEN \u2014 kohtuulliseen hintaan. Toimitukset kaikkialle Suomeen! \u261b Tutustu tuotteeseen ja tilaa k\u00e4tev\u00e4sti STORIT-verkkokaupasta!","robots":{"index":"index","follow":"follow","max-snippet":"max-snippet:-1","max-image-preview":"max-image-preview:large","max-video-preview":"max-video-preview:-1"},"canonical":"https:\/\/storitgroup.com\/fi\/tuote\/kannettavien-tietokoneiden-sailityskaappi-storit-sznl-4110-ral7035-7035-10-lle-tietokoneelle-viallinen\/","og_locale":"fi_FI","og_type":"article","og_title":"Kannettavien tietokoneiden s\u00e4ilityskaappi Storit Sznl 4110, RAL7035\/7035, 10-lle tietokoneelle, VIALLINEN &#8226; Storit","og_description":"Kannettavien tietokoneiden s\u00e4ilityskaappi Storit Sznl 4110, RAL7035\/7035, 10-lle tietokoneelle, VIALLINEN \u2014 kohtuulliseen hintaan. Toimitukset kaikkialle Suomeen! \u261b Tutustu tuotteeseen ja tilaa k\u00e4tev\u00e4sti STORIT-verkkokaupasta!","og_url":"https:\/\/storitgroup.com\/fi\/tuote\/kannettavien-tietokoneiden-sailityskaappi-storit-sznl-4110-ral7035-7035-10-lle-tietokoneelle-viallinen\/","og_site_name":"Storit","article_modified_time":"2025-02-18T14:20:11+00:00","og_image":[{"width":534,"height":1601,"url":"https:\/\/storitgroup.com\/uploads\/2023\/03\/cccccc.jpg","type":"image\/jpeg"}],"twitter_card":"summary_large_image","schema":{"@context":"https:\/\/schema.org","@graph":[{"@type":["WebPage","ItemPage"],"@id":"https:\/\/storitgroup.com\/fi\/tuote\/kannettavien-tietokoneiden-sailityskaappi-storit-sznl-4110-ral7035-7035-10-lle-tietokoneelle-viallinen\/","url":"https:\/\/storitgroup.com\/fi\/tuote\/kannettavien-tietokoneiden-sailityskaappi-storit-sznl-4110-ral7035-7035-10-lle-tietokoneelle-viallinen\/","name":"Kannettavien tietokoneiden s\u00e4ilityskaappi Storit Sznl 4110, RAL7035\/7035, 10-lle tietokoneelle, VIALLINEN &#8226; Storit","isPartOf":{"@id":"https:\/\/storitgroup.com\/fi\/#website"},"primaryImageOfPage":{"@id":"https:\/\/storitgroup.com\/fi\/tuote\/kannettavien-tietokoneiden-sailityskaappi-storit-sznl-4110-ral7035-7035-10-lle-tietokoneelle-viallinen\/#primaryimage"},"image":{"@id":"https:\/\/storitgroup.com\/fi\/tuote\/kannettavien-tietokoneiden-sailityskaappi-storit-sznl-4110-ral7035-7035-10-lle-tietokoneelle-viallinen\/#primaryimage"},"thumbnailUrl":"https:\/\/storitgroup.com\/uploads\/2023\/03\/cccccc.jpg","datePublished":"2023-03-07T08:35:08+00:00","dateModified":"2025-02-18T14:20:11+00:00","description":"Kannettavien tietokoneiden s\u00e4ilityskaappi Storit Sznl 4110, RAL7035\/7035, 10-lle tietokoneelle, VIALLINEN \u2014 kohtuulliseen hintaan. Toimitukset kaikkialle Suomeen! \u261b Tutustu tuotteeseen ja tilaa k\u00e4tev\u00e4sti STORIT-verkkokaupasta!","breadcrumb":{"@id":"https:\/\/storitgroup.com\/fi\/tuote\/kannettavien-tietokoneiden-sailityskaappi-storit-sznl-4110-ral7035-7035-10-lle-tietokoneelle-viallinen\/#breadcrumb"},"inLanguage":"fi","potentialAction":[{"@type":"ReadAction","target":["https:\/\/storitgroup.com\/fi\/tuote\/kannettavien-tietokoneiden-sailityskaappi-storit-sznl-4110-ral7035-7035-10-lle-tietokoneelle-viallinen\/"]}]},{"@type":"ImageObject","inLanguage":"fi","@id":"https:\/\/storitgroup.com\/fi\/tuote\/kannettavien-tietokoneiden-sailityskaappi-storit-sznl-4110-ral7035-7035-10-lle-tietokoneelle-viallinen\/#primaryimage","url":"https:\/\/storitgroup.com\/uploads\/2023\/03\/cccccc.jpg","contentUrl":"https:\/\/storitgroup.com\/uploads\/2023\/03\/cccccc.jpg","width":534,"height":1601},{"@type":"BreadcrumbList","@id":"https:\/\/storitgroup.com\/fi\/tuote\/kannettavien-tietokoneiden-sailityskaappi-storit-sznl-4110-ral7035-7035-10-lle-tietokoneelle-viallinen\/#breadcrumb","itemListElement":[{"@type":"ListItem","position":1,"name":"Kotisivu","item":"https:\/\/storitgroup.com\/fi\/"},{"@type":"ListItem","position":2,"name":"Tuotteet","item":"https:\/\/storitgroup.com\/fi\/tuotteet\/"},{"@type":"ListItem","position":3,"name":"L\u00f6yt\u00f6nurkkaus","item":"https:\/\/storitgroup.com\/fi\/loytonurkkaus\/"},{"@type":"ListItem","position":4,"name":"Kannettavien tietokoneiden s\u00e4ilityskaappi Storit Sznl 4110, RAL7035\/7035, 10-lle tietokoneelle, VIALLINEN"}]},{"@type":"WebSite","@id":"https:\/\/storitgroup.com\/fi\/#website","url":"https:\/\/storitgroup.com\/fi\/","name":"Storit","description":"","potentialAction":[{"@type":"SearchAction","target":{"@type":"EntryPoint","urlTemplate":"https:\/\/storitgroup.com\/fi\/?s={search_term_string}"},"query-input":{"@type":"PropertyValueSpecification","valueRequired":true,"valueName":"search_term_string"}}],"inLanguage":"fi"}]}},"_links":{"self":[{"href":"https:\/\/storitgroup.com\/fi\/wp-json\/wp\/v2\/product\/204708","targetHints":{"allow":["GET"]}}],"collection":[{"href":"https:\/\/storitgroup.com\/fi\/wp-json\/wp\/v2\/product"}],"about":[{"href":"https:\/\/storitgroup.com\/fi\/wp-json\/wp\/v2\/types\/product"}],"wp:featuredmedia":[{"embeddable":true,"href":"https:\/\/storitgroup.com\/fi\/wp-json\/wp\/v2\/media\/204712"}],"wp:attachment":[{"href":"https:\/\/storitgroup.com\/fi\/wp-json\/wp\/v2\/media?parent=204708"}],"wp:term":[{"taxonomy":"product_brand","embeddable":true,"href":"https:\/\/storitgroup.com\/fi\/wp-json\/wp\/v2\/product_brand?post=204708"},{"taxonomy":"product_cat","embeddable":true,"href":"https:\/\/storitgroup.com\/fi\/wp-json\/wp\/v2\/product_cat?post=204708"},{"taxonomy":"product_tag","embeddable":true,"href":"https:\/\/storitgroup.com\/fi\/wp-json\/wp\/v2\/product_tag?post=204708"}],"curies":[{"name":"wp","href":"https:\/\/api.w.org\/{rel}","templated":true}]}}