{"id":204115,"date":"2023-02-17T14:05:54","date_gmt":"2023-02-17T12:05:56","guid":{"rendered":"https:\/\/storitgroup.com\/?post_type=product&#038;p=204115"},"modified":"2024-11-25T15:03:08","modified_gmt":"2024-11-25T13:03:08","slug":"tyokalukaappi-seinalle-storit-szw122-800x1200x200-mm-ral6038-6038-2","status":"publish","type":"product","link":"https:\/\/storitgroup.com\/fi\/tuote\/tyokalukaappi-seinalle-storit-szw122-800x1200x200-mm-ral6038-6038-2\/","title":{"rendered":"Ty\u00f6kalukaappi sein\u00e4lle Storit Szw122 800x1200x200 mm, RAL6011\/6011"},"content":{"rendered":"<p>Ty\u00f6kalujen sein\u00e4kaappi on pulverimaalattu ja voit valita 16 perusv\u00e4rist\u00e4. Muut RAL-luettelon v\u00e4rit ovat saatavilla pient\u00e4 lis\u00e4maksua vastaan. <\/p>\n<p>Kaapin avulla voit pit\u00e4\u00e4 ty\u00f6ymp\u00e4rist\u00f6n siistin\u00e4 s\u00e4ilytt\u00e4m\u00e4ll\u00e4 erilaisia ty\u00f6kaluja ja tarvikkeita. Kaapin takasein\u00e4 ja ovien sis\u00e4puolet koostuu rei\u00b4itetyist\u00e4 paneeleista, yhden oven takana on 4 hylly\u00e4, pohjan alla on hylly. Kaapin mukana tulee ripustuskoukkuja ja pidikkeit\u00e4: <br \/>&#8211; 1 jakoavaimen pidike,<br \/>&#8211; 1 poranterien teline,<br \/>&#8211; 1 ruuvimeisseli teline,<br \/>&#8211; 1 taltta teline,<br \/>&#8211; 1 viilateline,<br \/>&#8211; 1 avoin ruuvimeisseli teline,<br \/>&#8211; 1 pidike yhdell\u00e4 rei\u00e4ll\u00e4,<br \/>&#8211; 1 pidike kahdella rei\u00e4ll\u00e4,<br \/>&#8211; 1 pidike soikealla aukolla,<br \/>&#8211; 2 galvanoitua ripustuskoukkua.<\/p>\n<p>Kaapin kaikki 3 ovea lukitaan erikseen ja niille tulee mukana 2 avainta.<\/p>\n<p>Sein\u00e4kaappi toimitetaan osissa ja se voidaan koota itse!<\/p>\n","protected":false},"excerpt":{"rendered":"<p>Ty\u00f6kalujen sein\u00e4kaappi on pulverimaalattu ja voit valita 16 perusv\u00e4rist\u00e4. Muut RAL-luettelon v\u00e4rit ovat saatavilla pient\u00e4 lis\u00e4maksua vastaan. <\/p>\n<p>Kaapin avulla voit pit\u00e4\u00e4 ty\u00f6ymp\u00e4rist\u00f6n siistin\u00e4 s\u00e4ilytt\u00e4m\u00e4ll\u00e4 erilaisia ty\u00f6kaluja ja tarvikkeita. Kaapin takasein\u00e4 ja ovien sis\u00e4puolet koostuu rei\u00b4itetyist\u00e4 paneeleista, yhden oven takana on 4 hylly\u00e4, pohjan alla on hylly. Kaapin mukana tulee ripustuskoukkuja ja pidikkeit\u00e4: <\/p>\n","protected":false},"featured_media":204195,"template":"","meta":{"_acf_changed":false},"product_brand":[],"product_cat":[7071],"product_tag":[],"class_list":{"0":"post-204115","1":"product","2":"type-product","3":"status-publish","4":"has-post-thumbnail","6":"product_room-teollisuus-ja-tuotanto-ergonomiset-tyopaikat-tyokaluvarasto","7":"product_room-kotiratkaisut","8":"product_room-kuljetus-ja-logistiikka","9":"product_room-kokoonpano-ja-keraily","10":"product_room-tyopaja-ja-autotalli","11":"product_cat-tyokalukaapit-ja-vaunut","13":"first","14":"onbackorder","15":"taxable","16":"shipping-taxable","17":"purchasable","18":"product-type-simple"},"acf":[],"yoast_head":"<!-- This site is optimized with the Yoast SEO plugin v27.2 - https:\/\/yoast.com\/product\/yoast-seo-wordpress\/ -->\n<title>Ty\u00f6kalukaappi sein\u00e4lle Storit Szw122 800x1200x200 mm, RAL6011\/6011 &#8226; Storit<\/title>\n<meta name=\"description\" content=\"Ty\u00f6kalukaappi sein\u00e4lle Storit Szw122 800x1200x200 mm, RAL6011\/6011 \u2014 kohtuulliseen hintaan. Toimitukset kaikkialle Suomeen! \u261b Tutustu tuotteeseen ja tilaa k\u00e4tev\u00e4sti STORIT-verkkokaupasta!\" \/>\n<meta name=\"robots\" content=\"index, follow, max-snippet:-1, max-image-preview:large, max-video-preview:-1\" \/>\n<link rel=\"canonical\" href=\"https:\/\/storitgroup.com\/fi\/tuote\/tyokalukaappi-seinalle-storit-szw122-800x1200x200-mm-ral6038-6038-2\/\" \/>\n<meta property=\"og:locale\" content=\"fi_FI\" \/>\n<meta property=\"og:type\" content=\"article\" \/>\n<meta property=\"og:title\" content=\"Ty\u00f6kalukaappi sein\u00e4lle Storit Szw122 800x1200x200 mm, RAL6011\/6011 &#8226; Storit\" \/>\n<meta property=\"og:description\" content=\"Ty\u00f6kalukaappi sein\u00e4lle Storit Szw122 800x1200x200 mm, RAL6011\/6011 \u2014 kohtuulliseen hintaan. Toimitukset kaikkialle Suomeen! \u261b Tutustu tuotteeseen ja tilaa k\u00e4tev\u00e4sti STORIT-verkkokaupasta!\" \/>\n<meta property=\"og:url\" content=\"https:\/\/storitgroup.com\/fi\/tuote\/tyokalukaappi-seinalle-storit-szw122-800x1200x200-mm-ral6038-6038-2\/\" \/>\n<meta property=\"og:site_name\" content=\"Storit\" \/>\n<meta property=\"article:modified_time\" content=\"2024-11-25T13:03:08+00:00\" \/>\n<meta name=\"twitter:card\" content=\"summary_large_image\" \/>\n<meta name=\"twitter:label1\" content=\"Arvioitu lukuaika\" \/>\n\t<meta name=\"twitter:data1\" content=\"1 minuutti\" \/>\n<script type=\"application\/ld+json\" class=\"yoast-schema-graph\">{\"@context\":\"https:\/\/schema.org\",\"@graph\":[{\"@type\":[\"WebPage\",\"ItemPage\"],\"@id\":\"https:\/\/storitgroup.com\/fi\/tuote\/tyokalukaappi-seinalle-storit-szw122-800x1200x200-mm-ral6038-6038-2\/\",\"url\":\"https:\/\/storitgroup.com\/fi\/tuote\/tyokalukaappi-seinalle-storit-szw122-800x1200x200-mm-ral6038-6038-2\/\",\"name\":\"Ty\u00f6kalukaappi sein\u00e4lle Storit Szw122 800x1200x200 mm, RAL6011\/6011 &#8226; Storit\",\"isPartOf\":{\"@id\":\"https:\/\/storitgroup.com\/fi\/#website\"},\"primaryImageOfPage\":{\"@id\":\"https:\/\/storitgroup.com\/fi\/tuote\/tyokalukaappi-seinalle-storit-szw122-800x1200x200-mm-ral6038-6038-2\/#primaryimage\"},\"image\":{\"@id\":\"https:\/\/storitgroup.com\/fi\/tuote\/tyokalukaappi-seinalle-storit-szw122-800x1200x200-mm-ral6038-6038-2\/#primaryimage\"},\"thumbnailUrl\":\"https:\/\/storitgroup.com\/uploads\/2023\/02\/28-szw122_6038-5.jpg\",\"datePublished\":\"2023-02-17T12:05:56+00:00\",\"dateModified\":\"2024-11-25T13:03:08+00:00\",\"description\":\"Ty\u00f6kalukaappi sein\u00e4lle Storit Szw122 800x1200x200 mm, RAL6011\/6011 \u2014 kohtuulliseen hintaan. Toimitukset kaikkialle Suomeen! \u261b Tutustu tuotteeseen ja tilaa k\u00e4tev\u00e4sti STORIT-verkkokaupasta!\",\"breadcrumb\":{\"@id\":\"https:\/\/storitgroup.com\/fi\/tuote\/tyokalukaappi-seinalle-storit-szw122-800x1200x200-mm-ral6038-6038-2\/#breadcrumb\"},\"inLanguage\":\"fi\",\"potentialAction\":[{\"@type\":\"ReadAction\",\"target\":[\"https:\/\/storitgroup.com\/fi\/tuote\/tyokalukaappi-seinalle-storit-szw122-800x1200x200-mm-ral6038-6038-2\/\"]}]},{\"@type\":\"ImageObject\",\"inLanguage\":\"fi\",\"@id\":\"https:\/\/storitgroup.com\/fi\/tuote\/tyokalukaappi-seinalle-storit-szw122-800x1200x200-mm-ral6038-6038-2\/#primaryimage\",\"url\":\"https:\/\/storitgroup.com\/uploads\/2023\/02\/28-szw122_6038-5.jpg\",\"contentUrl\":\"https:\/\/storitgroup.com\/uploads\/2023\/02\/28-szw122_6038-5.jpg\",\"width\":450,\"height\":511},{\"@type\":\"BreadcrumbList\",\"@id\":\"https:\/\/storitgroup.com\/fi\/tuote\/tyokalukaappi-seinalle-storit-szw122-800x1200x200-mm-ral6038-6038-2\/#breadcrumb\",\"itemListElement\":[{\"@type\":\"ListItem\",\"position\":1,\"name\":\"Kotisivu\",\"item\":\"https:\/\/storitgroup.com\/fi\/\"},{\"@type\":\"ListItem\",\"position\":2,\"name\":\"Tuotteet\",\"item\":\"https:\/\/storitgroup.com\/fi\/tuotteet\/\"},{\"@type\":\"ListItem\",\"position\":3,\"name\":\"Metallikaapit, pukukaapit\",\"item\":\"https:\/\/storitgroup.com\/fi\/metallikaapit-pukukaapit\/\"},{\"@type\":\"ListItem\",\"position\":4,\"name\":\"Ty\u00f6kalukaapit ja -vaunut\",\"item\":\"https:\/\/storitgroup.com\/fi\/metallikaapit-pukukaapit\/tyokalukaapit-ja-vaunut\/\"},{\"@type\":\"ListItem\",\"position\":5,\"name\":\"Ty\u00f6kalukaappi sein\u00e4lle Storit Szw122 800x1200x200 mm, RAL6011\/6011\"}]},{\"@type\":\"WebSite\",\"@id\":\"https:\/\/storitgroup.com\/fi\/#website\",\"url\":\"https:\/\/storitgroup.com\/fi\/\",\"name\":\"Storit\",\"description\":\"\",\"potentialAction\":[{\"@type\":\"SearchAction\",\"target\":{\"@type\":\"EntryPoint\",\"urlTemplate\":\"https:\/\/storitgroup.com\/fi\/?s={search_term_string}\"},\"query-input\":{\"@type\":\"PropertyValueSpecification\",\"valueRequired\":true,\"valueName\":\"search_term_string\"}}],\"inLanguage\":\"fi\"}]}<\/script>\n<!-- \/ Yoast SEO plugin. -->","yoast_head_json":{"title":"Ty\u00f6kalukaappi sein\u00e4lle Storit Szw122 800x1200x200 mm, RAL6011\/6011 &#8226; Storit","description":"Ty\u00f6kalukaappi sein\u00e4lle Storit Szw122 800x1200x200 mm, RAL6011\/6011 \u2014 kohtuulliseen hintaan. Toimitukset kaikkialle Suomeen! \u261b Tutustu tuotteeseen ja tilaa k\u00e4tev\u00e4sti STORIT-verkkokaupasta!","robots":{"index":"index","follow":"follow","max-snippet":"max-snippet:-1","max-image-preview":"max-image-preview:large","max-video-preview":"max-video-preview:-1"},"canonical":"https:\/\/storitgroup.com\/fi\/tuote\/tyokalukaappi-seinalle-storit-szw122-800x1200x200-mm-ral6038-6038-2\/","og_locale":"fi_FI","og_type":"article","og_title":"Ty\u00f6kalukaappi sein\u00e4lle Storit Szw122 800x1200x200 mm, RAL6011\/6011 &#8226; Storit","og_description":"Ty\u00f6kalukaappi sein\u00e4lle Storit Szw122 800x1200x200 mm, RAL6011\/6011 \u2014 kohtuulliseen hintaan. Toimitukset kaikkialle Suomeen! \u261b Tutustu tuotteeseen ja tilaa k\u00e4tev\u00e4sti STORIT-verkkokaupasta!","og_url":"https:\/\/storitgroup.com\/fi\/tuote\/tyokalukaappi-seinalle-storit-szw122-800x1200x200-mm-ral6038-6038-2\/","og_site_name":"Storit","article_modified_time":"2024-11-25T13:03:08+00:00","twitter_card":"summary_large_image","twitter_misc":{"Arvioitu lukuaika":"1 minuutti"},"schema":{"@context":"https:\/\/schema.org","@graph":[{"@type":["WebPage","ItemPage"],"@id":"https:\/\/storitgroup.com\/fi\/tuote\/tyokalukaappi-seinalle-storit-szw122-800x1200x200-mm-ral6038-6038-2\/","url":"https:\/\/storitgroup.com\/fi\/tuote\/tyokalukaappi-seinalle-storit-szw122-800x1200x200-mm-ral6038-6038-2\/","name":"Ty\u00f6kalukaappi sein\u00e4lle Storit Szw122 800x1200x200 mm, RAL6011\/6011 &#8226; Storit","isPartOf":{"@id":"https:\/\/storitgroup.com\/fi\/#website"},"primaryImageOfPage":{"@id":"https:\/\/storitgroup.com\/fi\/tuote\/tyokalukaappi-seinalle-storit-szw122-800x1200x200-mm-ral6038-6038-2\/#primaryimage"},"image":{"@id":"https:\/\/storitgroup.com\/fi\/tuote\/tyokalukaappi-seinalle-storit-szw122-800x1200x200-mm-ral6038-6038-2\/#primaryimage"},"thumbnailUrl":"https:\/\/storitgroup.com\/uploads\/2023\/02\/28-szw122_6038-5.jpg","datePublished":"2023-02-17T12:05:56+00:00","dateModified":"2024-11-25T13:03:08+00:00","description":"Ty\u00f6kalukaappi sein\u00e4lle Storit Szw122 800x1200x200 mm, RAL6011\/6011 \u2014 kohtuulliseen hintaan. Toimitukset kaikkialle Suomeen! \u261b Tutustu tuotteeseen ja tilaa k\u00e4tev\u00e4sti STORIT-verkkokaupasta!","breadcrumb":{"@id":"https:\/\/storitgroup.com\/fi\/tuote\/tyokalukaappi-seinalle-storit-szw122-800x1200x200-mm-ral6038-6038-2\/#breadcrumb"},"inLanguage":"fi","potentialAction":[{"@type":"ReadAction","target":["https:\/\/storitgroup.com\/fi\/tuote\/tyokalukaappi-seinalle-storit-szw122-800x1200x200-mm-ral6038-6038-2\/"]}]},{"@type":"ImageObject","inLanguage":"fi","@id":"https:\/\/storitgroup.com\/fi\/tuote\/tyokalukaappi-seinalle-storit-szw122-800x1200x200-mm-ral6038-6038-2\/#primaryimage","url":"https:\/\/storitgroup.com\/uploads\/2023\/02\/28-szw122_6038-5.jpg","contentUrl":"https:\/\/storitgroup.com\/uploads\/2023\/02\/28-szw122_6038-5.jpg","width":450,"height":511},{"@type":"BreadcrumbList","@id":"https:\/\/storitgroup.com\/fi\/tuote\/tyokalukaappi-seinalle-storit-szw122-800x1200x200-mm-ral6038-6038-2\/#breadcrumb","itemListElement":[{"@type":"ListItem","position":1,"name":"Kotisivu","item":"https:\/\/storitgroup.com\/fi\/"},{"@type":"ListItem","position":2,"name":"Tuotteet","item":"https:\/\/storitgroup.com\/fi\/tuotteet\/"},{"@type":"ListItem","position":3,"name":"Metallikaapit, pukukaapit","item":"https:\/\/storitgroup.com\/fi\/metallikaapit-pukukaapit\/"},{"@type":"ListItem","position":4,"name":"Ty\u00f6kalukaapit ja -vaunut","item":"https:\/\/storitgroup.com\/fi\/metallikaapit-pukukaapit\/tyokalukaapit-ja-vaunut\/"},{"@type":"ListItem","position":5,"name":"Ty\u00f6kalukaappi sein\u00e4lle Storit Szw122 800x1200x200 mm, RAL6011\/6011"}]},{"@type":"WebSite","@id":"https:\/\/storitgroup.com\/fi\/#website","url":"https:\/\/storitgroup.com\/fi\/","name":"Storit","description":"","potentialAction":[{"@type":"SearchAction","target":{"@type":"EntryPoint","urlTemplate":"https:\/\/storitgroup.com\/fi\/?s={search_term_string}"},"query-input":{"@type":"PropertyValueSpecification","valueRequired":true,"valueName":"search_term_string"}}],"inLanguage":"fi"}]}},"_links":{"self":[{"href":"https:\/\/storitgroup.com\/fi\/wp-json\/wp\/v2\/product\/204115","targetHints":{"allow":["GET"]}}],"collection":[{"href":"https:\/\/storitgroup.com\/fi\/wp-json\/wp\/v2\/product"}],"about":[{"href":"https:\/\/storitgroup.com\/fi\/wp-json\/wp\/v2\/types\/product"}],"wp:featuredmedia":[{"embeddable":true,"href":"https:\/\/storitgroup.com\/fi\/wp-json\/wp\/v2\/media\/204195"}],"wp:attachment":[{"href":"https:\/\/storitgroup.com\/fi\/wp-json\/wp\/v2\/media?parent=204115"}],"wp:term":[{"taxonomy":"product_brand","embeddable":true,"href":"https:\/\/storitgroup.com\/fi\/wp-json\/wp\/v2\/product_brand?post=204115"},{"taxonomy":"product_cat","embeddable":true,"href":"https:\/\/storitgroup.com\/fi\/wp-json\/wp\/v2\/product_cat?post=204115"},{"taxonomy":"product_tag","embeddable":true,"href":"https:\/\/storitgroup.com\/fi\/wp-json\/wp\/v2\/product_tag?post=204115"}],"curies":[{"name":"wp","href":"https:\/\/api.w.org\/{rel}","templated":true}]}}