{"id":203979,"date":"2023-02-10T09:30:53","date_gmt":"2023-02-10T07:30:56","guid":{"rendered":"https:\/\/storitgroup.com\/?post_type=product&#038;p=203979"},"modified":"2024-11-25T15:11:06","modified_gmt":"2024-11-25T13:11:06","slug":"tietotasku-lavakaulukseen-a4","status":"publish","type":"product","link":"https:\/\/storitgroup.com\/fi\/tuote\/tietotasku-lavakaulukseen-a4\/","title":{"rendered":"Tietotasku lavakaulukseen A4"},"content":{"rendered":"<p>Muovitasku kuormalavan korotettavalle kaulukselle.<br \/>Takapuoli sinist\u00e4, vahvempaa muovia.<br \/>Etupuoli on l\u00e4pin\u00e4kyv\u00e4 kalvo, joka suojaa etikettia likaantumiselta.<\/p>\n","protected":false},"excerpt":{"rendered":"<p>Muovitasku kuormalavan korotettavalle kaulukselle.<br \/>\nTakapuoli sinist\u00e4, vahvempaa muovia.<br \/>\nEtupuoli on l\u00e4pin\u00e4kyv\u00e4 kalvo, joka suojaa etikettia likaantumiselta.<\/p>\n","protected":false},"featured_media":204100,"template":"","meta":{"_acf_changed":false},"product_brand":[],"product_cat":[7103],"product_tag":[],"class_list":{"0":"post-203979","1":"product","2":"type-product","3":"status-publish","4":"has-post-thumbnail","6":"product_room-tyopaja-ja-autotalli","7":"product_room-teollisuus-ja-tuotanto-ergonomiset-tyopaikat-tyokaluvarasto","8":"product_room-kotiratkaisut","9":"product_room-kuljetus-ja-logistiikka","10":"product_cat-kuormalavat-lavankaulukset-lavojen-jakajat","12":"first","13":"instock","14":"taxable","15":"shipping-taxable","16":"purchasable","17":"product-type-simple"},"acf":[],"yoast_head":"<!-- This site is optimized with the Yoast SEO plugin v27.3 - https:\/\/yoast.com\/product\/yoast-seo-wordpress\/ -->\n<title>Tietotasku lavakaulukseen A4 &#8226; Storit<\/title>\n<meta name=\"description\" content=\"Tietotasku lavakaulukseen A4 \u2014 kohtuulliseen hintaan. Toimitukset kaikkialle Suomeen! \u261b Tutustu tuotteeseen ja tilaa k\u00e4tev\u00e4sti STORIT-verkkokaupasta!\" \/>\n<meta name=\"robots\" content=\"index, follow, max-snippet:-1, max-image-preview:large, max-video-preview:-1\" \/>\n<link rel=\"canonical\" href=\"https:\/\/storitgroup.com\/fi\/tuote\/tietotasku-lavakaulukseen-a4\/\" \/>\n<meta property=\"og:locale\" content=\"fi_FI\" \/>\n<meta property=\"og:type\" content=\"article\" \/>\n<meta property=\"og:title\" content=\"Tietotasku lavakaulukseen A4 &#8226; Storit\" \/>\n<meta property=\"og:description\" content=\"Tietotasku lavakaulukseen A4 \u2014 kohtuulliseen hintaan. Toimitukset kaikkialle Suomeen! \u261b Tutustu tuotteeseen ja tilaa k\u00e4tev\u00e4sti STORIT-verkkokaupasta!\" \/>\n<meta property=\"og:url\" content=\"https:\/\/storitgroup.com\/fi\/tuote\/tietotasku-lavakaulukseen-a4\/\" \/>\n<meta property=\"og:site_name\" content=\"Storit\" \/>\n<meta property=\"article:modified_time\" content=\"2024-11-25T13:11:06+00:00\" \/>\n<meta name=\"twitter:card\" content=\"summary_large_image\" \/>\n<script type=\"application\/ld+json\" class=\"yoast-schema-graph\">{\"@context\":\"https:\\\/\\\/schema.org\",\"@graph\":[{\"@type\":[\"WebPage\",\"ItemPage\"],\"@id\":\"https:\\\/\\\/storitgroup.com\\\/fi\\\/tuote\\\/tietotasku-lavakaulukseen-a4\\\/\",\"url\":\"https:\\\/\\\/storitgroup.com\\\/fi\\\/tuote\\\/tietotasku-lavakaulukseen-a4\\\/\",\"name\":\"Tietotasku lavakaulukseen A4 &#8226; Storit\",\"isPartOf\":{\"@id\":\"https:\\\/\\\/storitgroup.com\\\/fi\\\/#website\"},\"primaryImageOfPage\":{\"@id\":\"https:\\\/\\\/storitgroup.com\\\/fi\\\/tuote\\\/tietotasku-lavakaulukseen-a4\\\/#primaryimage\"},\"image\":{\"@id\":\"https:\\\/\\\/storitgroup.com\\\/fi\\\/tuote\\\/tietotasku-lavakaulukseen-a4\\\/#primaryimage\"},\"thumbnailUrl\":\"https:\\\/\\\/storitgroup.com\\\/uploads\\\/2023\\\/02\\\/1-tasku_prolexplast_a4-2-copy.jpg\",\"datePublished\":\"2023-02-10T07:30:56+00:00\",\"dateModified\":\"2024-11-25T13:11:06+00:00\",\"description\":\"Tietotasku lavakaulukseen A4 \u2014 kohtuulliseen hintaan. Toimitukset kaikkialle Suomeen! \u261b Tutustu tuotteeseen ja tilaa k\u00e4tev\u00e4sti STORIT-verkkokaupasta!\",\"breadcrumb\":{\"@id\":\"https:\\\/\\\/storitgroup.com\\\/fi\\\/tuote\\\/tietotasku-lavakaulukseen-a4\\\/#breadcrumb\"},\"inLanguage\":\"fi\",\"potentialAction\":[{\"@type\":\"ReadAction\",\"target\":[\"https:\\\/\\\/storitgroup.com\\\/fi\\\/tuote\\\/tietotasku-lavakaulukseen-a4\\\/\"]}]},{\"@type\":\"ImageObject\",\"inLanguage\":\"fi\",\"@id\":\"https:\\\/\\\/storitgroup.com\\\/fi\\\/tuote\\\/tietotasku-lavakaulukseen-a4\\\/#primaryimage\",\"url\":\"https:\\\/\\\/storitgroup.com\\\/uploads\\\/2023\\\/02\\\/1-tasku_prolexplast_a4-2-copy.jpg\",\"contentUrl\":\"https:\\\/\\\/storitgroup.com\\\/uploads\\\/2023\\\/02\\\/1-tasku_prolexplast_a4-2-copy.jpg\",\"width\":598,\"height\":540},{\"@type\":\"BreadcrumbList\",\"@id\":\"https:\\\/\\\/storitgroup.com\\\/fi\\\/tuote\\\/tietotasku-lavakaulukseen-a4\\\/#breadcrumb\",\"itemListElement\":[{\"@type\":\"ListItem\",\"position\":1,\"name\":\"Kotisivu\",\"item\":\"https:\\\/\\\/storitgroup.com\\\/fi\\\/\"},{\"@type\":\"ListItem\",\"position\":2,\"name\":\"Tuotteet\",\"item\":\"https:\\\/\\\/storitgroup.com\\\/fi\\\/tuotteet\\\/\"},{\"@type\":\"ListItem\",\"position\":3,\"name\":\"Ty\u00f6p\u00f6yd\u00e4t: STORIT\",\"item\":\"https:\\\/\\\/storitgroup.com\\\/fi\\\/poydat-tuolit-tyokaluvarasto\\\/tyopoydat\\\/tyopoydat-storit-tyopoydat\\\/\"},{\"@type\":\"ListItem\",\"position\":4,\"name\":\"Kuormalavat, lavankaulukset, lavojen jakajat\",\"item\":\"https:\\\/\\\/storitgroup.com\\\/fi\\\/kuormalavat-pakkaus\\\/kuormalavat-lavankaulukset-lavojen-jakajat\\\/\"},{\"@type\":\"ListItem\",\"position\":5,\"name\":\"Tietotasku lavakaulukseen A4\"}]},{\"@type\":\"WebSite\",\"@id\":\"https:\\\/\\\/storitgroup.com\\\/fi\\\/#website\",\"url\":\"https:\\\/\\\/storitgroup.com\\\/fi\\\/\",\"name\":\"Storit\",\"description\":\"\",\"potentialAction\":[{\"@type\":\"SearchAction\",\"target\":{\"@type\":\"EntryPoint\",\"urlTemplate\":\"https:\\\/\\\/storitgroup.com\\\/fi\\\/?s={search_term_string}\"},\"query-input\":{\"@type\":\"PropertyValueSpecification\",\"valueRequired\":true,\"valueName\":\"search_term_string\"}}],\"inLanguage\":\"fi\"}]}<\/script>\n<!-- \/ Yoast SEO plugin. -->","yoast_head_json":{"title":"Tietotasku lavakaulukseen A4 &#8226; Storit","description":"Tietotasku lavakaulukseen A4 \u2014 kohtuulliseen hintaan. Toimitukset kaikkialle Suomeen! \u261b Tutustu tuotteeseen ja tilaa k\u00e4tev\u00e4sti STORIT-verkkokaupasta!","robots":{"index":"index","follow":"follow","max-snippet":"max-snippet:-1","max-image-preview":"max-image-preview:large","max-video-preview":"max-video-preview:-1"},"canonical":"https:\/\/storitgroup.com\/fi\/tuote\/tietotasku-lavakaulukseen-a4\/","og_locale":"fi_FI","og_type":"article","og_title":"Tietotasku lavakaulukseen A4 &#8226; Storit","og_description":"Tietotasku lavakaulukseen A4 \u2014 kohtuulliseen hintaan. Toimitukset kaikkialle Suomeen! \u261b Tutustu tuotteeseen ja tilaa k\u00e4tev\u00e4sti STORIT-verkkokaupasta!","og_url":"https:\/\/storitgroup.com\/fi\/tuote\/tietotasku-lavakaulukseen-a4\/","og_site_name":"Storit","article_modified_time":"2024-11-25T13:11:06+00:00","twitter_card":"summary_large_image","schema":{"@context":"https:\/\/schema.org","@graph":[{"@type":["WebPage","ItemPage"],"@id":"https:\/\/storitgroup.com\/fi\/tuote\/tietotasku-lavakaulukseen-a4\/","url":"https:\/\/storitgroup.com\/fi\/tuote\/tietotasku-lavakaulukseen-a4\/","name":"Tietotasku lavakaulukseen A4 &#8226; Storit","isPartOf":{"@id":"https:\/\/storitgroup.com\/fi\/#website"},"primaryImageOfPage":{"@id":"https:\/\/storitgroup.com\/fi\/tuote\/tietotasku-lavakaulukseen-a4\/#primaryimage"},"image":{"@id":"https:\/\/storitgroup.com\/fi\/tuote\/tietotasku-lavakaulukseen-a4\/#primaryimage"},"thumbnailUrl":"https:\/\/storitgroup.com\/uploads\/2023\/02\/1-tasku_prolexplast_a4-2-copy.jpg","datePublished":"2023-02-10T07:30:56+00:00","dateModified":"2024-11-25T13:11:06+00:00","description":"Tietotasku lavakaulukseen A4 \u2014 kohtuulliseen hintaan. Toimitukset kaikkialle Suomeen! \u261b Tutustu tuotteeseen ja tilaa k\u00e4tev\u00e4sti STORIT-verkkokaupasta!","breadcrumb":{"@id":"https:\/\/storitgroup.com\/fi\/tuote\/tietotasku-lavakaulukseen-a4\/#breadcrumb"},"inLanguage":"fi","potentialAction":[{"@type":"ReadAction","target":["https:\/\/storitgroup.com\/fi\/tuote\/tietotasku-lavakaulukseen-a4\/"]}]},{"@type":"ImageObject","inLanguage":"fi","@id":"https:\/\/storitgroup.com\/fi\/tuote\/tietotasku-lavakaulukseen-a4\/#primaryimage","url":"https:\/\/storitgroup.com\/uploads\/2023\/02\/1-tasku_prolexplast_a4-2-copy.jpg","contentUrl":"https:\/\/storitgroup.com\/uploads\/2023\/02\/1-tasku_prolexplast_a4-2-copy.jpg","width":598,"height":540},{"@type":"BreadcrumbList","@id":"https:\/\/storitgroup.com\/fi\/tuote\/tietotasku-lavakaulukseen-a4\/#breadcrumb","itemListElement":[{"@type":"ListItem","position":1,"name":"Kotisivu","item":"https:\/\/storitgroup.com\/fi\/"},{"@type":"ListItem","position":2,"name":"Tuotteet","item":"https:\/\/storitgroup.com\/fi\/tuotteet\/"},{"@type":"ListItem","position":3,"name":"Ty\u00f6p\u00f6yd\u00e4t: STORIT","item":"https:\/\/storitgroup.com\/fi\/poydat-tuolit-tyokaluvarasto\/tyopoydat\/tyopoydat-storit-tyopoydat\/"},{"@type":"ListItem","position":4,"name":"Kuormalavat, lavankaulukset, lavojen jakajat","item":"https:\/\/storitgroup.com\/fi\/kuormalavat-pakkaus\/kuormalavat-lavankaulukset-lavojen-jakajat\/"},{"@type":"ListItem","position":5,"name":"Tietotasku lavakaulukseen A4"}]},{"@type":"WebSite","@id":"https:\/\/storitgroup.com\/fi\/#website","url":"https:\/\/storitgroup.com\/fi\/","name":"Storit","description":"","potentialAction":[{"@type":"SearchAction","target":{"@type":"EntryPoint","urlTemplate":"https:\/\/storitgroup.com\/fi\/?s={search_term_string}"},"query-input":{"@type":"PropertyValueSpecification","valueRequired":true,"valueName":"search_term_string"}}],"inLanguage":"fi"}]}},"_links":{"self":[{"href":"https:\/\/storitgroup.com\/fi\/wp-json\/wp\/v2\/product\/203979","targetHints":{"allow":["GET"]}}],"collection":[{"href":"https:\/\/storitgroup.com\/fi\/wp-json\/wp\/v2\/product"}],"about":[{"href":"https:\/\/storitgroup.com\/fi\/wp-json\/wp\/v2\/types\/product"}],"wp:featuredmedia":[{"embeddable":true,"href":"https:\/\/storitgroup.com\/fi\/wp-json\/wp\/v2\/media\/204100"}],"wp:attachment":[{"href":"https:\/\/storitgroup.com\/fi\/wp-json\/wp\/v2\/media?parent=203979"}],"wp:term":[{"taxonomy":"product_brand","embeddable":true,"href":"https:\/\/storitgroup.com\/fi\/wp-json\/wp\/v2\/product_brand?post=203979"},{"taxonomy":"product_cat","embeddable":true,"href":"https:\/\/storitgroup.com\/fi\/wp-json\/wp\/v2\/product_cat?post=203979"},{"taxonomy":"product_tag","embeddable":true,"href":"https:\/\/storitgroup.com\/fi\/wp-json\/wp\/v2\/product_tag?post=203979"}],"curies":[{"name":"wp","href":"https:\/\/api.w.org\/{rel}","templated":true}]}}