{"id":203778,"date":"2023-01-26T12:55:16","date_gmt":"2023-01-26T10:55:21","guid":{"rendered":"https:\/\/storitgroup.com\/?post_type=product&#038;p=203778"},"modified":"2024-11-20T17:15:28","modified_gmt":"2024-11-20T15:15:28","slug":"kuljetuslaatikko-600x400x225-mm-sininen","status":"publish","type":"product","link":"https:\/\/storitgroup.com\/fi\/tuote\/kuljetuslaatikko-600x400x225-mm-sininen\/","title":{"rendered":"Kuljetuslaatikko UniBox 400x300x165 mm, sininen"},"content":{"rendered":"<p>Unibox-laatikot ovat monipuolisia. Niiden sile\u00e4t sein\u00e4t ja pohja tekev\u00e4t niist\u00e4 sopivia elintarvike- ja l\u00e4\u00e4keteollisuuden k\u00e4ytt\u00f6\u00f6n. Niiden suunnittelu mahdollistaa Unibox-laatikoiden k\u00e4yt\u00f6n raskaampien tuotteiden s\u00e4ilytykseen ja teolliseen k\u00e4ytt\u00f6\u00f6n. Vahvat kahvat helpottavat k\u00e4sittely\u00e4. <\/p>\n<p>L\u00e4mp\u00f6tilankesto: -10\u00b0C &#8211; +40\u00b0C. <br \/>Sis\u00e4mitat: 358x258x153 mm.<\/p>\n","protected":false},"excerpt":{"rendered":"<p>Unibox-laatikot ovat monipuolisia. Niiden sile\u00e4t sein\u00e4t ja pohja tekev\u00e4t niist\u00e4 sopivia elintarvike- ja l\u00e4\u00e4keteollisuuden k\u00e4ytt\u00f6\u00f6n. Niiden suunnittelu mahdollistaa Unibox-laatikoiden k\u00e4yt\u00f6n raskaampien tuotteiden s\u00e4ilytykseen ja teolliseen k\u00e4ytt\u00f6\u00f6n. Vahvat kahvat helpottavat k\u00e4sittely\u00e4. <\/p>\n<p>L\u00e4mp\u00f6tilankesto: -10\u00b0C &#8211; +40\u00b0C. <\/p>\n","protected":false},"featured_media":212145,"template":"","meta":{"_acf_changed":false},"product_brand":[],"product_cat":[7102],"product_tag":[],"class_list":{"0":"post-203778","1":"product","2":"type-product","3":"status-publish","4":"has-post-thumbnail","6":"product_room-ruuan-kasittely","7":"product_room-kaupankaynti-ja-myymalat","8":"product_room-iso-varasto","9":"product_room-pieni-varasto","10":"product_room-kotiratkaisut","11":"product_cat-muovilaatikot-muovisailiot","13":"first","14":"instock","15":"taxable","16":"shipping-taxable","17":"purchasable","18":"product-type-simple"},"acf":[],"yoast_head":"<!-- This site is optimized with the Yoast SEO plugin v27.4 - https:\/\/yoast.com\/product\/yoast-seo-wordpress\/ -->\n<title>Kuljetuslaatikko UniBox 400x300x165 mm, sininen &#8226; Storit<\/title>\n<meta name=\"description\" content=\"Kuljetuslaatikko UniBox 400x300x165 mm, sininen \u2014 kohtuulliseen hintaan. Toimitukset kaikkialle Suomeen! \u261b Tutustu tuotteeseen ja tilaa k\u00e4tev\u00e4sti STORIT-verkkokaupasta!\" \/>\n<meta name=\"robots\" content=\"index, follow, max-snippet:-1, max-image-preview:large, max-video-preview:-1\" \/>\n<link rel=\"canonical\" href=\"https:\/\/storitgroup.com\/fi\/tuote\/kuljetuslaatikko-600x400x225-mm-sininen\/\" \/>\n<meta property=\"og:locale\" content=\"fi_FI\" \/>\n<meta property=\"og:type\" content=\"article\" \/>\n<meta property=\"og:title\" content=\"Kuljetuslaatikko UniBox 400x300x165 mm, sininen &#8226; Storit\" \/>\n<meta property=\"og:description\" content=\"Kuljetuslaatikko UniBox 400x300x165 mm, sininen \u2014 kohtuulliseen hintaan. Toimitukset kaikkialle Suomeen! \u261b Tutustu tuotteeseen ja tilaa k\u00e4tev\u00e4sti STORIT-verkkokaupasta!\" \/>\n<meta property=\"og:url\" content=\"https:\/\/storitgroup.com\/fi\/tuote\/kuljetuslaatikko-600x400x225-mm-sininen\/\" \/>\n<meta property=\"og:site_name\" content=\"Storit\" \/>\n<meta property=\"article:modified_time\" content=\"2024-11-20T15:15:28+00:00\" \/>\n<meta property=\"og:image\" content=\"https:\/\/storitgroup.com\/uploads\/2023\/01\/12.-7903.jpg\" \/>\n\t<meta property=\"og:image:width\" content=\"601\" \/>\n\t<meta property=\"og:image:height\" content=\"450\" \/>\n\t<meta property=\"og:image:type\" content=\"image\/jpeg\" \/>\n<meta name=\"twitter:card\" content=\"summary_large_image\" \/>\n<script type=\"application\/ld+json\" class=\"yoast-schema-graph\">{\"@context\":\"https:\\\/\\\/schema.org\",\"@graph\":[{\"@type\":[\"WebPage\",\"ItemPage\"],\"@id\":\"https:\\\/\\\/storitgroup.com\\\/fi\\\/tuote\\\/kuljetuslaatikko-600x400x225-mm-sininen\\\/\",\"url\":\"https:\\\/\\\/storitgroup.com\\\/fi\\\/tuote\\\/kuljetuslaatikko-600x400x225-mm-sininen\\\/\",\"name\":\"Kuljetuslaatikko UniBox 400x300x165 mm, sininen &#8226; Storit\",\"isPartOf\":{\"@id\":\"https:\\\/\\\/storitgroup.com\\\/fi\\\/#website\"},\"primaryImageOfPage\":{\"@id\":\"https:\\\/\\\/storitgroup.com\\\/fi\\\/tuote\\\/kuljetuslaatikko-600x400x225-mm-sininen\\\/#primaryimage\"},\"image\":{\"@id\":\"https:\\\/\\\/storitgroup.com\\\/fi\\\/tuote\\\/kuljetuslaatikko-600x400x225-mm-sininen\\\/#primaryimage\"},\"thumbnailUrl\":\"https:\\\/\\\/storitgroup.com\\\/uploads\\\/2023\\\/01\\\/12.-7903.jpg\",\"datePublished\":\"2023-01-26T10:55:21+00:00\",\"dateModified\":\"2024-11-20T15:15:28+00:00\",\"description\":\"Kuljetuslaatikko UniBox 400x300x165 mm, sininen \u2014 kohtuulliseen hintaan. Toimitukset kaikkialle Suomeen! \u261b Tutustu tuotteeseen ja tilaa k\u00e4tev\u00e4sti STORIT-verkkokaupasta!\",\"breadcrumb\":{\"@id\":\"https:\\\/\\\/storitgroup.com\\\/fi\\\/tuote\\\/kuljetuslaatikko-600x400x225-mm-sininen\\\/#breadcrumb\"},\"inLanguage\":\"fi\",\"potentialAction\":[{\"@type\":\"ReadAction\",\"target\":[\"https:\\\/\\\/storitgroup.com\\\/fi\\\/tuote\\\/kuljetuslaatikko-600x400x225-mm-sininen\\\/\"]}]},{\"@type\":\"ImageObject\",\"inLanguage\":\"fi\",\"@id\":\"https:\\\/\\\/storitgroup.com\\\/fi\\\/tuote\\\/kuljetuslaatikko-600x400x225-mm-sininen\\\/#primaryimage\",\"url\":\"https:\\\/\\\/storitgroup.com\\\/uploads\\\/2023\\\/01\\\/12.-7903.jpg\",\"contentUrl\":\"https:\\\/\\\/storitgroup.com\\\/uploads\\\/2023\\\/01\\\/12.-7903.jpg\",\"width\":601,\"height\":450},{\"@type\":\"BreadcrumbList\",\"@id\":\"https:\\\/\\\/storitgroup.com\\\/fi\\\/tuote\\\/kuljetuslaatikko-600x400x225-mm-sininen\\\/#breadcrumb\",\"itemListElement\":[{\"@type\":\"ListItem\",\"position\":1,\"name\":\"Kotisivu\",\"item\":\"https:\\\/\\\/storitgroup.com\\\/fi\\\/\"},{\"@type\":\"ListItem\",\"position\":2,\"name\":\"Tuotteet\",\"item\":\"https:\\\/\\\/storitgroup.com\\\/fi\\\/tuotteet\\\/\"},{\"@type\":\"ListItem\",\"position\":3,\"name\":\"Varastolaatikot, s\u00e4ilytyslaatikot\",\"item\":\"https:\\\/\\\/storitgroup.com\\\/fi\\\/tuotteet\\\/varastolaatikot-sailytyslaatikot\\\/\"},{\"@type\":\"ListItem\",\"position\":4,\"name\":\"Muovilaatikot, muovis\u00e4ili\u00f6t\",\"item\":\"https:\\\/\\\/storitgroup.com\\\/fi\\\/tuotteet\\\/varastolaatikot-sailytyslaatikot\\\/muovilaatikot-muovisailiot\\\/\"},{\"@type\":\"ListItem\",\"position\":5,\"name\":\"Kuljetuslaatikko UniBox 400x300x165 mm, sininen\"}]},{\"@type\":\"WebSite\",\"@id\":\"https:\\\/\\\/storitgroup.com\\\/fi\\\/#website\",\"url\":\"https:\\\/\\\/storitgroup.com\\\/fi\\\/\",\"name\":\"Storit\",\"description\":\"\",\"potentialAction\":[{\"@type\":\"SearchAction\",\"target\":{\"@type\":\"EntryPoint\",\"urlTemplate\":\"https:\\\/\\\/storitgroup.com\\\/fi\\\/?s={search_term_string}\"},\"query-input\":{\"@type\":\"PropertyValueSpecification\",\"valueRequired\":true,\"valueName\":\"search_term_string\"}}],\"inLanguage\":\"fi\"}]}<\/script>\n<!-- \/ Yoast SEO plugin. -->","yoast_head_json":{"title":"Kuljetuslaatikko UniBox 400x300x165 mm, sininen &#8226; Storit","description":"Kuljetuslaatikko UniBox 400x300x165 mm, sininen \u2014 kohtuulliseen hintaan. Toimitukset kaikkialle Suomeen! \u261b Tutustu tuotteeseen ja tilaa k\u00e4tev\u00e4sti STORIT-verkkokaupasta!","robots":{"index":"index","follow":"follow","max-snippet":"max-snippet:-1","max-image-preview":"max-image-preview:large","max-video-preview":"max-video-preview:-1"},"canonical":"https:\/\/storitgroup.com\/fi\/tuote\/kuljetuslaatikko-600x400x225-mm-sininen\/","og_locale":"fi_FI","og_type":"article","og_title":"Kuljetuslaatikko UniBox 400x300x165 mm, sininen &#8226; Storit","og_description":"Kuljetuslaatikko UniBox 400x300x165 mm, sininen \u2014 kohtuulliseen hintaan. Toimitukset kaikkialle Suomeen! \u261b Tutustu tuotteeseen ja tilaa k\u00e4tev\u00e4sti STORIT-verkkokaupasta!","og_url":"https:\/\/storitgroup.com\/fi\/tuote\/kuljetuslaatikko-600x400x225-mm-sininen\/","og_site_name":"Storit","article_modified_time":"2024-11-20T15:15:28+00:00","og_image":[{"width":601,"height":450,"url":"https:\/\/storitgroup.com\/uploads\/2023\/01\/12.-7903.jpg","type":"image\/jpeg"}],"twitter_card":"summary_large_image","schema":{"@context":"https:\/\/schema.org","@graph":[{"@type":["WebPage","ItemPage"],"@id":"https:\/\/storitgroup.com\/fi\/tuote\/kuljetuslaatikko-600x400x225-mm-sininen\/","url":"https:\/\/storitgroup.com\/fi\/tuote\/kuljetuslaatikko-600x400x225-mm-sininen\/","name":"Kuljetuslaatikko UniBox 400x300x165 mm, sininen &#8226; Storit","isPartOf":{"@id":"https:\/\/storitgroup.com\/fi\/#website"},"primaryImageOfPage":{"@id":"https:\/\/storitgroup.com\/fi\/tuote\/kuljetuslaatikko-600x400x225-mm-sininen\/#primaryimage"},"image":{"@id":"https:\/\/storitgroup.com\/fi\/tuote\/kuljetuslaatikko-600x400x225-mm-sininen\/#primaryimage"},"thumbnailUrl":"https:\/\/storitgroup.com\/uploads\/2023\/01\/12.-7903.jpg","datePublished":"2023-01-26T10:55:21+00:00","dateModified":"2024-11-20T15:15:28+00:00","description":"Kuljetuslaatikko UniBox 400x300x165 mm, sininen \u2014 kohtuulliseen hintaan. Toimitukset kaikkialle Suomeen! \u261b Tutustu tuotteeseen ja tilaa k\u00e4tev\u00e4sti STORIT-verkkokaupasta!","breadcrumb":{"@id":"https:\/\/storitgroup.com\/fi\/tuote\/kuljetuslaatikko-600x400x225-mm-sininen\/#breadcrumb"},"inLanguage":"fi","potentialAction":[{"@type":"ReadAction","target":["https:\/\/storitgroup.com\/fi\/tuote\/kuljetuslaatikko-600x400x225-mm-sininen\/"]}]},{"@type":"ImageObject","inLanguage":"fi","@id":"https:\/\/storitgroup.com\/fi\/tuote\/kuljetuslaatikko-600x400x225-mm-sininen\/#primaryimage","url":"https:\/\/storitgroup.com\/uploads\/2023\/01\/12.-7903.jpg","contentUrl":"https:\/\/storitgroup.com\/uploads\/2023\/01\/12.-7903.jpg","width":601,"height":450},{"@type":"BreadcrumbList","@id":"https:\/\/storitgroup.com\/fi\/tuote\/kuljetuslaatikko-600x400x225-mm-sininen\/#breadcrumb","itemListElement":[{"@type":"ListItem","position":1,"name":"Kotisivu","item":"https:\/\/storitgroup.com\/fi\/"},{"@type":"ListItem","position":2,"name":"Tuotteet","item":"https:\/\/storitgroup.com\/fi\/tuotteet\/"},{"@type":"ListItem","position":3,"name":"Varastolaatikot, s\u00e4ilytyslaatikot","item":"https:\/\/storitgroup.com\/fi\/tuotteet\/varastolaatikot-sailytyslaatikot\/"},{"@type":"ListItem","position":4,"name":"Muovilaatikot, muovis\u00e4ili\u00f6t","item":"https:\/\/storitgroup.com\/fi\/tuotteet\/varastolaatikot-sailytyslaatikot\/muovilaatikot-muovisailiot\/"},{"@type":"ListItem","position":5,"name":"Kuljetuslaatikko UniBox 400x300x165 mm, sininen"}]},{"@type":"WebSite","@id":"https:\/\/storitgroup.com\/fi\/#website","url":"https:\/\/storitgroup.com\/fi\/","name":"Storit","description":"","potentialAction":[{"@type":"SearchAction","target":{"@type":"EntryPoint","urlTemplate":"https:\/\/storitgroup.com\/fi\/?s={search_term_string}"},"query-input":{"@type":"PropertyValueSpecification","valueRequired":true,"valueName":"search_term_string"}}],"inLanguage":"fi"}]}},"_links":{"self":[{"href":"https:\/\/storitgroup.com\/fi\/wp-json\/wp\/v2\/product\/203778","targetHints":{"allow":["GET"]}}],"collection":[{"href":"https:\/\/storitgroup.com\/fi\/wp-json\/wp\/v2\/product"}],"about":[{"href":"https:\/\/storitgroup.com\/fi\/wp-json\/wp\/v2\/types\/product"}],"wp:featuredmedia":[{"embeddable":true,"href":"https:\/\/storitgroup.com\/fi\/wp-json\/wp\/v2\/media\/212145"}],"wp:attachment":[{"href":"https:\/\/storitgroup.com\/fi\/wp-json\/wp\/v2\/media?parent=203778"}],"wp:term":[{"taxonomy":"product_brand","embeddable":true,"href":"https:\/\/storitgroup.com\/fi\/wp-json\/wp\/v2\/product_brand?post=203778"},{"taxonomy":"product_cat","embeddable":true,"href":"https:\/\/storitgroup.com\/fi\/wp-json\/wp\/v2\/product_cat?post=203778"},{"taxonomy":"product_tag","embeddable":true,"href":"https:\/\/storitgroup.com\/fi\/wp-json\/wp\/v2\/product_tag?post=203778"}],"curies":[{"name":"wp","href":"https:\/\/api.w.org\/{rel}","templated":true}]}}