{"id":202769,"date":"2023-01-04T08:57:23","date_gmt":"2023-01-04T06:57:29","guid":{"rendered":"https:\/\/storitgroup.com\/?post_type=product&#038;p=202769"},"modified":"2024-11-21T16:22:37","modified_gmt":"2024-11-21T14:22:37","slug":"sahkokayttoinen-poytavaaka-cas-sw-ii-6cs","status":"publish","type":"product","link":"https:\/\/storitgroup.com\/fi\/tuote\/sahkokayttoinen-poytavaaka-cas-sw-ii-6cs\/","title":{"rendered":"S\u00e4hk\u00f6k\u00e4ytt\u00f6inen p\u00f6yt\u00e4vaaka CAS SW-II-6CS"},"content":{"rendered":"<p>Painokapasiteetti: 6 kg,<br \/>Jakoarvot: 1\/2 g<br \/>Alustan koko: 226 x 187 mm (ruostumaton)<br \/>6-numeroinen LCD-n\u00e4ytt\u00f6,<br \/>Akut 1,5 V x 3 ja \/tai 6V akku,<br \/>Ty\u00f6ymp\u00e4rist\u00f6n l\u00e4mp\u00f6tila: -10\u00b0C &#8211; +40\u00b0C,<br \/>Alustus sis\u00e4ltyy hintaan,<br \/>Paino: 1,8 kg.<\/p>\n","protected":false},"excerpt":{"rendered":"<p>Painokapasiteetti: 6 kg,<br \/>\nJakoarvot: 1\/2 g<br \/>\nAlustan koko: 226 x 187 mm (ruostumaton)<\/p>\n","protected":false},"featured_media":202771,"template":"","meta":{"_acf_changed":false},"product_brand":[],"product_cat":[7105],"product_tag":[],"class_list":{"0":"post-202769","1":"product","2":"type-product","3":"status-publish","4":"has-post-thumbnail","6":"product_room-pieni-varasto","7":"product_room-kokoonpano-ja-keraily","8":"product_room-ruuan-kasittely","9":"product_room-kaupankaynti-ja-myymalat","10":"product_room-pakkaus","11":"product_room-iso-varasto","12":"product_cat-varastovaaat","14":"first","15":"onbackorder","16":"taxable","17":"shipping-taxable","18":"purchasable","19":"product-type-simple"},"acf":[],"yoast_head":"<!-- This site is optimized with the Yoast SEO plugin v27.2 - https:\/\/yoast.com\/product\/yoast-seo-wordpress\/ -->\n<title>S\u00e4hk\u00f6k\u00e4ytt\u00f6inen p\u00f6yt\u00e4vaaka CAS SW-II-6CS &#8226; Storit<\/title>\n<meta name=\"description\" content=\"S\u00e4hk\u00f6k\u00e4ytt\u00f6inen p\u00f6yt\u00e4vaaka CAS SW-II-6CS \u2014 kohtuulliseen hintaan. Toimitukset kaikkialle Suomeen! \u261b Tutustu tuotteeseen ja tilaa k\u00e4tev\u00e4sti STORIT-verkkokaupasta!\" \/>\n<meta name=\"robots\" content=\"index, follow, max-snippet:-1, max-image-preview:large, max-video-preview:-1\" \/>\n<link rel=\"canonical\" href=\"https:\/\/storitgroup.com\/fi\/tuote\/sahkokayttoinen-poytavaaka-cas-sw-ii-6cs\/\" \/>\n<meta property=\"og:locale\" content=\"fi_FI\" \/>\n<meta property=\"og:type\" content=\"article\" \/>\n<meta property=\"og:title\" content=\"S\u00e4hk\u00f6k\u00e4ytt\u00f6inen p\u00f6yt\u00e4vaaka CAS SW-II-6CS &#8226; Storit\" \/>\n<meta property=\"og:description\" content=\"S\u00e4hk\u00f6k\u00e4ytt\u00f6inen p\u00f6yt\u00e4vaaka CAS SW-II-6CS \u2014 kohtuulliseen hintaan. Toimitukset kaikkialle Suomeen! \u261b Tutustu tuotteeseen ja tilaa k\u00e4tev\u00e4sti STORIT-verkkokaupasta!\" \/>\n<meta property=\"og:url\" content=\"https:\/\/storitgroup.com\/fi\/tuote\/sahkokayttoinen-poytavaaka-cas-sw-ii-6cs\/\" \/>\n<meta property=\"og:site_name\" content=\"Storit\" \/>\n<meta property=\"article:modified_time\" content=\"2024-11-21T14:22:37+00:00\" \/>\n<meta name=\"twitter:card\" content=\"summary_large_image\" \/>\n<script type=\"application\/ld+json\" class=\"yoast-schema-graph\">{\"@context\":\"https:\/\/schema.org\",\"@graph\":[{\"@type\":[\"WebPage\",\"ItemPage\"],\"@id\":\"https:\/\/storitgroup.com\/fi\/tuote\/sahkokayttoinen-poytavaaka-cas-sw-ii-6cs\/\",\"url\":\"https:\/\/storitgroup.com\/fi\/tuote\/sahkokayttoinen-poytavaaka-cas-sw-ii-6cs\/\",\"name\":\"S\u00e4hk\u00f6k\u00e4ytt\u00f6inen p\u00f6yt\u00e4vaaka CAS SW-II-6CS &#8226; Storit\",\"isPartOf\":{\"@id\":\"https:\/\/storitgroup.com\/fi\/#website\"},\"primaryImageOfPage\":{\"@id\":\"https:\/\/storitgroup.com\/fi\/tuote\/sahkokayttoinen-poytavaaka-cas-sw-ii-6cs\/#primaryimage\"},\"image\":{\"@id\":\"https:\/\/storitgroup.com\/fi\/tuote\/sahkokayttoinen-poytavaaka-cas-sw-ii-6cs\/#primaryimage\"},\"thumbnailUrl\":\"https:\/\/storitgroup.com\/uploads\/2023\/01\/sw-ii-front.jpg\",\"datePublished\":\"2023-01-04T06:57:29+00:00\",\"dateModified\":\"2024-11-21T14:22:37+00:00\",\"description\":\"S\u00e4hk\u00f6k\u00e4ytt\u00f6inen p\u00f6yt\u00e4vaaka CAS SW-II-6CS \u2014 kohtuulliseen hintaan. Toimitukset kaikkialle Suomeen! \u261b Tutustu tuotteeseen ja tilaa k\u00e4tev\u00e4sti STORIT-verkkokaupasta!\",\"breadcrumb\":{\"@id\":\"https:\/\/storitgroup.com\/fi\/tuote\/sahkokayttoinen-poytavaaka-cas-sw-ii-6cs\/#breadcrumb\"},\"inLanguage\":\"fi\",\"potentialAction\":[{\"@type\":\"ReadAction\",\"target\":[\"https:\/\/storitgroup.com\/fi\/tuote\/sahkokayttoinen-poytavaaka-cas-sw-ii-6cs\/\"]}]},{\"@type\":\"ImageObject\",\"inLanguage\":\"fi\",\"@id\":\"https:\/\/storitgroup.com\/fi\/tuote\/sahkokayttoinen-poytavaaka-cas-sw-ii-6cs\/#primaryimage\",\"url\":\"https:\/\/storitgroup.com\/uploads\/2023\/01\/sw-ii-front.jpg\",\"contentUrl\":\"https:\/\/storitgroup.com\/uploads\/2023\/01\/sw-ii-front.jpg\",\"width\":1046,\"height\":729},{\"@type\":\"BreadcrumbList\",\"@id\":\"https:\/\/storitgroup.com\/fi\/tuote\/sahkokayttoinen-poytavaaka-cas-sw-ii-6cs\/#breadcrumb\",\"itemListElement\":[{\"@type\":\"ListItem\",\"position\":1,\"name\":\"Kotisivu\",\"item\":\"https:\/\/storitgroup.com\/fi\/\"},{\"@type\":\"ListItem\",\"position\":2,\"name\":\"Tuotteet\",\"item\":\"https:\/\/storitgroup.com\/fi\/tuotteet\/\"},{\"@type\":\"ListItem\",\"position\":3,\"name\":\"Ty\u00f6p\u00f6yd\u00e4t: STORIT\",\"item\":\"https:\/\/storitgroup.com\/fi\/poydat-tuolit-tyokaluvarasto\/tyopoydat\/tyopoydat-storit-tyopoydat\/\"},{\"@type\":\"ListItem\",\"position\":4,\"name\":\"Varastovaa\u00b4at\",\"item\":\"https:\/\/storitgroup.com\/fi\/kuormalavat-pakkaus\/varastovaaat\/\"},{\"@type\":\"ListItem\",\"position\":5,\"name\":\"S\u00e4hk\u00f6k\u00e4ytt\u00f6inen p\u00f6yt\u00e4vaaka CAS SW-II-6CS\"}]},{\"@type\":\"WebSite\",\"@id\":\"https:\/\/storitgroup.com\/fi\/#website\",\"url\":\"https:\/\/storitgroup.com\/fi\/\",\"name\":\"Storit\",\"description\":\"\",\"potentialAction\":[{\"@type\":\"SearchAction\",\"target\":{\"@type\":\"EntryPoint\",\"urlTemplate\":\"https:\/\/storitgroup.com\/fi\/?s={search_term_string}\"},\"query-input\":{\"@type\":\"PropertyValueSpecification\",\"valueRequired\":true,\"valueName\":\"search_term_string\"}}],\"inLanguage\":\"fi\"}]}<\/script>\n<!-- \/ Yoast SEO plugin. -->","yoast_head_json":{"title":"S\u00e4hk\u00f6k\u00e4ytt\u00f6inen p\u00f6yt\u00e4vaaka CAS SW-II-6CS &#8226; Storit","description":"S\u00e4hk\u00f6k\u00e4ytt\u00f6inen p\u00f6yt\u00e4vaaka CAS SW-II-6CS \u2014 kohtuulliseen hintaan. Toimitukset kaikkialle Suomeen! \u261b Tutustu tuotteeseen ja tilaa k\u00e4tev\u00e4sti STORIT-verkkokaupasta!","robots":{"index":"index","follow":"follow","max-snippet":"max-snippet:-1","max-image-preview":"max-image-preview:large","max-video-preview":"max-video-preview:-1"},"canonical":"https:\/\/storitgroup.com\/fi\/tuote\/sahkokayttoinen-poytavaaka-cas-sw-ii-6cs\/","og_locale":"fi_FI","og_type":"article","og_title":"S\u00e4hk\u00f6k\u00e4ytt\u00f6inen p\u00f6yt\u00e4vaaka CAS SW-II-6CS &#8226; Storit","og_description":"S\u00e4hk\u00f6k\u00e4ytt\u00f6inen p\u00f6yt\u00e4vaaka CAS SW-II-6CS \u2014 kohtuulliseen hintaan. Toimitukset kaikkialle Suomeen! \u261b Tutustu tuotteeseen ja tilaa k\u00e4tev\u00e4sti STORIT-verkkokaupasta!","og_url":"https:\/\/storitgroup.com\/fi\/tuote\/sahkokayttoinen-poytavaaka-cas-sw-ii-6cs\/","og_site_name":"Storit","article_modified_time":"2024-11-21T14:22:37+00:00","twitter_card":"summary_large_image","schema":{"@context":"https:\/\/schema.org","@graph":[{"@type":["WebPage","ItemPage"],"@id":"https:\/\/storitgroup.com\/fi\/tuote\/sahkokayttoinen-poytavaaka-cas-sw-ii-6cs\/","url":"https:\/\/storitgroup.com\/fi\/tuote\/sahkokayttoinen-poytavaaka-cas-sw-ii-6cs\/","name":"S\u00e4hk\u00f6k\u00e4ytt\u00f6inen p\u00f6yt\u00e4vaaka CAS SW-II-6CS &#8226; Storit","isPartOf":{"@id":"https:\/\/storitgroup.com\/fi\/#website"},"primaryImageOfPage":{"@id":"https:\/\/storitgroup.com\/fi\/tuote\/sahkokayttoinen-poytavaaka-cas-sw-ii-6cs\/#primaryimage"},"image":{"@id":"https:\/\/storitgroup.com\/fi\/tuote\/sahkokayttoinen-poytavaaka-cas-sw-ii-6cs\/#primaryimage"},"thumbnailUrl":"https:\/\/storitgroup.com\/uploads\/2023\/01\/sw-ii-front.jpg","datePublished":"2023-01-04T06:57:29+00:00","dateModified":"2024-11-21T14:22:37+00:00","description":"S\u00e4hk\u00f6k\u00e4ytt\u00f6inen p\u00f6yt\u00e4vaaka CAS SW-II-6CS \u2014 kohtuulliseen hintaan. Toimitukset kaikkialle Suomeen! \u261b Tutustu tuotteeseen ja tilaa k\u00e4tev\u00e4sti STORIT-verkkokaupasta!","breadcrumb":{"@id":"https:\/\/storitgroup.com\/fi\/tuote\/sahkokayttoinen-poytavaaka-cas-sw-ii-6cs\/#breadcrumb"},"inLanguage":"fi","potentialAction":[{"@type":"ReadAction","target":["https:\/\/storitgroup.com\/fi\/tuote\/sahkokayttoinen-poytavaaka-cas-sw-ii-6cs\/"]}]},{"@type":"ImageObject","inLanguage":"fi","@id":"https:\/\/storitgroup.com\/fi\/tuote\/sahkokayttoinen-poytavaaka-cas-sw-ii-6cs\/#primaryimage","url":"https:\/\/storitgroup.com\/uploads\/2023\/01\/sw-ii-front.jpg","contentUrl":"https:\/\/storitgroup.com\/uploads\/2023\/01\/sw-ii-front.jpg","width":1046,"height":729},{"@type":"BreadcrumbList","@id":"https:\/\/storitgroup.com\/fi\/tuote\/sahkokayttoinen-poytavaaka-cas-sw-ii-6cs\/#breadcrumb","itemListElement":[{"@type":"ListItem","position":1,"name":"Kotisivu","item":"https:\/\/storitgroup.com\/fi\/"},{"@type":"ListItem","position":2,"name":"Tuotteet","item":"https:\/\/storitgroup.com\/fi\/tuotteet\/"},{"@type":"ListItem","position":3,"name":"Ty\u00f6p\u00f6yd\u00e4t: STORIT","item":"https:\/\/storitgroup.com\/fi\/poydat-tuolit-tyokaluvarasto\/tyopoydat\/tyopoydat-storit-tyopoydat\/"},{"@type":"ListItem","position":4,"name":"Varastovaa\u00b4at","item":"https:\/\/storitgroup.com\/fi\/kuormalavat-pakkaus\/varastovaaat\/"},{"@type":"ListItem","position":5,"name":"S\u00e4hk\u00f6k\u00e4ytt\u00f6inen p\u00f6yt\u00e4vaaka CAS SW-II-6CS"}]},{"@type":"WebSite","@id":"https:\/\/storitgroup.com\/fi\/#website","url":"https:\/\/storitgroup.com\/fi\/","name":"Storit","description":"","potentialAction":[{"@type":"SearchAction","target":{"@type":"EntryPoint","urlTemplate":"https:\/\/storitgroup.com\/fi\/?s={search_term_string}"},"query-input":{"@type":"PropertyValueSpecification","valueRequired":true,"valueName":"search_term_string"}}],"inLanguage":"fi"}]}},"_links":{"self":[{"href":"https:\/\/storitgroup.com\/fi\/wp-json\/wp\/v2\/product\/202769","targetHints":{"allow":["GET"]}}],"collection":[{"href":"https:\/\/storitgroup.com\/fi\/wp-json\/wp\/v2\/product"}],"about":[{"href":"https:\/\/storitgroup.com\/fi\/wp-json\/wp\/v2\/types\/product"}],"wp:featuredmedia":[{"embeddable":true,"href":"https:\/\/storitgroup.com\/fi\/wp-json\/wp\/v2\/media\/202771"}],"wp:attachment":[{"href":"https:\/\/storitgroup.com\/fi\/wp-json\/wp\/v2\/media?parent=202769"}],"wp:term":[{"taxonomy":"product_brand","embeddable":true,"href":"https:\/\/storitgroup.com\/fi\/wp-json\/wp\/v2\/product_brand?post=202769"},{"taxonomy":"product_cat","embeddable":true,"href":"https:\/\/storitgroup.com\/fi\/wp-json\/wp\/v2\/product_cat?post=202769"},{"taxonomy":"product_tag","embeddable":true,"href":"https:\/\/storitgroup.com\/fi\/wp-json\/wp\/v2\/product_tag?post=202769"}],"curies":[{"name":"wp","href":"https:\/\/api.w.org\/{rel}","templated":true}]}}