{"id":202679,"date":"2023-01-02T13:23:51","date_gmt":"2023-01-02T11:23:58","guid":{"rendered":"https:\/\/storitgroup.com\/?post_type=product&#038;p=202679"},"modified":"2024-11-25T15:04:02","modified_gmt":"2024-11-25T13:04:02","slug":"tyokaluvaunu-storit-wwt75b-ral2004-7016","status":"publish","type":"product","link":"https:\/\/storitgroup.com\/fi\/tuote\/tyokaluvaunu-storit-wwt75b-ral2004-7016\/","title":{"rendered":"Ty\u00f6kaluvaunu Storit Wwt75B, RAL2004\/7016"},"content":{"rendered":"<p>Ty\u00f6kaluvaunu on pulverimaalattu ja voit valita 16 perusv\u00e4rist\u00e4. Muut RAL-luettelon v\u00e4rit ovat saatavilla pient\u00e4 lis\u00e4maksua vastaan. <\/p>\n<p>Vaunulla on 6 laatikkoa korkeuksilla:<br \/>75 mm-4 kpl,<br \/>150 mm-1 kpl,<br \/>200 mm-1 kpl.<br \/> Laatikoiden sis\u00e4mitat 600&#215;400 mm, ne ovat 100 % ulos vedett\u00e4vi\u00e4 ja ne voidaan avata vain yksi kerrallaan.<\/p>\n<p> Laatikoiden kantavuus on 40 kg.<br \/>Sis\u00e4\u00e4n voi ostaa erikseen erikokoisia ja eriv\u00e4risi\u00e4 laatikoita, ett\u00e4  pienten tavaroiten lajittelu olisi helpompaa.<\/p>\n<p>Py\u00f6rien halkaisija on 125 mm.<br \/> 2 py\u00f6r\u00e4\u00e4 on kiinte\u00e4, 2 k\u00e4\u00e4ntyv\u00e4 ja jarruilla.<\/p>\n<p>Yl\u00e4osassa on korotettu reuna jonka ymp\u00e4ri on kumitiiviste, p\u00e4\u00e4ll\u00e4 on ohut kumimatto.<\/p>\n<p>Molemmat kyljet on rei\u00b4itettyj\u00e4, sopivat koukut ja pidikkeet saatavana erikseen. <br \/>Voit my\u00f6s ostaa rei\u00b4itetyn takasein\u00e4n, mik\u00e4 tekee k\u00e4rryst\u00e4 entist\u00e4 monipuolisemman.<\/p>\n<p>Ty\u00f6kaluvaunu on lukittava, mukana 2 avainta.<\/p>\n","protected":false},"excerpt":{"rendered":"<p>Ty\u00f6kaluvaunu on pulverimaalattu ja voit valita 16 perusv\u00e4rist\u00e4. Muut RAL-luettelon v\u00e4rit ovat saatavilla pient\u00e4 lis\u00e4maksua vastaan. <\/p>\n<p>Vaunulla on 6 laatikkoa korkeuksilla:<\/p>\n","protected":false},"featured_media":202847,"template":"","meta":{"_acf_changed":false},"product_brand":[],"product_cat":[7071],"product_tag":[],"class_list":{"0":"post-202679","1":"product","2":"type-product","3":"status-publish","4":"has-post-thumbnail","6":"product_cat-tyokalukaapit-ja-vaunut","8":"first","9":"onbackorder","10":"taxable","11":"shipping-taxable","12":"purchasable","13":"product-type-simple"},"acf":[],"yoast_head":"<!-- This site is optimized with the Yoast SEO plugin v27.2 - https:\/\/yoast.com\/product\/yoast-seo-wordpress\/ -->\n<title>Ty\u00f6kaluvaunu Storit Wwt75B, RAL2004\/7016 &#8226; Storit<\/title>\n<meta name=\"description\" content=\"Ty\u00f6kaluvaunu Storit Wwt75B, RAL2004\/7016 \u2014 kohtuulliseen hintaan. Toimitukset kaikkialle Suomeen! \u261b Tutustu tuotteeseen ja tilaa k\u00e4tev\u00e4sti STORIT-verkkokaupasta!\" \/>\n<meta name=\"robots\" content=\"index, follow, max-snippet:-1, max-image-preview:large, max-video-preview:-1\" \/>\n<link rel=\"canonical\" href=\"https:\/\/storitgroup.com\/fi\/tuote\/tyokaluvaunu-storit-wwt75b-ral2004-7016\/\" \/>\n<meta property=\"og:locale\" content=\"fi_FI\" \/>\n<meta property=\"og:type\" content=\"article\" \/>\n<meta property=\"og:title\" content=\"Ty\u00f6kaluvaunu Storit Wwt75B, RAL2004\/7016 &#8226; Storit\" \/>\n<meta property=\"og:description\" content=\"Ty\u00f6kaluvaunu Storit Wwt75B, RAL2004\/7016 \u2014 kohtuulliseen hintaan. Toimitukset kaikkialle Suomeen! \u261b Tutustu tuotteeseen ja tilaa k\u00e4tev\u00e4sti STORIT-verkkokaupasta!\" \/>\n<meta property=\"og:url\" content=\"https:\/\/storitgroup.com\/fi\/tuote\/tyokaluvaunu-storit-wwt75b-ral2004-7016\/\" \/>\n<meta property=\"og:site_name\" content=\"Storit\" \/>\n<meta property=\"article:modified_time\" content=\"2024-11-25T13:04:02+00:00\" \/>\n<meta name=\"twitter:card\" content=\"summary_large_image\" \/>\n<meta name=\"twitter:label1\" content=\"Arvioitu lukuaika\" \/>\n\t<meta name=\"twitter:data1\" content=\"1 minuutti\" \/>\n<script type=\"application\/ld+json\" class=\"yoast-schema-graph\">{\"@context\":\"https:\/\/schema.org\",\"@graph\":[{\"@type\":[\"WebPage\",\"ItemPage\"],\"@id\":\"https:\/\/storitgroup.com\/fi\/tuote\/tyokaluvaunu-storit-wwt75b-ral2004-7016\/\",\"url\":\"https:\/\/storitgroup.com\/fi\/tuote\/tyokaluvaunu-storit-wwt75b-ral2004-7016\/\",\"name\":\"Ty\u00f6kaluvaunu Storit Wwt75B, RAL2004\/7016 &#8226; Storit\",\"isPartOf\":{\"@id\":\"https:\/\/storitgroup.com\/fi\/#website\"},\"primaryImageOfPage\":{\"@id\":\"https:\/\/storitgroup.com\/fi\/tuote\/tyokaluvaunu-storit-wwt75b-ral2004-7016\/#primaryimage\"},\"image\":{\"@id\":\"https:\/\/storitgroup.com\/fi\/tuote\/tyokaluvaunu-storit-wwt75b-ral2004-7016\/#primaryimage\"},\"thumbnailUrl\":\"https:\/\/storitgroup.com\/uploads\/2023\/01\/34-wwt75b-1.jpg\",\"datePublished\":\"2023-01-02T11:23:58+00:00\",\"dateModified\":\"2024-11-25T13:04:02+00:00\",\"description\":\"Ty\u00f6kaluvaunu Storit Wwt75B, RAL2004\/7016 \u2014 kohtuulliseen hintaan. Toimitukset kaikkialle Suomeen! \u261b Tutustu tuotteeseen ja tilaa k\u00e4tev\u00e4sti STORIT-verkkokaupasta!\",\"breadcrumb\":{\"@id\":\"https:\/\/storitgroup.com\/fi\/tuote\/tyokaluvaunu-storit-wwt75b-ral2004-7016\/#breadcrumb\"},\"inLanguage\":\"fi\",\"potentialAction\":[{\"@type\":\"ReadAction\",\"target\":[\"https:\/\/storitgroup.com\/fi\/tuote\/tyokaluvaunu-storit-wwt75b-ral2004-7016\/\"]}]},{\"@type\":\"ImageObject\",\"inLanguage\":\"fi\",\"@id\":\"https:\/\/storitgroup.com\/fi\/tuote\/tyokaluvaunu-storit-wwt75b-ral2004-7016\/#primaryimage\",\"url\":\"https:\/\/storitgroup.com\/uploads\/2023\/01\/34-wwt75b-1.jpg\",\"contentUrl\":\"https:\/\/storitgroup.com\/uploads\/2023\/01\/34-wwt75b-1.jpg\",\"width\":451,\"height\":510},{\"@type\":\"BreadcrumbList\",\"@id\":\"https:\/\/storitgroup.com\/fi\/tuote\/tyokaluvaunu-storit-wwt75b-ral2004-7016\/#breadcrumb\",\"itemListElement\":[{\"@type\":\"ListItem\",\"position\":1,\"name\":\"Kotisivu\",\"item\":\"https:\/\/storitgroup.com\/fi\/\"},{\"@type\":\"ListItem\",\"position\":2,\"name\":\"Tuotteet\",\"item\":\"https:\/\/storitgroup.com\/fi\/tuotteet\/\"},{\"@type\":\"ListItem\",\"position\":3,\"name\":\"Metallikaapit, pukukaapit\",\"item\":\"https:\/\/storitgroup.com\/fi\/metallikaapit-pukukaapit\/\"},{\"@type\":\"ListItem\",\"position\":4,\"name\":\"Ty\u00f6kalukaapit ja -vaunut\",\"item\":\"https:\/\/storitgroup.com\/fi\/metallikaapit-pukukaapit\/tyokalukaapit-ja-vaunut\/\"},{\"@type\":\"ListItem\",\"position\":5,\"name\":\"Ty\u00f6kaluvaunu Storit Wwt75B, RAL2004\/7016\"}]},{\"@type\":\"WebSite\",\"@id\":\"https:\/\/storitgroup.com\/fi\/#website\",\"url\":\"https:\/\/storitgroup.com\/fi\/\",\"name\":\"Storit\",\"description\":\"\",\"potentialAction\":[{\"@type\":\"SearchAction\",\"target\":{\"@type\":\"EntryPoint\",\"urlTemplate\":\"https:\/\/storitgroup.com\/fi\/?s={search_term_string}\"},\"query-input\":{\"@type\":\"PropertyValueSpecification\",\"valueRequired\":true,\"valueName\":\"search_term_string\"}}],\"inLanguage\":\"fi\"}]}<\/script>\n<!-- \/ Yoast SEO plugin. -->","yoast_head_json":{"title":"Ty\u00f6kaluvaunu Storit Wwt75B, RAL2004\/7016 &#8226; Storit","description":"Ty\u00f6kaluvaunu Storit Wwt75B, RAL2004\/7016 \u2014 kohtuulliseen hintaan. Toimitukset kaikkialle Suomeen! \u261b Tutustu tuotteeseen ja tilaa k\u00e4tev\u00e4sti STORIT-verkkokaupasta!","robots":{"index":"index","follow":"follow","max-snippet":"max-snippet:-1","max-image-preview":"max-image-preview:large","max-video-preview":"max-video-preview:-1"},"canonical":"https:\/\/storitgroup.com\/fi\/tuote\/tyokaluvaunu-storit-wwt75b-ral2004-7016\/","og_locale":"fi_FI","og_type":"article","og_title":"Ty\u00f6kaluvaunu Storit Wwt75B, RAL2004\/7016 &#8226; Storit","og_description":"Ty\u00f6kaluvaunu Storit Wwt75B, RAL2004\/7016 \u2014 kohtuulliseen hintaan. Toimitukset kaikkialle Suomeen! \u261b Tutustu tuotteeseen ja tilaa k\u00e4tev\u00e4sti STORIT-verkkokaupasta!","og_url":"https:\/\/storitgroup.com\/fi\/tuote\/tyokaluvaunu-storit-wwt75b-ral2004-7016\/","og_site_name":"Storit","article_modified_time":"2024-11-25T13:04:02+00:00","twitter_card":"summary_large_image","twitter_misc":{"Arvioitu lukuaika":"1 minuutti"},"schema":{"@context":"https:\/\/schema.org","@graph":[{"@type":["WebPage","ItemPage"],"@id":"https:\/\/storitgroup.com\/fi\/tuote\/tyokaluvaunu-storit-wwt75b-ral2004-7016\/","url":"https:\/\/storitgroup.com\/fi\/tuote\/tyokaluvaunu-storit-wwt75b-ral2004-7016\/","name":"Ty\u00f6kaluvaunu Storit Wwt75B, RAL2004\/7016 &#8226; Storit","isPartOf":{"@id":"https:\/\/storitgroup.com\/fi\/#website"},"primaryImageOfPage":{"@id":"https:\/\/storitgroup.com\/fi\/tuote\/tyokaluvaunu-storit-wwt75b-ral2004-7016\/#primaryimage"},"image":{"@id":"https:\/\/storitgroup.com\/fi\/tuote\/tyokaluvaunu-storit-wwt75b-ral2004-7016\/#primaryimage"},"thumbnailUrl":"https:\/\/storitgroup.com\/uploads\/2023\/01\/34-wwt75b-1.jpg","datePublished":"2023-01-02T11:23:58+00:00","dateModified":"2024-11-25T13:04:02+00:00","description":"Ty\u00f6kaluvaunu Storit Wwt75B, RAL2004\/7016 \u2014 kohtuulliseen hintaan. Toimitukset kaikkialle Suomeen! \u261b Tutustu tuotteeseen ja tilaa k\u00e4tev\u00e4sti STORIT-verkkokaupasta!","breadcrumb":{"@id":"https:\/\/storitgroup.com\/fi\/tuote\/tyokaluvaunu-storit-wwt75b-ral2004-7016\/#breadcrumb"},"inLanguage":"fi","potentialAction":[{"@type":"ReadAction","target":["https:\/\/storitgroup.com\/fi\/tuote\/tyokaluvaunu-storit-wwt75b-ral2004-7016\/"]}]},{"@type":"ImageObject","inLanguage":"fi","@id":"https:\/\/storitgroup.com\/fi\/tuote\/tyokaluvaunu-storit-wwt75b-ral2004-7016\/#primaryimage","url":"https:\/\/storitgroup.com\/uploads\/2023\/01\/34-wwt75b-1.jpg","contentUrl":"https:\/\/storitgroup.com\/uploads\/2023\/01\/34-wwt75b-1.jpg","width":451,"height":510},{"@type":"BreadcrumbList","@id":"https:\/\/storitgroup.com\/fi\/tuote\/tyokaluvaunu-storit-wwt75b-ral2004-7016\/#breadcrumb","itemListElement":[{"@type":"ListItem","position":1,"name":"Kotisivu","item":"https:\/\/storitgroup.com\/fi\/"},{"@type":"ListItem","position":2,"name":"Tuotteet","item":"https:\/\/storitgroup.com\/fi\/tuotteet\/"},{"@type":"ListItem","position":3,"name":"Metallikaapit, pukukaapit","item":"https:\/\/storitgroup.com\/fi\/metallikaapit-pukukaapit\/"},{"@type":"ListItem","position":4,"name":"Ty\u00f6kalukaapit ja -vaunut","item":"https:\/\/storitgroup.com\/fi\/metallikaapit-pukukaapit\/tyokalukaapit-ja-vaunut\/"},{"@type":"ListItem","position":5,"name":"Ty\u00f6kaluvaunu Storit Wwt75B, RAL2004\/7016"}]},{"@type":"WebSite","@id":"https:\/\/storitgroup.com\/fi\/#website","url":"https:\/\/storitgroup.com\/fi\/","name":"Storit","description":"","potentialAction":[{"@type":"SearchAction","target":{"@type":"EntryPoint","urlTemplate":"https:\/\/storitgroup.com\/fi\/?s={search_term_string}"},"query-input":{"@type":"PropertyValueSpecification","valueRequired":true,"valueName":"search_term_string"}}],"inLanguage":"fi"}]}},"_links":{"self":[{"href":"https:\/\/storitgroup.com\/fi\/wp-json\/wp\/v2\/product\/202679","targetHints":{"allow":["GET"]}}],"collection":[{"href":"https:\/\/storitgroup.com\/fi\/wp-json\/wp\/v2\/product"}],"about":[{"href":"https:\/\/storitgroup.com\/fi\/wp-json\/wp\/v2\/types\/product"}],"wp:featuredmedia":[{"embeddable":true,"href":"https:\/\/storitgroup.com\/fi\/wp-json\/wp\/v2\/media\/202847"}],"wp:attachment":[{"href":"https:\/\/storitgroup.com\/fi\/wp-json\/wp\/v2\/media?parent=202679"}],"wp:term":[{"taxonomy":"product_brand","embeddable":true,"href":"https:\/\/storitgroup.com\/fi\/wp-json\/wp\/v2\/product_brand?post=202679"},{"taxonomy":"product_cat","embeddable":true,"href":"https:\/\/storitgroup.com\/fi\/wp-json\/wp\/v2\/product_cat?post=202679"},{"taxonomy":"product_tag","embeddable":true,"href":"https:\/\/storitgroup.com\/fi\/wp-json\/wp\/v2\/product_tag?post=202679"}],"curies":[{"name":"wp","href":"https:\/\/api.w.org\/{rel}","templated":true}]}}