{"id":202541,"date":"2023-02-06T20:22:19","date_gmt":"2023-02-06T18:22:19","guid":{"rendered":"https:\/\/storitgroup.com\/?post_type=product&#038;p=202541"},"modified":"2026-04-03T23:31:48","modified_gmt":"2026-04-03T20:31:48","slug":"vaakavaunu-pramac-gs-25s4-vahvistettu-p-pp","status":"publish","type":"product","link":"https:\/\/storitgroup.com\/fi\/tuote\/vaakavaunu-pramac-gs-25s4-vahvistettu-p-pp\/","title":{"rendered":"Vaakavaunu Pramac GS 25S4 vahvistettu P\/PP"},"content":{"rendered":"<p>Nosto- ja punnituskyky: 2500 kg. <br \/>Tarkkuus: 0,05%.<br \/> Vaaka nelj\u00e4ll\u00e4 mittauspisteell\u00e4.<br \/> Mitta-asteikko: 1 &#8211; 2500 kg, 0,5 kg:n v\u00e4lein.<br \/> Toiminnot: kokonaispaino ja kappalem\u00e4\u00e4r\u00e4 , taara nollatoiminto .<br \/>Ohjauspy\u00f6r\u00e4t: \u00d8 205&#215;55 mm, polyuretaani (P).<br \/>Rullat: \u00d8 82&#215;60 mm, polyuretaani (P) \/ tandem (T).<br \/> PPT<br \/> K\u00e4\u00e4nt\u00f6s\u00e4de: 1426 mm <br \/> Ty\u00f6k\u00e4yt\u00e4v\u00e4: 1846 mm.<br \/> Akku: 6V \/ 4Ah, kesto 50 h.<br \/>Erikseen laturi, sis\u00e4ltyy hintaan.<\/p>\n","protected":false},"excerpt":{"rendered":"<p>Nosto- ja punnituskyky: 2500 kg.<br \/>\nTarkkuus: 0,05%.<br \/>\n Vaaka nelj\u00e4ll\u00e4 mittauspisteell\u00e4.<\/p>\n","protected":false},"featured_media":4916,"template":"","meta":{"_acf_changed":false},"product_brand":[],"product_cat":[7040],"product_tag":[],"class_list":{"0":"post-202541","1":"product","2":"type-product","3":"status-publish","4":"has-post-thumbnail","6":"product_room-ruuan-kasittely","7":"product_room-kaupankaynti-ja-myymalat","8":"product_room-iso-varasto","9":"product_room-pieni-varasto","10":"product_room-nostovalinet","11":"product_room-tavaroiden-logistiikka","12":"product_room-kuljetus-ja-logistiikka","13":"product_room-kokoonpano-ja-keraily","14":"product_cat-vaakavaunut","16":"first","17":"onbackorder","18":"taxable","19":"shipping-taxable","20":"purchasable","21":"product-type-simple"},"acf":[],"yoast_head":"<!-- This site is optimized with the Yoast SEO plugin v27.2 - https:\/\/yoast.com\/product\/yoast-seo-wordpress\/ -->\n<title>Vaakavaunu Pramac GS 25S4 vahvistettu P\/PP &#8226; Storit<\/title>\n<meta name=\"description\" content=\"Vaakavaunu Pramac GS 25S4 vahvistettu P\/PP \u2014 kohtuulliseen hintaan. Toimitukset kaikkialle Suomeen! \u261b Tutustu tuotteeseen ja tilaa k\u00e4tev\u00e4sti STORIT-verkkokaupasta!\" \/>\n<meta name=\"robots\" content=\"index, follow, max-snippet:-1, max-image-preview:large, max-video-preview:-1\" \/>\n<link rel=\"canonical\" href=\"https:\/\/storitgroup.com\/fi\/tuote\/vaakavaunu-pramac-gs-25s4-vahvistettu-p-pp\/\" \/>\n<meta property=\"og:locale\" content=\"fi_FI\" \/>\n<meta property=\"og:type\" content=\"article\" \/>\n<meta property=\"og:title\" content=\"Vaakavaunu Pramac GS 25S4 vahvistettu P\/PP &#8226; Storit\" \/>\n<meta property=\"og:description\" content=\"Vaakavaunu Pramac GS 25S4 vahvistettu P\/PP \u2014 kohtuulliseen hintaan. Toimitukset kaikkialle Suomeen! \u261b Tutustu tuotteeseen ja tilaa k\u00e4tev\u00e4sti STORIT-verkkokaupasta!\" \/>\n<meta property=\"og:url\" content=\"https:\/\/storitgroup.com\/fi\/tuote\/vaakavaunu-pramac-gs-25s4-vahvistettu-p-pp\/\" \/>\n<meta property=\"og:site_name\" content=\"Storit\" \/>\n<meta property=\"article:modified_time\" content=\"2026-04-03T20:31:48+00:00\" \/>\n<meta property=\"og:image\" content=\"https:\/\/storitgroup.com\/uploads\/2021\/03\/kaaluga-kahvelkarud-pramac-gs-p25-ja-gs-p25-printer-1.png\" \/>\n\t<meta property=\"og:image:width\" content=\"1624\" \/>\n\t<meta property=\"og:image:height\" content=\"1624\" \/>\n\t<meta property=\"og:image:type\" content=\"image\/png\" \/>\n<meta name=\"twitter:card\" content=\"summary_large_image\" \/>\n<script type=\"application\/ld+json\" class=\"yoast-schema-graph\">{\"@context\":\"https:\/\/schema.org\",\"@graph\":[{\"@type\":[\"WebPage\",\"ItemPage\"],\"@id\":\"https:\/\/storitgroup.com\/fi\/tuote\/vaakavaunu-pramac-gs-25s4-vahvistettu-p-pp\/\",\"url\":\"https:\/\/storitgroup.com\/fi\/tuote\/vaakavaunu-pramac-gs-25s4-vahvistettu-p-pp\/\",\"name\":\"Vaakavaunu Pramac GS 25S4 vahvistettu P\/PP &#8226; Storit\",\"isPartOf\":{\"@id\":\"https:\/\/storitgroup.com\/fi\/#website\"},\"primaryImageOfPage\":{\"@id\":\"https:\/\/storitgroup.com\/fi\/tuote\/vaakavaunu-pramac-gs-25s4-vahvistettu-p-pp\/#primaryimage\"},\"image\":{\"@id\":\"https:\/\/storitgroup.com\/fi\/tuote\/vaakavaunu-pramac-gs-25s4-vahvistettu-p-pp\/#primaryimage\"},\"thumbnailUrl\":\"https:\/\/storitgroup.com\/uploads\/2021\/03\/kaaluga-kahvelkarud-pramac-gs-p25-ja-gs-p25-printer-1.png\",\"datePublished\":\"2023-02-06T18:22:19+00:00\",\"dateModified\":\"2026-04-03T20:31:48+00:00\",\"description\":\"Vaakavaunu Pramac GS 25S4 vahvistettu P\/PP \u2014 kohtuulliseen hintaan. Toimitukset kaikkialle Suomeen! \u261b Tutustu tuotteeseen ja tilaa k\u00e4tev\u00e4sti STORIT-verkkokaupasta!\",\"breadcrumb\":{\"@id\":\"https:\/\/storitgroup.com\/fi\/tuote\/vaakavaunu-pramac-gs-25s4-vahvistettu-p-pp\/#breadcrumb\"},\"inLanguage\":\"fi\",\"potentialAction\":[{\"@type\":\"ReadAction\",\"target\":[\"https:\/\/storitgroup.com\/fi\/tuote\/vaakavaunu-pramac-gs-25s4-vahvistettu-p-pp\/\"]}]},{\"@type\":\"ImageObject\",\"inLanguage\":\"fi\",\"@id\":\"https:\/\/storitgroup.com\/fi\/tuote\/vaakavaunu-pramac-gs-25s4-vahvistettu-p-pp\/#primaryimage\",\"url\":\"https:\/\/storitgroup.com\/uploads\/2021\/03\/kaaluga-kahvelkarud-pramac-gs-p25-ja-gs-p25-printer-1.png\",\"contentUrl\":\"https:\/\/storitgroup.com\/uploads\/2021\/03\/kaaluga-kahvelkarud-pramac-gs-p25-ja-gs-p25-printer-1.png\",\"width\":1624,\"height\":1624},{\"@type\":\"BreadcrumbList\",\"@id\":\"https:\/\/storitgroup.com\/fi\/tuote\/vaakavaunu-pramac-gs-25s4-vahvistettu-p-pp\/#breadcrumb\",\"itemListElement\":[{\"@type\":\"ListItem\",\"position\":1,\"name\":\"Kotisivu\",\"item\":\"https:\/\/storitgroup.com\/fi\/\"},{\"@type\":\"ListItem\",\"position\":2,\"name\":\"Tuotteet\",\"item\":\"https:\/\/storitgroup.com\/fi\/tuotteet\/\"},{\"@type\":\"ListItem\",\"position\":3,\"name\":\"Varastotrukit, nostolavat, tarvikkeet\",\"item\":\"https:\/\/storitgroup.com\/fi\/varastotrukit-nostolavat-tarvikkeet\/\"},{\"@type\":\"ListItem\",\"position\":4,\"name\":\"Haarukkavaunut, pumppuk\u00e4rryt ja lavansiirt\u00e4j\u00e4t\",\"item\":\"https:\/\/storitgroup.com\/fi\/varastotrukit-nostolavat-tarvikkeet\/haarukkavaunut-pumppukarryt-ja-lavansiirtajat\/\"},{\"@type\":\"ListItem\",\"position\":5,\"name\":\"Vaakavaunut\",\"item\":\"https:\/\/storitgroup.com\/fi\/varastotrukit-nostolavat-tarvikkeet\/haarukkavaunut-pumppukarryt-ja-lavansiirtajat\/vaakavaunut\/\"},{\"@type\":\"ListItem\",\"position\":6,\"name\":\"Vaakavaunu Pramac GS 25S4 vahvistettu P\/PP\"}]},{\"@type\":\"WebSite\",\"@id\":\"https:\/\/storitgroup.com\/fi\/#website\",\"url\":\"https:\/\/storitgroup.com\/fi\/\",\"name\":\"Storit\",\"description\":\"\",\"potentialAction\":[{\"@type\":\"SearchAction\",\"target\":{\"@type\":\"EntryPoint\",\"urlTemplate\":\"https:\/\/storitgroup.com\/fi\/?s={search_term_string}\"},\"query-input\":{\"@type\":\"PropertyValueSpecification\",\"valueRequired\":true,\"valueName\":\"search_term_string\"}}],\"inLanguage\":\"fi\"}]}<\/script>\n<!-- \/ Yoast SEO plugin. -->","yoast_head_json":{"title":"Vaakavaunu Pramac GS 25S4 vahvistettu P\/PP &#8226; Storit","description":"Vaakavaunu Pramac GS 25S4 vahvistettu P\/PP \u2014 kohtuulliseen hintaan. Toimitukset kaikkialle Suomeen! \u261b Tutustu tuotteeseen ja tilaa k\u00e4tev\u00e4sti STORIT-verkkokaupasta!","robots":{"index":"index","follow":"follow","max-snippet":"max-snippet:-1","max-image-preview":"max-image-preview:large","max-video-preview":"max-video-preview:-1"},"canonical":"https:\/\/storitgroup.com\/fi\/tuote\/vaakavaunu-pramac-gs-25s4-vahvistettu-p-pp\/","og_locale":"fi_FI","og_type":"article","og_title":"Vaakavaunu Pramac GS 25S4 vahvistettu P\/PP &#8226; Storit","og_description":"Vaakavaunu Pramac GS 25S4 vahvistettu P\/PP \u2014 kohtuulliseen hintaan. Toimitukset kaikkialle Suomeen! \u261b Tutustu tuotteeseen ja tilaa k\u00e4tev\u00e4sti STORIT-verkkokaupasta!","og_url":"https:\/\/storitgroup.com\/fi\/tuote\/vaakavaunu-pramac-gs-25s4-vahvistettu-p-pp\/","og_site_name":"Storit","article_modified_time":"2026-04-03T20:31:48+00:00","og_image":[{"width":1624,"height":1624,"url":"https:\/\/storitgroup.com\/uploads\/2021\/03\/kaaluga-kahvelkarud-pramac-gs-p25-ja-gs-p25-printer-1.png","type":"image\/png"}],"twitter_card":"summary_large_image","schema":{"@context":"https:\/\/schema.org","@graph":[{"@type":["WebPage","ItemPage"],"@id":"https:\/\/storitgroup.com\/fi\/tuote\/vaakavaunu-pramac-gs-25s4-vahvistettu-p-pp\/","url":"https:\/\/storitgroup.com\/fi\/tuote\/vaakavaunu-pramac-gs-25s4-vahvistettu-p-pp\/","name":"Vaakavaunu Pramac GS 25S4 vahvistettu P\/PP &#8226; Storit","isPartOf":{"@id":"https:\/\/storitgroup.com\/fi\/#website"},"primaryImageOfPage":{"@id":"https:\/\/storitgroup.com\/fi\/tuote\/vaakavaunu-pramac-gs-25s4-vahvistettu-p-pp\/#primaryimage"},"image":{"@id":"https:\/\/storitgroup.com\/fi\/tuote\/vaakavaunu-pramac-gs-25s4-vahvistettu-p-pp\/#primaryimage"},"thumbnailUrl":"https:\/\/storitgroup.com\/uploads\/2021\/03\/kaaluga-kahvelkarud-pramac-gs-p25-ja-gs-p25-printer-1.png","datePublished":"2023-02-06T18:22:19+00:00","dateModified":"2026-04-03T20:31:48+00:00","description":"Vaakavaunu Pramac GS 25S4 vahvistettu P\/PP \u2014 kohtuulliseen hintaan. Toimitukset kaikkialle Suomeen! \u261b Tutustu tuotteeseen ja tilaa k\u00e4tev\u00e4sti STORIT-verkkokaupasta!","breadcrumb":{"@id":"https:\/\/storitgroup.com\/fi\/tuote\/vaakavaunu-pramac-gs-25s4-vahvistettu-p-pp\/#breadcrumb"},"inLanguage":"fi","potentialAction":[{"@type":"ReadAction","target":["https:\/\/storitgroup.com\/fi\/tuote\/vaakavaunu-pramac-gs-25s4-vahvistettu-p-pp\/"]}]},{"@type":"ImageObject","inLanguage":"fi","@id":"https:\/\/storitgroup.com\/fi\/tuote\/vaakavaunu-pramac-gs-25s4-vahvistettu-p-pp\/#primaryimage","url":"https:\/\/storitgroup.com\/uploads\/2021\/03\/kaaluga-kahvelkarud-pramac-gs-p25-ja-gs-p25-printer-1.png","contentUrl":"https:\/\/storitgroup.com\/uploads\/2021\/03\/kaaluga-kahvelkarud-pramac-gs-p25-ja-gs-p25-printer-1.png","width":1624,"height":1624},{"@type":"BreadcrumbList","@id":"https:\/\/storitgroup.com\/fi\/tuote\/vaakavaunu-pramac-gs-25s4-vahvistettu-p-pp\/#breadcrumb","itemListElement":[{"@type":"ListItem","position":1,"name":"Kotisivu","item":"https:\/\/storitgroup.com\/fi\/"},{"@type":"ListItem","position":2,"name":"Tuotteet","item":"https:\/\/storitgroup.com\/fi\/tuotteet\/"},{"@type":"ListItem","position":3,"name":"Varastotrukit, nostolavat, tarvikkeet","item":"https:\/\/storitgroup.com\/fi\/varastotrukit-nostolavat-tarvikkeet\/"},{"@type":"ListItem","position":4,"name":"Haarukkavaunut, pumppuk\u00e4rryt ja lavansiirt\u00e4j\u00e4t","item":"https:\/\/storitgroup.com\/fi\/varastotrukit-nostolavat-tarvikkeet\/haarukkavaunut-pumppukarryt-ja-lavansiirtajat\/"},{"@type":"ListItem","position":5,"name":"Vaakavaunut","item":"https:\/\/storitgroup.com\/fi\/varastotrukit-nostolavat-tarvikkeet\/haarukkavaunut-pumppukarryt-ja-lavansiirtajat\/vaakavaunut\/"},{"@type":"ListItem","position":6,"name":"Vaakavaunu Pramac GS 25S4 vahvistettu P\/PP"}]},{"@type":"WebSite","@id":"https:\/\/storitgroup.com\/fi\/#website","url":"https:\/\/storitgroup.com\/fi\/","name":"Storit","description":"","potentialAction":[{"@type":"SearchAction","target":{"@type":"EntryPoint","urlTemplate":"https:\/\/storitgroup.com\/fi\/?s={search_term_string}"},"query-input":{"@type":"PropertyValueSpecification","valueRequired":true,"valueName":"search_term_string"}}],"inLanguage":"fi"}]}},"_links":{"self":[{"href":"https:\/\/storitgroup.com\/fi\/wp-json\/wp\/v2\/product\/202541","targetHints":{"allow":["GET"]}}],"collection":[{"href":"https:\/\/storitgroup.com\/fi\/wp-json\/wp\/v2\/product"}],"about":[{"href":"https:\/\/storitgroup.com\/fi\/wp-json\/wp\/v2\/types\/product"}],"wp:featuredmedia":[{"embeddable":true,"href":"https:\/\/storitgroup.com\/fi\/wp-json\/wp\/v2\/media\/4916"}],"wp:attachment":[{"href":"https:\/\/storitgroup.com\/fi\/wp-json\/wp\/v2\/media?parent=202541"}],"wp:term":[{"taxonomy":"product_brand","embeddable":true,"href":"https:\/\/storitgroup.com\/fi\/wp-json\/wp\/v2\/product_brand?post=202541"},{"taxonomy":"product_cat","embeddable":true,"href":"https:\/\/storitgroup.com\/fi\/wp-json\/wp\/v2\/product_cat?post=202541"},{"taxonomy":"product_tag","embeddable":true,"href":"https:\/\/storitgroup.com\/fi\/wp-json\/wp\/v2\/product_tag?post=202541"}],"curies":[{"name":"wp","href":"https:\/\/api.w.org\/{rel}","templated":true}]}}