{"id":202155,"date":"2022-12-12T08:48:06","date_gmt":"2022-12-12T06:48:13","guid":{"rendered":"https:\/\/storitgroup.com\/?post_type=product&#038;p=202155"},"modified":"2025-02-08T07:46:21","modified_gmt":"2025-02-08T05:46:21","slug":"lisahylly-tyokalukaappiin-stron-sininen","status":"publish","type":"product","link":"https:\/\/storitgroup.com\/fi\/tuote\/lisahylly-tyokalukaappiin-stron-sininen\/","title":{"rendered":"Lis\u00e4hylly ty\u00f6kalukaappiin Stron, sininen"},"content":{"rendered":"<p>Ter\u00e4ksinen lis\u00e4hylly Strong ty\u00f6kalukaappiin. Kantavuus on 120 kg.<\/p>\n","protected":false},"excerpt":{"rendered":"<p>Ter\u00e4ksinen lis\u00e4hylly Strong ty\u00f6kalukaappiin. Kantavuus on 120 kg.<\/p>\n","protected":false},"featured_media":202516,"template":"","meta":{"_acf_changed":false},"product_brand":[],"product_cat":[7071],"product_tag":[],"class_list":{"0":"post-202155","1":"product","2":"type-product","3":"status-publish","4":"has-post-thumbnail","6":"product_cat-tyokalukaapit-ja-vaunut","8":"first","9":"onbackorder","10":"taxable","11":"shipping-taxable","12":"purchasable","13":"product-type-simple"},"acf":[],"yoast_head":"<!-- This site is optimized with the Yoast SEO plugin v27.2 - https:\/\/yoast.com\/product\/yoast-seo-wordpress\/ -->\n<title>Lis\u00e4hylly ty\u00f6kalukaappiin Stron, sininen &#8226; Storit<\/title>\n<meta name=\"description\" content=\"Lis\u00e4hylly ty\u00f6kalukaappiin Stron, sininen \u2014 kohtuulliseen hintaan. Toimitukset kaikkialle Suomeen! \u261b Tutustu tuotteeseen ja tilaa k\u00e4tev\u00e4sti STORIT-verkkokaupasta!\" \/>\n<meta name=\"robots\" content=\"index, follow, max-snippet:-1, max-image-preview:large, max-video-preview:-1\" \/>\n<link rel=\"canonical\" href=\"https:\/\/storitgroup.com\/fi\/tuote\/lisahylly-tyokalukaappiin-stron-sininen\/\" \/>\n<meta property=\"og:locale\" content=\"fi_FI\" \/>\n<meta property=\"og:type\" content=\"article\" \/>\n<meta property=\"og:title\" content=\"Lis\u00e4hylly ty\u00f6kalukaappiin Stron, sininen &#8226; Storit\" \/>\n<meta property=\"og:description\" content=\"Lis\u00e4hylly ty\u00f6kalukaappiin Stron, sininen \u2014 kohtuulliseen hintaan. Toimitukset kaikkialle Suomeen! \u261b Tutustu tuotteeseen ja tilaa k\u00e4tev\u00e4sti STORIT-verkkokaupasta!\" \/>\n<meta property=\"og:url\" content=\"https:\/\/storitgroup.com\/fi\/tuote\/lisahylly-tyokalukaappiin-stron-sininen\/\" \/>\n<meta property=\"og:site_name\" content=\"Storit\" \/>\n<meta property=\"article:modified_time\" content=\"2025-02-08T05:46:21+00:00\" \/>\n<meta name=\"twitter:card\" content=\"summary_large_image\" \/>\n<script type=\"application\/ld+json\" class=\"yoast-schema-graph\">{\"@context\":\"https:\/\/schema.org\",\"@graph\":[{\"@type\":[\"WebPage\",\"ItemPage\"],\"@id\":\"https:\/\/storitgroup.com\/fi\/tuote\/lisahylly-tyokalukaappiin-stron-sininen\/\",\"url\":\"https:\/\/storitgroup.com\/fi\/tuote\/lisahylly-tyokalukaappiin-stron-sininen\/\",\"name\":\"Lis\u00e4hylly ty\u00f6kalukaappiin Stron, sininen &#8226; Storit\",\"isPartOf\":{\"@id\":\"https:\/\/storitgroup.com\/fi\/#website\"},\"primaryImageOfPage\":{\"@id\":\"https:\/\/storitgroup.com\/fi\/tuote\/lisahylly-tyokalukaappiin-stron-sininen\/#primaryimage\"},\"image\":{\"@id\":\"https:\/\/storitgroup.com\/fi\/tuote\/lisahylly-tyokalukaappiin-stron-sininen\/#primaryimage\"},\"thumbnailUrl\":\"https:\/\/storitgroup.com\/uploads\/2022\/12\/5-74000_strong_riiul-3.jpg\",\"datePublished\":\"2022-12-12T06:48:13+00:00\",\"dateModified\":\"2025-02-08T05:46:21+00:00\",\"description\":\"Lis\u00e4hylly ty\u00f6kalukaappiin Stron, sininen \u2014 kohtuulliseen hintaan. Toimitukset kaikkialle Suomeen! \u261b Tutustu tuotteeseen ja tilaa k\u00e4tev\u00e4sti STORIT-verkkokaupasta!\",\"breadcrumb\":{\"@id\":\"https:\/\/storitgroup.com\/fi\/tuote\/lisahylly-tyokalukaappiin-stron-sininen\/#breadcrumb\"},\"inLanguage\":\"fi\",\"potentialAction\":[{\"@type\":\"ReadAction\",\"target\":[\"https:\/\/storitgroup.com\/fi\/tuote\/lisahylly-tyokalukaappiin-stron-sininen\/\"]}]},{\"@type\":\"ImageObject\",\"inLanguage\":\"fi\",\"@id\":\"https:\/\/storitgroup.com\/fi\/tuote\/lisahylly-tyokalukaappiin-stron-sininen\/#primaryimage\",\"url\":\"https:\/\/storitgroup.com\/uploads\/2022\/12\/5-74000_strong_riiul-3.jpg\",\"contentUrl\":\"https:\/\/storitgroup.com\/uploads\/2022\/12\/5-74000_strong_riiul-3.jpg\",\"width\":467,\"height\":521},{\"@type\":\"BreadcrumbList\",\"@id\":\"https:\/\/storitgroup.com\/fi\/tuote\/lisahylly-tyokalukaappiin-stron-sininen\/#breadcrumb\",\"itemListElement\":[{\"@type\":\"ListItem\",\"position\":1,\"name\":\"Kotisivu\",\"item\":\"https:\/\/storitgroup.com\/fi\/\"},{\"@type\":\"ListItem\",\"position\":2,\"name\":\"Tuotteet\",\"item\":\"https:\/\/storitgroup.com\/fi\/tuotteet\/\"},{\"@type\":\"ListItem\",\"position\":3,\"name\":\"Metallikaapit, pukukaapit\",\"item\":\"https:\/\/storitgroup.com\/fi\/metallikaapit-pukukaapit\/\"},{\"@type\":\"ListItem\",\"position\":4,\"name\":\"Ty\u00f6kalukaapit ja -vaunut\",\"item\":\"https:\/\/storitgroup.com\/fi\/metallikaapit-pukukaapit\/tyokalukaapit-ja-vaunut\/\"},{\"@type\":\"ListItem\",\"position\":5,\"name\":\"Lis\u00e4hylly ty\u00f6kalukaappiin Stron, sininen\"}]},{\"@type\":\"WebSite\",\"@id\":\"https:\/\/storitgroup.com\/fi\/#website\",\"url\":\"https:\/\/storitgroup.com\/fi\/\",\"name\":\"Storit\",\"description\":\"\",\"potentialAction\":[{\"@type\":\"SearchAction\",\"target\":{\"@type\":\"EntryPoint\",\"urlTemplate\":\"https:\/\/storitgroup.com\/fi\/?s={search_term_string}\"},\"query-input\":{\"@type\":\"PropertyValueSpecification\",\"valueRequired\":true,\"valueName\":\"search_term_string\"}}],\"inLanguage\":\"fi\"}]}<\/script>\n<!-- \/ Yoast SEO plugin. -->","yoast_head_json":{"title":"Lis\u00e4hylly ty\u00f6kalukaappiin Stron, sininen &#8226; Storit","description":"Lis\u00e4hylly ty\u00f6kalukaappiin Stron, sininen \u2014 kohtuulliseen hintaan. Toimitukset kaikkialle Suomeen! \u261b Tutustu tuotteeseen ja tilaa k\u00e4tev\u00e4sti STORIT-verkkokaupasta!","robots":{"index":"index","follow":"follow","max-snippet":"max-snippet:-1","max-image-preview":"max-image-preview:large","max-video-preview":"max-video-preview:-1"},"canonical":"https:\/\/storitgroup.com\/fi\/tuote\/lisahylly-tyokalukaappiin-stron-sininen\/","og_locale":"fi_FI","og_type":"article","og_title":"Lis\u00e4hylly ty\u00f6kalukaappiin Stron, sininen &#8226; Storit","og_description":"Lis\u00e4hylly ty\u00f6kalukaappiin Stron, sininen \u2014 kohtuulliseen hintaan. Toimitukset kaikkialle Suomeen! \u261b Tutustu tuotteeseen ja tilaa k\u00e4tev\u00e4sti STORIT-verkkokaupasta!","og_url":"https:\/\/storitgroup.com\/fi\/tuote\/lisahylly-tyokalukaappiin-stron-sininen\/","og_site_name":"Storit","article_modified_time":"2025-02-08T05:46:21+00:00","twitter_card":"summary_large_image","schema":{"@context":"https:\/\/schema.org","@graph":[{"@type":["WebPage","ItemPage"],"@id":"https:\/\/storitgroup.com\/fi\/tuote\/lisahylly-tyokalukaappiin-stron-sininen\/","url":"https:\/\/storitgroup.com\/fi\/tuote\/lisahylly-tyokalukaappiin-stron-sininen\/","name":"Lis\u00e4hylly ty\u00f6kalukaappiin Stron, sininen &#8226; Storit","isPartOf":{"@id":"https:\/\/storitgroup.com\/fi\/#website"},"primaryImageOfPage":{"@id":"https:\/\/storitgroup.com\/fi\/tuote\/lisahylly-tyokalukaappiin-stron-sininen\/#primaryimage"},"image":{"@id":"https:\/\/storitgroup.com\/fi\/tuote\/lisahylly-tyokalukaappiin-stron-sininen\/#primaryimage"},"thumbnailUrl":"https:\/\/storitgroup.com\/uploads\/2022\/12\/5-74000_strong_riiul-3.jpg","datePublished":"2022-12-12T06:48:13+00:00","dateModified":"2025-02-08T05:46:21+00:00","description":"Lis\u00e4hylly ty\u00f6kalukaappiin Stron, sininen \u2014 kohtuulliseen hintaan. Toimitukset kaikkialle Suomeen! \u261b Tutustu tuotteeseen ja tilaa k\u00e4tev\u00e4sti STORIT-verkkokaupasta!","breadcrumb":{"@id":"https:\/\/storitgroup.com\/fi\/tuote\/lisahylly-tyokalukaappiin-stron-sininen\/#breadcrumb"},"inLanguage":"fi","potentialAction":[{"@type":"ReadAction","target":["https:\/\/storitgroup.com\/fi\/tuote\/lisahylly-tyokalukaappiin-stron-sininen\/"]}]},{"@type":"ImageObject","inLanguage":"fi","@id":"https:\/\/storitgroup.com\/fi\/tuote\/lisahylly-tyokalukaappiin-stron-sininen\/#primaryimage","url":"https:\/\/storitgroup.com\/uploads\/2022\/12\/5-74000_strong_riiul-3.jpg","contentUrl":"https:\/\/storitgroup.com\/uploads\/2022\/12\/5-74000_strong_riiul-3.jpg","width":467,"height":521},{"@type":"BreadcrumbList","@id":"https:\/\/storitgroup.com\/fi\/tuote\/lisahylly-tyokalukaappiin-stron-sininen\/#breadcrumb","itemListElement":[{"@type":"ListItem","position":1,"name":"Kotisivu","item":"https:\/\/storitgroup.com\/fi\/"},{"@type":"ListItem","position":2,"name":"Tuotteet","item":"https:\/\/storitgroup.com\/fi\/tuotteet\/"},{"@type":"ListItem","position":3,"name":"Metallikaapit, pukukaapit","item":"https:\/\/storitgroup.com\/fi\/metallikaapit-pukukaapit\/"},{"@type":"ListItem","position":4,"name":"Ty\u00f6kalukaapit ja -vaunut","item":"https:\/\/storitgroup.com\/fi\/metallikaapit-pukukaapit\/tyokalukaapit-ja-vaunut\/"},{"@type":"ListItem","position":5,"name":"Lis\u00e4hylly ty\u00f6kalukaappiin Stron, sininen"}]},{"@type":"WebSite","@id":"https:\/\/storitgroup.com\/fi\/#website","url":"https:\/\/storitgroup.com\/fi\/","name":"Storit","description":"","potentialAction":[{"@type":"SearchAction","target":{"@type":"EntryPoint","urlTemplate":"https:\/\/storitgroup.com\/fi\/?s={search_term_string}"},"query-input":{"@type":"PropertyValueSpecification","valueRequired":true,"valueName":"search_term_string"}}],"inLanguage":"fi"}]}},"_links":{"self":[{"href":"https:\/\/storitgroup.com\/fi\/wp-json\/wp\/v2\/product\/202155","targetHints":{"allow":["GET"]}}],"collection":[{"href":"https:\/\/storitgroup.com\/fi\/wp-json\/wp\/v2\/product"}],"about":[{"href":"https:\/\/storitgroup.com\/fi\/wp-json\/wp\/v2\/types\/product"}],"wp:featuredmedia":[{"embeddable":true,"href":"https:\/\/storitgroup.com\/fi\/wp-json\/wp\/v2\/media\/202516"}],"wp:attachment":[{"href":"https:\/\/storitgroup.com\/fi\/wp-json\/wp\/v2\/media?parent=202155"}],"wp:term":[{"taxonomy":"product_brand","embeddable":true,"href":"https:\/\/storitgroup.com\/fi\/wp-json\/wp\/v2\/product_brand?post=202155"},{"taxonomy":"product_cat","embeddable":true,"href":"https:\/\/storitgroup.com\/fi\/wp-json\/wp\/v2\/product_cat?post=202155"},{"taxonomy":"product_tag","embeddable":true,"href":"https:\/\/storitgroup.com\/fi\/wp-json\/wp\/v2\/product_tag?post=202155"}],"curies":[{"name":"wp","href":"https:\/\/api.w.org\/{rel}","templated":true}]}}