{"id":202019,"date":"2022-11-28T14:58:02","date_gmt":"2022-11-28T12:58:08","guid":{"rendered":"https:\/\/storitgroup.com\/?post_type=product&#038;p=202019"},"modified":"2024-11-25T15:26:22","modified_gmt":"2024-11-25T13:26:22","slug":"innovatiivinen-varastointijarjestelma-storeganizer","status":"publish","type":"product","link":"https:\/\/storitgroup.com\/fi\/tuote\/innovatiivinen-varastointijarjestelma-storeganizer\/","title":{"rendered":"Innovatiivinen varastointij\u00e4rjestelm\u00e4 Storeganizer"},"content":{"rendered":"<p>Storeganizer s\u00e4ilytysj\u00e4rjestelm\u00e4 on innovatiivinen suuritiheyksinen s\u00e4ilytysratkaisu, jonka avulla varastot voivat s\u00e4ilytt\u00e4\u00e4 kustannustehokkaasti enemm\u00e4n tavaroita m\u00b2 ja m\u00b3 kohden. Joustavasta ja kest\u00e4v\u00e4st\u00e4 kankaasta valmistettujen helppop\u00e4\u00e4syisten taskujen avulla voit optimoida hyllytilan k\u00e4yt\u00f6n, lis\u00e4t\u00e4 hakuiden m\u00e4\u00e4r\u00e4\u00e4 ja v\u00e4hent\u00e4\u00e4 k\u00e4velyyn kuluvaa aikaa. MAHDOLLISUUS &#8211; KOKEILE KOLME KUUKAUTA ILMAISEKSI!<\/p>\n","protected":false},"excerpt":{"rendered":"<p>Storeganizer s\u00e4ilytysj\u00e4rjestelm\u00e4 on innovatiivinen suuritiheyksinen s\u00e4ilytysratkaisu, jonka avulla varastot voivat s\u00e4ilytt\u00e4\u00e4 kustannustehokkaasti enemm\u00e4n tavaroita m\u00b2 ja m\u00b3 kohden. Joustavasta ja kest\u00e4v\u00e4st\u00e4 kankaasta valmistettujen helppop\u00e4\u00e4syisten taskujen avulla voit optimoida hyllytilan k\u00e4yt\u00f6n, lis\u00e4t\u00e4 hakuiden m\u00e4\u00e4r\u00e4\u00e4 ja v\u00e4hent\u00e4\u00e4 k\u00e4velyyn kuluvaa aikaa. MAHDOLLISUUS &#8211; KOKEILE KOLME KUUKAUTA ILMAISEKSI!<\/p>\n","protected":false},"featured_media":202041,"template":"","meta":{"_acf_changed":false},"product_brand":[],"product_cat":[7562],"product_tag":[],"class_list":{"0":"post-202019","1":"product","2":"type-product","3":"status-publish","4":"has-post-thumbnail","6":"product_cat-varastointijarjestelma-storeganizer","8":"first","9":"onbackorder","10":"featured","11":"taxable","12":"shipping-taxable","13":"purchasable","14":"product-type-simple"},"acf":[],"yoast_head":"<!-- This site is optimized with the Yoast SEO plugin v27.4 - https:\/\/yoast.com\/product\/yoast-seo-wordpress\/ -->\n<title>Innovatiivinen varastointij\u00e4rjestelm\u00e4 Storeganizer &#8226; Storit<\/title>\n<meta name=\"description\" content=\"Innovatiivinen varastointij\u00e4rjestelm\u00e4 Storeganizer \u2014 kohtuulliseen hintaan. Toimitukset kaikkialle Suomeen! \u261b Tutustu tuotteeseen ja tilaa k\u00e4tev\u00e4sti STORIT-verkkokaupasta!\" \/>\n<meta name=\"robots\" content=\"index, follow, max-snippet:-1, max-image-preview:large, max-video-preview:-1\" \/>\n<link rel=\"canonical\" href=\"https:\/\/storitgroup.com\/fi\/tuote\/innovatiivinen-varastointijarjestelma-storeganizer\/\" \/>\n<meta property=\"og:locale\" content=\"fi_FI\" \/>\n<meta property=\"og:type\" content=\"article\" \/>\n<meta property=\"og:title\" content=\"Innovatiivinen varastointij\u00e4rjestelm\u00e4 Storeganizer &#8226; Storit\" \/>\n<meta property=\"og:description\" content=\"Innovatiivinen varastointij\u00e4rjestelm\u00e4 Storeganizer \u2014 kohtuulliseen hintaan. Toimitukset kaikkialle Suomeen! \u261b Tutustu tuotteeseen ja tilaa k\u00e4tev\u00e4sti STORIT-verkkokaupasta!\" \/>\n<meta property=\"og:url\" content=\"https:\/\/storitgroup.com\/fi\/tuote\/innovatiivinen-varastointijarjestelma-storeganizer\/\" \/>\n<meta property=\"og:site_name\" content=\"Storit\" \/>\n<meta property=\"article:modified_time\" content=\"2024-11-25T13:26:22+00:00\" \/>\n<meta property=\"og:image\" content=\"https:\/\/storitgroup.com\/uploads\/2022\/11\/spare-parts-@-ceva-logstics-0003-scaled.jpg\" \/>\n\t<meta property=\"og:image:width\" content=\"2560\" \/>\n\t<meta property=\"og:image:height\" content=\"1707\" \/>\n\t<meta property=\"og:image:type\" content=\"image\/jpeg\" \/>\n<meta name=\"twitter:card\" content=\"summary_large_image\" \/>\n<script type=\"application\/ld+json\" class=\"yoast-schema-graph\">{\"@context\":\"https:\\\/\\\/schema.org\",\"@graph\":[{\"@type\":[\"WebPage\",\"ItemPage\"],\"@id\":\"https:\\\/\\\/storitgroup.com\\\/fi\\\/tuote\\\/innovatiivinen-varastointijarjestelma-storeganizer\\\/\",\"url\":\"https:\\\/\\\/storitgroup.com\\\/fi\\\/tuote\\\/innovatiivinen-varastointijarjestelma-storeganizer\\\/\",\"name\":\"Innovatiivinen varastointij\u00e4rjestelm\u00e4 Storeganizer &#8226; Storit\",\"isPartOf\":{\"@id\":\"https:\\\/\\\/storitgroup.com\\\/fi\\\/#website\"},\"primaryImageOfPage\":{\"@id\":\"https:\\\/\\\/storitgroup.com\\\/fi\\\/tuote\\\/innovatiivinen-varastointijarjestelma-storeganizer\\\/#primaryimage\"},\"image\":{\"@id\":\"https:\\\/\\\/storitgroup.com\\\/fi\\\/tuote\\\/innovatiivinen-varastointijarjestelma-storeganizer\\\/#primaryimage\"},\"thumbnailUrl\":\"https:\\\/\\\/storitgroup.com\\\/uploads\\\/2022\\\/11\\\/spare-parts-@-ceva-logstics-0003-scaled.jpg\",\"datePublished\":\"2022-11-28T12:58:08+00:00\",\"dateModified\":\"2024-11-25T13:26:22+00:00\",\"description\":\"Innovatiivinen varastointij\u00e4rjestelm\u00e4 Storeganizer \u2014 kohtuulliseen hintaan. Toimitukset kaikkialle Suomeen! \u261b Tutustu tuotteeseen ja tilaa k\u00e4tev\u00e4sti STORIT-verkkokaupasta!\",\"breadcrumb\":{\"@id\":\"https:\\\/\\\/storitgroup.com\\\/fi\\\/tuote\\\/innovatiivinen-varastointijarjestelma-storeganizer\\\/#breadcrumb\"},\"inLanguage\":\"fi\",\"potentialAction\":[{\"@type\":\"ReadAction\",\"target\":[\"https:\\\/\\\/storitgroup.com\\\/fi\\\/tuote\\\/innovatiivinen-varastointijarjestelma-storeganizer\\\/\"]}]},{\"@type\":\"ImageObject\",\"inLanguage\":\"fi\",\"@id\":\"https:\\\/\\\/storitgroup.com\\\/fi\\\/tuote\\\/innovatiivinen-varastointijarjestelma-storeganizer\\\/#primaryimage\",\"url\":\"https:\\\/\\\/storitgroup.com\\\/uploads\\\/2022\\\/11\\\/spare-parts-@-ceva-logstics-0003-scaled.jpg\",\"contentUrl\":\"https:\\\/\\\/storitgroup.com\\\/uploads\\\/2022\\\/11\\\/spare-parts-@-ceva-logstics-0003-scaled.jpg\",\"width\":2560,\"height\":1707,\"caption\":\"1901009. 29th January 2019. CEVA Logistics, Daventry.\"},{\"@type\":\"BreadcrumbList\",\"@id\":\"https:\\\/\\\/storitgroup.com\\\/fi\\\/tuote\\\/innovatiivinen-varastointijarjestelma-storeganizer\\\/#breadcrumb\",\"itemListElement\":[{\"@type\":\"ListItem\",\"position\":1,\"name\":\"Kotisivu\",\"item\":\"https:\\\/\\\/storitgroup.com\\\/fi\\\/\"},{\"@type\":\"ListItem\",\"position\":2,\"name\":\"Tuotteet\",\"item\":\"https:\\\/\\\/storitgroup.com\\\/fi\\\/tuotteet\\\/\"},{\"@type\":\"ListItem\",\"position\":3,\"name\":\"Varastohyllyt, v\u00e4litasot\",\"item\":\"https:\\\/\\\/storitgroup.com\\\/fi\\\/tuotteet\\\/varastohyllyt-valitasot\\\/\"},{\"@type\":\"ListItem\",\"position\":4,\"name\":\"Kuormalavahyllyt\",\"item\":\"https:\\\/\\\/storitgroup.com\\\/fi\\\/tuotteet\\\/varastohyllyt-valitasot\\\/https-storitgroup-com-fi-varastohyllyt-valitasot-kuormalavahyllyt\\\/\"},{\"@type\":\"ListItem\",\"position\":5,\"name\":\"Varastointij\u00e4rjestelm\u00e4: Storeganizer\",\"item\":\"https:\\\/\\\/storitgroup.com\\\/fi\\\/tuotteet\\\/varastohyllyt-valitasot\\\/https-storitgroup-com-fi-varastohyllyt-valitasot-kuormalavahyllyt\\\/varastointijarjestelma-storeganizer\\\/\"},{\"@type\":\"ListItem\",\"position\":6,\"name\":\"Innovatiivinen varastointij\u00e4rjestelm\u00e4 Storeganizer\"}]},{\"@type\":\"WebSite\",\"@id\":\"https:\\\/\\\/storitgroup.com\\\/fi\\\/#website\",\"url\":\"https:\\\/\\\/storitgroup.com\\\/fi\\\/\",\"name\":\"Storit\",\"description\":\"\",\"potentialAction\":[{\"@type\":\"SearchAction\",\"target\":{\"@type\":\"EntryPoint\",\"urlTemplate\":\"https:\\\/\\\/storitgroup.com\\\/fi\\\/?s={search_term_string}\"},\"query-input\":{\"@type\":\"PropertyValueSpecification\",\"valueRequired\":true,\"valueName\":\"search_term_string\"}}],\"inLanguage\":\"fi\"}]}<\/script>\n<!-- \/ Yoast SEO plugin. -->","yoast_head_json":{"title":"Innovatiivinen varastointij\u00e4rjestelm\u00e4 Storeganizer &#8226; Storit","description":"Innovatiivinen varastointij\u00e4rjestelm\u00e4 Storeganizer \u2014 kohtuulliseen hintaan. Toimitukset kaikkialle Suomeen! \u261b Tutustu tuotteeseen ja tilaa k\u00e4tev\u00e4sti STORIT-verkkokaupasta!","robots":{"index":"index","follow":"follow","max-snippet":"max-snippet:-1","max-image-preview":"max-image-preview:large","max-video-preview":"max-video-preview:-1"},"canonical":"https:\/\/storitgroup.com\/fi\/tuote\/innovatiivinen-varastointijarjestelma-storeganizer\/","og_locale":"fi_FI","og_type":"article","og_title":"Innovatiivinen varastointij\u00e4rjestelm\u00e4 Storeganizer &#8226; Storit","og_description":"Innovatiivinen varastointij\u00e4rjestelm\u00e4 Storeganizer \u2014 kohtuulliseen hintaan. Toimitukset kaikkialle Suomeen! \u261b Tutustu tuotteeseen ja tilaa k\u00e4tev\u00e4sti STORIT-verkkokaupasta!","og_url":"https:\/\/storitgroup.com\/fi\/tuote\/innovatiivinen-varastointijarjestelma-storeganizer\/","og_site_name":"Storit","article_modified_time":"2024-11-25T13:26:22+00:00","og_image":[{"width":2560,"height":1707,"url":"https:\/\/storitgroup.com\/uploads\/2022\/11\/spare-parts-@-ceva-logstics-0003-scaled.jpg","type":"image\/jpeg"}],"twitter_card":"summary_large_image","schema":{"@context":"https:\/\/schema.org","@graph":[{"@type":["WebPage","ItemPage"],"@id":"https:\/\/storitgroup.com\/fi\/tuote\/innovatiivinen-varastointijarjestelma-storeganizer\/","url":"https:\/\/storitgroup.com\/fi\/tuote\/innovatiivinen-varastointijarjestelma-storeganizer\/","name":"Innovatiivinen varastointij\u00e4rjestelm\u00e4 Storeganizer &#8226; Storit","isPartOf":{"@id":"https:\/\/storitgroup.com\/fi\/#website"},"primaryImageOfPage":{"@id":"https:\/\/storitgroup.com\/fi\/tuote\/innovatiivinen-varastointijarjestelma-storeganizer\/#primaryimage"},"image":{"@id":"https:\/\/storitgroup.com\/fi\/tuote\/innovatiivinen-varastointijarjestelma-storeganizer\/#primaryimage"},"thumbnailUrl":"https:\/\/storitgroup.com\/uploads\/2022\/11\/spare-parts-@-ceva-logstics-0003-scaled.jpg","datePublished":"2022-11-28T12:58:08+00:00","dateModified":"2024-11-25T13:26:22+00:00","description":"Innovatiivinen varastointij\u00e4rjestelm\u00e4 Storeganizer \u2014 kohtuulliseen hintaan. Toimitukset kaikkialle Suomeen! \u261b Tutustu tuotteeseen ja tilaa k\u00e4tev\u00e4sti STORIT-verkkokaupasta!","breadcrumb":{"@id":"https:\/\/storitgroup.com\/fi\/tuote\/innovatiivinen-varastointijarjestelma-storeganizer\/#breadcrumb"},"inLanguage":"fi","potentialAction":[{"@type":"ReadAction","target":["https:\/\/storitgroup.com\/fi\/tuote\/innovatiivinen-varastointijarjestelma-storeganizer\/"]}]},{"@type":"ImageObject","inLanguage":"fi","@id":"https:\/\/storitgroup.com\/fi\/tuote\/innovatiivinen-varastointijarjestelma-storeganizer\/#primaryimage","url":"https:\/\/storitgroup.com\/uploads\/2022\/11\/spare-parts-@-ceva-logstics-0003-scaled.jpg","contentUrl":"https:\/\/storitgroup.com\/uploads\/2022\/11\/spare-parts-@-ceva-logstics-0003-scaled.jpg","width":2560,"height":1707,"caption":"1901009. 29th January 2019. CEVA Logistics, Daventry."},{"@type":"BreadcrumbList","@id":"https:\/\/storitgroup.com\/fi\/tuote\/innovatiivinen-varastointijarjestelma-storeganizer\/#breadcrumb","itemListElement":[{"@type":"ListItem","position":1,"name":"Kotisivu","item":"https:\/\/storitgroup.com\/fi\/"},{"@type":"ListItem","position":2,"name":"Tuotteet","item":"https:\/\/storitgroup.com\/fi\/tuotteet\/"},{"@type":"ListItem","position":3,"name":"Varastohyllyt, v\u00e4litasot","item":"https:\/\/storitgroup.com\/fi\/tuotteet\/varastohyllyt-valitasot\/"},{"@type":"ListItem","position":4,"name":"Kuormalavahyllyt","item":"https:\/\/storitgroup.com\/fi\/tuotteet\/varastohyllyt-valitasot\/https-storitgroup-com-fi-varastohyllyt-valitasot-kuormalavahyllyt\/"},{"@type":"ListItem","position":5,"name":"Varastointij\u00e4rjestelm\u00e4: Storeganizer","item":"https:\/\/storitgroup.com\/fi\/tuotteet\/varastohyllyt-valitasot\/https-storitgroup-com-fi-varastohyllyt-valitasot-kuormalavahyllyt\/varastointijarjestelma-storeganizer\/"},{"@type":"ListItem","position":6,"name":"Innovatiivinen varastointij\u00e4rjestelm\u00e4 Storeganizer"}]},{"@type":"WebSite","@id":"https:\/\/storitgroup.com\/fi\/#website","url":"https:\/\/storitgroup.com\/fi\/","name":"Storit","description":"","potentialAction":[{"@type":"SearchAction","target":{"@type":"EntryPoint","urlTemplate":"https:\/\/storitgroup.com\/fi\/?s={search_term_string}"},"query-input":{"@type":"PropertyValueSpecification","valueRequired":true,"valueName":"search_term_string"}}],"inLanguage":"fi"}]}},"_links":{"self":[{"href":"https:\/\/storitgroup.com\/fi\/wp-json\/wp\/v2\/product\/202019","targetHints":{"allow":["GET"]}}],"collection":[{"href":"https:\/\/storitgroup.com\/fi\/wp-json\/wp\/v2\/product"}],"about":[{"href":"https:\/\/storitgroup.com\/fi\/wp-json\/wp\/v2\/types\/product"}],"wp:featuredmedia":[{"embeddable":true,"href":"https:\/\/storitgroup.com\/fi\/wp-json\/wp\/v2\/media\/202041"}],"wp:attachment":[{"href":"https:\/\/storitgroup.com\/fi\/wp-json\/wp\/v2\/media?parent=202019"}],"wp:term":[{"taxonomy":"product_brand","embeddable":true,"href":"https:\/\/storitgroup.com\/fi\/wp-json\/wp\/v2\/product_brand?post=202019"},{"taxonomy":"product_cat","embeddable":true,"href":"https:\/\/storitgroup.com\/fi\/wp-json\/wp\/v2\/product_cat?post=202019"},{"taxonomy":"product_tag","embeddable":true,"href":"https:\/\/storitgroup.com\/fi\/wp-json\/wp\/v2\/product_tag?post=202019"}],"curies":[{"name":"wp","href":"https:\/\/api.w.org\/{rel}","templated":true}]}}