{"id":201451,"date":"2022-11-11T09:07:11","date_gmt":"2022-11-11T07:07:17","guid":{"rendered":"https:\/\/storitgroup.com\/?post_type=product&#038;p=201451"},"modified":"2025-05-31T00:05:02","modified_gmt":"2025-05-30T21:05:02","slug":"pukukaappi-3x400-mm-viistokatto-ja-vent-reiat-ral7035-6011l","status":"publish","type":"product","link":"https:\/\/storitgroup.com\/fi\/tuote\/pukukaappi-3x400-mm-viistokatto-ja-vent-reiat-ral7035-6011l\/","title":{"rendered":"Pukukaappi 3&#215;400 mm, viistokatto ja vent.rei\u00e4t, RAL7035\/6011L"},"content":{"rendered":"<p>6 vaatekaappia edulliseen hintaan, jotka ovat k\u00e4rsineet v\u00e4h\u00e4isi\u00e4 vaurioita kuljetuksessa. Vikoja voi esiinty\u00e4 sek\u00e4 rungossa ett\u00e4 ovissa. Kaapissa on viisto katto, jonka sivuilla on tuuletusaukot. Joissakin saman sarjan kaapeissa on my\u00f6s tuuletusaukko katossa.<br Yleisen ilmankierron takaa ovien WEMO-rei\u00b4itys, joka on rekister\u00f6ity teollinen malli. \n\n Vakiovarusteisiin kuuluvat: <br \/>sylinterilukko kahdella avaimella, <br \/> hattuteline, <br \/>ripustinputki koukuilla, <br \/>itseliimautuvat pyyheteline, peili ja nimilapun pidike. <\/p>\n<p>Parhaan ratkaisun l\u00f6yt\u00e4misen huoneeseen takaa my\u00f6s laaja valikoima lis\u00e4laitteita, jotka kaikki on ostettavissa erikseen, ett\u00e4 kokoaminen olisi mahdollisimman monipuolista.<\/p>\n<p> Kaapit ovat sertifioituja ja t\u00e4ytt\u00e4v\u00e4t EU:n turvallisuusstandardit.<\/p>\n<p>NB! Hinta per kaappi!<\/p>\n","protected":false},"excerpt":{"rendered":"<p>6 vaatekaappia edulliseen hintaan, jotka ovat k\u00e4rsineet v\u00e4h\u00e4isi\u00e4 vaurioita kuljetuksessa. Vikoja voi esiinty\u00e4 sek\u00e4 rungossa ett\u00e4 ovissa. Kaapissa on viisto katto, jonka sivuilla on tuuletusaukot. Joissakin saman sarjan kaapeissa on my\u00f6s tuuletusaukko katossa.<\/p>\n","protected":false},"featured_media":201453,"template":"","meta":{"_acf_changed":false},"product_brand":[],"product_cat":[7109],"product_tag":[],"class_list":{"0":"post-201451","1":"product","2":"type-product","3":"status-publish","4":"has-post-thumbnail","6":"product_cat-loytonurkkaus","8":"first","9":"instock","10":"taxable","11":"shipping-taxable","12":"purchasable","13":"product-type-simple"},"acf":[],"yoast_head":"<!-- This site is optimized with the Yoast SEO plugin v27.2 - https:\/\/yoast.com\/product\/yoast-seo-wordpress\/ -->\n<title>Pukukaappi 3x400 mm, viistokatto ja vent.rei\u00e4t, RAL7035\/6011L &#8226; Storit<\/title>\n<meta name=\"description\" content=\"Pukukaappi 3x400 mm, viistokatto ja vent.rei\u00e4t, RAL7035\/6011L \u2014 kohtuulliseen hintaan. Toimitukset kaikkialle Suomeen! \u261b Tutustu tuotteeseen ja tilaa k\u00e4tev\u00e4sti STORIT-verkkokaupasta!\" \/>\n<meta name=\"robots\" content=\"index, follow, max-snippet:-1, max-image-preview:large, max-video-preview:-1\" \/>\n<link rel=\"canonical\" href=\"https:\/\/storitgroup.com\/fi\/tuote\/pukukaappi-3x400-mm-viistokatto-ja-vent-reiat-ral7035-6011l\/\" \/>\n<meta property=\"og:locale\" content=\"fi_FI\" \/>\n<meta property=\"og:type\" content=\"article\" \/>\n<meta property=\"og:title\" content=\"Pukukaappi 3x400 mm, viistokatto ja vent.rei\u00e4t, RAL7035\/6011L &#8226; Storit\" \/>\n<meta property=\"og:description\" content=\"Pukukaappi 3x400 mm, viistokatto ja vent.rei\u00e4t, RAL7035\/6011L \u2014 kohtuulliseen hintaan. Toimitukset kaikkialle Suomeen! \u261b Tutustu tuotteeseen ja tilaa k\u00e4tev\u00e4sti STORIT-verkkokaupasta!\" \/>\n<meta property=\"og:url\" content=\"https:\/\/storitgroup.com\/fi\/tuote\/pukukaappi-3x400-mm-viistokatto-ja-vent-reiat-ral7035-6011l\/\" \/>\n<meta property=\"og:site_name\" content=\"Storit\" \/>\n<meta property=\"article:modified_time\" content=\"2025-05-30T21:05:02+00:00\" \/>\n<meta name=\"twitter:card\" content=\"summary_large_image\" \/>\n<script type=\"application\/ld+json\" class=\"yoast-schema-graph\">{\"@context\":\"https:\/\/schema.org\",\"@graph\":[{\"@type\":[\"WebPage\",\"ItemPage\"],\"@id\":\"https:\/\/storitgroup.com\/fi\/tuote\/pukukaappi-3x400-mm-viistokatto-ja-vent-reiat-ral7035-6011l\/\",\"url\":\"https:\/\/storitgroup.com\/fi\/tuote\/pukukaappi-3x400-mm-viistokatto-ja-vent-reiat-ral7035-6011l\/\",\"name\":\"Pukukaappi 3x400 mm, viistokatto ja vent.rei\u00e4t, RAL7035\/6011L &#8226; Storit\",\"isPartOf\":{\"@id\":\"https:\/\/storitgroup.com\/fi\/#website\"},\"primaryImageOfPage\":{\"@id\":\"https:\/\/storitgroup.com\/fi\/tuote\/pukukaappi-3x400-mm-viistokatto-ja-vent-reiat-ral7035-6011l\/#primaryimage\"},\"image\":{\"@id\":\"https:\/\/storitgroup.com\/fi\/tuote\/pukukaappi-3x400-mm-viistokatto-ja-vent-reiat-ral7035-6011l\/#primaryimage\"},\"thumbnailUrl\":\"https:\/\/storitgroup.com\/uploads\/2022\/11\/kapp-24.jpeg\",\"datePublished\":\"2022-11-11T07:07:17+00:00\",\"dateModified\":\"2025-05-30T21:05:02+00:00\",\"description\":\"Pukukaappi 3x400 mm, viistokatto ja vent.rei\u00e4t, RAL7035\/6011L \u2014 kohtuulliseen hintaan. Toimitukset kaikkialle Suomeen! \u261b Tutustu tuotteeseen ja tilaa k\u00e4tev\u00e4sti STORIT-verkkokaupasta!\",\"breadcrumb\":{\"@id\":\"https:\/\/storitgroup.com\/fi\/tuote\/pukukaappi-3x400-mm-viistokatto-ja-vent-reiat-ral7035-6011l\/#breadcrumb\"},\"inLanguage\":\"fi\",\"potentialAction\":[{\"@type\":\"ReadAction\",\"target\":[\"https:\/\/storitgroup.com\/fi\/tuote\/pukukaappi-3x400-mm-viistokatto-ja-vent-reiat-ral7035-6011l\/\"]}]},{\"@type\":\"ImageObject\",\"inLanguage\":\"fi\",\"@id\":\"https:\/\/storitgroup.com\/fi\/tuote\/pukukaappi-3x400-mm-viistokatto-ja-vent-reiat-ral7035-6011l\/#primaryimage\",\"url\":\"https:\/\/storitgroup.com\/uploads\/2022\/11\/kapp-24.jpeg\",\"contentUrl\":\"https:\/\/storitgroup.com\/uploads\/2022\/11\/kapp-24.jpeg\",\"width\":1500,\"height\":2000},{\"@type\":\"BreadcrumbList\",\"@id\":\"https:\/\/storitgroup.com\/fi\/tuote\/pukukaappi-3x400-mm-viistokatto-ja-vent-reiat-ral7035-6011l\/#breadcrumb\",\"itemListElement\":[{\"@type\":\"ListItem\",\"position\":1,\"name\":\"Kotisivu\",\"item\":\"https:\/\/storitgroup.com\/fi\/\"},{\"@type\":\"ListItem\",\"position\":2,\"name\":\"Tuotteet\",\"item\":\"https:\/\/storitgroup.com\/fi\/tuotteet\/\"},{\"@type\":\"ListItem\",\"position\":3,\"name\":\"L\u00f6yt\u00f6nurkkaus\",\"item\":\"https:\/\/storitgroup.com\/fi\/loytonurkkaus\/\"},{\"@type\":\"ListItem\",\"position\":4,\"name\":\"Pukukaappi 3&#215;400 mm, viistokatto ja vent.rei\u00e4t, RAL7035\/6011L\"}]},{\"@type\":\"WebSite\",\"@id\":\"https:\/\/storitgroup.com\/fi\/#website\",\"url\":\"https:\/\/storitgroup.com\/fi\/\",\"name\":\"Storit\",\"description\":\"\",\"potentialAction\":[{\"@type\":\"SearchAction\",\"target\":{\"@type\":\"EntryPoint\",\"urlTemplate\":\"https:\/\/storitgroup.com\/fi\/?s={search_term_string}\"},\"query-input\":{\"@type\":\"PropertyValueSpecification\",\"valueRequired\":true,\"valueName\":\"search_term_string\"}}],\"inLanguage\":\"fi\"}]}<\/script>\n<!-- \/ Yoast SEO plugin. -->","yoast_head_json":{"title":"Pukukaappi 3x400 mm, viistokatto ja vent.rei\u00e4t, RAL7035\/6011L &#8226; Storit","description":"Pukukaappi 3x400 mm, viistokatto ja vent.rei\u00e4t, RAL7035\/6011L \u2014 kohtuulliseen hintaan. Toimitukset kaikkialle Suomeen! \u261b Tutustu tuotteeseen ja tilaa k\u00e4tev\u00e4sti STORIT-verkkokaupasta!","robots":{"index":"index","follow":"follow","max-snippet":"max-snippet:-1","max-image-preview":"max-image-preview:large","max-video-preview":"max-video-preview:-1"},"canonical":"https:\/\/storitgroup.com\/fi\/tuote\/pukukaappi-3x400-mm-viistokatto-ja-vent-reiat-ral7035-6011l\/","og_locale":"fi_FI","og_type":"article","og_title":"Pukukaappi 3x400 mm, viistokatto ja vent.rei\u00e4t, RAL7035\/6011L &#8226; Storit","og_description":"Pukukaappi 3x400 mm, viistokatto ja vent.rei\u00e4t, RAL7035\/6011L \u2014 kohtuulliseen hintaan. Toimitukset kaikkialle Suomeen! \u261b Tutustu tuotteeseen ja tilaa k\u00e4tev\u00e4sti STORIT-verkkokaupasta!","og_url":"https:\/\/storitgroup.com\/fi\/tuote\/pukukaappi-3x400-mm-viistokatto-ja-vent-reiat-ral7035-6011l\/","og_site_name":"Storit","article_modified_time":"2025-05-30T21:05:02+00:00","twitter_card":"summary_large_image","schema":{"@context":"https:\/\/schema.org","@graph":[{"@type":["WebPage","ItemPage"],"@id":"https:\/\/storitgroup.com\/fi\/tuote\/pukukaappi-3x400-mm-viistokatto-ja-vent-reiat-ral7035-6011l\/","url":"https:\/\/storitgroup.com\/fi\/tuote\/pukukaappi-3x400-mm-viistokatto-ja-vent-reiat-ral7035-6011l\/","name":"Pukukaappi 3x400 mm, viistokatto ja vent.rei\u00e4t, RAL7035\/6011L &#8226; Storit","isPartOf":{"@id":"https:\/\/storitgroup.com\/fi\/#website"},"primaryImageOfPage":{"@id":"https:\/\/storitgroup.com\/fi\/tuote\/pukukaappi-3x400-mm-viistokatto-ja-vent-reiat-ral7035-6011l\/#primaryimage"},"image":{"@id":"https:\/\/storitgroup.com\/fi\/tuote\/pukukaappi-3x400-mm-viistokatto-ja-vent-reiat-ral7035-6011l\/#primaryimage"},"thumbnailUrl":"https:\/\/storitgroup.com\/uploads\/2022\/11\/kapp-24.jpeg","datePublished":"2022-11-11T07:07:17+00:00","dateModified":"2025-05-30T21:05:02+00:00","description":"Pukukaappi 3x400 mm, viistokatto ja vent.rei\u00e4t, RAL7035\/6011L \u2014 kohtuulliseen hintaan. Toimitukset kaikkialle Suomeen! \u261b Tutustu tuotteeseen ja tilaa k\u00e4tev\u00e4sti STORIT-verkkokaupasta!","breadcrumb":{"@id":"https:\/\/storitgroup.com\/fi\/tuote\/pukukaappi-3x400-mm-viistokatto-ja-vent-reiat-ral7035-6011l\/#breadcrumb"},"inLanguage":"fi","potentialAction":[{"@type":"ReadAction","target":["https:\/\/storitgroup.com\/fi\/tuote\/pukukaappi-3x400-mm-viistokatto-ja-vent-reiat-ral7035-6011l\/"]}]},{"@type":"ImageObject","inLanguage":"fi","@id":"https:\/\/storitgroup.com\/fi\/tuote\/pukukaappi-3x400-mm-viistokatto-ja-vent-reiat-ral7035-6011l\/#primaryimage","url":"https:\/\/storitgroup.com\/uploads\/2022\/11\/kapp-24.jpeg","contentUrl":"https:\/\/storitgroup.com\/uploads\/2022\/11\/kapp-24.jpeg","width":1500,"height":2000},{"@type":"BreadcrumbList","@id":"https:\/\/storitgroup.com\/fi\/tuote\/pukukaappi-3x400-mm-viistokatto-ja-vent-reiat-ral7035-6011l\/#breadcrumb","itemListElement":[{"@type":"ListItem","position":1,"name":"Kotisivu","item":"https:\/\/storitgroup.com\/fi\/"},{"@type":"ListItem","position":2,"name":"Tuotteet","item":"https:\/\/storitgroup.com\/fi\/tuotteet\/"},{"@type":"ListItem","position":3,"name":"L\u00f6yt\u00f6nurkkaus","item":"https:\/\/storitgroup.com\/fi\/loytonurkkaus\/"},{"@type":"ListItem","position":4,"name":"Pukukaappi 3&#215;400 mm, viistokatto ja vent.rei\u00e4t, RAL7035\/6011L"}]},{"@type":"WebSite","@id":"https:\/\/storitgroup.com\/fi\/#website","url":"https:\/\/storitgroup.com\/fi\/","name":"Storit","description":"","potentialAction":[{"@type":"SearchAction","target":{"@type":"EntryPoint","urlTemplate":"https:\/\/storitgroup.com\/fi\/?s={search_term_string}"},"query-input":{"@type":"PropertyValueSpecification","valueRequired":true,"valueName":"search_term_string"}}],"inLanguage":"fi"}]}},"_links":{"self":[{"href":"https:\/\/storitgroup.com\/fi\/wp-json\/wp\/v2\/product\/201451","targetHints":{"allow":["GET"]}}],"collection":[{"href":"https:\/\/storitgroup.com\/fi\/wp-json\/wp\/v2\/product"}],"about":[{"href":"https:\/\/storitgroup.com\/fi\/wp-json\/wp\/v2\/types\/product"}],"wp:featuredmedia":[{"embeddable":true,"href":"https:\/\/storitgroup.com\/fi\/wp-json\/wp\/v2\/media\/201453"}],"wp:attachment":[{"href":"https:\/\/storitgroup.com\/fi\/wp-json\/wp\/v2\/media?parent=201451"}],"wp:term":[{"taxonomy":"product_brand","embeddable":true,"href":"https:\/\/storitgroup.com\/fi\/wp-json\/wp\/v2\/product_brand?post=201451"},{"taxonomy":"product_cat","embeddable":true,"href":"https:\/\/storitgroup.com\/fi\/wp-json\/wp\/v2\/product_cat?post=201451"},{"taxonomy":"product_tag","embeddable":true,"href":"https:\/\/storitgroup.com\/fi\/wp-json\/wp\/v2\/product_tag?post=201451"}],"curies":[{"name":"wp","href":"https:\/\/api.w.org\/{rel}","templated":true}]}}