{"id":199898,"date":"2022-11-02T09:32:40","date_gmt":"2022-11-02T11:12:46","guid":{"rendered":"https:\/\/storitgroup.com\/?post_type=product&#038;p=199898"},"modified":"2025-02-03T13:58:58","modified_gmt":"2025-02-03T11:58:58","slug":"laatikosto-414x722x346-mm-arkistokaapille-swed-harmaa","status":"publish","type":"product","link":"https:\/\/storitgroup.com\/fi\/tuote\/laatikosto-414x722x346-mm-arkistokaapille-swed-harmaa\/","title":{"rendered":"Laatikosto Swed 414x722x346 mm, harmaa"},"content":{"rendered":"<p>Kolmella laatikolla varustettu laatikosto, joka voidaan nostaa Swed-arkistokaapin sis\u00e4\u00e4n arvokkaan lattiatilan s\u00e4\u00e4st\u00e4miseksi.<\/p>\n","protected":false},"excerpt":{"rendered":"<p>Kolmella laatikolla varustettu laatikosto, joka voidaan nostaa Swed-arkistokaapin sis\u00e4\u00e4n arvokkaan lattiatilan s\u00e4\u00e4st\u00e4miseksi.<\/p>\n","protected":false},"featured_media":200267,"template":"","meta":{"_acf_changed":false},"product_brand":[],"product_cat":[7070],"product_tag":[],"class_list":{"0":"post-199898","1":"product","2":"type-product","3":"status-publish","4":"has-post-thumbnail","6":"product_room-toimisto","7":"product_room-koulut-ja-paivakodit","8":"product_room-kotitoimisto","9":"product_room-kotiratkaisut","10":"product_room-arkisto-museo","11":"product_room-kokoonpano-ja-keraily","12":"product_cat-arkistokaapit","14":"first","15":"onbackorder","16":"taxable","17":"shipping-taxable","18":"purchasable","19":"product-type-simple"},"acf":[],"yoast_head":"<!-- This site is optimized with the Yoast SEO plugin v27.3 - https:\/\/yoast.com\/product\/yoast-seo-wordpress\/ -->\n<title>Laatikosto Swed 414x722x346 mm, harmaa &#8226; Storit<\/title>\n<meta name=\"description\" content=\"Laatikosto Swed 414x722x346 mm, harmaa \u2014 kohtuulliseen hintaan. Toimitukset kaikkialle Suomeen! \u261b Tutustu tuotteeseen ja tilaa k\u00e4tev\u00e4sti STORIT-verkkokaupasta!\" \/>\n<meta name=\"robots\" content=\"index, follow, max-snippet:-1, max-image-preview:large, max-video-preview:-1\" \/>\n<link rel=\"canonical\" href=\"https:\/\/storitgroup.com\/fi\/tuote\/laatikosto-414x722x346-mm-arkistokaapille-swed-harmaa\/\" \/>\n<meta property=\"og:locale\" content=\"fi_FI\" \/>\n<meta property=\"og:type\" content=\"article\" \/>\n<meta property=\"og:title\" content=\"Laatikosto Swed 414x722x346 mm, harmaa &#8226; Storit\" \/>\n<meta property=\"og:description\" content=\"Laatikosto Swed 414x722x346 mm, harmaa \u2014 kohtuulliseen hintaan. Toimitukset kaikkialle Suomeen! \u261b Tutustu tuotteeseen ja tilaa k\u00e4tev\u00e4sti STORIT-verkkokaupasta!\" \/>\n<meta property=\"og:url\" content=\"https:\/\/storitgroup.com\/fi\/tuote\/laatikosto-414x722x346-mm-arkistokaapille-swed-harmaa\/\" \/>\n<meta property=\"og:site_name\" content=\"Storit\" \/>\n<meta property=\"article:modified_time\" content=\"2025-02-03T11:58:58+00:00\" \/>\n<meta name=\"twitter:card\" content=\"summary_large_image\" \/>\n<script type=\"application\/ld+json\" class=\"yoast-schema-graph\">{\"@context\":\"https:\\\/\\\/schema.org\",\"@graph\":[{\"@type\":[\"WebPage\",\"ItemPage\"],\"@id\":\"https:\\\/\\\/storitgroup.com\\\/fi\\\/tuote\\\/laatikosto-414x722x346-mm-arkistokaapille-swed-harmaa\\\/\",\"url\":\"https:\\\/\\\/storitgroup.com\\\/fi\\\/tuote\\\/laatikosto-414x722x346-mm-arkistokaapille-swed-harmaa\\\/\",\"name\":\"Laatikosto Swed 414x722x346 mm, harmaa &#8226; Storit\",\"isPartOf\":{\"@id\":\"https:\\\/\\\/storitgroup.com\\\/fi\\\/#website\"},\"primaryImageOfPage\":{\"@id\":\"https:\\\/\\\/storitgroup.com\\\/fi\\\/tuote\\\/laatikosto-414x722x346-mm-arkistokaapille-swed-harmaa\\\/#primaryimage\"},\"image\":{\"@id\":\"https:\\\/\\\/storitgroup.com\\\/fi\\\/tuote\\\/laatikosto-414x722x346-mm-arkistokaapille-swed-harmaa\\\/#primaryimage\"},\"thumbnailUrl\":\"https:\\\/\\\/storitgroup.com\\\/uploads\\\/2022\\\/11\\\/30-swed_71224-1-1.jpg\",\"datePublished\":\"2022-11-02T11:12:46+00:00\",\"dateModified\":\"2025-02-03T11:58:58+00:00\",\"description\":\"Laatikosto Swed 414x722x346 mm, harmaa \u2014 kohtuulliseen hintaan. Toimitukset kaikkialle Suomeen! \u261b Tutustu tuotteeseen ja tilaa k\u00e4tev\u00e4sti STORIT-verkkokaupasta!\",\"breadcrumb\":{\"@id\":\"https:\\\/\\\/storitgroup.com\\\/fi\\\/tuote\\\/laatikosto-414x722x346-mm-arkistokaapille-swed-harmaa\\\/#breadcrumb\"},\"inLanguage\":\"fi\",\"potentialAction\":[{\"@type\":\"ReadAction\",\"target\":[\"https:\\\/\\\/storitgroup.com\\\/fi\\\/tuote\\\/laatikosto-414x722x346-mm-arkistokaapille-swed-harmaa\\\/\"]}]},{\"@type\":\"ImageObject\",\"inLanguage\":\"fi\",\"@id\":\"https:\\\/\\\/storitgroup.com\\\/fi\\\/tuote\\\/laatikosto-414x722x346-mm-arkistokaapille-swed-harmaa\\\/#primaryimage\",\"url\":\"https:\\\/\\\/storitgroup.com\\\/uploads\\\/2022\\\/11\\\/30-swed_71224-1-1.jpg\",\"contentUrl\":\"https:\\\/\\\/storitgroup.com\\\/uploads\\\/2022\\\/11\\\/30-swed_71224-1-1.jpg\",\"width\":460,\"height\":550},{\"@type\":\"BreadcrumbList\",\"@id\":\"https:\\\/\\\/storitgroup.com\\\/fi\\\/tuote\\\/laatikosto-414x722x346-mm-arkistokaapille-swed-harmaa\\\/#breadcrumb\",\"itemListElement\":[{\"@type\":\"ListItem\",\"position\":1,\"name\":\"Kotisivu\",\"item\":\"https:\\\/\\\/storitgroup.com\\\/fi\\\/\"},{\"@type\":\"ListItem\",\"position\":2,\"name\":\"Tuotteet\",\"item\":\"https:\\\/\\\/storitgroup.com\\\/fi\\\/tuotteet\\\/\"},{\"@type\":\"ListItem\",\"position\":3,\"name\":\"Metallikaapit, pukukaapit\",\"item\":\"https:\\\/\\\/storitgroup.com\\\/fi\\\/metallikaapit-pukukaapit\\\/\"},{\"@type\":\"ListItem\",\"position\":4,\"name\":\"Arkistokaapit\",\"item\":\"https:\\\/\\\/storitgroup.com\\\/fi\\\/metallikaapit-pukukaapit\\\/arkistokaapit\\\/\"},{\"@type\":\"ListItem\",\"position\":5,\"name\":\"Laatikosto Swed 414x722x346 mm, harmaa\"}]},{\"@type\":\"WebSite\",\"@id\":\"https:\\\/\\\/storitgroup.com\\\/fi\\\/#website\",\"url\":\"https:\\\/\\\/storitgroup.com\\\/fi\\\/\",\"name\":\"Storit\",\"description\":\"\",\"potentialAction\":[{\"@type\":\"SearchAction\",\"target\":{\"@type\":\"EntryPoint\",\"urlTemplate\":\"https:\\\/\\\/storitgroup.com\\\/fi\\\/?s={search_term_string}\"},\"query-input\":{\"@type\":\"PropertyValueSpecification\",\"valueRequired\":true,\"valueName\":\"search_term_string\"}}],\"inLanguage\":\"fi\"}]}<\/script>\n<!-- \/ Yoast SEO plugin. -->","yoast_head_json":{"title":"Laatikosto Swed 414x722x346 mm, harmaa &#8226; Storit","description":"Laatikosto Swed 414x722x346 mm, harmaa \u2014 kohtuulliseen hintaan. Toimitukset kaikkialle Suomeen! \u261b Tutustu tuotteeseen ja tilaa k\u00e4tev\u00e4sti STORIT-verkkokaupasta!","robots":{"index":"index","follow":"follow","max-snippet":"max-snippet:-1","max-image-preview":"max-image-preview:large","max-video-preview":"max-video-preview:-1"},"canonical":"https:\/\/storitgroup.com\/fi\/tuote\/laatikosto-414x722x346-mm-arkistokaapille-swed-harmaa\/","og_locale":"fi_FI","og_type":"article","og_title":"Laatikosto Swed 414x722x346 mm, harmaa &#8226; Storit","og_description":"Laatikosto Swed 414x722x346 mm, harmaa \u2014 kohtuulliseen hintaan. Toimitukset kaikkialle Suomeen! \u261b Tutustu tuotteeseen ja tilaa k\u00e4tev\u00e4sti STORIT-verkkokaupasta!","og_url":"https:\/\/storitgroup.com\/fi\/tuote\/laatikosto-414x722x346-mm-arkistokaapille-swed-harmaa\/","og_site_name":"Storit","article_modified_time":"2025-02-03T11:58:58+00:00","twitter_card":"summary_large_image","schema":{"@context":"https:\/\/schema.org","@graph":[{"@type":["WebPage","ItemPage"],"@id":"https:\/\/storitgroup.com\/fi\/tuote\/laatikosto-414x722x346-mm-arkistokaapille-swed-harmaa\/","url":"https:\/\/storitgroup.com\/fi\/tuote\/laatikosto-414x722x346-mm-arkistokaapille-swed-harmaa\/","name":"Laatikosto Swed 414x722x346 mm, harmaa &#8226; Storit","isPartOf":{"@id":"https:\/\/storitgroup.com\/fi\/#website"},"primaryImageOfPage":{"@id":"https:\/\/storitgroup.com\/fi\/tuote\/laatikosto-414x722x346-mm-arkistokaapille-swed-harmaa\/#primaryimage"},"image":{"@id":"https:\/\/storitgroup.com\/fi\/tuote\/laatikosto-414x722x346-mm-arkistokaapille-swed-harmaa\/#primaryimage"},"thumbnailUrl":"https:\/\/storitgroup.com\/uploads\/2022\/11\/30-swed_71224-1-1.jpg","datePublished":"2022-11-02T11:12:46+00:00","dateModified":"2025-02-03T11:58:58+00:00","description":"Laatikosto Swed 414x722x346 mm, harmaa \u2014 kohtuulliseen hintaan. Toimitukset kaikkialle Suomeen! \u261b Tutustu tuotteeseen ja tilaa k\u00e4tev\u00e4sti STORIT-verkkokaupasta!","breadcrumb":{"@id":"https:\/\/storitgroup.com\/fi\/tuote\/laatikosto-414x722x346-mm-arkistokaapille-swed-harmaa\/#breadcrumb"},"inLanguage":"fi","potentialAction":[{"@type":"ReadAction","target":["https:\/\/storitgroup.com\/fi\/tuote\/laatikosto-414x722x346-mm-arkistokaapille-swed-harmaa\/"]}]},{"@type":"ImageObject","inLanguage":"fi","@id":"https:\/\/storitgroup.com\/fi\/tuote\/laatikosto-414x722x346-mm-arkistokaapille-swed-harmaa\/#primaryimage","url":"https:\/\/storitgroup.com\/uploads\/2022\/11\/30-swed_71224-1-1.jpg","contentUrl":"https:\/\/storitgroup.com\/uploads\/2022\/11\/30-swed_71224-1-1.jpg","width":460,"height":550},{"@type":"BreadcrumbList","@id":"https:\/\/storitgroup.com\/fi\/tuote\/laatikosto-414x722x346-mm-arkistokaapille-swed-harmaa\/#breadcrumb","itemListElement":[{"@type":"ListItem","position":1,"name":"Kotisivu","item":"https:\/\/storitgroup.com\/fi\/"},{"@type":"ListItem","position":2,"name":"Tuotteet","item":"https:\/\/storitgroup.com\/fi\/tuotteet\/"},{"@type":"ListItem","position":3,"name":"Metallikaapit, pukukaapit","item":"https:\/\/storitgroup.com\/fi\/metallikaapit-pukukaapit\/"},{"@type":"ListItem","position":4,"name":"Arkistokaapit","item":"https:\/\/storitgroup.com\/fi\/metallikaapit-pukukaapit\/arkistokaapit\/"},{"@type":"ListItem","position":5,"name":"Laatikosto Swed 414x722x346 mm, harmaa"}]},{"@type":"WebSite","@id":"https:\/\/storitgroup.com\/fi\/#website","url":"https:\/\/storitgroup.com\/fi\/","name":"Storit","description":"","potentialAction":[{"@type":"SearchAction","target":{"@type":"EntryPoint","urlTemplate":"https:\/\/storitgroup.com\/fi\/?s={search_term_string}"},"query-input":{"@type":"PropertyValueSpecification","valueRequired":true,"valueName":"search_term_string"}}],"inLanguage":"fi"}]}},"_links":{"self":[{"href":"https:\/\/storitgroup.com\/fi\/wp-json\/wp\/v2\/product\/199898","targetHints":{"allow":["GET"]}}],"collection":[{"href":"https:\/\/storitgroup.com\/fi\/wp-json\/wp\/v2\/product"}],"about":[{"href":"https:\/\/storitgroup.com\/fi\/wp-json\/wp\/v2\/types\/product"}],"wp:featuredmedia":[{"embeddable":true,"href":"https:\/\/storitgroup.com\/fi\/wp-json\/wp\/v2\/media\/200267"}],"wp:attachment":[{"href":"https:\/\/storitgroup.com\/fi\/wp-json\/wp\/v2\/media?parent=199898"}],"wp:term":[{"taxonomy":"product_brand","embeddable":true,"href":"https:\/\/storitgroup.com\/fi\/wp-json\/wp\/v2\/product_brand?post=199898"},{"taxonomy":"product_cat","embeddable":true,"href":"https:\/\/storitgroup.com\/fi\/wp-json\/wp\/v2\/product_cat?post=199898"},{"taxonomy":"product_tag","embeddable":true,"href":"https:\/\/storitgroup.com\/fi\/wp-json\/wp\/v2\/product_tag?post=199898"}],"curies":[{"name":"wp","href":"https:\/\/api.w.org\/{rel}","templated":true}]}}