{"id":199630,"date":"2022-10-25T12:57:39","date_gmt":"2022-10-26T10:32:52","guid":{"rendered":"https:\/\/storitgroup.com\/?post_type=product&#038;p=199630"},"modified":"2025-08-01T00:15:11","modified_gmt":"2025-07-31T21:15:11","slug":"pvc-300x3-mm-relief-polar-25c","status":"publish","type":"product","link":"https:\/\/storitgroup.com\/fi\/tuote\/pvc-300x3-mm-relief-polar-25c\/","title":{"rendered":"PVC 300&#215;7 mm Relief Polar -25\u00b0C"},"content":{"rendered":"<p>PVC-lamelliverho auttaa s\u00e4\u00e4st\u00e4m\u00e4\u00e4n energiakustannuksissa!<br \/>L\u00e4mp\u00f6tilan sieto: -25\u00b0C &#8211; +30\u00b0C.<br \/>Rulla: 50 metri\u00e4, hinta per metri.<\/p>\n<p> PVC-nauhaverho est\u00e4\u00e4 kylm\u00e4\u00e4- ja\/tai l\u00e4mp\u00f6h\u00e4vi\u00f6n rakennuksissa ja tiloissa, joissa ei ole ovia tai ei ole k\u00e4yt\u00e4nn\u00f6llist\u00e4 avata ja sulkea niit\u00e4 jatkuvasti. Kylmiss\u00e4 l\u00e4mp\u00f6tiloissa verho on pehme\u00e4, l\u00e4mpim\u00e4ss\u00e4 se voi j\u00e4ykisty\u00e4.  Kohokuvioitu verho on k\u00e4tev\u00e4 k\u00e4ytett\u00e4v\u00e4ksi raskaan liikenteen aukoissa, koska se kest\u00e4\u00e4 paremmin naarmuja. PVC-verho on kuin sein\u00e4, joka erottaa eri huoneet ja suojaa niit\u00e4 melulta, p\u00f6lylt\u00e4, roiskeilta tai kipin\u00f6ilt\u00e4.<\/p>\n<p>Leikkaamme nauhat, kiinnityslevyn tai ripustustankon ikkuna- tai oviaukon kokoisiksi ja valmistelemme PVC-nauhojen p\u00e4\u00e4t.<\/p>\n<p>Pyyd\u00e4 tarjousta, l\u00e4het\u00e4mme vastauksen nopeasti!<\/p>\n","protected":false},"excerpt":{"rendered":"<p>PVC-lamelliverho auttaa s\u00e4\u00e4st\u00e4m\u00e4\u00e4n energiakustannuksissa!<br \/>\nL\u00e4mp\u00f6tilan sieto: -25\u00b0C &#8211; +30\u00b0C.<br \/>\nRulla: 50 metri\u00e4, hinta per metri.<\/p>\n","protected":false},"featured_media":199737,"template":"","meta":{"_acf_changed":false},"product_brand":[],"product_cat":[7099],"product_tag":[],"class_list":{"0":"post-199630","1":"product","2":"type-product","3":"status-publish","4":"has-post-thumbnail","6":"product_room-ruuan-kasittely","7":"product_room-kaupankaynti-ja-myymalat","8":"product_room-iso-varasto","9":"product_room-pieni-varasto","10":"product_room-kiinteistokehitys","11":"product_room-kuljetus-ja-logistiikka","12":"product_cat-pvc-verhot","14":"first","15":"onbackorder","16":"taxable","17":"shipping-taxable","18":"purchasable","19":"product-type-simple"},"acf":[],"yoast_head":"<!-- This site is optimized with the Yoast SEO plugin v27.2 - https:\/\/yoast.com\/product\/yoast-seo-wordpress\/ -->\n<title>PVC 300x7 mm Relief Polar -25\u00b0C &#8226; Storit<\/title>\n<meta name=\"description\" content=\"PVC 300x7 mm Relief Polar -25\u00b0C \u2014 kohtuulliseen hintaan. Toimitukset kaikkialle Suomeen! \u261b Tutustu tuotteeseen ja tilaa k\u00e4tev\u00e4sti STORIT-verkkokaupasta!\" \/>\n<meta name=\"robots\" content=\"index, follow, max-snippet:-1, max-image-preview:large, max-video-preview:-1\" \/>\n<link rel=\"canonical\" href=\"https:\/\/storitgroup.com\/fi\/tuote\/pvc-300x3-mm-relief-polar-25c\/\" \/>\n<meta property=\"og:locale\" content=\"fi_FI\" \/>\n<meta property=\"og:type\" content=\"article\" \/>\n<meta property=\"og:title\" content=\"PVC 300x7 mm Relief Polar -25\u00b0C &#8226; Storit\" \/>\n<meta property=\"og:description\" content=\"PVC 300x7 mm Relief Polar -25\u00b0C \u2014 kohtuulliseen hintaan. Toimitukset kaikkialle Suomeen! \u261b Tutustu tuotteeseen ja tilaa k\u00e4tev\u00e4sti STORIT-verkkokaupasta!\" \/>\n<meta property=\"og:url\" content=\"https:\/\/storitgroup.com\/fi\/tuote\/pvc-300x3-mm-relief-polar-25c\/\" \/>\n<meta property=\"og:site_name\" content=\"Storit\" \/>\n<meta property=\"article:modified_time\" content=\"2025-07-31T21:15:11+00:00\" \/>\n<meta name=\"twitter:card\" content=\"summary_large_image\" \/>\n<meta name=\"twitter:label1\" content=\"Arvioitu lukuaika\" \/>\n\t<meta name=\"twitter:data1\" content=\"1 minuutti\" \/>\n<script type=\"application\/ld+json\" class=\"yoast-schema-graph\">{\"@context\":\"https:\/\/schema.org\",\"@graph\":[{\"@type\":[\"WebPage\",\"ItemPage\"],\"@id\":\"https:\/\/storitgroup.com\/fi\/tuote\/pvc-300x3-mm-relief-polar-25c\/\",\"url\":\"https:\/\/storitgroup.com\/fi\/tuote\/pvc-300x3-mm-relief-polar-25c\/\",\"name\":\"PVC 300x7 mm Relief Polar -25\u00b0C &#8226; Storit\",\"isPartOf\":{\"@id\":\"https:\/\/storitgroup.com\/fi\/#website\"},\"primaryImageOfPage\":{\"@id\":\"https:\/\/storitgroup.com\/fi\/tuote\/pvc-300x3-mm-relief-polar-25c\/#primaryimage\"},\"image\":{\"@id\":\"https:\/\/storitgroup.com\/fi\/tuote\/pvc-300x3-mm-relief-polar-25c\/#primaryimage\"},\"thumbnailUrl\":\"https:\/\/storitgroup.com\/uploads\/2022\/10\/8-300x3_reljeefpolar.jpg\",\"datePublished\":\"2022-10-26T10:32:52+00:00\",\"dateModified\":\"2025-07-31T21:15:11+00:00\",\"description\":\"PVC 300x7 mm Relief Polar -25\u00b0C \u2014 kohtuulliseen hintaan. Toimitukset kaikkialle Suomeen! \u261b Tutustu tuotteeseen ja tilaa k\u00e4tev\u00e4sti STORIT-verkkokaupasta!\",\"breadcrumb\":{\"@id\":\"https:\/\/storitgroup.com\/fi\/tuote\/pvc-300x3-mm-relief-polar-25c\/#breadcrumb\"},\"inLanguage\":\"fi\",\"potentialAction\":[{\"@type\":\"ReadAction\",\"target\":[\"https:\/\/storitgroup.com\/fi\/tuote\/pvc-300x3-mm-relief-polar-25c\/\"]}]},{\"@type\":\"ImageObject\",\"inLanguage\":\"fi\",\"@id\":\"https:\/\/storitgroup.com\/fi\/tuote\/pvc-300x3-mm-relief-polar-25c\/#primaryimage\",\"url\":\"https:\/\/storitgroup.com\/uploads\/2022\/10\/8-300x3_reljeefpolar.jpg\",\"contentUrl\":\"https:\/\/storitgroup.com\/uploads\/2022\/10\/8-300x3_reljeefpolar.jpg\",\"width\":384,\"height\":419},{\"@type\":\"BreadcrumbList\",\"@id\":\"https:\/\/storitgroup.com\/fi\/tuote\/pvc-300x3-mm-relief-polar-25c\/#breadcrumb\",\"itemListElement\":[{\"@type\":\"ListItem\",\"position\":1,\"name\":\"Kotisivu\",\"item\":\"https:\/\/storitgroup.com\/fi\/\"},{\"@type\":\"ListItem\",\"position\":2,\"name\":\"Tuotteet\",\"item\":\"https:\/\/storitgroup.com\/fi\/tuotteet\/\"},{\"@type\":\"ListItem\",\"position\":3,\"name\":\"Varaston portaat, tikkaat, turvallisuus\",\"item\":\"https:\/\/storitgroup.com\/fi\/varaston-portaat-tikkaat-turvallisuus\/\"},{\"@type\":\"ListItem\",\"position\":4,\"name\":\"PVC 300&#215;7 mm Relief Polar -25\u00b0C\"}]},{\"@type\":\"WebSite\",\"@id\":\"https:\/\/storitgroup.com\/fi\/#website\",\"url\":\"https:\/\/storitgroup.com\/fi\/\",\"name\":\"Storit\",\"description\":\"\",\"potentialAction\":[{\"@type\":\"SearchAction\",\"target\":{\"@type\":\"EntryPoint\",\"urlTemplate\":\"https:\/\/storitgroup.com\/fi\/?s={search_term_string}\"},\"query-input\":{\"@type\":\"PropertyValueSpecification\",\"valueRequired\":true,\"valueName\":\"search_term_string\"}}],\"inLanguage\":\"fi\"}]}<\/script>\n<!-- \/ Yoast SEO plugin. -->","yoast_head_json":{"title":"PVC 300x7 mm Relief Polar -25\u00b0C &#8226; Storit","description":"PVC 300x7 mm Relief Polar -25\u00b0C \u2014 kohtuulliseen hintaan. Toimitukset kaikkialle Suomeen! \u261b Tutustu tuotteeseen ja tilaa k\u00e4tev\u00e4sti STORIT-verkkokaupasta!","robots":{"index":"index","follow":"follow","max-snippet":"max-snippet:-1","max-image-preview":"max-image-preview:large","max-video-preview":"max-video-preview:-1"},"canonical":"https:\/\/storitgroup.com\/fi\/tuote\/pvc-300x3-mm-relief-polar-25c\/","og_locale":"fi_FI","og_type":"article","og_title":"PVC 300x7 mm Relief Polar -25\u00b0C &#8226; Storit","og_description":"PVC 300x7 mm Relief Polar -25\u00b0C \u2014 kohtuulliseen hintaan. Toimitukset kaikkialle Suomeen! \u261b Tutustu tuotteeseen ja tilaa k\u00e4tev\u00e4sti STORIT-verkkokaupasta!","og_url":"https:\/\/storitgroup.com\/fi\/tuote\/pvc-300x3-mm-relief-polar-25c\/","og_site_name":"Storit","article_modified_time":"2025-07-31T21:15:11+00:00","twitter_card":"summary_large_image","twitter_misc":{"Arvioitu lukuaika":"1 minuutti"},"schema":{"@context":"https:\/\/schema.org","@graph":[{"@type":["WebPage","ItemPage"],"@id":"https:\/\/storitgroup.com\/fi\/tuote\/pvc-300x3-mm-relief-polar-25c\/","url":"https:\/\/storitgroup.com\/fi\/tuote\/pvc-300x3-mm-relief-polar-25c\/","name":"PVC 300x7 mm Relief Polar -25\u00b0C &#8226; Storit","isPartOf":{"@id":"https:\/\/storitgroup.com\/fi\/#website"},"primaryImageOfPage":{"@id":"https:\/\/storitgroup.com\/fi\/tuote\/pvc-300x3-mm-relief-polar-25c\/#primaryimage"},"image":{"@id":"https:\/\/storitgroup.com\/fi\/tuote\/pvc-300x3-mm-relief-polar-25c\/#primaryimage"},"thumbnailUrl":"https:\/\/storitgroup.com\/uploads\/2022\/10\/8-300x3_reljeefpolar.jpg","datePublished":"2022-10-26T10:32:52+00:00","dateModified":"2025-07-31T21:15:11+00:00","description":"PVC 300x7 mm Relief Polar -25\u00b0C \u2014 kohtuulliseen hintaan. Toimitukset kaikkialle Suomeen! \u261b Tutustu tuotteeseen ja tilaa k\u00e4tev\u00e4sti STORIT-verkkokaupasta!","breadcrumb":{"@id":"https:\/\/storitgroup.com\/fi\/tuote\/pvc-300x3-mm-relief-polar-25c\/#breadcrumb"},"inLanguage":"fi","potentialAction":[{"@type":"ReadAction","target":["https:\/\/storitgroup.com\/fi\/tuote\/pvc-300x3-mm-relief-polar-25c\/"]}]},{"@type":"ImageObject","inLanguage":"fi","@id":"https:\/\/storitgroup.com\/fi\/tuote\/pvc-300x3-mm-relief-polar-25c\/#primaryimage","url":"https:\/\/storitgroup.com\/uploads\/2022\/10\/8-300x3_reljeefpolar.jpg","contentUrl":"https:\/\/storitgroup.com\/uploads\/2022\/10\/8-300x3_reljeefpolar.jpg","width":384,"height":419},{"@type":"BreadcrumbList","@id":"https:\/\/storitgroup.com\/fi\/tuote\/pvc-300x3-mm-relief-polar-25c\/#breadcrumb","itemListElement":[{"@type":"ListItem","position":1,"name":"Kotisivu","item":"https:\/\/storitgroup.com\/fi\/"},{"@type":"ListItem","position":2,"name":"Tuotteet","item":"https:\/\/storitgroup.com\/fi\/tuotteet\/"},{"@type":"ListItem","position":3,"name":"Varaston portaat, tikkaat, turvallisuus","item":"https:\/\/storitgroup.com\/fi\/varaston-portaat-tikkaat-turvallisuus\/"},{"@type":"ListItem","position":4,"name":"PVC 300&#215;7 mm Relief Polar -25\u00b0C"}]},{"@type":"WebSite","@id":"https:\/\/storitgroup.com\/fi\/#website","url":"https:\/\/storitgroup.com\/fi\/","name":"Storit","description":"","potentialAction":[{"@type":"SearchAction","target":{"@type":"EntryPoint","urlTemplate":"https:\/\/storitgroup.com\/fi\/?s={search_term_string}"},"query-input":{"@type":"PropertyValueSpecification","valueRequired":true,"valueName":"search_term_string"}}],"inLanguage":"fi"}]}},"_links":{"self":[{"href":"https:\/\/storitgroup.com\/fi\/wp-json\/wp\/v2\/product\/199630","targetHints":{"allow":["GET"]}}],"collection":[{"href":"https:\/\/storitgroup.com\/fi\/wp-json\/wp\/v2\/product"}],"about":[{"href":"https:\/\/storitgroup.com\/fi\/wp-json\/wp\/v2\/types\/product"}],"wp:featuredmedia":[{"embeddable":true,"href":"https:\/\/storitgroup.com\/fi\/wp-json\/wp\/v2\/media\/199737"}],"wp:attachment":[{"href":"https:\/\/storitgroup.com\/fi\/wp-json\/wp\/v2\/media?parent=199630"}],"wp:term":[{"taxonomy":"product_brand","embeddable":true,"href":"https:\/\/storitgroup.com\/fi\/wp-json\/wp\/v2\/product_brand?post=199630"},{"taxonomy":"product_cat","embeddable":true,"href":"https:\/\/storitgroup.com\/fi\/wp-json\/wp\/v2\/product_cat?post=199630"},{"taxonomy":"product_tag","embeddable":true,"href":"https:\/\/storitgroup.com\/fi\/wp-json\/wp\/v2\/product_tag?post=199630"}],"curies":[{"name":"wp","href":"https:\/\/api.w.org\/{rel}","templated":true}]}}