{"id":198990,"date":"2022-10-04T15:03:12","date_gmt":"2022-10-04T12:03:12","guid":{"rendered":"https:\/\/storitgroup.com\/?post_type=product&#038;p=198990"},"modified":"2024-11-25T15:25:09","modified_gmt":"2024-11-25T13:25:09","slug":"tarratulostin-brother-pt-e110vp","status":"publish","type":"product","link":"https:\/\/storitgroup.com\/fi\/tuote\/tarratulostin-brother-pt-e110vp\/","title":{"rendered":"Tarratulostin Brother PT-E110VP"},"content":{"rendered":"<p>Helppok\u00e4ytteinen Brother P-Touch E110VP on kevyt ja pienikokoinen teollisuustarratulostin yksinkertaisilla toiminnoilla, joilla voidaan tuottaa kest\u00e4vi\u00e4 laminoituja tarroja. Laitteen mukana tulee k\u00e4yt\u00e4nn\u00f6llinen kantolaukku, johon mahtuu tulostin, virtal\u00e4hde ja varanauhakasetit.<\/p>\n<p> Sopivat TZe-nauhat leveydell\u00e4 3,5 mm &amp;  6 mm &amp; 9 mm &amp; 12&#215;300 mm<br \/> LCD-n\u00e4ytt\u00f6<br \/> 180 dpi resoluutio<br \/> Kahdelle riville tulostaminen<br \/> Vaaka- ja pystytulostus <br \/> K\u00e4\u00e4nteinen tulostus<br \/>Manuaalinen leikkuri <br \/>QWERTY n\u00e4pp\u00e4imist\u00f6<br \/>1 fonttityyli<br \/>3 tekstikokoa<br \/>16 merkki\u00e4 n\u00e4yt\u00f6ll\u00e4<br \/>9 kopiota per\u00e4kk\u00e4in<br \/>9 tallennuspaikkaa<br \/>200 symbolia<br \/>1 kehys tekstin ymp\u00e4ri<br \/>2 kaapeli- ja johdinmerkint\u00e4toimintoa <br \/>6 kpl AAA-paristoa (ei ole mukana)<br \/> Lataus AC verkkolaitteella<br \/>1,5 kg paino laukun kanssa<\/p>\n","protected":false},"excerpt":{"rendered":"<p>Helppok\u00e4ytteinen Brother P-Touch E110VP on kevyt ja pienikokoinen teollisuustarratulostin yksinkertaisilla toiminnoilla, joilla voidaan tuottaa kest\u00e4vi\u00e4 laminoituja tarroja. Laitteen mukana tulee k\u00e4yt\u00e4nn\u00f6llinen kantolaukku, johon mahtuu tulostin, virtal\u00e4hde ja varanauhakasetit.<\/p>\n<p> Sopivat TZe-nauhat leveydell\u00e4 3,5 mm &amp;  6 mm &amp; 9 mm &amp; 12&#215;300 mm<\/p>\n","protected":false},"featured_media":199048,"template":"","meta":{"_acf_changed":false},"product_brand":[],"product_cat":[7106],"product_tag":[],"class_list":{"0":"post-198990","1":"product","2":"type-product","3":"status-publish","4":"has-post-thumbnail","6":"product_room-ruuan-kasittely","7":"product_room-kaupankaynti-ja-myymalat","8":"product_room-pakkaus","9":"product_room-iso-varasto","10":"product_room-pieni-varasto","11":"product_room-kokoonpano-ja-keraily","12":"product_cat-tarratulostimet","14":"first","15":"onbackorder","16":"taxable","17":"shipping-taxable","18":"purchasable","19":"product-type-simple"},"acf":[],"yoast_head":"<!-- This site is optimized with the Yoast SEO plugin v27.2 - https:\/\/yoast.com\/product\/yoast-seo-wordpress\/ -->\n<title>Tarratulostin Brother PT-E110VP &#8226; Storit<\/title>\n<meta name=\"description\" content=\"Tarratulostin Brother PT-E110VP \u2014 kohtuulliseen hintaan. Toimitukset kaikkialle Suomeen! \u261b Tutustu tuotteeseen ja tilaa k\u00e4tev\u00e4sti STORIT-verkkokaupasta!\" \/>\n<meta name=\"robots\" content=\"index, follow, max-snippet:-1, max-image-preview:large, max-video-preview:-1\" \/>\n<link rel=\"canonical\" href=\"https:\/\/storitgroup.com\/fi\/tuote\/tarratulostin-brother-pt-e110vp\/\" \/>\n<meta property=\"og:locale\" content=\"fi_FI\" \/>\n<meta property=\"og:type\" content=\"article\" \/>\n<meta property=\"og:title\" content=\"Tarratulostin Brother PT-E110VP &#8226; Storit\" \/>\n<meta property=\"og:description\" content=\"Tarratulostin Brother PT-E110VP \u2014 kohtuulliseen hintaan. Toimitukset kaikkialle Suomeen! \u261b Tutustu tuotteeseen ja tilaa k\u00e4tev\u00e4sti STORIT-verkkokaupasta!\" \/>\n<meta property=\"og:url\" content=\"https:\/\/storitgroup.com\/fi\/tuote\/tarratulostin-brother-pt-e110vp\/\" \/>\n<meta property=\"og:site_name\" content=\"Storit\" \/>\n<meta property=\"article:modified_time\" content=\"2024-11-25T13:25:09+00:00\" \/>\n<meta property=\"og:image\" content=\"https:\/\/storitgroup.com\/uploads\/2022\/10\/4-kleebiseprinter_brother_pt-e110vp-1.jpg\" \/>\n\t<meta property=\"og:image:width\" content=\"419\" \/>\n\t<meta property=\"og:image:height\" content=\"412\" \/>\n\t<meta property=\"og:image:type\" content=\"image\/jpeg\" \/>\n<meta name=\"twitter:card\" content=\"summary_large_image\" \/>\n<script type=\"application\/ld+json\" class=\"yoast-schema-graph\">{\"@context\":\"https:\/\/schema.org\",\"@graph\":[{\"@type\":[\"WebPage\",\"ItemPage\"],\"@id\":\"https:\/\/storitgroup.com\/fi\/tuote\/tarratulostin-brother-pt-e110vp\/\",\"url\":\"https:\/\/storitgroup.com\/fi\/tuote\/tarratulostin-brother-pt-e110vp\/\",\"name\":\"Tarratulostin Brother PT-E110VP &#8226; Storit\",\"isPartOf\":{\"@id\":\"https:\/\/storitgroup.com\/fi\/#website\"},\"primaryImageOfPage\":{\"@id\":\"https:\/\/storitgroup.com\/fi\/tuote\/tarratulostin-brother-pt-e110vp\/#primaryimage\"},\"image\":{\"@id\":\"https:\/\/storitgroup.com\/fi\/tuote\/tarratulostin-brother-pt-e110vp\/#primaryimage\"},\"thumbnailUrl\":\"https:\/\/storitgroup.com\/uploads\/2022\/10\/4-kleebiseprinter_brother_pt-e110vp-1.jpg\",\"datePublished\":\"2022-10-04T12:03:12+00:00\",\"dateModified\":\"2024-11-25T13:25:09+00:00\",\"description\":\"Tarratulostin Brother PT-E110VP \u2014 kohtuulliseen hintaan. Toimitukset kaikkialle Suomeen! \u261b Tutustu tuotteeseen ja tilaa k\u00e4tev\u00e4sti STORIT-verkkokaupasta!\",\"breadcrumb\":{\"@id\":\"https:\/\/storitgroup.com\/fi\/tuote\/tarratulostin-brother-pt-e110vp\/#breadcrumb\"},\"inLanguage\":\"fi\",\"potentialAction\":[{\"@type\":\"ReadAction\",\"target\":[\"https:\/\/storitgroup.com\/fi\/tuote\/tarratulostin-brother-pt-e110vp\/\"]}]},{\"@type\":\"ImageObject\",\"inLanguage\":\"fi\",\"@id\":\"https:\/\/storitgroup.com\/fi\/tuote\/tarratulostin-brother-pt-e110vp\/#primaryimage\",\"url\":\"https:\/\/storitgroup.com\/uploads\/2022\/10\/4-kleebiseprinter_brother_pt-e110vp-1.jpg\",\"contentUrl\":\"https:\/\/storitgroup.com\/uploads\/2022\/10\/4-kleebiseprinter_brother_pt-e110vp-1.jpg\",\"width\":419,\"height\":412},{\"@type\":\"BreadcrumbList\",\"@id\":\"https:\/\/storitgroup.com\/fi\/tuote\/tarratulostin-brother-pt-e110vp\/#breadcrumb\",\"itemListElement\":[{\"@type\":\"ListItem\",\"position\":1,\"name\":\"Kotisivu\",\"item\":\"https:\/\/storitgroup.com\/fi\/\"},{\"@type\":\"ListItem\",\"position\":2,\"name\":\"Tuotteet\",\"item\":\"https:\/\/storitgroup.com\/fi\/tuotteet\/\"},{\"@type\":\"ListItem\",\"position\":3,\"name\":\"Ty\u00f6p\u00f6yd\u00e4t: STORIT\",\"item\":\"https:\/\/storitgroup.com\/fi\/poydat-tuolit-tyokaluvarasto\/tyopoydat\/tyopoydat-storit-tyopoydat\/\"},{\"@type\":\"ListItem\",\"position\":4,\"name\":\"Tarratulostimet\",\"item\":\"https:\/\/storitgroup.com\/fi\/kuormalavat-pakkaus\/tarratulostimet\/\"},{\"@type\":\"ListItem\",\"position\":5,\"name\":\"Tarratulostin Brother PT-E110VP\"}]},{\"@type\":\"WebSite\",\"@id\":\"https:\/\/storitgroup.com\/fi\/#website\",\"url\":\"https:\/\/storitgroup.com\/fi\/\",\"name\":\"Storit\",\"description\":\"\",\"potentialAction\":[{\"@type\":\"SearchAction\",\"target\":{\"@type\":\"EntryPoint\",\"urlTemplate\":\"https:\/\/storitgroup.com\/fi\/?s={search_term_string}\"},\"query-input\":{\"@type\":\"PropertyValueSpecification\",\"valueRequired\":true,\"valueName\":\"search_term_string\"}}],\"inLanguage\":\"fi\"}]}<\/script>\n<!-- \/ Yoast SEO plugin. -->","yoast_head_json":{"title":"Tarratulostin Brother PT-E110VP &#8226; Storit","description":"Tarratulostin Brother PT-E110VP \u2014 kohtuulliseen hintaan. Toimitukset kaikkialle Suomeen! \u261b Tutustu tuotteeseen ja tilaa k\u00e4tev\u00e4sti STORIT-verkkokaupasta!","robots":{"index":"index","follow":"follow","max-snippet":"max-snippet:-1","max-image-preview":"max-image-preview:large","max-video-preview":"max-video-preview:-1"},"canonical":"https:\/\/storitgroup.com\/fi\/tuote\/tarratulostin-brother-pt-e110vp\/","og_locale":"fi_FI","og_type":"article","og_title":"Tarratulostin Brother PT-E110VP &#8226; Storit","og_description":"Tarratulostin Brother PT-E110VP \u2014 kohtuulliseen hintaan. Toimitukset kaikkialle Suomeen! \u261b Tutustu tuotteeseen ja tilaa k\u00e4tev\u00e4sti STORIT-verkkokaupasta!","og_url":"https:\/\/storitgroup.com\/fi\/tuote\/tarratulostin-brother-pt-e110vp\/","og_site_name":"Storit","article_modified_time":"2024-11-25T13:25:09+00:00","og_image":[{"width":419,"height":412,"url":"https:\/\/storitgroup.com\/uploads\/2022\/10\/4-kleebiseprinter_brother_pt-e110vp-1.jpg","type":"image\/jpeg"}],"twitter_card":"summary_large_image","schema":{"@context":"https:\/\/schema.org","@graph":[{"@type":["WebPage","ItemPage"],"@id":"https:\/\/storitgroup.com\/fi\/tuote\/tarratulostin-brother-pt-e110vp\/","url":"https:\/\/storitgroup.com\/fi\/tuote\/tarratulostin-brother-pt-e110vp\/","name":"Tarratulostin Brother PT-E110VP &#8226; Storit","isPartOf":{"@id":"https:\/\/storitgroup.com\/fi\/#website"},"primaryImageOfPage":{"@id":"https:\/\/storitgroup.com\/fi\/tuote\/tarratulostin-brother-pt-e110vp\/#primaryimage"},"image":{"@id":"https:\/\/storitgroup.com\/fi\/tuote\/tarratulostin-brother-pt-e110vp\/#primaryimage"},"thumbnailUrl":"https:\/\/storitgroup.com\/uploads\/2022\/10\/4-kleebiseprinter_brother_pt-e110vp-1.jpg","datePublished":"2022-10-04T12:03:12+00:00","dateModified":"2024-11-25T13:25:09+00:00","description":"Tarratulostin Brother PT-E110VP \u2014 kohtuulliseen hintaan. Toimitukset kaikkialle Suomeen! \u261b Tutustu tuotteeseen ja tilaa k\u00e4tev\u00e4sti STORIT-verkkokaupasta!","breadcrumb":{"@id":"https:\/\/storitgroup.com\/fi\/tuote\/tarratulostin-brother-pt-e110vp\/#breadcrumb"},"inLanguage":"fi","potentialAction":[{"@type":"ReadAction","target":["https:\/\/storitgroup.com\/fi\/tuote\/tarratulostin-brother-pt-e110vp\/"]}]},{"@type":"ImageObject","inLanguage":"fi","@id":"https:\/\/storitgroup.com\/fi\/tuote\/tarratulostin-brother-pt-e110vp\/#primaryimage","url":"https:\/\/storitgroup.com\/uploads\/2022\/10\/4-kleebiseprinter_brother_pt-e110vp-1.jpg","contentUrl":"https:\/\/storitgroup.com\/uploads\/2022\/10\/4-kleebiseprinter_brother_pt-e110vp-1.jpg","width":419,"height":412},{"@type":"BreadcrumbList","@id":"https:\/\/storitgroup.com\/fi\/tuote\/tarratulostin-brother-pt-e110vp\/#breadcrumb","itemListElement":[{"@type":"ListItem","position":1,"name":"Kotisivu","item":"https:\/\/storitgroup.com\/fi\/"},{"@type":"ListItem","position":2,"name":"Tuotteet","item":"https:\/\/storitgroup.com\/fi\/tuotteet\/"},{"@type":"ListItem","position":3,"name":"Ty\u00f6p\u00f6yd\u00e4t: STORIT","item":"https:\/\/storitgroup.com\/fi\/poydat-tuolit-tyokaluvarasto\/tyopoydat\/tyopoydat-storit-tyopoydat\/"},{"@type":"ListItem","position":4,"name":"Tarratulostimet","item":"https:\/\/storitgroup.com\/fi\/kuormalavat-pakkaus\/tarratulostimet\/"},{"@type":"ListItem","position":5,"name":"Tarratulostin Brother PT-E110VP"}]},{"@type":"WebSite","@id":"https:\/\/storitgroup.com\/fi\/#website","url":"https:\/\/storitgroup.com\/fi\/","name":"Storit","description":"","potentialAction":[{"@type":"SearchAction","target":{"@type":"EntryPoint","urlTemplate":"https:\/\/storitgroup.com\/fi\/?s={search_term_string}"},"query-input":{"@type":"PropertyValueSpecification","valueRequired":true,"valueName":"search_term_string"}}],"inLanguage":"fi"}]}},"_links":{"self":[{"href":"https:\/\/storitgroup.com\/fi\/wp-json\/wp\/v2\/product\/198990","targetHints":{"allow":["GET"]}}],"collection":[{"href":"https:\/\/storitgroup.com\/fi\/wp-json\/wp\/v2\/product"}],"about":[{"href":"https:\/\/storitgroup.com\/fi\/wp-json\/wp\/v2\/types\/product"}],"wp:featuredmedia":[{"embeddable":true,"href":"https:\/\/storitgroup.com\/fi\/wp-json\/wp\/v2\/media\/199048"}],"wp:attachment":[{"href":"https:\/\/storitgroup.com\/fi\/wp-json\/wp\/v2\/media?parent=198990"}],"wp:term":[{"taxonomy":"product_brand","embeddable":true,"href":"https:\/\/storitgroup.com\/fi\/wp-json\/wp\/v2\/product_brand?post=198990"},{"taxonomy":"product_cat","embeddable":true,"href":"https:\/\/storitgroup.com\/fi\/wp-json\/wp\/v2\/product_cat?post=198990"},{"taxonomy":"product_tag","embeddable":true,"href":"https:\/\/storitgroup.com\/fi\/wp-json\/wp\/v2\/product_tag?post=198990"}],"curies":[{"name":"wp","href":"https:\/\/api.w.org\/{rel}","templated":true}]}}