{"id":198978,"date":"2022-10-04T14:47:36","date_gmt":"2022-10-04T12:22:40","guid":{"rendered":"https:\/\/storitgroup.com\/?post_type=product&#038;p=198978"},"modified":"2024-11-25T15:16:27","modified_gmt":"2024-11-25T13:16:27","slug":"ac-virtalahte-brother-pt-tulostimia-varten","status":"publish","type":"product","link":"https:\/\/storitgroup.com\/fi\/tuote\/ac-virtalahte-brother-pt-tulostimia-varten\/","title":{"rendered":"AC virtal\u00e4hte Brother PT tulostimia varten"},"content":{"rendered":"<p>Lis\u00e4varuste Brother PT -tulostinmalleille:<\/p>\n<p>1000\/1010\/1090\/1230PC\/1280DT\/1290DT\/1290VP\/1830VP\/2030VP\/2100VP\/2430PC\/2460\/2700VP\/2730VP<br \/>PT-D200BWVP\/D200VP\/D210VP\/E100VP\/H105\/H110\/PTP300BT.<\/p>\n<p> Hy\u00f6dyllinen ty\u00f6kalu, jos paristot loppuvat kesken ty\u00f6n.<\/p>\n","protected":false},"excerpt":{"rendered":"<p>Lis\u00e4varuste Brother PT -tulostinmalleille:<\/p>\n<p>1000\/1010\/1090\/1230PC\/1280DT\/1290DT\/1290VP\/1830VP\/2030VP\/2100VP\/2430PC\/2460\/2700VP\/2730VP<\/p>\n","protected":false},"featured_media":199114,"template":"","meta":{"_acf_changed":false},"product_brand":[],"product_cat":[7106,7109],"product_tag":[],"class_list":{"0":"post-198978","1":"product","2":"type-product","3":"status-publish","4":"has-post-thumbnail","6":"product_room-ruuan-kasittely","7":"product_room-kaupankaynti-ja-myymalat","8":"product_room-pakkaus","9":"product_room-iso-varasto","10":"product_room-pieni-varasto","11":"product_room-kokoonpano-ja-keraily","12":"product_cat-tarratulostimet","13":"product_cat-loytonurkkaus","15":"first","16":"instock","17":"sale","18":"taxable","19":"shipping-taxable","20":"purchasable","21":"product-type-simple"},"acf":[],"yoast_head":"<!-- This site is optimized with the Yoast SEO plugin v27.2 - https:\/\/yoast.com\/product\/yoast-seo-wordpress\/ -->\n<title>AC virtal\u00e4hte Brother PT tulostimia varten &#8226; Storit<\/title>\n<meta name=\"description\" content=\"AC virtal\u00e4hte Brother PT tulostimia varten \u2014 kohtuulliseen hintaan. Toimitukset kaikkialle Suomeen! \u261b Tutustu tuotteeseen ja tilaa k\u00e4tev\u00e4sti STORIT-verkkokaupasta!\" \/>\n<meta name=\"robots\" content=\"index, follow, max-snippet:-1, max-image-preview:large, max-video-preview:-1\" \/>\n<link rel=\"canonical\" href=\"https:\/\/storitgroup.com\/fi\/tuote\/ac-virtalahte-brother-pt-tulostimia-varten\/\" \/>\n<meta property=\"og:locale\" content=\"fi_FI\" \/>\n<meta property=\"og:type\" content=\"article\" \/>\n<meta property=\"og:title\" content=\"AC virtal\u00e4hte Brother PT tulostimia varten &#8226; Storit\" \/>\n<meta property=\"og:description\" content=\"AC virtal\u00e4hte Brother PT tulostimia varten \u2014 kohtuulliseen hintaan. Toimitukset kaikkialle Suomeen! \u261b Tutustu tuotteeseen ja tilaa k\u00e4tev\u00e4sti STORIT-verkkokaupasta!\" \/>\n<meta property=\"og:url\" content=\"https:\/\/storitgroup.com\/fi\/tuote\/ac-virtalahte-brother-pt-tulostimia-varten\/\" \/>\n<meta property=\"og:site_name\" content=\"Storit\" \/>\n<meta property=\"article:modified_time\" content=\"2024-11-25T13:16:27+00:00\" \/>\n<meta property=\"og:image\" content=\"https:\/\/storitgroup.com\/uploads\/2022\/10\/21-ac_adapter.jpg\" \/>\n\t<meta property=\"og:image:width\" content=\"434\" \/>\n\t<meta property=\"og:image:height\" content=\"460\" \/>\n\t<meta property=\"og:image:type\" content=\"image\/jpeg\" \/>\n<meta name=\"twitter:card\" content=\"summary_large_image\" \/>\n<script type=\"application\/ld+json\" class=\"yoast-schema-graph\">{\"@context\":\"https:\/\/schema.org\",\"@graph\":[{\"@type\":[\"WebPage\",\"ItemPage\"],\"@id\":\"https:\/\/storitgroup.com\/fi\/tuote\/ac-virtalahte-brother-pt-tulostimia-varten\/\",\"url\":\"https:\/\/storitgroup.com\/fi\/tuote\/ac-virtalahte-brother-pt-tulostimia-varten\/\",\"name\":\"AC virtal\u00e4hte Brother PT tulostimia varten &#8226; Storit\",\"isPartOf\":{\"@id\":\"https:\/\/storitgroup.com\/fi\/#website\"},\"primaryImageOfPage\":{\"@id\":\"https:\/\/storitgroup.com\/fi\/tuote\/ac-virtalahte-brother-pt-tulostimia-varten\/#primaryimage\"},\"image\":{\"@id\":\"https:\/\/storitgroup.com\/fi\/tuote\/ac-virtalahte-brother-pt-tulostimia-varten\/#primaryimage\"},\"thumbnailUrl\":\"https:\/\/storitgroup.com\/uploads\/2022\/10\/21-ac_adapter.jpg\",\"datePublished\":\"2022-10-04T12:22:40+00:00\",\"dateModified\":\"2024-11-25T13:16:27+00:00\",\"description\":\"AC virtal\u00e4hte Brother PT tulostimia varten \u2014 kohtuulliseen hintaan. Toimitukset kaikkialle Suomeen! \u261b Tutustu tuotteeseen ja tilaa k\u00e4tev\u00e4sti STORIT-verkkokaupasta!\",\"breadcrumb\":{\"@id\":\"https:\/\/storitgroup.com\/fi\/tuote\/ac-virtalahte-brother-pt-tulostimia-varten\/#breadcrumb\"},\"inLanguage\":\"fi\",\"potentialAction\":[{\"@type\":\"ReadAction\",\"target\":[\"https:\/\/storitgroup.com\/fi\/tuote\/ac-virtalahte-brother-pt-tulostimia-varten\/\"]}]},{\"@type\":\"ImageObject\",\"inLanguage\":\"fi\",\"@id\":\"https:\/\/storitgroup.com\/fi\/tuote\/ac-virtalahte-brother-pt-tulostimia-varten\/#primaryimage\",\"url\":\"https:\/\/storitgroup.com\/uploads\/2022\/10\/21-ac_adapter.jpg\",\"contentUrl\":\"https:\/\/storitgroup.com\/uploads\/2022\/10\/21-ac_adapter.jpg\",\"width\":434,\"height\":460},{\"@type\":\"BreadcrumbList\",\"@id\":\"https:\/\/storitgroup.com\/fi\/tuote\/ac-virtalahte-brother-pt-tulostimia-varten\/#breadcrumb\",\"itemListElement\":[{\"@type\":\"ListItem\",\"position\":1,\"name\":\"Kotisivu\",\"item\":\"https:\/\/storitgroup.com\/fi\/\"},{\"@type\":\"ListItem\",\"position\":2,\"name\":\"Tuotteet\",\"item\":\"https:\/\/storitgroup.com\/fi\/tuotteet\/\"},{\"@type\":\"ListItem\",\"position\":3,\"name\":\"L\u00f6yt\u00f6nurkkaus\",\"item\":\"https:\/\/storitgroup.com\/fi\/loytonurkkaus\/\"},{\"@type\":\"ListItem\",\"position\":4,\"name\":\"AC virtal\u00e4hte Brother PT tulostimia varten\"}]},{\"@type\":\"WebSite\",\"@id\":\"https:\/\/storitgroup.com\/fi\/#website\",\"url\":\"https:\/\/storitgroup.com\/fi\/\",\"name\":\"Storit\",\"description\":\"\",\"potentialAction\":[{\"@type\":\"SearchAction\",\"target\":{\"@type\":\"EntryPoint\",\"urlTemplate\":\"https:\/\/storitgroup.com\/fi\/?s={search_term_string}\"},\"query-input\":{\"@type\":\"PropertyValueSpecification\",\"valueRequired\":true,\"valueName\":\"search_term_string\"}}],\"inLanguage\":\"fi\"}]}<\/script>\n<!-- \/ Yoast SEO plugin. -->","yoast_head_json":{"title":"AC virtal\u00e4hte Brother PT tulostimia varten &#8226; Storit","description":"AC virtal\u00e4hte Brother PT tulostimia varten \u2014 kohtuulliseen hintaan. Toimitukset kaikkialle Suomeen! \u261b Tutustu tuotteeseen ja tilaa k\u00e4tev\u00e4sti STORIT-verkkokaupasta!","robots":{"index":"index","follow":"follow","max-snippet":"max-snippet:-1","max-image-preview":"max-image-preview:large","max-video-preview":"max-video-preview:-1"},"canonical":"https:\/\/storitgroup.com\/fi\/tuote\/ac-virtalahte-brother-pt-tulostimia-varten\/","og_locale":"fi_FI","og_type":"article","og_title":"AC virtal\u00e4hte Brother PT tulostimia varten &#8226; Storit","og_description":"AC virtal\u00e4hte Brother PT tulostimia varten \u2014 kohtuulliseen hintaan. Toimitukset kaikkialle Suomeen! \u261b Tutustu tuotteeseen ja tilaa k\u00e4tev\u00e4sti STORIT-verkkokaupasta!","og_url":"https:\/\/storitgroup.com\/fi\/tuote\/ac-virtalahte-brother-pt-tulostimia-varten\/","og_site_name":"Storit","article_modified_time":"2024-11-25T13:16:27+00:00","og_image":[{"width":434,"height":460,"url":"https:\/\/storitgroup.com\/uploads\/2022\/10\/21-ac_adapter.jpg","type":"image\/jpeg"}],"twitter_card":"summary_large_image","schema":{"@context":"https:\/\/schema.org","@graph":[{"@type":["WebPage","ItemPage"],"@id":"https:\/\/storitgroup.com\/fi\/tuote\/ac-virtalahte-brother-pt-tulostimia-varten\/","url":"https:\/\/storitgroup.com\/fi\/tuote\/ac-virtalahte-brother-pt-tulostimia-varten\/","name":"AC virtal\u00e4hte Brother PT tulostimia varten &#8226; Storit","isPartOf":{"@id":"https:\/\/storitgroup.com\/fi\/#website"},"primaryImageOfPage":{"@id":"https:\/\/storitgroup.com\/fi\/tuote\/ac-virtalahte-brother-pt-tulostimia-varten\/#primaryimage"},"image":{"@id":"https:\/\/storitgroup.com\/fi\/tuote\/ac-virtalahte-brother-pt-tulostimia-varten\/#primaryimage"},"thumbnailUrl":"https:\/\/storitgroup.com\/uploads\/2022\/10\/21-ac_adapter.jpg","datePublished":"2022-10-04T12:22:40+00:00","dateModified":"2024-11-25T13:16:27+00:00","description":"AC virtal\u00e4hte Brother PT tulostimia varten \u2014 kohtuulliseen hintaan. Toimitukset kaikkialle Suomeen! \u261b Tutustu tuotteeseen ja tilaa k\u00e4tev\u00e4sti STORIT-verkkokaupasta!","breadcrumb":{"@id":"https:\/\/storitgroup.com\/fi\/tuote\/ac-virtalahte-brother-pt-tulostimia-varten\/#breadcrumb"},"inLanguage":"fi","potentialAction":[{"@type":"ReadAction","target":["https:\/\/storitgroup.com\/fi\/tuote\/ac-virtalahte-brother-pt-tulostimia-varten\/"]}]},{"@type":"ImageObject","inLanguage":"fi","@id":"https:\/\/storitgroup.com\/fi\/tuote\/ac-virtalahte-brother-pt-tulostimia-varten\/#primaryimage","url":"https:\/\/storitgroup.com\/uploads\/2022\/10\/21-ac_adapter.jpg","contentUrl":"https:\/\/storitgroup.com\/uploads\/2022\/10\/21-ac_adapter.jpg","width":434,"height":460},{"@type":"BreadcrumbList","@id":"https:\/\/storitgroup.com\/fi\/tuote\/ac-virtalahte-brother-pt-tulostimia-varten\/#breadcrumb","itemListElement":[{"@type":"ListItem","position":1,"name":"Kotisivu","item":"https:\/\/storitgroup.com\/fi\/"},{"@type":"ListItem","position":2,"name":"Tuotteet","item":"https:\/\/storitgroup.com\/fi\/tuotteet\/"},{"@type":"ListItem","position":3,"name":"L\u00f6yt\u00f6nurkkaus","item":"https:\/\/storitgroup.com\/fi\/loytonurkkaus\/"},{"@type":"ListItem","position":4,"name":"AC virtal\u00e4hte Brother PT tulostimia varten"}]},{"@type":"WebSite","@id":"https:\/\/storitgroup.com\/fi\/#website","url":"https:\/\/storitgroup.com\/fi\/","name":"Storit","description":"","potentialAction":[{"@type":"SearchAction","target":{"@type":"EntryPoint","urlTemplate":"https:\/\/storitgroup.com\/fi\/?s={search_term_string}"},"query-input":{"@type":"PropertyValueSpecification","valueRequired":true,"valueName":"search_term_string"}}],"inLanguage":"fi"}]}},"_links":{"self":[{"href":"https:\/\/storitgroup.com\/fi\/wp-json\/wp\/v2\/product\/198978","targetHints":{"allow":["GET"]}}],"collection":[{"href":"https:\/\/storitgroup.com\/fi\/wp-json\/wp\/v2\/product"}],"about":[{"href":"https:\/\/storitgroup.com\/fi\/wp-json\/wp\/v2\/types\/product"}],"wp:featuredmedia":[{"embeddable":true,"href":"https:\/\/storitgroup.com\/fi\/wp-json\/wp\/v2\/media\/199114"}],"wp:attachment":[{"href":"https:\/\/storitgroup.com\/fi\/wp-json\/wp\/v2\/media?parent=198978"}],"wp:term":[{"taxonomy":"product_brand","embeddable":true,"href":"https:\/\/storitgroup.com\/fi\/wp-json\/wp\/v2\/product_brand?post=198978"},{"taxonomy":"product_cat","embeddable":true,"href":"https:\/\/storitgroup.com\/fi\/wp-json\/wp\/v2\/product_cat?post=198978"},{"taxonomy":"product_tag","embeddable":true,"href":"https:\/\/storitgroup.com\/fi\/wp-json\/wp\/v2\/product_tag?post=198978"}],"curies":[{"name":"wp","href":"https:\/\/api.w.org\/{rel}","templated":true}]}}