{"id":198974,"date":"2022-10-04T14:17:35","date_gmt":"2022-10-04T11:17:35","guid":{"rendered":"https:\/\/storitgroup.com\/?post_type=product&#038;p=198974"},"modified":"2024-11-25T15:25:15","modified_gmt":"2024-11-25T13:25:15","slug":"langaton-tarratulostin-brother-p-touch","status":"publish","type":"product","link":"https:\/\/storitgroup.com\/fi\/tuote\/langaton-tarratulostin-brother-p-touch\/","title":{"rendered":"Langaton tarratulostin Brother P-Touch"},"content":{"rendered":"<p>Langaton P-touch on kompakti ja moderni tarratulostin, joka voidaan yhdist\u00e4\u00e4 \u00e4lypuhelimiin ja tabletteihin Bluetoothin avulla. Tarrojen muokkaus tehd\u00e4\u00e4n P-touch Design&amp;Print -sovelluksella, joka on saatavilla iOS- ja Android-laitteille ilmaiseksi. Sovellus tarjoaa useita vaihtoehtoja mielenkiintoisten tarrojen luomiseen mille tahansa esineelle. Ominaisuudet:<\/p>\n<p>&#8211; sopii TZe-tarroille leveydell\u00e4 3,5 mm &amp; 6 mm &amp; 9 mm &amp; 12&#215;300 mm<br \/>&#8211; Bluetooth<br \/>&#8211; lataukset Brother Cloudista<br \/>&#8211; vaaka- ja pystysuuntainen tulostus<br \/>&#8211; leikkuri<br \/>&#8211; erilaisia fontteja ja tyylej\u00e4<br \/>&#8211; 1000 symbolia <br \/>&#8211; 61 kehyst\u00e4 teksteille <br \/>&#8211; 6 kpl AAA-paristoja (ei ole  mukana)<br \/>&#8211; mahdollisuus ladata AC verkkolaitteella (myyd\u00e4\u00e4n erikseen)<\/p>\n","protected":false},"excerpt":{"rendered":"<p>Langaton P-touch on kompakti ja moderni tarratulostin, joka voidaan yhdist\u00e4\u00e4 \u00e4lypuhelimiin ja tabletteihin Bluetoothin avulla. Tarrojen muokkaus tehd\u00e4\u00e4n P-touch Design&amp;Print -sovelluksella, joka on saatavilla iOS- ja Android-laitteille ilmaiseksi. Sovellus tarjoaa useita vaihtoehtoja mielenkiintoisten tarrojen luomiseen mille tahansa esineelle. Ominaisuudet:<\/p>\n<p>&#8211; sopii TZe-tarroille leveydell\u00e4 3,5 mm &amp; 6 mm &amp; 9 mm &amp; 12&#215;300 mm<\/p>\n","protected":false},"featured_media":199017,"template":"","meta":{"_acf_changed":false},"product_brand":[],"product_cat":[7106],"product_tag":[],"class_list":{"0":"post-198974","1":"product","2":"type-product","3":"status-publish","4":"has-post-thumbnail","6":"product_room-ruuan-kasittely","7":"product_room-kaupankaynti-ja-myymalat","8":"product_room-pakkaus","9":"product_room-iso-varasto","10":"product_room-pieni-varasto","11":"product_room-kokoonpano-ja-keraily","12":"product_cat-tarratulostimet","14":"first","15":"onbackorder","16":"taxable","17":"shipping-taxable","18":"purchasable","19":"product-type-simple"},"acf":[],"yoast_head":"<!-- This site is optimized with the Yoast SEO plugin v27.3 - https:\/\/yoast.com\/product\/yoast-seo-wordpress\/ -->\n<title>Langaton tarratulostin Brother P-Touch &#8226; Storit<\/title>\n<meta name=\"description\" content=\"Langaton tarratulostin Brother P-Touch \u2014 kohtuulliseen hintaan. Toimitukset kaikkialle Suomeen! \u261b Tutustu tuotteeseen ja tilaa k\u00e4tev\u00e4sti STORIT-verkkokaupasta!\" \/>\n<meta name=\"robots\" content=\"index, follow, max-snippet:-1, max-image-preview:large, max-video-preview:-1\" \/>\n<link rel=\"canonical\" href=\"https:\/\/storitgroup.com\/fi\/tuote\/langaton-tarratulostin-brother-p-touch\/\" \/>\n<meta property=\"og:locale\" content=\"fi_FI\" \/>\n<meta property=\"og:type\" content=\"article\" \/>\n<meta property=\"og:title\" content=\"Langaton tarratulostin Brother P-Touch &#8226; Storit\" \/>\n<meta property=\"og:description\" content=\"Langaton tarratulostin Brother P-Touch \u2014 kohtuulliseen hintaan. Toimitukset kaikkialle Suomeen! \u261b Tutustu tuotteeseen ja tilaa k\u00e4tev\u00e4sti STORIT-verkkokaupasta!\" \/>\n<meta property=\"og:url\" content=\"https:\/\/storitgroup.com\/fi\/tuote\/langaton-tarratulostin-brother-p-touch\/\" \/>\n<meta property=\"og:site_name\" content=\"Storit\" \/>\n<meta property=\"article:modified_time\" content=\"2024-11-25T13:25:15+00:00\" \/>\n<meta property=\"og:image\" content=\"https:\/\/storitgroup.com\/uploads\/2022\/10\/1-juhtmevaba_kleebiseprinter_brother_p-touch-2.jpg\" \/>\n\t<meta property=\"og:image:width\" content=\"406\" \/>\n\t<meta property=\"og:image:height\" content=\"414\" \/>\n\t<meta property=\"og:image:type\" content=\"image\/jpeg\" \/>\n<meta name=\"twitter:card\" content=\"summary_large_image\" \/>\n<script type=\"application\/ld+json\" class=\"yoast-schema-graph\">{\"@context\":\"https:\\\/\\\/schema.org\",\"@graph\":[{\"@type\":[\"WebPage\",\"ItemPage\"],\"@id\":\"https:\\\/\\\/storitgroup.com\\\/fi\\\/tuote\\\/langaton-tarratulostin-brother-p-touch\\\/\",\"url\":\"https:\\\/\\\/storitgroup.com\\\/fi\\\/tuote\\\/langaton-tarratulostin-brother-p-touch\\\/\",\"name\":\"Langaton tarratulostin Brother P-Touch &#8226; Storit\",\"isPartOf\":{\"@id\":\"https:\\\/\\\/storitgroup.com\\\/fi\\\/#website\"},\"primaryImageOfPage\":{\"@id\":\"https:\\\/\\\/storitgroup.com\\\/fi\\\/tuote\\\/langaton-tarratulostin-brother-p-touch\\\/#primaryimage\"},\"image\":{\"@id\":\"https:\\\/\\\/storitgroup.com\\\/fi\\\/tuote\\\/langaton-tarratulostin-brother-p-touch\\\/#primaryimage\"},\"thumbnailUrl\":\"https:\\\/\\\/storitgroup.com\\\/uploads\\\/2022\\\/10\\\/1-juhtmevaba_kleebiseprinter_brother_p-touch-2.jpg\",\"datePublished\":\"2022-10-04T11:17:35+00:00\",\"dateModified\":\"2024-11-25T13:25:15+00:00\",\"description\":\"Langaton tarratulostin Brother P-Touch \u2014 kohtuulliseen hintaan. Toimitukset kaikkialle Suomeen! \u261b Tutustu tuotteeseen ja tilaa k\u00e4tev\u00e4sti STORIT-verkkokaupasta!\",\"breadcrumb\":{\"@id\":\"https:\\\/\\\/storitgroup.com\\\/fi\\\/tuote\\\/langaton-tarratulostin-brother-p-touch\\\/#breadcrumb\"},\"inLanguage\":\"fi\",\"potentialAction\":[{\"@type\":\"ReadAction\",\"target\":[\"https:\\\/\\\/storitgroup.com\\\/fi\\\/tuote\\\/langaton-tarratulostin-brother-p-touch\\\/\"]}]},{\"@type\":\"ImageObject\",\"inLanguage\":\"fi\",\"@id\":\"https:\\\/\\\/storitgroup.com\\\/fi\\\/tuote\\\/langaton-tarratulostin-brother-p-touch\\\/#primaryimage\",\"url\":\"https:\\\/\\\/storitgroup.com\\\/uploads\\\/2022\\\/10\\\/1-juhtmevaba_kleebiseprinter_brother_p-touch-2.jpg\",\"contentUrl\":\"https:\\\/\\\/storitgroup.com\\\/uploads\\\/2022\\\/10\\\/1-juhtmevaba_kleebiseprinter_brother_p-touch-2.jpg\",\"width\":406,\"height\":414},{\"@type\":\"BreadcrumbList\",\"@id\":\"https:\\\/\\\/storitgroup.com\\\/fi\\\/tuote\\\/langaton-tarratulostin-brother-p-touch\\\/#breadcrumb\",\"itemListElement\":[{\"@type\":\"ListItem\",\"position\":1,\"name\":\"Kotisivu\",\"item\":\"https:\\\/\\\/storitgroup.com\\\/fi\\\/\"},{\"@type\":\"ListItem\",\"position\":2,\"name\":\"Tuotteet\",\"item\":\"https:\\\/\\\/storitgroup.com\\\/fi\\\/tuotteet\\\/\"},{\"@type\":\"ListItem\",\"position\":3,\"name\":\"Ty\u00f6p\u00f6yd\u00e4t: STORIT\",\"item\":\"https:\\\/\\\/storitgroup.com\\\/fi\\\/poydat-tuolit-tyokaluvarasto\\\/tyopoydat\\\/tyopoydat-storit-tyopoydat\\\/\"},{\"@type\":\"ListItem\",\"position\":4,\"name\":\"Tarratulostimet\",\"item\":\"https:\\\/\\\/storitgroup.com\\\/fi\\\/kuormalavat-pakkaus\\\/tarratulostimet\\\/\"},{\"@type\":\"ListItem\",\"position\":5,\"name\":\"Langaton tarratulostin Brother P-Touch\"}]},{\"@type\":\"WebSite\",\"@id\":\"https:\\\/\\\/storitgroup.com\\\/fi\\\/#website\",\"url\":\"https:\\\/\\\/storitgroup.com\\\/fi\\\/\",\"name\":\"Storit\",\"description\":\"\",\"potentialAction\":[{\"@type\":\"SearchAction\",\"target\":{\"@type\":\"EntryPoint\",\"urlTemplate\":\"https:\\\/\\\/storitgroup.com\\\/fi\\\/?s={search_term_string}\"},\"query-input\":{\"@type\":\"PropertyValueSpecification\",\"valueRequired\":true,\"valueName\":\"search_term_string\"}}],\"inLanguage\":\"fi\"}]}<\/script>\n<!-- \/ Yoast SEO plugin. -->","yoast_head_json":{"title":"Langaton tarratulostin Brother P-Touch &#8226; Storit","description":"Langaton tarratulostin Brother P-Touch \u2014 kohtuulliseen hintaan. Toimitukset kaikkialle Suomeen! \u261b Tutustu tuotteeseen ja tilaa k\u00e4tev\u00e4sti STORIT-verkkokaupasta!","robots":{"index":"index","follow":"follow","max-snippet":"max-snippet:-1","max-image-preview":"max-image-preview:large","max-video-preview":"max-video-preview:-1"},"canonical":"https:\/\/storitgroup.com\/fi\/tuote\/langaton-tarratulostin-brother-p-touch\/","og_locale":"fi_FI","og_type":"article","og_title":"Langaton tarratulostin Brother P-Touch &#8226; Storit","og_description":"Langaton tarratulostin Brother P-Touch \u2014 kohtuulliseen hintaan. Toimitukset kaikkialle Suomeen! \u261b Tutustu tuotteeseen ja tilaa k\u00e4tev\u00e4sti STORIT-verkkokaupasta!","og_url":"https:\/\/storitgroup.com\/fi\/tuote\/langaton-tarratulostin-brother-p-touch\/","og_site_name":"Storit","article_modified_time":"2024-11-25T13:25:15+00:00","og_image":[{"width":406,"height":414,"url":"https:\/\/storitgroup.com\/uploads\/2022\/10\/1-juhtmevaba_kleebiseprinter_brother_p-touch-2.jpg","type":"image\/jpeg"}],"twitter_card":"summary_large_image","schema":{"@context":"https:\/\/schema.org","@graph":[{"@type":["WebPage","ItemPage"],"@id":"https:\/\/storitgroup.com\/fi\/tuote\/langaton-tarratulostin-brother-p-touch\/","url":"https:\/\/storitgroup.com\/fi\/tuote\/langaton-tarratulostin-brother-p-touch\/","name":"Langaton tarratulostin Brother P-Touch &#8226; Storit","isPartOf":{"@id":"https:\/\/storitgroup.com\/fi\/#website"},"primaryImageOfPage":{"@id":"https:\/\/storitgroup.com\/fi\/tuote\/langaton-tarratulostin-brother-p-touch\/#primaryimage"},"image":{"@id":"https:\/\/storitgroup.com\/fi\/tuote\/langaton-tarratulostin-brother-p-touch\/#primaryimage"},"thumbnailUrl":"https:\/\/storitgroup.com\/uploads\/2022\/10\/1-juhtmevaba_kleebiseprinter_brother_p-touch-2.jpg","datePublished":"2022-10-04T11:17:35+00:00","dateModified":"2024-11-25T13:25:15+00:00","description":"Langaton tarratulostin Brother P-Touch \u2014 kohtuulliseen hintaan. Toimitukset kaikkialle Suomeen! \u261b Tutustu tuotteeseen ja tilaa k\u00e4tev\u00e4sti STORIT-verkkokaupasta!","breadcrumb":{"@id":"https:\/\/storitgroup.com\/fi\/tuote\/langaton-tarratulostin-brother-p-touch\/#breadcrumb"},"inLanguage":"fi","potentialAction":[{"@type":"ReadAction","target":["https:\/\/storitgroup.com\/fi\/tuote\/langaton-tarratulostin-brother-p-touch\/"]}]},{"@type":"ImageObject","inLanguage":"fi","@id":"https:\/\/storitgroup.com\/fi\/tuote\/langaton-tarratulostin-brother-p-touch\/#primaryimage","url":"https:\/\/storitgroup.com\/uploads\/2022\/10\/1-juhtmevaba_kleebiseprinter_brother_p-touch-2.jpg","contentUrl":"https:\/\/storitgroup.com\/uploads\/2022\/10\/1-juhtmevaba_kleebiseprinter_brother_p-touch-2.jpg","width":406,"height":414},{"@type":"BreadcrumbList","@id":"https:\/\/storitgroup.com\/fi\/tuote\/langaton-tarratulostin-brother-p-touch\/#breadcrumb","itemListElement":[{"@type":"ListItem","position":1,"name":"Kotisivu","item":"https:\/\/storitgroup.com\/fi\/"},{"@type":"ListItem","position":2,"name":"Tuotteet","item":"https:\/\/storitgroup.com\/fi\/tuotteet\/"},{"@type":"ListItem","position":3,"name":"Ty\u00f6p\u00f6yd\u00e4t: STORIT","item":"https:\/\/storitgroup.com\/fi\/poydat-tuolit-tyokaluvarasto\/tyopoydat\/tyopoydat-storit-tyopoydat\/"},{"@type":"ListItem","position":4,"name":"Tarratulostimet","item":"https:\/\/storitgroup.com\/fi\/kuormalavat-pakkaus\/tarratulostimet\/"},{"@type":"ListItem","position":5,"name":"Langaton tarratulostin Brother P-Touch"}]},{"@type":"WebSite","@id":"https:\/\/storitgroup.com\/fi\/#website","url":"https:\/\/storitgroup.com\/fi\/","name":"Storit","description":"","potentialAction":[{"@type":"SearchAction","target":{"@type":"EntryPoint","urlTemplate":"https:\/\/storitgroup.com\/fi\/?s={search_term_string}"},"query-input":{"@type":"PropertyValueSpecification","valueRequired":true,"valueName":"search_term_string"}}],"inLanguage":"fi"}]}},"_links":{"self":[{"href":"https:\/\/storitgroup.com\/fi\/wp-json\/wp\/v2\/product\/198974","targetHints":{"allow":["GET"]}}],"collection":[{"href":"https:\/\/storitgroup.com\/fi\/wp-json\/wp\/v2\/product"}],"about":[{"href":"https:\/\/storitgroup.com\/fi\/wp-json\/wp\/v2\/types\/product"}],"wp:featuredmedia":[{"embeddable":true,"href":"https:\/\/storitgroup.com\/fi\/wp-json\/wp\/v2\/media\/199017"}],"wp:attachment":[{"href":"https:\/\/storitgroup.com\/fi\/wp-json\/wp\/v2\/media?parent=198974"}],"wp:term":[{"taxonomy":"product_brand","embeddable":true,"href":"https:\/\/storitgroup.com\/fi\/wp-json\/wp\/v2\/product_brand?post=198974"},{"taxonomy":"product_cat","embeddable":true,"href":"https:\/\/storitgroup.com\/fi\/wp-json\/wp\/v2\/product_cat?post=198974"},{"taxonomy":"product_tag","embeddable":true,"href":"https:\/\/storitgroup.com\/fi\/wp-json\/wp\/v2\/product_tag?post=198974"}],"curies":[{"name":"wp","href":"https:\/\/api.w.org\/{rel}","templated":true}]}}