{"id":198934,"date":"2022-09-29T13:56:36","date_gmt":"2022-09-29T10:56:36","guid":{"rendered":"https:\/\/storitgroup.com\/product\/tarratulostin-brother-p-touch-pt-h107btb\/"},"modified":"2024-11-25T15:25:13","modified_gmt":"2024-11-25T13:25:13","slug":"tarratulostin-brother-p-touch-pt-h107btb","status":"publish","type":"product","link":"https:\/\/storitgroup.com\/fi\/tuote\/tarratulostin-brother-p-touch-pt-h107btb\/","title":{"rendered":"Tarratulostin Brother P-Touch H107B"},"content":{"rendered":"<p>Luotettava Brother P-Touch tarratulostin kotik\u00e4ytt\u00f6\u00f6n. Paristok\u00e4ytt\u00f6inen laite tekee helposti kest\u00e4vi\u00e4 laminoituja tarroja, ett\u00e4 voit j\u00e4rjest\u00e4\u00e4 kodin paremmin. Tarratulostimessa on 9 muistipaikkaa, joihin voit tallentaa erilaisia tarran nimi\u00e4 ja tulostaa ne nopeasti my\u00f6hemmin. Tarratulostimen kanssa voidaan k\u00e4ytt\u00e4\u00e4 erilaisia kehyksi\u00e4, symboleja ja malleja. Ominaisuudet:<\/p>\n<p>&#8211; sopivat TZe-nauhat leveydell\u00e4 3,5 mm &amp; 6 mm &amp; 9 mm &amp; 12&#215;300 mm<br \/>&#8211; LCD-n\u00e4ytt\u00f6<br \/>&#8211; 180 dpi resoluutio<br \/>&#8211; kahdelle riville tulostaminen<br \/>&#8211; vaaka- ja pystytulostus <br \/>&#8211; manuaalinen leikkuri <br \/>&#8211; ABCD n\u00e4pp\u00e4imist\u00f6<br \/>&#8211; 12 fonttityyli\u00e4<br \/>&#8211; 3 tekstikokoa<br \/>&#8211; 12 merkki\u00e4 n\u00e4yt\u00f6ll\u00e4<br \/>&#8211; 9 kopiota per\u00e4kk\u00e4in<br \/>&#8211; 9 tallennuspaikkaa<br \/>&#8211; 178 merkki\u00e4 ja symbolia<br \/>&#8211; 7 kehyst\u00e4 tekstin ymp\u00e4ri<br \/>&#8211; kaapeli- ja johdinmerkint\u00e4toiminto <br \/>&#8211; alleviivaus<br \/>&#8211; 6 kpl AAA-paristoa (ei ole mukana)<\/p>\n","protected":false},"excerpt":{"rendered":"<p>Luotettava Brother P-Touch tarratulostin kotik\u00e4ytt\u00f6\u00f6n. Paristok\u00e4ytt\u00f6inen laite tekee helposti kest\u00e4vi\u00e4 laminoituja tarroja, ett\u00e4 voit j\u00e4rjest\u00e4\u00e4 kodin paremmin. Tarratulostimessa on 9 muistipaikkaa, joihin voit tallentaa erilaisia tarran nimi\u00e4 ja tulostaa ne nopeasti my\u00f6hemmin. Tarratulostimen kanssa voidaan k\u00e4ytt\u00e4\u00e4 erilaisia kehyksi\u00e4, symboleja ja malleja. Ominaisuudet:<\/p>\n<p>&#8211; sopivat TZe-nauhat leveydell\u00e4 3,5 mm &amp; 6 mm &amp; 9 mm &amp; 12&#215;300 mm<\/p>\n","protected":false},"featured_media":198904,"template":"","meta":{"_acf_changed":false},"product_brand":[],"product_cat":[7106],"product_tag":[],"class_list":{"0":"post-198934","1":"product","2":"type-product","3":"status-publish","4":"has-post-thumbnail","6":"product_room-kokoonpano-ja-keraily","7":"product_room-ruuan-kasittely","8":"product_room-kaupankaynti-ja-myymalat","9":"product_room-pakkaus","10":"product_room-iso-varasto","11":"product_room-pieni-varasto","12":"product_cat-tarratulostimet","14":"first","15":"instock","16":"taxable","17":"shipping-taxable","18":"purchasable","19":"product-type-simple"},"acf":[],"yoast_head":"<!-- This site is optimized with the Yoast SEO plugin v27.2 - https:\/\/yoast.com\/product\/yoast-seo-wordpress\/ -->\n<title>Tarratulostin Brother P-Touch H107B &#8226; Storit<\/title>\n<meta name=\"description\" content=\"Tarratulostin Brother P-Touch H107B \u2014 kohtuulliseen hintaan. Toimitukset kaikkialle Suomeen! \u261b Tutustu tuotteeseen ja tilaa k\u00e4tev\u00e4sti STORIT-verkkokaupasta!\" \/>\n<meta name=\"robots\" content=\"index, follow, max-snippet:-1, max-image-preview:large, max-video-preview:-1\" \/>\n<link rel=\"canonical\" href=\"https:\/\/storitgroup.com\/fi\/tuote\/tarratulostin-brother-p-touch-pt-h107btb\/\" \/>\n<meta property=\"og:locale\" content=\"fi_FI\" \/>\n<meta property=\"og:type\" content=\"article\" \/>\n<meta property=\"og:title\" content=\"Tarratulostin Brother P-Touch H107B &#8226; Storit\" \/>\n<meta property=\"og:description\" content=\"Tarratulostin Brother P-Touch H107B \u2014 kohtuulliseen hintaan. Toimitukset kaikkialle Suomeen! \u261b Tutustu tuotteeseen ja tilaa k\u00e4tev\u00e4sti STORIT-verkkokaupasta!\" \/>\n<meta property=\"og:url\" content=\"https:\/\/storitgroup.com\/fi\/tuote\/tarratulostin-brother-p-touch-pt-h107btb\/\" \/>\n<meta property=\"og:site_name\" content=\"Storit\" \/>\n<meta property=\"article:modified_time\" content=\"2024-11-25T13:25:13+00:00\" \/>\n<meta property=\"og:image\" content=\"https:\/\/storitgroup.com\/uploads\/2022\/09\/kleebiseprinter_brother107b.jpg\" \/>\n\t<meta property=\"og:image:width\" content=\"458\" \/>\n\t<meta property=\"og:image:height\" content=\"728\" \/>\n\t<meta property=\"og:image:type\" content=\"image\/jpeg\" \/>\n<meta name=\"twitter:card\" content=\"summary_large_image\" \/>\n<meta name=\"twitter:label1\" content=\"Arvioitu lukuaika\" \/>\n\t<meta name=\"twitter:data1\" content=\"1 minuutti\" \/>\n<script type=\"application\/ld+json\" class=\"yoast-schema-graph\">{\"@context\":\"https:\/\/schema.org\",\"@graph\":[{\"@type\":[\"WebPage\",\"ItemPage\"],\"@id\":\"https:\/\/storitgroup.com\/fi\/tuote\/tarratulostin-brother-p-touch-pt-h107btb\/\",\"url\":\"https:\/\/storitgroup.com\/fi\/tuote\/tarratulostin-brother-p-touch-pt-h107btb\/\",\"name\":\"Tarratulostin Brother P-Touch H107B &#8226; Storit\",\"isPartOf\":{\"@id\":\"https:\/\/storitgroup.com\/fi\/#website\"},\"primaryImageOfPage\":{\"@id\":\"https:\/\/storitgroup.com\/fi\/tuote\/tarratulostin-brother-p-touch-pt-h107btb\/#primaryimage\"},\"image\":{\"@id\":\"https:\/\/storitgroup.com\/fi\/tuote\/tarratulostin-brother-p-touch-pt-h107btb\/#primaryimage\"},\"thumbnailUrl\":\"https:\/\/storitgroup.com\/uploads\/2022\/09\/kleebiseprinter_brother107b.jpg\",\"datePublished\":\"2022-09-29T10:56:36+00:00\",\"dateModified\":\"2024-11-25T13:25:13+00:00\",\"description\":\"Tarratulostin Brother P-Touch H107B \u2014 kohtuulliseen hintaan. Toimitukset kaikkialle Suomeen! \u261b Tutustu tuotteeseen ja tilaa k\u00e4tev\u00e4sti STORIT-verkkokaupasta!\",\"breadcrumb\":{\"@id\":\"https:\/\/storitgroup.com\/fi\/tuote\/tarratulostin-brother-p-touch-pt-h107btb\/#breadcrumb\"},\"inLanguage\":\"fi\",\"potentialAction\":[{\"@type\":\"ReadAction\",\"target\":[\"https:\/\/storitgroup.com\/fi\/tuote\/tarratulostin-brother-p-touch-pt-h107btb\/\"]}]},{\"@type\":\"ImageObject\",\"inLanguage\":\"fi\",\"@id\":\"https:\/\/storitgroup.com\/fi\/tuote\/tarratulostin-brother-p-touch-pt-h107btb\/#primaryimage\",\"url\":\"https:\/\/storitgroup.com\/uploads\/2022\/09\/kleebiseprinter_brother107b.jpg\",\"contentUrl\":\"https:\/\/storitgroup.com\/uploads\/2022\/09\/kleebiseprinter_brother107b.jpg\",\"width\":458,\"height\":728},{\"@type\":\"BreadcrumbList\",\"@id\":\"https:\/\/storitgroup.com\/fi\/tuote\/tarratulostin-brother-p-touch-pt-h107btb\/#breadcrumb\",\"itemListElement\":[{\"@type\":\"ListItem\",\"position\":1,\"name\":\"Kotisivu\",\"item\":\"https:\/\/storitgroup.com\/fi\/\"},{\"@type\":\"ListItem\",\"position\":2,\"name\":\"Tuotteet\",\"item\":\"https:\/\/storitgroup.com\/fi\/tuotteet\/\"},{\"@type\":\"ListItem\",\"position\":3,\"name\":\"Ty\u00f6p\u00f6yd\u00e4t: STORIT\",\"item\":\"https:\/\/storitgroup.com\/fi\/poydat-tuolit-tyokaluvarasto\/tyopoydat\/tyopoydat-storit-tyopoydat\/\"},{\"@type\":\"ListItem\",\"position\":4,\"name\":\"Tarratulostimet\",\"item\":\"https:\/\/storitgroup.com\/fi\/kuormalavat-pakkaus\/tarratulostimet\/\"},{\"@type\":\"ListItem\",\"position\":5,\"name\":\"Tarratulostin Brother P-Touch H107B\"}]},{\"@type\":\"WebSite\",\"@id\":\"https:\/\/storitgroup.com\/fi\/#website\",\"url\":\"https:\/\/storitgroup.com\/fi\/\",\"name\":\"Storit\",\"description\":\"\",\"potentialAction\":[{\"@type\":\"SearchAction\",\"target\":{\"@type\":\"EntryPoint\",\"urlTemplate\":\"https:\/\/storitgroup.com\/fi\/?s={search_term_string}\"},\"query-input\":{\"@type\":\"PropertyValueSpecification\",\"valueRequired\":true,\"valueName\":\"search_term_string\"}}],\"inLanguage\":\"fi\"}]}<\/script>\n<!-- \/ Yoast SEO plugin. -->","yoast_head_json":{"title":"Tarratulostin Brother P-Touch H107B &#8226; Storit","description":"Tarratulostin Brother P-Touch H107B \u2014 kohtuulliseen hintaan. Toimitukset kaikkialle Suomeen! \u261b Tutustu tuotteeseen ja tilaa k\u00e4tev\u00e4sti STORIT-verkkokaupasta!","robots":{"index":"index","follow":"follow","max-snippet":"max-snippet:-1","max-image-preview":"max-image-preview:large","max-video-preview":"max-video-preview:-1"},"canonical":"https:\/\/storitgroup.com\/fi\/tuote\/tarratulostin-brother-p-touch-pt-h107btb\/","og_locale":"fi_FI","og_type":"article","og_title":"Tarratulostin Brother P-Touch H107B &#8226; Storit","og_description":"Tarratulostin Brother P-Touch H107B \u2014 kohtuulliseen hintaan. Toimitukset kaikkialle Suomeen! \u261b Tutustu tuotteeseen ja tilaa k\u00e4tev\u00e4sti STORIT-verkkokaupasta!","og_url":"https:\/\/storitgroup.com\/fi\/tuote\/tarratulostin-brother-p-touch-pt-h107btb\/","og_site_name":"Storit","article_modified_time":"2024-11-25T13:25:13+00:00","og_image":[{"width":458,"height":728,"url":"https:\/\/storitgroup.com\/uploads\/2022\/09\/kleebiseprinter_brother107b.jpg","type":"image\/jpeg"}],"twitter_card":"summary_large_image","twitter_misc":{"Arvioitu lukuaika":"1 minuutti"},"schema":{"@context":"https:\/\/schema.org","@graph":[{"@type":["WebPage","ItemPage"],"@id":"https:\/\/storitgroup.com\/fi\/tuote\/tarratulostin-brother-p-touch-pt-h107btb\/","url":"https:\/\/storitgroup.com\/fi\/tuote\/tarratulostin-brother-p-touch-pt-h107btb\/","name":"Tarratulostin Brother P-Touch H107B &#8226; Storit","isPartOf":{"@id":"https:\/\/storitgroup.com\/fi\/#website"},"primaryImageOfPage":{"@id":"https:\/\/storitgroup.com\/fi\/tuote\/tarratulostin-brother-p-touch-pt-h107btb\/#primaryimage"},"image":{"@id":"https:\/\/storitgroup.com\/fi\/tuote\/tarratulostin-brother-p-touch-pt-h107btb\/#primaryimage"},"thumbnailUrl":"https:\/\/storitgroup.com\/uploads\/2022\/09\/kleebiseprinter_brother107b.jpg","datePublished":"2022-09-29T10:56:36+00:00","dateModified":"2024-11-25T13:25:13+00:00","description":"Tarratulostin Brother P-Touch H107B \u2014 kohtuulliseen hintaan. Toimitukset kaikkialle Suomeen! \u261b Tutustu tuotteeseen ja tilaa k\u00e4tev\u00e4sti STORIT-verkkokaupasta!","breadcrumb":{"@id":"https:\/\/storitgroup.com\/fi\/tuote\/tarratulostin-brother-p-touch-pt-h107btb\/#breadcrumb"},"inLanguage":"fi","potentialAction":[{"@type":"ReadAction","target":["https:\/\/storitgroup.com\/fi\/tuote\/tarratulostin-brother-p-touch-pt-h107btb\/"]}]},{"@type":"ImageObject","inLanguage":"fi","@id":"https:\/\/storitgroup.com\/fi\/tuote\/tarratulostin-brother-p-touch-pt-h107btb\/#primaryimage","url":"https:\/\/storitgroup.com\/uploads\/2022\/09\/kleebiseprinter_brother107b.jpg","contentUrl":"https:\/\/storitgroup.com\/uploads\/2022\/09\/kleebiseprinter_brother107b.jpg","width":458,"height":728},{"@type":"BreadcrumbList","@id":"https:\/\/storitgroup.com\/fi\/tuote\/tarratulostin-brother-p-touch-pt-h107btb\/#breadcrumb","itemListElement":[{"@type":"ListItem","position":1,"name":"Kotisivu","item":"https:\/\/storitgroup.com\/fi\/"},{"@type":"ListItem","position":2,"name":"Tuotteet","item":"https:\/\/storitgroup.com\/fi\/tuotteet\/"},{"@type":"ListItem","position":3,"name":"Ty\u00f6p\u00f6yd\u00e4t: STORIT","item":"https:\/\/storitgroup.com\/fi\/poydat-tuolit-tyokaluvarasto\/tyopoydat\/tyopoydat-storit-tyopoydat\/"},{"@type":"ListItem","position":4,"name":"Tarratulostimet","item":"https:\/\/storitgroup.com\/fi\/kuormalavat-pakkaus\/tarratulostimet\/"},{"@type":"ListItem","position":5,"name":"Tarratulostin Brother P-Touch H107B"}]},{"@type":"WebSite","@id":"https:\/\/storitgroup.com\/fi\/#website","url":"https:\/\/storitgroup.com\/fi\/","name":"Storit","description":"","potentialAction":[{"@type":"SearchAction","target":{"@type":"EntryPoint","urlTemplate":"https:\/\/storitgroup.com\/fi\/?s={search_term_string}"},"query-input":{"@type":"PropertyValueSpecification","valueRequired":true,"valueName":"search_term_string"}}],"inLanguage":"fi"}]}},"_links":{"self":[{"href":"https:\/\/storitgroup.com\/fi\/wp-json\/wp\/v2\/product\/198934","targetHints":{"allow":["GET"]}}],"collection":[{"href":"https:\/\/storitgroup.com\/fi\/wp-json\/wp\/v2\/product"}],"about":[{"href":"https:\/\/storitgroup.com\/fi\/wp-json\/wp\/v2\/types\/product"}],"wp:featuredmedia":[{"embeddable":true,"href":"https:\/\/storitgroup.com\/fi\/wp-json\/wp\/v2\/media\/198904"}],"wp:attachment":[{"href":"https:\/\/storitgroup.com\/fi\/wp-json\/wp\/v2\/media?parent=198934"}],"wp:term":[{"taxonomy":"product_brand","embeddable":true,"href":"https:\/\/storitgroup.com\/fi\/wp-json\/wp\/v2\/product_brand?post=198934"},{"taxonomy":"product_cat","embeddable":true,"href":"https:\/\/storitgroup.com\/fi\/wp-json\/wp\/v2\/product_cat?post=198934"},{"taxonomy":"product_tag","embeddable":true,"href":"https:\/\/storitgroup.com\/fi\/wp-json\/wp\/v2\/product_tag?post=198934"}],"curies":[{"name":"wp","href":"https:\/\/api.w.org\/{rel}","templated":true}]}}