{"id":198370,"date":"2022-09-20T13:41:57","date_gmt":"2022-09-20T10:42:03","guid":{"rendered":"https:\/\/storitgroup.com\/?post_type=product&#038;p=198370"},"modified":"2025-01-24T02:11:01","modified_gmt":"2025-01-24T00:11:01","slug":"lokerokaappi-kannykkoille-wss-50-ral7035-50105012-2","status":"publish","type":"product","link":"https:\/\/storitgroup.com\/fi\/tuote\/lokerokaappi-kannykkoille-wss-50-ral7035-50105012-2\/","title":{"rendered":"Lokerokaappi Storit k\u00e4nnykk\u00f6ille WSS 50, RAL7035\/7035"},"content":{"rendered":"<p>Lokerikkokaappi k\u00e4nnykk\u00f6ille on pulverimaalattu ja voit valita 16 perusv\u00e4rist\u00e4.<br \/>Muut RAL-luettelon v\u00e4rit ovat saatavilla pient\u00e4 lis\u00e4maksua vastaan.<\/p>\n<p> Ihanteellinen kohteisiin, joissa matkapuhelinten k\u00e4ytt\u00f6 ei ole sallittua. Siell\u00e4 voi s\u00e4ilytt\u00e4\u00e4 my\u00f6s muita pienempi\u00e4 tavaroita, kuten avaimia, lompakkoa jne. <\/p>\n<p> Jokaisella ovella on oma avain, yleisavain kaikkien ovien avaamiseen on tilattavissa erikseen lis\u00e4maksusta. Voit my\u00f6s valita riippulukon, kolikon, koodin tai RFID-lukon lis\u00e4maksusta. <\/p>\n<p>Kaappi voidaan kiinnitt\u00e4\u00e4 sein\u00e4\u00e4n.<br \/> Yhden oven mitat: 120&#215;150 mm, kaapin syvyys sis\u00e4puolelta 185 mm.<\/p>\n","protected":false},"excerpt":{"rendered":"<p>Lokerikkokaappi k\u00e4nnykk\u00f6ille on pulverimaalattu ja voit valita 16 perusv\u00e4rist\u00e4.<br \/>\nMuut RAL-luettelon v\u00e4rit ovat saatavilla pient\u00e4 lis\u00e4maksua vastaan.<\/p>\n","protected":false},"featured_media":198538,"template":"","meta":{"_acf_changed":false},"product_brand":[],"product_cat":[7073],"product_tag":[],"class_list":{"0":"post-198370","1":"product","2":"type-product","3":"status-publish","4":"has-post-thumbnail","6":"product_room-pukuhuone","7":"product_room-toimisto","8":"product_room-koulut-ja-paivakodit","9":"product_cat-lokerokaapit","11":"first","12":"onbackorder","13":"taxable","14":"shipping-taxable","15":"purchasable","16":"product-type-simple"},"acf":[],"yoast_head":"<!-- This site is optimized with the Yoast SEO plugin v27.2 - https:\/\/yoast.com\/product\/yoast-seo-wordpress\/ -->\n<title>Lokerokaappi Storit k\u00e4nnykk\u00f6ille WSS 50, RAL7035\/7035 &#8226; Storit<\/title>\n<meta name=\"description\" content=\"Lokerokaappi Storit k\u00e4nnykk\u00f6ille WSS 50, RAL7035\/7035 \u2014 kohtuulliseen hintaan. Toimitukset kaikkialle Suomeen! \u261b Tutustu tuotteeseen ja tilaa k\u00e4tev\u00e4sti STORIT-verkkokaupasta!\" \/>\n<meta name=\"robots\" content=\"index, follow, max-snippet:-1, max-image-preview:large, max-video-preview:-1\" \/>\n<link rel=\"canonical\" href=\"https:\/\/storitgroup.com\/fi\/tuote\/lokerokaappi-kannykkoille-wss-50-ral7035-50105012-2\/\" \/>\n<meta property=\"og:locale\" content=\"fi_FI\" \/>\n<meta property=\"og:type\" content=\"article\" \/>\n<meta property=\"og:title\" content=\"Lokerokaappi Storit k\u00e4nnykk\u00f6ille WSS 50, RAL7035\/7035 &#8226; Storit\" \/>\n<meta property=\"og:description\" content=\"Lokerokaappi Storit k\u00e4nnykk\u00f6ille WSS 50, RAL7035\/7035 \u2014 kohtuulliseen hintaan. Toimitukset kaikkialle Suomeen! \u261b Tutustu tuotteeseen ja tilaa k\u00e4tev\u00e4sti STORIT-verkkokaupasta!\" \/>\n<meta property=\"og:url\" content=\"https:\/\/storitgroup.com\/fi\/tuote\/lokerokaappi-kannykkoille-wss-50-ral7035-50105012-2\/\" \/>\n<meta property=\"og:site_name\" content=\"Storit\" \/>\n<meta property=\"article:modified_time\" content=\"2025-01-24T00:11:01+00:00\" \/>\n<meta property=\"og:image\" content=\"https:\/\/storitgroup.com\/uploads\/2022\/09\/110-laegaskapp_mobiiltelefonidele_x50.jpg\" \/>\n\t<meta property=\"og:image:width\" content=\"509\" \/>\n\t<meta property=\"og:image:height\" content=\"628\" \/>\n\t<meta property=\"og:image:type\" content=\"image\/jpeg\" \/>\n<meta name=\"twitter:card\" content=\"summary_large_image\" \/>\n<script type=\"application\/ld+json\" class=\"yoast-schema-graph\">{\"@context\":\"https:\/\/schema.org\",\"@graph\":[{\"@type\":[\"WebPage\",\"ItemPage\"],\"@id\":\"https:\/\/storitgroup.com\/fi\/tuote\/lokerokaappi-kannykkoille-wss-50-ral7035-50105012-2\/\",\"url\":\"https:\/\/storitgroup.com\/fi\/tuote\/lokerokaappi-kannykkoille-wss-50-ral7035-50105012-2\/\",\"name\":\"Lokerokaappi Storit k\u00e4nnykk\u00f6ille WSS 50, RAL7035\/7035 &#8226; Storit\",\"isPartOf\":{\"@id\":\"https:\/\/storitgroup.com\/fi\/#website\"},\"primaryImageOfPage\":{\"@id\":\"https:\/\/storitgroup.com\/fi\/tuote\/lokerokaappi-kannykkoille-wss-50-ral7035-50105012-2\/#primaryimage\"},\"image\":{\"@id\":\"https:\/\/storitgroup.com\/fi\/tuote\/lokerokaappi-kannykkoille-wss-50-ral7035-50105012-2\/#primaryimage\"},\"thumbnailUrl\":\"https:\/\/storitgroup.com\/uploads\/2022\/09\/110-laegaskapp_mobiiltelefonidele_x50.jpg\",\"datePublished\":\"2022-09-20T10:42:03+00:00\",\"dateModified\":\"2025-01-24T00:11:01+00:00\",\"description\":\"Lokerokaappi Storit k\u00e4nnykk\u00f6ille WSS 50, RAL7035\/7035 \u2014 kohtuulliseen hintaan. Toimitukset kaikkialle Suomeen! \u261b Tutustu tuotteeseen ja tilaa k\u00e4tev\u00e4sti STORIT-verkkokaupasta!\",\"breadcrumb\":{\"@id\":\"https:\/\/storitgroup.com\/fi\/tuote\/lokerokaappi-kannykkoille-wss-50-ral7035-50105012-2\/#breadcrumb\"},\"inLanguage\":\"fi\",\"potentialAction\":[{\"@type\":\"ReadAction\",\"target\":[\"https:\/\/storitgroup.com\/fi\/tuote\/lokerokaappi-kannykkoille-wss-50-ral7035-50105012-2\/\"]}]},{\"@type\":\"ImageObject\",\"inLanguage\":\"fi\",\"@id\":\"https:\/\/storitgroup.com\/fi\/tuote\/lokerokaappi-kannykkoille-wss-50-ral7035-50105012-2\/#primaryimage\",\"url\":\"https:\/\/storitgroup.com\/uploads\/2022\/09\/110-laegaskapp_mobiiltelefonidele_x50.jpg\",\"contentUrl\":\"https:\/\/storitgroup.com\/uploads\/2022\/09\/110-laegaskapp_mobiiltelefonidele_x50.jpg\",\"width\":509,\"height\":628},{\"@type\":\"BreadcrumbList\",\"@id\":\"https:\/\/storitgroup.com\/fi\/tuote\/lokerokaappi-kannykkoille-wss-50-ral7035-50105012-2\/#breadcrumb\",\"itemListElement\":[{\"@type\":\"ListItem\",\"position\":1,\"name\":\"Kotisivu\",\"item\":\"https:\/\/storitgroup.com\/fi\/\"},{\"@type\":\"ListItem\",\"position\":2,\"name\":\"Tuotteet\",\"item\":\"https:\/\/storitgroup.com\/fi\/tuotteet\/\"},{\"@type\":\"ListItem\",\"position\":3,\"name\":\"Metallikaapit, pukukaapit\",\"item\":\"https:\/\/storitgroup.com\/fi\/metallikaapit-pukukaapit\/\"},{\"@type\":\"ListItem\",\"position\":4,\"name\":\"Lokerokaapit\",\"item\":\"https:\/\/storitgroup.com\/fi\/metallikaapit-pukukaapit\/lokerokaapit\/\"},{\"@type\":\"ListItem\",\"position\":5,\"name\":\"Lokerokaappi Storit k\u00e4nnykk\u00f6ille WSS 50, RAL7035\/7035\"}]},{\"@type\":\"WebSite\",\"@id\":\"https:\/\/storitgroup.com\/fi\/#website\",\"url\":\"https:\/\/storitgroup.com\/fi\/\",\"name\":\"Storit\",\"description\":\"\",\"potentialAction\":[{\"@type\":\"SearchAction\",\"target\":{\"@type\":\"EntryPoint\",\"urlTemplate\":\"https:\/\/storitgroup.com\/fi\/?s={search_term_string}\"},\"query-input\":{\"@type\":\"PropertyValueSpecification\",\"valueRequired\":true,\"valueName\":\"search_term_string\"}}],\"inLanguage\":\"fi\"}]}<\/script>\n<!-- \/ Yoast SEO plugin. -->","yoast_head_json":{"title":"Lokerokaappi Storit k\u00e4nnykk\u00f6ille WSS 50, RAL7035\/7035 &#8226; Storit","description":"Lokerokaappi Storit k\u00e4nnykk\u00f6ille WSS 50, RAL7035\/7035 \u2014 kohtuulliseen hintaan. Toimitukset kaikkialle Suomeen! \u261b Tutustu tuotteeseen ja tilaa k\u00e4tev\u00e4sti STORIT-verkkokaupasta!","robots":{"index":"index","follow":"follow","max-snippet":"max-snippet:-1","max-image-preview":"max-image-preview:large","max-video-preview":"max-video-preview:-1"},"canonical":"https:\/\/storitgroup.com\/fi\/tuote\/lokerokaappi-kannykkoille-wss-50-ral7035-50105012-2\/","og_locale":"fi_FI","og_type":"article","og_title":"Lokerokaappi Storit k\u00e4nnykk\u00f6ille WSS 50, RAL7035\/7035 &#8226; Storit","og_description":"Lokerokaappi Storit k\u00e4nnykk\u00f6ille WSS 50, RAL7035\/7035 \u2014 kohtuulliseen hintaan. Toimitukset kaikkialle Suomeen! \u261b Tutustu tuotteeseen ja tilaa k\u00e4tev\u00e4sti STORIT-verkkokaupasta!","og_url":"https:\/\/storitgroup.com\/fi\/tuote\/lokerokaappi-kannykkoille-wss-50-ral7035-50105012-2\/","og_site_name":"Storit","article_modified_time":"2025-01-24T00:11:01+00:00","og_image":[{"width":509,"height":628,"url":"https:\/\/storitgroup.com\/uploads\/2022\/09\/110-laegaskapp_mobiiltelefonidele_x50.jpg","type":"image\/jpeg"}],"twitter_card":"summary_large_image","schema":{"@context":"https:\/\/schema.org","@graph":[{"@type":["WebPage","ItemPage"],"@id":"https:\/\/storitgroup.com\/fi\/tuote\/lokerokaappi-kannykkoille-wss-50-ral7035-50105012-2\/","url":"https:\/\/storitgroup.com\/fi\/tuote\/lokerokaappi-kannykkoille-wss-50-ral7035-50105012-2\/","name":"Lokerokaappi Storit k\u00e4nnykk\u00f6ille WSS 50, RAL7035\/7035 &#8226; Storit","isPartOf":{"@id":"https:\/\/storitgroup.com\/fi\/#website"},"primaryImageOfPage":{"@id":"https:\/\/storitgroup.com\/fi\/tuote\/lokerokaappi-kannykkoille-wss-50-ral7035-50105012-2\/#primaryimage"},"image":{"@id":"https:\/\/storitgroup.com\/fi\/tuote\/lokerokaappi-kannykkoille-wss-50-ral7035-50105012-2\/#primaryimage"},"thumbnailUrl":"https:\/\/storitgroup.com\/uploads\/2022\/09\/110-laegaskapp_mobiiltelefonidele_x50.jpg","datePublished":"2022-09-20T10:42:03+00:00","dateModified":"2025-01-24T00:11:01+00:00","description":"Lokerokaappi Storit k\u00e4nnykk\u00f6ille WSS 50, RAL7035\/7035 \u2014 kohtuulliseen hintaan. Toimitukset kaikkialle Suomeen! \u261b Tutustu tuotteeseen ja tilaa k\u00e4tev\u00e4sti STORIT-verkkokaupasta!","breadcrumb":{"@id":"https:\/\/storitgroup.com\/fi\/tuote\/lokerokaappi-kannykkoille-wss-50-ral7035-50105012-2\/#breadcrumb"},"inLanguage":"fi","potentialAction":[{"@type":"ReadAction","target":["https:\/\/storitgroup.com\/fi\/tuote\/lokerokaappi-kannykkoille-wss-50-ral7035-50105012-2\/"]}]},{"@type":"ImageObject","inLanguage":"fi","@id":"https:\/\/storitgroup.com\/fi\/tuote\/lokerokaappi-kannykkoille-wss-50-ral7035-50105012-2\/#primaryimage","url":"https:\/\/storitgroup.com\/uploads\/2022\/09\/110-laegaskapp_mobiiltelefonidele_x50.jpg","contentUrl":"https:\/\/storitgroup.com\/uploads\/2022\/09\/110-laegaskapp_mobiiltelefonidele_x50.jpg","width":509,"height":628},{"@type":"BreadcrumbList","@id":"https:\/\/storitgroup.com\/fi\/tuote\/lokerokaappi-kannykkoille-wss-50-ral7035-50105012-2\/#breadcrumb","itemListElement":[{"@type":"ListItem","position":1,"name":"Kotisivu","item":"https:\/\/storitgroup.com\/fi\/"},{"@type":"ListItem","position":2,"name":"Tuotteet","item":"https:\/\/storitgroup.com\/fi\/tuotteet\/"},{"@type":"ListItem","position":3,"name":"Metallikaapit, pukukaapit","item":"https:\/\/storitgroup.com\/fi\/metallikaapit-pukukaapit\/"},{"@type":"ListItem","position":4,"name":"Lokerokaapit","item":"https:\/\/storitgroup.com\/fi\/metallikaapit-pukukaapit\/lokerokaapit\/"},{"@type":"ListItem","position":5,"name":"Lokerokaappi Storit k\u00e4nnykk\u00f6ille WSS 50, RAL7035\/7035"}]},{"@type":"WebSite","@id":"https:\/\/storitgroup.com\/fi\/#website","url":"https:\/\/storitgroup.com\/fi\/","name":"Storit","description":"","potentialAction":[{"@type":"SearchAction","target":{"@type":"EntryPoint","urlTemplate":"https:\/\/storitgroup.com\/fi\/?s={search_term_string}"},"query-input":{"@type":"PropertyValueSpecification","valueRequired":true,"valueName":"search_term_string"}}],"inLanguage":"fi"}]}},"_links":{"self":[{"href":"https:\/\/storitgroup.com\/fi\/wp-json\/wp\/v2\/product\/198370","targetHints":{"allow":["GET"]}}],"collection":[{"href":"https:\/\/storitgroup.com\/fi\/wp-json\/wp\/v2\/product"}],"about":[{"href":"https:\/\/storitgroup.com\/fi\/wp-json\/wp\/v2\/types\/product"}],"wp:featuredmedia":[{"embeddable":true,"href":"https:\/\/storitgroup.com\/fi\/wp-json\/wp\/v2\/media\/198538"}],"wp:attachment":[{"href":"https:\/\/storitgroup.com\/fi\/wp-json\/wp\/v2\/media?parent=198370"}],"wp:term":[{"taxonomy":"product_brand","embeddable":true,"href":"https:\/\/storitgroup.com\/fi\/wp-json\/wp\/v2\/product_brand?post=198370"},{"taxonomy":"product_cat","embeddable":true,"href":"https:\/\/storitgroup.com\/fi\/wp-json\/wp\/v2\/product_cat?post=198370"},{"taxonomy":"product_tag","embeddable":true,"href":"https:\/\/storitgroup.com\/fi\/wp-json\/wp\/v2\/product_tag?post=198370"}],"curies":[{"name":"wp","href":"https:\/\/api.w.org\/{rel}","templated":true}]}}