{"id":198356,"date":"2022-09-16T08:42:20","date_gmt":"2022-09-20T05:41:38","guid":{"rendered":"https:\/\/storitgroup.com\/product\/kuormalavojen-varastotorni\/"},"modified":"2024-11-20T17:30:39","modified_gmt":"2024-11-20T15:30:39","slug":"kuormalavojen-varastotorni-2","status":"publish","type":"product","link":"https:\/\/storitgroup.com\/fi\/tuote\/kuormalavojen-varastotorni-2\/","title":{"rendered":"Kuormalavojen varastotorni"},"content":{"rendered":"<p>T\u00e4ysautomaattiseen lavojen pinoamiseen tarkoitettu kuormalavojen varastotorni on t\u00e4ysin s\u00e4hk\u00f6inen ja helppo asentaa. Soveltuu pinoamaan jopa 15 kuormalavaa. Saatavana my\u00f6s pinoamiskapasiteetilla jopa 25 alustaa.  Voidaan sijoittaa minne tahansa l\u00e4helle 230 V:n pistorasiaa, joka mahdollistaa v\u00e4litt\u00f6m\u00e4n tehokkaan ja joustavan lavank\u00e4sittelyn \u2013 kun lavojen tarve muuttuu, voit siirt\u00e4\u00e4 PALLET BUDDYn helposti uuteen paikkaan.  Voit asettaa ja poistaa lavoja pumppuk\u00e4rryll\u00e4, pinoamisvaunulla tai tavallisella trukilla. Kaikki k\u00e4sittely tapahtuu lattiatasolla. On my\u00f6s mahdollista asettaa tai poistaa koko pino lavoja suoraan PALLET BUDDYsta &#8211; ilman trukkia.  Mahdollinen tilata kuormalavojen k\u00e4sittelyyn kylm\u00e4varastoissa, l\u00e4mp\u00f6tilaan jopa -25\u00b0C (lis\u00e4varuste).<\/p>\n","protected":false},"excerpt":{"rendered":"<p>T\u00e4ysautomaattiseen lavojen pinoamiseen tarkoitettu kuormalavojen varastotorni on t\u00e4ysin s\u00e4hk\u00f6inen ja helppo asentaa. Soveltuu pinoamaan jopa 15 kuormalavaa. Saatavana my\u00f6s pinoamiskapasiteetilla jopa 25 alustaa.  Voidaan sijoittaa minne tahansa l\u00e4helle 230 V:n pistorasiaa, joka mahdollistaa v\u00e4litt\u00f6m\u00e4n tehokkaan ja joustavan lavank\u00e4sittelyn \u2013 kun lavojen tarve muuttuu, voit siirt\u00e4\u00e4 PALLET BUDDYn helposti uuteen paikkaan.  Voit asettaa ja poistaa lavoja pumppuk\u00e4rryll\u00e4, pinoamisvaunulla tai tavallisella trukilla. Kaikki k\u00e4sittely tapahtuu lattiatasolla. On my\u00f6s mahdollista asettaa tai poistaa koko pino lavoja suoraan PALLET BUDDYsta &#8211; ilman trukkia.  Mahdollinen tilata kuormalavojen k\u00e4sittelyyn kylm\u00e4varastoissa, l\u00e4mp\u00f6tilaan jopa -25\u00b0C (lis\u00e4varuste).<\/p>\n","protected":false},"featured_media":198313,"template":"","meta":{"_acf_changed":false},"product_brand":[],"product_cat":[7404],"product_tag":[],"class_list":{"0":"post-198356","1":"product","2":"type-product","3":"status-publish","4":"has-post-thumbnail","6":"product_room-turvaratkaisut-varastoon-tuotantoon","7":"product_room-iso-varasto","8":"product_room-nostovalinet","9":"product_cat-kuormalavojen-varastotorni","11":"first","12":"onbackorder","13":"taxable","14":"shipping-taxable","15":"purchasable","16":"product-type-simple"},"acf":[],"yoast_head":"<!-- This site is optimized with the Yoast SEO plugin v27.3 - https:\/\/yoast.com\/product\/yoast-seo-wordpress\/ -->\n<title>Kuormalavojen varastotorni &#8226; Storit<\/title>\n<meta name=\"description\" content=\"Kuormalavojen varastotorni \u2014 kohtuulliseen hintaan. Toimitukset kaikkialle Suomeen! \u261b Tutustu tuotteeseen ja tilaa k\u00e4tev\u00e4sti STORIT-verkkokaupasta!\" \/>\n<meta name=\"robots\" content=\"index, follow, max-snippet:-1, max-image-preview:large, max-video-preview:-1\" \/>\n<link rel=\"canonical\" href=\"https:\/\/storitgroup.com\/fi\/tuote\/kuormalavojen-varastotorni-2\/\" \/>\n<meta property=\"og:locale\" content=\"fi_FI\" \/>\n<meta property=\"og:type\" content=\"article\" \/>\n<meta property=\"og:title\" content=\"Kuormalavojen varastotorni &#8226; Storit\" \/>\n<meta property=\"og:description\" content=\"Kuormalavojen varastotorni \u2014 kohtuulliseen hintaan. Toimitukset kaikkialle Suomeen! \u261b Tutustu tuotteeseen ja tilaa k\u00e4tev\u00e4sti STORIT-verkkokaupasta!\" \/>\n<meta property=\"og:url\" content=\"https:\/\/storitgroup.com\/fi\/tuote\/kuormalavojen-varastotorni-2\/\" \/>\n<meta property=\"og:site_name\" content=\"Storit\" \/>\n<meta property=\"article:modified_time\" content=\"2024-11-20T15:30:39+00:00\" \/>\n<meta property=\"og:image\" content=\"https:\/\/storitgroup.com\/uploads\/2022\/09\/pallet_buddy.jpg\" \/>\n\t<meta property=\"og:image:width\" content=\"480\" \/>\n\t<meta property=\"og:image:height\" content=\"565\" \/>\n\t<meta property=\"og:image:type\" content=\"image\/jpeg\" \/>\n<meta name=\"twitter:card\" content=\"summary_large_image\" \/>\n<meta name=\"twitter:label1\" content=\"Arvioitu lukuaika\" \/>\n\t<meta name=\"twitter:data1\" content=\"1 minuutti\" \/>\n<script type=\"application\/ld+json\" class=\"yoast-schema-graph\">{\"@context\":\"https:\\\/\\\/schema.org\",\"@graph\":[{\"@type\":[\"WebPage\",\"ItemPage\"],\"@id\":\"https:\\\/\\\/storitgroup.com\\\/fi\\\/tuote\\\/kuormalavojen-varastotorni-2\\\/\",\"url\":\"https:\\\/\\\/storitgroup.com\\\/fi\\\/tuote\\\/kuormalavojen-varastotorni-2\\\/\",\"name\":\"Kuormalavojen varastotorni &#8226; Storit\",\"isPartOf\":{\"@id\":\"https:\\\/\\\/storitgroup.com\\\/fi\\\/#website\"},\"primaryImageOfPage\":{\"@id\":\"https:\\\/\\\/storitgroup.com\\\/fi\\\/tuote\\\/kuormalavojen-varastotorni-2\\\/#primaryimage\"},\"image\":{\"@id\":\"https:\\\/\\\/storitgroup.com\\\/fi\\\/tuote\\\/kuormalavojen-varastotorni-2\\\/#primaryimage\"},\"thumbnailUrl\":\"https:\\\/\\\/storitgroup.com\\\/uploads\\\/2022\\\/09\\\/pallet_buddy.jpg\",\"datePublished\":\"2022-09-20T05:41:38+00:00\",\"dateModified\":\"2024-11-20T15:30:39+00:00\",\"description\":\"Kuormalavojen varastotorni \u2014 kohtuulliseen hintaan. Toimitukset kaikkialle Suomeen! \u261b Tutustu tuotteeseen ja tilaa k\u00e4tev\u00e4sti STORIT-verkkokaupasta!\",\"breadcrumb\":{\"@id\":\"https:\\\/\\\/storitgroup.com\\\/fi\\\/tuote\\\/kuormalavojen-varastotorni-2\\\/#breadcrumb\"},\"inLanguage\":\"fi\",\"potentialAction\":[{\"@type\":\"ReadAction\",\"target\":[\"https:\\\/\\\/storitgroup.com\\\/fi\\\/tuote\\\/kuormalavojen-varastotorni-2\\\/\"]}]},{\"@type\":\"ImageObject\",\"inLanguage\":\"fi\",\"@id\":\"https:\\\/\\\/storitgroup.com\\\/fi\\\/tuote\\\/kuormalavojen-varastotorni-2\\\/#primaryimage\",\"url\":\"https:\\\/\\\/storitgroup.com\\\/uploads\\\/2022\\\/09\\\/pallet_buddy.jpg\",\"contentUrl\":\"https:\\\/\\\/storitgroup.com\\\/uploads\\\/2022\\\/09\\\/pallet_buddy.jpg\",\"width\":480,\"height\":565},{\"@type\":\"BreadcrumbList\",\"@id\":\"https:\\\/\\\/storitgroup.com\\\/fi\\\/tuote\\\/kuormalavojen-varastotorni-2\\\/#breadcrumb\",\"itemListElement\":[{\"@type\":\"ListItem\",\"position\":1,\"name\":\"Kotisivu\",\"item\":\"https:\\\/\\\/storitgroup.com\\\/fi\\\/\"},{\"@type\":\"ListItem\",\"position\":2,\"name\":\"Tuotteet\",\"item\":\"https:\\\/\\\/storitgroup.com\\\/fi\\\/tuotteet\\\/\"},{\"@type\":\"ListItem\",\"position\":3,\"name\":\"Varastotrukit, nostolavat, tarvikkeet\",\"item\":\"https:\\\/\\\/storitgroup.com\\\/fi\\\/tuotteet\\\/varastotrukit-nostolavat-tarvikkeet\\\/\"},{\"@type\":\"ListItem\",\"position\":4,\"name\":\"Kuormalavojen varastotorni\",\"item\":\"https:\\\/\\\/storitgroup.com\\\/fi\\\/tuotteet\\\/varastotrukit-nostolavat-tarvikkeet\\\/kuormalavojen-varastotorni\\\/\"},{\"@type\":\"ListItem\",\"position\":5,\"name\":\"Kuormalavojen varastotorni\"}]},{\"@type\":\"WebSite\",\"@id\":\"https:\\\/\\\/storitgroup.com\\\/fi\\\/#website\",\"url\":\"https:\\\/\\\/storitgroup.com\\\/fi\\\/\",\"name\":\"Storit\",\"description\":\"\",\"potentialAction\":[{\"@type\":\"SearchAction\",\"target\":{\"@type\":\"EntryPoint\",\"urlTemplate\":\"https:\\\/\\\/storitgroup.com\\\/fi\\\/?s={search_term_string}\"},\"query-input\":{\"@type\":\"PropertyValueSpecification\",\"valueRequired\":true,\"valueName\":\"search_term_string\"}}],\"inLanguage\":\"fi\"}]}<\/script>\n<!-- \/ Yoast SEO plugin. -->","yoast_head_json":{"title":"Kuormalavojen varastotorni &#8226; Storit","description":"Kuormalavojen varastotorni \u2014 kohtuulliseen hintaan. Toimitukset kaikkialle Suomeen! \u261b Tutustu tuotteeseen ja tilaa k\u00e4tev\u00e4sti STORIT-verkkokaupasta!","robots":{"index":"index","follow":"follow","max-snippet":"max-snippet:-1","max-image-preview":"max-image-preview:large","max-video-preview":"max-video-preview:-1"},"canonical":"https:\/\/storitgroup.com\/fi\/tuote\/kuormalavojen-varastotorni-2\/","og_locale":"fi_FI","og_type":"article","og_title":"Kuormalavojen varastotorni &#8226; Storit","og_description":"Kuormalavojen varastotorni \u2014 kohtuulliseen hintaan. Toimitukset kaikkialle Suomeen! \u261b Tutustu tuotteeseen ja tilaa k\u00e4tev\u00e4sti STORIT-verkkokaupasta!","og_url":"https:\/\/storitgroup.com\/fi\/tuote\/kuormalavojen-varastotorni-2\/","og_site_name":"Storit","article_modified_time":"2024-11-20T15:30:39+00:00","og_image":[{"width":480,"height":565,"url":"https:\/\/storitgroup.com\/uploads\/2022\/09\/pallet_buddy.jpg","type":"image\/jpeg"}],"twitter_card":"summary_large_image","twitter_misc":{"Arvioitu lukuaika":"1 minuutti"},"schema":{"@context":"https:\/\/schema.org","@graph":[{"@type":["WebPage","ItemPage"],"@id":"https:\/\/storitgroup.com\/fi\/tuote\/kuormalavojen-varastotorni-2\/","url":"https:\/\/storitgroup.com\/fi\/tuote\/kuormalavojen-varastotorni-2\/","name":"Kuormalavojen varastotorni &#8226; Storit","isPartOf":{"@id":"https:\/\/storitgroup.com\/fi\/#website"},"primaryImageOfPage":{"@id":"https:\/\/storitgroup.com\/fi\/tuote\/kuormalavojen-varastotorni-2\/#primaryimage"},"image":{"@id":"https:\/\/storitgroup.com\/fi\/tuote\/kuormalavojen-varastotorni-2\/#primaryimage"},"thumbnailUrl":"https:\/\/storitgroup.com\/uploads\/2022\/09\/pallet_buddy.jpg","datePublished":"2022-09-20T05:41:38+00:00","dateModified":"2024-11-20T15:30:39+00:00","description":"Kuormalavojen varastotorni \u2014 kohtuulliseen hintaan. Toimitukset kaikkialle Suomeen! \u261b Tutustu tuotteeseen ja tilaa k\u00e4tev\u00e4sti STORIT-verkkokaupasta!","breadcrumb":{"@id":"https:\/\/storitgroup.com\/fi\/tuote\/kuormalavojen-varastotorni-2\/#breadcrumb"},"inLanguage":"fi","potentialAction":[{"@type":"ReadAction","target":["https:\/\/storitgroup.com\/fi\/tuote\/kuormalavojen-varastotorni-2\/"]}]},{"@type":"ImageObject","inLanguage":"fi","@id":"https:\/\/storitgroup.com\/fi\/tuote\/kuormalavojen-varastotorni-2\/#primaryimage","url":"https:\/\/storitgroup.com\/uploads\/2022\/09\/pallet_buddy.jpg","contentUrl":"https:\/\/storitgroup.com\/uploads\/2022\/09\/pallet_buddy.jpg","width":480,"height":565},{"@type":"BreadcrumbList","@id":"https:\/\/storitgroup.com\/fi\/tuote\/kuormalavojen-varastotorni-2\/#breadcrumb","itemListElement":[{"@type":"ListItem","position":1,"name":"Kotisivu","item":"https:\/\/storitgroup.com\/fi\/"},{"@type":"ListItem","position":2,"name":"Tuotteet","item":"https:\/\/storitgroup.com\/fi\/tuotteet\/"},{"@type":"ListItem","position":3,"name":"Varastotrukit, nostolavat, tarvikkeet","item":"https:\/\/storitgroup.com\/fi\/tuotteet\/varastotrukit-nostolavat-tarvikkeet\/"},{"@type":"ListItem","position":4,"name":"Kuormalavojen varastotorni","item":"https:\/\/storitgroup.com\/fi\/tuotteet\/varastotrukit-nostolavat-tarvikkeet\/kuormalavojen-varastotorni\/"},{"@type":"ListItem","position":5,"name":"Kuormalavojen varastotorni"}]},{"@type":"WebSite","@id":"https:\/\/storitgroup.com\/fi\/#website","url":"https:\/\/storitgroup.com\/fi\/","name":"Storit","description":"","potentialAction":[{"@type":"SearchAction","target":{"@type":"EntryPoint","urlTemplate":"https:\/\/storitgroup.com\/fi\/?s={search_term_string}"},"query-input":{"@type":"PropertyValueSpecification","valueRequired":true,"valueName":"search_term_string"}}],"inLanguage":"fi"}]}},"_links":{"self":[{"href":"https:\/\/storitgroup.com\/fi\/wp-json\/wp\/v2\/product\/198356","targetHints":{"allow":["GET"]}}],"collection":[{"href":"https:\/\/storitgroup.com\/fi\/wp-json\/wp\/v2\/product"}],"about":[{"href":"https:\/\/storitgroup.com\/fi\/wp-json\/wp\/v2\/types\/product"}],"wp:featuredmedia":[{"embeddable":true,"href":"https:\/\/storitgroup.com\/fi\/wp-json\/wp\/v2\/media\/198313"}],"wp:attachment":[{"href":"https:\/\/storitgroup.com\/fi\/wp-json\/wp\/v2\/media?parent=198356"}],"wp:term":[{"taxonomy":"product_brand","embeddable":true,"href":"https:\/\/storitgroup.com\/fi\/wp-json\/wp\/v2\/product_brand?post=198356"},{"taxonomy":"product_cat","embeddable":true,"href":"https:\/\/storitgroup.com\/fi\/wp-json\/wp\/v2\/product_cat?post=198356"},{"taxonomy":"product_tag","embeddable":true,"href":"https:\/\/storitgroup.com\/fi\/wp-json\/wp\/v2\/product_tag?post=198356"}],"curies":[{"name":"wp","href":"https:\/\/api.w.org\/{rel}","templated":true}]}}