{"id":198324,"date":"2022-09-16T08:56:57","date_gmt":"2022-09-16T05:57:04","guid":{"rendered":"https:\/\/storitgroup.com\/?post_type=product&#038;p=198324"},"modified":"2026-04-03T13:52:23","modified_gmt":"2026-04-03T10:52:23","slug":"lokerokaappi-5-ovea-ral7035-7035","status":"publish","type":"product","link":"https:\/\/storitgroup.com\/fi\/tuote\/lokerokaappi-5-ovea-ral7035-7035\/","title":{"rendered":"Lokerikkokaappi Storit, 5 ovea, RAL7035\/7035"},"content":{"rendered":"<p>Lokerikkokaappi on pulverimaalattu ja voit valita 16 perusv\u00e4rist\u00e4.<br \/>Muut RAL-luettelon v\u00e4rit ovat saatavilla pient\u00e4 lis\u00e4maksua vastaan.<\/p>\n<p>K\u00e4tev\u00e4 pikkutavaroiden varastointia varten, kuten esim. avaimet, puhelin, lompakko jne. Jokaisen oven mukana tulee itseliimautuva nimikyltin pidike.<\/p>\n<p>Kaappi on valmistettu 0,8 mm ter\u00e4ksest\u00e4, jonka pohja on galvanoitu. Takasein\u00e4ss\u00e4 on rei\u00e4t sein\u00e4\u00e4n kiinnitt\u00e4misen helpottamiseksi, my\u00f6s sivuissa on reiki\u00e4, jotta kaapit voidaan kiinnitt\u00e4\u00e4 toisiinsa. Kalteva katto auttaa est\u00e4m\u00e4\u00e4n p\u00f6lyn ker\u00e4\u00e4ntymisen ja est\u00e4\u00e4 my\u00f6s asioita unohtumasta sinne.<\/p>\n<p> Yleisavain kaikkien ovien avaamiseen on tilattavissa erikseen lis\u00e4maksusta. Voit valita my\u00f6s riippulukon, kolikko-, koodi- tai RFID-lukon lis\u00e4maksusta.<\/p>\n<p> Laatikon sis\u00e4mitat: leveys 154 mm ja korkeus 160 mm.<\/p>\n","protected":false},"excerpt":{"rendered":"<p>Lokerikkokaappi on pulverimaalattu ja voit valita 16 perusv\u00e4rist\u00e4.<br \/>\nMuut RAL-luettelon v\u00e4rit ovat saatavilla pient\u00e4 lis\u00e4maksua vastaan.<\/p>\n","protected":false},"featured_media":198446,"template":"","meta":{"_acf_changed":false},"product_brand":[],"product_cat":[7073],"product_tag":[],"class_list":{"0":"post-198324","1":"product","2":"type-product","3":"status-publish","4":"has-post-thumbnail","6":"product_room-pukuhuone","7":"product_room-toimisto","8":"product_room-koulut-ja-paivakodit","9":"product_cat-lokerokaapit","11":"first","12":"onbackorder","13":"taxable","14":"shipping-taxable","15":"purchasable","16":"product-type-simple"},"acf":[],"yoast_head":"<!-- This site is optimized with the Yoast SEO plugin v27.2 - https:\/\/yoast.com\/product\/yoast-seo-wordpress\/ -->\n<title>Lokerikkokaappi Storit, 5 ovea, RAL7035\/7035 &#8226; Storit<\/title>\n<meta name=\"description\" content=\"Lokerikkokaappi Storit, 5 ovea, RAL7035\/7035 \u2014 kohtuulliseen hintaan. Toimitukset kaikkialle Suomeen! \u261b Tutustu tuotteeseen ja tilaa k\u00e4tev\u00e4sti STORIT-verkkokaupasta!\" \/>\n<meta name=\"robots\" content=\"index, follow, max-snippet:-1, max-image-preview:large, max-video-preview:-1\" \/>\n<link rel=\"canonical\" href=\"https:\/\/storitgroup.com\/fi\/tuote\/lokerokaappi-5-ovea-ral7035-7035\/\" \/>\n<meta property=\"og:locale\" content=\"fi_FI\" \/>\n<meta property=\"og:type\" content=\"article\" \/>\n<meta property=\"og:title\" content=\"Lokerikkokaappi Storit, 5 ovea, RAL7035\/7035 &#8226; Storit\" \/>\n<meta property=\"og:description\" content=\"Lokerikkokaappi Storit, 5 ovea, RAL7035\/7035 \u2014 kohtuulliseen hintaan. Toimitukset kaikkialle Suomeen! \u261b Tutustu tuotteeseen ja tilaa k\u00e4tev\u00e4sti STORIT-verkkokaupasta!\" \/>\n<meta property=\"og:url\" content=\"https:\/\/storitgroup.com\/fi\/tuote\/lokerokaappi-5-ovea-ral7035-7035\/\" \/>\n<meta property=\"og:site_name\" content=\"Storit\" \/>\n<meta property=\"article:modified_time\" content=\"2026-04-03T10:52:23+00:00\" \/>\n<meta property=\"og:image\" content=\"https:\/\/storitgroup.com\/uploads\/2022\/09\/98-laegaskapp-x5.jpg\" \/>\n\t<meta property=\"og:image:width\" content=\"286\" \/>\n\t<meta property=\"og:image:height\" content=\"383\" \/>\n\t<meta property=\"og:image:type\" content=\"image\/jpeg\" \/>\n<meta name=\"twitter:card\" content=\"summary_large_image\" \/>\n<meta name=\"twitter:label1\" content=\"Arvioitu lukuaika\" \/>\n\t<meta name=\"twitter:data1\" content=\"1 minuutti\" \/>\n<script type=\"application\/ld+json\" class=\"yoast-schema-graph\">{\"@context\":\"https:\/\/schema.org\",\"@graph\":[{\"@type\":[\"WebPage\",\"ItemPage\"],\"@id\":\"https:\/\/storitgroup.com\/fi\/tuote\/lokerokaappi-5-ovea-ral7035-7035\/\",\"url\":\"https:\/\/storitgroup.com\/fi\/tuote\/lokerokaappi-5-ovea-ral7035-7035\/\",\"name\":\"Lokerikkokaappi Storit, 5 ovea, RAL7035\/7035 &#8226; Storit\",\"isPartOf\":{\"@id\":\"https:\/\/storitgroup.com\/fi\/#website\"},\"primaryImageOfPage\":{\"@id\":\"https:\/\/storitgroup.com\/fi\/tuote\/lokerokaappi-5-ovea-ral7035-7035\/#primaryimage\"},\"image\":{\"@id\":\"https:\/\/storitgroup.com\/fi\/tuote\/lokerokaappi-5-ovea-ral7035-7035\/#primaryimage\"},\"thumbnailUrl\":\"https:\/\/storitgroup.com\/uploads\/2022\/09\/98-laegaskapp-x5.jpg\",\"datePublished\":\"2022-09-16T05:57:04+00:00\",\"dateModified\":\"2026-04-03T10:52:23+00:00\",\"description\":\"Lokerikkokaappi Storit, 5 ovea, RAL7035\/7035 \u2014 kohtuulliseen hintaan. Toimitukset kaikkialle Suomeen! \u261b Tutustu tuotteeseen ja tilaa k\u00e4tev\u00e4sti STORIT-verkkokaupasta!\",\"breadcrumb\":{\"@id\":\"https:\/\/storitgroup.com\/fi\/tuote\/lokerokaappi-5-ovea-ral7035-7035\/#breadcrumb\"},\"inLanguage\":\"fi\",\"potentialAction\":[{\"@type\":\"ReadAction\",\"target\":[\"https:\/\/storitgroup.com\/fi\/tuote\/lokerokaappi-5-ovea-ral7035-7035\/\"]}]},{\"@type\":\"ImageObject\",\"inLanguage\":\"fi\",\"@id\":\"https:\/\/storitgroup.com\/fi\/tuote\/lokerokaappi-5-ovea-ral7035-7035\/#primaryimage\",\"url\":\"https:\/\/storitgroup.com\/uploads\/2022\/09\/98-laegaskapp-x5.jpg\",\"contentUrl\":\"https:\/\/storitgroup.com\/uploads\/2022\/09\/98-laegaskapp-x5.jpg\",\"width\":286,\"height\":383},{\"@type\":\"BreadcrumbList\",\"@id\":\"https:\/\/storitgroup.com\/fi\/tuote\/lokerokaappi-5-ovea-ral7035-7035\/#breadcrumb\",\"itemListElement\":[{\"@type\":\"ListItem\",\"position\":1,\"name\":\"Kotisivu\",\"item\":\"https:\/\/storitgroup.com\/fi\/\"},{\"@type\":\"ListItem\",\"position\":2,\"name\":\"Tuotteet\",\"item\":\"https:\/\/storitgroup.com\/fi\/tuotteet\/\"},{\"@type\":\"ListItem\",\"position\":3,\"name\":\"Metallikaapit, pukukaapit\",\"item\":\"https:\/\/storitgroup.com\/fi\/metallikaapit-pukukaapit\/\"},{\"@type\":\"ListItem\",\"position\":4,\"name\":\"Lokerokaapit\",\"item\":\"https:\/\/storitgroup.com\/fi\/metallikaapit-pukukaapit\/lokerokaapit\/\"},{\"@type\":\"ListItem\",\"position\":5,\"name\":\"Lokerikkokaappi Storit, 5 ovea, RAL7035\/7035\"}]},{\"@type\":\"WebSite\",\"@id\":\"https:\/\/storitgroup.com\/fi\/#website\",\"url\":\"https:\/\/storitgroup.com\/fi\/\",\"name\":\"Storit\",\"description\":\"\",\"potentialAction\":[{\"@type\":\"SearchAction\",\"target\":{\"@type\":\"EntryPoint\",\"urlTemplate\":\"https:\/\/storitgroup.com\/fi\/?s={search_term_string}\"},\"query-input\":{\"@type\":\"PropertyValueSpecification\",\"valueRequired\":true,\"valueName\":\"search_term_string\"}}],\"inLanguage\":\"fi\"}]}<\/script>\n<!-- \/ Yoast SEO plugin. -->","yoast_head_json":{"title":"Lokerikkokaappi Storit, 5 ovea, RAL7035\/7035 &#8226; Storit","description":"Lokerikkokaappi Storit, 5 ovea, RAL7035\/7035 \u2014 kohtuulliseen hintaan. Toimitukset kaikkialle Suomeen! \u261b Tutustu tuotteeseen ja tilaa k\u00e4tev\u00e4sti STORIT-verkkokaupasta!","robots":{"index":"index","follow":"follow","max-snippet":"max-snippet:-1","max-image-preview":"max-image-preview:large","max-video-preview":"max-video-preview:-1"},"canonical":"https:\/\/storitgroup.com\/fi\/tuote\/lokerokaappi-5-ovea-ral7035-7035\/","og_locale":"fi_FI","og_type":"article","og_title":"Lokerikkokaappi Storit, 5 ovea, RAL7035\/7035 &#8226; Storit","og_description":"Lokerikkokaappi Storit, 5 ovea, RAL7035\/7035 \u2014 kohtuulliseen hintaan. Toimitukset kaikkialle Suomeen! \u261b Tutustu tuotteeseen ja tilaa k\u00e4tev\u00e4sti STORIT-verkkokaupasta!","og_url":"https:\/\/storitgroup.com\/fi\/tuote\/lokerokaappi-5-ovea-ral7035-7035\/","og_site_name":"Storit","article_modified_time":"2026-04-03T10:52:23+00:00","og_image":[{"width":286,"height":383,"url":"https:\/\/storitgroup.com\/uploads\/2022\/09\/98-laegaskapp-x5.jpg","type":"image\/jpeg"}],"twitter_card":"summary_large_image","twitter_misc":{"Arvioitu lukuaika":"1 minuutti"},"schema":{"@context":"https:\/\/schema.org","@graph":[{"@type":["WebPage","ItemPage"],"@id":"https:\/\/storitgroup.com\/fi\/tuote\/lokerokaappi-5-ovea-ral7035-7035\/","url":"https:\/\/storitgroup.com\/fi\/tuote\/lokerokaappi-5-ovea-ral7035-7035\/","name":"Lokerikkokaappi Storit, 5 ovea, RAL7035\/7035 &#8226; Storit","isPartOf":{"@id":"https:\/\/storitgroup.com\/fi\/#website"},"primaryImageOfPage":{"@id":"https:\/\/storitgroup.com\/fi\/tuote\/lokerokaappi-5-ovea-ral7035-7035\/#primaryimage"},"image":{"@id":"https:\/\/storitgroup.com\/fi\/tuote\/lokerokaappi-5-ovea-ral7035-7035\/#primaryimage"},"thumbnailUrl":"https:\/\/storitgroup.com\/uploads\/2022\/09\/98-laegaskapp-x5.jpg","datePublished":"2022-09-16T05:57:04+00:00","dateModified":"2026-04-03T10:52:23+00:00","description":"Lokerikkokaappi Storit, 5 ovea, RAL7035\/7035 \u2014 kohtuulliseen hintaan. Toimitukset kaikkialle Suomeen! \u261b Tutustu tuotteeseen ja tilaa k\u00e4tev\u00e4sti STORIT-verkkokaupasta!","breadcrumb":{"@id":"https:\/\/storitgroup.com\/fi\/tuote\/lokerokaappi-5-ovea-ral7035-7035\/#breadcrumb"},"inLanguage":"fi","potentialAction":[{"@type":"ReadAction","target":["https:\/\/storitgroup.com\/fi\/tuote\/lokerokaappi-5-ovea-ral7035-7035\/"]}]},{"@type":"ImageObject","inLanguage":"fi","@id":"https:\/\/storitgroup.com\/fi\/tuote\/lokerokaappi-5-ovea-ral7035-7035\/#primaryimage","url":"https:\/\/storitgroup.com\/uploads\/2022\/09\/98-laegaskapp-x5.jpg","contentUrl":"https:\/\/storitgroup.com\/uploads\/2022\/09\/98-laegaskapp-x5.jpg","width":286,"height":383},{"@type":"BreadcrumbList","@id":"https:\/\/storitgroup.com\/fi\/tuote\/lokerokaappi-5-ovea-ral7035-7035\/#breadcrumb","itemListElement":[{"@type":"ListItem","position":1,"name":"Kotisivu","item":"https:\/\/storitgroup.com\/fi\/"},{"@type":"ListItem","position":2,"name":"Tuotteet","item":"https:\/\/storitgroup.com\/fi\/tuotteet\/"},{"@type":"ListItem","position":3,"name":"Metallikaapit, pukukaapit","item":"https:\/\/storitgroup.com\/fi\/metallikaapit-pukukaapit\/"},{"@type":"ListItem","position":4,"name":"Lokerokaapit","item":"https:\/\/storitgroup.com\/fi\/metallikaapit-pukukaapit\/lokerokaapit\/"},{"@type":"ListItem","position":5,"name":"Lokerikkokaappi Storit, 5 ovea, RAL7035\/7035"}]},{"@type":"WebSite","@id":"https:\/\/storitgroup.com\/fi\/#website","url":"https:\/\/storitgroup.com\/fi\/","name":"Storit","description":"","potentialAction":[{"@type":"SearchAction","target":{"@type":"EntryPoint","urlTemplate":"https:\/\/storitgroup.com\/fi\/?s={search_term_string}"},"query-input":{"@type":"PropertyValueSpecification","valueRequired":true,"valueName":"search_term_string"}}],"inLanguage":"fi"}]}},"_links":{"self":[{"href":"https:\/\/storitgroup.com\/fi\/wp-json\/wp\/v2\/product\/198324","targetHints":{"allow":["GET"]}}],"collection":[{"href":"https:\/\/storitgroup.com\/fi\/wp-json\/wp\/v2\/product"}],"about":[{"href":"https:\/\/storitgroup.com\/fi\/wp-json\/wp\/v2\/types\/product"}],"wp:featuredmedia":[{"embeddable":true,"href":"https:\/\/storitgroup.com\/fi\/wp-json\/wp\/v2\/media\/198446"}],"wp:attachment":[{"href":"https:\/\/storitgroup.com\/fi\/wp-json\/wp\/v2\/media?parent=198324"}],"wp:term":[{"taxonomy":"product_brand","embeddable":true,"href":"https:\/\/storitgroup.com\/fi\/wp-json\/wp\/v2\/product_brand?post=198324"},{"taxonomy":"product_cat","embeddable":true,"href":"https:\/\/storitgroup.com\/fi\/wp-json\/wp\/v2\/product_cat?post=198324"},{"taxonomy":"product_tag","embeddable":true,"href":"https:\/\/storitgroup.com\/fi\/wp-json\/wp\/v2\/product_tag?post=198324"}],"curies":[{"name":"wp","href":"https:\/\/api.w.org\/{rel}","templated":true}]}}