{"id":197850,"date":"2022-09-09T14:25:47","date_gmt":"2022-09-09T11:25:47","guid":{"rendered":"https:\/\/storitgroup.com\/?post_type=product&#038;p=197850"},"modified":"2026-04-03T20:16:08","modified_gmt":"2026-04-03T17:16:08","slug":"haarukkavaunu-1150-storit-ac30-p-pp-3000kg-2","status":"publish","type":"product","link":"https:\/\/storitgroup.com\/fi\/tuote\/haarukkavaunu-1150-storit-ac30-p-pp-3000kg-2\/","title":{"rendered":"Haarukkavaunu 1150mm Storit AC30 3000kg P\/PP"},"content":{"rendered":"<p>kantavuus:\u00a03000 kg<br \/>   haarukat: 1150 x 540 mm<br \/>  min \/ max nostokorkeus: 85 \/ 200 mm<br \/>  haarukkapituus: 1150 mm<br \/>  leveys haarukoiden yli: 540 mm<br \/>  haarukan mitat: 160 x 50 mm (px l)<br \/>  kahvan korkeus: 1230 mm<br \/>  ohjauspy\u00f6r\u00e4t:\u00a0\u00d8 200 x 50 mm,\u00a0polyuretaani (P)<br \/>  haarukkapy\u00f6r\u00e4t:\u00a0\u00d8 80 x 70 mm,\u00a0polyuretaani (P), tandem (T)<br \/>  PPT<br \/>  integroitu pumppu<br \/>  paino:\u00a071 kg.<\/p>\n","protected":false},"excerpt":{"rendered":"<p>kantavuus:\u00a03000 kg<br \/>\n   haarukat: 1150 x 540 mm<br \/>\n  min \/ max nostokorkeus: 85 \/ 200 mm<\/p>\n","protected":false},"featured_media":184886,"template":"","meta":{"_acf_changed":false},"product_brand":[],"product_cat":[7038],"product_tag":[],"class_list":{"0":"post-197850","1":"product","2":"type-product","3":"status-publish","4":"has-post-thumbnail","6":"product_room-tavaroiden-logistiikka","7":"product_room-kuljetus-ja-logistiikka","8":"product_room-tyopaja-ja-autotalli","9":"product_room-ruuan-kasittely","10":"product_room-kaupankaynti-ja-myymalat","11":"product_room-tynnyrien-ja-kaapeleiden-kasittely","12":"product_room-iso-varasto","13":"product_room-varasto-pitkille-tavaroille-ja-levymateriaaleille","14":"product_room-pieni-varasto","15":"product_room-nostovalinet","16":"product_cat-manuaaliset-haarukkavaunut-pumppukarryt","18":"first","19":"onbackorder","20":"sale","21":"taxable","22":"shipping-taxable","23":"purchasable","24":"product-type-simple"},"acf":[],"yoast_head":"<!-- This site is optimized with the Yoast SEO plugin v27.2 - https:\/\/yoast.com\/product\/yoast-seo-wordpress\/ -->\n<title>Haarukkavaunu 1150mm Storit AC30 3000kg P\/PP &#8226; Storit<\/title>\n<meta name=\"description\" content=\"Haarukkavaunu 1150mm Storit AC30 3000kg P\/PP \u2014 kohtuulliseen hintaan. Toimitukset kaikkialle Suomeen! \u261b Tutustu tuotteeseen ja tilaa k\u00e4tev\u00e4sti STORIT-verkkokaupasta!\" \/>\n<meta name=\"robots\" content=\"index, follow, max-snippet:-1, max-image-preview:large, max-video-preview:-1\" \/>\n<link rel=\"canonical\" href=\"https:\/\/storitgroup.com\/fi\/tuote\/haarukkavaunu-1150-storit-ac30-p-pp-3000kg-2\/\" \/>\n<meta property=\"og:locale\" content=\"fi_FI\" \/>\n<meta property=\"og:type\" content=\"article\" \/>\n<meta property=\"og:title\" content=\"Haarukkavaunu 1150mm Storit AC30 3000kg P\/PP &#8226; Storit\" \/>\n<meta property=\"og:description\" content=\"Haarukkavaunu 1150mm Storit AC30 3000kg P\/PP \u2014 kohtuulliseen hintaan. Toimitukset kaikkialle Suomeen! \u261b Tutustu tuotteeseen ja tilaa k\u00e4tev\u00e4sti STORIT-verkkokaupasta!\" \/>\n<meta property=\"og:url\" content=\"https:\/\/storitgroup.com\/fi\/tuote\/haarukkavaunu-1150-storit-ac30-p-pp-3000kg-2\/\" \/>\n<meta property=\"og:site_name\" content=\"Storit\" \/>\n<meta property=\"article:modified_time\" content=\"2026-04-03T17:16:08+00:00\" \/>\n<meta property=\"og:image\" content=\"https:\/\/storitgroup.com\/uploads\/2021\/05\/img_0618-removebg-preview.png\" \/>\n\t<meta property=\"og:image:width\" content=\"433\" \/>\n\t<meta property=\"og:image:height\" content=\"577\" \/>\n\t<meta property=\"og:image:type\" content=\"image\/png\" \/>\n<meta name=\"twitter:card\" content=\"summary_large_image\" \/>\n<script type=\"application\/ld+json\" class=\"yoast-schema-graph\">{\"@context\":\"https:\/\/schema.org\",\"@graph\":[{\"@type\":[\"WebPage\",\"ItemPage\"],\"@id\":\"https:\/\/storitgroup.com\/fi\/tuote\/haarukkavaunu-1150-storit-ac30-p-pp-3000kg-2\/\",\"url\":\"https:\/\/storitgroup.com\/fi\/tuote\/haarukkavaunu-1150-storit-ac30-p-pp-3000kg-2\/\",\"name\":\"Haarukkavaunu 1150mm Storit AC30 3000kg P\/PP &#8226; Storit\",\"isPartOf\":{\"@id\":\"https:\/\/storitgroup.com\/fi\/#website\"},\"primaryImageOfPage\":{\"@id\":\"https:\/\/storitgroup.com\/fi\/tuote\/haarukkavaunu-1150-storit-ac30-p-pp-3000kg-2\/#primaryimage\"},\"image\":{\"@id\":\"https:\/\/storitgroup.com\/fi\/tuote\/haarukkavaunu-1150-storit-ac30-p-pp-3000kg-2\/#primaryimage\"},\"thumbnailUrl\":\"https:\/\/storitgroup.com\/uploads\/2021\/05\/img_0618-removebg-preview.png\",\"datePublished\":\"2022-09-09T11:25:47+00:00\",\"dateModified\":\"2026-04-03T17:16:08+00:00\",\"description\":\"Haarukkavaunu 1150mm Storit AC30 3000kg P\/PP \u2014 kohtuulliseen hintaan. Toimitukset kaikkialle Suomeen! \u261b Tutustu tuotteeseen ja tilaa k\u00e4tev\u00e4sti STORIT-verkkokaupasta!\",\"breadcrumb\":{\"@id\":\"https:\/\/storitgroup.com\/fi\/tuote\/haarukkavaunu-1150-storit-ac30-p-pp-3000kg-2\/#breadcrumb\"},\"inLanguage\":\"fi\",\"potentialAction\":[{\"@type\":\"ReadAction\",\"target\":[\"https:\/\/storitgroup.com\/fi\/tuote\/haarukkavaunu-1150-storit-ac30-p-pp-3000kg-2\/\"]}]},{\"@type\":\"ImageObject\",\"inLanguage\":\"fi\",\"@id\":\"https:\/\/storitgroup.com\/fi\/tuote\/haarukkavaunu-1150-storit-ac30-p-pp-3000kg-2\/#primaryimage\",\"url\":\"https:\/\/storitgroup.com\/uploads\/2021\/05\/img_0618-removebg-preview.png\",\"contentUrl\":\"https:\/\/storitgroup.com\/uploads\/2021\/05\/img_0618-removebg-preview.png\",\"width\":433,\"height\":577},{\"@type\":\"BreadcrumbList\",\"@id\":\"https:\/\/storitgroup.com\/fi\/tuote\/haarukkavaunu-1150-storit-ac30-p-pp-3000kg-2\/#breadcrumb\",\"itemListElement\":[{\"@type\":\"ListItem\",\"position\":1,\"name\":\"Kotisivu\",\"item\":\"https:\/\/storitgroup.com\/fi\/\"},{\"@type\":\"ListItem\",\"position\":2,\"name\":\"Tuotteet\",\"item\":\"https:\/\/storitgroup.com\/fi\/tuotteet\/\"},{\"@type\":\"ListItem\",\"position\":3,\"name\":\"Varastotrukit, nostolavat, tarvikkeet\",\"item\":\"https:\/\/storitgroup.com\/fi\/varastotrukit-nostolavat-tarvikkeet\/\"},{\"@type\":\"ListItem\",\"position\":4,\"name\":\"Haarukkavaunut, pumppuk\u00e4rryt ja lavansiirt\u00e4j\u00e4t\",\"item\":\"https:\/\/storitgroup.com\/fi\/varastotrukit-nostolavat-tarvikkeet\/haarukkavaunut-pumppukarryt-ja-lavansiirtajat\/\"},{\"@type\":\"ListItem\",\"position\":5,\"name\":\"Manuaaliset haarukkavaunut, pumppuk\u00e4rryt\",\"item\":\"https:\/\/storitgroup.com\/fi\/varastotrukit-nostolavat-tarvikkeet\/haarukkavaunut-pumppukarryt-ja-lavansiirtajat\/manuaaliset-haarukkavaunut-pumppukarryt\/\"},{\"@type\":\"ListItem\",\"position\":6,\"name\":\"Haarukkavaunu 1150mm Storit AC30 3000kg P\/PP\"}]},{\"@type\":\"WebSite\",\"@id\":\"https:\/\/storitgroup.com\/fi\/#website\",\"url\":\"https:\/\/storitgroup.com\/fi\/\",\"name\":\"Storit\",\"description\":\"\",\"potentialAction\":[{\"@type\":\"SearchAction\",\"target\":{\"@type\":\"EntryPoint\",\"urlTemplate\":\"https:\/\/storitgroup.com\/fi\/?s={search_term_string}\"},\"query-input\":{\"@type\":\"PropertyValueSpecification\",\"valueRequired\":true,\"valueName\":\"search_term_string\"}}],\"inLanguage\":\"fi\"}]}<\/script>\n<!-- \/ Yoast SEO plugin. -->","yoast_head_json":{"title":"Haarukkavaunu 1150mm Storit AC30 3000kg P\/PP &#8226; Storit","description":"Haarukkavaunu 1150mm Storit AC30 3000kg P\/PP \u2014 kohtuulliseen hintaan. Toimitukset kaikkialle Suomeen! \u261b Tutustu tuotteeseen ja tilaa k\u00e4tev\u00e4sti STORIT-verkkokaupasta!","robots":{"index":"index","follow":"follow","max-snippet":"max-snippet:-1","max-image-preview":"max-image-preview:large","max-video-preview":"max-video-preview:-1"},"canonical":"https:\/\/storitgroup.com\/fi\/tuote\/haarukkavaunu-1150-storit-ac30-p-pp-3000kg-2\/","og_locale":"fi_FI","og_type":"article","og_title":"Haarukkavaunu 1150mm Storit AC30 3000kg P\/PP &#8226; Storit","og_description":"Haarukkavaunu 1150mm Storit AC30 3000kg P\/PP \u2014 kohtuulliseen hintaan. Toimitukset kaikkialle Suomeen! \u261b Tutustu tuotteeseen ja tilaa k\u00e4tev\u00e4sti STORIT-verkkokaupasta!","og_url":"https:\/\/storitgroup.com\/fi\/tuote\/haarukkavaunu-1150-storit-ac30-p-pp-3000kg-2\/","og_site_name":"Storit","article_modified_time":"2026-04-03T17:16:08+00:00","og_image":[{"width":433,"height":577,"url":"https:\/\/storitgroup.com\/uploads\/2021\/05\/img_0618-removebg-preview.png","type":"image\/png"}],"twitter_card":"summary_large_image","schema":{"@context":"https:\/\/schema.org","@graph":[{"@type":["WebPage","ItemPage"],"@id":"https:\/\/storitgroup.com\/fi\/tuote\/haarukkavaunu-1150-storit-ac30-p-pp-3000kg-2\/","url":"https:\/\/storitgroup.com\/fi\/tuote\/haarukkavaunu-1150-storit-ac30-p-pp-3000kg-2\/","name":"Haarukkavaunu 1150mm Storit AC30 3000kg P\/PP &#8226; Storit","isPartOf":{"@id":"https:\/\/storitgroup.com\/fi\/#website"},"primaryImageOfPage":{"@id":"https:\/\/storitgroup.com\/fi\/tuote\/haarukkavaunu-1150-storit-ac30-p-pp-3000kg-2\/#primaryimage"},"image":{"@id":"https:\/\/storitgroup.com\/fi\/tuote\/haarukkavaunu-1150-storit-ac30-p-pp-3000kg-2\/#primaryimage"},"thumbnailUrl":"https:\/\/storitgroup.com\/uploads\/2021\/05\/img_0618-removebg-preview.png","datePublished":"2022-09-09T11:25:47+00:00","dateModified":"2026-04-03T17:16:08+00:00","description":"Haarukkavaunu 1150mm Storit AC30 3000kg P\/PP \u2014 kohtuulliseen hintaan. Toimitukset kaikkialle Suomeen! \u261b Tutustu tuotteeseen ja tilaa k\u00e4tev\u00e4sti STORIT-verkkokaupasta!","breadcrumb":{"@id":"https:\/\/storitgroup.com\/fi\/tuote\/haarukkavaunu-1150-storit-ac30-p-pp-3000kg-2\/#breadcrumb"},"inLanguage":"fi","potentialAction":[{"@type":"ReadAction","target":["https:\/\/storitgroup.com\/fi\/tuote\/haarukkavaunu-1150-storit-ac30-p-pp-3000kg-2\/"]}]},{"@type":"ImageObject","inLanguage":"fi","@id":"https:\/\/storitgroup.com\/fi\/tuote\/haarukkavaunu-1150-storit-ac30-p-pp-3000kg-2\/#primaryimage","url":"https:\/\/storitgroup.com\/uploads\/2021\/05\/img_0618-removebg-preview.png","contentUrl":"https:\/\/storitgroup.com\/uploads\/2021\/05\/img_0618-removebg-preview.png","width":433,"height":577},{"@type":"BreadcrumbList","@id":"https:\/\/storitgroup.com\/fi\/tuote\/haarukkavaunu-1150-storit-ac30-p-pp-3000kg-2\/#breadcrumb","itemListElement":[{"@type":"ListItem","position":1,"name":"Kotisivu","item":"https:\/\/storitgroup.com\/fi\/"},{"@type":"ListItem","position":2,"name":"Tuotteet","item":"https:\/\/storitgroup.com\/fi\/tuotteet\/"},{"@type":"ListItem","position":3,"name":"Varastotrukit, nostolavat, tarvikkeet","item":"https:\/\/storitgroup.com\/fi\/varastotrukit-nostolavat-tarvikkeet\/"},{"@type":"ListItem","position":4,"name":"Haarukkavaunut, pumppuk\u00e4rryt ja lavansiirt\u00e4j\u00e4t","item":"https:\/\/storitgroup.com\/fi\/varastotrukit-nostolavat-tarvikkeet\/haarukkavaunut-pumppukarryt-ja-lavansiirtajat\/"},{"@type":"ListItem","position":5,"name":"Manuaaliset haarukkavaunut, pumppuk\u00e4rryt","item":"https:\/\/storitgroup.com\/fi\/varastotrukit-nostolavat-tarvikkeet\/haarukkavaunut-pumppukarryt-ja-lavansiirtajat\/manuaaliset-haarukkavaunut-pumppukarryt\/"},{"@type":"ListItem","position":6,"name":"Haarukkavaunu 1150mm Storit AC30 3000kg P\/PP"}]},{"@type":"WebSite","@id":"https:\/\/storitgroup.com\/fi\/#website","url":"https:\/\/storitgroup.com\/fi\/","name":"Storit","description":"","potentialAction":[{"@type":"SearchAction","target":{"@type":"EntryPoint","urlTemplate":"https:\/\/storitgroup.com\/fi\/?s={search_term_string}"},"query-input":{"@type":"PropertyValueSpecification","valueRequired":true,"valueName":"search_term_string"}}],"inLanguage":"fi"}]}},"_links":{"self":[{"href":"https:\/\/storitgroup.com\/fi\/wp-json\/wp\/v2\/product\/197850","targetHints":{"allow":["GET"]}}],"collection":[{"href":"https:\/\/storitgroup.com\/fi\/wp-json\/wp\/v2\/product"}],"about":[{"href":"https:\/\/storitgroup.com\/fi\/wp-json\/wp\/v2\/types\/product"}],"wp:featuredmedia":[{"embeddable":true,"href":"https:\/\/storitgroup.com\/fi\/wp-json\/wp\/v2\/media\/184886"}],"wp:attachment":[{"href":"https:\/\/storitgroup.com\/fi\/wp-json\/wp\/v2\/media?parent=197850"}],"wp:term":[{"taxonomy":"product_brand","embeddable":true,"href":"https:\/\/storitgroup.com\/fi\/wp-json\/wp\/v2\/product_brand?post=197850"},{"taxonomy":"product_cat","embeddable":true,"href":"https:\/\/storitgroup.com\/fi\/wp-json\/wp\/v2\/product_cat?post=197850"},{"taxonomy":"product_tag","embeddable":true,"href":"https:\/\/storitgroup.com\/fi\/wp-json\/wp\/v2\/product_tag?post=197850"}],"curies":[{"name":"wp","href":"https:\/\/api.w.org\/{rel}","templated":true}]}}