{"id":196043,"date":"2022-08-15T13:40:47","date_gmt":"2022-08-18T16:09:40","guid":{"rendered":"https:\/\/storitgroup.com\/?post_type=product&#038;p=196043"},"modified":"2026-04-10T02:01:58","modified_gmt":"2026-04-09T23:01:58","slug":"pukukaappi-3x400mm-ral7035-5010-2","status":"publish","type":"product","link":"https:\/\/storitgroup.com\/fi\/tuote\/pukukaappi-3x400mm-ral7035-5010-2\/","title":{"rendered":"Pukukaappi Storit 3&#215;400 mm, RAL7035\/7035"},"content":{"rendered":"<p>Ruosteenkest\u00e4v\u00e4 kaappi on jauhemaalattu, voit valita 16 RAL-v\u00e4rist\u00e4.<br \/>Loput RAL-luettelon v\u00e4rit ovat saatavilla lis\u00e4maksusta. <\/p>\n<p> Vaatekaapin etu on hitsattu rakenne, joka varmistaa ovien ja rungon j\u00e4ykkyyden. Etuna on my\u00f6s moderni WEMO-rei\u00b4itys ilmanvaihtoon, joka on rekister\u00f6ity teollinen malli. <\/p>\n<p> Vakiovarusteisiin kuuluvat: <br \/>sylinterilukko kahdella avaimella, <br \/> hattuteline, <br \/>ripustinputki koukuilla, <br \/>itseliimautuvat pyyheteline, peili ja nimilapun pidike. <\/p>\n<p> Vaatekaappi toiminnallisuuksineen lis\u00e4\u00e4 esteettist\u00e4 arvoa my\u00f6s yhteisiin tiloihin tehtaissa, kouluissa, kerhoissa, toimistoissa jne. Parhaan ratkaisun l\u00f6yt\u00e4misen huoneeseen takaa my\u00f6s laaja valikoima lis\u00e4laitteita, jotka kaikki on ostettavissa erikseen, ett\u00e4 kokoaminen olisi mahdollisimman monipuolista. Kaappi on helppo puhdistaa, ja oikea sijoitus huoneessa ja kohdennettu k\u00e4ytt\u00f6 eliminoi huollon tarpeen tulevaisuudessa. Kaapissa on 378 mm syvyinen v\u00e4lisein\u00e4, joka helpottaa puhtaiden ja likaisten vaatteiden erottamista toisistaan.<\/p>\n<p> Kaappi on valmistettu 0,5 mm:n metallilevyst\u00e4, mahdollista my\u00f6s tilata 0,8 mm materiaalista ja\/tai runkoon hitsatuilla jaloilla (H+140 mm). <br \/> Lis\u00e4maksusta saatavilla master-avain ja useita lukkotyyppej\u00e4: riippulukko, kolikkolukko, koodi- tai RFID-lukko.<\/p>\n<p> Kaapit ovat sertifioituja ja t\u00e4ytt\u00e4v\u00e4t EU:n turvallisuusstandardit.<\/p>\n","protected":false},"excerpt":{"rendered":"<p>Ruosteenkest\u00e4v\u00e4 kaappi on jauhemaalattu, voit valita 16 RAL-v\u00e4rist\u00e4.<br \/>\nLoput RAL-luettelon v\u00e4rit ovat saatavilla lis\u00e4maksusta. <\/p>\n","protected":false},"featured_media":197555,"template":"","meta":{"_acf_changed":false},"product_brand":[],"product_cat":[7058],"product_tag":[],"class_list":{"0":"post-196043","1":"product","2":"type-product","3":"status-publish","4":"has-post-thumbnail","6":"product_room-tyopaja-ja-autotalli","7":"product_room-kaupankaynti-ja-myymalat","8":"product_room-koulut-ja-paivakodit","9":"product_room-kiinteistokehitys","10":"product_room-pukuhuone","11":"product_cat-pukukaapit","13":"first","14":"onbackorder","15":"taxable","16":"shipping-taxable","17":"purchasable","18":"product-type-simple"},"acf":[],"yoast_head":"<!-- This site is optimized with the Yoast SEO plugin v27.3 - https:\/\/yoast.com\/product\/yoast-seo-wordpress\/ -->\n<title>Pukukaappi Storit 3x400 mm, RAL7035\/7035 &#8226; Storit<\/title>\n<meta name=\"description\" content=\"Pukukaappi Storit 3x400 mm, RAL7035\/7035 \u2014 kohtuulliseen hintaan. Toimitukset kaikkialle Suomeen! \u261b Tutustu tuotteeseen ja tilaa k\u00e4tev\u00e4sti STORIT-verkkokaupasta!\" \/>\n<meta name=\"robots\" content=\"index, follow, max-snippet:-1, max-image-preview:large, max-video-preview:-1\" \/>\n<link rel=\"canonical\" href=\"https:\/\/storitgroup.com\/fi\/tuote\/pukukaappi-3x400mm-ral7035-5010-2\/\" \/>\n<meta property=\"og:locale\" content=\"fi_FI\" \/>\n<meta property=\"og:type\" content=\"article\" \/>\n<meta property=\"og:title\" content=\"Pukukaappi Storit 3x400 mm, RAL7035\/7035 &#8226; Storit\" \/>\n<meta property=\"og:description\" content=\"Pukukaappi Storit 3x400 mm, RAL7035\/7035 \u2014 kohtuulliseen hintaan. Toimitukset kaikkialle Suomeen! \u261b Tutustu tuotteeseen ja tilaa k\u00e4tev\u00e4sti STORIT-verkkokaupasta!\" \/>\n<meta property=\"og:url\" content=\"https:\/\/storitgroup.com\/fi\/tuote\/pukukaappi-3x400mm-ral7035-5010-2\/\" \/>\n<meta property=\"og:site_name\" content=\"Storit\" \/>\n<meta property=\"article:modified_time\" content=\"2026-04-09T23:01:58+00:00\" \/>\n<meta property=\"og:image\" content=\"https:\/\/storitgroup.com\/uploads\/2022\/08\/7-3x400-2.jpg\" \/>\n\t<meta property=\"og:image:width\" content=\"496\" \/>\n\t<meta property=\"og:image:height\" content=\"642\" \/>\n\t<meta property=\"og:image:type\" content=\"image\/jpeg\" \/>\n<meta name=\"twitter:card\" content=\"summary_large_image\" \/>\n<meta name=\"twitter:label1\" content=\"Arvioitu lukuaika\" \/>\n\t<meta name=\"twitter:data1\" content=\"1 minuutti\" \/>\n<script type=\"application\/ld+json\" class=\"yoast-schema-graph\">{\"@context\":\"https:\\\/\\\/schema.org\",\"@graph\":[{\"@type\":[\"WebPage\",\"ItemPage\"],\"@id\":\"https:\\\/\\\/storitgroup.com\\\/fi\\\/tuote\\\/pukukaappi-3x400mm-ral7035-5010-2\\\/\",\"url\":\"https:\\\/\\\/storitgroup.com\\\/fi\\\/tuote\\\/pukukaappi-3x400mm-ral7035-5010-2\\\/\",\"name\":\"Pukukaappi Storit 3x400 mm, RAL7035\\\/7035 &#8226; Storit\",\"isPartOf\":{\"@id\":\"https:\\\/\\\/storitgroup.com\\\/fi\\\/#website\"},\"primaryImageOfPage\":{\"@id\":\"https:\\\/\\\/storitgroup.com\\\/fi\\\/tuote\\\/pukukaappi-3x400mm-ral7035-5010-2\\\/#primaryimage\"},\"image\":{\"@id\":\"https:\\\/\\\/storitgroup.com\\\/fi\\\/tuote\\\/pukukaappi-3x400mm-ral7035-5010-2\\\/#primaryimage\"},\"thumbnailUrl\":\"https:\\\/\\\/storitgroup.com\\\/uploads\\\/2022\\\/08\\\/7-3x400-2.jpg\",\"datePublished\":\"2022-08-18T16:09:40+00:00\",\"dateModified\":\"2026-04-09T23:01:58+00:00\",\"description\":\"Pukukaappi Storit 3x400 mm, RAL7035\\\/7035 \u2014 kohtuulliseen hintaan. Toimitukset kaikkialle Suomeen! \u261b Tutustu tuotteeseen ja tilaa k\u00e4tev\u00e4sti STORIT-verkkokaupasta!\",\"breadcrumb\":{\"@id\":\"https:\\\/\\\/storitgroup.com\\\/fi\\\/tuote\\\/pukukaappi-3x400mm-ral7035-5010-2\\\/#breadcrumb\"},\"inLanguage\":\"fi\",\"potentialAction\":[{\"@type\":\"ReadAction\",\"target\":[\"https:\\\/\\\/storitgroup.com\\\/fi\\\/tuote\\\/pukukaappi-3x400mm-ral7035-5010-2\\\/\"]}]},{\"@type\":\"ImageObject\",\"inLanguage\":\"fi\",\"@id\":\"https:\\\/\\\/storitgroup.com\\\/fi\\\/tuote\\\/pukukaappi-3x400mm-ral7035-5010-2\\\/#primaryimage\",\"url\":\"https:\\\/\\\/storitgroup.com\\\/uploads\\\/2022\\\/08\\\/7-3x400-2.jpg\",\"contentUrl\":\"https:\\\/\\\/storitgroup.com\\\/uploads\\\/2022\\\/08\\\/7-3x400-2.jpg\",\"width\":496,\"height\":642},{\"@type\":\"BreadcrumbList\",\"@id\":\"https:\\\/\\\/storitgroup.com\\\/fi\\\/tuote\\\/pukukaappi-3x400mm-ral7035-5010-2\\\/#breadcrumb\",\"itemListElement\":[{\"@type\":\"ListItem\",\"position\":1,\"name\":\"Kotisivu\",\"item\":\"https:\\\/\\\/storitgroup.com\\\/fi\\\/\"},{\"@type\":\"ListItem\",\"position\":2,\"name\":\"Tuotteet\",\"item\":\"https:\\\/\\\/storitgroup.com\\\/fi\\\/tuotteet\\\/\"},{\"@type\":\"ListItem\",\"position\":3,\"name\":\"Metallikaapit, pukukaapit\",\"item\":\"https:\\\/\\\/storitgroup.com\\\/fi\\\/metallikaapit-pukukaapit\\\/\"},{\"@type\":\"ListItem\",\"position\":4,\"name\":\"Pukukaapit\",\"item\":\"https:\\\/\\\/storitgroup.com\\\/fi\\\/metallikaapit-pukukaapit\\\/pukukaapit\\\/\"},{\"@type\":\"ListItem\",\"position\":5,\"name\":\"Pukukaappi Storit 3&#215;400 mm, RAL7035\\\/7035\"}]},{\"@type\":\"WebSite\",\"@id\":\"https:\\\/\\\/storitgroup.com\\\/fi\\\/#website\",\"url\":\"https:\\\/\\\/storitgroup.com\\\/fi\\\/\",\"name\":\"Storit\",\"description\":\"\",\"potentialAction\":[{\"@type\":\"SearchAction\",\"target\":{\"@type\":\"EntryPoint\",\"urlTemplate\":\"https:\\\/\\\/storitgroup.com\\\/fi\\\/?s={search_term_string}\"},\"query-input\":{\"@type\":\"PropertyValueSpecification\",\"valueRequired\":true,\"valueName\":\"search_term_string\"}}],\"inLanguage\":\"fi\"}]}<\/script>\n<!-- \/ Yoast SEO plugin. -->","yoast_head_json":{"title":"Pukukaappi Storit 3x400 mm, RAL7035\/7035 &#8226; Storit","description":"Pukukaappi Storit 3x400 mm, RAL7035\/7035 \u2014 kohtuulliseen hintaan. Toimitukset kaikkialle Suomeen! \u261b Tutustu tuotteeseen ja tilaa k\u00e4tev\u00e4sti STORIT-verkkokaupasta!","robots":{"index":"index","follow":"follow","max-snippet":"max-snippet:-1","max-image-preview":"max-image-preview:large","max-video-preview":"max-video-preview:-1"},"canonical":"https:\/\/storitgroup.com\/fi\/tuote\/pukukaappi-3x400mm-ral7035-5010-2\/","og_locale":"fi_FI","og_type":"article","og_title":"Pukukaappi Storit 3x400 mm, RAL7035\/7035 &#8226; Storit","og_description":"Pukukaappi Storit 3x400 mm, RAL7035\/7035 \u2014 kohtuulliseen hintaan. Toimitukset kaikkialle Suomeen! \u261b Tutustu tuotteeseen ja tilaa k\u00e4tev\u00e4sti STORIT-verkkokaupasta!","og_url":"https:\/\/storitgroup.com\/fi\/tuote\/pukukaappi-3x400mm-ral7035-5010-2\/","og_site_name":"Storit","article_modified_time":"2026-04-09T23:01:58+00:00","og_image":[{"width":496,"height":642,"url":"https:\/\/storitgroup.com\/uploads\/2022\/08\/7-3x400-2.jpg","type":"image\/jpeg"}],"twitter_card":"summary_large_image","twitter_misc":{"Arvioitu lukuaika":"1 minuutti"},"schema":{"@context":"https:\/\/schema.org","@graph":[{"@type":["WebPage","ItemPage"],"@id":"https:\/\/storitgroup.com\/fi\/tuote\/pukukaappi-3x400mm-ral7035-5010-2\/","url":"https:\/\/storitgroup.com\/fi\/tuote\/pukukaappi-3x400mm-ral7035-5010-2\/","name":"Pukukaappi Storit 3x400 mm, RAL7035\/7035 &#8226; Storit","isPartOf":{"@id":"https:\/\/storitgroup.com\/fi\/#website"},"primaryImageOfPage":{"@id":"https:\/\/storitgroup.com\/fi\/tuote\/pukukaappi-3x400mm-ral7035-5010-2\/#primaryimage"},"image":{"@id":"https:\/\/storitgroup.com\/fi\/tuote\/pukukaappi-3x400mm-ral7035-5010-2\/#primaryimage"},"thumbnailUrl":"https:\/\/storitgroup.com\/uploads\/2022\/08\/7-3x400-2.jpg","datePublished":"2022-08-18T16:09:40+00:00","dateModified":"2026-04-09T23:01:58+00:00","description":"Pukukaappi Storit 3x400 mm, RAL7035\/7035 \u2014 kohtuulliseen hintaan. Toimitukset kaikkialle Suomeen! \u261b Tutustu tuotteeseen ja tilaa k\u00e4tev\u00e4sti STORIT-verkkokaupasta!","breadcrumb":{"@id":"https:\/\/storitgroup.com\/fi\/tuote\/pukukaappi-3x400mm-ral7035-5010-2\/#breadcrumb"},"inLanguage":"fi","potentialAction":[{"@type":"ReadAction","target":["https:\/\/storitgroup.com\/fi\/tuote\/pukukaappi-3x400mm-ral7035-5010-2\/"]}]},{"@type":"ImageObject","inLanguage":"fi","@id":"https:\/\/storitgroup.com\/fi\/tuote\/pukukaappi-3x400mm-ral7035-5010-2\/#primaryimage","url":"https:\/\/storitgroup.com\/uploads\/2022\/08\/7-3x400-2.jpg","contentUrl":"https:\/\/storitgroup.com\/uploads\/2022\/08\/7-3x400-2.jpg","width":496,"height":642},{"@type":"BreadcrumbList","@id":"https:\/\/storitgroup.com\/fi\/tuote\/pukukaappi-3x400mm-ral7035-5010-2\/#breadcrumb","itemListElement":[{"@type":"ListItem","position":1,"name":"Kotisivu","item":"https:\/\/storitgroup.com\/fi\/"},{"@type":"ListItem","position":2,"name":"Tuotteet","item":"https:\/\/storitgroup.com\/fi\/tuotteet\/"},{"@type":"ListItem","position":3,"name":"Metallikaapit, pukukaapit","item":"https:\/\/storitgroup.com\/fi\/metallikaapit-pukukaapit\/"},{"@type":"ListItem","position":4,"name":"Pukukaapit","item":"https:\/\/storitgroup.com\/fi\/metallikaapit-pukukaapit\/pukukaapit\/"},{"@type":"ListItem","position":5,"name":"Pukukaappi Storit 3&#215;400 mm, RAL7035\/7035"}]},{"@type":"WebSite","@id":"https:\/\/storitgroup.com\/fi\/#website","url":"https:\/\/storitgroup.com\/fi\/","name":"Storit","description":"","potentialAction":[{"@type":"SearchAction","target":{"@type":"EntryPoint","urlTemplate":"https:\/\/storitgroup.com\/fi\/?s={search_term_string}"},"query-input":{"@type":"PropertyValueSpecification","valueRequired":true,"valueName":"search_term_string"}}],"inLanguage":"fi"}]}},"_links":{"self":[{"href":"https:\/\/storitgroup.com\/fi\/wp-json\/wp\/v2\/product\/196043","targetHints":{"allow":["GET"]}}],"collection":[{"href":"https:\/\/storitgroup.com\/fi\/wp-json\/wp\/v2\/product"}],"about":[{"href":"https:\/\/storitgroup.com\/fi\/wp-json\/wp\/v2\/types\/product"}],"wp:featuredmedia":[{"embeddable":true,"href":"https:\/\/storitgroup.com\/fi\/wp-json\/wp\/v2\/media\/197555"}],"wp:attachment":[{"href":"https:\/\/storitgroup.com\/fi\/wp-json\/wp\/v2\/media?parent=196043"}],"wp:term":[{"taxonomy":"product_brand","embeddable":true,"href":"https:\/\/storitgroup.com\/fi\/wp-json\/wp\/v2\/product_brand?post=196043"},{"taxonomy":"product_cat","embeddable":true,"href":"https:\/\/storitgroup.com\/fi\/wp-json\/wp\/v2\/product_cat?post=196043"},{"taxonomy":"product_tag","embeddable":true,"href":"https:\/\/storitgroup.com\/fi\/wp-json\/wp\/v2\/product_tag?post=196043"}],"curies":[{"name":"wp","href":"https:\/\/api.w.org\/{rel}","templated":true}]}}