{"id":195567,"date":"2022-08-11T13:45:56","date_gmt":"2022-08-12T09:53:20","guid":{"rendered":"https:\/\/storitgroup.com\/?post_type=product&#038;p=195567"},"modified":"2025-02-22T02:00:20","modified_gmt":"2025-02-22T00:00:20","slug":"pukukaappi-2x400-mm-220v-usbral7035-3020","status":"publish","type":"product","link":"https:\/\/storitgroup.com\/fi\/tuote\/pukukaappi-2x400-mm-220v-usbral7035-3020\/","title":{"rendered":"Pukukaappi Storit 2&#215;400 mm, 220V+USB,RAL7035\/3020"},"content":{"rendered":"<p>S\u00e4hk\u00f6inen vaatekaappi on uusi ratkaisu digitaalisessa yhteiskunnassa. 16 perusv\u00e4ri\u00e4 on valitettavissa, muut RAL-luettelon v\u00e4rit ovat saatavilla pient\u00e4 lis\u00e4maksua vastaan. <\/p>\n<p> Kaapissa on kahdella USB-laturilla varustettu pistorasia, joka varmistaa erilaisten s\u00e4hk\u00f6- ja elektroniikkalaitteiden k\u00e4yt\u00f6n milloin tahansa.<\/p>\n<p>Hitsattu rakenne varmistaa ovien ja rungon j\u00e4ykkyyden. Ovissa on WEMO-rei\u00b4itys ilmankiertoa varten, mik\u00e4 on rekister\u00f6ity teollinen malli.<br \/>Ihanteellinen kuntosaleihin, tuotantotiloihin, kirjastoihin, kouluihin jne. Oikea sijoittelu huoneessa ja k\u00e4ytt\u00f6tarkoitus eliminoivat huoltot\u00f6iden tarpeen jatkossa.<\/p>\n<p>Yhdest\u00e4 ulkoisesta virtal\u00e4hteest\u00e4 on mahdollista kytke\u00e4 sarjaan jopa 20 pistorasiaa. Kaapelit voidaan piilottaa kaapin taakse ja siten huoneen esteettinen ulkon\u00e4k\u00f6 s\u00e4ilyy. Itsekiinnittyv\u00e4t v\u00e4likappaleet mahdollistavat kaapin takana olevien kaapelien oikaisun.<\/p>\n<p>Vakiovarustukseen kuuluu katto, jonka korkeus on 200 mm ja kaltevuus 22\u00b0, jonka alle liit\u00e4nt\u00e4moduuli sijaitsee. Liit\u00e4nt\u00e4moduulissa on nollattava suojaus, ylij\u00e4nnitesuoja, tehodiodi, pistorasia toisen kaapin kytkemist\u00e4 varten sarjaan ja kiinte\u00e4 virtajohto, joka on asennettu kaapin taakse.<\/p>\n<p> Kaapit ovat sertifioituja ja t\u00e4ytt\u00e4v\u00e4t EU:n turvallisuusstandardit.<\/p>\n","protected":false},"excerpt":{"rendered":"<p>S\u00e4hk\u00f6inen vaatekaappi on uusi ratkaisu digitaalisessa yhteiskunnassa. 16 perusv\u00e4ri\u00e4 on valitettavissa, muut RAL-luettelon v\u00e4rit ovat saatavilla pient\u00e4 lis\u00e4maksua vastaan. <\/p>\n<p> Kaapissa on kahdella USB-laturilla varustettu pistorasia, joka varmistaa erilaisten s\u00e4hk\u00f6- ja elektroniikkalaitteiden k\u00e4yt\u00f6n milloin tahansa.<\/p>\n","protected":false},"featured_media":205583,"template":"","meta":{"_acf_changed":false},"product_brand":[],"product_cat":[7058],"product_tag":[],"class_list":{"0":"post-195567","1":"product","2":"type-product","3":"status-publish","4":"has-post-thumbnail","6":"product_room-tyopaja-ja-autotalli","7":"product_room-koulut-ja-paivakodit","8":"product_room-kotiratkaisut","9":"product_room-kiinteistokehitys","10":"product_room-pukuhuone","11":"product_cat-pukukaapit","13":"first","14":"instock","15":"taxable","16":"shipping-taxable","17":"purchasable","18":"product-type-simple"},"acf":[],"yoast_head":"<!-- This site is optimized with the Yoast SEO plugin v27.3 - https:\/\/yoast.com\/product\/yoast-seo-wordpress\/ -->\n<title>Pukukaappi Storit 2x400 mm, 220V+USB,RAL7035\/3020 &#8226; Storit<\/title>\n<meta name=\"description\" content=\"Pukukaappi Storit 2x400 mm, 220V+USB,RAL7035\/3020 \u2014 kohtuulliseen hintaan. Toimitukset kaikkialle Suomeen! \u261b Tutustu tuotteeseen ja tilaa k\u00e4tev\u00e4sti STORIT-verkkokaupasta!\" \/>\n<meta name=\"robots\" content=\"index, follow, max-snippet:-1, max-image-preview:large, max-video-preview:-1\" \/>\n<link rel=\"canonical\" href=\"https:\/\/storitgroup.com\/fi\/tuote\/pukukaappi-2x400-mm-220v-usbral7035-3020\/\" \/>\n<meta property=\"og:locale\" content=\"fi_FI\" \/>\n<meta property=\"og:type\" content=\"article\" \/>\n<meta property=\"og:title\" content=\"Pukukaappi Storit 2x400 mm, 220V+USB,RAL7035\/3020 &#8226; Storit\" \/>\n<meta property=\"og:description\" content=\"Pukukaappi Storit 2x400 mm, 220V+USB,RAL7035\/3020 \u2014 kohtuulliseen hintaan. Toimitukset kaikkialle Suomeen! \u261b Tutustu tuotteeseen ja tilaa k\u00e4tev\u00e4sti STORIT-verkkokaupasta!\" \/>\n<meta property=\"og:url\" content=\"https:\/\/storitgroup.com\/fi\/tuote\/pukukaappi-2x400-mm-220v-usbral7035-3020\/\" \/>\n<meta property=\"og:site_name\" content=\"Storit\" \/>\n<meta property=\"article:modified_time\" content=\"2025-02-22T00:00:20+00:00\" \/>\n<meta property=\"og:image\" content=\"https:\/\/storitgroup.com\/uploads\/2022\/08\/16-2x400-usb_3020.jpg\" \/>\n\t<meta property=\"og:image:width\" content=\"372\" \/>\n\t<meta property=\"og:image:height\" content=\"501\" \/>\n\t<meta property=\"og:image:type\" content=\"image\/jpeg\" \/>\n<meta name=\"twitter:card\" content=\"summary_large_image\" \/>\n<meta name=\"twitter:label1\" content=\"Arvioitu lukuaika\" \/>\n\t<meta name=\"twitter:data1\" content=\"1 minuutti\" \/>\n<script type=\"application\/ld+json\" class=\"yoast-schema-graph\">{\"@context\":\"https:\\\/\\\/schema.org\",\"@graph\":[{\"@type\":[\"WebPage\",\"ItemPage\"],\"@id\":\"https:\\\/\\\/storitgroup.com\\\/fi\\\/tuote\\\/pukukaappi-2x400-mm-220v-usbral7035-3020\\\/\",\"url\":\"https:\\\/\\\/storitgroup.com\\\/fi\\\/tuote\\\/pukukaappi-2x400-mm-220v-usbral7035-3020\\\/\",\"name\":\"Pukukaappi Storit 2x400 mm, 220V+USB,RAL7035\\\/3020 &#8226; Storit\",\"isPartOf\":{\"@id\":\"https:\\\/\\\/storitgroup.com\\\/fi\\\/#website\"},\"primaryImageOfPage\":{\"@id\":\"https:\\\/\\\/storitgroup.com\\\/fi\\\/tuote\\\/pukukaappi-2x400-mm-220v-usbral7035-3020\\\/#primaryimage\"},\"image\":{\"@id\":\"https:\\\/\\\/storitgroup.com\\\/fi\\\/tuote\\\/pukukaappi-2x400-mm-220v-usbral7035-3020\\\/#primaryimage\"},\"thumbnailUrl\":\"https:\\\/\\\/storitgroup.com\\\/uploads\\\/2022\\\/08\\\/16-2x400-usb_3020.jpg\",\"datePublished\":\"2022-08-12T09:53:20+00:00\",\"dateModified\":\"2025-02-22T00:00:20+00:00\",\"description\":\"Pukukaappi Storit 2x400 mm, 220V+USB,RAL7035\\\/3020 \u2014 kohtuulliseen hintaan. Toimitukset kaikkialle Suomeen! \u261b Tutustu tuotteeseen ja tilaa k\u00e4tev\u00e4sti STORIT-verkkokaupasta!\",\"breadcrumb\":{\"@id\":\"https:\\\/\\\/storitgroup.com\\\/fi\\\/tuote\\\/pukukaappi-2x400-mm-220v-usbral7035-3020\\\/#breadcrumb\"},\"inLanguage\":\"fi\",\"potentialAction\":[{\"@type\":\"ReadAction\",\"target\":[\"https:\\\/\\\/storitgroup.com\\\/fi\\\/tuote\\\/pukukaappi-2x400-mm-220v-usbral7035-3020\\\/\"]}]},{\"@type\":\"ImageObject\",\"inLanguage\":\"fi\",\"@id\":\"https:\\\/\\\/storitgroup.com\\\/fi\\\/tuote\\\/pukukaappi-2x400-mm-220v-usbral7035-3020\\\/#primaryimage\",\"url\":\"https:\\\/\\\/storitgroup.com\\\/uploads\\\/2022\\\/08\\\/16-2x400-usb_3020.jpg\",\"contentUrl\":\"https:\\\/\\\/storitgroup.com\\\/uploads\\\/2022\\\/08\\\/16-2x400-usb_3020.jpg\",\"width\":372,\"height\":501},{\"@type\":\"BreadcrumbList\",\"@id\":\"https:\\\/\\\/storitgroup.com\\\/fi\\\/tuote\\\/pukukaappi-2x400-mm-220v-usbral7035-3020\\\/#breadcrumb\",\"itemListElement\":[{\"@type\":\"ListItem\",\"position\":1,\"name\":\"Kotisivu\",\"item\":\"https:\\\/\\\/storitgroup.com\\\/fi\\\/\"},{\"@type\":\"ListItem\",\"position\":2,\"name\":\"Tuotteet\",\"item\":\"https:\\\/\\\/storitgroup.com\\\/fi\\\/tuotteet\\\/\"},{\"@type\":\"ListItem\",\"position\":3,\"name\":\"Metallikaapit, pukukaapit\",\"item\":\"https:\\\/\\\/storitgroup.com\\\/fi\\\/metallikaapit-pukukaapit\\\/\"},{\"@type\":\"ListItem\",\"position\":4,\"name\":\"Pukukaapit\",\"item\":\"https:\\\/\\\/storitgroup.com\\\/fi\\\/metallikaapit-pukukaapit\\\/pukukaapit\\\/\"},{\"@type\":\"ListItem\",\"position\":5,\"name\":\"Pukukaappi Storit 2&#215;400 mm, 220V+USB,RAL7035\\\/3020\"}]},{\"@type\":\"WebSite\",\"@id\":\"https:\\\/\\\/storitgroup.com\\\/fi\\\/#website\",\"url\":\"https:\\\/\\\/storitgroup.com\\\/fi\\\/\",\"name\":\"Storit\",\"description\":\"\",\"potentialAction\":[{\"@type\":\"SearchAction\",\"target\":{\"@type\":\"EntryPoint\",\"urlTemplate\":\"https:\\\/\\\/storitgroup.com\\\/fi\\\/?s={search_term_string}\"},\"query-input\":{\"@type\":\"PropertyValueSpecification\",\"valueRequired\":true,\"valueName\":\"search_term_string\"}}],\"inLanguage\":\"fi\"}]}<\/script>\n<!-- \/ Yoast SEO plugin. -->","yoast_head_json":{"title":"Pukukaappi Storit 2x400 mm, 220V+USB,RAL7035\/3020 &#8226; Storit","description":"Pukukaappi Storit 2x400 mm, 220V+USB,RAL7035\/3020 \u2014 kohtuulliseen hintaan. Toimitukset kaikkialle Suomeen! \u261b Tutustu tuotteeseen ja tilaa k\u00e4tev\u00e4sti STORIT-verkkokaupasta!","robots":{"index":"index","follow":"follow","max-snippet":"max-snippet:-1","max-image-preview":"max-image-preview:large","max-video-preview":"max-video-preview:-1"},"canonical":"https:\/\/storitgroup.com\/fi\/tuote\/pukukaappi-2x400-mm-220v-usbral7035-3020\/","og_locale":"fi_FI","og_type":"article","og_title":"Pukukaappi Storit 2x400 mm, 220V+USB,RAL7035\/3020 &#8226; Storit","og_description":"Pukukaappi Storit 2x400 mm, 220V+USB,RAL7035\/3020 \u2014 kohtuulliseen hintaan. Toimitukset kaikkialle Suomeen! \u261b Tutustu tuotteeseen ja tilaa k\u00e4tev\u00e4sti STORIT-verkkokaupasta!","og_url":"https:\/\/storitgroup.com\/fi\/tuote\/pukukaappi-2x400-mm-220v-usbral7035-3020\/","og_site_name":"Storit","article_modified_time":"2025-02-22T00:00:20+00:00","og_image":[{"width":372,"height":501,"url":"https:\/\/storitgroup.com\/uploads\/2022\/08\/16-2x400-usb_3020.jpg","type":"image\/jpeg"}],"twitter_card":"summary_large_image","twitter_misc":{"Arvioitu lukuaika":"1 minuutti"},"schema":{"@context":"https:\/\/schema.org","@graph":[{"@type":["WebPage","ItemPage"],"@id":"https:\/\/storitgroup.com\/fi\/tuote\/pukukaappi-2x400-mm-220v-usbral7035-3020\/","url":"https:\/\/storitgroup.com\/fi\/tuote\/pukukaappi-2x400-mm-220v-usbral7035-3020\/","name":"Pukukaappi Storit 2x400 mm, 220V+USB,RAL7035\/3020 &#8226; Storit","isPartOf":{"@id":"https:\/\/storitgroup.com\/fi\/#website"},"primaryImageOfPage":{"@id":"https:\/\/storitgroup.com\/fi\/tuote\/pukukaappi-2x400-mm-220v-usbral7035-3020\/#primaryimage"},"image":{"@id":"https:\/\/storitgroup.com\/fi\/tuote\/pukukaappi-2x400-mm-220v-usbral7035-3020\/#primaryimage"},"thumbnailUrl":"https:\/\/storitgroup.com\/uploads\/2022\/08\/16-2x400-usb_3020.jpg","datePublished":"2022-08-12T09:53:20+00:00","dateModified":"2025-02-22T00:00:20+00:00","description":"Pukukaappi Storit 2x400 mm, 220V+USB,RAL7035\/3020 \u2014 kohtuulliseen hintaan. Toimitukset kaikkialle Suomeen! \u261b Tutustu tuotteeseen ja tilaa k\u00e4tev\u00e4sti STORIT-verkkokaupasta!","breadcrumb":{"@id":"https:\/\/storitgroup.com\/fi\/tuote\/pukukaappi-2x400-mm-220v-usbral7035-3020\/#breadcrumb"},"inLanguage":"fi","potentialAction":[{"@type":"ReadAction","target":["https:\/\/storitgroup.com\/fi\/tuote\/pukukaappi-2x400-mm-220v-usbral7035-3020\/"]}]},{"@type":"ImageObject","inLanguage":"fi","@id":"https:\/\/storitgroup.com\/fi\/tuote\/pukukaappi-2x400-mm-220v-usbral7035-3020\/#primaryimage","url":"https:\/\/storitgroup.com\/uploads\/2022\/08\/16-2x400-usb_3020.jpg","contentUrl":"https:\/\/storitgroup.com\/uploads\/2022\/08\/16-2x400-usb_3020.jpg","width":372,"height":501},{"@type":"BreadcrumbList","@id":"https:\/\/storitgroup.com\/fi\/tuote\/pukukaappi-2x400-mm-220v-usbral7035-3020\/#breadcrumb","itemListElement":[{"@type":"ListItem","position":1,"name":"Kotisivu","item":"https:\/\/storitgroup.com\/fi\/"},{"@type":"ListItem","position":2,"name":"Tuotteet","item":"https:\/\/storitgroup.com\/fi\/tuotteet\/"},{"@type":"ListItem","position":3,"name":"Metallikaapit, pukukaapit","item":"https:\/\/storitgroup.com\/fi\/metallikaapit-pukukaapit\/"},{"@type":"ListItem","position":4,"name":"Pukukaapit","item":"https:\/\/storitgroup.com\/fi\/metallikaapit-pukukaapit\/pukukaapit\/"},{"@type":"ListItem","position":5,"name":"Pukukaappi Storit 2&#215;400 mm, 220V+USB,RAL7035\/3020"}]},{"@type":"WebSite","@id":"https:\/\/storitgroup.com\/fi\/#website","url":"https:\/\/storitgroup.com\/fi\/","name":"Storit","description":"","potentialAction":[{"@type":"SearchAction","target":{"@type":"EntryPoint","urlTemplate":"https:\/\/storitgroup.com\/fi\/?s={search_term_string}"},"query-input":{"@type":"PropertyValueSpecification","valueRequired":true,"valueName":"search_term_string"}}],"inLanguage":"fi"}]}},"_links":{"self":[{"href":"https:\/\/storitgroup.com\/fi\/wp-json\/wp\/v2\/product\/195567","targetHints":{"allow":["GET"]}}],"collection":[{"href":"https:\/\/storitgroup.com\/fi\/wp-json\/wp\/v2\/product"}],"about":[{"href":"https:\/\/storitgroup.com\/fi\/wp-json\/wp\/v2\/types\/product"}],"wp:featuredmedia":[{"embeddable":true,"href":"https:\/\/storitgroup.com\/fi\/wp-json\/wp\/v2\/media\/205583"}],"wp:attachment":[{"href":"https:\/\/storitgroup.com\/fi\/wp-json\/wp\/v2\/media?parent=195567"}],"wp:term":[{"taxonomy":"product_brand","embeddable":true,"href":"https:\/\/storitgroup.com\/fi\/wp-json\/wp\/v2\/product_brand?post=195567"},{"taxonomy":"product_cat","embeddable":true,"href":"https:\/\/storitgroup.com\/fi\/wp-json\/wp\/v2\/product_cat?post=195567"},{"taxonomy":"product_tag","embeddable":true,"href":"https:\/\/storitgroup.com\/fi\/wp-json\/wp\/v2\/product_tag?post=195567"}],"curies":[{"name":"wp","href":"https:\/\/api.w.org\/{rel}","templated":true}]}}