{"id":193586,"date":"2022-07-11T15:24:10","date_gmt":"2022-07-11T12:24:13","guid":{"rendered":"https:\/\/storitgroup.com\/?post_type=product&#038;p=193586"},"modified":"2025-03-01T02:00:30","modified_gmt":"2025-03-01T00:00:30","slug":"siivouskaappi-62-1800x600x500-mm-ral7035-7035","status":"publish","type":"product","link":"https:\/\/storitgroup.com\/fi\/tuote\/siivouskaappi-62-1800x600x500-mm-ral7035-7035\/","title":{"rendered":"Siivouskaappi Storit 62, 1800x600x500 mm, RAL7035\/7035"},"content":{"rendered":"<p>Ruostumaton monik\u00e4ytt\u00f6inen kaappi on jauhemaalattu ja valittavissa on 16 perusv\u00e4ri\u00e4. Muut RAL-katalogin v\u00e4rit ovat saatavilla pienell\u00e4 lis\u00e4maksulla.<\/p>\n<p>Kaapin monipuolinen muotoilu ja erilaiset mitat mahdollistavat sen saumattoman yhdist\u00e4misen mink\u00e4 tahansa huonekalun kanssa. Kaapissa on 4 hylly\u00e4, joiden kantavuus on 10 kg. <\/p>\n<p>Sivuihin ja takasein\u00e4\u00e4n on valmiiksi tehty rei\u00e4t, mahdollistaen sen kiinnitt\u00e4misen muihin kaappeihin sivuilta tai takasein\u00e4st\u00e4 sein\u00e4\u00e4n. Hitsattu rakenne, joka on valmistettu 0,6-0,8 mm paksusta levymetallista, antaa kaapille j\u00e4ykkyytt\u00e4 ja pitk\u00e4ik\u00e4ist\u00e4 kest\u00e4vyytt\u00e4.<\/p>\n<p>5 vuoden takuu.<\/p>\n","protected":false},"excerpt":{"rendered":"<p>Ruostumaton monik\u00e4ytt\u00f6inen kaappi on jauhemaalattu ja valittavissa on 16 perusv\u00e4ri\u00e4. Muut RAL-katalogin v\u00e4rit ovat saatavilla pienell\u00e4 lis\u00e4maksulla.<\/p>\n<p>Kaapin monipuolinen muotoilu ja erilaiset mitat mahdollistavat sen saumattoman yhdist\u00e4misen mink\u00e4 tahansa huonekalun kanssa. Kaapissa on 4 hylly\u00e4, joiden kantavuus on 10 kg. <\/p>\n","protected":false},"featured_media":206997,"template":"","meta":{"_acf_changed":false},"product_brand":[],"product_cat":[7075],"product_tag":[],"class_list":{"0":"post-193586","1":"product","2":"type-product","3":"status-publish","4":"has-post-thumbnail","6":"product_room-koulut-ja-paivakodit","7":"product_room-kotiratkaisut","8":"product_room-kiinteistokehitys","9":"product_room-pukuhuone","10":"product_room-tyopaja-ja-autotalli","11":"product_room-kaupankaynti-ja-myymalat","12":"product_room-toimisto","13":"product_cat-siivouskaapit","15":"first","16":"onbackorder","17":"taxable","18":"shipping-taxable","19":"purchasable","20":"product-type-simple"},"acf":[],"yoast_head":"<!-- This site is optimized with the Yoast SEO plugin v27.2 - https:\/\/yoast.com\/product\/yoast-seo-wordpress\/ -->\n<title>Siivouskaappi Storit 62, 1800x600x500 mm, RAL7035\/7035 &#8226; Storit<\/title>\n<meta name=\"description\" content=\"Siivouskaappi Storit 62, 1800x600x500 mm, RAL7035\/7035 \u2014 kohtuulliseen hintaan. Toimitukset kaikkialle Suomeen! \u261b Tutustu tuotteeseen ja tilaa k\u00e4tev\u00e4sti STORIT-verkkokaupasta!\" \/>\n<meta name=\"robots\" content=\"index, follow, max-snippet:-1, max-image-preview:large, max-video-preview:-1\" \/>\n<link rel=\"canonical\" href=\"https:\/\/storitgroup.com\/fi\/tuote\/siivouskaappi-62-1800x600x500-mm-ral7035-7035\/\" \/>\n<meta property=\"og:locale\" content=\"fi_FI\" \/>\n<meta property=\"og:type\" content=\"article\" \/>\n<meta property=\"og:title\" content=\"Siivouskaappi Storit 62, 1800x600x500 mm, RAL7035\/7035 &#8226; Storit\" \/>\n<meta property=\"og:description\" content=\"Siivouskaappi Storit 62, 1800x600x500 mm, RAL7035\/7035 \u2014 kohtuulliseen hintaan. Toimitukset kaikkialle Suomeen! \u261b Tutustu tuotteeseen ja tilaa k\u00e4tev\u00e4sti STORIT-verkkokaupasta!\" \/>\n<meta property=\"og:url\" content=\"https:\/\/storitgroup.com\/fi\/tuote\/siivouskaappi-62-1800x600x500-mm-ral7035-7035\/\" \/>\n<meta property=\"og:site_name\" content=\"Storit\" \/>\n<meta property=\"article:modified_time\" content=\"2025-03-01T00:00:30+00:00\" \/>\n<meta property=\"og:image\" content=\"https:\/\/storitgroup.com\/uploads\/2022\/07\/4-msu62.jpg\" \/>\n\t<meta property=\"og:image:width\" content=\"380\" \/>\n\t<meta property=\"og:image:height\" content=\"620\" \/>\n\t<meta property=\"og:image:type\" content=\"image\/jpeg\" \/>\n<meta name=\"twitter:card\" content=\"summary_large_image\" \/>\n<script type=\"application\/ld+json\" class=\"yoast-schema-graph\">{\"@context\":\"https:\/\/schema.org\",\"@graph\":[{\"@type\":[\"WebPage\",\"ItemPage\"],\"@id\":\"https:\/\/storitgroup.com\/fi\/tuote\/siivouskaappi-62-1800x600x500-mm-ral7035-7035\/\",\"url\":\"https:\/\/storitgroup.com\/fi\/tuote\/siivouskaappi-62-1800x600x500-mm-ral7035-7035\/\",\"name\":\"Siivouskaappi Storit 62, 1800x600x500 mm, RAL7035\/7035 &#8226; Storit\",\"isPartOf\":{\"@id\":\"https:\/\/storitgroup.com\/fi\/#website\"},\"primaryImageOfPage\":{\"@id\":\"https:\/\/storitgroup.com\/fi\/tuote\/siivouskaappi-62-1800x600x500-mm-ral7035-7035\/#primaryimage\"},\"image\":{\"@id\":\"https:\/\/storitgroup.com\/fi\/tuote\/siivouskaappi-62-1800x600x500-mm-ral7035-7035\/#primaryimage\"},\"thumbnailUrl\":\"https:\/\/storitgroup.com\/uploads\/2022\/07\/4-msu62.jpg\",\"datePublished\":\"2022-07-11T12:24:13+00:00\",\"dateModified\":\"2025-03-01T00:00:30+00:00\",\"description\":\"Siivouskaappi Storit 62, 1800x600x500 mm, RAL7035\/7035 \u2014 kohtuulliseen hintaan. Toimitukset kaikkialle Suomeen! \u261b Tutustu tuotteeseen ja tilaa k\u00e4tev\u00e4sti STORIT-verkkokaupasta!\",\"breadcrumb\":{\"@id\":\"https:\/\/storitgroup.com\/fi\/tuote\/siivouskaappi-62-1800x600x500-mm-ral7035-7035\/#breadcrumb\"},\"inLanguage\":\"fi\",\"potentialAction\":[{\"@type\":\"ReadAction\",\"target\":[\"https:\/\/storitgroup.com\/fi\/tuote\/siivouskaappi-62-1800x600x500-mm-ral7035-7035\/\"]}]},{\"@type\":\"ImageObject\",\"inLanguage\":\"fi\",\"@id\":\"https:\/\/storitgroup.com\/fi\/tuote\/siivouskaappi-62-1800x600x500-mm-ral7035-7035\/#primaryimage\",\"url\":\"https:\/\/storitgroup.com\/uploads\/2022\/07\/4-msu62.jpg\",\"contentUrl\":\"https:\/\/storitgroup.com\/uploads\/2022\/07\/4-msu62.jpg\",\"width\":380,\"height\":620},{\"@type\":\"BreadcrumbList\",\"@id\":\"https:\/\/storitgroup.com\/fi\/tuote\/siivouskaappi-62-1800x600x500-mm-ral7035-7035\/#breadcrumb\",\"itemListElement\":[{\"@type\":\"ListItem\",\"position\":1,\"name\":\"Kotisivu\",\"item\":\"https:\/\/storitgroup.com\/fi\/\"},{\"@type\":\"ListItem\",\"position\":2,\"name\":\"Tuotteet\",\"item\":\"https:\/\/storitgroup.com\/fi\/tuotteet\/\"},{\"@type\":\"ListItem\",\"position\":3,\"name\":\"Metallikaapit, pukukaapit\",\"item\":\"https:\/\/storitgroup.com\/fi\/metallikaapit-pukukaapit\/\"},{\"@type\":\"ListItem\",\"position\":4,\"name\":\"Siivouskaapit\",\"item\":\"https:\/\/storitgroup.com\/fi\/metallikaapit-pukukaapit\/siivouskaapit\/\"},{\"@type\":\"ListItem\",\"position\":5,\"name\":\"Siivouskaappi Storit 62, 1800x600x500 mm, RAL7035\/7035\"}]},{\"@type\":\"WebSite\",\"@id\":\"https:\/\/storitgroup.com\/fi\/#website\",\"url\":\"https:\/\/storitgroup.com\/fi\/\",\"name\":\"Storit\",\"description\":\"\",\"potentialAction\":[{\"@type\":\"SearchAction\",\"target\":{\"@type\":\"EntryPoint\",\"urlTemplate\":\"https:\/\/storitgroup.com\/fi\/?s={search_term_string}\"},\"query-input\":{\"@type\":\"PropertyValueSpecification\",\"valueRequired\":true,\"valueName\":\"search_term_string\"}}],\"inLanguage\":\"fi\"}]}<\/script>\n<!-- \/ Yoast SEO plugin. -->","yoast_head_json":{"title":"Siivouskaappi Storit 62, 1800x600x500 mm, RAL7035\/7035 &#8226; Storit","description":"Siivouskaappi Storit 62, 1800x600x500 mm, RAL7035\/7035 \u2014 kohtuulliseen hintaan. Toimitukset kaikkialle Suomeen! \u261b Tutustu tuotteeseen ja tilaa k\u00e4tev\u00e4sti STORIT-verkkokaupasta!","robots":{"index":"index","follow":"follow","max-snippet":"max-snippet:-1","max-image-preview":"max-image-preview:large","max-video-preview":"max-video-preview:-1"},"canonical":"https:\/\/storitgroup.com\/fi\/tuote\/siivouskaappi-62-1800x600x500-mm-ral7035-7035\/","og_locale":"fi_FI","og_type":"article","og_title":"Siivouskaappi Storit 62, 1800x600x500 mm, RAL7035\/7035 &#8226; Storit","og_description":"Siivouskaappi Storit 62, 1800x600x500 mm, RAL7035\/7035 \u2014 kohtuulliseen hintaan. Toimitukset kaikkialle Suomeen! \u261b Tutustu tuotteeseen ja tilaa k\u00e4tev\u00e4sti STORIT-verkkokaupasta!","og_url":"https:\/\/storitgroup.com\/fi\/tuote\/siivouskaappi-62-1800x600x500-mm-ral7035-7035\/","og_site_name":"Storit","article_modified_time":"2025-03-01T00:00:30+00:00","og_image":[{"width":380,"height":620,"url":"https:\/\/storitgroup.com\/uploads\/2022\/07\/4-msu62.jpg","type":"image\/jpeg"}],"twitter_card":"summary_large_image","schema":{"@context":"https:\/\/schema.org","@graph":[{"@type":["WebPage","ItemPage"],"@id":"https:\/\/storitgroup.com\/fi\/tuote\/siivouskaappi-62-1800x600x500-mm-ral7035-7035\/","url":"https:\/\/storitgroup.com\/fi\/tuote\/siivouskaappi-62-1800x600x500-mm-ral7035-7035\/","name":"Siivouskaappi Storit 62, 1800x600x500 mm, RAL7035\/7035 &#8226; Storit","isPartOf":{"@id":"https:\/\/storitgroup.com\/fi\/#website"},"primaryImageOfPage":{"@id":"https:\/\/storitgroup.com\/fi\/tuote\/siivouskaappi-62-1800x600x500-mm-ral7035-7035\/#primaryimage"},"image":{"@id":"https:\/\/storitgroup.com\/fi\/tuote\/siivouskaappi-62-1800x600x500-mm-ral7035-7035\/#primaryimage"},"thumbnailUrl":"https:\/\/storitgroup.com\/uploads\/2022\/07\/4-msu62.jpg","datePublished":"2022-07-11T12:24:13+00:00","dateModified":"2025-03-01T00:00:30+00:00","description":"Siivouskaappi Storit 62, 1800x600x500 mm, RAL7035\/7035 \u2014 kohtuulliseen hintaan. Toimitukset kaikkialle Suomeen! \u261b Tutustu tuotteeseen ja tilaa k\u00e4tev\u00e4sti STORIT-verkkokaupasta!","breadcrumb":{"@id":"https:\/\/storitgroup.com\/fi\/tuote\/siivouskaappi-62-1800x600x500-mm-ral7035-7035\/#breadcrumb"},"inLanguage":"fi","potentialAction":[{"@type":"ReadAction","target":["https:\/\/storitgroup.com\/fi\/tuote\/siivouskaappi-62-1800x600x500-mm-ral7035-7035\/"]}]},{"@type":"ImageObject","inLanguage":"fi","@id":"https:\/\/storitgroup.com\/fi\/tuote\/siivouskaappi-62-1800x600x500-mm-ral7035-7035\/#primaryimage","url":"https:\/\/storitgroup.com\/uploads\/2022\/07\/4-msu62.jpg","contentUrl":"https:\/\/storitgroup.com\/uploads\/2022\/07\/4-msu62.jpg","width":380,"height":620},{"@type":"BreadcrumbList","@id":"https:\/\/storitgroup.com\/fi\/tuote\/siivouskaappi-62-1800x600x500-mm-ral7035-7035\/#breadcrumb","itemListElement":[{"@type":"ListItem","position":1,"name":"Kotisivu","item":"https:\/\/storitgroup.com\/fi\/"},{"@type":"ListItem","position":2,"name":"Tuotteet","item":"https:\/\/storitgroup.com\/fi\/tuotteet\/"},{"@type":"ListItem","position":3,"name":"Metallikaapit, pukukaapit","item":"https:\/\/storitgroup.com\/fi\/metallikaapit-pukukaapit\/"},{"@type":"ListItem","position":4,"name":"Siivouskaapit","item":"https:\/\/storitgroup.com\/fi\/metallikaapit-pukukaapit\/siivouskaapit\/"},{"@type":"ListItem","position":5,"name":"Siivouskaappi Storit 62, 1800x600x500 mm, RAL7035\/7035"}]},{"@type":"WebSite","@id":"https:\/\/storitgroup.com\/fi\/#website","url":"https:\/\/storitgroup.com\/fi\/","name":"Storit","description":"","potentialAction":[{"@type":"SearchAction","target":{"@type":"EntryPoint","urlTemplate":"https:\/\/storitgroup.com\/fi\/?s={search_term_string}"},"query-input":{"@type":"PropertyValueSpecification","valueRequired":true,"valueName":"search_term_string"}}],"inLanguage":"fi"}]}},"_links":{"self":[{"href":"https:\/\/storitgroup.com\/fi\/wp-json\/wp\/v2\/product\/193586","targetHints":{"allow":["GET"]}}],"collection":[{"href":"https:\/\/storitgroup.com\/fi\/wp-json\/wp\/v2\/product"}],"about":[{"href":"https:\/\/storitgroup.com\/fi\/wp-json\/wp\/v2\/types\/product"}],"wp:featuredmedia":[{"embeddable":true,"href":"https:\/\/storitgroup.com\/fi\/wp-json\/wp\/v2\/media\/206997"}],"wp:attachment":[{"href":"https:\/\/storitgroup.com\/fi\/wp-json\/wp\/v2\/media?parent=193586"}],"wp:term":[{"taxonomy":"product_brand","embeddable":true,"href":"https:\/\/storitgroup.com\/fi\/wp-json\/wp\/v2\/product_brand?post=193586"},{"taxonomy":"product_cat","embeddable":true,"href":"https:\/\/storitgroup.com\/fi\/wp-json\/wp\/v2\/product_cat?post=193586"},{"taxonomy":"product_tag","embeddable":true,"href":"https:\/\/storitgroup.com\/fi\/wp-json\/wp\/v2\/product_tag?post=193586"}],"curies":[{"name":"wp","href":"https:\/\/api.w.org\/{rel}","templated":true}]}}