{"id":192827,"date":"2022-06-03T14:40:19","date_gmt":"2022-06-03T11:40:22","guid":{"rendered":"https:\/\/storitgroup.com\/?post_type=product&#038;p=192827"},"modified":"2026-04-03T13:25:36","modified_gmt":"2026-04-03T10:25:36","slug":"osittain-sahkokayttoinen-kevytnostin-ml105e-2","status":"publish","type":"product","link":"https:\/\/storitgroup.com\/fi\/tuote\/osittain-sahkokayttoinen-kevytnostin-ml105e-2\/","title":{"rendered":"Osittain s\u00e4hk\u00f6k\u00e4ytt\u00f6inen kevytnostin ML105E"},"content":{"rendered":"","protected":false},"excerpt":{"rendered":"","protected":false},"featured_media":192844,"template":"","meta":{"_acf_changed":false},"product_brand":[],"product_cat":[7043],"product_tag":[],"class_list":{"0":"post-192827","1":"product","2":"type-product","3":"status-publish","4":"has-post-thumbnail","6":"product_room-pieni-varasto","7":"product_room-nostovalinet","8":"product_cat-kasikayttoiset-ja-sahkoiset-pinoamisvaunut","10":"first","11":"onbackorder","12":"taxable","13":"shipping-taxable","14":"purchasable","15":"product-type-simple"},"acf":[],"yoast_head":"<!-- This site is optimized with the Yoast SEO plugin v27.2 - https:\/\/yoast.com\/product\/yoast-seo-wordpress\/ -->\n<title>Osittain s\u00e4hk\u00f6k\u00e4ytt\u00f6inen kevytnostin ML105E &#8226; Storit<\/title>\n<meta name=\"description\" content=\"Osittain s\u00e4hk\u00f6k\u00e4ytt\u00f6inen kevytnostin ML105E \u2014 kohtuulliseen hintaan. Toimitukset kaikkialle Suomeen! \u261b Tutustu tuotteeseen ja tilaa k\u00e4tev\u00e4sti STORIT-verkkokaupasta!\" \/>\n<meta name=\"robots\" content=\"index, follow, max-snippet:-1, max-image-preview:large, max-video-preview:-1\" \/>\n<link rel=\"canonical\" href=\"https:\/\/storitgroup.com\/fi\/tuote\/osittain-sahkokayttoinen-kevytnostin-ml105e-2\/\" \/>\n<meta property=\"og:locale\" content=\"fi_FI\" \/>\n<meta property=\"og:type\" content=\"article\" \/>\n<meta property=\"og:title\" content=\"Osittain s\u00e4hk\u00f6k\u00e4ytt\u00f6inen kevytnostin ML105E &#8226; Storit\" \/>\n<meta property=\"og:description\" content=\"Osittain s\u00e4hk\u00f6k\u00e4ytt\u00f6inen kevytnostin ML105E \u2014 kohtuulliseen hintaan. Toimitukset kaikkialle Suomeen! \u261b Tutustu tuotteeseen ja tilaa k\u00e4tev\u00e4sti STORIT-verkkokaupasta!\" \/>\n<meta property=\"og:url\" content=\"https:\/\/storitgroup.com\/fi\/tuote\/osittain-sahkokayttoinen-kevytnostin-ml105e-2\/\" \/>\n<meta property=\"og:site_name\" content=\"Storit\" \/>\n<meta property=\"article:modified_time\" content=\"2026-04-03T10:25:36+00:00\" \/>\n<meta property=\"og:image\" content=\"https:\/\/storitgroup.com\/uploads\/2022\/06\/105.170_v-1-2.jpg\" \/>\n\t<meta property=\"og:image:width\" content=\"608\" \/>\n\t<meta property=\"og:image:height\" content=\"782\" \/>\n\t<meta property=\"og:image:type\" content=\"image\/jpeg\" \/>\n<meta name=\"twitter:card\" content=\"summary_large_image\" \/>\n<script type=\"application\/ld+json\" class=\"yoast-schema-graph\">{\"@context\":\"https:\/\/schema.org\",\"@graph\":[{\"@type\":[\"WebPage\",\"ItemPage\"],\"@id\":\"https:\/\/storitgroup.com\/fi\/tuote\/osittain-sahkokayttoinen-kevytnostin-ml105e-2\/\",\"url\":\"https:\/\/storitgroup.com\/fi\/tuote\/osittain-sahkokayttoinen-kevytnostin-ml105e-2\/\",\"name\":\"Osittain s\u00e4hk\u00f6k\u00e4ytt\u00f6inen kevytnostin ML105E &#8226; Storit\",\"isPartOf\":{\"@id\":\"https:\/\/storitgroup.com\/fi\/#website\"},\"primaryImageOfPage\":{\"@id\":\"https:\/\/storitgroup.com\/fi\/tuote\/osittain-sahkokayttoinen-kevytnostin-ml105e-2\/#primaryimage\"},\"image\":{\"@id\":\"https:\/\/storitgroup.com\/fi\/tuote\/osittain-sahkokayttoinen-kevytnostin-ml105e-2\/#primaryimage\"},\"thumbnailUrl\":\"https:\/\/storitgroup.com\/uploads\/2022\/06\/105.170_v-1-2.jpg\",\"datePublished\":\"2022-06-03T11:40:22+00:00\",\"dateModified\":\"2026-04-03T10:25:36+00:00\",\"description\":\"Osittain s\u00e4hk\u00f6k\u00e4ytt\u00f6inen kevytnostin ML105E \u2014 kohtuulliseen hintaan. Toimitukset kaikkialle Suomeen! \u261b Tutustu tuotteeseen ja tilaa k\u00e4tev\u00e4sti STORIT-verkkokaupasta!\",\"breadcrumb\":{\"@id\":\"https:\/\/storitgroup.com\/fi\/tuote\/osittain-sahkokayttoinen-kevytnostin-ml105e-2\/#breadcrumb\"},\"inLanguage\":\"fi\",\"potentialAction\":[{\"@type\":\"ReadAction\",\"target\":[\"https:\/\/storitgroup.com\/fi\/tuote\/osittain-sahkokayttoinen-kevytnostin-ml105e-2\/\"]}]},{\"@type\":\"ImageObject\",\"inLanguage\":\"fi\",\"@id\":\"https:\/\/storitgroup.com\/fi\/tuote\/osittain-sahkokayttoinen-kevytnostin-ml105e-2\/#primaryimage\",\"url\":\"https:\/\/storitgroup.com\/uploads\/2022\/06\/105.170_v-1-2.jpg\",\"contentUrl\":\"https:\/\/storitgroup.com\/uploads\/2022\/06\/105.170_v-1-2.jpg\",\"width\":608,\"height\":782},{\"@type\":\"BreadcrumbList\",\"@id\":\"https:\/\/storitgroup.com\/fi\/tuote\/osittain-sahkokayttoinen-kevytnostin-ml105e-2\/#breadcrumb\",\"itemListElement\":[{\"@type\":\"ListItem\",\"position\":1,\"name\":\"Kotisivu\",\"item\":\"https:\/\/storitgroup.com\/fi\/\"},{\"@type\":\"ListItem\",\"position\":2,\"name\":\"Tuotteet\",\"item\":\"https:\/\/storitgroup.com\/fi\/tuotteet\/\"},{\"@type\":\"ListItem\",\"position\":3,\"name\":\"Varastotrukit, nostolavat, tarvikkeet\",\"item\":\"https:\/\/storitgroup.com\/fi\/varastotrukit-nostolavat-tarvikkeet\/\"},{\"@type\":\"ListItem\",\"position\":4,\"name\":\"Pinoamisvaunut\",\"item\":\"https:\/\/storitgroup.com\/fi\/varastotrukit-nostolavat-tarvikkeet\/pinoamisvaunut\/\"},{\"@type\":\"ListItem\",\"position\":5,\"name\":\"K\u00e4sik\u00e4ytt\u00f6iset ja s\u00e4hk\u00f6iset pinoamisvaunut\",\"item\":\"https:\/\/storitgroup.com\/fi\/varastotrukit-nostolavat-tarvikkeet\/pinoamisvaunut\/kasikayttoiset-ja-sahkoiset-pinoamisvaunut\/\"},{\"@type\":\"ListItem\",\"position\":6,\"name\":\"Osittain s\u00e4hk\u00f6k\u00e4ytt\u00f6inen kevytnostin ML105E\"}]},{\"@type\":\"WebSite\",\"@id\":\"https:\/\/storitgroup.com\/fi\/#website\",\"url\":\"https:\/\/storitgroup.com\/fi\/\",\"name\":\"Storit\",\"description\":\"\",\"potentialAction\":[{\"@type\":\"SearchAction\",\"target\":{\"@type\":\"EntryPoint\",\"urlTemplate\":\"https:\/\/storitgroup.com\/fi\/?s={search_term_string}\"},\"query-input\":{\"@type\":\"PropertyValueSpecification\",\"valueRequired\":true,\"valueName\":\"search_term_string\"}}],\"inLanguage\":\"fi\"}]}<\/script>\n<!-- \/ Yoast SEO plugin. -->","yoast_head_json":{"title":"Osittain s\u00e4hk\u00f6k\u00e4ytt\u00f6inen kevytnostin ML105E &#8226; Storit","description":"Osittain s\u00e4hk\u00f6k\u00e4ytt\u00f6inen kevytnostin ML105E \u2014 kohtuulliseen hintaan. Toimitukset kaikkialle Suomeen! \u261b Tutustu tuotteeseen ja tilaa k\u00e4tev\u00e4sti STORIT-verkkokaupasta!","robots":{"index":"index","follow":"follow","max-snippet":"max-snippet:-1","max-image-preview":"max-image-preview:large","max-video-preview":"max-video-preview:-1"},"canonical":"https:\/\/storitgroup.com\/fi\/tuote\/osittain-sahkokayttoinen-kevytnostin-ml105e-2\/","og_locale":"fi_FI","og_type":"article","og_title":"Osittain s\u00e4hk\u00f6k\u00e4ytt\u00f6inen kevytnostin ML105E &#8226; Storit","og_description":"Osittain s\u00e4hk\u00f6k\u00e4ytt\u00f6inen kevytnostin ML105E \u2014 kohtuulliseen hintaan. Toimitukset kaikkialle Suomeen! \u261b Tutustu tuotteeseen ja tilaa k\u00e4tev\u00e4sti STORIT-verkkokaupasta!","og_url":"https:\/\/storitgroup.com\/fi\/tuote\/osittain-sahkokayttoinen-kevytnostin-ml105e-2\/","og_site_name":"Storit","article_modified_time":"2026-04-03T10:25:36+00:00","og_image":[{"width":608,"height":782,"url":"https:\/\/storitgroup.com\/uploads\/2022\/06\/105.170_v-1-2.jpg","type":"image\/jpeg"}],"twitter_card":"summary_large_image","schema":{"@context":"https:\/\/schema.org","@graph":[{"@type":["WebPage","ItemPage"],"@id":"https:\/\/storitgroup.com\/fi\/tuote\/osittain-sahkokayttoinen-kevytnostin-ml105e-2\/","url":"https:\/\/storitgroup.com\/fi\/tuote\/osittain-sahkokayttoinen-kevytnostin-ml105e-2\/","name":"Osittain s\u00e4hk\u00f6k\u00e4ytt\u00f6inen kevytnostin ML105E &#8226; Storit","isPartOf":{"@id":"https:\/\/storitgroup.com\/fi\/#website"},"primaryImageOfPage":{"@id":"https:\/\/storitgroup.com\/fi\/tuote\/osittain-sahkokayttoinen-kevytnostin-ml105e-2\/#primaryimage"},"image":{"@id":"https:\/\/storitgroup.com\/fi\/tuote\/osittain-sahkokayttoinen-kevytnostin-ml105e-2\/#primaryimage"},"thumbnailUrl":"https:\/\/storitgroup.com\/uploads\/2022\/06\/105.170_v-1-2.jpg","datePublished":"2022-06-03T11:40:22+00:00","dateModified":"2026-04-03T10:25:36+00:00","description":"Osittain s\u00e4hk\u00f6k\u00e4ytt\u00f6inen kevytnostin ML105E \u2014 kohtuulliseen hintaan. Toimitukset kaikkialle Suomeen! \u261b Tutustu tuotteeseen ja tilaa k\u00e4tev\u00e4sti STORIT-verkkokaupasta!","breadcrumb":{"@id":"https:\/\/storitgroup.com\/fi\/tuote\/osittain-sahkokayttoinen-kevytnostin-ml105e-2\/#breadcrumb"},"inLanguage":"fi","potentialAction":[{"@type":"ReadAction","target":["https:\/\/storitgroup.com\/fi\/tuote\/osittain-sahkokayttoinen-kevytnostin-ml105e-2\/"]}]},{"@type":"ImageObject","inLanguage":"fi","@id":"https:\/\/storitgroup.com\/fi\/tuote\/osittain-sahkokayttoinen-kevytnostin-ml105e-2\/#primaryimage","url":"https:\/\/storitgroup.com\/uploads\/2022\/06\/105.170_v-1-2.jpg","contentUrl":"https:\/\/storitgroup.com\/uploads\/2022\/06\/105.170_v-1-2.jpg","width":608,"height":782},{"@type":"BreadcrumbList","@id":"https:\/\/storitgroup.com\/fi\/tuote\/osittain-sahkokayttoinen-kevytnostin-ml105e-2\/#breadcrumb","itemListElement":[{"@type":"ListItem","position":1,"name":"Kotisivu","item":"https:\/\/storitgroup.com\/fi\/"},{"@type":"ListItem","position":2,"name":"Tuotteet","item":"https:\/\/storitgroup.com\/fi\/tuotteet\/"},{"@type":"ListItem","position":3,"name":"Varastotrukit, nostolavat, tarvikkeet","item":"https:\/\/storitgroup.com\/fi\/varastotrukit-nostolavat-tarvikkeet\/"},{"@type":"ListItem","position":4,"name":"Pinoamisvaunut","item":"https:\/\/storitgroup.com\/fi\/varastotrukit-nostolavat-tarvikkeet\/pinoamisvaunut\/"},{"@type":"ListItem","position":5,"name":"K\u00e4sik\u00e4ytt\u00f6iset ja s\u00e4hk\u00f6iset pinoamisvaunut","item":"https:\/\/storitgroup.com\/fi\/varastotrukit-nostolavat-tarvikkeet\/pinoamisvaunut\/kasikayttoiset-ja-sahkoiset-pinoamisvaunut\/"},{"@type":"ListItem","position":6,"name":"Osittain s\u00e4hk\u00f6k\u00e4ytt\u00f6inen kevytnostin ML105E"}]},{"@type":"WebSite","@id":"https:\/\/storitgroup.com\/fi\/#website","url":"https:\/\/storitgroup.com\/fi\/","name":"Storit","description":"","potentialAction":[{"@type":"SearchAction","target":{"@type":"EntryPoint","urlTemplate":"https:\/\/storitgroup.com\/fi\/?s={search_term_string}"},"query-input":{"@type":"PropertyValueSpecification","valueRequired":true,"valueName":"search_term_string"}}],"inLanguage":"fi"}]}},"_links":{"self":[{"href":"https:\/\/storitgroup.com\/fi\/wp-json\/wp\/v2\/product\/192827","targetHints":{"allow":["GET"]}}],"collection":[{"href":"https:\/\/storitgroup.com\/fi\/wp-json\/wp\/v2\/product"}],"about":[{"href":"https:\/\/storitgroup.com\/fi\/wp-json\/wp\/v2\/types\/product"}],"wp:featuredmedia":[{"embeddable":true,"href":"https:\/\/storitgroup.com\/fi\/wp-json\/wp\/v2\/media\/192844"}],"wp:attachment":[{"href":"https:\/\/storitgroup.com\/fi\/wp-json\/wp\/v2\/media?parent=192827"}],"wp:term":[{"taxonomy":"product_brand","embeddable":true,"href":"https:\/\/storitgroup.com\/fi\/wp-json\/wp\/v2\/product_brand?post=192827"},{"taxonomy":"product_cat","embeddable":true,"href":"https:\/\/storitgroup.com\/fi\/wp-json\/wp\/v2\/product_cat?post=192827"},{"taxonomy":"product_tag","embeddable":true,"href":"https:\/\/storitgroup.com\/fi\/wp-json\/wp\/v2\/product_tag?post=192827"}],"curies":[{"name":"wp","href":"https:\/\/api.w.org\/{rel}","templated":true}]}}