{"id":18818,"date":"2021-03-09T02:46:05","date_gmt":"2021-03-09T00:46:05","guid":{"rendered":"https:\/\/storitgroup.com\/?post_type=product&#038;p=18818"},"modified":"2026-05-02T12:15:08","modified_gmt":"2026-05-02T09:15:08","slug":"muovilaatikko-kadensijoilla-800x600x200-mm-harmaa","status":"publish","type":"product","link":"https:\/\/storitgroup.com\/fi\/tuote\/muovilaatikko-kadensijoilla-800x600x200-mm-harmaa\/","title":{"rendered":"Eurolaatikko 800x600x200 mm, harmaa"},"content":{"rendered":"<p>Euro s\u00e4ili\u00f6t sopivat monille eri teollisuuden aloille ja tarjoavat tehokkaita s\u00e4ilytys- ja kuljetusmahdollisuuksia. Kest\u00e4v\u00e4t, erikokoiset ja monik\u00e4ytt\u00f6iset muovilaatikot ovat ymp\u00e4rist\u00f6yst\u00e4v\u00e4llisi\u00e4, sill\u00e4 niiden k\u00e4ytt\u00f6ik\u00e4 on pitk\u00e4. Kahvat tekev\u00e4t kontin k\u00e4sittelyst\u00e4 mukavaa, kun taas sile\u00e4t sein\u00e4t ja pohja helpottavat puhdistamista. Laatikon voi my\u00f6s sulkea kannella, mik\u00e4 tekee sen sis\u00e4ll\u00f6st\u00e4 s\u00e4\u00e4nkest\u00e4v\u00e4n.<\/p>\n<p> L\u00e4mp\u00f6tilankesto: -30 \u00b0C &#8211; +30 \u00b0C, sallittu pesul\u00e4mp\u00f6tila enint\u00e4\u00e4n 90 \u00b0C.<\/p>\n<p>Sis\u00e4mitat: 755x555x187 mm<\/p>\n","protected":false},"excerpt":{"rendered":"<p>Euro s\u00e4ili\u00f6t sopivat monille eri teollisuuden aloille ja tarjoavat tehokkaita s\u00e4ilytys- ja kuljetusmahdollisuuksia. Kest\u00e4v\u00e4t, erikokoiset ja monik\u00e4ytt\u00f6iset muovilaatikot ovat ymp\u00e4rist\u00f6yst\u00e4v\u00e4llisi\u00e4, sill\u00e4 niiden k\u00e4ytt\u00f6ik\u00e4 on pitk\u00e4. Kahvat tekev\u00e4t kontin k\u00e4sittelyst\u00e4 mukavaa, kun taas sile\u00e4t sein\u00e4t ja pohja helpottavat puhdistamista. Laatikon voi my\u00f6s sulkea kannella, mik\u00e4 tekee sen sis\u00e4ll\u00f6st\u00e4 s\u00e4\u00e4nkest\u00e4v\u00e4n.<\/p>\n<p> L\u00e4mp\u00f6tilankesto: -30 \u00b0C &#8211; +30 \u00b0C, sallittu pesul\u00e4mp\u00f6tila enint\u00e4\u00e4n 90 \u00b0C.<\/p>\n","protected":false},"featured_media":212337,"template":"","meta":{"_acf_changed":false},"product_brand":[],"product_cat":[7102],"product_tag":[],"class_list":{"0":"post-18818","1":"product","2":"type-product","3":"status-publish","4":"has-post-thumbnail","6":"product_room-kaupankaynti-ja-myymalat","7":"product_room-iso-varasto","8":"product_room-pieni-varasto","9":"product_room-kotiratkaisut","10":"product_room-ruuan-kasittely","11":"product_cat-muovilaatikot-muovisailiot","13":"first","14":"onbackorder","15":"taxable","16":"shipping-taxable","17":"purchasable","18":"product-type-simple"},"acf":[],"yoast_head":"<!-- This site is optimized with the Yoast SEO plugin v27.4 - https:\/\/yoast.com\/product\/yoast-seo-wordpress\/ -->\n<title>Eurolaatikko 800x600x200 mm, harmaa &#8226; Storit<\/title>\n<meta name=\"description\" content=\"Eurolaatikko 800x600x200 mm, harmaa \u2014 kohtuulliseen hintaan. Toimitukset kaikkialle Suomeen! \u261b Tutustu tuotteeseen ja tilaa k\u00e4tev\u00e4sti STORIT-verkkokaupasta!\" \/>\n<meta name=\"robots\" content=\"index, follow, max-snippet:-1, max-image-preview:large, max-video-preview:-1\" \/>\n<link rel=\"canonical\" href=\"https:\/\/storitgroup.com\/fi\/tuote\/muovilaatikko-kadensijoilla-800x600x200-mm-harmaa\/\" \/>\n<meta property=\"og:locale\" content=\"fi_FI\" \/>\n<meta property=\"og:type\" content=\"article\" \/>\n<meta property=\"og:title\" content=\"Eurolaatikko 800x600x200 mm, harmaa &#8226; Storit\" \/>\n<meta property=\"og:description\" content=\"Eurolaatikko 800x600x200 mm, harmaa \u2014 kohtuulliseen hintaan. Toimitukset kaikkialle Suomeen! \u261b Tutustu tuotteeseen ja tilaa k\u00e4tev\u00e4sti STORIT-verkkokaupasta!\" \/>\n<meta property=\"og:url\" content=\"https:\/\/storitgroup.com\/fi\/tuote\/muovilaatikko-kadensijoilla-800x600x200-mm-harmaa\/\" \/>\n<meta property=\"og:site_name\" content=\"Storit\" \/>\n<meta property=\"article:modified_time\" content=\"2026-05-02T09:15:08+00:00\" \/>\n<meta property=\"og:image\" content=\"https:\/\/storitgroup.com\/uploads\/2021\/03\/26.-6489.jpg\" \/>\n\t<meta property=\"og:image:width\" content=\"625\" \/>\n\t<meta property=\"og:image:height\" content=\"451\" \/>\n\t<meta property=\"og:image:type\" content=\"image\/jpeg\" \/>\n<meta name=\"twitter:card\" content=\"summary_large_image\" \/>\n<script type=\"application\/ld+json\" class=\"yoast-schema-graph\">{\"@context\":\"https:\\\/\\\/schema.org\",\"@graph\":[{\"@type\":[\"WebPage\",\"ItemPage\"],\"@id\":\"https:\\\/\\\/storitgroup.com\\\/fi\\\/tuote\\\/muovilaatikko-kadensijoilla-800x600x200-mm-harmaa\\\/\",\"url\":\"https:\\\/\\\/storitgroup.com\\\/fi\\\/tuote\\\/muovilaatikko-kadensijoilla-800x600x200-mm-harmaa\\\/\",\"name\":\"Eurolaatikko 800x600x200 mm, harmaa &#8226; Storit\",\"isPartOf\":{\"@id\":\"https:\\\/\\\/storitgroup.com\\\/fi\\\/#website\"},\"primaryImageOfPage\":{\"@id\":\"https:\\\/\\\/storitgroup.com\\\/fi\\\/tuote\\\/muovilaatikko-kadensijoilla-800x600x200-mm-harmaa\\\/#primaryimage\"},\"image\":{\"@id\":\"https:\\\/\\\/storitgroup.com\\\/fi\\\/tuote\\\/muovilaatikko-kadensijoilla-800x600x200-mm-harmaa\\\/#primaryimage\"},\"thumbnailUrl\":\"https:\\\/\\\/storitgroup.com\\\/uploads\\\/2021\\\/03\\\/26.-6489.jpg\",\"datePublished\":\"2021-03-09T00:46:05+00:00\",\"dateModified\":\"2026-05-02T09:15:08+00:00\",\"description\":\"Eurolaatikko 800x600x200 mm, harmaa \u2014 kohtuulliseen hintaan. Toimitukset kaikkialle Suomeen! \u261b Tutustu tuotteeseen ja tilaa k\u00e4tev\u00e4sti STORIT-verkkokaupasta!\",\"breadcrumb\":{\"@id\":\"https:\\\/\\\/storitgroup.com\\\/fi\\\/tuote\\\/muovilaatikko-kadensijoilla-800x600x200-mm-harmaa\\\/#breadcrumb\"},\"inLanguage\":\"fi\",\"potentialAction\":[{\"@type\":\"ReadAction\",\"target\":[\"https:\\\/\\\/storitgroup.com\\\/fi\\\/tuote\\\/muovilaatikko-kadensijoilla-800x600x200-mm-harmaa\\\/\"]}]},{\"@type\":\"ImageObject\",\"inLanguage\":\"fi\",\"@id\":\"https:\\\/\\\/storitgroup.com\\\/fi\\\/tuote\\\/muovilaatikko-kadensijoilla-800x600x200-mm-harmaa\\\/#primaryimage\",\"url\":\"https:\\\/\\\/storitgroup.com\\\/uploads\\\/2021\\\/03\\\/26.-6489.jpg\",\"contentUrl\":\"https:\\\/\\\/storitgroup.com\\\/uploads\\\/2021\\\/03\\\/26.-6489.jpg\",\"width\":625,\"height\":451},{\"@type\":\"BreadcrumbList\",\"@id\":\"https:\\\/\\\/storitgroup.com\\\/fi\\\/tuote\\\/muovilaatikko-kadensijoilla-800x600x200-mm-harmaa\\\/#breadcrumb\",\"itemListElement\":[{\"@type\":\"ListItem\",\"position\":1,\"name\":\"Kotisivu\",\"item\":\"https:\\\/\\\/storitgroup.com\\\/fi\\\/\"},{\"@type\":\"ListItem\",\"position\":2,\"name\":\"Tuotteet\",\"item\":\"https:\\\/\\\/storitgroup.com\\\/fi\\\/tuotteet\\\/\"},{\"@type\":\"ListItem\",\"position\":3,\"name\":\"Varastolaatikot, s\u00e4ilytyslaatikot\",\"item\":\"https:\\\/\\\/storitgroup.com\\\/fi\\\/tuotteet\\\/varastolaatikot-sailytyslaatikot\\\/\"},{\"@type\":\"ListItem\",\"position\":4,\"name\":\"Muovilaatikot, muovis\u00e4ili\u00f6t\",\"item\":\"https:\\\/\\\/storitgroup.com\\\/fi\\\/tuotteet\\\/varastolaatikot-sailytyslaatikot\\\/muovilaatikot-muovisailiot\\\/\"},{\"@type\":\"ListItem\",\"position\":5,\"name\":\"Eurolaatikko 800x600x200 mm, harmaa\"}]},{\"@type\":\"WebSite\",\"@id\":\"https:\\\/\\\/storitgroup.com\\\/fi\\\/#website\",\"url\":\"https:\\\/\\\/storitgroup.com\\\/fi\\\/\",\"name\":\"Storit\",\"description\":\"\",\"potentialAction\":[{\"@type\":\"SearchAction\",\"target\":{\"@type\":\"EntryPoint\",\"urlTemplate\":\"https:\\\/\\\/storitgroup.com\\\/fi\\\/?s={search_term_string}\"},\"query-input\":{\"@type\":\"PropertyValueSpecification\",\"valueRequired\":true,\"valueName\":\"search_term_string\"}}],\"inLanguage\":\"fi\"}]}<\/script>\n<!-- \/ Yoast SEO plugin. -->","yoast_head_json":{"title":"Eurolaatikko 800x600x200 mm, harmaa &#8226; Storit","description":"Eurolaatikko 800x600x200 mm, harmaa \u2014 kohtuulliseen hintaan. Toimitukset kaikkialle Suomeen! \u261b Tutustu tuotteeseen ja tilaa k\u00e4tev\u00e4sti STORIT-verkkokaupasta!","robots":{"index":"index","follow":"follow","max-snippet":"max-snippet:-1","max-image-preview":"max-image-preview:large","max-video-preview":"max-video-preview:-1"},"canonical":"https:\/\/storitgroup.com\/fi\/tuote\/muovilaatikko-kadensijoilla-800x600x200-mm-harmaa\/","og_locale":"fi_FI","og_type":"article","og_title":"Eurolaatikko 800x600x200 mm, harmaa &#8226; Storit","og_description":"Eurolaatikko 800x600x200 mm, harmaa \u2014 kohtuulliseen hintaan. Toimitukset kaikkialle Suomeen! \u261b Tutustu tuotteeseen ja tilaa k\u00e4tev\u00e4sti STORIT-verkkokaupasta!","og_url":"https:\/\/storitgroup.com\/fi\/tuote\/muovilaatikko-kadensijoilla-800x600x200-mm-harmaa\/","og_site_name":"Storit","article_modified_time":"2026-05-02T09:15:08+00:00","og_image":[{"width":625,"height":451,"url":"https:\/\/storitgroup.com\/uploads\/2021\/03\/26.-6489.jpg","type":"image\/jpeg"}],"twitter_card":"summary_large_image","schema":{"@context":"https:\/\/schema.org","@graph":[{"@type":["WebPage","ItemPage"],"@id":"https:\/\/storitgroup.com\/fi\/tuote\/muovilaatikko-kadensijoilla-800x600x200-mm-harmaa\/","url":"https:\/\/storitgroup.com\/fi\/tuote\/muovilaatikko-kadensijoilla-800x600x200-mm-harmaa\/","name":"Eurolaatikko 800x600x200 mm, harmaa &#8226; Storit","isPartOf":{"@id":"https:\/\/storitgroup.com\/fi\/#website"},"primaryImageOfPage":{"@id":"https:\/\/storitgroup.com\/fi\/tuote\/muovilaatikko-kadensijoilla-800x600x200-mm-harmaa\/#primaryimage"},"image":{"@id":"https:\/\/storitgroup.com\/fi\/tuote\/muovilaatikko-kadensijoilla-800x600x200-mm-harmaa\/#primaryimage"},"thumbnailUrl":"https:\/\/storitgroup.com\/uploads\/2021\/03\/26.-6489.jpg","datePublished":"2021-03-09T00:46:05+00:00","dateModified":"2026-05-02T09:15:08+00:00","description":"Eurolaatikko 800x600x200 mm, harmaa \u2014 kohtuulliseen hintaan. Toimitukset kaikkialle Suomeen! \u261b Tutustu tuotteeseen ja tilaa k\u00e4tev\u00e4sti STORIT-verkkokaupasta!","breadcrumb":{"@id":"https:\/\/storitgroup.com\/fi\/tuote\/muovilaatikko-kadensijoilla-800x600x200-mm-harmaa\/#breadcrumb"},"inLanguage":"fi","potentialAction":[{"@type":"ReadAction","target":["https:\/\/storitgroup.com\/fi\/tuote\/muovilaatikko-kadensijoilla-800x600x200-mm-harmaa\/"]}]},{"@type":"ImageObject","inLanguage":"fi","@id":"https:\/\/storitgroup.com\/fi\/tuote\/muovilaatikko-kadensijoilla-800x600x200-mm-harmaa\/#primaryimage","url":"https:\/\/storitgroup.com\/uploads\/2021\/03\/26.-6489.jpg","contentUrl":"https:\/\/storitgroup.com\/uploads\/2021\/03\/26.-6489.jpg","width":625,"height":451},{"@type":"BreadcrumbList","@id":"https:\/\/storitgroup.com\/fi\/tuote\/muovilaatikko-kadensijoilla-800x600x200-mm-harmaa\/#breadcrumb","itemListElement":[{"@type":"ListItem","position":1,"name":"Kotisivu","item":"https:\/\/storitgroup.com\/fi\/"},{"@type":"ListItem","position":2,"name":"Tuotteet","item":"https:\/\/storitgroup.com\/fi\/tuotteet\/"},{"@type":"ListItem","position":3,"name":"Varastolaatikot, s\u00e4ilytyslaatikot","item":"https:\/\/storitgroup.com\/fi\/tuotteet\/varastolaatikot-sailytyslaatikot\/"},{"@type":"ListItem","position":4,"name":"Muovilaatikot, muovis\u00e4ili\u00f6t","item":"https:\/\/storitgroup.com\/fi\/tuotteet\/varastolaatikot-sailytyslaatikot\/muovilaatikot-muovisailiot\/"},{"@type":"ListItem","position":5,"name":"Eurolaatikko 800x600x200 mm, harmaa"}]},{"@type":"WebSite","@id":"https:\/\/storitgroup.com\/fi\/#website","url":"https:\/\/storitgroup.com\/fi\/","name":"Storit","description":"","potentialAction":[{"@type":"SearchAction","target":{"@type":"EntryPoint","urlTemplate":"https:\/\/storitgroup.com\/fi\/?s={search_term_string}"},"query-input":{"@type":"PropertyValueSpecification","valueRequired":true,"valueName":"search_term_string"}}],"inLanguage":"fi"}]}},"_links":{"self":[{"href":"https:\/\/storitgroup.com\/fi\/wp-json\/wp\/v2\/product\/18818","targetHints":{"allow":["GET"]}}],"collection":[{"href":"https:\/\/storitgroup.com\/fi\/wp-json\/wp\/v2\/product"}],"about":[{"href":"https:\/\/storitgroup.com\/fi\/wp-json\/wp\/v2\/types\/product"}],"wp:featuredmedia":[{"embeddable":true,"href":"https:\/\/storitgroup.com\/fi\/wp-json\/wp\/v2\/media\/212337"}],"wp:attachment":[{"href":"https:\/\/storitgroup.com\/fi\/wp-json\/wp\/v2\/media?parent=18818"}],"wp:term":[{"taxonomy":"product_brand","embeddable":true,"href":"https:\/\/storitgroup.com\/fi\/wp-json\/wp\/v2\/product_brand?post=18818"},{"taxonomy":"product_cat","embeddable":true,"href":"https:\/\/storitgroup.com\/fi\/wp-json\/wp\/v2\/product_cat?post=18818"},{"taxonomy":"product_tag","embeddable":true,"href":"https:\/\/storitgroup.com\/fi\/wp-json\/wp\/v2\/product_tag?post=18818"}],"curies":[{"name":"wp","href":"https:\/\/api.w.org\/{rel}","templated":true}]}}