{"id":18708,"date":"2021-05-05T04:07:47","date_gmt":"2021-05-05T01:07:47","guid":{"rendered":"https:\/\/storitgroup.com\/?post_type=product&#038;p=18708"},"modified":"2026-04-03T14:21:07","modified_gmt":"2026-04-03T11:21:07","slug":"marjalaatikko-26-l-vihrea","status":"publish","type":"product","link":"https:\/\/storitgroup.com\/fi\/tuote\/marjalaatikko-26-l-vihrea\/","title":{"rendered":"Leipurin laatikko 600x400x150 mm, vihre\u00e4"},"content":{"rendered":"<p>Laatikot, joita p\u00e4\u00e4asiassa k\u00e4ytet\u00e4\u00e4n leipomoissa ja konditoria-liikkeiss\u00e4, ovat varustettu rei\u00b4itetyill\u00e4 sivuilla ja pohjalla, jotka auttavat s\u00e4ilytt\u00e4m\u00e4\u00e4n leip\u00e4- ja leivonnaistuotteiden tuoreuden ja herkullisuuden pidemp\u00e4\u00e4n. Laatikot on valmistettu HDPE-materiaalista, joka on kest\u00e4v\u00e4, vakaa ja eritt\u00e4in hygieenisesti laadukas.<\/p>\n","protected":false},"excerpt":{"rendered":"<p>Laatikot, joita p\u00e4\u00e4asiassa k\u00e4ytet\u00e4\u00e4n leipomoissa ja konditoria-liikkeiss\u00e4, ovat varustettu rei\u00b4itetyill\u00e4 sivuilla ja pohjalla, jotka auttavat s\u00e4ilytt\u00e4m\u00e4\u00e4n leip\u00e4- ja leivonnaistuotteiden tuoreuden ja herkullisuuden pidemp\u00e4\u00e4n. Laatikot on valmistettu HDPE-materiaalista, joka on kest\u00e4v\u00e4, vakaa ja eritt\u00e4in hygieenisesti laadukas.<\/p>\n","protected":false},"featured_media":212205,"template":"","meta":{"_acf_changed":false},"product_brand":[],"product_cat":[7102],"product_tag":[],"class_list":{"0":"post-18708","1":"product","2":"type-product","3":"status-publish","4":"has-post-thumbnail","6":"product_room-ruuan-kasittely","7":"product_room-kaupankaynti-ja-myymalat","8":"product_room-iso-varasto","9":"product_room-pieni-varasto","10":"product_room-kotiratkaisut","11":"product_cat-muovilaatikot-muovisailiot","13":"first","14":"instock","15":"taxable","16":"shipping-taxable","17":"purchasable","18":"product-type-simple"},"acf":[],"yoast_head":"<!-- This site is optimized with the Yoast SEO plugin v27.2 - https:\/\/yoast.com\/product\/yoast-seo-wordpress\/ -->\n<title>Leipurin laatikko 600x400x150 mm, vihre\u00e4 &#8226; Storit<\/title>\n<meta name=\"description\" content=\"Leipurin laatikko 600x400x150 mm, vihre\u00e4 \u2014 kohtuulliseen hintaan. Toimitukset kaikkialle Suomeen! \u261b Tutustu tuotteeseen ja tilaa k\u00e4tev\u00e4sti STORIT-verkkokaupasta!\" \/>\n<meta name=\"robots\" content=\"index, follow, max-snippet:-1, max-image-preview:large, max-video-preview:-1\" \/>\n<link rel=\"canonical\" href=\"https:\/\/storitgroup.com\/fi\/tuote\/marjalaatikko-26-l-vihrea\/\" \/>\n<meta property=\"og:locale\" content=\"fi_FI\" \/>\n<meta property=\"og:type\" content=\"article\" \/>\n<meta property=\"og:title\" content=\"Leipurin laatikko 600x400x150 mm, vihre\u00e4 &#8226; Storit\" \/>\n<meta property=\"og:description\" content=\"Leipurin laatikko 600x400x150 mm, vihre\u00e4 \u2014 kohtuulliseen hintaan. Toimitukset kaikkialle Suomeen! \u261b Tutustu tuotteeseen ja tilaa k\u00e4tev\u00e4sti STORIT-verkkokaupasta!\" \/>\n<meta property=\"og:url\" content=\"https:\/\/storitgroup.com\/fi\/tuote\/marjalaatikko-26-l-vihrea\/\" \/>\n<meta property=\"og:site_name\" content=\"Storit\" \/>\n<meta property=\"article:modified_time\" content=\"2026-04-03T11:21:07+00:00\" \/>\n<meta property=\"og:image\" content=\"https:\/\/storitgroup.com\/uploads\/2021\/05\/17.-m1.jpg\" \/>\n\t<meta property=\"og:image:width\" content=\"609\" \/>\n\t<meta property=\"og:image:height\" content=\"451\" \/>\n\t<meta property=\"og:image:type\" content=\"image\/jpeg\" \/>\n<meta name=\"twitter:card\" content=\"summary_large_image\" \/>\n<script type=\"application\/ld+json\" class=\"yoast-schema-graph\">{\"@context\":\"https:\/\/schema.org\",\"@graph\":[{\"@type\":[\"WebPage\",\"ItemPage\"],\"@id\":\"https:\/\/storitgroup.com\/fi\/tuote\/marjalaatikko-26-l-vihrea\/\",\"url\":\"https:\/\/storitgroup.com\/fi\/tuote\/marjalaatikko-26-l-vihrea\/\",\"name\":\"Leipurin laatikko 600x400x150 mm, vihre\u00e4 &#8226; Storit\",\"isPartOf\":{\"@id\":\"https:\/\/storitgroup.com\/fi\/#website\"},\"primaryImageOfPage\":{\"@id\":\"https:\/\/storitgroup.com\/fi\/tuote\/marjalaatikko-26-l-vihrea\/#primaryimage\"},\"image\":{\"@id\":\"https:\/\/storitgroup.com\/fi\/tuote\/marjalaatikko-26-l-vihrea\/#primaryimage\"},\"thumbnailUrl\":\"https:\/\/storitgroup.com\/uploads\/2021\/05\/17.-m1.jpg\",\"datePublished\":\"2021-05-05T01:07:47+00:00\",\"dateModified\":\"2026-04-03T11:21:07+00:00\",\"description\":\"Leipurin laatikko 600x400x150 mm, vihre\u00e4 \u2014 kohtuulliseen hintaan. Toimitukset kaikkialle Suomeen! \u261b Tutustu tuotteeseen ja tilaa k\u00e4tev\u00e4sti STORIT-verkkokaupasta!\",\"breadcrumb\":{\"@id\":\"https:\/\/storitgroup.com\/fi\/tuote\/marjalaatikko-26-l-vihrea\/#breadcrumb\"},\"inLanguage\":\"fi\",\"potentialAction\":[{\"@type\":\"ReadAction\",\"target\":[\"https:\/\/storitgroup.com\/fi\/tuote\/marjalaatikko-26-l-vihrea\/\"]}]},{\"@type\":\"ImageObject\",\"inLanguage\":\"fi\",\"@id\":\"https:\/\/storitgroup.com\/fi\/tuote\/marjalaatikko-26-l-vihrea\/#primaryimage\",\"url\":\"https:\/\/storitgroup.com\/uploads\/2021\/05\/17.-m1.jpg\",\"contentUrl\":\"https:\/\/storitgroup.com\/uploads\/2021\/05\/17.-m1.jpg\",\"width\":609,\"height\":451},{\"@type\":\"BreadcrumbList\",\"@id\":\"https:\/\/storitgroup.com\/fi\/tuote\/marjalaatikko-26-l-vihrea\/#breadcrumb\",\"itemListElement\":[{\"@type\":\"ListItem\",\"position\":1,\"name\":\"Kotisivu\",\"item\":\"https:\/\/storitgroup.com\/fi\/\"},{\"@type\":\"ListItem\",\"position\":2,\"name\":\"Tuotteet\",\"item\":\"https:\/\/storitgroup.com\/fi\/tuotteet\/\"},{\"@type\":\"ListItem\",\"position\":3,\"name\":\"Varastolaatikot, s\u00e4ilytyslaatikot\",\"item\":\"https:\/\/storitgroup.com\/fi\/varastolaatikot-sailytyslaatikot\/\"},{\"@type\":\"ListItem\",\"position\":4,\"name\":\"Muovilaatikot, muovis\u00e4ili\u00f6t\",\"item\":\"https:\/\/storitgroup.com\/fi\/varastolaatikot-sailytyslaatikot\/muovilaatikot-muovisailiot\/\"},{\"@type\":\"ListItem\",\"position\":5,\"name\":\"Leipurin laatikko 600x400x150 mm, vihre\u00e4\"}]},{\"@type\":\"WebSite\",\"@id\":\"https:\/\/storitgroup.com\/fi\/#website\",\"url\":\"https:\/\/storitgroup.com\/fi\/\",\"name\":\"Storit\",\"description\":\"\",\"potentialAction\":[{\"@type\":\"SearchAction\",\"target\":{\"@type\":\"EntryPoint\",\"urlTemplate\":\"https:\/\/storitgroup.com\/fi\/?s={search_term_string}\"},\"query-input\":{\"@type\":\"PropertyValueSpecification\",\"valueRequired\":true,\"valueName\":\"search_term_string\"}}],\"inLanguage\":\"fi\"}]}<\/script>\n<!-- \/ Yoast SEO plugin. -->","yoast_head_json":{"title":"Leipurin laatikko 600x400x150 mm, vihre\u00e4 &#8226; Storit","description":"Leipurin laatikko 600x400x150 mm, vihre\u00e4 \u2014 kohtuulliseen hintaan. Toimitukset kaikkialle Suomeen! \u261b Tutustu tuotteeseen ja tilaa k\u00e4tev\u00e4sti STORIT-verkkokaupasta!","robots":{"index":"index","follow":"follow","max-snippet":"max-snippet:-1","max-image-preview":"max-image-preview:large","max-video-preview":"max-video-preview:-1"},"canonical":"https:\/\/storitgroup.com\/fi\/tuote\/marjalaatikko-26-l-vihrea\/","og_locale":"fi_FI","og_type":"article","og_title":"Leipurin laatikko 600x400x150 mm, vihre\u00e4 &#8226; Storit","og_description":"Leipurin laatikko 600x400x150 mm, vihre\u00e4 \u2014 kohtuulliseen hintaan. Toimitukset kaikkialle Suomeen! \u261b Tutustu tuotteeseen ja tilaa k\u00e4tev\u00e4sti STORIT-verkkokaupasta!","og_url":"https:\/\/storitgroup.com\/fi\/tuote\/marjalaatikko-26-l-vihrea\/","og_site_name":"Storit","article_modified_time":"2026-04-03T11:21:07+00:00","og_image":[{"width":609,"height":451,"url":"https:\/\/storitgroup.com\/uploads\/2021\/05\/17.-m1.jpg","type":"image\/jpeg"}],"twitter_card":"summary_large_image","schema":{"@context":"https:\/\/schema.org","@graph":[{"@type":["WebPage","ItemPage"],"@id":"https:\/\/storitgroup.com\/fi\/tuote\/marjalaatikko-26-l-vihrea\/","url":"https:\/\/storitgroup.com\/fi\/tuote\/marjalaatikko-26-l-vihrea\/","name":"Leipurin laatikko 600x400x150 mm, vihre\u00e4 &#8226; Storit","isPartOf":{"@id":"https:\/\/storitgroup.com\/fi\/#website"},"primaryImageOfPage":{"@id":"https:\/\/storitgroup.com\/fi\/tuote\/marjalaatikko-26-l-vihrea\/#primaryimage"},"image":{"@id":"https:\/\/storitgroup.com\/fi\/tuote\/marjalaatikko-26-l-vihrea\/#primaryimage"},"thumbnailUrl":"https:\/\/storitgroup.com\/uploads\/2021\/05\/17.-m1.jpg","datePublished":"2021-05-05T01:07:47+00:00","dateModified":"2026-04-03T11:21:07+00:00","description":"Leipurin laatikko 600x400x150 mm, vihre\u00e4 \u2014 kohtuulliseen hintaan. Toimitukset kaikkialle Suomeen! \u261b Tutustu tuotteeseen ja tilaa k\u00e4tev\u00e4sti STORIT-verkkokaupasta!","breadcrumb":{"@id":"https:\/\/storitgroup.com\/fi\/tuote\/marjalaatikko-26-l-vihrea\/#breadcrumb"},"inLanguage":"fi","potentialAction":[{"@type":"ReadAction","target":["https:\/\/storitgroup.com\/fi\/tuote\/marjalaatikko-26-l-vihrea\/"]}]},{"@type":"ImageObject","inLanguage":"fi","@id":"https:\/\/storitgroup.com\/fi\/tuote\/marjalaatikko-26-l-vihrea\/#primaryimage","url":"https:\/\/storitgroup.com\/uploads\/2021\/05\/17.-m1.jpg","contentUrl":"https:\/\/storitgroup.com\/uploads\/2021\/05\/17.-m1.jpg","width":609,"height":451},{"@type":"BreadcrumbList","@id":"https:\/\/storitgroup.com\/fi\/tuote\/marjalaatikko-26-l-vihrea\/#breadcrumb","itemListElement":[{"@type":"ListItem","position":1,"name":"Kotisivu","item":"https:\/\/storitgroup.com\/fi\/"},{"@type":"ListItem","position":2,"name":"Tuotteet","item":"https:\/\/storitgroup.com\/fi\/tuotteet\/"},{"@type":"ListItem","position":3,"name":"Varastolaatikot, s\u00e4ilytyslaatikot","item":"https:\/\/storitgroup.com\/fi\/varastolaatikot-sailytyslaatikot\/"},{"@type":"ListItem","position":4,"name":"Muovilaatikot, muovis\u00e4ili\u00f6t","item":"https:\/\/storitgroup.com\/fi\/varastolaatikot-sailytyslaatikot\/muovilaatikot-muovisailiot\/"},{"@type":"ListItem","position":5,"name":"Leipurin laatikko 600x400x150 mm, vihre\u00e4"}]},{"@type":"WebSite","@id":"https:\/\/storitgroup.com\/fi\/#website","url":"https:\/\/storitgroup.com\/fi\/","name":"Storit","description":"","potentialAction":[{"@type":"SearchAction","target":{"@type":"EntryPoint","urlTemplate":"https:\/\/storitgroup.com\/fi\/?s={search_term_string}"},"query-input":{"@type":"PropertyValueSpecification","valueRequired":true,"valueName":"search_term_string"}}],"inLanguage":"fi"}]}},"_links":{"self":[{"href":"https:\/\/storitgroup.com\/fi\/wp-json\/wp\/v2\/product\/18708","targetHints":{"allow":["GET"]}}],"collection":[{"href":"https:\/\/storitgroup.com\/fi\/wp-json\/wp\/v2\/product"}],"about":[{"href":"https:\/\/storitgroup.com\/fi\/wp-json\/wp\/v2\/types\/product"}],"wp:featuredmedia":[{"embeddable":true,"href":"https:\/\/storitgroup.com\/fi\/wp-json\/wp\/v2\/media\/212205"}],"wp:attachment":[{"href":"https:\/\/storitgroup.com\/fi\/wp-json\/wp\/v2\/media?parent=18708"}],"wp:term":[{"taxonomy":"product_brand","embeddable":true,"href":"https:\/\/storitgroup.com\/fi\/wp-json\/wp\/v2\/product_brand?post=18708"},{"taxonomy":"product_cat","embeddable":true,"href":"https:\/\/storitgroup.com\/fi\/wp-json\/wp\/v2\/product_cat?post=18708"},{"taxonomy":"product_tag","embeddable":true,"href":"https:\/\/storitgroup.com\/fi\/wp-json\/wp\/v2\/product_tag?post=18708"}],"curies":[{"name":"wp","href":"https:\/\/api.w.org\/{rel}","templated":true}]}}