{"id":186121,"date":"2022-05-25T16:40:53","date_gmt":"2022-05-27T07:35:07","guid":{"rendered":"https:\/\/storitgroup.com\/product\/koottu-tyopoyta-1765x620x850-900-ral7016-2004\/"},"modified":"2026-04-21T11:36:01","modified_gmt":"2026-04-21T08:36:01","slug":"koottu-tyopoyta-1765x620x850-900-ral7016-2004","status":"publish","type":"product","link":"https:\/\/storitgroup.com\/fi\/tuote\/koottu-tyopoyta-1765x620x850-900-ral7016-2004\/","title":{"rendered":"Koottu ty\u00f6p\u00f6yt\u00e4 Techno 1765x620x850 \/ 900, RAL7016\/2004"},"content":{"rendered":"<p>T\u00e4m\u00e4 monipuolinen ty\u00f6asema on suunnattu sek\u00e4 ammattilaisille ett\u00e4 harrastajille. Eritt\u00e4in k\u00e4tev\u00e4 sarja ty\u00f6pajoihin, autotalliin, kouluihin jne. Setti sis\u00e4lt\u00e4\u00e4: <br \/> &#8211;   p\u00f6yt\u00e4 1765&#215;620 mm (ls), korkeuss\u00e4\u00e4dett\u00e4v\u00e4 850-900 mm, p\u00e4\u00e4llystetty erityisell\u00e4 kumip\u00e4\u00e4llyksell\u00e4 ja reunustettu metallikehyksell\u00e4, <br \/>laatikko \/ kaappilaatikko 520x550x625 mm (lsk), jossa laatikoiden korkeus on \u00e0 75 mm <br \/>laatikosto 520x550x625 mm (lsk), jossa laatikoiden korkeudet ovat 2&#215;100 mm, 150 mm ja 200 mm, <br \/>2 hylly\u00e4, kantavuus 20 kg <br \/>rei\u00b4itetty takasein\u00e4 1670&#215;845 mm, reik\u00e4 10&#215;10 mm, cc 38 mm, <br \/>LED-valaisin (2&#215;18 W) <br \/>pistorasiapaneeli  7 pistokella.<br \/> Erilaisia lis\u00e4varusteita on saatavilla pyynn\u00f6st\u00e4, kuten koukut, pidikkeet, kannettavan tietokoneen p\u00f6yt\u00e4, hylly jne. <br \/> Laatikoihin on tarjolla pyynn\u00f6st\u00e4 erilaisia poimintarasioita, v\u00e4liseini\u00e4 ja kumimatto<\/p>\n","protected":false},"excerpt":{"rendered":"<p>T\u00e4m\u00e4 monipuolinen ty\u00f6asema on suunnattu sek\u00e4 ammattilaisille ett\u00e4 harrastajille. Eritt\u00e4in k\u00e4tev\u00e4 sarja ty\u00f6pajoihin, autotalliin, kouluihin jne. Setti sis\u00e4lt\u00e4\u00e4:<br \/>\n &#8211;   p\u00f6yt\u00e4 1765&#215;620 mm (ls), korkeuss\u00e4\u00e4dett\u00e4v\u00e4 850-900 mm, p\u00e4\u00e4llystetty erityisell\u00e4 kumip\u00e4\u00e4llyksell\u00e4 ja reunustettu metallikehyksell\u00e4,<br \/>\nlaatikko \/ kaappilaatikko 520x550x625 mm (lsk), jossa laatikoiden korkeus on \u00e0 75 mm <\/p>\n","protected":false},"featured_media":214083,"template":"","meta":{"_acf_changed":false},"product_brand":[],"product_cat":[8637],"product_tag":[],"class_list":{"0":"post-186121","1":"product","2":"type-product","3":"status-publish","4":"has-post-thumbnail","6":"product_room-arkisto-museo","7":"product_room-kaupankaynti-ja-myymalat","8":"product_room-kokoonpano-ja-keraily","9":"product_room-pakkaus","10":"product_room-toimisto","11":"product_room-koulut-ja-paivakodit","12":"product_room-laakeyhtiot-ja-laboratoriot","13":"product_room-teollisuus-ja-tuotanto-ergonomiset-tyopaikat-tyokaluvarasto","14":"product_room-kotitoimisto","15":"product_room-kotiratkaisut","16":"product_room-kiinteistokehitys","17":"product_room-tyopaja-ja-autotalli","18":"product_room-kuljetus-ja-logistiikka","19":"product_room-ruuan-kasittely","20":"product_cat-tyopoydat-storit-tyopoydat","22":"first","23":"onbackorder","24":"taxable","25":"shipping-taxable","26":"purchasable","27":"product-type-simple"},"acf":[],"yoast_head":"<!-- This site is optimized with the Yoast SEO plugin v27.4 - https:\/\/yoast.com\/product\/yoast-seo-wordpress\/ -->\n<title>Koottu ty\u00f6p\u00f6yt\u00e4 Techno 1765x620x850 \/ 900, RAL7016\/2004 &#8226; Storit<\/title>\n<meta name=\"description\" content=\"Koottu ty\u00f6p\u00f6yt\u00e4 Techno 1765x620x850 \/ 900, RAL7016\/2004 \u2014 kohtuulliseen hintaan. Toimitukset kaikkialle Suomeen! \u261b Tutustu tuotteeseen ja tilaa k\u00e4tev\u00e4sti STORIT-verkkokaupasta!\" \/>\n<meta name=\"robots\" content=\"index, follow, max-snippet:-1, max-image-preview:large, max-video-preview:-1\" \/>\n<link rel=\"canonical\" href=\"https:\/\/storitgroup.com\/fi\/tuote\/koottu-tyopoyta-1765x620x850-900-ral7016-2004\/\" \/>\n<meta property=\"og:locale\" content=\"fi_FI\" \/>\n<meta property=\"og:type\" content=\"article\" \/>\n<meta property=\"og:title\" content=\"Koottu ty\u00f6p\u00f6yt\u00e4 Techno 1765x620x850 \/ 900, RAL7016\/2004 &#8226; Storit\" \/>\n<meta property=\"og:description\" content=\"Koottu ty\u00f6p\u00f6yt\u00e4 Techno 1765x620x850 \/ 900, RAL7016\/2004 \u2014 kohtuulliseen hintaan. Toimitukset kaikkialle Suomeen! \u261b Tutustu tuotteeseen ja tilaa k\u00e4tev\u00e4sti STORIT-verkkokaupasta!\" \/>\n<meta property=\"og:url\" content=\"https:\/\/storitgroup.com\/fi\/tuote\/koottu-tyopoyta-1765x620x850-900-ral7016-2004\/\" \/>\n<meta property=\"og:site_name\" content=\"Storit\" \/>\n<meta property=\"article:modified_time\" content=\"2026-04-21T08:36:01+00:00\" \/>\n<meta property=\"og:image\" content=\"https:\/\/storitgroup.com\/uploads\/2022\/05\/1.3-mwteclit.jpg\" \/>\n\t<meta property=\"og:image:width\" content=\"502\" \/>\n\t<meta property=\"og:image:height\" content=\"474\" \/>\n\t<meta property=\"og:image:type\" content=\"image\/jpeg\" \/>\n<meta name=\"twitter:card\" content=\"summary_large_image\" \/>\n<meta name=\"twitter:label1\" content=\"Arvioitu lukuaika\" \/>\n\t<meta name=\"twitter:data1\" content=\"1 minuutti\" \/>\n<script type=\"application\/ld+json\" class=\"yoast-schema-graph\">{\"@context\":\"https:\\\/\\\/schema.org\",\"@graph\":[{\"@type\":[\"WebPage\",\"ItemPage\"],\"@id\":\"https:\\\/\\\/storitgroup.com\\\/fi\\\/tuote\\\/koottu-tyopoyta-1765x620x850-900-ral7016-2004\\\/\",\"url\":\"https:\\\/\\\/storitgroup.com\\\/fi\\\/tuote\\\/koottu-tyopoyta-1765x620x850-900-ral7016-2004\\\/\",\"name\":\"Koottu ty\u00f6p\u00f6yt\u00e4 Techno 1765x620x850 \\\/ 900, RAL7016\\\/2004 &#8226; Storit\",\"isPartOf\":{\"@id\":\"https:\\\/\\\/storitgroup.com\\\/fi\\\/#website\"},\"primaryImageOfPage\":{\"@id\":\"https:\\\/\\\/storitgroup.com\\\/fi\\\/tuote\\\/koottu-tyopoyta-1765x620x850-900-ral7016-2004\\\/#primaryimage\"},\"image\":{\"@id\":\"https:\\\/\\\/storitgroup.com\\\/fi\\\/tuote\\\/koottu-tyopoyta-1765x620x850-900-ral7016-2004\\\/#primaryimage\"},\"thumbnailUrl\":\"https:\\\/\\\/storitgroup.com\\\/uploads\\\/2022\\\/05\\\/1.3-mwteclit.jpg\",\"datePublished\":\"2022-05-27T07:35:07+00:00\",\"dateModified\":\"2026-04-21T08:36:01+00:00\",\"description\":\"Koottu ty\u00f6p\u00f6yt\u00e4 Techno 1765x620x850 \\\/ 900, RAL7016\\\/2004 \u2014 kohtuulliseen hintaan. Toimitukset kaikkialle Suomeen! \u261b Tutustu tuotteeseen ja tilaa k\u00e4tev\u00e4sti STORIT-verkkokaupasta!\",\"breadcrumb\":{\"@id\":\"https:\\\/\\\/storitgroup.com\\\/fi\\\/tuote\\\/koottu-tyopoyta-1765x620x850-900-ral7016-2004\\\/#breadcrumb\"},\"inLanguage\":\"fi\",\"potentialAction\":[{\"@type\":\"ReadAction\",\"target\":[\"https:\\\/\\\/storitgroup.com\\\/fi\\\/tuote\\\/koottu-tyopoyta-1765x620x850-900-ral7016-2004\\\/\"]}]},{\"@type\":\"ImageObject\",\"inLanguage\":\"fi\",\"@id\":\"https:\\\/\\\/storitgroup.com\\\/fi\\\/tuote\\\/koottu-tyopoyta-1765x620x850-900-ral7016-2004\\\/#primaryimage\",\"url\":\"https:\\\/\\\/storitgroup.com\\\/uploads\\\/2022\\\/05\\\/1.3-mwteclit.jpg\",\"contentUrl\":\"https:\\\/\\\/storitgroup.com\\\/uploads\\\/2022\\\/05\\\/1.3-mwteclit.jpg\",\"width\":502,\"height\":474},{\"@type\":\"BreadcrumbList\",\"@id\":\"https:\\\/\\\/storitgroup.com\\\/fi\\\/tuote\\\/koottu-tyopoyta-1765x620x850-900-ral7016-2004\\\/#breadcrumb\",\"itemListElement\":[{\"@type\":\"ListItem\",\"position\":1,\"name\":\"Kotisivu\",\"item\":\"https:\\\/\\\/storitgroup.com\\\/fi\\\/\"},{\"@type\":\"ListItem\",\"position\":2,\"name\":\"Tuotteet\",\"item\":\"https:\\\/\\\/storitgroup.com\\\/fi\\\/tuotteet\\\/\"},{\"@type\":\"ListItem\",\"position\":3,\"name\":\"P\u00f6yd\u00e4t, tuolit, ty\u00f6kaluvarasto\",\"item\":\"https:\\\/\\\/storitgroup.com\\\/fi\\\/tuotteet\\\/poydat-tuolit-tyokaluvarasto\\\/\"},{\"@type\":\"ListItem\",\"position\":4,\"name\":\"Ty\u00f6p\u00f6yd\u00e4t\",\"item\":\"https:\\\/\\\/storitgroup.com\\\/fi\\\/tuotteet\\\/poydat-tuolit-tyokaluvarasto\\\/tyopoydat\\\/\"},{\"@type\":\"ListItem\",\"position\":5,\"name\":\"Ty\u00f6p\u00f6yd\u00e4t: STORIT\",\"item\":\"https:\\\/\\\/storitgroup.com\\\/fi\\\/tuotteet\\\/poydat-tuolit-tyokaluvarasto\\\/tyopoydat\\\/tyopoydat-storit-tyopoydat\\\/\"},{\"@type\":\"ListItem\",\"position\":6,\"name\":\"Koottu ty\u00f6p\u00f6yt\u00e4 Techno 1765x620x850 \\\/ 900, RAL7016\\\/2004\"}]},{\"@type\":\"WebSite\",\"@id\":\"https:\\\/\\\/storitgroup.com\\\/fi\\\/#website\",\"url\":\"https:\\\/\\\/storitgroup.com\\\/fi\\\/\",\"name\":\"Storit\",\"description\":\"\",\"potentialAction\":[{\"@type\":\"SearchAction\",\"target\":{\"@type\":\"EntryPoint\",\"urlTemplate\":\"https:\\\/\\\/storitgroup.com\\\/fi\\\/?s={search_term_string}\"},\"query-input\":{\"@type\":\"PropertyValueSpecification\",\"valueRequired\":true,\"valueName\":\"search_term_string\"}}],\"inLanguage\":\"fi\"}]}<\/script>\n<!-- \/ Yoast SEO plugin. -->","yoast_head_json":{"title":"Koottu ty\u00f6p\u00f6yt\u00e4 Techno 1765x620x850 \/ 900, RAL7016\/2004 &#8226; Storit","description":"Koottu ty\u00f6p\u00f6yt\u00e4 Techno 1765x620x850 \/ 900, RAL7016\/2004 \u2014 kohtuulliseen hintaan. Toimitukset kaikkialle Suomeen! \u261b Tutustu tuotteeseen ja tilaa k\u00e4tev\u00e4sti STORIT-verkkokaupasta!","robots":{"index":"index","follow":"follow","max-snippet":"max-snippet:-1","max-image-preview":"max-image-preview:large","max-video-preview":"max-video-preview:-1"},"canonical":"https:\/\/storitgroup.com\/fi\/tuote\/koottu-tyopoyta-1765x620x850-900-ral7016-2004\/","og_locale":"fi_FI","og_type":"article","og_title":"Koottu ty\u00f6p\u00f6yt\u00e4 Techno 1765x620x850 \/ 900, RAL7016\/2004 &#8226; Storit","og_description":"Koottu ty\u00f6p\u00f6yt\u00e4 Techno 1765x620x850 \/ 900, RAL7016\/2004 \u2014 kohtuulliseen hintaan. Toimitukset kaikkialle Suomeen! \u261b Tutustu tuotteeseen ja tilaa k\u00e4tev\u00e4sti STORIT-verkkokaupasta!","og_url":"https:\/\/storitgroup.com\/fi\/tuote\/koottu-tyopoyta-1765x620x850-900-ral7016-2004\/","og_site_name":"Storit","article_modified_time":"2026-04-21T08:36:01+00:00","og_image":[{"width":502,"height":474,"url":"https:\/\/storitgroup.com\/uploads\/2022\/05\/1.3-mwteclit.jpg","type":"image\/jpeg"}],"twitter_card":"summary_large_image","twitter_misc":{"Arvioitu lukuaika":"1 minuutti"},"schema":{"@context":"https:\/\/schema.org","@graph":[{"@type":["WebPage","ItemPage"],"@id":"https:\/\/storitgroup.com\/fi\/tuote\/koottu-tyopoyta-1765x620x850-900-ral7016-2004\/","url":"https:\/\/storitgroup.com\/fi\/tuote\/koottu-tyopoyta-1765x620x850-900-ral7016-2004\/","name":"Koottu ty\u00f6p\u00f6yt\u00e4 Techno 1765x620x850 \/ 900, RAL7016\/2004 &#8226; Storit","isPartOf":{"@id":"https:\/\/storitgroup.com\/fi\/#website"},"primaryImageOfPage":{"@id":"https:\/\/storitgroup.com\/fi\/tuote\/koottu-tyopoyta-1765x620x850-900-ral7016-2004\/#primaryimage"},"image":{"@id":"https:\/\/storitgroup.com\/fi\/tuote\/koottu-tyopoyta-1765x620x850-900-ral7016-2004\/#primaryimage"},"thumbnailUrl":"https:\/\/storitgroup.com\/uploads\/2022\/05\/1.3-mwteclit.jpg","datePublished":"2022-05-27T07:35:07+00:00","dateModified":"2026-04-21T08:36:01+00:00","description":"Koottu ty\u00f6p\u00f6yt\u00e4 Techno 1765x620x850 \/ 900, RAL7016\/2004 \u2014 kohtuulliseen hintaan. Toimitukset kaikkialle Suomeen! \u261b Tutustu tuotteeseen ja tilaa k\u00e4tev\u00e4sti STORIT-verkkokaupasta!","breadcrumb":{"@id":"https:\/\/storitgroup.com\/fi\/tuote\/koottu-tyopoyta-1765x620x850-900-ral7016-2004\/#breadcrumb"},"inLanguage":"fi","potentialAction":[{"@type":"ReadAction","target":["https:\/\/storitgroup.com\/fi\/tuote\/koottu-tyopoyta-1765x620x850-900-ral7016-2004\/"]}]},{"@type":"ImageObject","inLanguage":"fi","@id":"https:\/\/storitgroup.com\/fi\/tuote\/koottu-tyopoyta-1765x620x850-900-ral7016-2004\/#primaryimage","url":"https:\/\/storitgroup.com\/uploads\/2022\/05\/1.3-mwteclit.jpg","contentUrl":"https:\/\/storitgroup.com\/uploads\/2022\/05\/1.3-mwteclit.jpg","width":502,"height":474},{"@type":"BreadcrumbList","@id":"https:\/\/storitgroup.com\/fi\/tuote\/koottu-tyopoyta-1765x620x850-900-ral7016-2004\/#breadcrumb","itemListElement":[{"@type":"ListItem","position":1,"name":"Kotisivu","item":"https:\/\/storitgroup.com\/fi\/"},{"@type":"ListItem","position":2,"name":"Tuotteet","item":"https:\/\/storitgroup.com\/fi\/tuotteet\/"},{"@type":"ListItem","position":3,"name":"P\u00f6yd\u00e4t, tuolit, ty\u00f6kaluvarasto","item":"https:\/\/storitgroup.com\/fi\/tuotteet\/poydat-tuolit-tyokaluvarasto\/"},{"@type":"ListItem","position":4,"name":"Ty\u00f6p\u00f6yd\u00e4t","item":"https:\/\/storitgroup.com\/fi\/tuotteet\/poydat-tuolit-tyokaluvarasto\/tyopoydat\/"},{"@type":"ListItem","position":5,"name":"Ty\u00f6p\u00f6yd\u00e4t: STORIT","item":"https:\/\/storitgroup.com\/fi\/tuotteet\/poydat-tuolit-tyokaluvarasto\/tyopoydat\/tyopoydat-storit-tyopoydat\/"},{"@type":"ListItem","position":6,"name":"Koottu ty\u00f6p\u00f6yt\u00e4 Techno 1765x620x850 \/ 900, RAL7016\/2004"}]},{"@type":"WebSite","@id":"https:\/\/storitgroup.com\/fi\/#website","url":"https:\/\/storitgroup.com\/fi\/","name":"Storit","description":"","potentialAction":[{"@type":"SearchAction","target":{"@type":"EntryPoint","urlTemplate":"https:\/\/storitgroup.com\/fi\/?s={search_term_string}"},"query-input":{"@type":"PropertyValueSpecification","valueRequired":true,"valueName":"search_term_string"}}],"inLanguage":"fi"}]}},"_links":{"self":[{"href":"https:\/\/storitgroup.com\/fi\/wp-json\/wp\/v2\/product\/186121","targetHints":{"allow":["GET"]}}],"collection":[{"href":"https:\/\/storitgroup.com\/fi\/wp-json\/wp\/v2\/product"}],"about":[{"href":"https:\/\/storitgroup.com\/fi\/wp-json\/wp\/v2\/types\/product"}],"wp:featuredmedia":[{"embeddable":true,"href":"https:\/\/storitgroup.com\/fi\/wp-json\/wp\/v2\/media\/214083"}],"wp:attachment":[{"href":"https:\/\/storitgroup.com\/fi\/wp-json\/wp\/v2\/media?parent=186121"}],"wp:term":[{"taxonomy":"product_brand","embeddable":true,"href":"https:\/\/storitgroup.com\/fi\/wp-json\/wp\/v2\/product_brand?post=186121"},{"taxonomy":"product_cat","embeddable":true,"href":"https:\/\/storitgroup.com\/fi\/wp-json\/wp\/v2\/product_cat?post=186121"},{"taxonomy":"product_tag","embeddable":true,"href":"https:\/\/storitgroup.com\/fi\/wp-json\/wp\/v2\/product_tag?post=186121"}],"curies":[{"name":"wp","href":"https:\/\/api.w.org\/{rel}","templated":true}]}}