{"id":185884,"date":"2022-05-25T13:45:16","date_gmt":"2022-05-25T10:45:16","guid":{"rendered":"https:\/\/storitgroup.com\/?post_type=product&#038;p=185884"},"modified":"2023-04-14T07:58:29","modified_gmt":"2023-04-14T04:58:29","slug":"pukukaappi-s-1x400mm-ral7035-3020-kaytetty","status":"publish","type":"product","link":"https:\/\/storitgroup.com\/fi\/tuote\/pukukaappi-s-1x400mm-ral7035-3020-kaytetty\/","title":{"rendered":"Pukukaappi S 1&#215;400 mm jalustapenkill\u00e4, RAL7035\/3020, K\u00c4YTETTY"},"content":{"rendered":"<p>Vaatekaappi penkin runkolla varmistaa toimivuuden ja lis\u00e4\u00e4 esteettist\u00e4 arvoa yhteisiin tiloihin tehtaissa, kouluissa, urheiluseuroissa jne. Vaatekaapin t\u00e4rkein etu on hitsattu rakenne, joka varmistaa ovien ja rungon j\u00e4ykkyyden. Raitisilman kierron takaa moderni WEMO-rei\u00b4itys, joka on rekister\u00f6ity teollinen malli.<\/p>\n<p>Tilaas\u00e4\u00e4st\u00e4v\u00e4n 2-ovisen Z-vaatekaapin edess\u00e4 on sylinterilukko ja mukana tulee 2 avainta. P\u00e4\u00e4avaimen voi tilata erikseen lis\u00e4maksusta.<\/p>\n<p>0,5 mm:n metallilevyst\u00e4 valmistettu ruostesuojattu kaappi on pulverimaalattu. Voit valita 16 v\u00e4rist\u00e4, loput RAL-luettelon v\u00e4rit ovat saatavilla pient\u00e4 lis\u00e4maksua vastaan. <\/p>\n<p>Kaapissa on ripustusputki koukuilla ja itseliimautuva nimikyltin pidike. <\/p>\n<p> Parhaan ratkaisun l\u00f6yt\u00e4misen huoneeseen antaa my\u00f6s laaja valikoima lis\u00e4laitteita, jotta huoneen sisustamisesta tulee mahdollisimman mukava (myyd\u00e4v\u00e4na erikseen). Kaappi on helppo puhdistaa, ja oikea sijoittelu huoneeseen ja k\u00e4ytt\u00f6tarkoitus eliminoivat huoltotarvetta jatkossa. <\/p>\n<p> Vaatekaapin voi tilata my\u00f6s 0,8 mm materiaalista ja\/tai runkoon hitsatuilla jaloilla (H+140 mm).<\/p>\n<p> Kaapit ovat sertifioituja ja t\u00e4ytt\u00e4v\u00e4t EU:n turvallisuusstandardit.<\/p>\n","protected":false},"excerpt":{"rendered":"<p>Vaatekaappi penkin runkolla varmistaa toimivuuden ja lis\u00e4\u00e4 esteettist\u00e4 arvoa yhteisiin tiloihin tehtaissa, kouluissa, urheiluseuroissa jne. Vaatekaapin t\u00e4rkein etu on hitsattu rakenne, joka varmistaa ovien ja rungon j\u00e4ykkyyden. Raitisilman kierron takaa moderni WEMO-rei\u00b4itys, joka on rekister\u00f6ity teollinen malli.<\/p>\n<p>Tilaas\u00e4\u00e4st\u00e4v\u00e4n 2-ovisen Z-vaatekaapin edess\u00e4 on sylinterilukko ja mukana tulee 2 avainta. P\u00e4\u00e4avaimen voi tilata erikseen lis\u00e4maksusta.<\/p>\n","protected":false},"featured_media":195777,"template":"","meta":{"_acf_changed":false},"product_brand":[],"product_cat":[7480,7109],"product_tag":[],"class_list":{"0":"post-185884","1":"product","2":"type-product","3":"status-publish","4":"has-post-thumbnail","6":"product_cat-kaytetyt-metallikalusteet","7":"product_cat-loytonurkkaus","9":"first","10":"outofstock","11":"sale","12":"sold-individually","13":"taxable","14":"shipping-taxable","15":"purchasable","16":"product-type-simple"},"acf":[],"yoast_head":"<!-- This site is optimized with the Yoast SEO plugin v27.3 - https:\/\/yoast.com\/product\/yoast-seo-wordpress\/ -->\n<title>Pukukaappi S 1x400 mm jalustapenkill\u00e4, RAL7035\/3020, K\u00c4YTETTY &#8226; Storit<\/title>\n<meta name=\"description\" content=\"Pukukaappi S 1x400 mm jalustapenkill\u00e4, RAL7035\/3020, K\u00c4YTETTY \u2014 kohtuulliseen hintaan. Toimitukset kaikkialle Suomeen! \u261b Tutustu tuotteeseen ja tilaa k\u00e4tev\u00e4sti STORIT-verkkokaupasta!\" \/>\n<meta name=\"robots\" content=\"index, follow, max-snippet:-1, max-image-preview:large, max-video-preview:-1\" \/>\n<link rel=\"canonical\" href=\"https:\/\/storitgroup.com\/fi\/tuote\/pukukaappi-s-1x400mm-ral7035-3020-kaytetty\/\" \/>\n<meta property=\"og:locale\" content=\"fi_FI\" \/>\n<meta property=\"og:type\" content=\"article\" \/>\n<meta property=\"og:title\" content=\"Pukukaappi S 1x400 mm jalustapenkill\u00e4, RAL7035\/3020, K\u00c4YTETTY &#8226; Storit\" \/>\n<meta property=\"og:description\" content=\"Pukukaappi S 1x400 mm jalustapenkill\u00e4, RAL7035\/3020, K\u00c4YTETTY \u2014 kohtuulliseen hintaan. Toimitukset kaikkialle Suomeen! \u261b Tutustu tuotteeseen ja tilaa k\u00e4tev\u00e4sti STORIT-verkkokaupasta!\" \/>\n<meta property=\"og:url\" content=\"https:\/\/storitgroup.com\/fi\/tuote\/pukukaappi-s-1x400mm-ral7035-3020-kaytetty\/\" \/>\n<meta property=\"og:site_name\" content=\"Storit\" \/>\n<meta property=\"article:modified_time\" content=\"2023-04-14T04:58:29+00:00\" \/>\n<meta property=\"og:image\" content=\"https:\/\/storitgroup.com\/uploads\/2022\/05\/m0050-400z-2-4.jpg\" \/>\n\t<meta property=\"og:image:width\" content=\"313\" \/>\n\t<meta property=\"og:image:height\" content=\"469\" \/>\n\t<meta property=\"og:image:type\" content=\"image\/jpeg\" \/>\n<meta name=\"twitter:card\" content=\"summary_large_image\" \/>\n<meta name=\"twitter:label1\" content=\"Arvioitu lukuaika\" \/>\n\t<meta name=\"twitter:data1\" content=\"1 minuutti\" \/>\n<script type=\"application\/ld+json\" class=\"yoast-schema-graph\">{\"@context\":\"https:\\\/\\\/schema.org\",\"@graph\":[{\"@type\":[\"WebPage\",\"ItemPage\"],\"@id\":\"https:\\\/\\\/storitgroup.com\\\/fi\\\/tuote\\\/pukukaappi-s-1x400mm-ral7035-3020-kaytetty\\\/\",\"url\":\"https:\\\/\\\/storitgroup.com\\\/fi\\\/tuote\\\/pukukaappi-s-1x400mm-ral7035-3020-kaytetty\\\/\",\"name\":\"Pukukaappi S 1x400 mm jalustapenkill\u00e4, RAL7035\\\/3020, K\u00c4YTETTY &#8226; Storit\",\"isPartOf\":{\"@id\":\"https:\\\/\\\/storitgroup.com\\\/fi\\\/#website\"},\"primaryImageOfPage\":{\"@id\":\"https:\\\/\\\/storitgroup.com\\\/fi\\\/tuote\\\/pukukaappi-s-1x400mm-ral7035-3020-kaytetty\\\/#primaryimage\"},\"image\":{\"@id\":\"https:\\\/\\\/storitgroup.com\\\/fi\\\/tuote\\\/pukukaappi-s-1x400mm-ral7035-3020-kaytetty\\\/#primaryimage\"},\"thumbnailUrl\":\"https:\\\/\\\/storitgroup.com\\\/uploads\\\/2022\\\/05\\\/m0050-400z-2-4.jpg\",\"datePublished\":\"2022-05-25T10:45:16+00:00\",\"dateModified\":\"2023-04-14T04:58:29+00:00\",\"description\":\"Pukukaappi S 1x400 mm jalustapenkill\u00e4, RAL7035\\\/3020, K\u00c4YTETTY \u2014 kohtuulliseen hintaan. Toimitukset kaikkialle Suomeen! \u261b Tutustu tuotteeseen ja tilaa k\u00e4tev\u00e4sti STORIT-verkkokaupasta!\",\"breadcrumb\":{\"@id\":\"https:\\\/\\\/storitgroup.com\\\/fi\\\/tuote\\\/pukukaappi-s-1x400mm-ral7035-3020-kaytetty\\\/#breadcrumb\"},\"inLanguage\":\"fi\",\"potentialAction\":[{\"@type\":\"ReadAction\",\"target\":[\"https:\\\/\\\/storitgroup.com\\\/fi\\\/tuote\\\/pukukaappi-s-1x400mm-ral7035-3020-kaytetty\\\/\"]}]},{\"@type\":\"ImageObject\",\"inLanguage\":\"fi\",\"@id\":\"https:\\\/\\\/storitgroup.com\\\/fi\\\/tuote\\\/pukukaappi-s-1x400mm-ral7035-3020-kaytetty\\\/#primaryimage\",\"url\":\"https:\\\/\\\/storitgroup.com\\\/uploads\\\/2022\\\/05\\\/m0050-400z-2-4.jpg\",\"contentUrl\":\"https:\\\/\\\/storitgroup.com\\\/uploads\\\/2022\\\/05\\\/m0050-400z-2-4.jpg\",\"width\":313,\"height\":469},{\"@type\":\"BreadcrumbList\",\"@id\":\"https:\\\/\\\/storitgroup.com\\\/fi\\\/tuote\\\/pukukaappi-s-1x400mm-ral7035-3020-kaytetty\\\/#breadcrumb\",\"itemListElement\":[{\"@type\":\"ListItem\",\"position\":1,\"name\":\"Kotisivu\",\"item\":\"https:\\\/\\\/storitgroup.com\\\/fi\\\/\"},{\"@type\":\"ListItem\",\"position\":2,\"name\":\"Tuotteet\",\"item\":\"https:\\\/\\\/storitgroup.com\\\/fi\\\/tuotteet\\\/\"},{\"@type\":\"ListItem\",\"position\":3,\"name\":\"Metallikaapit, pukukaapit\",\"item\":\"https:\\\/\\\/storitgroup.com\\\/fi\\\/metallikaapit-pukukaapit\\\/\"},{\"@type\":\"ListItem\",\"position\":4,\"name\":\"Pukukaapit\",\"item\":\"https:\\\/\\\/storitgroup.com\\\/fi\\\/metallikaapit-pukukaapit\\\/pukukaapit\\\/\"},{\"@type\":\"ListItem\",\"position\":5,\"name\":\"Pukukaappi S 1&#215;400 mm jalustapenkill\u00e4, RAL7035\\\/3020, K\u00c4YTETTY\"}]},{\"@type\":\"WebSite\",\"@id\":\"https:\\\/\\\/storitgroup.com\\\/fi\\\/#website\",\"url\":\"https:\\\/\\\/storitgroup.com\\\/fi\\\/\",\"name\":\"Storit\",\"description\":\"\",\"potentialAction\":[{\"@type\":\"SearchAction\",\"target\":{\"@type\":\"EntryPoint\",\"urlTemplate\":\"https:\\\/\\\/storitgroup.com\\\/fi\\\/?s={search_term_string}\"},\"query-input\":{\"@type\":\"PropertyValueSpecification\",\"valueRequired\":true,\"valueName\":\"search_term_string\"}}],\"inLanguage\":\"fi\"}]}<\/script>\n<!-- \/ Yoast SEO plugin. -->","yoast_head_json":{"title":"Pukukaappi S 1x400 mm jalustapenkill\u00e4, RAL7035\/3020, K\u00c4YTETTY &#8226; Storit","description":"Pukukaappi S 1x400 mm jalustapenkill\u00e4, RAL7035\/3020, K\u00c4YTETTY \u2014 kohtuulliseen hintaan. Toimitukset kaikkialle Suomeen! \u261b Tutustu tuotteeseen ja tilaa k\u00e4tev\u00e4sti STORIT-verkkokaupasta!","robots":{"index":"index","follow":"follow","max-snippet":"max-snippet:-1","max-image-preview":"max-image-preview:large","max-video-preview":"max-video-preview:-1"},"canonical":"https:\/\/storitgroup.com\/fi\/tuote\/pukukaappi-s-1x400mm-ral7035-3020-kaytetty\/","og_locale":"fi_FI","og_type":"article","og_title":"Pukukaappi S 1x400 mm jalustapenkill\u00e4, RAL7035\/3020, K\u00c4YTETTY &#8226; Storit","og_description":"Pukukaappi S 1x400 mm jalustapenkill\u00e4, RAL7035\/3020, K\u00c4YTETTY \u2014 kohtuulliseen hintaan. Toimitukset kaikkialle Suomeen! \u261b Tutustu tuotteeseen ja tilaa k\u00e4tev\u00e4sti STORIT-verkkokaupasta!","og_url":"https:\/\/storitgroup.com\/fi\/tuote\/pukukaappi-s-1x400mm-ral7035-3020-kaytetty\/","og_site_name":"Storit","article_modified_time":"2023-04-14T04:58:29+00:00","og_image":[{"width":313,"height":469,"url":"https:\/\/storitgroup.com\/uploads\/2022\/05\/m0050-400z-2-4.jpg","type":"image\/jpeg"}],"twitter_card":"summary_large_image","twitter_misc":{"Arvioitu lukuaika":"1 minuutti"},"schema":{"@context":"https:\/\/schema.org","@graph":[{"@type":["WebPage","ItemPage"],"@id":"https:\/\/storitgroup.com\/fi\/tuote\/pukukaappi-s-1x400mm-ral7035-3020-kaytetty\/","url":"https:\/\/storitgroup.com\/fi\/tuote\/pukukaappi-s-1x400mm-ral7035-3020-kaytetty\/","name":"Pukukaappi S 1x400 mm jalustapenkill\u00e4, RAL7035\/3020, K\u00c4YTETTY &#8226; Storit","isPartOf":{"@id":"https:\/\/storitgroup.com\/fi\/#website"},"primaryImageOfPage":{"@id":"https:\/\/storitgroup.com\/fi\/tuote\/pukukaappi-s-1x400mm-ral7035-3020-kaytetty\/#primaryimage"},"image":{"@id":"https:\/\/storitgroup.com\/fi\/tuote\/pukukaappi-s-1x400mm-ral7035-3020-kaytetty\/#primaryimage"},"thumbnailUrl":"https:\/\/storitgroup.com\/uploads\/2022\/05\/m0050-400z-2-4.jpg","datePublished":"2022-05-25T10:45:16+00:00","dateModified":"2023-04-14T04:58:29+00:00","description":"Pukukaappi S 1x400 mm jalustapenkill\u00e4, RAL7035\/3020, K\u00c4YTETTY \u2014 kohtuulliseen hintaan. Toimitukset kaikkialle Suomeen! \u261b Tutustu tuotteeseen ja tilaa k\u00e4tev\u00e4sti STORIT-verkkokaupasta!","breadcrumb":{"@id":"https:\/\/storitgroup.com\/fi\/tuote\/pukukaappi-s-1x400mm-ral7035-3020-kaytetty\/#breadcrumb"},"inLanguage":"fi","potentialAction":[{"@type":"ReadAction","target":["https:\/\/storitgroup.com\/fi\/tuote\/pukukaappi-s-1x400mm-ral7035-3020-kaytetty\/"]}]},{"@type":"ImageObject","inLanguage":"fi","@id":"https:\/\/storitgroup.com\/fi\/tuote\/pukukaappi-s-1x400mm-ral7035-3020-kaytetty\/#primaryimage","url":"https:\/\/storitgroup.com\/uploads\/2022\/05\/m0050-400z-2-4.jpg","contentUrl":"https:\/\/storitgroup.com\/uploads\/2022\/05\/m0050-400z-2-4.jpg","width":313,"height":469},{"@type":"BreadcrumbList","@id":"https:\/\/storitgroup.com\/fi\/tuote\/pukukaappi-s-1x400mm-ral7035-3020-kaytetty\/#breadcrumb","itemListElement":[{"@type":"ListItem","position":1,"name":"Kotisivu","item":"https:\/\/storitgroup.com\/fi\/"},{"@type":"ListItem","position":2,"name":"Tuotteet","item":"https:\/\/storitgroup.com\/fi\/tuotteet\/"},{"@type":"ListItem","position":3,"name":"Metallikaapit, pukukaapit","item":"https:\/\/storitgroup.com\/fi\/metallikaapit-pukukaapit\/"},{"@type":"ListItem","position":4,"name":"Pukukaapit","item":"https:\/\/storitgroup.com\/fi\/metallikaapit-pukukaapit\/pukukaapit\/"},{"@type":"ListItem","position":5,"name":"Pukukaappi S 1&#215;400 mm jalustapenkill\u00e4, RAL7035\/3020, K\u00c4YTETTY"}]},{"@type":"WebSite","@id":"https:\/\/storitgroup.com\/fi\/#website","url":"https:\/\/storitgroup.com\/fi\/","name":"Storit","description":"","potentialAction":[{"@type":"SearchAction","target":{"@type":"EntryPoint","urlTemplate":"https:\/\/storitgroup.com\/fi\/?s={search_term_string}"},"query-input":{"@type":"PropertyValueSpecification","valueRequired":true,"valueName":"search_term_string"}}],"inLanguage":"fi"}]}},"_links":{"self":[{"href":"https:\/\/storitgroup.com\/fi\/wp-json\/wp\/v2\/product\/185884","targetHints":{"allow":["GET"]}}],"collection":[{"href":"https:\/\/storitgroup.com\/fi\/wp-json\/wp\/v2\/product"}],"about":[{"href":"https:\/\/storitgroup.com\/fi\/wp-json\/wp\/v2\/types\/product"}],"wp:featuredmedia":[{"embeddable":true,"href":"https:\/\/storitgroup.com\/fi\/wp-json\/wp\/v2\/media\/195777"}],"wp:attachment":[{"href":"https:\/\/storitgroup.com\/fi\/wp-json\/wp\/v2\/media?parent=185884"}],"wp:term":[{"taxonomy":"product_brand","embeddable":true,"href":"https:\/\/storitgroup.com\/fi\/wp-json\/wp\/v2\/product_brand?post=185884"},{"taxonomy":"product_cat","embeddable":true,"href":"https:\/\/storitgroup.com\/fi\/wp-json\/wp\/v2\/product_cat?post=185884"},{"taxonomy":"product_tag","embeddable":true,"href":"https:\/\/storitgroup.com\/fi\/wp-json\/wp\/v2\/product_tag?post=185884"}],"curies":[{"name":"wp","href":"https:\/\/api.w.org\/{rel}","templated":true}]}}