{"id":184831,"date":"2022-03-29T13:41:08","date_gmt":"2022-03-29T10:41:09","guid":{"rendered":"https:\/\/storitgroup.com\/?post_type=product&#038;p=184831"},"modified":"2024-12-28T02:10:16","modified_gmt":"2024-12-28T00:10:16","slug":"vaatteiden-ja-jalkineiden-kuivauskaappi","status":"publish","type":"product","link":"https:\/\/storitgroup.com\/fi\/tuote\/vaatteiden-ja-jalkineiden-kuivauskaappi\/","title":{"rendered":"Vaatteiden ja jalkineiden kuivauskaappi Storit"},"content":{"rendered":"<p>Vaatteiden ja kenkien kuivauskaappi on valmistettu galvanoidusta ter\u00e4ksest\u00e4, eik\u00e4 sit\u00e4 ole maalattu. Edess\u00e4 on PVC-verho, jonka avulla vaatteiden laittaaminen ja poistaminen on helppoa ja se my\u00f6s est\u00e4\u00e4 l\u00e4mp\u00f6h\u00e4vi\u00f6n. Kaappiin mahtuu noin 10 paria vaatteita ja kenki\u00e4 kuivausta varten. Ihanteellinen k\u00e4ytett\u00e4v\u00e4ksi esimerkiksi p\u00e4iv\u00e4kodissa, hiihtokeskuksessa, rakennusty\u00f6maalla jne.<\/p>\n<p> Kaapissa on:<br \/>&#8211; ripustusputki,<br \/>&#8211; 20 kuivausputkea kengille,<br \/>&#8211; l\u00e4mmitys- ja tuuletusmoduuli,<br \/>&#8211; kaksi kahva,<br \/>s\u00e4\u00e4dett\u00e4v\u00e4t jalat.<\/p>\n<p>L\u00e4mmittimelle ja s\u00e4hk\u00f6lle on yksi ilmanvaihtomoduuli, joka kytkeytyy p\u00e4\u00e4lle molemmille osille samanaikaisesti. Automaattinen aikakytkin on asetettu l\u00e4mmitt\u00e4m\u00e4\u00e4n 5 tuntia ja j\u00e4\u00e4hdytt\u00e4m\u00e4\u00e4n 10 minuuttia.<\/p>\n","protected":false},"excerpt":{"rendered":"<p>Vaatteiden ja kenkien kuivauskaappi on valmistettu galvanoidusta ter\u00e4ksest\u00e4, eik\u00e4 sit\u00e4 ole maalattu. Edess\u00e4 on PVC-verho, jonka avulla vaatteiden laittaaminen ja poistaminen on helppoa ja se my\u00f6s est\u00e4\u00e4 l\u00e4mp\u00f6h\u00e4vi\u00f6n. Kaappiin mahtuu noin 10 paria vaatteita ja kenki\u00e4 kuivausta varten. Ihanteellinen k\u00e4ytett\u00e4v\u00e4ksi esimerkiksi p\u00e4iv\u00e4kodissa, hiihtokeskuksessa, rakennusty\u00f6maalla jne.<\/p>\n<p> Kaapissa on:<\/p>\n","protected":false},"featured_media":201839,"template":"","meta":{"_acf_changed":false},"product_brand":[],"product_cat":[7060],"product_tag":[],"class_list":{"0":"post-184831","1":"product","2":"type-product","3":"status-publish","4":"has-post-thumbnail","6":"product_room-pukuhuone","7":"product_room-tyopaja-ja-autotalli","8":"product_room-koulut-ja-paivakodit","9":"product_room-kiinteistokehitys","10":"product_cat-siivouskaapit-kuivauskaapit","12":"first","13":"onbackorder","14":"taxable","15":"shipping-taxable","16":"purchasable","17":"product-type-simple"},"acf":[],"yoast_head":"<!-- This site is optimized with the Yoast SEO plugin v27.2 - https:\/\/yoast.com\/product\/yoast-seo-wordpress\/ -->\n<title>Vaatteiden ja jalkineiden kuivauskaappi Storit &#8226; Storit<\/title>\n<meta name=\"description\" content=\"Vaatteiden ja jalkineiden kuivauskaappi Storit \u2014 kohtuulliseen hintaan. Toimitukset kaikkialle Suomeen! \u261b Tutustu tuotteeseen ja tilaa k\u00e4tev\u00e4sti STORIT-verkkokaupasta!\" \/>\n<meta name=\"robots\" content=\"index, follow, max-snippet:-1, max-image-preview:large, max-video-preview:-1\" \/>\n<link rel=\"canonical\" href=\"https:\/\/storitgroup.com\/fi\/tuote\/vaatteiden-ja-jalkineiden-kuivauskaappi\/\" \/>\n<meta property=\"og:locale\" content=\"fi_FI\" \/>\n<meta property=\"og:type\" content=\"article\" \/>\n<meta property=\"og:title\" content=\"Vaatteiden ja jalkineiden kuivauskaappi Storit &#8226; Storit\" \/>\n<meta property=\"og:description\" content=\"Vaatteiden ja jalkineiden kuivauskaappi Storit \u2014 kohtuulliseen hintaan. Toimitukset kaikkialle Suomeen! \u261b Tutustu tuotteeseen ja tilaa k\u00e4tev\u00e4sti STORIT-verkkokaupasta!\" \/>\n<meta property=\"og:url\" content=\"https:\/\/storitgroup.com\/fi\/tuote\/vaatteiden-ja-jalkineiden-kuivauskaappi\/\" \/>\n<meta property=\"og:site_name\" content=\"Storit\" \/>\n<meta property=\"article:modified_time\" content=\"2024-12-28T00:10:16+00:00\" \/>\n<meta property=\"og:image\" content=\"https:\/\/storitgroup.com\/uploads\/2022\/03\/118-kuivatuskapp_riietele-1.jpg\" \/>\n\t<meta property=\"og:image:width\" content=\"427\" \/>\n\t<meta property=\"og:image:height\" content=\"605\" \/>\n\t<meta property=\"og:image:type\" content=\"image\/jpeg\" \/>\n<meta name=\"twitter:card\" content=\"summary_large_image\" \/>\n<meta name=\"twitter:label1\" content=\"Arvioitu lukuaika\" \/>\n\t<meta name=\"twitter:data1\" content=\"1 minuutti\" \/>\n<script type=\"application\/ld+json\" class=\"yoast-schema-graph\">{\"@context\":\"https:\/\/schema.org\",\"@graph\":[{\"@type\":[\"WebPage\",\"ItemPage\"],\"@id\":\"https:\/\/storitgroup.com\/fi\/tuote\/vaatteiden-ja-jalkineiden-kuivauskaappi\/\",\"url\":\"https:\/\/storitgroup.com\/fi\/tuote\/vaatteiden-ja-jalkineiden-kuivauskaappi\/\",\"name\":\"Vaatteiden ja jalkineiden kuivauskaappi Storit &#8226; Storit\",\"isPartOf\":{\"@id\":\"https:\/\/storitgroup.com\/fi\/#website\"},\"primaryImageOfPage\":{\"@id\":\"https:\/\/storitgroup.com\/fi\/tuote\/vaatteiden-ja-jalkineiden-kuivauskaappi\/#primaryimage\"},\"image\":{\"@id\":\"https:\/\/storitgroup.com\/fi\/tuote\/vaatteiden-ja-jalkineiden-kuivauskaappi\/#primaryimage\"},\"thumbnailUrl\":\"https:\/\/storitgroup.com\/uploads\/2022\/03\/118-kuivatuskapp_riietele-1.jpg\",\"datePublished\":\"2022-03-29T10:41:09+00:00\",\"dateModified\":\"2024-12-28T00:10:16+00:00\",\"description\":\"Vaatteiden ja jalkineiden kuivauskaappi Storit \u2014 kohtuulliseen hintaan. Toimitukset kaikkialle Suomeen! \u261b Tutustu tuotteeseen ja tilaa k\u00e4tev\u00e4sti STORIT-verkkokaupasta!\",\"breadcrumb\":{\"@id\":\"https:\/\/storitgroup.com\/fi\/tuote\/vaatteiden-ja-jalkineiden-kuivauskaappi\/#breadcrumb\"},\"inLanguage\":\"fi\",\"potentialAction\":[{\"@type\":\"ReadAction\",\"target\":[\"https:\/\/storitgroup.com\/fi\/tuote\/vaatteiden-ja-jalkineiden-kuivauskaappi\/\"]}]},{\"@type\":\"ImageObject\",\"inLanguage\":\"fi\",\"@id\":\"https:\/\/storitgroup.com\/fi\/tuote\/vaatteiden-ja-jalkineiden-kuivauskaappi\/#primaryimage\",\"url\":\"https:\/\/storitgroup.com\/uploads\/2022\/03\/118-kuivatuskapp_riietele-1.jpg\",\"contentUrl\":\"https:\/\/storitgroup.com\/uploads\/2022\/03\/118-kuivatuskapp_riietele-1.jpg\",\"width\":427,\"height\":605},{\"@type\":\"BreadcrumbList\",\"@id\":\"https:\/\/storitgroup.com\/fi\/tuote\/vaatteiden-ja-jalkineiden-kuivauskaappi\/#breadcrumb\",\"itemListElement\":[{\"@type\":\"ListItem\",\"position\":1,\"name\":\"Kotisivu\",\"item\":\"https:\/\/storitgroup.com\/fi\/\"},{\"@type\":\"ListItem\",\"position\":2,\"name\":\"Tuotteet\",\"item\":\"https:\/\/storitgroup.com\/fi\/tuotteet\/\"},{\"@type\":\"ListItem\",\"position\":3,\"name\":\"Metallikaapit, pukukaapit\",\"item\":\"https:\/\/storitgroup.com\/fi\/metallikaapit-pukukaapit\/\"},{\"@type\":\"ListItem\",\"position\":4,\"name\":\"Siivouskaapit, kuivauskaapit\",\"item\":\"https:\/\/storitgroup.com\/fi\/metallikaapit-pukukaapit\/siivouskaapit-kuivauskaapit\/\"},{\"@type\":\"ListItem\",\"position\":5,\"name\":\"Vaatteiden ja jalkineiden kuivauskaappi Storit\"}]},{\"@type\":\"WebSite\",\"@id\":\"https:\/\/storitgroup.com\/fi\/#website\",\"url\":\"https:\/\/storitgroup.com\/fi\/\",\"name\":\"Storit\",\"description\":\"\",\"potentialAction\":[{\"@type\":\"SearchAction\",\"target\":{\"@type\":\"EntryPoint\",\"urlTemplate\":\"https:\/\/storitgroup.com\/fi\/?s={search_term_string}\"},\"query-input\":{\"@type\":\"PropertyValueSpecification\",\"valueRequired\":true,\"valueName\":\"search_term_string\"}}],\"inLanguage\":\"fi\"}]}<\/script>\n<!-- \/ Yoast SEO plugin. -->","yoast_head_json":{"title":"Vaatteiden ja jalkineiden kuivauskaappi Storit &#8226; Storit","description":"Vaatteiden ja jalkineiden kuivauskaappi Storit \u2014 kohtuulliseen hintaan. Toimitukset kaikkialle Suomeen! \u261b Tutustu tuotteeseen ja tilaa k\u00e4tev\u00e4sti STORIT-verkkokaupasta!","robots":{"index":"index","follow":"follow","max-snippet":"max-snippet:-1","max-image-preview":"max-image-preview:large","max-video-preview":"max-video-preview:-1"},"canonical":"https:\/\/storitgroup.com\/fi\/tuote\/vaatteiden-ja-jalkineiden-kuivauskaappi\/","og_locale":"fi_FI","og_type":"article","og_title":"Vaatteiden ja jalkineiden kuivauskaappi Storit &#8226; Storit","og_description":"Vaatteiden ja jalkineiden kuivauskaappi Storit \u2014 kohtuulliseen hintaan. Toimitukset kaikkialle Suomeen! \u261b Tutustu tuotteeseen ja tilaa k\u00e4tev\u00e4sti STORIT-verkkokaupasta!","og_url":"https:\/\/storitgroup.com\/fi\/tuote\/vaatteiden-ja-jalkineiden-kuivauskaappi\/","og_site_name":"Storit","article_modified_time":"2024-12-28T00:10:16+00:00","og_image":[{"width":427,"height":605,"url":"https:\/\/storitgroup.com\/uploads\/2022\/03\/118-kuivatuskapp_riietele-1.jpg","type":"image\/jpeg"}],"twitter_card":"summary_large_image","twitter_misc":{"Arvioitu lukuaika":"1 minuutti"},"schema":{"@context":"https:\/\/schema.org","@graph":[{"@type":["WebPage","ItemPage"],"@id":"https:\/\/storitgroup.com\/fi\/tuote\/vaatteiden-ja-jalkineiden-kuivauskaappi\/","url":"https:\/\/storitgroup.com\/fi\/tuote\/vaatteiden-ja-jalkineiden-kuivauskaappi\/","name":"Vaatteiden ja jalkineiden kuivauskaappi Storit &#8226; Storit","isPartOf":{"@id":"https:\/\/storitgroup.com\/fi\/#website"},"primaryImageOfPage":{"@id":"https:\/\/storitgroup.com\/fi\/tuote\/vaatteiden-ja-jalkineiden-kuivauskaappi\/#primaryimage"},"image":{"@id":"https:\/\/storitgroup.com\/fi\/tuote\/vaatteiden-ja-jalkineiden-kuivauskaappi\/#primaryimage"},"thumbnailUrl":"https:\/\/storitgroup.com\/uploads\/2022\/03\/118-kuivatuskapp_riietele-1.jpg","datePublished":"2022-03-29T10:41:09+00:00","dateModified":"2024-12-28T00:10:16+00:00","description":"Vaatteiden ja jalkineiden kuivauskaappi Storit \u2014 kohtuulliseen hintaan. Toimitukset kaikkialle Suomeen! \u261b Tutustu tuotteeseen ja tilaa k\u00e4tev\u00e4sti STORIT-verkkokaupasta!","breadcrumb":{"@id":"https:\/\/storitgroup.com\/fi\/tuote\/vaatteiden-ja-jalkineiden-kuivauskaappi\/#breadcrumb"},"inLanguage":"fi","potentialAction":[{"@type":"ReadAction","target":["https:\/\/storitgroup.com\/fi\/tuote\/vaatteiden-ja-jalkineiden-kuivauskaappi\/"]}]},{"@type":"ImageObject","inLanguage":"fi","@id":"https:\/\/storitgroup.com\/fi\/tuote\/vaatteiden-ja-jalkineiden-kuivauskaappi\/#primaryimage","url":"https:\/\/storitgroup.com\/uploads\/2022\/03\/118-kuivatuskapp_riietele-1.jpg","contentUrl":"https:\/\/storitgroup.com\/uploads\/2022\/03\/118-kuivatuskapp_riietele-1.jpg","width":427,"height":605},{"@type":"BreadcrumbList","@id":"https:\/\/storitgroup.com\/fi\/tuote\/vaatteiden-ja-jalkineiden-kuivauskaappi\/#breadcrumb","itemListElement":[{"@type":"ListItem","position":1,"name":"Kotisivu","item":"https:\/\/storitgroup.com\/fi\/"},{"@type":"ListItem","position":2,"name":"Tuotteet","item":"https:\/\/storitgroup.com\/fi\/tuotteet\/"},{"@type":"ListItem","position":3,"name":"Metallikaapit, pukukaapit","item":"https:\/\/storitgroup.com\/fi\/metallikaapit-pukukaapit\/"},{"@type":"ListItem","position":4,"name":"Siivouskaapit, kuivauskaapit","item":"https:\/\/storitgroup.com\/fi\/metallikaapit-pukukaapit\/siivouskaapit-kuivauskaapit\/"},{"@type":"ListItem","position":5,"name":"Vaatteiden ja jalkineiden kuivauskaappi Storit"}]},{"@type":"WebSite","@id":"https:\/\/storitgroup.com\/fi\/#website","url":"https:\/\/storitgroup.com\/fi\/","name":"Storit","description":"","potentialAction":[{"@type":"SearchAction","target":{"@type":"EntryPoint","urlTemplate":"https:\/\/storitgroup.com\/fi\/?s={search_term_string}"},"query-input":{"@type":"PropertyValueSpecification","valueRequired":true,"valueName":"search_term_string"}}],"inLanguage":"fi"}]}},"_links":{"self":[{"href":"https:\/\/storitgroup.com\/fi\/wp-json\/wp\/v2\/product\/184831","targetHints":{"allow":["GET"]}}],"collection":[{"href":"https:\/\/storitgroup.com\/fi\/wp-json\/wp\/v2\/product"}],"about":[{"href":"https:\/\/storitgroup.com\/fi\/wp-json\/wp\/v2\/types\/product"}],"wp:featuredmedia":[{"embeddable":true,"href":"https:\/\/storitgroup.com\/fi\/wp-json\/wp\/v2\/media\/201839"}],"wp:attachment":[{"href":"https:\/\/storitgroup.com\/fi\/wp-json\/wp\/v2\/media?parent=184831"}],"wp:term":[{"taxonomy":"product_brand","embeddable":true,"href":"https:\/\/storitgroup.com\/fi\/wp-json\/wp\/v2\/product_brand?post=184831"},{"taxonomy":"product_cat","embeddable":true,"href":"https:\/\/storitgroup.com\/fi\/wp-json\/wp\/v2\/product_cat?post=184831"},{"taxonomy":"product_tag","embeddable":true,"href":"https:\/\/storitgroup.com\/fi\/wp-json\/wp\/v2\/product_tag?post=184831"}],"curies":[{"name":"wp","href":"https:\/\/api.w.org\/{rel}","templated":true}]}}