{"id":183042,"date":"2022-02-07T11:11:03","date_gmt":"2022-02-07T09:11:03","guid":{"rendered":"https:\/\/storitgroup.com\/?post_type=product&#038;p=183042"},"modified":"2024-12-04T00:55:20","modified_gmt":"2024-12-03T22:55:20","slug":"vaaterekki-pyorilla-1700-x-600-x-1690mm","status":"publish","type":"product","link":"https:\/\/storitgroup.com\/fi\/tuote\/vaaterekki-pyorilla-1700-x-600-x-1690mm\/","title":{"rendered":"Vaaterekki py\u00f6rill\u00e4 1700x600x1690 mm, jarruilla"},"content":{"rendered":"<p>Vaatetelineell\u00e4 on vahva rakenne ja se on jauhemaalattu.<br \/>4 py\u00f6riv\u00e4\u00e4 py\u00f6r\u00e4\u00e4, joiden halkaisija on \u00d8 125 mm, joista 2 jarrullisia.<\/p>\n","protected":false},"excerpt":{"rendered":"<p>Vaatetelineell\u00e4 on vahva rakenne ja se on jauhemaalattu.<br \/>\n4 py\u00f6riv\u00e4\u00e4 py\u00f6r\u00e4\u00e4, joiden halkaisija on \u00d8 125 mm, joista 2 jarrullisia.<\/p>\n","protected":false},"featured_media":203379,"template":"","meta":{"_acf_changed":false},"product_brand":[],"product_cat":[7061],"product_tag":[],"class_list":{"0":"post-183042","1":"product","2":"type-product","3":"status-publish","4":"has-post-thumbnail","6":"product_room-arkisto-museo","7":"product_room-kiinteistokehitys","8":"product_room-kotiratkaisut","9":"product_room-kotitoimisto","10":"product_room-koulut-ja-paivakodit","11":"product_room-laakeyhtiot-ja-laboratoriot","12":"product_room-pukuhuone","13":"product_room-toimisto","14":"product_room-tyopaja-ja-autotalli","15":"product_cat-penkit-penkkitelineet","17":"first","18":"instock","19":"taxable","20":"shipping-taxable","21":"purchasable","22":"product-type-simple"},"acf":[],"yoast_head":"<!-- This site is optimized with the Yoast SEO plugin v27.4 - https:\/\/yoast.com\/product\/yoast-seo-wordpress\/ -->\n<title>Vaaterekki py\u00f6rill\u00e4 1700x600x1690 mm, jarruilla &#8226; Storit<\/title>\n<meta name=\"description\" content=\"Vaaterekki py\u00f6rill\u00e4 1700x600x1690 mm, jarruilla \u2014 kohtuulliseen hintaan. Toimitukset kaikkialle Suomeen! \u261b Tutustu tuotteeseen ja tilaa k\u00e4tev\u00e4sti STORIT-verkkokaupasta!\" \/>\n<meta name=\"robots\" content=\"index, follow, max-snippet:-1, max-image-preview:large, max-video-preview:-1\" \/>\n<link rel=\"canonical\" href=\"https:\/\/storitgroup.com\/fi\/tuote\/vaaterekki-pyorilla-1700-x-600-x-1690mm\/\" \/>\n<meta property=\"og:locale\" content=\"fi_FI\" \/>\n<meta property=\"og:type\" content=\"article\" \/>\n<meta property=\"og:title\" content=\"Vaaterekki py\u00f6rill\u00e4 1700x600x1690 mm, jarruilla &#8226; Storit\" \/>\n<meta property=\"og:description\" content=\"Vaaterekki py\u00f6rill\u00e4 1700x600x1690 mm, jarruilla \u2014 kohtuulliseen hintaan. Toimitukset kaikkialle Suomeen! \u261b Tutustu tuotteeseen ja tilaa k\u00e4tev\u00e4sti STORIT-verkkokaupasta!\" \/>\n<meta property=\"og:url\" content=\"https:\/\/storitgroup.com\/fi\/tuote\/vaaterekki-pyorilla-1700-x-600-x-1690mm\/\" \/>\n<meta property=\"og:site_name\" content=\"Storit\" \/>\n<meta property=\"article:modified_time\" content=\"2024-12-03T22:55:20+00:00\" \/>\n<meta property=\"og:image\" content=\"https:\/\/storitgroup.com\/uploads\/2022\/02\/125-riidestange_kkm113700b.jpg\" \/>\n\t<meta property=\"og:image:width\" content=\"459\" \/>\n\t<meta property=\"og:image:height\" content=\"509\" \/>\n\t<meta property=\"og:image:type\" content=\"image\/jpeg\" \/>\n<meta name=\"twitter:card\" content=\"summary_large_image\" \/>\n<script type=\"application\/ld+json\" class=\"yoast-schema-graph\">{\"@context\":\"https:\\\/\\\/schema.org\",\"@graph\":[{\"@type\":[\"WebPage\",\"ItemPage\"],\"@id\":\"https:\\\/\\\/storitgroup.com\\\/fi\\\/tuote\\\/vaaterekki-pyorilla-1700-x-600-x-1690mm\\\/\",\"url\":\"https:\\\/\\\/storitgroup.com\\\/fi\\\/tuote\\\/vaaterekki-pyorilla-1700-x-600-x-1690mm\\\/\",\"name\":\"Vaaterekki py\u00f6rill\u00e4 1700x600x1690 mm, jarruilla &#8226; Storit\",\"isPartOf\":{\"@id\":\"https:\\\/\\\/storitgroup.com\\\/fi\\\/#website\"},\"primaryImageOfPage\":{\"@id\":\"https:\\\/\\\/storitgroup.com\\\/fi\\\/tuote\\\/vaaterekki-pyorilla-1700-x-600-x-1690mm\\\/#primaryimage\"},\"image\":{\"@id\":\"https:\\\/\\\/storitgroup.com\\\/fi\\\/tuote\\\/vaaterekki-pyorilla-1700-x-600-x-1690mm\\\/#primaryimage\"},\"thumbnailUrl\":\"https:\\\/\\\/storitgroup.com\\\/uploads\\\/2022\\\/02\\\/125-riidestange_kkm113700b.jpg\",\"datePublished\":\"2022-02-07T09:11:03+00:00\",\"dateModified\":\"2024-12-03T22:55:20+00:00\",\"description\":\"Vaaterekki py\u00f6rill\u00e4 1700x600x1690 mm, jarruilla \u2014 kohtuulliseen hintaan. Toimitukset kaikkialle Suomeen! \u261b Tutustu tuotteeseen ja tilaa k\u00e4tev\u00e4sti STORIT-verkkokaupasta!\",\"breadcrumb\":{\"@id\":\"https:\\\/\\\/storitgroup.com\\\/fi\\\/tuote\\\/vaaterekki-pyorilla-1700-x-600-x-1690mm\\\/#breadcrumb\"},\"inLanguage\":\"fi\",\"potentialAction\":[{\"@type\":\"ReadAction\",\"target\":[\"https:\\\/\\\/storitgroup.com\\\/fi\\\/tuote\\\/vaaterekki-pyorilla-1700-x-600-x-1690mm\\\/\"]}]},{\"@type\":\"ImageObject\",\"inLanguage\":\"fi\",\"@id\":\"https:\\\/\\\/storitgroup.com\\\/fi\\\/tuote\\\/vaaterekki-pyorilla-1700-x-600-x-1690mm\\\/#primaryimage\",\"url\":\"https:\\\/\\\/storitgroup.com\\\/uploads\\\/2022\\\/02\\\/125-riidestange_kkm113700b.jpg\",\"contentUrl\":\"https:\\\/\\\/storitgroup.com\\\/uploads\\\/2022\\\/02\\\/125-riidestange_kkm113700b.jpg\",\"width\":459,\"height\":509},{\"@type\":\"BreadcrumbList\",\"@id\":\"https:\\\/\\\/storitgroup.com\\\/fi\\\/tuote\\\/vaaterekki-pyorilla-1700-x-600-x-1690mm\\\/#breadcrumb\",\"itemListElement\":[{\"@type\":\"ListItem\",\"position\":1,\"name\":\"Kotisivu\",\"item\":\"https:\\\/\\\/storitgroup.com\\\/fi\\\/\"},{\"@type\":\"ListItem\",\"position\":2,\"name\":\"Tuotteet\",\"item\":\"https:\\\/\\\/storitgroup.com\\\/fi\\\/tuotteet\\\/\"},{\"@type\":\"ListItem\",\"position\":3,\"name\":\"Metallikaapit, pukukaapit\",\"item\":\"https:\\\/\\\/storitgroup.com\\\/fi\\\/tuotteet\\\/metallikaapit-pukukaapit\\\/\"},{\"@type\":\"ListItem\",\"position\":4,\"name\":\"Penkit, penkkitelineet\",\"item\":\"https:\\\/\\\/storitgroup.com\\\/fi\\\/tuotteet\\\/metallikaapit-pukukaapit\\\/penkit-penkkitelineet\\\/\"},{\"@type\":\"ListItem\",\"position\":5,\"name\":\"Vaaterekki py\u00f6rill\u00e4 1700x600x1690 mm, jarruilla\"}]},{\"@type\":\"WebSite\",\"@id\":\"https:\\\/\\\/storitgroup.com\\\/fi\\\/#website\",\"url\":\"https:\\\/\\\/storitgroup.com\\\/fi\\\/\",\"name\":\"Storit\",\"description\":\"\",\"potentialAction\":[{\"@type\":\"SearchAction\",\"target\":{\"@type\":\"EntryPoint\",\"urlTemplate\":\"https:\\\/\\\/storitgroup.com\\\/fi\\\/?s={search_term_string}\"},\"query-input\":{\"@type\":\"PropertyValueSpecification\",\"valueRequired\":true,\"valueName\":\"search_term_string\"}}],\"inLanguage\":\"fi\"}]}<\/script>\n<!-- \/ Yoast SEO plugin. -->","yoast_head_json":{"title":"Vaaterekki py\u00f6rill\u00e4 1700x600x1690 mm, jarruilla &#8226; Storit","description":"Vaaterekki py\u00f6rill\u00e4 1700x600x1690 mm, jarruilla \u2014 kohtuulliseen hintaan. Toimitukset kaikkialle Suomeen! \u261b Tutustu tuotteeseen ja tilaa k\u00e4tev\u00e4sti STORIT-verkkokaupasta!","robots":{"index":"index","follow":"follow","max-snippet":"max-snippet:-1","max-image-preview":"max-image-preview:large","max-video-preview":"max-video-preview:-1"},"canonical":"https:\/\/storitgroup.com\/fi\/tuote\/vaaterekki-pyorilla-1700-x-600-x-1690mm\/","og_locale":"fi_FI","og_type":"article","og_title":"Vaaterekki py\u00f6rill\u00e4 1700x600x1690 mm, jarruilla &#8226; Storit","og_description":"Vaaterekki py\u00f6rill\u00e4 1700x600x1690 mm, jarruilla \u2014 kohtuulliseen hintaan. Toimitukset kaikkialle Suomeen! \u261b Tutustu tuotteeseen ja tilaa k\u00e4tev\u00e4sti STORIT-verkkokaupasta!","og_url":"https:\/\/storitgroup.com\/fi\/tuote\/vaaterekki-pyorilla-1700-x-600-x-1690mm\/","og_site_name":"Storit","article_modified_time":"2024-12-03T22:55:20+00:00","og_image":[{"width":459,"height":509,"url":"https:\/\/storitgroup.com\/uploads\/2022\/02\/125-riidestange_kkm113700b.jpg","type":"image\/jpeg"}],"twitter_card":"summary_large_image","schema":{"@context":"https:\/\/schema.org","@graph":[{"@type":["WebPage","ItemPage"],"@id":"https:\/\/storitgroup.com\/fi\/tuote\/vaaterekki-pyorilla-1700-x-600-x-1690mm\/","url":"https:\/\/storitgroup.com\/fi\/tuote\/vaaterekki-pyorilla-1700-x-600-x-1690mm\/","name":"Vaaterekki py\u00f6rill\u00e4 1700x600x1690 mm, jarruilla &#8226; Storit","isPartOf":{"@id":"https:\/\/storitgroup.com\/fi\/#website"},"primaryImageOfPage":{"@id":"https:\/\/storitgroup.com\/fi\/tuote\/vaaterekki-pyorilla-1700-x-600-x-1690mm\/#primaryimage"},"image":{"@id":"https:\/\/storitgroup.com\/fi\/tuote\/vaaterekki-pyorilla-1700-x-600-x-1690mm\/#primaryimage"},"thumbnailUrl":"https:\/\/storitgroup.com\/uploads\/2022\/02\/125-riidestange_kkm113700b.jpg","datePublished":"2022-02-07T09:11:03+00:00","dateModified":"2024-12-03T22:55:20+00:00","description":"Vaaterekki py\u00f6rill\u00e4 1700x600x1690 mm, jarruilla \u2014 kohtuulliseen hintaan. Toimitukset kaikkialle Suomeen! \u261b Tutustu tuotteeseen ja tilaa k\u00e4tev\u00e4sti STORIT-verkkokaupasta!","breadcrumb":{"@id":"https:\/\/storitgroup.com\/fi\/tuote\/vaaterekki-pyorilla-1700-x-600-x-1690mm\/#breadcrumb"},"inLanguage":"fi","potentialAction":[{"@type":"ReadAction","target":["https:\/\/storitgroup.com\/fi\/tuote\/vaaterekki-pyorilla-1700-x-600-x-1690mm\/"]}]},{"@type":"ImageObject","inLanguage":"fi","@id":"https:\/\/storitgroup.com\/fi\/tuote\/vaaterekki-pyorilla-1700-x-600-x-1690mm\/#primaryimage","url":"https:\/\/storitgroup.com\/uploads\/2022\/02\/125-riidestange_kkm113700b.jpg","contentUrl":"https:\/\/storitgroup.com\/uploads\/2022\/02\/125-riidestange_kkm113700b.jpg","width":459,"height":509},{"@type":"BreadcrumbList","@id":"https:\/\/storitgroup.com\/fi\/tuote\/vaaterekki-pyorilla-1700-x-600-x-1690mm\/#breadcrumb","itemListElement":[{"@type":"ListItem","position":1,"name":"Kotisivu","item":"https:\/\/storitgroup.com\/fi\/"},{"@type":"ListItem","position":2,"name":"Tuotteet","item":"https:\/\/storitgroup.com\/fi\/tuotteet\/"},{"@type":"ListItem","position":3,"name":"Metallikaapit, pukukaapit","item":"https:\/\/storitgroup.com\/fi\/tuotteet\/metallikaapit-pukukaapit\/"},{"@type":"ListItem","position":4,"name":"Penkit, penkkitelineet","item":"https:\/\/storitgroup.com\/fi\/tuotteet\/metallikaapit-pukukaapit\/penkit-penkkitelineet\/"},{"@type":"ListItem","position":5,"name":"Vaaterekki py\u00f6rill\u00e4 1700x600x1690 mm, jarruilla"}]},{"@type":"WebSite","@id":"https:\/\/storitgroup.com\/fi\/#website","url":"https:\/\/storitgroup.com\/fi\/","name":"Storit","description":"","potentialAction":[{"@type":"SearchAction","target":{"@type":"EntryPoint","urlTemplate":"https:\/\/storitgroup.com\/fi\/?s={search_term_string}"},"query-input":{"@type":"PropertyValueSpecification","valueRequired":true,"valueName":"search_term_string"}}],"inLanguage":"fi"}]}},"_links":{"self":[{"href":"https:\/\/storitgroup.com\/fi\/wp-json\/wp\/v2\/product\/183042","targetHints":{"allow":["GET"]}}],"collection":[{"href":"https:\/\/storitgroup.com\/fi\/wp-json\/wp\/v2\/product"}],"about":[{"href":"https:\/\/storitgroup.com\/fi\/wp-json\/wp\/v2\/types\/product"}],"wp:featuredmedia":[{"embeddable":true,"href":"https:\/\/storitgroup.com\/fi\/wp-json\/wp\/v2\/media\/203379"}],"wp:attachment":[{"href":"https:\/\/storitgroup.com\/fi\/wp-json\/wp\/v2\/media?parent=183042"}],"wp:term":[{"taxonomy":"product_brand","embeddable":true,"href":"https:\/\/storitgroup.com\/fi\/wp-json\/wp\/v2\/product_brand?post=183042"},{"taxonomy":"product_cat","embeddable":true,"href":"https:\/\/storitgroup.com\/fi\/wp-json\/wp\/v2\/product_cat?post=183042"},{"taxonomy":"product_tag","embeddable":true,"href":"https:\/\/storitgroup.com\/fi\/wp-json\/wp\/v2\/product_tag?post=183042"}],"curies":[{"name":"wp","href":"https:\/\/api.w.org\/{rel}","templated":true}]}}