{"id":182673,"date":"2022-01-28T14:33:37","date_gmt":"2022-01-28T12:33:39","guid":{"rendered":"https:\/\/storitgroup.com\/?post_type=product&#038;p=182673"},"modified":"2025-01-10T02:00:23","modified_gmt":"2025-01-10T00:00:23","slug":"sailion-big-box-1200x1000-mm-kansi","status":"publish","type":"product","link":"https:\/\/storitgroup.com\/fi\/tuote\/sailion-big-box-1200x1000-mm-kansi\/","title":{"rendered":"S\u00e4ili\u00f6 Big Box 1200&#215;1000 mm kansi"},"content":{"rendered":"<p>Kansi sopii t\u00e4sm\u00e4lleen s\u00e4ili\u00f6n Big Box  kokoon 1200&#215;1000 mm ja suojaa sen sis\u00e4ll\u00f6n p\u00f6lylt\u00e4 ja saastumiselta.<\/p>\n","protected":false},"excerpt":{"rendered":"<p>Kansi sopii t\u00e4sm\u00e4lleen s\u00e4ili\u00f6n Big Box  kokoon 1200&#215;1000 mm ja suojaa sen sis\u00e4ll\u00f6n p\u00f6lylt\u00e4 ja saastumiselta.<\/p>\n","protected":false},"featured_media":212442,"template":"","meta":{"_acf_changed":false},"product_brand":[],"product_cat":[7102],"product_tag":[],"class_list":{"0":"post-182673","1":"product","2":"type-product","3":"status-publish","4":"has-post-thumbnail","6":"product_room-iso-varasto","7":"product_room-kaupankaynti-ja-myymalat","8":"product_room-kotiratkaisut","9":"product_room-pieni-varasto","10":"product_room-ruuan-kasittely","11":"product_cat-muovilaatikot-muovisailiot","13":"first","14":"instock","15":"taxable","16":"shipping-taxable","17":"purchasable","18":"product-type-simple"},"acf":[],"yoast_head":"<!-- This site is optimized with the Yoast SEO plugin v27.4 - https:\/\/yoast.com\/product\/yoast-seo-wordpress\/ -->\n<title>S\u00e4ili\u00f6 Big Box 1200x1000 mm kansi &#8226; Storit<\/title>\n<meta name=\"description\" content=\"S\u00e4ili\u00f6 Big Box 1200x1000 mm kansi \u2014 kohtuulliseen hintaan. Toimitukset kaikkialle Suomeen! \u261b Tutustu tuotteeseen ja tilaa k\u00e4tev\u00e4sti STORIT-verkkokaupasta!\" \/>\n<meta name=\"robots\" content=\"index, follow, max-snippet:-1, max-image-preview:large, max-video-preview:-1\" \/>\n<link rel=\"canonical\" href=\"https:\/\/storitgroup.com\/fi\/tuote\/sailion-big-box-1200x1000-mm-kansi\/\" \/>\n<meta property=\"og:locale\" content=\"fi_FI\" \/>\n<meta property=\"og:type\" content=\"article\" \/>\n<meta property=\"og:title\" content=\"S\u00e4ili\u00f6 Big Box 1200x1000 mm kansi &#8226; Storit\" \/>\n<meta property=\"og:description\" content=\"S\u00e4ili\u00f6 Big Box 1200x1000 mm kansi \u2014 kohtuulliseen hintaan. Toimitukset kaikkialle Suomeen! \u261b Tutustu tuotteeseen ja tilaa k\u00e4tev\u00e4sti STORIT-verkkokaupasta!\" \/>\n<meta property=\"og:url\" content=\"https:\/\/storitgroup.com\/fi\/tuote\/sailion-big-box-1200x1000-mm-kansi\/\" \/>\n<meta property=\"og:site_name\" content=\"Storit\" \/>\n<meta property=\"article:modified_time\" content=\"2025-01-10T00:00:23+00:00\" \/>\n<meta property=\"og:image\" content=\"https:\/\/storitgroup.com\/uploads\/2022\/01\/35.-4410820.jpg\" \/>\n\t<meta property=\"og:image:width\" content=\"799\" \/>\n\t<meta property=\"og:image:height\" content=\"450\" \/>\n\t<meta property=\"og:image:type\" content=\"image\/jpeg\" \/>\n<meta name=\"twitter:card\" content=\"summary_large_image\" \/>\n<script type=\"application\/ld+json\" class=\"yoast-schema-graph\">{\"@context\":\"https:\\\/\\\/schema.org\",\"@graph\":[{\"@type\":[\"WebPage\",\"ItemPage\"],\"@id\":\"https:\\\/\\\/storitgroup.com\\\/fi\\\/tuote\\\/sailion-big-box-1200x1000-mm-kansi\\\/\",\"url\":\"https:\\\/\\\/storitgroup.com\\\/fi\\\/tuote\\\/sailion-big-box-1200x1000-mm-kansi\\\/\",\"name\":\"S\u00e4ili\u00f6 Big Box 1200x1000 mm kansi &#8226; Storit\",\"isPartOf\":{\"@id\":\"https:\\\/\\\/storitgroup.com\\\/fi\\\/#website\"},\"primaryImageOfPage\":{\"@id\":\"https:\\\/\\\/storitgroup.com\\\/fi\\\/tuote\\\/sailion-big-box-1200x1000-mm-kansi\\\/#primaryimage\"},\"image\":{\"@id\":\"https:\\\/\\\/storitgroup.com\\\/fi\\\/tuote\\\/sailion-big-box-1200x1000-mm-kansi\\\/#primaryimage\"},\"thumbnailUrl\":\"https:\\\/\\\/storitgroup.com\\\/uploads\\\/2022\\\/01\\\/35.-4410820.jpg\",\"datePublished\":\"2022-01-28T12:33:39+00:00\",\"dateModified\":\"2025-01-10T00:00:23+00:00\",\"description\":\"S\u00e4ili\u00f6 Big Box 1200x1000 mm kansi \u2014 kohtuulliseen hintaan. Toimitukset kaikkialle Suomeen! \u261b Tutustu tuotteeseen ja tilaa k\u00e4tev\u00e4sti STORIT-verkkokaupasta!\",\"breadcrumb\":{\"@id\":\"https:\\\/\\\/storitgroup.com\\\/fi\\\/tuote\\\/sailion-big-box-1200x1000-mm-kansi\\\/#breadcrumb\"},\"inLanguage\":\"fi\",\"potentialAction\":[{\"@type\":\"ReadAction\",\"target\":[\"https:\\\/\\\/storitgroup.com\\\/fi\\\/tuote\\\/sailion-big-box-1200x1000-mm-kansi\\\/\"]}]},{\"@type\":\"ImageObject\",\"inLanguage\":\"fi\",\"@id\":\"https:\\\/\\\/storitgroup.com\\\/fi\\\/tuote\\\/sailion-big-box-1200x1000-mm-kansi\\\/#primaryimage\",\"url\":\"https:\\\/\\\/storitgroup.com\\\/uploads\\\/2022\\\/01\\\/35.-4410820.jpg\",\"contentUrl\":\"https:\\\/\\\/storitgroup.com\\\/uploads\\\/2022\\\/01\\\/35.-4410820.jpg\",\"width\":799,\"height\":450},{\"@type\":\"BreadcrumbList\",\"@id\":\"https:\\\/\\\/storitgroup.com\\\/fi\\\/tuote\\\/sailion-big-box-1200x1000-mm-kansi\\\/#breadcrumb\",\"itemListElement\":[{\"@type\":\"ListItem\",\"position\":1,\"name\":\"Kotisivu\",\"item\":\"https:\\\/\\\/storitgroup.com\\\/fi\\\/\"},{\"@type\":\"ListItem\",\"position\":2,\"name\":\"Tuotteet\",\"item\":\"https:\\\/\\\/storitgroup.com\\\/fi\\\/tuotteet\\\/\"},{\"@type\":\"ListItem\",\"position\":3,\"name\":\"Varastolaatikot, s\u00e4ilytyslaatikot\",\"item\":\"https:\\\/\\\/storitgroup.com\\\/fi\\\/tuotteet\\\/varastolaatikot-sailytyslaatikot\\\/\"},{\"@type\":\"ListItem\",\"position\":4,\"name\":\"Muovilaatikot, muovis\u00e4ili\u00f6t\",\"item\":\"https:\\\/\\\/storitgroup.com\\\/fi\\\/tuotteet\\\/varastolaatikot-sailytyslaatikot\\\/muovilaatikot-muovisailiot\\\/\"},{\"@type\":\"ListItem\",\"position\":5,\"name\":\"S\u00e4ili\u00f6 Big Box 1200&#215;1000 mm kansi\"}]},{\"@type\":\"WebSite\",\"@id\":\"https:\\\/\\\/storitgroup.com\\\/fi\\\/#website\",\"url\":\"https:\\\/\\\/storitgroup.com\\\/fi\\\/\",\"name\":\"Storit\",\"description\":\"\",\"potentialAction\":[{\"@type\":\"SearchAction\",\"target\":{\"@type\":\"EntryPoint\",\"urlTemplate\":\"https:\\\/\\\/storitgroup.com\\\/fi\\\/?s={search_term_string}\"},\"query-input\":{\"@type\":\"PropertyValueSpecification\",\"valueRequired\":true,\"valueName\":\"search_term_string\"}}],\"inLanguage\":\"fi\"}]}<\/script>\n<!-- \/ Yoast SEO plugin. -->","yoast_head_json":{"title":"S\u00e4ili\u00f6 Big Box 1200x1000 mm kansi &#8226; Storit","description":"S\u00e4ili\u00f6 Big Box 1200x1000 mm kansi \u2014 kohtuulliseen hintaan. Toimitukset kaikkialle Suomeen! \u261b Tutustu tuotteeseen ja tilaa k\u00e4tev\u00e4sti STORIT-verkkokaupasta!","robots":{"index":"index","follow":"follow","max-snippet":"max-snippet:-1","max-image-preview":"max-image-preview:large","max-video-preview":"max-video-preview:-1"},"canonical":"https:\/\/storitgroup.com\/fi\/tuote\/sailion-big-box-1200x1000-mm-kansi\/","og_locale":"fi_FI","og_type":"article","og_title":"S\u00e4ili\u00f6 Big Box 1200x1000 mm kansi &#8226; Storit","og_description":"S\u00e4ili\u00f6 Big Box 1200x1000 mm kansi \u2014 kohtuulliseen hintaan. Toimitukset kaikkialle Suomeen! \u261b Tutustu tuotteeseen ja tilaa k\u00e4tev\u00e4sti STORIT-verkkokaupasta!","og_url":"https:\/\/storitgroup.com\/fi\/tuote\/sailion-big-box-1200x1000-mm-kansi\/","og_site_name":"Storit","article_modified_time":"2025-01-10T00:00:23+00:00","og_image":[{"width":799,"height":450,"url":"https:\/\/storitgroup.com\/uploads\/2022\/01\/35.-4410820.jpg","type":"image\/jpeg"}],"twitter_card":"summary_large_image","schema":{"@context":"https:\/\/schema.org","@graph":[{"@type":["WebPage","ItemPage"],"@id":"https:\/\/storitgroup.com\/fi\/tuote\/sailion-big-box-1200x1000-mm-kansi\/","url":"https:\/\/storitgroup.com\/fi\/tuote\/sailion-big-box-1200x1000-mm-kansi\/","name":"S\u00e4ili\u00f6 Big Box 1200x1000 mm kansi &#8226; Storit","isPartOf":{"@id":"https:\/\/storitgroup.com\/fi\/#website"},"primaryImageOfPage":{"@id":"https:\/\/storitgroup.com\/fi\/tuote\/sailion-big-box-1200x1000-mm-kansi\/#primaryimage"},"image":{"@id":"https:\/\/storitgroup.com\/fi\/tuote\/sailion-big-box-1200x1000-mm-kansi\/#primaryimage"},"thumbnailUrl":"https:\/\/storitgroup.com\/uploads\/2022\/01\/35.-4410820.jpg","datePublished":"2022-01-28T12:33:39+00:00","dateModified":"2025-01-10T00:00:23+00:00","description":"S\u00e4ili\u00f6 Big Box 1200x1000 mm kansi \u2014 kohtuulliseen hintaan. Toimitukset kaikkialle Suomeen! \u261b Tutustu tuotteeseen ja tilaa k\u00e4tev\u00e4sti STORIT-verkkokaupasta!","breadcrumb":{"@id":"https:\/\/storitgroup.com\/fi\/tuote\/sailion-big-box-1200x1000-mm-kansi\/#breadcrumb"},"inLanguage":"fi","potentialAction":[{"@type":"ReadAction","target":["https:\/\/storitgroup.com\/fi\/tuote\/sailion-big-box-1200x1000-mm-kansi\/"]}]},{"@type":"ImageObject","inLanguage":"fi","@id":"https:\/\/storitgroup.com\/fi\/tuote\/sailion-big-box-1200x1000-mm-kansi\/#primaryimage","url":"https:\/\/storitgroup.com\/uploads\/2022\/01\/35.-4410820.jpg","contentUrl":"https:\/\/storitgroup.com\/uploads\/2022\/01\/35.-4410820.jpg","width":799,"height":450},{"@type":"BreadcrumbList","@id":"https:\/\/storitgroup.com\/fi\/tuote\/sailion-big-box-1200x1000-mm-kansi\/#breadcrumb","itemListElement":[{"@type":"ListItem","position":1,"name":"Kotisivu","item":"https:\/\/storitgroup.com\/fi\/"},{"@type":"ListItem","position":2,"name":"Tuotteet","item":"https:\/\/storitgroup.com\/fi\/tuotteet\/"},{"@type":"ListItem","position":3,"name":"Varastolaatikot, s\u00e4ilytyslaatikot","item":"https:\/\/storitgroup.com\/fi\/tuotteet\/varastolaatikot-sailytyslaatikot\/"},{"@type":"ListItem","position":4,"name":"Muovilaatikot, muovis\u00e4ili\u00f6t","item":"https:\/\/storitgroup.com\/fi\/tuotteet\/varastolaatikot-sailytyslaatikot\/muovilaatikot-muovisailiot\/"},{"@type":"ListItem","position":5,"name":"S\u00e4ili\u00f6 Big Box 1200&#215;1000 mm kansi"}]},{"@type":"WebSite","@id":"https:\/\/storitgroup.com\/fi\/#website","url":"https:\/\/storitgroup.com\/fi\/","name":"Storit","description":"","potentialAction":[{"@type":"SearchAction","target":{"@type":"EntryPoint","urlTemplate":"https:\/\/storitgroup.com\/fi\/?s={search_term_string}"},"query-input":{"@type":"PropertyValueSpecification","valueRequired":true,"valueName":"search_term_string"}}],"inLanguage":"fi"}]}},"_links":{"self":[{"href":"https:\/\/storitgroup.com\/fi\/wp-json\/wp\/v2\/product\/182673","targetHints":{"allow":["GET"]}}],"collection":[{"href":"https:\/\/storitgroup.com\/fi\/wp-json\/wp\/v2\/product"}],"about":[{"href":"https:\/\/storitgroup.com\/fi\/wp-json\/wp\/v2\/types\/product"}],"wp:featuredmedia":[{"embeddable":true,"href":"https:\/\/storitgroup.com\/fi\/wp-json\/wp\/v2\/media\/212442"}],"wp:attachment":[{"href":"https:\/\/storitgroup.com\/fi\/wp-json\/wp\/v2\/media?parent=182673"}],"wp:term":[{"taxonomy":"product_brand","embeddable":true,"href":"https:\/\/storitgroup.com\/fi\/wp-json\/wp\/v2\/product_brand?post=182673"},{"taxonomy":"product_cat","embeddable":true,"href":"https:\/\/storitgroup.com\/fi\/wp-json\/wp\/v2\/product_cat?post=182673"},{"taxonomy":"product_tag","embeddable":true,"href":"https:\/\/storitgroup.com\/fi\/wp-json\/wp\/v2\/product_tag?post=182673"}],"curies":[{"name":"wp","href":"https:\/\/api.w.org\/{rel}","templated":true}]}}