{"id":18200,"date":"2021-03-05T13:52:46","date_gmt":"2021-03-05T13:52:46","guid":{"rendered":"https:\/\/storitgroup.com\/?post_type=product&#038;p=18200"},"modified":"2026-04-08T23:32:36","modified_gmt":"2026-04-08T20:32:36","slug":"tyokalukaappi-smd-80-ral7035-7035","status":"publish","type":"product","link":"https:\/\/storitgroup.com\/fi\/tuote\/tyokalukaappi-smd-80-ral7035-7035\/","title":{"rendered":"Siivouskaappi Smd 80 1800x800x500 mm, RAL7035\/7035"},"content":{"rendered":"<p>Siivoustarvikkeiden s\u00e4ilytyskaappi on jauhemaalattu ja voit valita 16 perusv\u00e4rist\u00e4. Muut RAL-luettelon v\u00e4rit ovat saatavilla pient\u00e4 lis\u00e4maksua vastaan.<\/p>\n<p>Vasemmalla puolella on 4 hylly\u00e4, jotka on erotettu oikealta v\u00e4lisein\u00e4ll\u00e4, oikea puoli on tyhj\u00e4 ja sinne voi laittaa harjaan, mopin tai p\u00f6lynimurin. Hyllyosan alla on my\u00f6s tyhj\u00e4 tila, johon mahtuu esim. \u00e4mp\u00e4ri.<\/p>\n<p>Kaappi on lukittava, mukana tulee 2 avainta.<\/p>\n<p>5-vuoden takuu.<\/p>\n","protected":false},"excerpt":{"rendered":"<p>Siivoustarvikkeiden s\u00e4ilytyskaappi on jauhemaalattu ja voit valita 16 perusv\u00e4rist\u00e4. Muut RAL-luettelon v\u00e4rit ovat saatavilla pient\u00e4 lis\u00e4maksua vastaan.<\/p>\n<p>Vasemmalla puolella on 4 hylly\u00e4, jotka on erotettu oikealta v\u00e4lisein\u00e4ll\u00e4, oikea puoli on tyhj\u00e4 ja sinne voi laittaa harjaan, mopin tai p\u00f6lynimurin. Hyllyosan alla on my\u00f6s tyhj\u00e4 tila, johon mahtuu esim. \u00e4mp\u00e4ri.<\/p>\n","protected":false},"featured_media":23125,"template":"","meta":{"_acf_changed":false},"product_brand":[],"product_cat":[7075],"product_tag":[],"class_list":{"0":"post-18200","1":"product","2":"type-product","3":"status-publish","4":"has-post-thumbnail","6":"product_room-tyopaja-ja-autotalli","7":"product_room-teollisuus-ja-tuotanto-ergonomiset-tyopaikat-tyokaluvarasto","8":"product_room-kotiratkaisut","9":"product_room-kuljetus-ja-logistiikka","10":"product_room-kokoonpano-ja-keraily","11":"product_cat-siivouskaapit","13":"first","14":"onbackorder","15":"taxable","16":"shipping-taxable","17":"purchasable","18":"product-type-simple"},"acf":[],"yoast_head":"<!-- This site is optimized with the Yoast SEO plugin v27.2 - https:\/\/yoast.com\/product\/yoast-seo-wordpress\/ -->\n<title>Siivouskaappi Smd 80 1800x800x500 mm, RAL7035\/7035 &#8226; Storit<\/title>\n<meta name=\"description\" content=\"Siivouskaappi Smd 80 1800x800x500 mm, RAL7035\/7035 \u2014 kohtuulliseen hintaan. Toimitukset kaikkialle Suomeen! \u261b Tutustu tuotteeseen ja tilaa k\u00e4tev\u00e4sti STORIT-verkkokaupasta!\" \/>\n<meta name=\"robots\" content=\"index, follow, max-snippet:-1, max-image-preview:large, max-video-preview:-1\" \/>\n<link rel=\"canonical\" href=\"https:\/\/storitgroup.com\/fi\/tuote\/tyokalukaappi-smd-80-ral7035-7035\/\" \/>\n<meta property=\"og:locale\" content=\"fi_FI\" \/>\n<meta property=\"og:type\" content=\"article\" \/>\n<meta property=\"og:title\" content=\"Siivouskaappi Smd 80 1800x800x500 mm, RAL7035\/7035 &#8226; Storit\" \/>\n<meta property=\"og:description\" content=\"Siivouskaappi Smd 80 1800x800x500 mm, RAL7035\/7035 \u2014 kohtuulliseen hintaan. Toimitukset kaikkialle Suomeen! \u261b Tutustu tuotteeseen ja tilaa k\u00e4tev\u00e4sti STORIT-verkkokaupasta!\" \/>\n<meta property=\"og:url\" content=\"https:\/\/storitgroup.com\/fi\/tuote\/tyokalukaappi-smd-80-ral7035-7035\/\" \/>\n<meta property=\"og:site_name\" content=\"Storit\" \/>\n<meta property=\"article:modified_time\" content=\"2026-04-08T20:32:36+00:00\" \/>\n<meta property=\"og:image\" content=\"https:\/\/storitgroup.com\/uploads\/2021\/03\/tooriistakapp-smd80-500-x-800-x-1800-mm-slk-hall-1-1.jpg\" \/>\n\t<meta property=\"og:image:width\" content=\"940\" \/>\n\t<meta property=\"og:image:height\" content=\"940\" \/>\n\t<meta property=\"og:image:type\" content=\"image\/jpeg\" \/>\n<meta name=\"twitter:card\" content=\"summary_large_image\" \/>\n<script type=\"application\/ld+json\" class=\"yoast-schema-graph\">{\"@context\":\"https:\/\/schema.org\",\"@graph\":[{\"@type\":[\"WebPage\",\"ItemPage\"],\"@id\":\"https:\/\/storitgroup.com\/fi\/tuote\/tyokalukaappi-smd-80-ral7035-7035\/\",\"url\":\"https:\/\/storitgroup.com\/fi\/tuote\/tyokalukaappi-smd-80-ral7035-7035\/\",\"name\":\"Siivouskaappi Smd 80 1800x800x500 mm, RAL7035\/7035 &#8226; Storit\",\"isPartOf\":{\"@id\":\"https:\/\/storitgroup.com\/fi\/#website\"},\"primaryImageOfPage\":{\"@id\":\"https:\/\/storitgroup.com\/fi\/tuote\/tyokalukaappi-smd-80-ral7035-7035\/#primaryimage\"},\"image\":{\"@id\":\"https:\/\/storitgroup.com\/fi\/tuote\/tyokalukaappi-smd-80-ral7035-7035\/#primaryimage\"},\"thumbnailUrl\":\"https:\/\/storitgroup.com\/uploads\/2021\/03\/tooriistakapp-smd80-500-x-800-x-1800-mm-slk-hall-1-1.jpg\",\"datePublished\":\"2021-03-05T13:52:46+00:00\",\"dateModified\":\"2026-04-08T20:32:36+00:00\",\"description\":\"Siivouskaappi Smd 80 1800x800x500 mm, RAL7035\/7035 \u2014 kohtuulliseen hintaan. Toimitukset kaikkialle Suomeen! \u261b Tutustu tuotteeseen ja tilaa k\u00e4tev\u00e4sti STORIT-verkkokaupasta!\",\"breadcrumb\":{\"@id\":\"https:\/\/storitgroup.com\/fi\/tuote\/tyokalukaappi-smd-80-ral7035-7035\/#breadcrumb\"},\"inLanguage\":\"fi\",\"potentialAction\":[{\"@type\":\"ReadAction\",\"target\":[\"https:\/\/storitgroup.com\/fi\/tuote\/tyokalukaappi-smd-80-ral7035-7035\/\"]}]},{\"@type\":\"ImageObject\",\"inLanguage\":\"fi\",\"@id\":\"https:\/\/storitgroup.com\/fi\/tuote\/tyokalukaappi-smd-80-ral7035-7035\/#primaryimage\",\"url\":\"https:\/\/storitgroup.com\/uploads\/2021\/03\/tooriistakapp-smd80-500-x-800-x-1800-mm-slk-hall-1-1.jpg\",\"contentUrl\":\"https:\/\/storitgroup.com\/uploads\/2021\/03\/tooriistakapp-smd80-500-x-800-x-1800-mm-slk-hall-1-1.jpg\",\"width\":940,\"height\":940},{\"@type\":\"BreadcrumbList\",\"@id\":\"https:\/\/storitgroup.com\/fi\/tuote\/tyokalukaappi-smd-80-ral7035-7035\/#breadcrumb\",\"itemListElement\":[{\"@type\":\"ListItem\",\"position\":1,\"name\":\"Kotisivu\",\"item\":\"https:\/\/storitgroup.com\/fi\/\"},{\"@type\":\"ListItem\",\"position\":2,\"name\":\"Tuotteet\",\"item\":\"https:\/\/storitgroup.com\/fi\/tuotteet\/\"},{\"@type\":\"ListItem\",\"position\":3,\"name\":\"Metallikaapit, pukukaapit\",\"item\":\"https:\/\/storitgroup.com\/fi\/metallikaapit-pukukaapit\/\"},{\"@type\":\"ListItem\",\"position\":4,\"name\":\"Siivouskaapit\",\"item\":\"https:\/\/storitgroup.com\/fi\/metallikaapit-pukukaapit\/siivouskaapit\/\"},{\"@type\":\"ListItem\",\"position\":5,\"name\":\"Siivouskaappi Smd 80 1800x800x500 mm, RAL7035\/7035\"}]},{\"@type\":\"WebSite\",\"@id\":\"https:\/\/storitgroup.com\/fi\/#website\",\"url\":\"https:\/\/storitgroup.com\/fi\/\",\"name\":\"Storit\",\"description\":\"\",\"potentialAction\":[{\"@type\":\"SearchAction\",\"target\":{\"@type\":\"EntryPoint\",\"urlTemplate\":\"https:\/\/storitgroup.com\/fi\/?s={search_term_string}\"},\"query-input\":{\"@type\":\"PropertyValueSpecification\",\"valueRequired\":true,\"valueName\":\"search_term_string\"}}],\"inLanguage\":\"fi\"}]}<\/script>\n<!-- \/ Yoast SEO plugin. -->","yoast_head_json":{"title":"Siivouskaappi Smd 80 1800x800x500 mm, RAL7035\/7035 &#8226; Storit","description":"Siivouskaappi Smd 80 1800x800x500 mm, RAL7035\/7035 \u2014 kohtuulliseen hintaan. Toimitukset kaikkialle Suomeen! \u261b Tutustu tuotteeseen ja tilaa k\u00e4tev\u00e4sti STORIT-verkkokaupasta!","robots":{"index":"index","follow":"follow","max-snippet":"max-snippet:-1","max-image-preview":"max-image-preview:large","max-video-preview":"max-video-preview:-1"},"canonical":"https:\/\/storitgroup.com\/fi\/tuote\/tyokalukaappi-smd-80-ral7035-7035\/","og_locale":"fi_FI","og_type":"article","og_title":"Siivouskaappi Smd 80 1800x800x500 mm, RAL7035\/7035 &#8226; Storit","og_description":"Siivouskaappi Smd 80 1800x800x500 mm, RAL7035\/7035 \u2014 kohtuulliseen hintaan. Toimitukset kaikkialle Suomeen! \u261b Tutustu tuotteeseen ja tilaa k\u00e4tev\u00e4sti STORIT-verkkokaupasta!","og_url":"https:\/\/storitgroup.com\/fi\/tuote\/tyokalukaappi-smd-80-ral7035-7035\/","og_site_name":"Storit","article_modified_time":"2026-04-08T20:32:36+00:00","og_image":[{"width":940,"height":940,"url":"https:\/\/storitgroup.com\/uploads\/2021\/03\/tooriistakapp-smd80-500-x-800-x-1800-mm-slk-hall-1-1.jpg","type":"image\/jpeg"}],"twitter_card":"summary_large_image","schema":{"@context":"https:\/\/schema.org","@graph":[{"@type":["WebPage","ItemPage"],"@id":"https:\/\/storitgroup.com\/fi\/tuote\/tyokalukaappi-smd-80-ral7035-7035\/","url":"https:\/\/storitgroup.com\/fi\/tuote\/tyokalukaappi-smd-80-ral7035-7035\/","name":"Siivouskaappi Smd 80 1800x800x500 mm, RAL7035\/7035 &#8226; Storit","isPartOf":{"@id":"https:\/\/storitgroup.com\/fi\/#website"},"primaryImageOfPage":{"@id":"https:\/\/storitgroup.com\/fi\/tuote\/tyokalukaappi-smd-80-ral7035-7035\/#primaryimage"},"image":{"@id":"https:\/\/storitgroup.com\/fi\/tuote\/tyokalukaappi-smd-80-ral7035-7035\/#primaryimage"},"thumbnailUrl":"https:\/\/storitgroup.com\/uploads\/2021\/03\/tooriistakapp-smd80-500-x-800-x-1800-mm-slk-hall-1-1.jpg","datePublished":"2021-03-05T13:52:46+00:00","dateModified":"2026-04-08T20:32:36+00:00","description":"Siivouskaappi Smd 80 1800x800x500 mm, RAL7035\/7035 \u2014 kohtuulliseen hintaan. Toimitukset kaikkialle Suomeen! \u261b Tutustu tuotteeseen ja tilaa k\u00e4tev\u00e4sti STORIT-verkkokaupasta!","breadcrumb":{"@id":"https:\/\/storitgroup.com\/fi\/tuote\/tyokalukaappi-smd-80-ral7035-7035\/#breadcrumb"},"inLanguage":"fi","potentialAction":[{"@type":"ReadAction","target":["https:\/\/storitgroup.com\/fi\/tuote\/tyokalukaappi-smd-80-ral7035-7035\/"]}]},{"@type":"ImageObject","inLanguage":"fi","@id":"https:\/\/storitgroup.com\/fi\/tuote\/tyokalukaappi-smd-80-ral7035-7035\/#primaryimage","url":"https:\/\/storitgroup.com\/uploads\/2021\/03\/tooriistakapp-smd80-500-x-800-x-1800-mm-slk-hall-1-1.jpg","contentUrl":"https:\/\/storitgroup.com\/uploads\/2021\/03\/tooriistakapp-smd80-500-x-800-x-1800-mm-slk-hall-1-1.jpg","width":940,"height":940},{"@type":"BreadcrumbList","@id":"https:\/\/storitgroup.com\/fi\/tuote\/tyokalukaappi-smd-80-ral7035-7035\/#breadcrumb","itemListElement":[{"@type":"ListItem","position":1,"name":"Kotisivu","item":"https:\/\/storitgroup.com\/fi\/"},{"@type":"ListItem","position":2,"name":"Tuotteet","item":"https:\/\/storitgroup.com\/fi\/tuotteet\/"},{"@type":"ListItem","position":3,"name":"Metallikaapit, pukukaapit","item":"https:\/\/storitgroup.com\/fi\/metallikaapit-pukukaapit\/"},{"@type":"ListItem","position":4,"name":"Siivouskaapit","item":"https:\/\/storitgroup.com\/fi\/metallikaapit-pukukaapit\/siivouskaapit\/"},{"@type":"ListItem","position":5,"name":"Siivouskaappi Smd 80 1800x800x500 mm, RAL7035\/7035"}]},{"@type":"WebSite","@id":"https:\/\/storitgroup.com\/fi\/#website","url":"https:\/\/storitgroup.com\/fi\/","name":"Storit","description":"","potentialAction":[{"@type":"SearchAction","target":{"@type":"EntryPoint","urlTemplate":"https:\/\/storitgroup.com\/fi\/?s={search_term_string}"},"query-input":{"@type":"PropertyValueSpecification","valueRequired":true,"valueName":"search_term_string"}}],"inLanguage":"fi"}]}},"_links":{"self":[{"href":"https:\/\/storitgroup.com\/fi\/wp-json\/wp\/v2\/product\/18200","targetHints":{"allow":["GET"]}}],"collection":[{"href":"https:\/\/storitgroup.com\/fi\/wp-json\/wp\/v2\/product"}],"about":[{"href":"https:\/\/storitgroup.com\/fi\/wp-json\/wp\/v2\/types\/product"}],"wp:featuredmedia":[{"embeddable":true,"href":"https:\/\/storitgroup.com\/fi\/wp-json\/wp\/v2\/media\/23125"}],"wp:attachment":[{"href":"https:\/\/storitgroup.com\/fi\/wp-json\/wp\/v2\/media?parent=18200"}],"wp:term":[{"taxonomy":"product_brand","embeddable":true,"href":"https:\/\/storitgroup.com\/fi\/wp-json\/wp\/v2\/product_brand?post=18200"},{"taxonomy":"product_cat","embeddable":true,"href":"https:\/\/storitgroup.com\/fi\/wp-json\/wp\/v2\/product_cat?post=18200"},{"taxonomy":"product_tag","embeddable":true,"href":"https:\/\/storitgroup.com\/fi\/wp-json\/wp\/v2\/product_tag?post=18200"}],"curies":[{"name":"wp","href":"https:\/\/api.w.org\/{rel}","templated":true}]}}