{"id":181889,"date":"2022-01-17T17:01:32","date_gmt":"2022-01-17T15:01:32","guid":{"rendered":"https:\/\/storitgroup.com\/?post_type=product&#038;p=181889"},"modified":"2022-02-08T02:11:55","modified_gmt":"2022-02-08T00:11:55","slug":"moduulihylly-metro-400-x-1000-x-h3000mm-perusosa","status":"publish","type":"product","link":"https:\/\/storitgroup.com\/fi\/tuote\/moduulihylly-metro-400-x-1000-x-h3000mm-perusosa\/","title":{"rendered":"Moduulihylly Metro 400 x 1000 x H3000mm, perusosa"},"content":{"rendered":"<p>W0063  H = 3000 mm<br \/>  hyllytaso: 400 x 1000 mm (s x l)<br \/>  hyllytasojen paksuus: 0,8 mm<br \/>  jokaisen hyllytason kantavuus: 150 kg\u00a0(tasaisella kuormituksella),\u00a0vahvikeprofiilin avulla on mahdollista saavuttaa +50 kg hyllytasokantavuus<br \/>  galvanoitu (Zn)<br \/>  hyllyt voi tilata my\u00f6s pulverimaalattuna (pylv\u00e4\u00e4t, tasot), v\u00e4rityksen hinta 8.- \/ m\u00b2<br \/>    settiin kuuluu:  pylv\u00e4s 2900\u00a0mm (h) &#8211; 4 kpl<br \/>  aluslevy\u00a0&#8211; 4 kpl<br \/>  hyllytaso\u00a01000 x 400 mm (ls) &#8211; 7 kpl<br \/>  tukilevy\u00a0&#8211; 6 kpl<br \/>  takaristikko\u00a0\u00a0&#8211; 1\u00a0kpl (joka toisessa osastossa)<br \/>  hyllynkannake\u00a0&#8211; 28 kpl.<\/p>\n","protected":false},"excerpt":{"rendered":"<p>W0063  H = 3000 mm<br \/>\n  hyllytaso: 400 x 1000 mm (s x l)<br \/>\n  hyllytasojen paksuus: 0,8 mm<\/p>\n","protected":false},"featured_media":0,"template":"","meta":{"_acf_changed":false},"product_brand":[],"product_cat":[15],"product_tag":[],"class_list":{"0":"post-181889","1":"product","2":"type-product","3":"status-publish","5":"product_cat-maaramata","7":"first","8":"onbackorder","9":"taxable","10":"shipping-taxable","11":"purchasable","12":"product-type-simple"},"acf":[],"yoast_head":"<!-- This site is optimized with the Yoast SEO plugin v27.3 - https:\/\/yoast.com\/product\/yoast-seo-wordpress\/ -->\n<title>Moduulihylly Metro 400 x 1000 x H3000mm, perusosa &#8226; Storit<\/title>\n<meta name=\"description\" content=\"Moduulihylly Metro 400 x 1000 x H3000mm, perusosa \u2014 kohtuulliseen hintaan. Toimitukset kaikkialle Suomeen! \u261b Tutustu tuotteeseen ja tilaa k\u00e4tev\u00e4sti STORIT-verkkokaupasta!\" \/>\n<meta name=\"robots\" content=\"index, follow, max-snippet:-1, max-image-preview:large, max-video-preview:-1\" \/>\n<link rel=\"canonical\" href=\"https:\/\/storitgroup.com\/fi\/tuote\/moduulihylly-metro-400-x-1000-x-h3000mm-perusosa\/\" \/>\n<meta property=\"og:locale\" content=\"fi_FI\" \/>\n<meta property=\"og:type\" content=\"article\" \/>\n<meta property=\"og:title\" content=\"Moduulihylly Metro 400 x 1000 x H3000mm, perusosa &#8226; Storit\" \/>\n<meta property=\"og:description\" content=\"Moduulihylly Metro 400 x 1000 x H3000mm, perusosa \u2014 kohtuulliseen hintaan. Toimitukset kaikkialle Suomeen! \u261b Tutustu tuotteeseen ja tilaa k\u00e4tev\u00e4sti STORIT-verkkokaupasta!\" \/>\n<meta property=\"og:url\" content=\"https:\/\/storitgroup.com\/fi\/tuote\/moduulihylly-metro-400-x-1000-x-h3000mm-perusosa\/\" \/>\n<meta property=\"og:site_name\" content=\"Storit\" \/>\n<meta property=\"article:modified_time\" content=\"2022-02-08T00:11:55+00:00\" \/>\n<meta name=\"twitter:card\" content=\"summary_large_image\" \/>\n<script type=\"application\/ld+json\" class=\"yoast-schema-graph\">{\"@context\":\"https:\\\/\\\/schema.org\",\"@graph\":[{\"@type\":[\"WebPage\",\"ItemPage\"],\"@id\":\"https:\\\/\\\/storitgroup.com\\\/fi\\\/tuote\\\/moduulihylly-metro-400-x-1000-x-h3000mm-perusosa\\\/\",\"url\":\"https:\\\/\\\/storitgroup.com\\\/fi\\\/tuote\\\/moduulihylly-metro-400-x-1000-x-h3000mm-perusosa\\\/\",\"name\":\"Moduulihylly Metro 400 x 1000 x H3000mm, perusosa &#8226; Storit\",\"isPartOf\":{\"@id\":\"https:\\\/\\\/storitgroup.com\\\/fi\\\/#website\"},\"datePublished\":\"2022-01-17T15:01:32+00:00\",\"dateModified\":\"2022-02-08T00:11:55+00:00\",\"description\":\"Moduulihylly Metro 400 x 1000 x H3000mm, perusosa \u2014 kohtuulliseen hintaan. Toimitukset kaikkialle Suomeen! \u261b Tutustu tuotteeseen ja tilaa k\u00e4tev\u00e4sti STORIT-verkkokaupasta!\",\"breadcrumb\":{\"@id\":\"https:\\\/\\\/storitgroup.com\\\/fi\\\/tuote\\\/moduulihylly-metro-400-x-1000-x-h3000mm-perusosa\\\/#breadcrumb\"},\"inLanguage\":\"fi\",\"potentialAction\":[{\"@type\":\"ReadAction\",\"target\":[\"https:\\\/\\\/storitgroup.com\\\/fi\\\/tuote\\\/moduulihylly-metro-400-x-1000-x-h3000mm-perusosa\\\/\"]}]},{\"@type\":\"BreadcrumbList\",\"@id\":\"https:\\\/\\\/storitgroup.com\\\/fi\\\/tuote\\\/moduulihylly-metro-400-x-1000-x-h3000mm-perusosa\\\/#breadcrumb\",\"itemListElement\":[{\"@type\":\"ListItem\",\"position\":1,\"name\":\"Kotisivu\",\"item\":\"https:\\\/\\\/storitgroup.com\\\/fi\\\/\"},{\"@type\":\"ListItem\",\"position\":2,\"name\":\"Tuotteet\",\"item\":\"https:\\\/\\\/storitgroup.com\\\/fi\\\/tuotteet\\\/\"},{\"@type\":\"ListItem\",\"position\":3,\"name\":\"Ei m\u00e4\u00e4ritelty\",\"item\":\"https:\\\/\\\/storitgroup.com\\\/fi\\\/ei-maaritelty\\\/\"},{\"@type\":\"ListItem\",\"position\":4,\"name\":\"Moduulihylly Metro 400 x 1000 x H3000mm, perusosa\"}]},{\"@type\":\"WebSite\",\"@id\":\"https:\\\/\\\/storitgroup.com\\\/fi\\\/#website\",\"url\":\"https:\\\/\\\/storitgroup.com\\\/fi\\\/\",\"name\":\"Storit\",\"description\":\"\",\"potentialAction\":[{\"@type\":\"SearchAction\",\"target\":{\"@type\":\"EntryPoint\",\"urlTemplate\":\"https:\\\/\\\/storitgroup.com\\\/fi\\\/?s={search_term_string}\"},\"query-input\":{\"@type\":\"PropertyValueSpecification\",\"valueRequired\":true,\"valueName\":\"search_term_string\"}}],\"inLanguage\":\"fi\"}]}<\/script>\n<!-- \/ Yoast SEO plugin. -->","yoast_head_json":{"title":"Moduulihylly Metro 400 x 1000 x H3000mm, perusosa &#8226; Storit","description":"Moduulihylly Metro 400 x 1000 x H3000mm, perusosa \u2014 kohtuulliseen hintaan. Toimitukset kaikkialle Suomeen! \u261b Tutustu tuotteeseen ja tilaa k\u00e4tev\u00e4sti STORIT-verkkokaupasta!","robots":{"index":"index","follow":"follow","max-snippet":"max-snippet:-1","max-image-preview":"max-image-preview:large","max-video-preview":"max-video-preview:-1"},"canonical":"https:\/\/storitgroup.com\/fi\/tuote\/moduulihylly-metro-400-x-1000-x-h3000mm-perusosa\/","og_locale":"fi_FI","og_type":"article","og_title":"Moduulihylly Metro 400 x 1000 x H3000mm, perusosa &#8226; Storit","og_description":"Moduulihylly Metro 400 x 1000 x H3000mm, perusosa \u2014 kohtuulliseen hintaan. Toimitukset kaikkialle Suomeen! \u261b Tutustu tuotteeseen ja tilaa k\u00e4tev\u00e4sti STORIT-verkkokaupasta!","og_url":"https:\/\/storitgroup.com\/fi\/tuote\/moduulihylly-metro-400-x-1000-x-h3000mm-perusosa\/","og_site_name":"Storit","article_modified_time":"2022-02-08T00:11:55+00:00","twitter_card":"summary_large_image","schema":{"@context":"https:\/\/schema.org","@graph":[{"@type":["WebPage","ItemPage"],"@id":"https:\/\/storitgroup.com\/fi\/tuote\/moduulihylly-metro-400-x-1000-x-h3000mm-perusosa\/","url":"https:\/\/storitgroup.com\/fi\/tuote\/moduulihylly-metro-400-x-1000-x-h3000mm-perusosa\/","name":"Moduulihylly Metro 400 x 1000 x H3000mm, perusosa &#8226; Storit","isPartOf":{"@id":"https:\/\/storitgroup.com\/fi\/#website"},"datePublished":"2022-01-17T15:01:32+00:00","dateModified":"2022-02-08T00:11:55+00:00","description":"Moduulihylly Metro 400 x 1000 x H3000mm, perusosa \u2014 kohtuulliseen hintaan. Toimitukset kaikkialle Suomeen! \u261b Tutustu tuotteeseen ja tilaa k\u00e4tev\u00e4sti STORIT-verkkokaupasta!","breadcrumb":{"@id":"https:\/\/storitgroup.com\/fi\/tuote\/moduulihylly-metro-400-x-1000-x-h3000mm-perusosa\/#breadcrumb"},"inLanguage":"fi","potentialAction":[{"@type":"ReadAction","target":["https:\/\/storitgroup.com\/fi\/tuote\/moduulihylly-metro-400-x-1000-x-h3000mm-perusosa\/"]}]},{"@type":"BreadcrumbList","@id":"https:\/\/storitgroup.com\/fi\/tuote\/moduulihylly-metro-400-x-1000-x-h3000mm-perusosa\/#breadcrumb","itemListElement":[{"@type":"ListItem","position":1,"name":"Kotisivu","item":"https:\/\/storitgroup.com\/fi\/"},{"@type":"ListItem","position":2,"name":"Tuotteet","item":"https:\/\/storitgroup.com\/fi\/tuotteet\/"},{"@type":"ListItem","position":3,"name":"Ei m\u00e4\u00e4ritelty","item":"https:\/\/storitgroup.com\/fi\/ei-maaritelty\/"},{"@type":"ListItem","position":4,"name":"Moduulihylly Metro 400 x 1000 x H3000mm, perusosa"}]},{"@type":"WebSite","@id":"https:\/\/storitgroup.com\/fi\/#website","url":"https:\/\/storitgroup.com\/fi\/","name":"Storit","description":"","potentialAction":[{"@type":"SearchAction","target":{"@type":"EntryPoint","urlTemplate":"https:\/\/storitgroup.com\/fi\/?s={search_term_string}"},"query-input":{"@type":"PropertyValueSpecification","valueRequired":true,"valueName":"search_term_string"}}],"inLanguage":"fi"}]}},"_links":{"self":[{"href":"https:\/\/storitgroup.com\/fi\/wp-json\/wp\/v2\/product\/181889","targetHints":{"allow":["GET"]}}],"collection":[{"href":"https:\/\/storitgroup.com\/fi\/wp-json\/wp\/v2\/product"}],"about":[{"href":"https:\/\/storitgroup.com\/fi\/wp-json\/wp\/v2\/types\/product"}],"wp:attachment":[{"href":"https:\/\/storitgroup.com\/fi\/wp-json\/wp\/v2\/media?parent=181889"}],"wp:term":[{"taxonomy":"product_brand","embeddable":true,"href":"https:\/\/storitgroup.com\/fi\/wp-json\/wp\/v2\/product_brand?post=181889"},{"taxonomy":"product_cat","embeddable":true,"href":"https:\/\/storitgroup.com\/fi\/wp-json\/wp\/v2\/product_cat?post=181889"},{"taxonomy":"product_tag","embeddable":true,"href":"https:\/\/storitgroup.com\/fi\/wp-json\/wp\/v2\/product_tag?post=181889"}],"curies":[{"name":"wp","href":"https:\/\/api.w.org\/{rel}","templated":true}]}}