{"id":181183,"date":"2021-12-10T13:50:14","date_gmt":"2021-12-10T11:50:14","guid":{"rendered":"https:\/\/storitgroup.com\/?post_type=product&#038;p=181183"},"modified":"2022-09-01T13:22:09","modified_gmt":"2022-09-01T10:22:09","slug":"vaatekaappi-2x300-mm-penkilla","status":"publish","type":"product","link":"https:\/\/storitgroup.com\/fi\/tuote\/vaatekaappi-2x300-mm-penkilla\/","title":{"rendered":"Vaatekaappi 2&#215;300 mm, penkill\u00e4"},"content":{"rendered":"<p>N\u00c4YTE HYV\u00c4N HINTAAN <br \/> Sylinterilukko, kaksi avainta <br \/> Sis\u00e4lt\u00e4\u00e4 ripustinputken, kolme koukkua, nimilapun pidikkeen, hattutelineen <br \/> Penkki H355xL600xS810 mm <br \/> Sarja on vaaleanharmaa (RAL7035)<\/p>\n","protected":false},"excerpt":{"rendered":"<p>N\u00c4YTE HYV\u00c4N HINTAAN<br \/>\n Sylinterilukko, kaksi avainta<br \/>\n Sis\u00e4lt\u00e4\u00e4 ripustinputken, kolme koukkua, nimilapun pidikkeen, hattutelineen <\/p>\n","protected":false},"featured_media":181243,"template":"","meta":{"_acf_changed":false},"product_brand":[],"product_cat":[7058],"product_tag":[],"class_list":{"0":"post-181183","1":"product","2":"type-product","3":"status-publish","4":"has-post-thumbnail","6":"product_cat-pukukaapit","8":"first","9":"onbackorder","10":"sold-individually","11":"taxable","12":"shipping-taxable","13":"purchasable","14":"product-type-simple"},"acf":[],"yoast_head":"<!-- This site is optimized with the Yoast SEO plugin v27.2 - https:\/\/yoast.com\/product\/yoast-seo-wordpress\/ -->\n<title>Vaatekaappi 2x300 mm, penkill\u00e4 &#8226; Storit<\/title>\n<meta name=\"description\" content=\"Vaatekaappi 2x300 mm, penkill\u00e4 \u2014 kohtuulliseen hintaan. Toimitukset kaikkialle Suomeen! \u261b Tutustu tuotteeseen ja tilaa k\u00e4tev\u00e4sti STORIT-verkkokaupasta!\" \/>\n<meta name=\"robots\" content=\"index, follow, max-snippet:-1, max-image-preview:large, max-video-preview:-1\" \/>\n<link rel=\"canonical\" href=\"https:\/\/storitgroup.com\/fi\/tuote\/vaatekaappi-2x300-mm-penkilla\/\" \/>\n<meta property=\"og:locale\" content=\"fi_FI\" \/>\n<meta property=\"og:type\" content=\"article\" \/>\n<meta property=\"og:title\" content=\"Vaatekaappi 2x300 mm, penkill\u00e4 &#8226; Storit\" \/>\n<meta property=\"og:description\" content=\"Vaatekaappi 2x300 mm, penkill\u00e4 \u2014 kohtuulliseen hintaan. Toimitukset kaikkialle Suomeen! \u261b Tutustu tuotteeseen ja tilaa k\u00e4tev\u00e4sti STORIT-verkkokaupasta!\" \/>\n<meta property=\"og:url\" content=\"https:\/\/storitgroup.com\/fi\/tuote\/vaatekaappi-2x300-mm-penkilla\/\" \/>\n<meta property=\"og:site_name\" content=\"Storit\" \/>\n<meta property=\"article:modified_time\" content=\"2022-09-01T10:22:09+00:00\" \/>\n<meta property=\"og:image\" content=\"https:\/\/storitgroup.com\/uploads\/2021\/12\/riidekapp-pingiga-scaled.jpg\" \/>\n\t<meta property=\"og:image:width\" content=\"1920\" \/>\n\t<meta property=\"og:image:height\" content=\"2560\" \/>\n\t<meta property=\"og:image:type\" content=\"image\/jpeg\" \/>\n<meta name=\"twitter:card\" content=\"summary_large_image\" \/>\n<script type=\"application\/ld+json\" class=\"yoast-schema-graph\">{\"@context\":\"https:\/\/schema.org\",\"@graph\":[{\"@type\":[\"WebPage\",\"ItemPage\"],\"@id\":\"https:\/\/storitgroup.com\/fi\/tuote\/vaatekaappi-2x300-mm-penkilla\/\",\"url\":\"https:\/\/storitgroup.com\/fi\/tuote\/vaatekaappi-2x300-mm-penkilla\/\",\"name\":\"Vaatekaappi 2x300 mm, penkill\u00e4 &#8226; Storit\",\"isPartOf\":{\"@id\":\"https:\/\/storitgroup.com\/fi\/#website\"},\"primaryImageOfPage\":{\"@id\":\"https:\/\/storitgroup.com\/fi\/tuote\/vaatekaappi-2x300-mm-penkilla\/#primaryimage\"},\"image\":{\"@id\":\"https:\/\/storitgroup.com\/fi\/tuote\/vaatekaappi-2x300-mm-penkilla\/#primaryimage\"},\"thumbnailUrl\":\"https:\/\/storitgroup.com\/uploads\/2021\/12\/riidekapp-pingiga-scaled.jpg\",\"datePublished\":\"2021-12-10T11:50:14+00:00\",\"dateModified\":\"2022-09-01T10:22:09+00:00\",\"description\":\"Vaatekaappi 2x300 mm, penkill\u00e4 \u2014 kohtuulliseen hintaan. Toimitukset kaikkialle Suomeen! \u261b Tutustu tuotteeseen ja tilaa k\u00e4tev\u00e4sti STORIT-verkkokaupasta!\",\"breadcrumb\":{\"@id\":\"https:\/\/storitgroup.com\/fi\/tuote\/vaatekaappi-2x300-mm-penkilla\/#breadcrumb\"},\"inLanguage\":\"fi\",\"potentialAction\":[{\"@type\":\"ReadAction\",\"target\":[\"https:\/\/storitgroup.com\/fi\/tuote\/vaatekaappi-2x300-mm-penkilla\/\"]}]},{\"@type\":\"ImageObject\",\"inLanguage\":\"fi\",\"@id\":\"https:\/\/storitgroup.com\/fi\/tuote\/vaatekaappi-2x300-mm-penkilla\/#primaryimage\",\"url\":\"https:\/\/storitgroup.com\/uploads\/2021\/12\/riidekapp-pingiga-scaled.jpg\",\"contentUrl\":\"https:\/\/storitgroup.com\/uploads\/2021\/12\/riidekapp-pingiga-scaled.jpg\",\"width\":1920,\"height\":2560},{\"@type\":\"BreadcrumbList\",\"@id\":\"https:\/\/storitgroup.com\/fi\/tuote\/vaatekaappi-2x300-mm-penkilla\/#breadcrumb\",\"itemListElement\":[{\"@type\":\"ListItem\",\"position\":1,\"name\":\"Kotisivu\",\"item\":\"https:\/\/storitgroup.com\/fi\/\"},{\"@type\":\"ListItem\",\"position\":2,\"name\":\"Tuotteet\",\"item\":\"https:\/\/storitgroup.com\/fi\/tuotteet\/\"},{\"@type\":\"ListItem\",\"position\":3,\"name\":\"Metallikaapit, pukukaapit\",\"item\":\"https:\/\/storitgroup.com\/fi\/metallikaapit-pukukaapit\/\"},{\"@type\":\"ListItem\",\"position\":4,\"name\":\"Pukukaapit\",\"item\":\"https:\/\/storitgroup.com\/fi\/metallikaapit-pukukaapit\/pukukaapit\/\"},{\"@type\":\"ListItem\",\"position\":5,\"name\":\"Vaatekaappi 2&#215;300 mm, penkill\u00e4\"}]},{\"@type\":\"WebSite\",\"@id\":\"https:\/\/storitgroup.com\/fi\/#website\",\"url\":\"https:\/\/storitgroup.com\/fi\/\",\"name\":\"Storit\",\"description\":\"\",\"potentialAction\":[{\"@type\":\"SearchAction\",\"target\":{\"@type\":\"EntryPoint\",\"urlTemplate\":\"https:\/\/storitgroup.com\/fi\/?s={search_term_string}\"},\"query-input\":{\"@type\":\"PropertyValueSpecification\",\"valueRequired\":true,\"valueName\":\"search_term_string\"}}],\"inLanguage\":\"fi\"}]}<\/script>\n<!-- \/ Yoast SEO plugin. -->","yoast_head_json":{"title":"Vaatekaappi 2x300 mm, penkill\u00e4 &#8226; Storit","description":"Vaatekaappi 2x300 mm, penkill\u00e4 \u2014 kohtuulliseen hintaan. Toimitukset kaikkialle Suomeen! \u261b Tutustu tuotteeseen ja tilaa k\u00e4tev\u00e4sti STORIT-verkkokaupasta!","robots":{"index":"index","follow":"follow","max-snippet":"max-snippet:-1","max-image-preview":"max-image-preview:large","max-video-preview":"max-video-preview:-1"},"canonical":"https:\/\/storitgroup.com\/fi\/tuote\/vaatekaappi-2x300-mm-penkilla\/","og_locale":"fi_FI","og_type":"article","og_title":"Vaatekaappi 2x300 mm, penkill\u00e4 &#8226; Storit","og_description":"Vaatekaappi 2x300 mm, penkill\u00e4 \u2014 kohtuulliseen hintaan. Toimitukset kaikkialle Suomeen! \u261b Tutustu tuotteeseen ja tilaa k\u00e4tev\u00e4sti STORIT-verkkokaupasta!","og_url":"https:\/\/storitgroup.com\/fi\/tuote\/vaatekaappi-2x300-mm-penkilla\/","og_site_name":"Storit","article_modified_time":"2022-09-01T10:22:09+00:00","og_image":[{"width":1920,"height":2560,"url":"https:\/\/storitgroup.com\/uploads\/2021\/12\/riidekapp-pingiga-scaled.jpg","type":"image\/jpeg"}],"twitter_card":"summary_large_image","schema":{"@context":"https:\/\/schema.org","@graph":[{"@type":["WebPage","ItemPage"],"@id":"https:\/\/storitgroup.com\/fi\/tuote\/vaatekaappi-2x300-mm-penkilla\/","url":"https:\/\/storitgroup.com\/fi\/tuote\/vaatekaappi-2x300-mm-penkilla\/","name":"Vaatekaappi 2x300 mm, penkill\u00e4 &#8226; Storit","isPartOf":{"@id":"https:\/\/storitgroup.com\/fi\/#website"},"primaryImageOfPage":{"@id":"https:\/\/storitgroup.com\/fi\/tuote\/vaatekaappi-2x300-mm-penkilla\/#primaryimage"},"image":{"@id":"https:\/\/storitgroup.com\/fi\/tuote\/vaatekaappi-2x300-mm-penkilla\/#primaryimage"},"thumbnailUrl":"https:\/\/storitgroup.com\/uploads\/2021\/12\/riidekapp-pingiga-scaled.jpg","datePublished":"2021-12-10T11:50:14+00:00","dateModified":"2022-09-01T10:22:09+00:00","description":"Vaatekaappi 2x300 mm, penkill\u00e4 \u2014 kohtuulliseen hintaan. Toimitukset kaikkialle Suomeen! \u261b Tutustu tuotteeseen ja tilaa k\u00e4tev\u00e4sti STORIT-verkkokaupasta!","breadcrumb":{"@id":"https:\/\/storitgroup.com\/fi\/tuote\/vaatekaappi-2x300-mm-penkilla\/#breadcrumb"},"inLanguage":"fi","potentialAction":[{"@type":"ReadAction","target":["https:\/\/storitgroup.com\/fi\/tuote\/vaatekaappi-2x300-mm-penkilla\/"]}]},{"@type":"ImageObject","inLanguage":"fi","@id":"https:\/\/storitgroup.com\/fi\/tuote\/vaatekaappi-2x300-mm-penkilla\/#primaryimage","url":"https:\/\/storitgroup.com\/uploads\/2021\/12\/riidekapp-pingiga-scaled.jpg","contentUrl":"https:\/\/storitgroup.com\/uploads\/2021\/12\/riidekapp-pingiga-scaled.jpg","width":1920,"height":2560},{"@type":"BreadcrumbList","@id":"https:\/\/storitgroup.com\/fi\/tuote\/vaatekaappi-2x300-mm-penkilla\/#breadcrumb","itemListElement":[{"@type":"ListItem","position":1,"name":"Kotisivu","item":"https:\/\/storitgroup.com\/fi\/"},{"@type":"ListItem","position":2,"name":"Tuotteet","item":"https:\/\/storitgroup.com\/fi\/tuotteet\/"},{"@type":"ListItem","position":3,"name":"Metallikaapit, pukukaapit","item":"https:\/\/storitgroup.com\/fi\/metallikaapit-pukukaapit\/"},{"@type":"ListItem","position":4,"name":"Pukukaapit","item":"https:\/\/storitgroup.com\/fi\/metallikaapit-pukukaapit\/pukukaapit\/"},{"@type":"ListItem","position":5,"name":"Vaatekaappi 2&#215;300 mm, penkill\u00e4"}]},{"@type":"WebSite","@id":"https:\/\/storitgroup.com\/fi\/#website","url":"https:\/\/storitgroup.com\/fi\/","name":"Storit","description":"","potentialAction":[{"@type":"SearchAction","target":{"@type":"EntryPoint","urlTemplate":"https:\/\/storitgroup.com\/fi\/?s={search_term_string}"},"query-input":{"@type":"PropertyValueSpecification","valueRequired":true,"valueName":"search_term_string"}}],"inLanguage":"fi"}]}},"_links":{"self":[{"href":"https:\/\/storitgroup.com\/fi\/wp-json\/wp\/v2\/product\/181183","targetHints":{"allow":["GET"]}}],"collection":[{"href":"https:\/\/storitgroup.com\/fi\/wp-json\/wp\/v2\/product"}],"about":[{"href":"https:\/\/storitgroup.com\/fi\/wp-json\/wp\/v2\/types\/product"}],"wp:featuredmedia":[{"embeddable":true,"href":"https:\/\/storitgroup.com\/fi\/wp-json\/wp\/v2\/media\/181243"}],"wp:attachment":[{"href":"https:\/\/storitgroup.com\/fi\/wp-json\/wp\/v2\/media?parent=181183"}],"wp:term":[{"taxonomy":"product_brand","embeddable":true,"href":"https:\/\/storitgroup.com\/fi\/wp-json\/wp\/v2\/product_brand?post=181183"},{"taxonomy":"product_cat","embeddable":true,"href":"https:\/\/storitgroup.com\/fi\/wp-json\/wp\/v2\/product_cat?post=181183"},{"taxonomy":"product_tag","embeddable":true,"href":"https:\/\/storitgroup.com\/fi\/wp-json\/wp\/v2\/product_tag?post=181183"}],"curies":[{"name":"wp","href":"https:\/\/api.w.org\/{rel}","templated":true}]}}