{"id":180198,"date":"2021-10-07T10:24:20","date_gmt":"2021-10-12T10:26:19","guid":{"rendered":"https:\/\/storitgroup.com\/?post_type=product&#038;p=180198"},"modified":"2026-04-03T14:20:45","modified_gmt":"2026-04-03T11:20:45","slug":"haarukkavaunu-1150mm-storit-hpt-a25-n-nn-2500kg","status":"publish","type":"product","link":"https:\/\/storitgroup.com\/fi\/tuote\/haarukkavaunu-1150mm-storit-hpt-a25-n-nn-2500kg\/","title":{"rendered":"Haarukkavaunu 1150mm Storit HPT-A25 N\/NN 2500kg"},"content":{"rendered":"<p>Nostokyky: 2500 kg<\/br>Haarukan pituus: 1150 mm<\/br>Ohjauspy\u00f6r\u00e4: Nailon<\/br>Rullat: Nailon\/Tandem<\/br>Rullan koko: \u00d880&#215;70 mm<\/br>Ohjauspy\u00f6r\u00e4n koko: \u00d8200 mm<\/br>Haarukan korkeus: 85-200 mm<\/br>Haarukan leveys: 540 mm<\/br>Yksitt\u00e4isen haarukan leveys: 160 mm<\/br>Vakionostolla<\/br>Haarukan p\u00e4iss\u00e4 apurullat poikittaista p\u00e4\u00e4sy\u00e4 varten alustaan<\/p>\n","protected":false},"excerpt":{"rendered":"<p>Nostokyky: 2500 kgHaarukan pituus: 1150 mmOhjauspy\u00f6r\u00e4: NailonRullat: Nailon\/TandemRullan koko: \u00d880&#215;70 mmOhjauspy\u00f6r\u00e4n koko: \u00d8200 mmHaarukan korkeus: 85-200 mmHaarukan leveys: 540 mmYksitt\u00e4isen haarukan leveys: 160 mmVakionostollaHaarukan p\u00e4iss\u00e4 apurullat poikittaista p\u00e4\u00e4sy\u00e4 varten alustaan<\/p>\n","protected":false},"featured_media":213627,"template":"","meta":{"_acf_changed":false},"product_brand":[],"product_cat":[7038],"product_tag":[],"class_list":{"0":"post-180198","1":"product","2":"type-product","3":"status-publish","4":"has-post-thumbnail","6":"product_room-nostovalinet","7":"product_room-tavaroiden-logistiikka","8":"product_room-kuljetus-ja-logistiikka","9":"product_room-tyopaja-ja-autotalli","10":"product_room-ruuan-kasittely","11":"product_room-kaupankaynti-ja-myymalat","12":"product_room-tynnyrien-ja-kaapeleiden-kasittely","13":"product_room-iso-varasto","14":"product_room-varasto-pitkille-tavaroille-ja-levymateriaaleille","15":"product_room-pieni-varasto","16":"product_cat-manuaaliset-haarukkavaunut-pumppukarryt","18":"first","19":"onbackorder","20":"taxable","21":"shipping-taxable","22":"purchasable","23":"product-type-simple"},"acf":[],"yoast_head":"<!-- This site is optimized with the Yoast SEO plugin v27.2 - https:\/\/yoast.com\/product\/yoast-seo-wordpress\/ -->\n<title>Haarukkavaunu 1150mm Storit HPT-A25 N\/NN 2500kg &#8226; Storit<\/title>\n<meta name=\"description\" content=\"Haarukkavaunu 1150mm Storit HPT-A25 N\/NN 2500kg \u2014 kohtuulliseen hintaan. Toimitukset kaikkialle Suomeen! \u261b Tutustu tuotteeseen ja tilaa k\u00e4tev\u00e4sti STORIT-verkkokaupasta!\" \/>\n<meta name=\"robots\" content=\"index, follow, max-snippet:-1, max-image-preview:large, max-video-preview:-1\" \/>\n<link rel=\"canonical\" href=\"https:\/\/storitgroup.com\/fi\/tuote\/haarukkavaunu-1150mm-storit-hpt-a25-n-nn-2500kg\/\" \/>\n<meta property=\"og:locale\" content=\"fi_FI\" \/>\n<meta property=\"og:type\" content=\"article\" \/>\n<meta property=\"og:title\" content=\"Haarukkavaunu 1150mm Storit HPT-A25 N\/NN 2500kg &#8226; Storit\" \/>\n<meta property=\"og:description\" content=\"Haarukkavaunu 1150mm Storit HPT-A25 N\/NN 2500kg \u2014 kohtuulliseen hintaan. Toimitukset kaikkialle Suomeen! \u261b Tutustu tuotteeseen ja tilaa k\u00e4tev\u00e4sti STORIT-verkkokaupasta!\" \/>\n<meta property=\"og:url\" content=\"https:\/\/storitgroup.com\/fi\/tuote\/haarukkavaunu-1150mm-storit-hpt-a25-n-nn-2500kg\/\" \/>\n<meta property=\"og:site_name\" content=\"Storit\" \/>\n<meta property=\"article:modified_time\" content=\"2026-04-03T11:20:45+00:00\" \/>\n<meta property=\"og:image\" content=\"https:\/\/storitgroup.com\/uploads\/2021\/10\/img_2627-removebg-preview-e1704722182398.png\" \/>\n\t<meta property=\"og:image:width\" content=\"433\" \/>\n\t<meta property=\"og:image:height\" content=\"577\" \/>\n\t<meta property=\"og:image:type\" content=\"image\/png\" \/>\n<meta name=\"twitter:card\" content=\"summary_large_image\" \/>\n<meta name=\"twitter:label1\" content=\"Arvioitu lukuaika\" \/>\n\t<meta name=\"twitter:data1\" content=\"1 minuutti\" \/>\n<script type=\"application\/ld+json\" class=\"yoast-schema-graph\">{\"@context\":\"https:\/\/schema.org\",\"@graph\":[{\"@type\":[\"WebPage\",\"ItemPage\"],\"@id\":\"https:\/\/storitgroup.com\/fi\/tuote\/haarukkavaunu-1150mm-storit-hpt-a25-n-nn-2500kg\/\",\"url\":\"https:\/\/storitgroup.com\/fi\/tuote\/haarukkavaunu-1150mm-storit-hpt-a25-n-nn-2500kg\/\",\"name\":\"Haarukkavaunu 1150mm Storit HPT-A25 N\/NN 2500kg &#8226; Storit\",\"isPartOf\":{\"@id\":\"https:\/\/storitgroup.com\/fi\/#website\"},\"primaryImageOfPage\":{\"@id\":\"https:\/\/storitgroup.com\/fi\/tuote\/haarukkavaunu-1150mm-storit-hpt-a25-n-nn-2500kg\/#primaryimage\"},\"image\":{\"@id\":\"https:\/\/storitgroup.com\/fi\/tuote\/haarukkavaunu-1150mm-storit-hpt-a25-n-nn-2500kg\/#primaryimage\"},\"thumbnailUrl\":\"https:\/\/storitgroup.com\/uploads\/2021\/10\/img_2627-removebg-preview-e1704722182398.png\",\"datePublished\":\"2021-10-12T10:26:19+00:00\",\"dateModified\":\"2026-04-03T11:20:45+00:00\",\"description\":\"Haarukkavaunu 1150mm Storit HPT-A25 N\/NN 2500kg \u2014 kohtuulliseen hintaan. Toimitukset kaikkialle Suomeen! \u261b Tutustu tuotteeseen ja tilaa k\u00e4tev\u00e4sti STORIT-verkkokaupasta!\",\"breadcrumb\":{\"@id\":\"https:\/\/storitgroup.com\/fi\/tuote\/haarukkavaunu-1150mm-storit-hpt-a25-n-nn-2500kg\/#breadcrumb\"},\"inLanguage\":\"fi\",\"potentialAction\":[{\"@type\":\"ReadAction\",\"target\":[\"https:\/\/storitgroup.com\/fi\/tuote\/haarukkavaunu-1150mm-storit-hpt-a25-n-nn-2500kg\/\"]}]},{\"@type\":\"ImageObject\",\"inLanguage\":\"fi\",\"@id\":\"https:\/\/storitgroup.com\/fi\/tuote\/haarukkavaunu-1150mm-storit-hpt-a25-n-nn-2500kg\/#primaryimage\",\"url\":\"https:\/\/storitgroup.com\/uploads\/2021\/10\/img_2627-removebg-preview-e1704722182398.png\",\"contentUrl\":\"https:\/\/storitgroup.com\/uploads\/2021\/10\/img_2627-removebg-preview-e1704722182398.png\",\"width\":433,\"height\":577},{\"@type\":\"BreadcrumbList\",\"@id\":\"https:\/\/storitgroup.com\/fi\/tuote\/haarukkavaunu-1150mm-storit-hpt-a25-n-nn-2500kg\/#breadcrumb\",\"itemListElement\":[{\"@type\":\"ListItem\",\"position\":1,\"name\":\"Kotisivu\",\"item\":\"https:\/\/storitgroup.com\/fi\/\"},{\"@type\":\"ListItem\",\"position\":2,\"name\":\"Tuotteet\",\"item\":\"https:\/\/storitgroup.com\/fi\/tuotteet\/\"},{\"@type\":\"ListItem\",\"position\":3,\"name\":\"Varastotrukit, nostolavat, tarvikkeet\",\"item\":\"https:\/\/storitgroup.com\/fi\/varastotrukit-nostolavat-tarvikkeet\/\"},{\"@type\":\"ListItem\",\"position\":4,\"name\":\"Haarukkavaunut, pumppuk\u00e4rryt ja lavansiirt\u00e4j\u00e4t\",\"item\":\"https:\/\/storitgroup.com\/fi\/varastotrukit-nostolavat-tarvikkeet\/haarukkavaunut-pumppukarryt-ja-lavansiirtajat\/\"},{\"@type\":\"ListItem\",\"position\":5,\"name\":\"Manuaaliset haarukkavaunut, pumppuk\u00e4rryt\",\"item\":\"https:\/\/storitgroup.com\/fi\/varastotrukit-nostolavat-tarvikkeet\/haarukkavaunut-pumppukarryt-ja-lavansiirtajat\/manuaaliset-haarukkavaunut-pumppukarryt\/\"},{\"@type\":\"ListItem\",\"position\":6,\"name\":\"Haarukkavaunu 1150mm Storit HPT-A25 N\/NN 2500kg\"}]},{\"@type\":\"WebSite\",\"@id\":\"https:\/\/storitgroup.com\/fi\/#website\",\"url\":\"https:\/\/storitgroup.com\/fi\/\",\"name\":\"Storit\",\"description\":\"\",\"potentialAction\":[{\"@type\":\"SearchAction\",\"target\":{\"@type\":\"EntryPoint\",\"urlTemplate\":\"https:\/\/storitgroup.com\/fi\/?s={search_term_string}\"},\"query-input\":{\"@type\":\"PropertyValueSpecification\",\"valueRequired\":true,\"valueName\":\"search_term_string\"}}],\"inLanguage\":\"fi\"}]}<\/script>\n<!-- \/ Yoast SEO plugin. -->","yoast_head_json":{"title":"Haarukkavaunu 1150mm Storit HPT-A25 N\/NN 2500kg &#8226; Storit","description":"Haarukkavaunu 1150mm Storit HPT-A25 N\/NN 2500kg \u2014 kohtuulliseen hintaan. Toimitukset kaikkialle Suomeen! \u261b Tutustu tuotteeseen ja tilaa k\u00e4tev\u00e4sti STORIT-verkkokaupasta!","robots":{"index":"index","follow":"follow","max-snippet":"max-snippet:-1","max-image-preview":"max-image-preview:large","max-video-preview":"max-video-preview:-1"},"canonical":"https:\/\/storitgroup.com\/fi\/tuote\/haarukkavaunu-1150mm-storit-hpt-a25-n-nn-2500kg\/","og_locale":"fi_FI","og_type":"article","og_title":"Haarukkavaunu 1150mm Storit HPT-A25 N\/NN 2500kg &#8226; Storit","og_description":"Haarukkavaunu 1150mm Storit HPT-A25 N\/NN 2500kg \u2014 kohtuulliseen hintaan. Toimitukset kaikkialle Suomeen! \u261b Tutustu tuotteeseen ja tilaa k\u00e4tev\u00e4sti STORIT-verkkokaupasta!","og_url":"https:\/\/storitgroup.com\/fi\/tuote\/haarukkavaunu-1150mm-storit-hpt-a25-n-nn-2500kg\/","og_site_name":"Storit","article_modified_time":"2026-04-03T11:20:45+00:00","og_image":[{"width":433,"height":577,"url":"https:\/\/storitgroup.com\/uploads\/2021\/10\/img_2627-removebg-preview-e1704722182398.png","type":"image\/png"}],"twitter_card":"summary_large_image","twitter_misc":{"Arvioitu lukuaika":"1 minuutti"},"schema":{"@context":"https:\/\/schema.org","@graph":[{"@type":["WebPage","ItemPage"],"@id":"https:\/\/storitgroup.com\/fi\/tuote\/haarukkavaunu-1150mm-storit-hpt-a25-n-nn-2500kg\/","url":"https:\/\/storitgroup.com\/fi\/tuote\/haarukkavaunu-1150mm-storit-hpt-a25-n-nn-2500kg\/","name":"Haarukkavaunu 1150mm Storit HPT-A25 N\/NN 2500kg &#8226; Storit","isPartOf":{"@id":"https:\/\/storitgroup.com\/fi\/#website"},"primaryImageOfPage":{"@id":"https:\/\/storitgroup.com\/fi\/tuote\/haarukkavaunu-1150mm-storit-hpt-a25-n-nn-2500kg\/#primaryimage"},"image":{"@id":"https:\/\/storitgroup.com\/fi\/tuote\/haarukkavaunu-1150mm-storit-hpt-a25-n-nn-2500kg\/#primaryimage"},"thumbnailUrl":"https:\/\/storitgroup.com\/uploads\/2021\/10\/img_2627-removebg-preview-e1704722182398.png","datePublished":"2021-10-12T10:26:19+00:00","dateModified":"2026-04-03T11:20:45+00:00","description":"Haarukkavaunu 1150mm Storit HPT-A25 N\/NN 2500kg \u2014 kohtuulliseen hintaan. Toimitukset kaikkialle Suomeen! \u261b Tutustu tuotteeseen ja tilaa k\u00e4tev\u00e4sti STORIT-verkkokaupasta!","breadcrumb":{"@id":"https:\/\/storitgroup.com\/fi\/tuote\/haarukkavaunu-1150mm-storit-hpt-a25-n-nn-2500kg\/#breadcrumb"},"inLanguage":"fi","potentialAction":[{"@type":"ReadAction","target":["https:\/\/storitgroup.com\/fi\/tuote\/haarukkavaunu-1150mm-storit-hpt-a25-n-nn-2500kg\/"]}]},{"@type":"ImageObject","inLanguage":"fi","@id":"https:\/\/storitgroup.com\/fi\/tuote\/haarukkavaunu-1150mm-storit-hpt-a25-n-nn-2500kg\/#primaryimage","url":"https:\/\/storitgroup.com\/uploads\/2021\/10\/img_2627-removebg-preview-e1704722182398.png","contentUrl":"https:\/\/storitgroup.com\/uploads\/2021\/10\/img_2627-removebg-preview-e1704722182398.png","width":433,"height":577},{"@type":"BreadcrumbList","@id":"https:\/\/storitgroup.com\/fi\/tuote\/haarukkavaunu-1150mm-storit-hpt-a25-n-nn-2500kg\/#breadcrumb","itemListElement":[{"@type":"ListItem","position":1,"name":"Kotisivu","item":"https:\/\/storitgroup.com\/fi\/"},{"@type":"ListItem","position":2,"name":"Tuotteet","item":"https:\/\/storitgroup.com\/fi\/tuotteet\/"},{"@type":"ListItem","position":3,"name":"Varastotrukit, nostolavat, tarvikkeet","item":"https:\/\/storitgroup.com\/fi\/varastotrukit-nostolavat-tarvikkeet\/"},{"@type":"ListItem","position":4,"name":"Haarukkavaunut, pumppuk\u00e4rryt ja lavansiirt\u00e4j\u00e4t","item":"https:\/\/storitgroup.com\/fi\/varastotrukit-nostolavat-tarvikkeet\/haarukkavaunut-pumppukarryt-ja-lavansiirtajat\/"},{"@type":"ListItem","position":5,"name":"Manuaaliset haarukkavaunut, pumppuk\u00e4rryt","item":"https:\/\/storitgroup.com\/fi\/varastotrukit-nostolavat-tarvikkeet\/haarukkavaunut-pumppukarryt-ja-lavansiirtajat\/manuaaliset-haarukkavaunut-pumppukarryt\/"},{"@type":"ListItem","position":6,"name":"Haarukkavaunu 1150mm Storit HPT-A25 N\/NN 2500kg"}]},{"@type":"WebSite","@id":"https:\/\/storitgroup.com\/fi\/#website","url":"https:\/\/storitgroup.com\/fi\/","name":"Storit","description":"","potentialAction":[{"@type":"SearchAction","target":{"@type":"EntryPoint","urlTemplate":"https:\/\/storitgroup.com\/fi\/?s={search_term_string}"},"query-input":{"@type":"PropertyValueSpecification","valueRequired":true,"valueName":"search_term_string"}}],"inLanguage":"fi"}]}},"_links":{"self":[{"href":"https:\/\/storitgroup.com\/fi\/wp-json\/wp\/v2\/product\/180198","targetHints":{"allow":["GET"]}}],"collection":[{"href":"https:\/\/storitgroup.com\/fi\/wp-json\/wp\/v2\/product"}],"about":[{"href":"https:\/\/storitgroup.com\/fi\/wp-json\/wp\/v2\/types\/product"}],"wp:featuredmedia":[{"embeddable":true,"href":"https:\/\/storitgroup.com\/fi\/wp-json\/wp\/v2\/media\/213627"}],"wp:attachment":[{"href":"https:\/\/storitgroup.com\/fi\/wp-json\/wp\/v2\/media?parent=180198"}],"wp:term":[{"taxonomy":"product_brand","embeddable":true,"href":"https:\/\/storitgroup.com\/fi\/wp-json\/wp\/v2\/product_brand?post=180198"},{"taxonomy":"product_cat","embeddable":true,"href":"https:\/\/storitgroup.com\/fi\/wp-json\/wp\/v2\/product_cat?post=180198"},{"taxonomy":"product_tag","embeddable":true,"href":"https:\/\/storitgroup.com\/fi\/wp-json\/wp\/v2\/product_tag?post=180198"}],"curies":[{"name":"wp","href":"https:\/\/api.w.org\/{rel}","templated":true}]}}