{"id":179722,"date":"2021-09-22T16:25:44","date_gmt":"2021-09-22T13:25:44","guid":{"rendered":"https:\/\/storitgroup.com\/?post_type=product&#038;p=179722"},"modified":"2026-04-09T03:51:36","modified_gmt":"2026-04-09T00:51:36","slug":"eurolaatikko-600x400x150mm-25-l-sininen-regrind","status":"publish","type":"product","link":"https:\/\/storitgroup.com\/fi\/tuote\/eurolaatikko-600x400x150mm-25-l-sininen-regrind\/","title":{"rendered":"Muovilaatikko Euro 600x400x150 mm, sininen"},"content":{"rendered":"<p>Muovilaatikoiden k\u00e4ytt\u00f6ala on eritt\u00e4in laaja, aina kotitalouksista suuriin teollisuusyrityksiin asti. Puhdaasta materiaalista, ei kierr\u00e4tt\u00e4v\u00e4st\u00e4 muovista, valmistetut laatikot ovat kevyit\u00e4, mutta samalla vahvoja ja kest\u00e4vi\u00e4. Muovia on helppo puhdistaa, mik\u00e4 takaa niiden pitk\u00e4ik\u00e4isyyden ja hygieenisen k\u00e4yt\u00f6n. Laatikoissa olevista kahvoista on helppo nostaa ja k\u00e4tev\u00e4 kuljettaa.<\/p>\n<p>L\u00e4mp\u00f6tilankesto: -35 \u00b0C &#8211; +60 \u00b0C, pesul\u00e4mp\u00f6tila jopa 90 \u00b0C.<\/p>\n<p>Sis\u00e4mitat: 560x360x135 mm<\/p>\n","protected":false},"excerpt":{"rendered":"<p>Muovilaatikoiden k\u00e4ytt\u00f6ala on eritt\u00e4in laaja, aina kotitalouksista suuriin teollisuusyrityksiin asti. Puhdaasta materiaalista, ei kierr\u00e4tt\u00e4v\u00e4st\u00e4 muovista, valmistetut laatikot ovat kevyit\u00e4, mutta samalla vahvoja ja kest\u00e4vi\u00e4. Muovia on helppo puhdistaa, mik\u00e4 takaa niiden pitk\u00e4ik\u00e4isyyden ja hygieenisen k\u00e4yt\u00f6n. Laatikoissa olevista kahvoista on helppo nostaa ja k\u00e4tev\u00e4 kuljettaa.<\/p>\n<p>L\u00e4mp\u00f6tilankesto: -35 \u00b0C &#8211; +60 \u00b0C, pesul\u00e4mp\u00f6tila jopa 90 \u00b0C.<\/p>\n","protected":false},"featured_media":212025,"template":"","meta":{"_acf_changed":false},"product_brand":[],"product_cat":[7102],"product_tag":[],"class_list":{"0":"post-179722","1":"product","2":"type-product","3":"status-publish","4":"has-post-thumbnail","6":"product_room-pieni-varasto","7":"product_room-kotiratkaisut","8":"product_room-ruuan-kasittely","9":"product_room-kaupankaynti-ja-myymalat","10":"product_room-iso-varasto","11":"product_cat-muovilaatikot-muovisailiot","13":"first","14":"instock","15":"taxable","16":"shipping-taxable","17":"purchasable","18":"product-type-simple"},"acf":[],"yoast_head":"<!-- This site is optimized with the Yoast SEO plugin v27.2 - https:\/\/yoast.com\/product\/yoast-seo-wordpress\/ -->\n<title>Muovilaatikko Euro 600x400x150 mm, sininen &#8226; Storit<\/title>\n<meta name=\"description\" content=\"Muovilaatikko Euro 600x400x150 mm, sininen \u2014 kohtuulliseen hintaan. Toimitukset kaikkialle Suomeen! \u261b Tutustu tuotteeseen ja tilaa k\u00e4tev\u00e4sti STORIT-verkkokaupasta!\" \/>\n<meta name=\"robots\" content=\"index, follow, max-snippet:-1, max-image-preview:large, max-video-preview:-1\" \/>\n<link rel=\"canonical\" href=\"https:\/\/storitgroup.com\/fi\/tuote\/eurolaatikko-600x400x150mm-25-l-sininen-regrind\/\" \/>\n<meta property=\"og:locale\" content=\"fi_FI\" \/>\n<meta property=\"og:type\" content=\"article\" \/>\n<meta property=\"og:title\" content=\"Muovilaatikko Euro 600x400x150 mm, sininen &#8226; Storit\" \/>\n<meta property=\"og:description\" content=\"Muovilaatikko Euro 600x400x150 mm, sininen \u2014 kohtuulliseen hintaan. Toimitukset kaikkialle Suomeen! \u261b Tutustu tuotteeseen ja tilaa k\u00e4tev\u00e4sti STORIT-verkkokaupasta!\" \/>\n<meta property=\"og:url\" content=\"https:\/\/storitgroup.com\/fi\/tuote\/eurolaatikko-600x400x150mm-25-l-sininen-regrind\/\" \/>\n<meta property=\"og:site_name\" content=\"Storit\" \/>\n<meta property=\"article:modified_time\" content=\"2026-04-09T00:51:36+00:00\" \/>\n<meta property=\"og:image\" content=\"https:\/\/storitgroup.com\/uploads\/2021\/09\/5.-5894s.jpg\" \/>\n\t<meta property=\"og:image:width\" content=\"601\" \/>\n\t<meta property=\"og:image:height\" content=\"451\" \/>\n\t<meta property=\"og:image:type\" content=\"image\/jpeg\" \/>\n<meta name=\"twitter:card\" content=\"summary_large_image\" \/>\n<script type=\"application\/ld+json\" class=\"yoast-schema-graph\">{\"@context\":\"https:\/\/schema.org\",\"@graph\":[{\"@type\":[\"WebPage\",\"ItemPage\"],\"@id\":\"https:\/\/storitgroup.com\/fi\/tuote\/eurolaatikko-600x400x150mm-25-l-sininen-regrind\/\",\"url\":\"https:\/\/storitgroup.com\/fi\/tuote\/eurolaatikko-600x400x150mm-25-l-sininen-regrind\/\",\"name\":\"Muovilaatikko Euro 600x400x150 mm, sininen &#8226; Storit\",\"isPartOf\":{\"@id\":\"https:\/\/storitgroup.com\/fi\/#website\"},\"primaryImageOfPage\":{\"@id\":\"https:\/\/storitgroup.com\/fi\/tuote\/eurolaatikko-600x400x150mm-25-l-sininen-regrind\/#primaryimage\"},\"image\":{\"@id\":\"https:\/\/storitgroup.com\/fi\/tuote\/eurolaatikko-600x400x150mm-25-l-sininen-regrind\/#primaryimage\"},\"thumbnailUrl\":\"https:\/\/storitgroup.com\/uploads\/2021\/09\/5.-5894s.jpg\",\"datePublished\":\"2021-09-22T13:25:44+00:00\",\"dateModified\":\"2026-04-09T00:51:36+00:00\",\"description\":\"Muovilaatikko Euro 600x400x150 mm, sininen \u2014 kohtuulliseen hintaan. Toimitukset kaikkialle Suomeen! \u261b Tutustu tuotteeseen ja tilaa k\u00e4tev\u00e4sti STORIT-verkkokaupasta!\",\"breadcrumb\":{\"@id\":\"https:\/\/storitgroup.com\/fi\/tuote\/eurolaatikko-600x400x150mm-25-l-sininen-regrind\/#breadcrumb\"},\"inLanguage\":\"fi\",\"potentialAction\":[{\"@type\":\"ReadAction\",\"target\":[\"https:\/\/storitgroup.com\/fi\/tuote\/eurolaatikko-600x400x150mm-25-l-sininen-regrind\/\"]}]},{\"@type\":\"ImageObject\",\"inLanguage\":\"fi\",\"@id\":\"https:\/\/storitgroup.com\/fi\/tuote\/eurolaatikko-600x400x150mm-25-l-sininen-regrind\/#primaryimage\",\"url\":\"https:\/\/storitgroup.com\/uploads\/2021\/09\/5.-5894s.jpg\",\"contentUrl\":\"https:\/\/storitgroup.com\/uploads\/2021\/09\/5.-5894s.jpg\",\"width\":601,\"height\":451},{\"@type\":\"BreadcrumbList\",\"@id\":\"https:\/\/storitgroup.com\/fi\/tuote\/eurolaatikko-600x400x150mm-25-l-sininen-regrind\/#breadcrumb\",\"itemListElement\":[{\"@type\":\"ListItem\",\"position\":1,\"name\":\"Kotisivu\",\"item\":\"https:\/\/storitgroup.com\/fi\/\"},{\"@type\":\"ListItem\",\"position\":2,\"name\":\"Tuotteet\",\"item\":\"https:\/\/storitgroup.com\/fi\/tuotteet\/\"},{\"@type\":\"ListItem\",\"position\":3,\"name\":\"Varastolaatikot, s\u00e4ilytyslaatikot\",\"item\":\"https:\/\/storitgroup.com\/fi\/varastolaatikot-sailytyslaatikot\/\"},{\"@type\":\"ListItem\",\"position\":4,\"name\":\"Muovilaatikot, muovis\u00e4ili\u00f6t\",\"item\":\"https:\/\/storitgroup.com\/fi\/varastolaatikot-sailytyslaatikot\/muovilaatikot-muovisailiot\/\"},{\"@type\":\"ListItem\",\"position\":5,\"name\":\"Muovilaatikko Euro 600x400x150 mm, sininen\"}]},{\"@type\":\"WebSite\",\"@id\":\"https:\/\/storitgroup.com\/fi\/#website\",\"url\":\"https:\/\/storitgroup.com\/fi\/\",\"name\":\"Storit\",\"description\":\"\",\"potentialAction\":[{\"@type\":\"SearchAction\",\"target\":{\"@type\":\"EntryPoint\",\"urlTemplate\":\"https:\/\/storitgroup.com\/fi\/?s={search_term_string}\"},\"query-input\":{\"@type\":\"PropertyValueSpecification\",\"valueRequired\":true,\"valueName\":\"search_term_string\"}}],\"inLanguage\":\"fi\"}]}<\/script>\n<!-- \/ Yoast SEO plugin. -->","yoast_head_json":{"title":"Muovilaatikko Euro 600x400x150 mm, sininen &#8226; Storit","description":"Muovilaatikko Euro 600x400x150 mm, sininen \u2014 kohtuulliseen hintaan. Toimitukset kaikkialle Suomeen! \u261b Tutustu tuotteeseen ja tilaa k\u00e4tev\u00e4sti STORIT-verkkokaupasta!","robots":{"index":"index","follow":"follow","max-snippet":"max-snippet:-1","max-image-preview":"max-image-preview:large","max-video-preview":"max-video-preview:-1"},"canonical":"https:\/\/storitgroup.com\/fi\/tuote\/eurolaatikko-600x400x150mm-25-l-sininen-regrind\/","og_locale":"fi_FI","og_type":"article","og_title":"Muovilaatikko Euro 600x400x150 mm, sininen &#8226; Storit","og_description":"Muovilaatikko Euro 600x400x150 mm, sininen \u2014 kohtuulliseen hintaan. Toimitukset kaikkialle Suomeen! \u261b Tutustu tuotteeseen ja tilaa k\u00e4tev\u00e4sti STORIT-verkkokaupasta!","og_url":"https:\/\/storitgroup.com\/fi\/tuote\/eurolaatikko-600x400x150mm-25-l-sininen-regrind\/","og_site_name":"Storit","article_modified_time":"2026-04-09T00:51:36+00:00","og_image":[{"width":601,"height":451,"url":"https:\/\/storitgroup.com\/uploads\/2021\/09\/5.-5894s.jpg","type":"image\/jpeg"}],"twitter_card":"summary_large_image","schema":{"@context":"https:\/\/schema.org","@graph":[{"@type":["WebPage","ItemPage"],"@id":"https:\/\/storitgroup.com\/fi\/tuote\/eurolaatikko-600x400x150mm-25-l-sininen-regrind\/","url":"https:\/\/storitgroup.com\/fi\/tuote\/eurolaatikko-600x400x150mm-25-l-sininen-regrind\/","name":"Muovilaatikko Euro 600x400x150 mm, sininen &#8226; Storit","isPartOf":{"@id":"https:\/\/storitgroup.com\/fi\/#website"},"primaryImageOfPage":{"@id":"https:\/\/storitgroup.com\/fi\/tuote\/eurolaatikko-600x400x150mm-25-l-sininen-regrind\/#primaryimage"},"image":{"@id":"https:\/\/storitgroup.com\/fi\/tuote\/eurolaatikko-600x400x150mm-25-l-sininen-regrind\/#primaryimage"},"thumbnailUrl":"https:\/\/storitgroup.com\/uploads\/2021\/09\/5.-5894s.jpg","datePublished":"2021-09-22T13:25:44+00:00","dateModified":"2026-04-09T00:51:36+00:00","description":"Muovilaatikko Euro 600x400x150 mm, sininen \u2014 kohtuulliseen hintaan. Toimitukset kaikkialle Suomeen! \u261b Tutustu tuotteeseen ja tilaa k\u00e4tev\u00e4sti STORIT-verkkokaupasta!","breadcrumb":{"@id":"https:\/\/storitgroup.com\/fi\/tuote\/eurolaatikko-600x400x150mm-25-l-sininen-regrind\/#breadcrumb"},"inLanguage":"fi","potentialAction":[{"@type":"ReadAction","target":["https:\/\/storitgroup.com\/fi\/tuote\/eurolaatikko-600x400x150mm-25-l-sininen-regrind\/"]}]},{"@type":"ImageObject","inLanguage":"fi","@id":"https:\/\/storitgroup.com\/fi\/tuote\/eurolaatikko-600x400x150mm-25-l-sininen-regrind\/#primaryimage","url":"https:\/\/storitgroup.com\/uploads\/2021\/09\/5.-5894s.jpg","contentUrl":"https:\/\/storitgroup.com\/uploads\/2021\/09\/5.-5894s.jpg","width":601,"height":451},{"@type":"BreadcrumbList","@id":"https:\/\/storitgroup.com\/fi\/tuote\/eurolaatikko-600x400x150mm-25-l-sininen-regrind\/#breadcrumb","itemListElement":[{"@type":"ListItem","position":1,"name":"Kotisivu","item":"https:\/\/storitgroup.com\/fi\/"},{"@type":"ListItem","position":2,"name":"Tuotteet","item":"https:\/\/storitgroup.com\/fi\/tuotteet\/"},{"@type":"ListItem","position":3,"name":"Varastolaatikot, s\u00e4ilytyslaatikot","item":"https:\/\/storitgroup.com\/fi\/varastolaatikot-sailytyslaatikot\/"},{"@type":"ListItem","position":4,"name":"Muovilaatikot, muovis\u00e4ili\u00f6t","item":"https:\/\/storitgroup.com\/fi\/varastolaatikot-sailytyslaatikot\/muovilaatikot-muovisailiot\/"},{"@type":"ListItem","position":5,"name":"Muovilaatikko Euro 600x400x150 mm, sininen"}]},{"@type":"WebSite","@id":"https:\/\/storitgroup.com\/fi\/#website","url":"https:\/\/storitgroup.com\/fi\/","name":"Storit","description":"","potentialAction":[{"@type":"SearchAction","target":{"@type":"EntryPoint","urlTemplate":"https:\/\/storitgroup.com\/fi\/?s={search_term_string}"},"query-input":{"@type":"PropertyValueSpecification","valueRequired":true,"valueName":"search_term_string"}}],"inLanguage":"fi"}]}},"_links":{"self":[{"href":"https:\/\/storitgroup.com\/fi\/wp-json\/wp\/v2\/product\/179722","targetHints":{"allow":["GET"]}}],"collection":[{"href":"https:\/\/storitgroup.com\/fi\/wp-json\/wp\/v2\/product"}],"about":[{"href":"https:\/\/storitgroup.com\/fi\/wp-json\/wp\/v2\/types\/product"}],"wp:featuredmedia":[{"embeddable":true,"href":"https:\/\/storitgroup.com\/fi\/wp-json\/wp\/v2\/media\/212025"}],"wp:attachment":[{"href":"https:\/\/storitgroup.com\/fi\/wp-json\/wp\/v2\/media?parent=179722"}],"wp:term":[{"taxonomy":"product_brand","embeddable":true,"href":"https:\/\/storitgroup.com\/fi\/wp-json\/wp\/v2\/product_brand?post=179722"},{"taxonomy":"product_cat","embeddable":true,"href":"https:\/\/storitgroup.com\/fi\/wp-json\/wp\/v2\/product_cat?post=179722"},{"taxonomy":"product_tag","embeddable":true,"href":"https:\/\/storitgroup.com\/fi\/wp-json\/wp\/v2\/product_tag?post=179722"}],"curies":[{"name":"wp","href":"https:\/\/api.w.org\/{rel}","templated":true}]}}