{"id":179072,"date":"2021-09-03T12:55:05","date_gmt":"2021-09-03T09:55:05","guid":{"rendered":"https:\/\/storitgroup.com\/?post_type=product&#038;p=179072"},"modified":"2026-04-03T21:22:21","modified_gmt":"2026-04-03T18:22:21","slug":"pylvaan-suojus-rc400","status":"publish","type":"product","link":"https:\/\/storitgroup.com\/fi\/tuote\/pylvaan-suojus-rc400\/","title":{"rendered":"Pylv\u00e4\u00e4n suojus RC400"},"content":{"rendered":"<p>L0088  korkeudet: 400 mm<br \/>  mitat: 200 x 200 x 200 mm (leveys)<br \/>  pulverimaalattu: keltainen RAL1003<\/p>\n","protected":false},"excerpt":{"rendered":"<p>L0088  korkeudet: 400 mm<br \/>\n  mitat: 200 x 200 x 200 mm (leveys)<br \/>\n  pulverimaalattu: keltainen RAL1003<\/p>\n","protected":false},"featured_media":179116,"template":"","meta":{"_acf_changed":false},"product_brand":[],"product_cat":[7204],"product_tag":[],"class_list":{"0":"post-179072","1":"product","2":"type-product","3":"status-publish","4":"has-post-thumbnail","6":"product_room-tynnyrien-ja-kaapeleiden-kasittely","7":"product_room-iso-varasto","8":"product_room-varasto-pitkille-tavaroille-ja-levymateriaaleille","9":"product_cat-lisavarusteet-lavahyllyille","11":"first","12":"instock","13":"taxable","14":"shipping-taxable","15":"purchasable","16":"product-type-simple"},"acf":[],"yoast_head":"<!-- This site is optimized with the Yoast SEO plugin v27.2 - https:\/\/yoast.com\/product\/yoast-seo-wordpress\/ -->\n<title>Pylv\u00e4\u00e4n suojus RC400 &#8226; Storit<\/title>\n<meta name=\"description\" content=\"Pylv\u00e4\u00e4n suojus RC400 \u2014 kohtuulliseen hintaan. Toimitukset kaikkialle Suomeen! \u261b Tutustu tuotteeseen ja tilaa k\u00e4tev\u00e4sti STORIT-verkkokaupasta!\" \/>\n<meta name=\"robots\" content=\"index, follow, max-snippet:-1, max-image-preview:large, max-video-preview:-1\" \/>\n<link rel=\"canonical\" href=\"https:\/\/storitgroup.com\/fi\/tuote\/pylvaan-suojus-rc400\/\" \/>\n<meta property=\"og:locale\" content=\"fi_FI\" \/>\n<meta property=\"og:type\" content=\"article\" \/>\n<meta property=\"og:title\" content=\"Pylv\u00e4\u00e4n suojus RC400 &#8226; Storit\" \/>\n<meta property=\"og:description\" content=\"Pylv\u00e4\u00e4n suojus RC400 \u2014 kohtuulliseen hintaan. Toimitukset kaikkialle Suomeen! \u261b Tutustu tuotteeseen ja tilaa k\u00e4tev\u00e4sti STORIT-verkkokaupasta!\" \/>\n<meta property=\"og:url\" content=\"https:\/\/storitgroup.com\/fi\/tuote\/pylvaan-suojus-rc400\/\" \/>\n<meta property=\"og:site_name\" content=\"Storit\" \/>\n<meta property=\"article:modified_time\" content=\"2026-04-03T18:22:21+00:00\" \/>\n<meta property=\"og:image\" content=\"https:\/\/storitgroup.com\/uploads\/2021\/09\/riiulite-postikaitse-rc400-h-400-mm-1-600x600-1.jpg\" \/>\n\t<meta property=\"og:image:width\" content=\"600\" \/>\n\t<meta property=\"og:image:height\" content=\"600\" \/>\n\t<meta property=\"og:image:type\" content=\"image\/jpeg\" \/>\n<meta name=\"twitter:card\" content=\"summary_large_image\" \/>\n<script type=\"application\/ld+json\" class=\"yoast-schema-graph\">{\"@context\":\"https:\/\/schema.org\",\"@graph\":[{\"@type\":[\"WebPage\",\"ItemPage\"],\"@id\":\"https:\/\/storitgroup.com\/fi\/tuote\/pylvaan-suojus-rc400\/\",\"url\":\"https:\/\/storitgroup.com\/fi\/tuote\/pylvaan-suojus-rc400\/\",\"name\":\"Pylv\u00e4\u00e4n suojus RC400 &#8226; Storit\",\"isPartOf\":{\"@id\":\"https:\/\/storitgroup.com\/fi\/#website\"},\"primaryImageOfPage\":{\"@id\":\"https:\/\/storitgroup.com\/fi\/tuote\/pylvaan-suojus-rc400\/#primaryimage\"},\"image\":{\"@id\":\"https:\/\/storitgroup.com\/fi\/tuote\/pylvaan-suojus-rc400\/#primaryimage\"},\"thumbnailUrl\":\"https:\/\/storitgroup.com\/uploads\/2021\/09\/riiulite-postikaitse-rc400-h-400-mm-1-600x600-1.jpg\",\"datePublished\":\"2021-09-03T09:55:05+00:00\",\"dateModified\":\"2026-04-03T18:22:21+00:00\",\"description\":\"Pylv\u00e4\u00e4n suojus RC400 \u2014 kohtuulliseen hintaan. Toimitukset kaikkialle Suomeen! \u261b Tutustu tuotteeseen ja tilaa k\u00e4tev\u00e4sti STORIT-verkkokaupasta!\",\"breadcrumb\":{\"@id\":\"https:\/\/storitgroup.com\/fi\/tuote\/pylvaan-suojus-rc400\/#breadcrumb\"},\"inLanguage\":\"fi\",\"potentialAction\":[{\"@type\":\"ReadAction\",\"target\":[\"https:\/\/storitgroup.com\/fi\/tuote\/pylvaan-suojus-rc400\/\"]}]},{\"@type\":\"ImageObject\",\"inLanguage\":\"fi\",\"@id\":\"https:\/\/storitgroup.com\/fi\/tuote\/pylvaan-suojus-rc400\/#primaryimage\",\"url\":\"https:\/\/storitgroup.com\/uploads\/2021\/09\/riiulite-postikaitse-rc400-h-400-mm-1-600x600-1.jpg\",\"contentUrl\":\"https:\/\/storitgroup.com\/uploads\/2021\/09\/riiulite-postikaitse-rc400-h-400-mm-1-600x600-1.jpg\",\"width\":600,\"height\":600},{\"@type\":\"BreadcrumbList\",\"@id\":\"https:\/\/storitgroup.com\/fi\/tuote\/pylvaan-suojus-rc400\/#breadcrumb\",\"itemListElement\":[{\"@type\":\"ListItem\",\"position\":1,\"name\":\"Kotisivu\",\"item\":\"https:\/\/storitgroup.com\/fi\/\"},{\"@type\":\"ListItem\",\"position\":2,\"name\":\"Tuotteet\",\"item\":\"https:\/\/storitgroup.com\/fi\/tuotteet\/\"},{\"@type\":\"ListItem\",\"position\":3,\"name\":\"Varastohyllyt, v\u00e4litasot\",\"item\":\"https:\/\/storitgroup.com\/fi\/varastohyllyt-valitasot\/\"},{\"@type\":\"ListItem\",\"position\":4,\"name\":\"Kuormalavahyllyt\",\"item\":\"https:\/\/storitgroup.com\/fi\/varastohyllyt-valitasot\/https-storitgroup-com-fi-varastohyllyt-valitasot-kuormalavahyllyt\/\"},{\"@type\":\"ListItem\",\"position\":5,\"name\":\"Lis\u00e4varusteet lavahyllyille\",\"item\":\"https:\/\/storitgroup.com\/fi\/varastohyllyt-valitasot\/https-storitgroup-com-fi-varastohyllyt-valitasot-kuormalavahyllyt\/lisavarusteet-lavahyllyille\/\"},{\"@type\":\"ListItem\",\"position\":6,\"name\":\"Pylv\u00e4\u00e4n suojus RC400\"}]},{\"@type\":\"WebSite\",\"@id\":\"https:\/\/storitgroup.com\/fi\/#website\",\"url\":\"https:\/\/storitgroup.com\/fi\/\",\"name\":\"Storit\",\"description\":\"\",\"potentialAction\":[{\"@type\":\"SearchAction\",\"target\":{\"@type\":\"EntryPoint\",\"urlTemplate\":\"https:\/\/storitgroup.com\/fi\/?s={search_term_string}\"},\"query-input\":{\"@type\":\"PropertyValueSpecification\",\"valueRequired\":true,\"valueName\":\"search_term_string\"}}],\"inLanguage\":\"fi\"}]}<\/script>\n<!-- \/ Yoast SEO plugin. -->","yoast_head_json":{"title":"Pylv\u00e4\u00e4n suojus RC400 &#8226; Storit","description":"Pylv\u00e4\u00e4n suojus RC400 \u2014 kohtuulliseen hintaan. Toimitukset kaikkialle Suomeen! \u261b Tutustu tuotteeseen ja tilaa k\u00e4tev\u00e4sti STORIT-verkkokaupasta!","robots":{"index":"index","follow":"follow","max-snippet":"max-snippet:-1","max-image-preview":"max-image-preview:large","max-video-preview":"max-video-preview:-1"},"canonical":"https:\/\/storitgroup.com\/fi\/tuote\/pylvaan-suojus-rc400\/","og_locale":"fi_FI","og_type":"article","og_title":"Pylv\u00e4\u00e4n suojus RC400 &#8226; Storit","og_description":"Pylv\u00e4\u00e4n suojus RC400 \u2014 kohtuulliseen hintaan. Toimitukset kaikkialle Suomeen! \u261b Tutustu tuotteeseen ja tilaa k\u00e4tev\u00e4sti STORIT-verkkokaupasta!","og_url":"https:\/\/storitgroup.com\/fi\/tuote\/pylvaan-suojus-rc400\/","og_site_name":"Storit","article_modified_time":"2026-04-03T18:22:21+00:00","og_image":[{"width":600,"height":600,"url":"https:\/\/storitgroup.com\/uploads\/2021\/09\/riiulite-postikaitse-rc400-h-400-mm-1-600x600-1.jpg","type":"image\/jpeg"}],"twitter_card":"summary_large_image","schema":{"@context":"https:\/\/schema.org","@graph":[{"@type":["WebPage","ItemPage"],"@id":"https:\/\/storitgroup.com\/fi\/tuote\/pylvaan-suojus-rc400\/","url":"https:\/\/storitgroup.com\/fi\/tuote\/pylvaan-suojus-rc400\/","name":"Pylv\u00e4\u00e4n suojus RC400 &#8226; Storit","isPartOf":{"@id":"https:\/\/storitgroup.com\/fi\/#website"},"primaryImageOfPage":{"@id":"https:\/\/storitgroup.com\/fi\/tuote\/pylvaan-suojus-rc400\/#primaryimage"},"image":{"@id":"https:\/\/storitgroup.com\/fi\/tuote\/pylvaan-suojus-rc400\/#primaryimage"},"thumbnailUrl":"https:\/\/storitgroup.com\/uploads\/2021\/09\/riiulite-postikaitse-rc400-h-400-mm-1-600x600-1.jpg","datePublished":"2021-09-03T09:55:05+00:00","dateModified":"2026-04-03T18:22:21+00:00","description":"Pylv\u00e4\u00e4n suojus RC400 \u2014 kohtuulliseen hintaan. Toimitukset kaikkialle Suomeen! \u261b Tutustu tuotteeseen ja tilaa k\u00e4tev\u00e4sti STORIT-verkkokaupasta!","breadcrumb":{"@id":"https:\/\/storitgroup.com\/fi\/tuote\/pylvaan-suojus-rc400\/#breadcrumb"},"inLanguage":"fi","potentialAction":[{"@type":"ReadAction","target":["https:\/\/storitgroup.com\/fi\/tuote\/pylvaan-suojus-rc400\/"]}]},{"@type":"ImageObject","inLanguage":"fi","@id":"https:\/\/storitgroup.com\/fi\/tuote\/pylvaan-suojus-rc400\/#primaryimage","url":"https:\/\/storitgroup.com\/uploads\/2021\/09\/riiulite-postikaitse-rc400-h-400-mm-1-600x600-1.jpg","contentUrl":"https:\/\/storitgroup.com\/uploads\/2021\/09\/riiulite-postikaitse-rc400-h-400-mm-1-600x600-1.jpg","width":600,"height":600},{"@type":"BreadcrumbList","@id":"https:\/\/storitgroup.com\/fi\/tuote\/pylvaan-suojus-rc400\/#breadcrumb","itemListElement":[{"@type":"ListItem","position":1,"name":"Kotisivu","item":"https:\/\/storitgroup.com\/fi\/"},{"@type":"ListItem","position":2,"name":"Tuotteet","item":"https:\/\/storitgroup.com\/fi\/tuotteet\/"},{"@type":"ListItem","position":3,"name":"Varastohyllyt, v\u00e4litasot","item":"https:\/\/storitgroup.com\/fi\/varastohyllyt-valitasot\/"},{"@type":"ListItem","position":4,"name":"Kuormalavahyllyt","item":"https:\/\/storitgroup.com\/fi\/varastohyllyt-valitasot\/https-storitgroup-com-fi-varastohyllyt-valitasot-kuormalavahyllyt\/"},{"@type":"ListItem","position":5,"name":"Lis\u00e4varusteet lavahyllyille","item":"https:\/\/storitgroup.com\/fi\/varastohyllyt-valitasot\/https-storitgroup-com-fi-varastohyllyt-valitasot-kuormalavahyllyt\/lisavarusteet-lavahyllyille\/"},{"@type":"ListItem","position":6,"name":"Pylv\u00e4\u00e4n suojus RC400"}]},{"@type":"WebSite","@id":"https:\/\/storitgroup.com\/fi\/#website","url":"https:\/\/storitgroup.com\/fi\/","name":"Storit","description":"","potentialAction":[{"@type":"SearchAction","target":{"@type":"EntryPoint","urlTemplate":"https:\/\/storitgroup.com\/fi\/?s={search_term_string}"},"query-input":{"@type":"PropertyValueSpecification","valueRequired":true,"valueName":"search_term_string"}}],"inLanguage":"fi"}]}},"_links":{"self":[{"href":"https:\/\/storitgroup.com\/fi\/wp-json\/wp\/v2\/product\/179072","targetHints":{"allow":["GET"]}}],"collection":[{"href":"https:\/\/storitgroup.com\/fi\/wp-json\/wp\/v2\/product"}],"about":[{"href":"https:\/\/storitgroup.com\/fi\/wp-json\/wp\/v2\/types\/product"}],"wp:featuredmedia":[{"embeddable":true,"href":"https:\/\/storitgroup.com\/fi\/wp-json\/wp\/v2\/media\/179116"}],"wp:attachment":[{"href":"https:\/\/storitgroup.com\/fi\/wp-json\/wp\/v2\/media?parent=179072"}],"wp:term":[{"taxonomy":"product_brand","embeddable":true,"href":"https:\/\/storitgroup.com\/fi\/wp-json\/wp\/v2\/product_brand?post=179072"},{"taxonomy":"product_cat","embeddable":true,"href":"https:\/\/storitgroup.com\/fi\/wp-json\/wp\/v2\/product_cat?post=179072"},{"taxonomy":"product_tag","embeddable":true,"href":"https:\/\/storitgroup.com\/fi\/wp-json\/wp\/v2\/product_tag?post=179072"}],"curies":[{"name":"wp","href":"https:\/\/api.w.org\/{rel}","templated":true}]}}