{"id":179063,"date":"2021-09-03T11:51:59","date_gmt":"2021-09-03T10:10:04","guid":{"rendered":"https:\/\/storitgroup.com\/?post_type=product&#038;p=179063"},"modified":"2026-04-10T09:32:23","modified_gmt":"2026-04-10T06:32:23","slug":"tormayssuoja-kumia-400x50x60mm-plk","status":"publish","type":"product","link":"https:\/\/storitgroup.com\/fi\/tuote\/tormayssuoja-kumia-400x50x60mm-plk\/","title":{"rendered":"Kumipuskuri 400x50x60 mm"},"content":{"rendered":"<p>V1013  mitat:\u00a0  &#8211; pituus (alaalta \/ yl\u00e4\u00e4lt\u00e4): 404 \/ 400 mm<br \/>  &#8211; leveys (alaalta \/ yl\u00e4\u00e4lt\u00e4):\u00a050 \/\u00a046 mm<br \/>  &#8211; korkeus:\u00a060 mm<br \/>  kiinnitysaukkoja:\u00a03 kpl<br \/>  paino: 1,5 kg.<\/p>\n","protected":false},"excerpt":{"rendered":"<p>V1013  mitat:\u00a0  &#8211; pituus (alaalta \/ yl\u00e4\u00e4lt\u00e4): 404 \/ 400 mm<br \/>\n  &#8211; leveys (alaalta \/ yl\u00e4\u00e4lt\u00e4):\u00a050 \/\u00a046 mm<br \/>\n  &#8211; korkeus:\u00a060 mm<\/p>\n","protected":false},"featured_media":179132,"template":"","meta":{"_acf_changed":false},"product_brand":[],"product_cat":[7096],"product_tag":[],"class_list":{"0":"post-179063","1":"product","2":"type-product","3":"status-publish","4":"has-post-thumbnail","6":"product_room-ulkoalue","7":"product_room-kiinteistokehitys","8":"product_room-kuljetus-ja-logistiikka","9":"product_room-turvaratkaisut-varastoon-tuotantoon","10":"product_room-iso-varasto","11":"product_cat-tormayssuojat-turvatolpat","13":"first","14":"instock","15":"taxable","16":"shipping-taxable","17":"purchasable","18":"product-type-simple"},"acf":[],"yoast_head":"<!-- This site is optimized with the Yoast SEO plugin v27.3 - https:\/\/yoast.com\/product\/yoast-seo-wordpress\/ -->\n<title>Kumipuskuri 400x50x60 mm &#8226; Storit<\/title>\n<meta name=\"description\" content=\"Kumipuskuri 400x50x60 mm \u2014 kohtuulliseen hintaan. Toimitukset kaikkialle Suomeen! \u261b Tutustu tuotteeseen ja tilaa k\u00e4tev\u00e4sti STORIT-verkkokaupasta!\" \/>\n<meta name=\"robots\" content=\"index, follow, max-snippet:-1, max-image-preview:large, max-video-preview:-1\" \/>\n<link rel=\"canonical\" href=\"https:\/\/storitgroup.com\/fi\/tuote\/tormayssuoja-kumia-400x50x60mm-plk\/\" \/>\n<meta property=\"og:locale\" content=\"fi_FI\" \/>\n<meta property=\"og:type\" content=\"article\" \/>\n<meta property=\"og:title\" content=\"Kumipuskuri 400x50x60 mm &#8226; Storit\" \/>\n<meta property=\"og:description\" content=\"Kumipuskuri 400x50x60 mm \u2014 kohtuulliseen hintaan. Toimitukset kaikkialle Suomeen! \u261b Tutustu tuotteeseen ja tilaa k\u00e4tev\u00e4sti STORIT-verkkokaupasta!\" \/>\n<meta property=\"og:url\" content=\"https:\/\/storitgroup.com\/fi\/tuote\/tormayssuoja-kumia-400x50x60mm-plk\/\" \/>\n<meta property=\"og:site_name\" content=\"Storit\" \/>\n<meta property=\"article:modified_time\" content=\"2026-04-10T06:32:23+00:00\" \/>\n<meta property=\"og:image\" content=\"https:\/\/storitgroup.com\/uploads\/2021\/09\/kummipuhver-400-x-50-x-60-mm-plk-1-600x600-1.jpg\" \/>\n\t<meta property=\"og:image:width\" content=\"600\" \/>\n\t<meta property=\"og:image:height\" content=\"600\" \/>\n\t<meta property=\"og:image:type\" content=\"image\/jpeg\" \/>\n<meta name=\"twitter:card\" content=\"summary_large_image\" \/>\n<script type=\"application\/ld+json\" class=\"yoast-schema-graph\">{\"@context\":\"https:\\\/\\\/schema.org\",\"@graph\":[{\"@type\":[\"WebPage\",\"ItemPage\"],\"@id\":\"https:\\\/\\\/storitgroup.com\\\/fi\\\/tuote\\\/tormayssuoja-kumia-400x50x60mm-plk\\\/\",\"url\":\"https:\\\/\\\/storitgroup.com\\\/fi\\\/tuote\\\/tormayssuoja-kumia-400x50x60mm-plk\\\/\",\"name\":\"Kumipuskuri 400x50x60 mm &#8226; Storit\",\"isPartOf\":{\"@id\":\"https:\\\/\\\/storitgroup.com\\\/fi\\\/#website\"},\"primaryImageOfPage\":{\"@id\":\"https:\\\/\\\/storitgroup.com\\\/fi\\\/tuote\\\/tormayssuoja-kumia-400x50x60mm-plk\\\/#primaryimage\"},\"image\":{\"@id\":\"https:\\\/\\\/storitgroup.com\\\/fi\\\/tuote\\\/tormayssuoja-kumia-400x50x60mm-plk\\\/#primaryimage\"},\"thumbnailUrl\":\"https:\\\/\\\/storitgroup.com\\\/uploads\\\/2021\\\/09\\\/kummipuhver-400-x-50-x-60-mm-plk-1-600x600-1.jpg\",\"datePublished\":\"2021-09-03T10:10:04+00:00\",\"dateModified\":\"2026-04-10T06:32:23+00:00\",\"description\":\"Kumipuskuri 400x50x60 mm \u2014 kohtuulliseen hintaan. Toimitukset kaikkialle Suomeen! \u261b Tutustu tuotteeseen ja tilaa k\u00e4tev\u00e4sti STORIT-verkkokaupasta!\",\"breadcrumb\":{\"@id\":\"https:\\\/\\\/storitgroup.com\\\/fi\\\/tuote\\\/tormayssuoja-kumia-400x50x60mm-plk\\\/#breadcrumb\"},\"inLanguage\":\"fi\",\"potentialAction\":[{\"@type\":\"ReadAction\",\"target\":[\"https:\\\/\\\/storitgroup.com\\\/fi\\\/tuote\\\/tormayssuoja-kumia-400x50x60mm-plk\\\/\"]}]},{\"@type\":\"ImageObject\",\"inLanguage\":\"fi\",\"@id\":\"https:\\\/\\\/storitgroup.com\\\/fi\\\/tuote\\\/tormayssuoja-kumia-400x50x60mm-plk\\\/#primaryimage\",\"url\":\"https:\\\/\\\/storitgroup.com\\\/uploads\\\/2021\\\/09\\\/kummipuhver-400-x-50-x-60-mm-plk-1-600x600-1.jpg\",\"contentUrl\":\"https:\\\/\\\/storitgroup.com\\\/uploads\\\/2021\\\/09\\\/kummipuhver-400-x-50-x-60-mm-plk-1-600x600-1.jpg\",\"width\":600,\"height\":600,\"caption\":\"OLYMPUS DIGITAL CAMERA\"},{\"@type\":\"BreadcrumbList\",\"@id\":\"https:\\\/\\\/storitgroup.com\\\/fi\\\/tuote\\\/tormayssuoja-kumia-400x50x60mm-plk\\\/#breadcrumb\",\"itemListElement\":[{\"@type\":\"ListItem\",\"position\":1,\"name\":\"Kotisivu\",\"item\":\"https:\\\/\\\/storitgroup.com\\\/fi\\\/\"},{\"@type\":\"ListItem\",\"position\":2,\"name\":\"Tuotteet\",\"item\":\"https:\\\/\\\/storitgroup.com\\\/fi\\\/tuotteet\\\/\"},{\"@type\":\"ListItem\",\"position\":3,\"name\":\"Varaston portaat, tikkaat, turvallisuus\",\"item\":\"https:\\\/\\\/storitgroup.com\\\/fi\\\/varaston-portaat-tikkaat-turvallisuus\\\/\"},{\"@type\":\"ListItem\",\"position\":4,\"name\":\"T\u00f6rm\u00e4yssuojat, turvatolpat\",\"item\":\"https:\\\/\\\/storitgroup.com\\\/fi\\\/varaston-portaat-tikkaat-turvallisuus\\\/tormayssuojat-turvatolpat\\\/\"},{\"@type\":\"ListItem\",\"position\":5,\"name\":\"Kumipuskuri 400x50x60 mm\"}]},{\"@type\":\"WebSite\",\"@id\":\"https:\\\/\\\/storitgroup.com\\\/fi\\\/#website\",\"url\":\"https:\\\/\\\/storitgroup.com\\\/fi\\\/\",\"name\":\"Storit\",\"description\":\"\",\"potentialAction\":[{\"@type\":\"SearchAction\",\"target\":{\"@type\":\"EntryPoint\",\"urlTemplate\":\"https:\\\/\\\/storitgroup.com\\\/fi\\\/?s={search_term_string}\"},\"query-input\":{\"@type\":\"PropertyValueSpecification\",\"valueRequired\":true,\"valueName\":\"search_term_string\"}}],\"inLanguage\":\"fi\"}]}<\/script>\n<!-- \/ Yoast SEO plugin. -->","yoast_head_json":{"title":"Kumipuskuri 400x50x60 mm &#8226; Storit","description":"Kumipuskuri 400x50x60 mm \u2014 kohtuulliseen hintaan. Toimitukset kaikkialle Suomeen! \u261b Tutustu tuotteeseen ja tilaa k\u00e4tev\u00e4sti STORIT-verkkokaupasta!","robots":{"index":"index","follow":"follow","max-snippet":"max-snippet:-1","max-image-preview":"max-image-preview:large","max-video-preview":"max-video-preview:-1"},"canonical":"https:\/\/storitgroup.com\/fi\/tuote\/tormayssuoja-kumia-400x50x60mm-plk\/","og_locale":"fi_FI","og_type":"article","og_title":"Kumipuskuri 400x50x60 mm &#8226; Storit","og_description":"Kumipuskuri 400x50x60 mm \u2014 kohtuulliseen hintaan. Toimitukset kaikkialle Suomeen! \u261b Tutustu tuotteeseen ja tilaa k\u00e4tev\u00e4sti STORIT-verkkokaupasta!","og_url":"https:\/\/storitgroup.com\/fi\/tuote\/tormayssuoja-kumia-400x50x60mm-plk\/","og_site_name":"Storit","article_modified_time":"2026-04-10T06:32:23+00:00","og_image":[{"width":600,"height":600,"url":"https:\/\/storitgroup.com\/uploads\/2021\/09\/kummipuhver-400-x-50-x-60-mm-plk-1-600x600-1.jpg","type":"image\/jpeg"}],"twitter_card":"summary_large_image","schema":{"@context":"https:\/\/schema.org","@graph":[{"@type":["WebPage","ItemPage"],"@id":"https:\/\/storitgroup.com\/fi\/tuote\/tormayssuoja-kumia-400x50x60mm-plk\/","url":"https:\/\/storitgroup.com\/fi\/tuote\/tormayssuoja-kumia-400x50x60mm-plk\/","name":"Kumipuskuri 400x50x60 mm &#8226; Storit","isPartOf":{"@id":"https:\/\/storitgroup.com\/fi\/#website"},"primaryImageOfPage":{"@id":"https:\/\/storitgroup.com\/fi\/tuote\/tormayssuoja-kumia-400x50x60mm-plk\/#primaryimage"},"image":{"@id":"https:\/\/storitgroup.com\/fi\/tuote\/tormayssuoja-kumia-400x50x60mm-plk\/#primaryimage"},"thumbnailUrl":"https:\/\/storitgroup.com\/uploads\/2021\/09\/kummipuhver-400-x-50-x-60-mm-plk-1-600x600-1.jpg","datePublished":"2021-09-03T10:10:04+00:00","dateModified":"2026-04-10T06:32:23+00:00","description":"Kumipuskuri 400x50x60 mm \u2014 kohtuulliseen hintaan. Toimitukset kaikkialle Suomeen! \u261b Tutustu tuotteeseen ja tilaa k\u00e4tev\u00e4sti STORIT-verkkokaupasta!","breadcrumb":{"@id":"https:\/\/storitgroup.com\/fi\/tuote\/tormayssuoja-kumia-400x50x60mm-plk\/#breadcrumb"},"inLanguage":"fi","potentialAction":[{"@type":"ReadAction","target":["https:\/\/storitgroup.com\/fi\/tuote\/tormayssuoja-kumia-400x50x60mm-plk\/"]}]},{"@type":"ImageObject","inLanguage":"fi","@id":"https:\/\/storitgroup.com\/fi\/tuote\/tormayssuoja-kumia-400x50x60mm-plk\/#primaryimage","url":"https:\/\/storitgroup.com\/uploads\/2021\/09\/kummipuhver-400-x-50-x-60-mm-plk-1-600x600-1.jpg","contentUrl":"https:\/\/storitgroup.com\/uploads\/2021\/09\/kummipuhver-400-x-50-x-60-mm-plk-1-600x600-1.jpg","width":600,"height":600,"caption":"OLYMPUS DIGITAL CAMERA"},{"@type":"BreadcrumbList","@id":"https:\/\/storitgroup.com\/fi\/tuote\/tormayssuoja-kumia-400x50x60mm-plk\/#breadcrumb","itemListElement":[{"@type":"ListItem","position":1,"name":"Kotisivu","item":"https:\/\/storitgroup.com\/fi\/"},{"@type":"ListItem","position":2,"name":"Tuotteet","item":"https:\/\/storitgroup.com\/fi\/tuotteet\/"},{"@type":"ListItem","position":3,"name":"Varaston portaat, tikkaat, turvallisuus","item":"https:\/\/storitgroup.com\/fi\/varaston-portaat-tikkaat-turvallisuus\/"},{"@type":"ListItem","position":4,"name":"T\u00f6rm\u00e4yssuojat, turvatolpat","item":"https:\/\/storitgroup.com\/fi\/varaston-portaat-tikkaat-turvallisuus\/tormayssuojat-turvatolpat\/"},{"@type":"ListItem","position":5,"name":"Kumipuskuri 400x50x60 mm"}]},{"@type":"WebSite","@id":"https:\/\/storitgroup.com\/fi\/#website","url":"https:\/\/storitgroup.com\/fi\/","name":"Storit","description":"","potentialAction":[{"@type":"SearchAction","target":{"@type":"EntryPoint","urlTemplate":"https:\/\/storitgroup.com\/fi\/?s={search_term_string}"},"query-input":{"@type":"PropertyValueSpecification","valueRequired":true,"valueName":"search_term_string"}}],"inLanguage":"fi"}]}},"_links":{"self":[{"href":"https:\/\/storitgroup.com\/fi\/wp-json\/wp\/v2\/product\/179063","targetHints":{"allow":["GET"]}}],"collection":[{"href":"https:\/\/storitgroup.com\/fi\/wp-json\/wp\/v2\/product"}],"about":[{"href":"https:\/\/storitgroup.com\/fi\/wp-json\/wp\/v2\/types\/product"}],"wp:featuredmedia":[{"embeddable":true,"href":"https:\/\/storitgroup.com\/fi\/wp-json\/wp\/v2\/media\/179132"}],"wp:attachment":[{"href":"https:\/\/storitgroup.com\/fi\/wp-json\/wp\/v2\/media?parent=179063"}],"wp:term":[{"taxonomy":"product_brand","embeddable":true,"href":"https:\/\/storitgroup.com\/fi\/wp-json\/wp\/v2\/product_brand?post=179063"},{"taxonomy":"product_cat","embeddable":true,"href":"https:\/\/storitgroup.com\/fi\/wp-json\/wp\/v2\/product_cat?post=179063"},{"taxonomy":"product_tag","embeddable":true,"href":"https:\/\/storitgroup.com\/fi\/wp-json\/wp\/v2\/product_tag?post=179063"}],"curies":[{"name":"wp","href":"https:\/\/api.w.org\/{rel}","templated":true}]}}