{"id":178391,"date":"2021-08-30T14:40:27","date_gmt":"2021-08-30T12:05:06","guid":{"rendered":"https:\/\/storitgroup.com\/?post_type=product&#038;p=178391"},"modified":"2026-04-10T15:21:18","modified_gmt":"2026-04-10T12:21:18","slug":"big-boxsailio-1200x800x760mm-535-l","status":"publish","type":"product","link":"https:\/\/storitgroup.com\/fi\/tuote\/big-boxsailio-1200x800x760mm-535-l\/","title":{"rendered":"S\u00e4ili\u00f6 Big Box 1200x800x760 mm"},"content":{"rendered":"<p>Big Boxit ovat ihanteellisia v\u00e4lineit\u00e4 tilavien ja suurten tavaroiden s\u00e4ilytt\u00e4miseen ja kuljettamiseen. Ne soveltuvat my\u00f6s nesteiden s\u00e4ilytt\u00e4miseen, koska niill\u00e4 on valmius hanan asentamiseen kaikille sivuille. Kantavuudeltaan 500 kg ja pinottavaan kuormitukseen kest\u00e4v\u00e4 jopa 4500 kg, t\u00e4m\u00e4 kontti on ihanteellinen k\u00e4ytett\u00e4v\u00e4ksi teollisuudessa, varastoissa, maataloudessa ja muissa yrityksiss\u00e4, joissa tarvitaan kest\u00e4vi\u00e4 kuormalavakontteja. Vahva HDPE-polyeteeni takaa kevyen painon ja helpon k\u00e4sittelyn. Suorat kaksoissein\u00e4t yhdess\u00e4 py\u00f6ristettyjen ulkonurkkien ja reunojen kanssa helpottavat puhdistamista ja yll\u00e4pit\u00e4v\u00e4t hygieniaa.<\/p>\n<p>Tilaa s\u00e4\u00e4st\u00e4v\u00e4 suunnittelu varmistaa maksimaalisen tilavuuden ja suojaa tavaroita kuljetuksen ja s\u00e4ilytyksen aikana. Korkean kantavuuden omaava s\u00e4ili\u00f6 on sovitettu automatisoituihin k\u00e4sittelyj\u00e4rjestelmiin ja sit\u00e4 on saatavana sek\u00e4 sileill\u00e4 ett\u00e4 rei\u00b4itetyill\u00e4 seinill\u00e4 ja pohjilla, sek\u00e4 py\u00f6rill\u00e4 tai jalustoilla varustettuna. K\u00e4ytt\u00f6l\u00e4mp\u00f6tila -20 \u00b0C &#8211; +40 \u00b0C. Lis\u00e4ksi s\u00e4ili\u00f6\u00f6n voidaan tehd\u00e4 luukku erityispyynn\u00f6st\u00e4 ja kansi voidaan my\u00f6s ostaa erikseen.<\/p>\n","protected":false},"excerpt":{"rendered":"<p>Big Boxit ovat ihanteellisia v\u00e4lineit\u00e4 tilavien ja suurten tavaroiden s\u00e4ilytt\u00e4miseen ja kuljettamiseen. Ne soveltuvat my\u00f6s nesteiden s\u00e4ilytt\u00e4miseen, koska niill\u00e4 on valmius hanan asentamiseen kaikille sivuille. Kantavuudeltaan 500 kg ja pinottavaan kuormitukseen kest\u00e4v\u00e4 jopa 4500 kg, t\u00e4m\u00e4 kontti on ihanteellinen k\u00e4ytett\u00e4v\u00e4ksi teollisuudessa, varastoissa, maataloudessa ja muissa yrityksiss\u00e4, joissa tarvitaan kest\u00e4vi\u00e4 kuormalavakontteja. Vahva HDPE-polyeteeni takaa kevyen painon ja helpon k\u00e4sittelyn. Suorat kaksoissein\u00e4t yhdess\u00e4 py\u00f6ristettyjen ulkonurkkien ja reunojen kanssa helpottavat puhdistamista ja yll\u00e4pit\u00e4v\u00e4t hygieniaa.<\/p>\n<p>Tilaa s\u00e4\u00e4st\u00e4v\u00e4 suunnittelu varmistaa maksimaalisen tilavuuden ja suojaa tavaroita kuljetuksen ja s\u00e4ilytyksen aikana. Korkean kantavuuden omaava s\u00e4ili\u00f6 on sovitettu automatisoituihin k\u00e4sittelyj\u00e4rjestelmiin ja sit\u00e4 on saatavana sek\u00e4 sileill\u00e4 ett\u00e4 rei\u00b4itetyill\u00e4 seinill\u00e4 ja pohjilla, sek\u00e4 py\u00f6rill\u00e4 tai jalustoilla varustettuna. K\u00e4ytt\u00f6l\u00e4mp\u00f6tila -20 \u00b0C &#8211; +40 \u00b0C. Lis\u00e4ksi s\u00e4ili\u00f6\u00f6n voidaan tehd\u00e4 luukku erityispyynn\u00f6st\u00e4 ja kansi voidaan my\u00f6s ostaa erikseen.<\/p>\n","protected":false},"featured_media":212427,"template":"","meta":{"_acf_changed":false},"product_brand":[],"product_cat":[7102],"product_tag":[],"class_list":{"0":"post-178391","1":"product","2":"type-product","3":"status-publish","4":"has-post-thumbnail","6":"product_room-ruuan-kasittely","7":"product_room-kaupankaynti-ja-myymalat","8":"product_room-iso-varasto","9":"product_room-pieni-varasto","10":"product_room-kotiratkaisut","11":"product_cat-muovilaatikot-muovisailiot","13":"first","14":"onbackorder","15":"taxable","16":"shipping-taxable","17":"purchasable","18":"product-type-simple"},"acf":[],"yoast_head":"<!-- This site is optimized with the Yoast SEO plugin v27.3 - https:\/\/yoast.com\/product\/yoast-seo-wordpress\/ -->\n<title>S\u00e4ili\u00f6 Big Box 1200x800x760 mm &#8226; Storit<\/title>\n<meta name=\"description\" content=\"S\u00e4ili\u00f6 Big Box 1200x800x760 mm \u2014 kohtuulliseen hintaan. Toimitukset kaikkialle Suomeen! \u261b Tutustu tuotteeseen ja tilaa k\u00e4tev\u00e4sti STORIT-verkkokaupasta!\" \/>\n<meta name=\"robots\" content=\"index, follow, max-snippet:-1, max-image-preview:large, max-video-preview:-1\" \/>\n<link rel=\"canonical\" href=\"https:\/\/storitgroup.com\/fi\/tuote\/big-boxsailio-1200x800x760mm-535-l\/\" \/>\n<meta property=\"og:locale\" content=\"fi_FI\" \/>\n<meta property=\"og:type\" content=\"article\" \/>\n<meta property=\"og:title\" content=\"S\u00e4ili\u00f6 Big Box 1200x800x760 mm &#8226; Storit\" \/>\n<meta property=\"og:description\" content=\"S\u00e4ili\u00f6 Big Box 1200x800x760 mm \u2014 kohtuulliseen hintaan. Toimitukset kaikkialle Suomeen! \u261b Tutustu tuotteeseen ja tilaa k\u00e4tev\u00e4sti STORIT-verkkokaupasta!\" \/>\n<meta property=\"og:url\" content=\"https:\/\/storitgroup.com\/fi\/tuote\/big-boxsailio-1200x800x760mm-535-l\/\" \/>\n<meta property=\"og:site_name\" content=\"Storit\" \/>\n<meta property=\"article:modified_time\" content=\"2026-04-10T12:21:18+00:00\" \/>\n<meta property=\"og:image\" content=\"https:\/\/storitgroup.com\/uploads\/2021\/08\/36.-4403100.jpg\" \/>\n\t<meta property=\"og:image:width\" content=\"727\" \/>\n\t<meta property=\"og:image:height\" content=\"573\" \/>\n\t<meta property=\"og:image:type\" content=\"image\/jpeg\" \/>\n<meta name=\"twitter:card\" content=\"summary_large_image\" \/>\n<meta name=\"twitter:label1\" content=\"Arvioitu lukuaika\" \/>\n\t<meta name=\"twitter:data1\" content=\"1 minuutti\" \/>\n<script type=\"application\/ld+json\" class=\"yoast-schema-graph\">{\"@context\":\"https:\\\/\\\/schema.org\",\"@graph\":[{\"@type\":[\"WebPage\",\"ItemPage\"],\"@id\":\"https:\\\/\\\/storitgroup.com\\\/fi\\\/tuote\\\/big-boxsailio-1200x800x760mm-535-l\\\/\",\"url\":\"https:\\\/\\\/storitgroup.com\\\/fi\\\/tuote\\\/big-boxsailio-1200x800x760mm-535-l\\\/\",\"name\":\"S\u00e4ili\u00f6 Big Box 1200x800x760 mm &#8226; Storit\",\"isPartOf\":{\"@id\":\"https:\\\/\\\/storitgroup.com\\\/fi\\\/#website\"},\"primaryImageOfPage\":{\"@id\":\"https:\\\/\\\/storitgroup.com\\\/fi\\\/tuote\\\/big-boxsailio-1200x800x760mm-535-l\\\/#primaryimage\"},\"image\":{\"@id\":\"https:\\\/\\\/storitgroup.com\\\/fi\\\/tuote\\\/big-boxsailio-1200x800x760mm-535-l\\\/#primaryimage\"},\"thumbnailUrl\":\"https:\\\/\\\/storitgroup.com\\\/uploads\\\/2021\\\/08\\\/36.-4403100.jpg\",\"datePublished\":\"2021-08-30T12:05:06+00:00\",\"dateModified\":\"2026-04-10T12:21:18+00:00\",\"description\":\"S\u00e4ili\u00f6 Big Box 1200x800x760 mm \u2014 kohtuulliseen hintaan. Toimitukset kaikkialle Suomeen! \u261b Tutustu tuotteeseen ja tilaa k\u00e4tev\u00e4sti STORIT-verkkokaupasta!\",\"breadcrumb\":{\"@id\":\"https:\\\/\\\/storitgroup.com\\\/fi\\\/tuote\\\/big-boxsailio-1200x800x760mm-535-l\\\/#breadcrumb\"},\"inLanguage\":\"fi\",\"potentialAction\":[{\"@type\":\"ReadAction\",\"target\":[\"https:\\\/\\\/storitgroup.com\\\/fi\\\/tuote\\\/big-boxsailio-1200x800x760mm-535-l\\\/\"]}]},{\"@type\":\"ImageObject\",\"inLanguage\":\"fi\",\"@id\":\"https:\\\/\\\/storitgroup.com\\\/fi\\\/tuote\\\/big-boxsailio-1200x800x760mm-535-l\\\/#primaryimage\",\"url\":\"https:\\\/\\\/storitgroup.com\\\/uploads\\\/2021\\\/08\\\/36.-4403100.jpg\",\"contentUrl\":\"https:\\\/\\\/storitgroup.com\\\/uploads\\\/2021\\\/08\\\/36.-4403100.jpg\",\"width\":727,\"height\":573},{\"@type\":\"BreadcrumbList\",\"@id\":\"https:\\\/\\\/storitgroup.com\\\/fi\\\/tuote\\\/big-boxsailio-1200x800x760mm-535-l\\\/#breadcrumb\",\"itemListElement\":[{\"@type\":\"ListItem\",\"position\":1,\"name\":\"Kotisivu\",\"item\":\"https:\\\/\\\/storitgroup.com\\\/fi\\\/\"},{\"@type\":\"ListItem\",\"position\":2,\"name\":\"Tuotteet\",\"item\":\"https:\\\/\\\/storitgroup.com\\\/fi\\\/tuotteet\\\/\"},{\"@type\":\"ListItem\",\"position\":3,\"name\":\"Varastolaatikot, s\u00e4ilytyslaatikot\",\"item\":\"https:\\\/\\\/storitgroup.com\\\/fi\\\/varastolaatikot-sailytyslaatikot\\\/\"},{\"@type\":\"ListItem\",\"position\":4,\"name\":\"Muovilaatikot, muovis\u00e4ili\u00f6t\",\"item\":\"https:\\\/\\\/storitgroup.com\\\/fi\\\/varastolaatikot-sailytyslaatikot\\\/muovilaatikot-muovisailiot\\\/\"},{\"@type\":\"ListItem\",\"position\":5,\"name\":\"S\u00e4ili\u00f6 Big Box 1200x800x760 mm\"}]},{\"@type\":\"WebSite\",\"@id\":\"https:\\\/\\\/storitgroup.com\\\/fi\\\/#website\",\"url\":\"https:\\\/\\\/storitgroup.com\\\/fi\\\/\",\"name\":\"Storit\",\"description\":\"\",\"potentialAction\":[{\"@type\":\"SearchAction\",\"target\":{\"@type\":\"EntryPoint\",\"urlTemplate\":\"https:\\\/\\\/storitgroup.com\\\/fi\\\/?s={search_term_string}\"},\"query-input\":{\"@type\":\"PropertyValueSpecification\",\"valueRequired\":true,\"valueName\":\"search_term_string\"}}],\"inLanguage\":\"fi\"}]}<\/script>\n<!-- \/ Yoast SEO plugin. -->","yoast_head_json":{"title":"S\u00e4ili\u00f6 Big Box 1200x800x760 mm &#8226; Storit","description":"S\u00e4ili\u00f6 Big Box 1200x800x760 mm \u2014 kohtuulliseen hintaan. Toimitukset kaikkialle Suomeen! \u261b Tutustu tuotteeseen ja tilaa k\u00e4tev\u00e4sti STORIT-verkkokaupasta!","robots":{"index":"index","follow":"follow","max-snippet":"max-snippet:-1","max-image-preview":"max-image-preview:large","max-video-preview":"max-video-preview:-1"},"canonical":"https:\/\/storitgroup.com\/fi\/tuote\/big-boxsailio-1200x800x760mm-535-l\/","og_locale":"fi_FI","og_type":"article","og_title":"S\u00e4ili\u00f6 Big Box 1200x800x760 mm &#8226; Storit","og_description":"S\u00e4ili\u00f6 Big Box 1200x800x760 mm \u2014 kohtuulliseen hintaan. Toimitukset kaikkialle Suomeen! \u261b Tutustu tuotteeseen ja tilaa k\u00e4tev\u00e4sti STORIT-verkkokaupasta!","og_url":"https:\/\/storitgroup.com\/fi\/tuote\/big-boxsailio-1200x800x760mm-535-l\/","og_site_name":"Storit","article_modified_time":"2026-04-10T12:21:18+00:00","og_image":[{"width":727,"height":573,"url":"https:\/\/storitgroup.com\/uploads\/2021\/08\/36.-4403100.jpg","type":"image\/jpeg"}],"twitter_card":"summary_large_image","twitter_misc":{"Arvioitu lukuaika":"1 minuutti"},"schema":{"@context":"https:\/\/schema.org","@graph":[{"@type":["WebPage","ItemPage"],"@id":"https:\/\/storitgroup.com\/fi\/tuote\/big-boxsailio-1200x800x760mm-535-l\/","url":"https:\/\/storitgroup.com\/fi\/tuote\/big-boxsailio-1200x800x760mm-535-l\/","name":"S\u00e4ili\u00f6 Big Box 1200x800x760 mm &#8226; Storit","isPartOf":{"@id":"https:\/\/storitgroup.com\/fi\/#website"},"primaryImageOfPage":{"@id":"https:\/\/storitgroup.com\/fi\/tuote\/big-boxsailio-1200x800x760mm-535-l\/#primaryimage"},"image":{"@id":"https:\/\/storitgroup.com\/fi\/tuote\/big-boxsailio-1200x800x760mm-535-l\/#primaryimage"},"thumbnailUrl":"https:\/\/storitgroup.com\/uploads\/2021\/08\/36.-4403100.jpg","datePublished":"2021-08-30T12:05:06+00:00","dateModified":"2026-04-10T12:21:18+00:00","description":"S\u00e4ili\u00f6 Big Box 1200x800x760 mm \u2014 kohtuulliseen hintaan. Toimitukset kaikkialle Suomeen! \u261b Tutustu tuotteeseen ja tilaa k\u00e4tev\u00e4sti STORIT-verkkokaupasta!","breadcrumb":{"@id":"https:\/\/storitgroup.com\/fi\/tuote\/big-boxsailio-1200x800x760mm-535-l\/#breadcrumb"},"inLanguage":"fi","potentialAction":[{"@type":"ReadAction","target":["https:\/\/storitgroup.com\/fi\/tuote\/big-boxsailio-1200x800x760mm-535-l\/"]}]},{"@type":"ImageObject","inLanguage":"fi","@id":"https:\/\/storitgroup.com\/fi\/tuote\/big-boxsailio-1200x800x760mm-535-l\/#primaryimage","url":"https:\/\/storitgroup.com\/uploads\/2021\/08\/36.-4403100.jpg","contentUrl":"https:\/\/storitgroup.com\/uploads\/2021\/08\/36.-4403100.jpg","width":727,"height":573},{"@type":"BreadcrumbList","@id":"https:\/\/storitgroup.com\/fi\/tuote\/big-boxsailio-1200x800x760mm-535-l\/#breadcrumb","itemListElement":[{"@type":"ListItem","position":1,"name":"Kotisivu","item":"https:\/\/storitgroup.com\/fi\/"},{"@type":"ListItem","position":2,"name":"Tuotteet","item":"https:\/\/storitgroup.com\/fi\/tuotteet\/"},{"@type":"ListItem","position":3,"name":"Varastolaatikot, s\u00e4ilytyslaatikot","item":"https:\/\/storitgroup.com\/fi\/varastolaatikot-sailytyslaatikot\/"},{"@type":"ListItem","position":4,"name":"Muovilaatikot, muovis\u00e4ili\u00f6t","item":"https:\/\/storitgroup.com\/fi\/varastolaatikot-sailytyslaatikot\/muovilaatikot-muovisailiot\/"},{"@type":"ListItem","position":5,"name":"S\u00e4ili\u00f6 Big Box 1200x800x760 mm"}]},{"@type":"WebSite","@id":"https:\/\/storitgroup.com\/fi\/#website","url":"https:\/\/storitgroup.com\/fi\/","name":"Storit","description":"","potentialAction":[{"@type":"SearchAction","target":{"@type":"EntryPoint","urlTemplate":"https:\/\/storitgroup.com\/fi\/?s={search_term_string}"},"query-input":{"@type":"PropertyValueSpecification","valueRequired":true,"valueName":"search_term_string"}}],"inLanguage":"fi"}]}},"_links":{"self":[{"href":"https:\/\/storitgroup.com\/fi\/wp-json\/wp\/v2\/product\/178391","targetHints":{"allow":["GET"]}}],"collection":[{"href":"https:\/\/storitgroup.com\/fi\/wp-json\/wp\/v2\/product"}],"about":[{"href":"https:\/\/storitgroup.com\/fi\/wp-json\/wp\/v2\/types\/product"}],"wp:featuredmedia":[{"embeddable":true,"href":"https:\/\/storitgroup.com\/fi\/wp-json\/wp\/v2\/media\/212427"}],"wp:attachment":[{"href":"https:\/\/storitgroup.com\/fi\/wp-json\/wp\/v2\/media?parent=178391"}],"wp:term":[{"taxonomy":"product_brand","embeddable":true,"href":"https:\/\/storitgroup.com\/fi\/wp-json\/wp\/v2\/product_brand?post=178391"},{"taxonomy":"product_cat","embeddable":true,"href":"https:\/\/storitgroup.com\/fi\/wp-json\/wp\/v2\/product_cat?post=178391"},{"taxonomy":"product_tag","embeddable":true,"href":"https:\/\/storitgroup.com\/fi\/wp-json\/wp\/v2\/product_tag?post=178391"}],"curies":[{"name":"wp","href":"https:\/\/api.w.org\/{rel}","templated":true}]}}