{"id":178289,"date":"2021-08-30T13:25:16","date_gmt":"2021-08-30T10:25:16","guid":{"rendered":"https:\/\/storitgroup.com\/?post_type=product&#038;p=178289"},"modified":"2024-11-25T15:16:30","modified_gmt":"2024-11-25T13:16:30","slug":"brother-osoitetarra-dk-11209-29x62mm","status":"publish","type":"product","link":"https:\/\/storitgroup.com\/fi\/tuote\/brother-osoitetarra-dk-11209-29x62mm\/","title":{"rendered":"Etiketti tarra Brother 29x62mm, musta teksti valkoisella"},"content":{"rendered":"<p>Mustavalkoisia etikettej\u00e4 on saatavana useissa eri leveyksiss\u00e4 ja pituuksissa. <\/p>\n<p> Sek\u00e4 koti- ett\u00e4 toimistok\u00e4ytt\u00f6\u00f6n tarkoitettu laite tulostaa osoitetarroja, logoja, viivakoodeja, jne. valmiiksi leikatuilea tarroille.<\/p>\n<p>Rullassa 800 etiketti\u00e4.<\/p>\n","protected":false},"excerpt":{"rendered":"<p>Mustavalkoisia etikettej\u00e4 on saatavana useissa eri leveyksiss\u00e4 ja pituuksissa. <\/p>\n<p> Sek\u00e4 koti- ett\u00e4 toimistok\u00e4ytt\u00f6\u00f6n tarkoitettu laite tulostaa osoitetarroja, logoja, viivakoodeja, jne. valmiiksi leikatuilea tarroille.<\/p>\n","protected":false},"featured_media":199159,"template":"","meta":{"_acf_changed":false},"product_brand":[],"product_cat":[7106],"product_tag":[],"class_list":{"0":"post-178289","1":"product","2":"type-product","3":"status-publish","4":"has-post-thumbnail","6":"product_room-ruuan-kasittely","7":"product_room-kaupankaynti-ja-myymalat","8":"product_room-pakkaus","9":"product_room-iso-varasto","10":"product_room-pieni-varasto","11":"product_room-kokoonpano-ja-keraily","12":"product_cat-tarratulostimet","14":"first","15":"instock","16":"taxable","17":"shipping-taxable","18":"purchasable","19":"product-type-simple"},"acf":[],"yoast_head":"<!-- This site is optimized with the Yoast SEO plugin v27.3 - https:\/\/yoast.com\/product\/yoast-seo-wordpress\/ -->\n<title>Etiketti tarra Brother 29x62mm, musta teksti valkoisella &#8226; Storit<\/title>\n<meta name=\"description\" content=\"Etiketti tarra Brother 29x62mm, musta teksti valkoisella \u2014 kohtuulliseen hintaan. Toimitukset kaikkialle Suomeen! \u261b Tutustu tuotteeseen ja tilaa k\u00e4tev\u00e4sti STORIT-verkkokaupasta!\" \/>\n<meta name=\"robots\" content=\"index, follow, max-snippet:-1, max-image-preview:large, max-video-preview:-1\" \/>\n<link rel=\"canonical\" href=\"https:\/\/storitgroup.com\/fi\/tuote\/brother-osoitetarra-dk-11209-29x62mm\/\" \/>\n<meta property=\"og:locale\" content=\"fi_FI\" \/>\n<meta property=\"og:type\" content=\"article\" \/>\n<meta property=\"og:title\" content=\"Etiketti tarra Brother 29x62mm, musta teksti valkoisella &#8226; Storit\" \/>\n<meta property=\"og:description\" content=\"Etiketti tarra Brother 29x62mm, musta teksti valkoisella \u2014 kohtuulliseen hintaan. Toimitukset kaikkialle Suomeen! \u261b Tutustu tuotteeseen ja tilaa k\u00e4tev\u00e4sti STORIT-verkkokaupasta!\" \/>\n<meta property=\"og:url\" content=\"https:\/\/storitgroup.com\/fi\/tuote\/brother-osoitetarra-dk-11209-29x62mm\/\" \/>\n<meta property=\"og:site_name\" content=\"Storit\" \/>\n<meta property=\"article:modified_time\" content=\"2024-11-25T13:16:30+00:00\" \/>\n<meta property=\"og:image\" content=\"https:\/\/storitgroup.com\/uploads\/2021\/08\/13-etiketid-brother-29x62-mm-1.jpg\" \/>\n\t<meta property=\"og:image:width\" content=\"541\" \/>\n\t<meta property=\"og:image:height\" content=\"459\" \/>\n\t<meta property=\"og:image:type\" content=\"image\/jpeg\" \/>\n<meta name=\"twitter:card\" content=\"summary_large_image\" \/>\n<script type=\"application\/ld+json\" class=\"yoast-schema-graph\">{\"@context\":\"https:\\\/\\\/schema.org\",\"@graph\":[{\"@type\":[\"WebPage\",\"ItemPage\"],\"@id\":\"https:\\\/\\\/storitgroup.com\\\/fi\\\/tuote\\\/brother-osoitetarra-dk-11209-29x62mm\\\/\",\"url\":\"https:\\\/\\\/storitgroup.com\\\/fi\\\/tuote\\\/brother-osoitetarra-dk-11209-29x62mm\\\/\",\"name\":\"Etiketti tarra Brother 29x62mm, musta teksti valkoisella &#8226; Storit\",\"isPartOf\":{\"@id\":\"https:\\\/\\\/storitgroup.com\\\/fi\\\/#website\"},\"primaryImageOfPage\":{\"@id\":\"https:\\\/\\\/storitgroup.com\\\/fi\\\/tuote\\\/brother-osoitetarra-dk-11209-29x62mm\\\/#primaryimage\"},\"image\":{\"@id\":\"https:\\\/\\\/storitgroup.com\\\/fi\\\/tuote\\\/brother-osoitetarra-dk-11209-29x62mm\\\/#primaryimage\"},\"thumbnailUrl\":\"https:\\\/\\\/storitgroup.com\\\/uploads\\\/2021\\\/08\\\/13-etiketid-brother-29x62-mm-1.jpg\",\"datePublished\":\"2021-08-30T10:25:16+00:00\",\"dateModified\":\"2024-11-25T13:16:30+00:00\",\"description\":\"Etiketti tarra Brother 29x62mm, musta teksti valkoisella \u2014 kohtuulliseen hintaan. Toimitukset kaikkialle Suomeen! \u261b Tutustu tuotteeseen ja tilaa k\u00e4tev\u00e4sti STORIT-verkkokaupasta!\",\"breadcrumb\":{\"@id\":\"https:\\\/\\\/storitgroup.com\\\/fi\\\/tuote\\\/brother-osoitetarra-dk-11209-29x62mm\\\/#breadcrumb\"},\"inLanguage\":\"fi\",\"potentialAction\":[{\"@type\":\"ReadAction\",\"target\":[\"https:\\\/\\\/storitgroup.com\\\/fi\\\/tuote\\\/brother-osoitetarra-dk-11209-29x62mm\\\/\"]}]},{\"@type\":\"ImageObject\",\"inLanguage\":\"fi\",\"@id\":\"https:\\\/\\\/storitgroup.com\\\/fi\\\/tuote\\\/brother-osoitetarra-dk-11209-29x62mm\\\/#primaryimage\",\"url\":\"https:\\\/\\\/storitgroup.com\\\/uploads\\\/2021\\\/08\\\/13-etiketid-brother-29x62-mm-1.jpg\",\"contentUrl\":\"https:\\\/\\\/storitgroup.com\\\/uploads\\\/2021\\\/08\\\/13-etiketid-brother-29x62-mm-1.jpg\",\"width\":541,\"height\":459},{\"@type\":\"BreadcrumbList\",\"@id\":\"https:\\\/\\\/storitgroup.com\\\/fi\\\/tuote\\\/brother-osoitetarra-dk-11209-29x62mm\\\/#breadcrumb\",\"itemListElement\":[{\"@type\":\"ListItem\",\"position\":1,\"name\":\"Kotisivu\",\"item\":\"https:\\\/\\\/storitgroup.com\\\/fi\\\/\"},{\"@type\":\"ListItem\",\"position\":2,\"name\":\"Tuotteet\",\"item\":\"https:\\\/\\\/storitgroup.com\\\/fi\\\/tuotteet\\\/\"},{\"@type\":\"ListItem\",\"position\":3,\"name\":\"Ty\u00f6p\u00f6yd\u00e4t: STORIT\",\"item\":\"https:\\\/\\\/storitgroup.com\\\/fi\\\/poydat-tuolit-tyokaluvarasto\\\/tyopoydat\\\/tyopoydat-storit-tyopoydat\\\/\"},{\"@type\":\"ListItem\",\"position\":4,\"name\":\"Tarratulostimet\",\"item\":\"https:\\\/\\\/storitgroup.com\\\/fi\\\/kuormalavat-pakkaus\\\/tarratulostimet\\\/\"},{\"@type\":\"ListItem\",\"position\":5,\"name\":\"Etiketti tarra Brother 29x62mm, musta teksti valkoisella\"}]},{\"@type\":\"WebSite\",\"@id\":\"https:\\\/\\\/storitgroup.com\\\/fi\\\/#website\",\"url\":\"https:\\\/\\\/storitgroup.com\\\/fi\\\/\",\"name\":\"Storit\",\"description\":\"\",\"potentialAction\":[{\"@type\":\"SearchAction\",\"target\":{\"@type\":\"EntryPoint\",\"urlTemplate\":\"https:\\\/\\\/storitgroup.com\\\/fi\\\/?s={search_term_string}\"},\"query-input\":{\"@type\":\"PropertyValueSpecification\",\"valueRequired\":true,\"valueName\":\"search_term_string\"}}],\"inLanguage\":\"fi\"}]}<\/script>\n<!-- \/ Yoast SEO plugin. -->","yoast_head_json":{"title":"Etiketti tarra Brother 29x62mm, musta teksti valkoisella &#8226; Storit","description":"Etiketti tarra Brother 29x62mm, musta teksti valkoisella \u2014 kohtuulliseen hintaan. Toimitukset kaikkialle Suomeen! \u261b Tutustu tuotteeseen ja tilaa k\u00e4tev\u00e4sti STORIT-verkkokaupasta!","robots":{"index":"index","follow":"follow","max-snippet":"max-snippet:-1","max-image-preview":"max-image-preview:large","max-video-preview":"max-video-preview:-1"},"canonical":"https:\/\/storitgroup.com\/fi\/tuote\/brother-osoitetarra-dk-11209-29x62mm\/","og_locale":"fi_FI","og_type":"article","og_title":"Etiketti tarra Brother 29x62mm, musta teksti valkoisella &#8226; Storit","og_description":"Etiketti tarra Brother 29x62mm, musta teksti valkoisella \u2014 kohtuulliseen hintaan. Toimitukset kaikkialle Suomeen! \u261b Tutustu tuotteeseen ja tilaa k\u00e4tev\u00e4sti STORIT-verkkokaupasta!","og_url":"https:\/\/storitgroup.com\/fi\/tuote\/brother-osoitetarra-dk-11209-29x62mm\/","og_site_name":"Storit","article_modified_time":"2024-11-25T13:16:30+00:00","og_image":[{"width":541,"height":459,"url":"https:\/\/storitgroup.com\/uploads\/2021\/08\/13-etiketid-brother-29x62-mm-1.jpg","type":"image\/jpeg"}],"twitter_card":"summary_large_image","schema":{"@context":"https:\/\/schema.org","@graph":[{"@type":["WebPage","ItemPage"],"@id":"https:\/\/storitgroup.com\/fi\/tuote\/brother-osoitetarra-dk-11209-29x62mm\/","url":"https:\/\/storitgroup.com\/fi\/tuote\/brother-osoitetarra-dk-11209-29x62mm\/","name":"Etiketti tarra Brother 29x62mm, musta teksti valkoisella &#8226; Storit","isPartOf":{"@id":"https:\/\/storitgroup.com\/fi\/#website"},"primaryImageOfPage":{"@id":"https:\/\/storitgroup.com\/fi\/tuote\/brother-osoitetarra-dk-11209-29x62mm\/#primaryimage"},"image":{"@id":"https:\/\/storitgroup.com\/fi\/tuote\/brother-osoitetarra-dk-11209-29x62mm\/#primaryimage"},"thumbnailUrl":"https:\/\/storitgroup.com\/uploads\/2021\/08\/13-etiketid-brother-29x62-mm-1.jpg","datePublished":"2021-08-30T10:25:16+00:00","dateModified":"2024-11-25T13:16:30+00:00","description":"Etiketti tarra Brother 29x62mm, musta teksti valkoisella \u2014 kohtuulliseen hintaan. Toimitukset kaikkialle Suomeen! \u261b Tutustu tuotteeseen ja tilaa k\u00e4tev\u00e4sti STORIT-verkkokaupasta!","breadcrumb":{"@id":"https:\/\/storitgroup.com\/fi\/tuote\/brother-osoitetarra-dk-11209-29x62mm\/#breadcrumb"},"inLanguage":"fi","potentialAction":[{"@type":"ReadAction","target":["https:\/\/storitgroup.com\/fi\/tuote\/brother-osoitetarra-dk-11209-29x62mm\/"]}]},{"@type":"ImageObject","inLanguage":"fi","@id":"https:\/\/storitgroup.com\/fi\/tuote\/brother-osoitetarra-dk-11209-29x62mm\/#primaryimage","url":"https:\/\/storitgroup.com\/uploads\/2021\/08\/13-etiketid-brother-29x62-mm-1.jpg","contentUrl":"https:\/\/storitgroup.com\/uploads\/2021\/08\/13-etiketid-brother-29x62-mm-1.jpg","width":541,"height":459},{"@type":"BreadcrumbList","@id":"https:\/\/storitgroup.com\/fi\/tuote\/brother-osoitetarra-dk-11209-29x62mm\/#breadcrumb","itemListElement":[{"@type":"ListItem","position":1,"name":"Kotisivu","item":"https:\/\/storitgroup.com\/fi\/"},{"@type":"ListItem","position":2,"name":"Tuotteet","item":"https:\/\/storitgroup.com\/fi\/tuotteet\/"},{"@type":"ListItem","position":3,"name":"Ty\u00f6p\u00f6yd\u00e4t: STORIT","item":"https:\/\/storitgroup.com\/fi\/poydat-tuolit-tyokaluvarasto\/tyopoydat\/tyopoydat-storit-tyopoydat\/"},{"@type":"ListItem","position":4,"name":"Tarratulostimet","item":"https:\/\/storitgroup.com\/fi\/kuormalavat-pakkaus\/tarratulostimet\/"},{"@type":"ListItem","position":5,"name":"Etiketti tarra Brother 29x62mm, musta teksti valkoisella"}]},{"@type":"WebSite","@id":"https:\/\/storitgroup.com\/fi\/#website","url":"https:\/\/storitgroup.com\/fi\/","name":"Storit","description":"","potentialAction":[{"@type":"SearchAction","target":{"@type":"EntryPoint","urlTemplate":"https:\/\/storitgroup.com\/fi\/?s={search_term_string}"},"query-input":{"@type":"PropertyValueSpecification","valueRequired":true,"valueName":"search_term_string"}}],"inLanguage":"fi"}]}},"_links":{"self":[{"href":"https:\/\/storitgroup.com\/fi\/wp-json\/wp\/v2\/product\/178289","targetHints":{"allow":["GET"]}}],"collection":[{"href":"https:\/\/storitgroup.com\/fi\/wp-json\/wp\/v2\/product"}],"about":[{"href":"https:\/\/storitgroup.com\/fi\/wp-json\/wp\/v2\/types\/product"}],"wp:featuredmedia":[{"embeddable":true,"href":"https:\/\/storitgroup.com\/fi\/wp-json\/wp\/v2\/media\/199159"}],"wp:attachment":[{"href":"https:\/\/storitgroup.com\/fi\/wp-json\/wp\/v2\/media?parent=178289"}],"wp:term":[{"taxonomy":"product_brand","embeddable":true,"href":"https:\/\/storitgroup.com\/fi\/wp-json\/wp\/v2\/product_brand?post=178289"},{"taxonomy":"product_cat","embeddable":true,"href":"https:\/\/storitgroup.com\/fi\/wp-json\/wp\/v2\/product_cat?post=178289"},{"taxonomy":"product_tag","embeddable":true,"href":"https:\/\/storitgroup.com\/fi\/wp-json\/wp\/v2\/product_tag?post=178289"}],"curies":[{"name":"wp","href":"https:\/\/api.w.org\/{rel}","templated":true}]}}