{"id":178203,"date":"2021-08-30T09:17:21","date_gmt":"2021-08-30T06:45:07","guid":{"rendered":"https:\/\/storitgroup.com\/?post_type=product&#038;p=178203"},"modified":"2025-09-01T05:00:06","modified_gmt":"2025-09-01T02:00:06","slug":"kannettavien-tietokoneiden-kaappi-wnl-208-ral7035-5012","status":"publish","type":"product","link":"https:\/\/storitgroup.com\/fi\/tuote\/kannettavien-tietokoneiden-kaappi-wnl-208-ral7035-5012\/","title":{"rendered":"Kannettavien tietokoneiden kaappi Storit WNL 208+, RAL7035\/5012, 16-lle tietokoneelle"},"content":{"rendered":"<p>16 kannettavaa tietokonetta s\u00e4ilytt\u00e4v\u00e4\u00e4 ja lataava kaappi on pulverimaalattu ja voit valita 16 perusv\u00e4rist\u00e4. Muut RAL-luettelon v\u00e4rit ovat saatavilla pient\u00e4 lis\u00e4maksua vastaan.<br \/>K\u00e4yt\u00e4nn\u00f6llinen ratkaisu laitoksille, joissa kannettavia tietokoneita k\u00e4ytet\u00e4\u00e4n p\u00e4ivitt\u00e4in, kuten koulut, kirjastot, yliopistot, konferenssikeskukset jne. <br \/> \/>Latauksen turvallisuuden takaa sulake ja per\u00e4kk\u00e4inen latausmoduuli, rei\u00b4itetyt sivusein\u00e4t varmistavat ilmankierron kaapissa.<\/p>\n<p> 0,8-2 mm paksu ter\u00e4slevyrunko<br \/>18 mm vanerikansi<br \/> br\/>2 avainta <br \/>12 V,<br \/>3 A<br \/>USB<br \/>Ylikuormitussuoja<br \/>4 py\u00f6riv\u00e4\u00e4 py\u00f6r\u00e4\u00e4, joista kahdessa on jarrut<br \/>2 kahvaa<br \/> 5 vuoden takuu<\/p>\n","protected":false},"excerpt":{"rendered":"<p>16 kannettavaa tietokonetta s\u00e4ilytt\u00e4v\u00e4\u00e4 ja lataava kaappi on pulverimaalattu ja voit valita 16 perusv\u00e4rist\u00e4. Muut RAL-luettelon v\u00e4rit ovat saatavilla pient\u00e4 lis\u00e4maksua vastaan.<br \/>\nK\u00e4yt\u00e4nn\u00f6llinen ratkaisu laitoksille, joissa kannettavia tietokoneita k\u00e4ytet\u00e4\u00e4n p\u00e4ivitt\u00e4in, kuten koulut, kirjastot, yliopistot, konferenssikeskukset jne.<br \/>\n \/>Latauksen turvallisuuden takaa sulake ja per\u00e4kk\u00e4inen latausmoduuli, rei\u00b4itetyt sivusein\u00e4t varmistavat ilmankierron kaapissa.<\/p>\n","protected":false},"featured_media":204406,"template":"","meta":{"_acf_changed":false},"product_brand":[],"product_cat":[7074,7109],"product_tag":[],"class_list":{"0":"post-178203","1":"product","2":"type-product","3":"status-publish","4":"has-post-thumbnail","6":"product_room-toimisto","7":"product_room-koulut-ja-paivakodit","8":"product_cat-tietokonekaapit","9":"product_cat-loytonurkkaus","11":"first","12":"instock","13":"taxable","14":"shipping-taxable","15":"purchasable","16":"product-type-simple"},"acf":[],"yoast_head":"<!-- This site is optimized with the Yoast SEO plugin v27.2 - https:\/\/yoast.com\/product\/yoast-seo-wordpress\/ -->\n<title>Kannettavien tietokoneiden kaappi Storit WNL 208+, RAL7035\/5012, 16-lle tietokoneelle &#8226; Storit<\/title>\n<meta name=\"description\" content=\"Kannettavien tietokoneiden kaappi Storit WNL 208+, RAL7035\/5012, 16-lle tietokoneelle \u2014 kohtuulliseen hintaan. Toimitukset kaikkialle Suomeen! \u261b Tutustu tuotteeseen ja tilaa k\u00e4tev\u00e4sti STORIT-verkkokaupasta!\" \/>\n<meta name=\"robots\" content=\"index, follow, max-snippet:-1, max-image-preview:large, max-video-preview:-1\" \/>\n<link rel=\"canonical\" href=\"https:\/\/storitgroup.com\/fi\/tuote\/kannettavien-tietokoneiden-kaappi-wnl-208-ral7035-5012\/\" \/>\n<meta property=\"og:locale\" content=\"fi_FI\" \/>\n<meta property=\"og:type\" content=\"article\" \/>\n<meta property=\"og:title\" content=\"Kannettavien tietokoneiden kaappi Storit WNL 208+, RAL7035\/5012, 16-lle tietokoneelle &#8226; Storit\" \/>\n<meta property=\"og:description\" content=\"Kannettavien tietokoneiden kaappi Storit WNL 208+, RAL7035\/5012, 16-lle tietokoneelle \u2014 kohtuulliseen hintaan. Toimitukset kaikkialle Suomeen! \u261b Tutustu tuotteeseen ja tilaa k\u00e4tev\u00e4sti STORIT-verkkokaupasta!\" \/>\n<meta property=\"og:url\" content=\"https:\/\/storitgroup.com\/fi\/tuote\/kannettavien-tietokoneiden-kaappi-wnl-208-ral7035-5012\/\" \/>\n<meta property=\"og:site_name\" content=\"Storit\" \/>\n<meta property=\"article:modified_time\" content=\"2025-09-01T02:00:06+00:00\" \/>\n<meta property=\"og:image\" content=\"https:\/\/storitgroup.com\/uploads\/2021\/08\/2-wnl208-5.jpg\" \/>\n\t<meta property=\"og:image:width\" content=\"480\" \/>\n\t<meta property=\"og:image:height\" content=\"540\" \/>\n\t<meta property=\"og:image:type\" content=\"image\/jpeg\" \/>\n<meta name=\"twitter:card\" content=\"summary_large_image\" \/>\n<script type=\"application\/ld+json\" class=\"yoast-schema-graph\">{\"@context\":\"https:\/\/schema.org\",\"@graph\":[{\"@type\":[\"WebPage\",\"ItemPage\"],\"@id\":\"https:\/\/storitgroup.com\/fi\/tuote\/kannettavien-tietokoneiden-kaappi-wnl-208-ral7035-5012\/\",\"url\":\"https:\/\/storitgroup.com\/fi\/tuote\/kannettavien-tietokoneiden-kaappi-wnl-208-ral7035-5012\/\",\"name\":\"Kannettavien tietokoneiden kaappi Storit WNL 208+, RAL7035\/5012, 16-lle tietokoneelle &#8226; Storit\",\"isPartOf\":{\"@id\":\"https:\/\/storitgroup.com\/fi\/#website\"},\"primaryImageOfPage\":{\"@id\":\"https:\/\/storitgroup.com\/fi\/tuote\/kannettavien-tietokoneiden-kaappi-wnl-208-ral7035-5012\/#primaryimage\"},\"image\":{\"@id\":\"https:\/\/storitgroup.com\/fi\/tuote\/kannettavien-tietokoneiden-kaappi-wnl-208-ral7035-5012\/#primaryimage\"},\"thumbnailUrl\":\"https:\/\/storitgroup.com\/uploads\/2021\/08\/2-wnl208-5.jpg\",\"datePublished\":\"2021-08-30T06:45:07+00:00\",\"dateModified\":\"2025-09-01T02:00:06+00:00\",\"description\":\"Kannettavien tietokoneiden kaappi Storit WNL 208+, RAL7035\/5012, 16-lle tietokoneelle \u2014 kohtuulliseen hintaan. Toimitukset kaikkialle Suomeen! \u261b Tutustu tuotteeseen ja tilaa k\u00e4tev\u00e4sti STORIT-verkkokaupasta!\",\"breadcrumb\":{\"@id\":\"https:\/\/storitgroup.com\/fi\/tuote\/kannettavien-tietokoneiden-kaappi-wnl-208-ral7035-5012\/#breadcrumb\"},\"inLanguage\":\"fi\",\"potentialAction\":[{\"@type\":\"ReadAction\",\"target\":[\"https:\/\/storitgroup.com\/fi\/tuote\/kannettavien-tietokoneiden-kaappi-wnl-208-ral7035-5012\/\"]}]},{\"@type\":\"ImageObject\",\"inLanguage\":\"fi\",\"@id\":\"https:\/\/storitgroup.com\/fi\/tuote\/kannettavien-tietokoneiden-kaappi-wnl-208-ral7035-5012\/#primaryimage\",\"url\":\"https:\/\/storitgroup.com\/uploads\/2021\/08\/2-wnl208-5.jpg\",\"contentUrl\":\"https:\/\/storitgroup.com\/uploads\/2021\/08\/2-wnl208-5.jpg\",\"width\":480,\"height\":540},{\"@type\":\"BreadcrumbList\",\"@id\":\"https:\/\/storitgroup.com\/fi\/tuote\/kannettavien-tietokoneiden-kaappi-wnl-208-ral7035-5012\/#breadcrumb\",\"itemListElement\":[{\"@type\":\"ListItem\",\"position\":1,\"name\":\"Kotisivu\",\"item\":\"https:\/\/storitgroup.com\/fi\/\"},{\"@type\":\"ListItem\",\"position\":2,\"name\":\"Tuotteet\",\"item\":\"https:\/\/storitgroup.com\/fi\/tuotteet\/\"},{\"@type\":\"ListItem\",\"position\":3,\"name\":\"Metallikaapit, pukukaapit\",\"item\":\"https:\/\/storitgroup.com\/fi\/metallikaapit-pukukaapit\/\"},{\"@type\":\"ListItem\",\"position\":4,\"name\":\"Tietokonekaapit\",\"item\":\"https:\/\/storitgroup.com\/fi\/metallikaapit-pukukaapit\/tietokonekaapit\/\"},{\"@type\":\"ListItem\",\"position\":5,\"name\":\"Kannettavien tietokoneiden kaappi Storit WNL 208+, RAL7035\/5012, 16-lle tietokoneelle\"}]},{\"@type\":\"WebSite\",\"@id\":\"https:\/\/storitgroup.com\/fi\/#website\",\"url\":\"https:\/\/storitgroup.com\/fi\/\",\"name\":\"Storit\",\"description\":\"\",\"potentialAction\":[{\"@type\":\"SearchAction\",\"target\":{\"@type\":\"EntryPoint\",\"urlTemplate\":\"https:\/\/storitgroup.com\/fi\/?s={search_term_string}\"},\"query-input\":{\"@type\":\"PropertyValueSpecification\",\"valueRequired\":true,\"valueName\":\"search_term_string\"}}],\"inLanguage\":\"fi\"}]}<\/script>\n<!-- \/ Yoast SEO plugin. -->","yoast_head_json":{"title":"Kannettavien tietokoneiden kaappi Storit WNL 208+, RAL7035\/5012, 16-lle tietokoneelle &#8226; Storit","description":"Kannettavien tietokoneiden kaappi Storit WNL 208+, RAL7035\/5012, 16-lle tietokoneelle \u2014 kohtuulliseen hintaan. Toimitukset kaikkialle Suomeen! \u261b Tutustu tuotteeseen ja tilaa k\u00e4tev\u00e4sti STORIT-verkkokaupasta!","robots":{"index":"index","follow":"follow","max-snippet":"max-snippet:-1","max-image-preview":"max-image-preview:large","max-video-preview":"max-video-preview:-1"},"canonical":"https:\/\/storitgroup.com\/fi\/tuote\/kannettavien-tietokoneiden-kaappi-wnl-208-ral7035-5012\/","og_locale":"fi_FI","og_type":"article","og_title":"Kannettavien tietokoneiden kaappi Storit WNL 208+, RAL7035\/5012, 16-lle tietokoneelle &#8226; Storit","og_description":"Kannettavien tietokoneiden kaappi Storit WNL 208+, RAL7035\/5012, 16-lle tietokoneelle \u2014 kohtuulliseen hintaan. Toimitukset kaikkialle Suomeen! \u261b Tutustu tuotteeseen ja tilaa k\u00e4tev\u00e4sti STORIT-verkkokaupasta!","og_url":"https:\/\/storitgroup.com\/fi\/tuote\/kannettavien-tietokoneiden-kaappi-wnl-208-ral7035-5012\/","og_site_name":"Storit","article_modified_time":"2025-09-01T02:00:06+00:00","og_image":[{"width":480,"height":540,"url":"https:\/\/storitgroup.com\/uploads\/2021\/08\/2-wnl208-5.jpg","type":"image\/jpeg"}],"twitter_card":"summary_large_image","schema":{"@context":"https:\/\/schema.org","@graph":[{"@type":["WebPage","ItemPage"],"@id":"https:\/\/storitgroup.com\/fi\/tuote\/kannettavien-tietokoneiden-kaappi-wnl-208-ral7035-5012\/","url":"https:\/\/storitgroup.com\/fi\/tuote\/kannettavien-tietokoneiden-kaappi-wnl-208-ral7035-5012\/","name":"Kannettavien tietokoneiden kaappi Storit WNL 208+, RAL7035\/5012, 16-lle tietokoneelle &#8226; Storit","isPartOf":{"@id":"https:\/\/storitgroup.com\/fi\/#website"},"primaryImageOfPage":{"@id":"https:\/\/storitgroup.com\/fi\/tuote\/kannettavien-tietokoneiden-kaappi-wnl-208-ral7035-5012\/#primaryimage"},"image":{"@id":"https:\/\/storitgroup.com\/fi\/tuote\/kannettavien-tietokoneiden-kaappi-wnl-208-ral7035-5012\/#primaryimage"},"thumbnailUrl":"https:\/\/storitgroup.com\/uploads\/2021\/08\/2-wnl208-5.jpg","datePublished":"2021-08-30T06:45:07+00:00","dateModified":"2025-09-01T02:00:06+00:00","description":"Kannettavien tietokoneiden kaappi Storit WNL 208+, RAL7035\/5012, 16-lle tietokoneelle \u2014 kohtuulliseen hintaan. Toimitukset kaikkialle Suomeen! \u261b Tutustu tuotteeseen ja tilaa k\u00e4tev\u00e4sti STORIT-verkkokaupasta!","breadcrumb":{"@id":"https:\/\/storitgroup.com\/fi\/tuote\/kannettavien-tietokoneiden-kaappi-wnl-208-ral7035-5012\/#breadcrumb"},"inLanguage":"fi","potentialAction":[{"@type":"ReadAction","target":["https:\/\/storitgroup.com\/fi\/tuote\/kannettavien-tietokoneiden-kaappi-wnl-208-ral7035-5012\/"]}]},{"@type":"ImageObject","inLanguage":"fi","@id":"https:\/\/storitgroup.com\/fi\/tuote\/kannettavien-tietokoneiden-kaappi-wnl-208-ral7035-5012\/#primaryimage","url":"https:\/\/storitgroup.com\/uploads\/2021\/08\/2-wnl208-5.jpg","contentUrl":"https:\/\/storitgroup.com\/uploads\/2021\/08\/2-wnl208-5.jpg","width":480,"height":540},{"@type":"BreadcrumbList","@id":"https:\/\/storitgroup.com\/fi\/tuote\/kannettavien-tietokoneiden-kaappi-wnl-208-ral7035-5012\/#breadcrumb","itemListElement":[{"@type":"ListItem","position":1,"name":"Kotisivu","item":"https:\/\/storitgroup.com\/fi\/"},{"@type":"ListItem","position":2,"name":"Tuotteet","item":"https:\/\/storitgroup.com\/fi\/tuotteet\/"},{"@type":"ListItem","position":3,"name":"Metallikaapit, pukukaapit","item":"https:\/\/storitgroup.com\/fi\/metallikaapit-pukukaapit\/"},{"@type":"ListItem","position":4,"name":"Tietokonekaapit","item":"https:\/\/storitgroup.com\/fi\/metallikaapit-pukukaapit\/tietokonekaapit\/"},{"@type":"ListItem","position":5,"name":"Kannettavien tietokoneiden kaappi Storit WNL 208+, RAL7035\/5012, 16-lle tietokoneelle"}]},{"@type":"WebSite","@id":"https:\/\/storitgroup.com\/fi\/#website","url":"https:\/\/storitgroup.com\/fi\/","name":"Storit","description":"","potentialAction":[{"@type":"SearchAction","target":{"@type":"EntryPoint","urlTemplate":"https:\/\/storitgroup.com\/fi\/?s={search_term_string}"},"query-input":{"@type":"PropertyValueSpecification","valueRequired":true,"valueName":"search_term_string"}}],"inLanguage":"fi"}]}},"_links":{"self":[{"href":"https:\/\/storitgroup.com\/fi\/wp-json\/wp\/v2\/product\/178203","targetHints":{"allow":["GET"]}}],"collection":[{"href":"https:\/\/storitgroup.com\/fi\/wp-json\/wp\/v2\/product"}],"about":[{"href":"https:\/\/storitgroup.com\/fi\/wp-json\/wp\/v2\/types\/product"}],"wp:featuredmedia":[{"embeddable":true,"href":"https:\/\/storitgroup.com\/fi\/wp-json\/wp\/v2\/media\/204406"}],"wp:attachment":[{"href":"https:\/\/storitgroup.com\/fi\/wp-json\/wp\/v2\/media?parent=178203"}],"wp:term":[{"taxonomy":"product_brand","embeddable":true,"href":"https:\/\/storitgroup.com\/fi\/wp-json\/wp\/v2\/product_brand?post=178203"},{"taxonomy":"product_cat","embeddable":true,"href":"https:\/\/storitgroup.com\/fi\/wp-json\/wp\/v2\/product_cat?post=178203"},{"taxonomy":"product_tag","embeddable":true,"href":"https:\/\/storitgroup.com\/fi\/wp-json\/wp\/v2\/product_tag?post=178203"}],"curies":[{"name":"wp","href":"https:\/\/api.w.org\/{rel}","templated":true}]}}