{"id":178051,"date":"2021-08-27T13:35:07","date_gmt":"2021-08-27T10:35:07","guid":{"rendered":"https:\/\/storitgroup.com\/?post_type=product&#038;p=178051"},"modified":"2026-04-03T20:46:56","modified_gmt":"2026-04-03T17:46:56","slug":"siirtoalustapari-cm60-n-2x3000kg","status":"publish","type":"product","link":"https:\/\/storitgroup.com\/fi\/tuote\/siirtoalustapari-cm60-n-2x3000kg\/","title":{"rendered":"Siirtoalustapari CM60-N, 2x3000kg"},"content":{"rendered":"<p>T0072  kantavuus: 2 x 3000 kg<br \/>  johdattamaton<br \/>  rullat: \u00d8 90 x 85 mm, polyuretaani, 8 kpl<br \/>   mitat: 300 x 250 x 115 mm (plk)<br \/>  paino: 30 kg<br \/>  taso p\u00e4\u00e4llystetty kumimatolla<br \/>\u00a0  Alustapari on yhdistetty toisiinsa ter\u00e4stangoilla. Alustaparin yhteisleveys on s\u00e4\u00e4dett\u00e4v\u00e4: 500 &#8211; 1400 mm.<\/p>\n","protected":false},"excerpt":{"rendered":"<p>T0072  kantavuus: 2 x 3000 kg<br \/>\n  johdattamaton<br \/>\n  rullat: \u00d8 90 x 85 mm, polyuretaani, 8 kpl<\/p>\n","protected":false},"featured_media":178128,"template":"","meta":{"_acf_changed":false},"product_brand":[],"product_cat":[7055],"product_tag":[],"class_list":{"0":"post-178051","1":"product","2":"type-product","3":"status-publish","4":"has-post-thumbnail","6":"product_room-tynnyrien-ja-kaapeleiden-kasittely","7":"product_room-iso-varasto","8":"product_room-varasto-pitkille-tavaroille-ja-levymateriaaleille","9":"product_room-pieni-varasto","10":"product_room-nostovalinet","11":"product_room-tavaroiden-logistiikka","12":"product_room-ulkoalue","13":"product_room-kuljetus-ja-logistiikka","14":"product_cat-kuljetusrullat-nosturit-konepajanosturit","16":"first","17":"onbackorder","18":"taxable","19":"shipping-taxable","20":"purchasable","21":"product-type-simple"},"acf":[],"yoast_head":"<!-- This site is optimized with the Yoast SEO plugin v27.2 - https:\/\/yoast.com\/product\/yoast-seo-wordpress\/ -->\n<title>Siirtoalustapari CM60-N, 2x3000kg &#8226; Storit<\/title>\n<meta name=\"description\" content=\"Siirtoalustapari CM60-N, 2x3000kg \u2014 kohtuulliseen hintaan. Toimitukset kaikkialle Suomeen! \u261b Tutustu tuotteeseen ja tilaa k\u00e4tev\u00e4sti STORIT-verkkokaupasta!\" \/>\n<meta name=\"robots\" content=\"index, follow, max-snippet:-1, max-image-preview:large, max-video-preview:-1\" \/>\n<link rel=\"canonical\" href=\"https:\/\/storitgroup.com\/fi\/tuote\/siirtoalustapari-cm60-n-2x3000kg\/\" \/>\n<meta property=\"og:locale\" content=\"fi_FI\" \/>\n<meta property=\"og:type\" content=\"article\" \/>\n<meta property=\"og:title\" content=\"Siirtoalustapari CM60-N, 2x3000kg &#8226; Storit\" \/>\n<meta property=\"og:description\" content=\"Siirtoalustapari CM60-N, 2x3000kg \u2014 kohtuulliseen hintaan. Toimitukset kaikkialle Suomeen! \u261b Tutustu tuotteeseen ja tilaa k\u00e4tev\u00e4sti STORIT-verkkokaupasta!\" \/>\n<meta property=\"og:url\" content=\"https:\/\/storitgroup.com\/fi\/tuote\/siirtoalustapari-cm60-n-2x3000kg\/\" \/>\n<meta property=\"og:site_name\" content=\"Storit\" \/>\n<meta property=\"article:modified_time\" content=\"2026-04-03T17:46:56+00:00\" \/>\n<meta property=\"og:image\" content=\"https:\/\/storitgroup.com\/uploads\/2021\/08\/1952057726-001_fullsize.jpg\" \/>\n\t<meta property=\"og:image:width\" content=\"1200\" \/>\n\t<meta property=\"og:image:height\" content=\"875\" \/>\n\t<meta property=\"og:image:type\" content=\"image\/jpeg\" \/>\n<meta name=\"twitter:card\" content=\"summary_large_image\" \/>\n<script type=\"application\/ld+json\" class=\"yoast-schema-graph\">{\"@context\":\"https:\/\/schema.org\",\"@graph\":[{\"@type\":[\"WebPage\",\"ItemPage\"],\"@id\":\"https:\/\/storitgroup.com\/fi\/tuote\/siirtoalustapari-cm60-n-2x3000kg\/\",\"url\":\"https:\/\/storitgroup.com\/fi\/tuote\/siirtoalustapari-cm60-n-2x3000kg\/\",\"name\":\"Siirtoalustapari CM60-N, 2x3000kg &#8226; Storit\",\"isPartOf\":{\"@id\":\"https:\/\/storitgroup.com\/fi\/#website\"},\"primaryImageOfPage\":{\"@id\":\"https:\/\/storitgroup.com\/fi\/tuote\/siirtoalustapari-cm60-n-2x3000kg\/#primaryimage\"},\"image\":{\"@id\":\"https:\/\/storitgroup.com\/fi\/tuote\/siirtoalustapari-cm60-n-2x3000kg\/#primaryimage\"},\"thumbnailUrl\":\"https:\/\/storitgroup.com\/uploads\/2021\/08\/1952057726-001_fullsize.jpg\",\"datePublished\":\"2021-08-27T10:35:07+00:00\",\"dateModified\":\"2026-04-03T17:46:56+00:00\",\"description\":\"Siirtoalustapari CM60-N, 2x3000kg \u2014 kohtuulliseen hintaan. Toimitukset kaikkialle Suomeen! \u261b Tutustu tuotteeseen ja tilaa k\u00e4tev\u00e4sti STORIT-verkkokaupasta!\",\"breadcrumb\":{\"@id\":\"https:\/\/storitgroup.com\/fi\/tuote\/siirtoalustapari-cm60-n-2x3000kg\/#breadcrumb\"},\"inLanguage\":\"fi\",\"potentialAction\":[{\"@type\":\"ReadAction\",\"target\":[\"https:\/\/storitgroup.com\/fi\/tuote\/siirtoalustapari-cm60-n-2x3000kg\/\"]}]},{\"@type\":\"ImageObject\",\"inLanguage\":\"fi\",\"@id\":\"https:\/\/storitgroup.com\/fi\/tuote\/siirtoalustapari-cm60-n-2x3000kg\/#primaryimage\",\"url\":\"https:\/\/storitgroup.com\/uploads\/2021\/08\/1952057726-001_fullsize.jpg\",\"contentUrl\":\"https:\/\/storitgroup.com\/uploads\/2021\/08\/1952057726-001_fullsize.jpg\",\"width\":1200,\"height\":875},{\"@type\":\"BreadcrumbList\",\"@id\":\"https:\/\/storitgroup.com\/fi\/tuote\/siirtoalustapari-cm60-n-2x3000kg\/#breadcrumb\",\"itemListElement\":[{\"@type\":\"ListItem\",\"position\":1,\"name\":\"Kotisivu\",\"item\":\"https:\/\/storitgroup.com\/fi\/\"},{\"@type\":\"ListItem\",\"position\":2,\"name\":\"Tuotteet\",\"item\":\"https:\/\/storitgroup.com\/fi\/tuotteet\/\"},{\"@type\":\"ListItem\",\"position\":3,\"name\":\"Varastotrukit, nostolavat, tarvikkeet\",\"item\":\"https:\/\/storitgroup.com\/fi\/varastotrukit-nostolavat-tarvikkeet\/\"},{\"@type\":\"ListItem\",\"position\":4,\"name\":\"Kuljetusrullat, nosturit, konepajanosturit\",\"item\":\"https:\/\/storitgroup.com\/fi\/varastotrukit-nostolavat-tarvikkeet\/kuljetusrullat-nosturit-konepajanosturit\/\"},{\"@type\":\"ListItem\",\"position\":5,\"name\":\"Siirtoalustapari CM60-N, 2x3000kg\"}]},{\"@type\":\"WebSite\",\"@id\":\"https:\/\/storitgroup.com\/fi\/#website\",\"url\":\"https:\/\/storitgroup.com\/fi\/\",\"name\":\"Storit\",\"description\":\"\",\"potentialAction\":[{\"@type\":\"SearchAction\",\"target\":{\"@type\":\"EntryPoint\",\"urlTemplate\":\"https:\/\/storitgroup.com\/fi\/?s={search_term_string}\"},\"query-input\":{\"@type\":\"PropertyValueSpecification\",\"valueRequired\":true,\"valueName\":\"search_term_string\"}}],\"inLanguage\":\"fi\"}]}<\/script>\n<!-- \/ Yoast SEO plugin. -->","yoast_head_json":{"title":"Siirtoalustapari CM60-N, 2x3000kg &#8226; Storit","description":"Siirtoalustapari CM60-N, 2x3000kg \u2014 kohtuulliseen hintaan. Toimitukset kaikkialle Suomeen! \u261b Tutustu tuotteeseen ja tilaa k\u00e4tev\u00e4sti STORIT-verkkokaupasta!","robots":{"index":"index","follow":"follow","max-snippet":"max-snippet:-1","max-image-preview":"max-image-preview:large","max-video-preview":"max-video-preview:-1"},"canonical":"https:\/\/storitgroup.com\/fi\/tuote\/siirtoalustapari-cm60-n-2x3000kg\/","og_locale":"fi_FI","og_type":"article","og_title":"Siirtoalustapari CM60-N, 2x3000kg &#8226; Storit","og_description":"Siirtoalustapari CM60-N, 2x3000kg \u2014 kohtuulliseen hintaan. Toimitukset kaikkialle Suomeen! \u261b Tutustu tuotteeseen ja tilaa k\u00e4tev\u00e4sti STORIT-verkkokaupasta!","og_url":"https:\/\/storitgroup.com\/fi\/tuote\/siirtoalustapari-cm60-n-2x3000kg\/","og_site_name":"Storit","article_modified_time":"2026-04-03T17:46:56+00:00","og_image":[{"width":1200,"height":875,"url":"https:\/\/storitgroup.com\/uploads\/2021\/08\/1952057726-001_fullsize.jpg","type":"image\/jpeg"}],"twitter_card":"summary_large_image","schema":{"@context":"https:\/\/schema.org","@graph":[{"@type":["WebPage","ItemPage"],"@id":"https:\/\/storitgroup.com\/fi\/tuote\/siirtoalustapari-cm60-n-2x3000kg\/","url":"https:\/\/storitgroup.com\/fi\/tuote\/siirtoalustapari-cm60-n-2x3000kg\/","name":"Siirtoalustapari CM60-N, 2x3000kg &#8226; Storit","isPartOf":{"@id":"https:\/\/storitgroup.com\/fi\/#website"},"primaryImageOfPage":{"@id":"https:\/\/storitgroup.com\/fi\/tuote\/siirtoalustapari-cm60-n-2x3000kg\/#primaryimage"},"image":{"@id":"https:\/\/storitgroup.com\/fi\/tuote\/siirtoalustapari-cm60-n-2x3000kg\/#primaryimage"},"thumbnailUrl":"https:\/\/storitgroup.com\/uploads\/2021\/08\/1952057726-001_fullsize.jpg","datePublished":"2021-08-27T10:35:07+00:00","dateModified":"2026-04-03T17:46:56+00:00","description":"Siirtoalustapari CM60-N, 2x3000kg \u2014 kohtuulliseen hintaan. Toimitukset kaikkialle Suomeen! \u261b Tutustu tuotteeseen ja tilaa k\u00e4tev\u00e4sti STORIT-verkkokaupasta!","breadcrumb":{"@id":"https:\/\/storitgroup.com\/fi\/tuote\/siirtoalustapari-cm60-n-2x3000kg\/#breadcrumb"},"inLanguage":"fi","potentialAction":[{"@type":"ReadAction","target":["https:\/\/storitgroup.com\/fi\/tuote\/siirtoalustapari-cm60-n-2x3000kg\/"]}]},{"@type":"ImageObject","inLanguage":"fi","@id":"https:\/\/storitgroup.com\/fi\/tuote\/siirtoalustapari-cm60-n-2x3000kg\/#primaryimage","url":"https:\/\/storitgroup.com\/uploads\/2021\/08\/1952057726-001_fullsize.jpg","contentUrl":"https:\/\/storitgroup.com\/uploads\/2021\/08\/1952057726-001_fullsize.jpg","width":1200,"height":875},{"@type":"BreadcrumbList","@id":"https:\/\/storitgroup.com\/fi\/tuote\/siirtoalustapari-cm60-n-2x3000kg\/#breadcrumb","itemListElement":[{"@type":"ListItem","position":1,"name":"Kotisivu","item":"https:\/\/storitgroup.com\/fi\/"},{"@type":"ListItem","position":2,"name":"Tuotteet","item":"https:\/\/storitgroup.com\/fi\/tuotteet\/"},{"@type":"ListItem","position":3,"name":"Varastotrukit, nostolavat, tarvikkeet","item":"https:\/\/storitgroup.com\/fi\/varastotrukit-nostolavat-tarvikkeet\/"},{"@type":"ListItem","position":4,"name":"Kuljetusrullat, nosturit, konepajanosturit","item":"https:\/\/storitgroup.com\/fi\/varastotrukit-nostolavat-tarvikkeet\/kuljetusrullat-nosturit-konepajanosturit\/"},{"@type":"ListItem","position":5,"name":"Siirtoalustapari CM60-N, 2x3000kg"}]},{"@type":"WebSite","@id":"https:\/\/storitgroup.com\/fi\/#website","url":"https:\/\/storitgroup.com\/fi\/","name":"Storit","description":"","potentialAction":[{"@type":"SearchAction","target":{"@type":"EntryPoint","urlTemplate":"https:\/\/storitgroup.com\/fi\/?s={search_term_string}"},"query-input":{"@type":"PropertyValueSpecification","valueRequired":true,"valueName":"search_term_string"}}],"inLanguage":"fi"}]}},"_links":{"self":[{"href":"https:\/\/storitgroup.com\/fi\/wp-json\/wp\/v2\/product\/178051","targetHints":{"allow":["GET"]}}],"collection":[{"href":"https:\/\/storitgroup.com\/fi\/wp-json\/wp\/v2\/product"}],"about":[{"href":"https:\/\/storitgroup.com\/fi\/wp-json\/wp\/v2\/types\/product"}],"wp:featuredmedia":[{"embeddable":true,"href":"https:\/\/storitgroup.com\/fi\/wp-json\/wp\/v2\/media\/178128"}],"wp:attachment":[{"href":"https:\/\/storitgroup.com\/fi\/wp-json\/wp\/v2\/media?parent=178051"}],"wp:term":[{"taxonomy":"product_brand","embeddable":true,"href":"https:\/\/storitgroup.com\/fi\/wp-json\/wp\/v2\/product_brand?post=178051"},{"taxonomy":"product_cat","embeddable":true,"href":"https:\/\/storitgroup.com\/fi\/wp-json\/wp\/v2\/product_cat?post=178051"},{"taxonomy":"product_tag","embeddable":true,"href":"https:\/\/storitgroup.com\/fi\/wp-json\/wp\/v2\/product_tag?post=178051"}],"curies":[{"name":"wp","href":"https:\/\/api.w.org\/{rel}","templated":true}]}}