{"id":178045,"date":"2021-08-27T13:25:12","date_gmt":"2021-08-27T10:25:12","guid":{"rendered":"https:\/\/storitgroup.com\/?post_type=product&#038;p=178045"},"modified":"2026-04-10T00:12:30","modified_gmt":"2026-04-09T21:12:30","slug":"lavajalat-pb-730-h-730mm","status":"publish","type":"product","link":"https:\/\/storitgroup.com\/fi\/tuote\/lavajalat-pb-730-h-730mm\/","title":{"rendered":"Lavajalat PB 730, H = 730mm"},"content":{"rendered":"<p>S0037  kantavuus: 500 kg<br \/>  korkeus: 730 mm<br \/>  leveys: 800 mm<br \/>  materiaali: ter\u00e4st\u00e4, joka on p\u00e4\u00e4llystetty sinkill\u00e4 (Zn).    Asenna jalat lavan alle ja saat hetkess\u00e4 tukevan ty\u00f6p\u00f6yd\u00e4n. Kevyt kantaa, helppo k\u00e4ytt\u00e4\u00e4 ja s\u00e4\u00e4st\u00e4\u00e4 tilaa. Soveltuvat sek\u00e4 sis\u00e4- ett\u00e4 ulkok\u00e4ytt\u00f6\u00f6n.\u00a0<\/p>\n","protected":false},"excerpt":{"rendered":"<p>S0037  kantavuus: 500 kg<br \/>\n  korkeus: 730 mm<br \/>\n  leveys: 800 mm<\/p>\n","protected":false},"featured_media":178119,"template":"","meta":{"_acf_changed":false},"product_brand":[],"product_cat":[7103],"product_tag":[],"class_list":{"0":"post-178045","1":"product","2":"type-product","3":"status-publish","4":"has-post-thumbnail","6":"product_room-kaupankaynti-ja-myymalat","7":"product_room-iso-varasto","8":"product_cat-kuormalavat-lavankaulukset-lavojen-jakajat","10":"first","11":"instock","12":"taxable","13":"shipping-taxable","14":"purchasable","15":"product-type-simple"},"acf":[],"yoast_head":"<!-- This site is optimized with the Yoast SEO plugin v27.3 - https:\/\/yoast.com\/product\/yoast-seo-wordpress\/ -->\n<title>Lavajalat PB 730, H = 730mm &#8226; Storit<\/title>\n<meta name=\"description\" content=\"Lavajalat PB 730, H = 730mm \u2014 kohtuulliseen hintaan. Toimitukset kaikkialle Suomeen! \u261b Tutustu tuotteeseen ja tilaa k\u00e4tev\u00e4sti STORIT-verkkokaupasta!\" \/>\n<meta name=\"robots\" content=\"index, follow, max-snippet:-1, max-image-preview:large, max-video-preview:-1\" \/>\n<link rel=\"canonical\" href=\"https:\/\/storitgroup.com\/fi\/tuote\/lavajalat-pb-730-h-730mm\/\" \/>\n<meta property=\"og:locale\" content=\"fi_FI\" \/>\n<meta property=\"og:type\" content=\"article\" \/>\n<meta property=\"og:title\" content=\"Lavajalat PB 730, H = 730mm &#8226; Storit\" \/>\n<meta property=\"og:description\" content=\"Lavajalat PB 730, H = 730mm \u2014 kohtuulliseen hintaan. Toimitukset kaikkialle Suomeen! \u261b Tutustu tuotteeseen ja tilaa k\u00e4tev\u00e4sti STORIT-verkkokaupasta!\" \/>\n<meta property=\"og:url\" content=\"https:\/\/storitgroup.com\/fi\/tuote\/lavajalat-pb-730-h-730mm\/\" \/>\n<meta property=\"og:site_name\" content=\"Storit\" \/>\n<meta property=\"article:modified_time\" content=\"2026-04-09T21:12:30+00:00\" \/>\n<meta property=\"og:image\" content=\"https:\/\/storitgroup.com\/uploads\/2021\/08\/2541010730-001_fullsize.jpg\" \/>\n\t<meta property=\"og:image:width\" content=\"1200\" \/>\n\t<meta property=\"og:image:height\" content=\"999\" \/>\n\t<meta property=\"og:image:type\" content=\"image\/jpeg\" \/>\n<meta name=\"twitter:card\" content=\"summary_large_image\" \/>\n<script type=\"application\/ld+json\" class=\"yoast-schema-graph\">{\"@context\":\"https:\\\/\\\/schema.org\",\"@graph\":[{\"@type\":[\"WebPage\",\"ItemPage\"],\"@id\":\"https:\\\/\\\/storitgroup.com\\\/fi\\\/tuote\\\/lavajalat-pb-730-h-730mm\\\/\",\"url\":\"https:\\\/\\\/storitgroup.com\\\/fi\\\/tuote\\\/lavajalat-pb-730-h-730mm\\\/\",\"name\":\"Lavajalat PB 730, H = 730mm &#8226; Storit\",\"isPartOf\":{\"@id\":\"https:\\\/\\\/storitgroup.com\\\/fi\\\/#website\"},\"primaryImageOfPage\":{\"@id\":\"https:\\\/\\\/storitgroup.com\\\/fi\\\/tuote\\\/lavajalat-pb-730-h-730mm\\\/#primaryimage\"},\"image\":{\"@id\":\"https:\\\/\\\/storitgroup.com\\\/fi\\\/tuote\\\/lavajalat-pb-730-h-730mm\\\/#primaryimage\"},\"thumbnailUrl\":\"https:\\\/\\\/storitgroup.com\\\/uploads\\\/2021\\\/08\\\/2541010730-001_fullsize.jpg\",\"datePublished\":\"2021-08-27T10:25:12+00:00\",\"dateModified\":\"2026-04-09T21:12:30+00:00\",\"description\":\"Lavajalat PB 730, H = 730mm \u2014 kohtuulliseen hintaan. Toimitukset kaikkialle Suomeen! \u261b Tutustu tuotteeseen ja tilaa k\u00e4tev\u00e4sti STORIT-verkkokaupasta!\",\"breadcrumb\":{\"@id\":\"https:\\\/\\\/storitgroup.com\\\/fi\\\/tuote\\\/lavajalat-pb-730-h-730mm\\\/#breadcrumb\"},\"inLanguage\":\"fi\",\"potentialAction\":[{\"@type\":\"ReadAction\",\"target\":[\"https:\\\/\\\/storitgroup.com\\\/fi\\\/tuote\\\/lavajalat-pb-730-h-730mm\\\/\"]}]},{\"@type\":\"ImageObject\",\"inLanguage\":\"fi\",\"@id\":\"https:\\\/\\\/storitgroup.com\\\/fi\\\/tuote\\\/lavajalat-pb-730-h-730mm\\\/#primaryimage\",\"url\":\"https:\\\/\\\/storitgroup.com\\\/uploads\\\/2021\\\/08\\\/2541010730-001_fullsize.jpg\",\"contentUrl\":\"https:\\\/\\\/storitgroup.com\\\/uploads\\\/2021\\\/08\\\/2541010730-001_fullsize.jpg\",\"width\":1200,\"height\":999},{\"@type\":\"BreadcrumbList\",\"@id\":\"https:\\\/\\\/storitgroup.com\\\/fi\\\/tuote\\\/lavajalat-pb-730-h-730mm\\\/#breadcrumb\",\"itemListElement\":[{\"@type\":\"ListItem\",\"position\":1,\"name\":\"Kotisivu\",\"item\":\"https:\\\/\\\/storitgroup.com\\\/fi\\\/\"},{\"@type\":\"ListItem\",\"position\":2,\"name\":\"Tuotteet\",\"item\":\"https:\\\/\\\/storitgroup.com\\\/fi\\\/tuotteet\\\/\"},{\"@type\":\"ListItem\",\"position\":3,\"name\":\"Ty\u00f6p\u00f6yd\u00e4t: STORIT\",\"item\":\"https:\\\/\\\/storitgroup.com\\\/fi\\\/poydat-tuolit-tyokaluvarasto\\\/tyopoydat\\\/tyopoydat-storit-tyopoydat\\\/\"},{\"@type\":\"ListItem\",\"position\":4,\"name\":\"Kuormalavat, lavankaulukset, lavojen jakajat\",\"item\":\"https:\\\/\\\/storitgroup.com\\\/fi\\\/kuormalavat-pakkaus\\\/kuormalavat-lavankaulukset-lavojen-jakajat\\\/\"},{\"@type\":\"ListItem\",\"position\":5,\"name\":\"Lavajalat PB 730, H = 730mm\"}]},{\"@type\":\"WebSite\",\"@id\":\"https:\\\/\\\/storitgroup.com\\\/fi\\\/#website\",\"url\":\"https:\\\/\\\/storitgroup.com\\\/fi\\\/\",\"name\":\"Storit\",\"description\":\"\",\"potentialAction\":[{\"@type\":\"SearchAction\",\"target\":{\"@type\":\"EntryPoint\",\"urlTemplate\":\"https:\\\/\\\/storitgroup.com\\\/fi\\\/?s={search_term_string}\"},\"query-input\":{\"@type\":\"PropertyValueSpecification\",\"valueRequired\":true,\"valueName\":\"search_term_string\"}}],\"inLanguage\":\"fi\"}]}<\/script>\n<!-- \/ Yoast SEO plugin. -->","yoast_head_json":{"title":"Lavajalat PB 730, H = 730mm &#8226; Storit","description":"Lavajalat PB 730, H = 730mm \u2014 kohtuulliseen hintaan. Toimitukset kaikkialle Suomeen! \u261b Tutustu tuotteeseen ja tilaa k\u00e4tev\u00e4sti STORIT-verkkokaupasta!","robots":{"index":"index","follow":"follow","max-snippet":"max-snippet:-1","max-image-preview":"max-image-preview:large","max-video-preview":"max-video-preview:-1"},"canonical":"https:\/\/storitgroup.com\/fi\/tuote\/lavajalat-pb-730-h-730mm\/","og_locale":"fi_FI","og_type":"article","og_title":"Lavajalat PB 730, H = 730mm &#8226; Storit","og_description":"Lavajalat PB 730, H = 730mm \u2014 kohtuulliseen hintaan. Toimitukset kaikkialle Suomeen! \u261b Tutustu tuotteeseen ja tilaa k\u00e4tev\u00e4sti STORIT-verkkokaupasta!","og_url":"https:\/\/storitgroup.com\/fi\/tuote\/lavajalat-pb-730-h-730mm\/","og_site_name":"Storit","article_modified_time":"2026-04-09T21:12:30+00:00","og_image":[{"width":1200,"height":999,"url":"https:\/\/storitgroup.com\/uploads\/2021\/08\/2541010730-001_fullsize.jpg","type":"image\/jpeg"}],"twitter_card":"summary_large_image","schema":{"@context":"https:\/\/schema.org","@graph":[{"@type":["WebPage","ItemPage"],"@id":"https:\/\/storitgroup.com\/fi\/tuote\/lavajalat-pb-730-h-730mm\/","url":"https:\/\/storitgroup.com\/fi\/tuote\/lavajalat-pb-730-h-730mm\/","name":"Lavajalat PB 730, H = 730mm &#8226; Storit","isPartOf":{"@id":"https:\/\/storitgroup.com\/fi\/#website"},"primaryImageOfPage":{"@id":"https:\/\/storitgroup.com\/fi\/tuote\/lavajalat-pb-730-h-730mm\/#primaryimage"},"image":{"@id":"https:\/\/storitgroup.com\/fi\/tuote\/lavajalat-pb-730-h-730mm\/#primaryimage"},"thumbnailUrl":"https:\/\/storitgroup.com\/uploads\/2021\/08\/2541010730-001_fullsize.jpg","datePublished":"2021-08-27T10:25:12+00:00","dateModified":"2026-04-09T21:12:30+00:00","description":"Lavajalat PB 730, H = 730mm \u2014 kohtuulliseen hintaan. Toimitukset kaikkialle Suomeen! \u261b Tutustu tuotteeseen ja tilaa k\u00e4tev\u00e4sti STORIT-verkkokaupasta!","breadcrumb":{"@id":"https:\/\/storitgroup.com\/fi\/tuote\/lavajalat-pb-730-h-730mm\/#breadcrumb"},"inLanguage":"fi","potentialAction":[{"@type":"ReadAction","target":["https:\/\/storitgroup.com\/fi\/tuote\/lavajalat-pb-730-h-730mm\/"]}]},{"@type":"ImageObject","inLanguage":"fi","@id":"https:\/\/storitgroup.com\/fi\/tuote\/lavajalat-pb-730-h-730mm\/#primaryimage","url":"https:\/\/storitgroup.com\/uploads\/2021\/08\/2541010730-001_fullsize.jpg","contentUrl":"https:\/\/storitgroup.com\/uploads\/2021\/08\/2541010730-001_fullsize.jpg","width":1200,"height":999},{"@type":"BreadcrumbList","@id":"https:\/\/storitgroup.com\/fi\/tuote\/lavajalat-pb-730-h-730mm\/#breadcrumb","itemListElement":[{"@type":"ListItem","position":1,"name":"Kotisivu","item":"https:\/\/storitgroup.com\/fi\/"},{"@type":"ListItem","position":2,"name":"Tuotteet","item":"https:\/\/storitgroup.com\/fi\/tuotteet\/"},{"@type":"ListItem","position":3,"name":"Ty\u00f6p\u00f6yd\u00e4t: STORIT","item":"https:\/\/storitgroup.com\/fi\/poydat-tuolit-tyokaluvarasto\/tyopoydat\/tyopoydat-storit-tyopoydat\/"},{"@type":"ListItem","position":4,"name":"Kuormalavat, lavankaulukset, lavojen jakajat","item":"https:\/\/storitgroup.com\/fi\/kuormalavat-pakkaus\/kuormalavat-lavankaulukset-lavojen-jakajat\/"},{"@type":"ListItem","position":5,"name":"Lavajalat PB 730, H = 730mm"}]},{"@type":"WebSite","@id":"https:\/\/storitgroup.com\/fi\/#website","url":"https:\/\/storitgroup.com\/fi\/","name":"Storit","description":"","potentialAction":[{"@type":"SearchAction","target":{"@type":"EntryPoint","urlTemplate":"https:\/\/storitgroup.com\/fi\/?s={search_term_string}"},"query-input":{"@type":"PropertyValueSpecification","valueRequired":true,"valueName":"search_term_string"}}],"inLanguage":"fi"}]}},"_links":{"self":[{"href":"https:\/\/storitgroup.com\/fi\/wp-json\/wp\/v2\/product\/178045","targetHints":{"allow":["GET"]}}],"collection":[{"href":"https:\/\/storitgroup.com\/fi\/wp-json\/wp\/v2\/product"}],"about":[{"href":"https:\/\/storitgroup.com\/fi\/wp-json\/wp\/v2\/types\/product"}],"wp:featuredmedia":[{"embeddable":true,"href":"https:\/\/storitgroup.com\/fi\/wp-json\/wp\/v2\/media\/178119"}],"wp:attachment":[{"href":"https:\/\/storitgroup.com\/fi\/wp-json\/wp\/v2\/media?parent=178045"}],"wp:term":[{"taxonomy":"product_brand","embeddable":true,"href":"https:\/\/storitgroup.com\/fi\/wp-json\/wp\/v2\/product_brand?post=178045"},{"taxonomy":"product_cat","embeddable":true,"href":"https:\/\/storitgroup.com\/fi\/wp-json\/wp\/v2\/product_cat?post=178045"},{"taxonomy":"product_tag","embeddable":true,"href":"https:\/\/storitgroup.com\/fi\/wp-json\/wp\/v2\/product_tag?post=178045"}],"curies":[{"name":"wp","href":"https:\/\/api.w.org\/{rel}","templated":true}]}}