{"id":177832,"date":"2021-08-24T10:25:58","date_gmt":"2021-08-24T07:25:58","guid":{"rendered":"https:\/\/storitgroup.com\/?post_type=product&#038;p=177832"},"modified":"2024-11-20T17:40:08","modified_gmt":"2024-11-20T15:40:08","slug":"kuljetusalusta-renkaille-o-630-mm","status":"publish","type":"product","link":"https:\/\/storitgroup.com\/fi\/tuote\/kuljetusalusta-renkaille-o-630-mm\/","title":{"rendered":"Kuljetusalusta renkaille, \u00d8 630 mm"},"content":{"rendered":"<p>Sopii k\u00e4rryn 2032 ja 2033 kanssa<br \/>kantavuus: 120kg<br \/>halkaisija: \u00d8 630mm<br \/>5 kpl k\u00e4\u00e4nt\u00f6py\u00f6ri\u00e4 \u00a0\u00d8 75mm<\/p>\n","protected":false},"excerpt":{"rendered":"<p>Sopii k\u00e4rryn 2032 ja 2033 kanssa<br \/>\nkantavuus: 120kg<br \/>\nhalkaisija: \u00d8 630mm<\/p>\n","protected":false},"featured_media":177930,"template":"","meta":{"_acf_changed":false},"product_brand":[],"product_cat":[7083],"product_tag":[],"class_list":{"0":"post-177832","1":"product","2":"type-product","3":"status-publish","4":"has-post-thumbnail","6":"product_room-varasto-pitkille-tavaroille-ja-levymateriaaleille","7":"product_room-kuljetus-ja-logistiikka","8":"product_cat-erikoiskarryt","10":"first","11":"onbackorder","12":"taxable","13":"shipping-taxable","14":"purchasable","15":"product-type-simple"},"acf":[],"yoast_head":"<!-- This site is optimized with the Yoast SEO plugin v27.3 - https:\/\/yoast.com\/product\/yoast-seo-wordpress\/ -->\n<title>Kuljetusalusta renkaille, \u00d8 630 mm &#8226; Storit<\/title>\n<meta name=\"description\" content=\"Kuljetusalusta renkaille, \u00d8 630 mm \u2014 kohtuulliseen hintaan. Toimitukset kaikkialle Suomeen! \u261b Tutustu tuotteeseen ja tilaa k\u00e4tev\u00e4sti STORIT-verkkokaupasta!\" \/>\n<meta name=\"robots\" content=\"index, follow, max-snippet:-1, max-image-preview:large, max-video-preview:-1\" \/>\n<link rel=\"canonical\" href=\"https:\/\/storitgroup.com\/fi\/tuote\/kuljetusalusta-renkaille-o-630-mm\/\" \/>\n<meta property=\"og:locale\" content=\"fi_FI\" \/>\n<meta property=\"og:type\" content=\"article\" \/>\n<meta property=\"og:title\" content=\"Kuljetusalusta renkaille, \u00d8 630 mm &#8226; Storit\" \/>\n<meta property=\"og:description\" content=\"Kuljetusalusta renkaille, \u00d8 630 mm \u2014 kohtuulliseen hintaan. Toimitukset kaikkialle Suomeen! \u261b Tutustu tuotteeseen ja tilaa k\u00e4tev\u00e4sti STORIT-verkkokaupasta!\" \/>\n<meta property=\"og:url\" content=\"https:\/\/storitgroup.com\/fi\/tuote\/kuljetusalusta-renkaille-o-630-mm\/\" \/>\n<meta property=\"og:site_name\" content=\"Storit\" \/>\n<meta property=\"article:modified_time\" content=\"2024-11-20T15:40:08+00:00\" \/>\n<meta property=\"og:image\" content=\"https:\/\/storitgroup.com\/uploads\/2021\/08\/11-1.jpg\" \/>\n\t<meta property=\"og:image:width\" content=\"1003\" \/>\n\t<meta property=\"og:image:height\" content=\"691\" \/>\n\t<meta property=\"og:image:type\" content=\"image\/jpeg\" \/>\n<meta name=\"twitter:card\" content=\"summary_large_image\" \/>\n<script type=\"application\/ld+json\" class=\"yoast-schema-graph\">{\"@context\":\"https:\\\/\\\/schema.org\",\"@graph\":[{\"@type\":[\"WebPage\",\"ItemPage\"],\"@id\":\"https:\\\/\\\/storitgroup.com\\\/fi\\\/tuote\\\/kuljetusalusta-renkaille-o-630-mm\\\/\",\"url\":\"https:\\\/\\\/storitgroup.com\\\/fi\\\/tuote\\\/kuljetusalusta-renkaille-o-630-mm\\\/\",\"name\":\"Kuljetusalusta renkaille, \u00d8 630 mm &#8226; Storit\",\"isPartOf\":{\"@id\":\"https:\\\/\\\/storitgroup.com\\\/fi\\\/#website\"},\"primaryImageOfPage\":{\"@id\":\"https:\\\/\\\/storitgroup.com\\\/fi\\\/tuote\\\/kuljetusalusta-renkaille-o-630-mm\\\/#primaryimage\"},\"image\":{\"@id\":\"https:\\\/\\\/storitgroup.com\\\/fi\\\/tuote\\\/kuljetusalusta-renkaille-o-630-mm\\\/#primaryimage\"},\"thumbnailUrl\":\"https:\\\/\\\/storitgroup.com\\\/uploads\\\/2021\\\/08\\\/11-1.jpg\",\"datePublished\":\"2021-08-24T07:25:58+00:00\",\"dateModified\":\"2024-11-20T15:40:08+00:00\",\"description\":\"Kuljetusalusta renkaille, \u00d8 630 mm \u2014 kohtuulliseen hintaan. Toimitukset kaikkialle Suomeen! \u261b Tutustu tuotteeseen ja tilaa k\u00e4tev\u00e4sti STORIT-verkkokaupasta!\",\"breadcrumb\":{\"@id\":\"https:\\\/\\\/storitgroup.com\\\/fi\\\/tuote\\\/kuljetusalusta-renkaille-o-630-mm\\\/#breadcrumb\"},\"inLanguage\":\"fi\",\"potentialAction\":[{\"@type\":\"ReadAction\",\"target\":[\"https:\\\/\\\/storitgroup.com\\\/fi\\\/tuote\\\/kuljetusalusta-renkaille-o-630-mm\\\/\"]}]},{\"@type\":\"ImageObject\",\"inLanguage\":\"fi\",\"@id\":\"https:\\\/\\\/storitgroup.com\\\/fi\\\/tuote\\\/kuljetusalusta-renkaille-o-630-mm\\\/#primaryimage\",\"url\":\"https:\\\/\\\/storitgroup.com\\\/uploads\\\/2021\\\/08\\\/11-1.jpg\",\"contentUrl\":\"https:\\\/\\\/storitgroup.com\\\/uploads\\\/2021\\\/08\\\/11-1.jpg\",\"width\":1003,\"height\":691},{\"@type\":\"BreadcrumbList\",\"@id\":\"https:\\\/\\\/storitgroup.com\\\/fi\\\/tuote\\\/kuljetusalusta-renkaille-o-630-mm\\\/#breadcrumb\",\"itemListElement\":[{\"@type\":\"ListItem\",\"position\":1,\"name\":\"Kotisivu\",\"item\":\"https:\\\/\\\/storitgroup.com\\\/fi\\\/\"},{\"@type\":\"ListItem\",\"position\":2,\"name\":\"Tuotteet\",\"item\":\"https:\\\/\\\/storitgroup.com\\\/fi\\\/tuotteet\\\/\"},{\"@type\":\"ListItem\",\"position\":3,\"name\":\"Varastovaunut, py\u00f6r\u00e4t\",\"item\":\"https:\\\/\\\/storitgroup.com\\\/fi\\\/varastovaunut-pyorat\\\/\"},{\"@type\":\"ListItem\",\"position\":4,\"name\":\"Erikoisk\u00e4rryt\",\"item\":\"https:\\\/\\\/storitgroup.com\\\/fi\\\/varastovaunut-pyorat\\\/erikoiskarryt\\\/\"},{\"@type\":\"ListItem\",\"position\":5,\"name\":\"Kuljetusalusta renkaille, \u00d8 630 mm\"}]},{\"@type\":\"WebSite\",\"@id\":\"https:\\\/\\\/storitgroup.com\\\/fi\\\/#website\",\"url\":\"https:\\\/\\\/storitgroup.com\\\/fi\\\/\",\"name\":\"Storit\",\"description\":\"\",\"potentialAction\":[{\"@type\":\"SearchAction\",\"target\":{\"@type\":\"EntryPoint\",\"urlTemplate\":\"https:\\\/\\\/storitgroup.com\\\/fi\\\/?s={search_term_string}\"},\"query-input\":{\"@type\":\"PropertyValueSpecification\",\"valueRequired\":true,\"valueName\":\"search_term_string\"}}],\"inLanguage\":\"fi\"}]}<\/script>\n<!-- \/ Yoast SEO plugin. -->","yoast_head_json":{"title":"Kuljetusalusta renkaille, \u00d8 630 mm &#8226; Storit","description":"Kuljetusalusta renkaille, \u00d8 630 mm \u2014 kohtuulliseen hintaan. Toimitukset kaikkialle Suomeen! \u261b Tutustu tuotteeseen ja tilaa k\u00e4tev\u00e4sti STORIT-verkkokaupasta!","robots":{"index":"index","follow":"follow","max-snippet":"max-snippet:-1","max-image-preview":"max-image-preview:large","max-video-preview":"max-video-preview:-1"},"canonical":"https:\/\/storitgroup.com\/fi\/tuote\/kuljetusalusta-renkaille-o-630-mm\/","og_locale":"fi_FI","og_type":"article","og_title":"Kuljetusalusta renkaille, \u00d8 630 mm &#8226; Storit","og_description":"Kuljetusalusta renkaille, \u00d8 630 mm \u2014 kohtuulliseen hintaan. Toimitukset kaikkialle Suomeen! \u261b Tutustu tuotteeseen ja tilaa k\u00e4tev\u00e4sti STORIT-verkkokaupasta!","og_url":"https:\/\/storitgroup.com\/fi\/tuote\/kuljetusalusta-renkaille-o-630-mm\/","og_site_name":"Storit","article_modified_time":"2024-11-20T15:40:08+00:00","og_image":[{"width":1003,"height":691,"url":"https:\/\/storitgroup.com\/uploads\/2021\/08\/11-1.jpg","type":"image\/jpeg"}],"twitter_card":"summary_large_image","schema":{"@context":"https:\/\/schema.org","@graph":[{"@type":["WebPage","ItemPage"],"@id":"https:\/\/storitgroup.com\/fi\/tuote\/kuljetusalusta-renkaille-o-630-mm\/","url":"https:\/\/storitgroup.com\/fi\/tuote\/kuljetusalusta-renkaille-o-630-mm\/","name":"Kuljetusalusta renkaille, \u00d8 630 mm &#8226; Storit","isPartOf":{"@id":"https:\/\/storitgroup.com\/fi\/#website"},"primaryImageOfPage":{"@id":"https:\/\/storitgroup.com\/fi\/tuote\/kuljetusalusta-renkaille-o-630-mm\/#primaryimage"},"image":{"@id":"https:\/\/storitgroup.com\/fi\/tuote\/kuljetusalusta-renkaille-o-630-mm\/#primaryimage"},"thumbnailUrl":"https:\/\/storitgroup.com\/uploads\/2021\/08\/11-1.jpg","datePublished":"2021-08-24T07:25:58+00:00","dateModified":"2024-11-20T15:40:08+00:00","description":"Kuljetusalusta renkaille, \u00d8 630 mm \u2014 kohtuulliseen hintaan. Toimitukset kaikkialle Suomeen! \u261b Tutustu tuotteeseen ja tilaa k\u00e4tev\u00e4sti STORIT-verkkokaupasta!","breadcrumb":{"@id":"https:\/\/storitgroup.com\/fi\/tuote\/kuljetusalusta-renkaille-o-630-mm\/#breadcrumb"},"inLanguage":"fi","potentialAction":[{"@type":"ReadAction","target":["https:\/\/storitgroup.com\/fi\/tuote\/kuljetusalusta-renkaille-o-630-mm\/"]}]},{"@type":"ImageObject","inLanguage":"fi","@id":"https:\/\/storitgroup.com\/fi\/tuote\/kuljetusalusta-renkaille-o-630-mm\/#primaryimage","url":"https:\/\/storitgroup.com\/uploads\/2021\/08\/11-1.jpg","contentUrl":"https:\/\/storitgroup.com\/uploads\/2021\/08\/11-1.jpg","width":1003,"height":691},{"@type":"BreadcrumbList","@id":"https:\/\/storitgroup.com\/fi\/tuote\/kuljetusalusta-renkaille-o-630-mm\/#breadcrumb","itemListElement":[{"@type":"ListItem","position":1,"name":"Kotisivu","item":"https:\/\/storitgroup.com\/fi\/"},{"@type":"ListItem","position":2,"name":"Tuotteet","item":"https:\/\/storitgroup.com\/fi\/tuotteet\/"},{"@type":"ListItem","position":3,"name":"Varastovaunut, py\u00f6r\u00e4t","item":"https:\/\/storitgroup.com\/fi\/varastovaunut-pyorat\/"},{"@type":"ListItem","position":4,"name":"Erikoisk\u00e4rryt","item":"https:\/\/storitgroup.com\/fi\/varastovaunut-pyorat\/erikoiskarryt\/"},{"@type":"ListItem","position":5,"name":"Kuljetusalusta renkaille, \u00d8 630 mm"}]},{"@type":"WebSite","@id":"https:\/\/storitgroup.com\/fi\/#website","url":"https:\/\/storitgroup.com\/fi\/","name":"Storit","description":"","potentialAction":[{"@type":"SearchAction","target":{"@type":"EntryPoint","urlTemplate":"https:\/\/storitgroup.com\/fi\/?s={search_term_string}"},"query-input":{"@type":"PropertyValueSpecification","valueRequired":true,"valueName":"search_term_string"}}],"inLanguage":"fi"}]}},"_links":{"self":[{"href":"https:\/\/storitgroup.com\/fi\/wp-json\/wp\/v2\/product\/177832","targetHints":{"allow":["GET"]}}],"collection":[{"href":"https:\/\/storitgroup.com\/fi\/wp-json\/wp\/v2\/product"}],"about":[{"href":"https:\/\/storitgroup.com\/fi\/wp-json\/wp\/v2\/types\/product"}],"wp:featuredmedia":[{"embeddable":true,"href":"https:\/\/storitgroup.com\/fi\/wp-json\/wp\/v2\/media\/177930"}],"wp:attachment":[{"href":"https:\/\/storitgroup.com\/fi\/wp-json\/wp\/v2\/media?parent=177832"}],"wp:term":[{"taxonomy":"product_brand","embeddable":true,"href":"https:\/\/storitgroup.com\/fi\/wp-json\/wp\/v2\/product_brand?post=177832"},{"taxonomy":"product_cat","embeddable":true,"href":"https:\/\/storitgroup.com\/fi\/wp-json\/wp\/v2\/product_cat?post=177832"},{"taxonomy":"product_tag","embeddable":true,"href":"https:\/\/storitgroup.com\/fi\/wp-json\/wp\/v2\/product_tag?post=177832"}],"curies":[{"name":"wp","href":"https:\/\/api.w.org\/{rel}","templated":true}]}}