{"id":177278,"date":"2021-08-09T11:20:06","date_gmt":"2021-08-09T08:20:06","guid":{"rendered":"https:\/\/storitgroup.com\/maaratlemata\/elektroninen-lattiavaaka-tf-1010-3000kg\/"},"modified":"2024-11-21T16:31:02","modified_gmt":"2024-11-21T14:31:02","slug":"elektroninen-lattiavaaka-tf-1010-3000kg","status":"publish","type":"product","link":"https:\/\/storitgroup.com\/fi\/tuote\/elektroninen-lattiavaaka-tf-1010-3000kg\/","title":{"rendered":"Elektroninen lattiavaaka TF-1010, 3000kg"},"content":{"rendered":"<p>Punnituskapasiteetti: 3000 kg<br \/> Kalibroitu<br \/> Jakautumisarvot: 1000 g<br \/> Lavan koko: 1000\u00d71000 mm<br \/>Maalattu alusta<br \/> K\u00e4ytt\u00f6l\u00e4mp\u00f6tila: -10 \u00b0 C &#8211; + 40 \u00b0 C<br \/> LCD -n\u00e4ytt\u00f6jalusta, runko ruostumatonta ter\u00e4st\u00e4<br \/>Virtal\u00e4hde: verkkolaite (12V \/ 500mA), ladattava akku (6V \/ 4Ah)<br \/> Paino: 109,1 kg<\/p>\n","protected":false},"excerpt":{"rendered":"<p>Punnituskapasiteetti: 3000 kg<br \/>\n Kalibroitu<br \/>\n Jakautumisarvot: 1000 g<\/p>\n","protected":false},"featured_media":36854,"template":"","meta":{"_acf_changed":false},"product_brand":[],"product_cat":[7105],"product_tag":[],"class_list":{"0":"post-177278","1":"product","2":"type-product","3":"status-publish","4":"has-post-thumbnail","6":"product_room-kaupankaynti-ja-myymalat","7":"product_room-pakkaus","8":"product_room-iso-varasto","9":"product_room-pieni-varasto","10":"product_room-kokoonpano-ja-keraily","11":"product_room-ruuan-kasittely","12":"product_cat-varastovaaat","14":"first","15":"onbackorder","16":"taxable","17":"shipping-taxable","18":"purchasable","19":"product-type-simple"},"acf":[],"yoast_head":"<!-- This site is optimized with the Yoast SEO plugin v27.2 - https:\/\/yoast.com\/product\/yoast-seo-wordpress\/ -->\n<title>Elektroninen lattiavaaka TF-1010, 3000kg &#8226; Storit<\/title>\n<meta name=\"description\" content=\"Elektroninen lattiavaaka TF-1010, 3000kg \u2014 kohtuulliseen hintaan. Toimitukset kaikkialle Suomeen! \u261b Tutustu tuotteeseen ja tilaa k\u00e4tev\u00e4sti STORIT-verkkokaupasta!\" \/>\n<meta name=\"robots\" content=\"index, follow, max-snippet:-1, max-image-preview:large, max-video-preview:-1\" \/>\n<link rel=\"canonical\" href=\"https:\/\/storitgroup.com\/fi\/tuote\/elektroninen-lattiavaaka-tf-1010-3000kg\/\" \/>\n<meta property=\"og:locale\" content=\"fi_FI\" \/>\n<meta property=\"og:type\" content=\"article\" \/>\n<meta property=\"og:title\" content=\"Elektroninen lattiavaaka TF-1010, 3000kg &#8226; Storit\" \/>\n<meta property=\"og:description\" content=\"Elektroninen lattiavaaka TF-1010, 3000kg \u2014 kohtuulliseen hintaan. Toimitukset kaikkialle Suomeen! \u261b Tutustu tuotteeseen ja tilaa k\u00e4tev\u00e4sti STORIT-verkkokaupasta!\" \/>\n<meta property=\"og:url\" content=\"https:\/\/storitgroup.com\/fi\/tuote\/elektroninen-lattiavaaka-tf-1010-3000kg\/\" \/>\n<meta property=\"og:site_name\" content=\"Storit\" \/>\n<meta property=\"article:modified_time\" content=\"2024-11-21T14:31:02+00:00\" \/>\n<meta property=\"og:image\" content=\"https:\/\/storitgroup.com\/uploads\/2021\/05\/tf-porandakaal-cws-naidik.jpg\" \/>\n\t<meta property=\"og:image:width\" content=\"923\" \/>\n\t<meta property=\"og:image:height\" content=\"687\" \/>\n\t<meta property=\"og:image:type\" content=\"image\/jpeg\" \/>\n<meta name=\"twitter:card\" content=\"summary_large_image\" \/>\n<script type=\"application\/ld+json\" class=\"yoast-schema-graph\">{\"@context\":\"https:\/\/schema.org\",\"@graph\":[{\"@type\":[\"WebPage\",\"ItemPage\"],\"@id\":\"https:\/\/storitgroup.com\/fi\/tuote\/elektroninen-lattiavaaka-tf-1010-3000kg\/\",\"url\":\"https:\/\/storitgroup.com\/fi\/tuote\/elektroninen-lattiavaaka-tf-1010-3000kg\/\",\"name\":\"Elektroninen lattiavaaka TF-1010, 3000kg &#8226; Storit\",\"isPartOf\":{\"@id\":\"https:\/\/storitgroup.com\/fi\/#website\"},\"primaryImageOfPage\":{\"@id\":\"https:\/\/storitgroup.com\/fi\/tuote\/elektroninen-lattiavaaka-tf-1010-3000kg\/#primaryimage\"},\"image\":{\"@id\":\"https:\/\/storitgroup.com\/fi\/tuote\/elektroninen-lattiavaaka-tf-1010-3000kg\/#primaryimage\"},\"thumbnailUrl\":\"https:\/\/storitgroup.com\/uploads\/2021\/05\/tf-porandakaal-cws-naidik.jpg\",\"datePublished\":\"2021-08-09T08:20:06+00:00\",\"dateModified\":\"2024-11-21T14:31:02+00:00\",\"description\":\"Elektroninen lattiavaaka TF-1010, 3000kg \u2014 kohtuulliseen hintaan. Toimitukset kaikkialle Suomeen! \u261b Tutustu tuotteeseen ja tilaa k\u00e4tev\u00e4sti STORIT-verkkokaupasta!\",\"breadcrumb\":{\"@id\":\"https:\/\/storitgroup.com\/fi\/tuote\/elektroninen-lattiavaaka-tf-1010-3000kg\/#breadcrumb\"},\"inLanguage\":\"fi\",\"potentialAction\":[{\"@type\":\"ReadAction\",\"target\":[\"https:\/\/storitgroup.com\/fi\/tuote\/elektroninen-lattiavaaka-tf-1010-3000kg\/\"]}]},{\"@type\":\"ImageObject\",\"inLanguage\":\"fi\",\"@id\":\"https:\/\/storitgroup.com\/fi\/tuote\/elektroninen-lattiavaaka-tf-1010-3000kg\/#primaryimage\",\"url\":\"https:\/\/storitgroup.com\/uploads\/2021\/05\/tf-porandakaal-cws-naidik.jpg\",\"contentUrl\":\"https:\/\/storitgroup.com\/uploads\/2021\/05\/tf-porandakaal-cws-naidik.jpg\",\"width\":923,\"height\":687},{\"@type\":\"BreadcrumbList\",\"@id\":\"https:\/\/storitgroup.com\/fi\/tuote\/elektroninen-lattiavaaka-tf-1010-3000kg\/#breadcrumb\",\"itemListElement\":[{\"@type\":\"ListItem\",\"position\":1,\"name\":\"Kotisivu\",\"item\":\"https:\/\/storitgroup.com\/fi\/\"},{\"@type\":\"ListItem\",\"position\":2,\"name\":\"Tuotteet\",\"item\":\"https:\/\/storitgroup.com\/fi\/tuotteet\/\"},{\"@type\":\"ListItem\",\"position\":3,\"name\":\"Ty\u00f6p\u00f6yd\u00e4t: STORIT\",\"item\":\"https:\/\/storitgroup.com\/fi\/poydat-tuolit-tyokaluvarasto\/tyopoydat\/tyopoydat-storit-tyopoydat\/\"},{\"@type\":\"ListItem\",\"position\":4,\"name\":\"Varastovaa\u00b4at\",\"item\":\"https:\/\/storitgroup.com\/fi\/kuormalavat-pakkaus\/varastovaaat\/\"},{\"@type\":\"ListItem\",\"position\":5,\"name\":\"Elektroninen lattiavaaka TF-1010, 3000kg\"}]},{\"@type\":\"WebSite\",\"@id\":\"https:\/\/storitgroup.com\/fi\/#website\",\"url\":\"https:\/\/storitgroup.com\/fi\/\",\"name\":\"Storit\",\"description\":\"\",\"potentialAction\":[{\"@type\":\"SearchAction\",\"target\":{\"@type\":\"EntryPoint\",\"urlTemplate\":\"https:\/\/storitgroup.com\/fi\/?s={search_term_string}\"},\"query-input\":{\"@type\":\"PropertyValueSpecification\",\"valueRequired\":true,\"valueName\":\"search_term_string\"}}],\"inLanguage\":\"fi\"}]}<\/script>\n<!-- \/ Yoast SEO plugin. -->","yoast_head_json":{"title":"Elektroninen lattiavaaka TF-1010, 3000kg &#8226; Storit","description":"Elektroninen lattiavaaka TF-1010, 3000kg \u2014 kohtuulliseen hintaan. Toimitukset kaikkialle Suomeen! \u261b Tutustu tuotteeseen ja tilaa k\u00e4tev\u00e4sti STORIT-verkkokaupasta!","robots":{"index":"index","follow":"follow","max-snippet":"max-snippet:-1","max-image-preview":"max-image-preview:large","max-video-preview":"max-video-preview:-1"},"canonical":"https:\/\/storitgroup.com\/fi\/tuote\/elektroninen-lattiavaaka-tf-1010-3000kg\/","og_locale":"fi_FI","og_type":"article","og_title":"Elektroninen lattiavaaka TF-1010, 3000kg &#8226; Storit","og_description":"Elektroninen lattiavaaka TF-1010, 3000kg \u2014 kohtuulliseen hintaan. Toimitukset kaikkialle Suomeen! \u261b Tutustu tuotteeseen ja tilaa k\u00e4tev\u00e4sti STORIT-verkkokaupasta!","og_url":"https:\/\/storitgroup.com\/fi\/tuote\/elektroninen-lattiavaaka-tf-1010-3000kg\/","og_site_name":"Storit","article_modified_time":"2024-11-21T14:31:02+00:00","og_image":[{"width":923,"height":687,"url":"https:\/\/storitgroup.com\/uploads\/2021\/05\/tf-porandakaal-cws-naidik.jpg","type":"image\/jpeg"}],"twitter_card":"summary_large_image","schema":{"@context":"https:\/\/schema.org","@graph":[{"@type":["WebPage","ItemPage"],"@id":"https:\/\/storitgroup.com\/fi\/tuote\/elektroninen-lattiavaaka-tf-1010-3000kg\/","url":"https:\/\/storitgroup.com\/fi\/tuote\/elektroninen-lattiavaaka-tf-1010-3000kg\/","name":"Elektroninen lattiavaaka TF-1010, 3000kg &#8226; Storit","isPartOf":{"@id":"https:\/\/storitgroup.com\/fi\/#website"},"primaryImageOfPage":{"@id":"https:\/\/storitgroup.com\/fi\/tuote\/elektroninen-lattiavaaka-tf-1010-3000kg\/#primaryimage"},"image":{"@id":"https:\/\/storitgroup.com\/fi\/tuote\/elektroninen-lattiavaaka-tf-1010-3000kg\/#primaryimage"},"thumbnailUrl":"https:\/\/storitgroup.com\/uploads\/2021\/05\/tf-porandakaal-cws-naidik.jpg","datePublished":"2021-08-09T08:20:06+00:00","dateModified":"2024-11-21T14:31:02+00:00","description":"Elektroninen lattiavaaka TF-1010, 3000kg \u2014 kohtuulliseen hintaan. Toimitukset kaikkialle Suomeen! \u261b Tutustu tuotteeseen ja tilaa k\u00e4tev\u00e4sti STORIT-verkkokaupasta!","breadcrumb":{"@id":"https:\/\/storitgroup.com\/fi\/tuote\/elektroninen-lattiavaaka-tf-1010-3000kg\/#breadcrumb"},"inLanguage":"fi","potentialAction":[{"@type":"ReadAction","target":["https:\/\/storitgroup.com\/fi\/tuote\/elektroninen-lattiavaaka-tf-1010-3000kg\/"]}]},{"@type":"ImageObject","inLanguage":"fi","@id":"https:\/\/storitgroup.com\/fi\/tuote\/elektroninen-lattiavaaka-tf-1010-3000kg\/#primaryimage","url":"https:\/\/storitgroup.com\/uploads\/2021\/05\/tf-porandakaal-cws-naidik.jpg","contentUrl":"https:\/\/storitgroup.com\/uploads\/2021\/05\/tf-porandakaal-cws-naidik.jpg","width":923,"height":687},{"@type":"BreadcrumbList","@id":"https:\/\/storitgroup.com\/fi\/tuote\/elektroninen-lattiavaaka-tf-1010-3000kg\/#breadcrumb","itemListElement":[{"@type":"ListItem","position":1,"name":"Kotisivu","item":"https:\/\/storitgroup.com\/fi\/"},{"@type":"ListItem","position":2,"name":"Tuotteet","item":"https:\/\/storitgroup.com\/fi\/tuotteet\/"},{"@type":"ListItem","position":3,"name":"Ty\u00f6p\u00f6yd\u00e4t: STORIT","item":"https:\/\/storitgroup.com\/fi\/poydat-tuolit-tyokaluvarasto\/tyopoydat\/tyopoydat-storit-tyopoydat\/"},{"@type":"ListItem","position":4,"name":"Varastovaa\u00b4at","item":"https:\/\/storitgroup.com\/fi\/kuormalavat-pakkaus\/varastovaaat\/"},{"@type":"ListItem","position":5,"name":"Elektroninen lattiavaaka TF-1010, 3000kg"}]},{"@type":"WebSite","@id":"https:\/\/storitgroup.com\/fi\/#website","url":"https:\/\/storitgroup.com\/fi\/","name":"Storit","description":"","potentialAction":[{"@type":"SearchAction","target":{"@type":"EntryPoint","urlTemplate":"https:\/\/storitgroup.com\/fi\/?s={search_term_string}"},"query-input":{"@type":"PropertyValueSpecification","valueRequired":true,"valueName":"search_term_string"}}],"inLanguage":"fi"}]}},"_links":{"self":[{"href":"https:\/\/storitgroup.com\/fi\/wp-json\/wp\/v2\/product\/177278","targetHints":{"allow":["GET"]}}],"collection":[{"href":"https:\/\/storitgroup.com\/fi\/wp-json\/wp\/v2\/product"}],"about":[{"href":"https:\/\/storitgroup.com\/fi\/wp-json\/wp\/v2\/types\/product"}],"wp:featuredmedia":[{"embeddable":true,"href":"https:\/\/storitgroup.com\/fi\/wp-json\/wp\/v2\/media\/36854"}],"wp:attachment":[{"href":"https:\/\/storitgroup.com\/fi\/wp-json\/wp\/v2\/media?parent=177278"}],"wp:term":[{"taxonomy":"product_brand","embeddable":true,"href":"https:\/\/storitgroup.com\/fi\/wp-json\/wp\/v2\/product_brand?post=177278"},{"taxonomy":"product_cat","embeddable":true,"href":"https:\/\/storitgroup.com\/fi\/wp-json\/wp\/v2\/product_cat?post=177278"},{"taxonomy":"product_tag","embeddable":true,"href":"https:\/\/storitgroup.com\/fi\/wp-json\/wp\/v2\/product_tag?post=177278"}],"curies":[{"name":"wp","href":"https:\/\/api.w.org\/{rel}","templated":true}]}}