{"id":175088,"date":"2021-07-01T08:50:11","date_gmt":"2021-07-01T05:50:11","guid":{"rendered":"https:\/\/storitgroup.com\/maaratlemata\/tyojakkara-sigma-480rs-540-800mm-jalkatuki-tyokaluhylly\/"},"modified":"2026-04-03T20:16:34","modified_gmt":"2026-04-03T17:16:34","slug":"tyojakkara-sigma-480rs-540-800mm-jalkatuki-tyokaluhylly","status":"publish","type":"product","link":"https:\/\/storitgroup.com\/fi\/tuote\/tyojakkara-sigma-480rs-540-800mm-jalkatuki-tyokaluhylly\/","title":{"rendered":"Jakkara Sigma 480RS, 540-800mm, jalkatuki, ty\u00f6kaluhylly"},"content":{"rendered":"<p>Py\u00f6rill\u00e4 varustettu jakkara auttaa v\u00e4ltt\u00e4m\u00e4\u00e4n polvistumista tai kyykistymist\u00e4 teht\u00e4viss\u00e4, jotka edellytt\u00e4v\u00e4t matalaa asentoa, ja se auttaa yll\u00e4pit\u00e4m\u00e4\u00e4n sel\u00e4n, polvien ja nilkkojen hyv\u00e4\u00e4 asentoa. Ihanteellinen k\u00e4ytett\u00e4v\u00e4ksi laitoksissa, joissa ty\u00f6skennell\u00e4\u00e4n pienten lasten kanssa, sill\u00e4 jakkaran korkeutta voi s\u00e4\u00e4t\u00e4\u00e4, istuin on mukava ja voit liikkua helposti ja nopeasti paikasta toiseen.<\/p>\n<p>Istuin on muotoiltu polyuretaanivaahdosta ter\u00e4svahvistuksella, mik\u00e4 takaa istumismukavuuden ja k\u00e4yt\u00e4nn\u00f6llisen kest\u00e4vyyden my\u00f6s vaativammassa ymp\u00e4rist\u00f6ss\u00e4. Polyuretaani on helppo puhdistaa ja kest\u00e4\u00e4 monia nesteit\u00e4 ja kemikaaleja.<br \/>Tuolin pohja on ter\u00e4st\u00e4 ja jalkarengas on lis\u00e4tty suojaamaan py\u00f6ri\u00e4 ja jarruja sek\u00e4 tukemaan jalkoja.<\/p>\n<p>Istuimen \u00d8 359 mm.<br \/>Kokonaisuuden \u00d8 480 mm.<br \/>Ter\u00e4ksest\u00e4 tehty ty\u00f6kaluteline.<br \/>5 helposti liikkuvaa kumipy\u00f6r\u00e4\u00e4, \u00d8 75 mm, joista kahdessa on jarrut.<br \/>S\u00e4\u00e4dett\u00e4v\u00e4 korkeus: 530-790 mm.<br \/>Vaihtoehtoiset korkeudet 320-390 mm &amp; 370-500 mm &amp; 460-650 mm.<\/p>\n","protected":false},"excerpt":{"rendered":"<p>Py\u00f6rill\u00e4 varustettu jakkara auttaa v\u00e4ltt\u00e4m\u00e4\u00e4n polvistumista tai kyykistymist\u00e4 teht\u00e4viss\u00e4, jotka edellytt\u00e4v\u00e4t matalaa asentoa, ja se auttaa yll\u00e4pit\u00e4m\u00e4\u00e4n sel\u00e4n, polvien ja nilkkojen hyv\u00e4\u00e4 asentoa. Ihanteellinen k\u00e4ytett\u00e4v\u00e4ksi laitoksissa, joissa ty\u00f6skennell\u00e4\u00e4n pienten lasten kanssa, sill\u00e4 jakkaran korkeutta voi s\u00e4\u00e4t\u00e4\u00e4, istuin on mukava ja voit liikkua helposti ja nopeasti paikasta toiseen.<\/p>\n<p>Istuin on muotoiltu polyuretaanivaahdosta ter\u00e4svahvistuksella, mik\u00e4 takaa istumismukavuuden ja k\u00e4yt\u00e4nn\u00f6llisen kest\u00e4vyyden my\u00f6s vaativammassa ymp\u00e4rist\u00f6ss\u00e4. Polyuretaani on helppo puhdistaa ja kest\u00e4\u00e4 monia nesteit\u00e4 ja kemikaaleja.<\/p>\n","protected":false},"featured_media":213169,"template":"","meta":{"_acf_changed":false},"product_brand":[],"product_cat":[7064],"product_tag":[],"class_list":{"0":"post-175088","1":"product","2":"type-product","3":"status-publish","4":"has-post-thumbnail","6":"product_room-kokoonpano-ja-keraily","7":"product_room-toimisto","8":"product_room-koulut-ja-paivakodit","9":"product_room-laakeyhtiot-ja-laboratoriot","10":"product_room-iso-varasto","11":"product_room-pieni-varasto","12":"product_room-teollisuus-ja-tuotanto-ergonomiset-tyopaikat-tyokaluvarasto","13":"product_room-kotitoimisto","14":"product_room-tyopaja-ja-autotalli","15":"product_room-kotiratkaisut","16":"product_room-ruuan-kasittely","17":"product_room-kuljetus-ja-logistiikka","18":"product_room-kaupankaynti-ja-myymalat","19":"product_room-arkisto-museo","20":"product_room-pakkaus","21":"product_cat-toimistotuolit","23":"first","24":"onbackorder","25":"taxable","26":"shipping-taxable","27":"purchasable","28":"product-type-simple"},"acf":[],"yoast_head":"<!-- This site is optimized with the Yoast SEO plugin v27.2 - https:\/\/yoast.com\/product\/yoast-seo-wordpress\/ -->\n<title>Jakkara Sigma 480RS, 540-800mm, jalkatuki, ty\u00f6kaluhylly &#8226; Storit<\/title>\n<meta name=\"description\" content=\"Jakkara Sigma 480RS, 540-800mm, jalkatuki, ty\u00f6kaluhylly \u2014 kohtuulliseen hintaan. Toimitukset kaikkialle Suomeen! \u261b Tutustu tuotteeseen ja tilaa k\u00e4tev\u00e4sti STORIT-verkkokaupasta!\" \/>\n<meta name=\"robots\" content=\"index, follow, max-snippet:-1, max-image-preview:large, max-video-preview:-1\" \/>\n<link rel=\"canonical\" href=\"https:\/\/storitgroup.com\/fi\/tuote\/tyojakkara-sigma-480rs-540-800mm-jalkatuki-tyokaluhylly\/\" \/>\n<meta property=\"og:locale\" content=\"fi_FI\" \/>\n<meta property=\"og:type\" content=\"article\" \/>\n<meta property=\"og:title\" content=\"Jakkara Sigma 480RS, 540-800mm, jalkatuki, ty\u00f6kaluhylly &#8226; Storit\" \/>\n<meta property=\"og:description\" content=\"Jakkara Sigma 480RS, 540-800mm, jalkatuki, ty\u00f6kaluhylly \u2014 kohtuulliseen hintaan. Toimitukset kaikkialle Suomeen! \u261b Tutustu tuotteeseen ja tilaa k\u00e4tev\u00e4sti STORIT-verkkokaupasta!\" \/>\n<meta property=\"og:url\" content=\"https:\/\/storitgroup.com\/fi\/tuote\/tyojakkara-sigma-480rs-540-800mm-jalkatuki-tyokaluhylly\/\" \/>\n<meta property=\"og:site_name\" content=\"Storit\" \/>\n<meta property=\"article:modified_time\" content=\"2026-04-03T17:16:34+00:00\" \/>\n<meta property=\"og:image\" content=\"https:\/\/storitgroup.com\/uploads\/2021\/07\/8.-gl11100120000.jpg\" \/>\n\t<meta property=\"og:image:width\" content=\"430\" \/>\n\t<meta property=\"og:image:height\" content=\"619\" \/>\n\t<meta property=\"og:image:type\" content=\"image\/jpeg\" \/>\n<meta name=\"twitter:card\" content=\"summary_large_image\" \/>\n<meta name=\"twitter:label1\" content=\"Arvioitu lukuaika\" \/>\n\t<meta name=\"twitter:data1\" content=\"1 minuutti\" \/>\n<script type=\"application\/ld+json\" class=\"yoast-schema-graph\">{\"@context\":\"https:\/\/schema.org\",\"@graph\":[{\"@type\":[\"WebPage\",\"ItemPage\"],\"@id\":\"https:\/\/storitgroup.com\/fi\/tuote\/tyojakkara-sigma-480rs-540-800mm-jalkatuki-tyokaluhylly\/\",\"url\":\"https:\/\/storitgroup.com\/fi\/tuote\/tyojakkara-sigma-480rs-540-800mm-jalkatuki-tyokaluhylly\/\",\"name\":\"Jakkara Sigma 480RS, 540-800mm, jalkatuki, ty\u00f6kaluhylly &#8226; Storit\",\"isPartOf\":{\"@id\":\"https:\/\/storitgroup.com\/fi\/#website\"},\"primaryImageOfPage\":{\"@id\":\"https:\/\/storitgroup.com\/fi\/tuote\/tyojakkara-sigma-480rs-540-800mm-jalkatuki-tyokaluhylly\/#primaryimage\"},\"image\":{\"@id\":\"https:\/\/storitgroup.com\/fi\/tuote\/tyojakkara-sigma-480rs-540-800mm-jalkatuki-tyokaluhylly\/#primaryimage\"},\"thumbnailUrl\":\"https:\/\/storitgroup.com\/uploads\/2021\/07\/8.-gl11100120000.jpg\",\"datePublished\":\"2021-07-01T05:50:11+00:00\",\"dateModified\":\"2026-04-03T17:16:34+00:00\",\"description\":\"Jakkara Sigma 480RS, 540-800mm, jalkatuki, ty\u00f6kaluhylly \u2014 kohtuulliseen hintaan. Toimitukset kaikkialle Suomeen! \u261b Tutustu tuotteeseen ja tilaa k\u00e4tev\u00e4sti STORIT-verkkokaupasta!\",\"breadcrumb\":{\"@id\":\"https:\/\/storitgroup.com\/fi\/tuote\/tyojakkara-sigma-480rs-540-800mm-jalkatuki-tyokaluhylly\/#breadcrumb\"},\"inLanguage\":\"fi\",\"potentialAction\":[{\"@type\":\"ReadAction\",\"target\":[\"https:\/\/storitgroup.com\/fi\/tuote\/tyojakkara-sigma-480rs-540-800mm-jalkatuki-tyokaluhylly\/\"]}]},{\"@type\":\"ImageObject\",\"inLanguage\":\"fi\",\"@id\":\"https:\/\/storitgroup.com\/fi\/tuote\/tyojakkara-sigma-480rs-540-800mm-jalkatuki-tyokaluhylly\/#primaryimage\",\"url\":\"https:\/\/storitgroup.com\/uploads\/2021\/07\/8.-gl11100120000.jpg\",\"contentUrl\":\"https:\/\/storitgroup.com\/uploads\/2021\/07\/8.-gl11100120000.jpg\",\"width\":430,\"height\":619},{\"@type\":\"BreadcrumbList\",\"@id\":\"https:\/\/storitgroup.com\/fi\/tuote\/tyojakkara-sigma-480rs-540-800mm-jalkatuki-tyokaluhylly\/#breadcrumb\",\"itemListElement\":[{\"@type\":\"ListItem\",\"position\":1,\"name\":\"Kotisivu\",\"item\":\"https:\/\/storitgroup.com\/fi\/\"},{\"@type\":\"ListItem\",\"position\":2,\"name\":\"Tuotteet\",\"item\":\"https:\/\/storitgroup.com\/fi\/tuotteet\/\"},{\"@type\":\"ListItem\",\"position\":3,\"name\":\"P\u00f6yd\u00e4t, tuolit, ty\u00f6kaluvarasto\",\"item\":\"https:\/\/storitgroup.com\/fi\/poydat-tuolit-tyokaluvarasto\/\"},{\"@type\":\"ListItem\",\"position\":4,\"name\":\"Toimistotuolit\",\"item\":\"https:\/\/storitgroup.com\/fi\/poydat-tuolit-tyokaluvarasto\/toimistotuolit\/\"},{\"@type\":\"ListItem\",\"position\":5,\"name\":\"Jakkara Sigma 480RS, 540-800mm, jalkatuki, ty\u00f6kaluhylly\"}]},{\"@type\":\"WebSite\",\"@id\":\"https:\/\/storitgroup.com\/fi\/#website\",\"url\":\"https:\/\/storitgroup.com\/fi\/\",\"name\":\"Storit\",\"description\":\"\",\"potentialAction\":[{\"@type\":\"SearchAction\",\"target\":{\"@type\":\"EntryPoint\",\"urlTemplate\":\"https:\/\/storitgroup.com\/fi\/?s={search_term_string}\"},\"query-input\":{\"@type\":\"PropertyValueSpecification\",\"valueRequired\":true,\"valueName\":\"search_term_string\"}}],\"inLanguage\":\"fi\"}]}<\/script>\n<!-- \/ Yoast SEO plugin. -->","yoast_head_json":{"title":"Jakkara Sigma 480RS, 540-800mm, jalkatuki, ty\u00f6kaluhylly &#8226; Storit","description":"Jakkara Sigma 480RS, 540-800mm, jalkatuki, ty\u00f6kaluhylly \u2014 kohtuulliseen hintaan. Toimitukset kaikkialle Suomeen! \u261b Tutustu tuotteeseen ja tilaa k\u00e4tev\u00e4sti STORIT-verkkokaupasta!","robots":{"index":"index","follow":"follow","max-snippet":"max-snippet:-1","max-image-preview":"max-image-preview:large","max-video-preview":"max-video-preview:-1"},"canonical":"https:\/\/storitgroup.com\/fi\/tuote\/tyojakkara-sigma-480rs-540-800mm-jalkatuki-tyokaluhylly\/","og_locale":"fi_FI","og_type":"article","og_title":"Jakkara Sigma 480RS, 540-800mm, jalkatuki, ty\u00f6kaluhylly &#8226; Storit","og_description":"Jakkara Sigma 480RS, 540-800mm, jalkatuki, ty\u00f6kaluhylly \u2014 kohtuulliseen hintaan. Toimitukset kaikkialle Suomeen! \u261b Tutustu tuotteeseen ja tilaa k\u00e4tev\u00e4sti STORIT-verkkokaupasta!","og_url":"https:\/\/storitgroup.com\/fi\/tuote\/tyojakkara-sigma-480rs-540-800mm-jalkatuki-tyokaluhylly\/","og_site_name":"Storit","article_modified_time":"2026-04-03T17:16:34+00:00","og_image":[{"width":430,"height":619,"url":"https:\/\/storitgroup.com\/uploads\/2021\/07\/8.-gl11100120000.jpg","type":"image\/jpeg"}],"twitter_card":"summary_large_image","twitter_misc":{"Arvioitu lukuaika":"1 minuutti"},"schema":{"@context":"https:\/\/schema.org","@graph":[{"@type":["WebPage","ItemPage"],"@id":"https:\/\/storitgroup.com\/fi\/tuote\/tyojakkara-sigma-480rs-540-800mm-jalkatuki-tyokaluhylly\/","url":"https:\/\/storitgroup.com\/fi\/tuote\/tyojakkara-sigma-480rs-540-800mm-jalkatuki-tyokaluhylly\/","name":"Jakkara Sigma 480RS, 540-800mm, jalkatuki, ty\u00f6kaluhylly &#8226; Storit","isPartOf":{"@id":"https:\/\/storitgroup.com\/fi\/#website"},"primaryImageOfPage":{"@id":"https:\/\/storitgroup.com\/fi\/tuote\/tyojakkara-sigma-480rs-540-800mm-jalkatuki-tyokaluhylly\/#primaryimage"},"image":{"@id":"https:\/\/storitgroup.com\/fi\/tuote\/tyojakkara-sigma-480rs-540-800mm-jalkatuki-tyokaluhylly\/#primaryimage"},"thumbnailUrl":"https:\/\/storitgroup.com\/uploads\/2021\/07\/8.-gl11100120000.jpg","datePublished":"2021-07-01T05:50:11+00:00","dateModified":"2026-04-03T17:16:34+00:00","description":"Jakkara Sigma 480RS, 540-800mm, jalkatuki, ty\u00f6kaluhylly \u2014 kohtuulliseen hintaan. Toimitukset kaikkialle Suomeen! \u261b Tutustu tuotteeseen ja tilaa k\u00e4tev\u00e4sti STORIT-verkkokaupasta!","breadcrumb":{"@id":"https:\/\/storitgroup.com\/fi\/tuote\/tyojakkara-sigma-480rs-540-800mm-jalkatuki-tyokaluhylly\/#breadcrumb"},"inLanguage":"fi","potentialAction":[{"@type":"ReadAction","target":["https:\/\/storitgroup.com\/fi\/tuote\/tyojakkara-sigma-480rs-540-800mm-jalkatuki-tyokaluhylly\/"]}]},{"@type":"ImageObject","inLanguage":"fi","@id":"https:\/\/storitgroup.com\/fi\/tuote\/tyojakkara-sigma-480rs-540-800mm-jalkatuki-tyokaluhylly\/#primaryimage","url":"https:\/\/storitgroup.com\/uploads\/2021\/07\/8.-gl11100120000.jpg","contentUrl":"https:\/\/storitgroup.com\/uploads\/2021\/07\/8.-gl11100120000.jpg","width":430,"height":619},{"@type":"BreadcrumbList","@id":"https:\/\/storitgroup.com\/fi\/tuote\/tyojakkara-sigma-480rs-540-800mm-jalkatuki-tyokaluhylly\/#breadcrumb","itemListElement":[{"@type":"ListItem","position":1,"name":"Kotisivu","item":"https:\/\/storitgroup.com\/fi\/"},{"@type":"ListItem","position":2,"name":"Tuotteet","item":"https:\/\/storitgroup.com\/fi\/tuotteet\/"},{"@type":"ListItem","position":3,"name":"P\u00f6yd\u00e4t, tuolit, ty\u00f6kaluvarasto","item":"https:\/\/storitgroup.com\/fi\/poydat-tuolit-tyokaluvarasto\/"},{"@type":"ListItem","position":4,"name":"Toimistotuolit","item":"https:\/\/storitgroup.com\/fi\/poydat-tuolit-tyokaluvarasto\/toimistotuolit\/"},{"@type":"ListItem","position":5,"name":"Jakkara Sigma 480RS, 540-800mm, jalkatuki, ty\u00f6kaluhylly"}]},{"@type":"WebSite","@id":"https:\/\/storitgroup.com\/fi\/#website","url":"https:\/\/storitgroup.com\/fi\/","name":"Storit","description":"","potentialAction":[{"@type":"SearchAction","target":{"@type":"EntryPoint","urlTemplate":"https:\/\/storitgroup.com\/fi\/?s={search_term_string}"},"query-input":{"@type":"PropertyValueSpecification","valueRequired":true,"valueName":"search_term_string"}}],"inLanguage":"fi"}]}},"_links":{"self":[{"href":"https:\/\/storitgroup.com\/fi\/wp-json\/wp\/v2\/product\/175088","targetHints":{"allow":["GET"]}}],"collection":[{"href":"https:\/\/storitgroup.com\/fi\/wp-json\/wp\/v2\/product"}],"about":[{"href":"https:\/\/storitgroup.com\/fi\/wp-json\/wp\/v2\/types\/product"}],"wp:featuredmedia":[{"embeddable":true,"href":"https:\/\/storitgroup.com\/fi\/wp-json\/wp\/v2\/media\/213169"}],"wp:attachment":[{"href":"https:\/\/storitgroup.com\/fi\/wp-json\/wp\/v2\/media?parent=175088"}],"wp:term":[{"taxonomy":"product_brand","embeddable":true,"href":"https:\/\/storitgroup.com\/fi\/wp-json\/wp\/v2\/product_brand?post=175088"},{"taxonomy":"product_cat","embeddable":true,"href":"https:\/\/storitgroup.com\/fi\/wp-json\/wp\/v2\/product_cat?post=175088"},{"taxonomy":"product_tag","embeddable":true,"href":"https:\/\/storitgroup.com\/fi\/wp-json\/wp\/v2\/product_tag?post=175088"}],"curies":[{"name":"wp","href":"https:\/\/api.w.org\/{rel}","templated":true}]}}