{"id":17244,"date":"2021-03-05T17:17:53","date_gmt":"2021-03-05T15:17:53","guid":{"rendered":"https:\/\/storitgroup.com\/?post_type=product&#038;p=17244"},"modified":"2024-11-25T15:25:38","modified_gmt":"2024-11-25T13:25:38","slug":"pyorea-liikennepeili-tm-ac80","status":"publish","type":"product","link":"https:\/\/storitgroup.com\/fi\/tuote\/pyorea-liikennepeili-tm-ac80\/","title":{"rendered":"Py\u00f6re\u00e4 liikennepeili TM AC80"},"content":{"rendered":"","protected":false},"excerpt":{"rendered":"","protected":false},"featured_media":24284,"template":"","meta":{"_acf_changed":false},"product_brand":[],"product_cat":[7097],"product_tag":[],"class_list":{"0":"post-17244","1":"product","2":"type-product","3":"status-publish","4":"has-post-thumbnail","6":"product_room-kiinteistokehitys","7":"product_room-kuljetus-ja-logistiikka","8":"product_room-kaupankaynti-ja-myymalat","9":"product_room-turvaratkaisut-varastoon-tuotantoon","10":"product_room-iso-varasto","11":"product_room-ulkoalue","12":"product_cat-turvapeilit","14":"first","15":"onbackorder","16":"taxable","17":"shipping-taxable","18":"purchasable","19":"product-type-simple"},"acf":[],"yoast_head":"<!-- This site is optimized with the Yoast SEO plugin v27.3 - https:\/\/yoast.com\/product\/yoast-seo-wordpress\/ -->\n<title>Py\u00f6re\u00e4 liikennepeili TM AC80 &#8226; Storit<\/title>\n<meta name=\"description\" content=\"Py\u00f6re\u00e4 liikennepeili TM AC80 \u2014 kohtuulliseen hintaan. Toimitukset kaikkialle Suomeen! \u261b Tutustu tuotteeseen ja tilaa k\u00e4tev\u00e4sti STORIT-verkkokaupasta!\" \/>\n<meta name=\"robots\" content=\"index, follow, max-snippet:-1, max-image-preview:large, max-video-preview:-1\" \/>\n<link rel=\"canonical\" href=\"https:\/\/storitgroup.com\/fi\/tuote\/pyorea-liikennepeili-tm-ac80\/\" \/>\n<meta property=\"og:locale\" content=\"fi_FI\" \/>\n<meta property=\"og:type\" content=\"article\" \/>\n<meta property=\"og:title\" content=\"Py\u00f6re\u00e4 liikennepeili TM AC80 &#8226; Storit\" \/>\n<meta property=\"og:description\" content=\"Py\u00f6re\u00e4 liikennepeili TM AC80 \u2014 kohtuulliseen hintaan. Toimitukset kaikkialle Suomeen! \u261b Tutustu tuotteeseen ja tilaa k\u00e4tev\u00e4sti STORIT-verkkokaupasta!\" \/>\n<meta property=\"og:url\" content=\"https:\/\/storitgroup.com\/fi\/tuote\/pyorea-liikennepeili-tm-ac80\/\" \/>\n<meta property=\"og:site_name\" content=\"Storit\" \/>\n<meta property=\"article:modified_time\" content=\"2024-11-25T13:25:38+00:00\" \/>\n<meta property=\"og:image\" content=\"https:\/\/storitgroup.com\/uploads\/2021\/03\/mar-liikluspeegel-tm-ac-80.png\" \/>\n\t<meta property=\"og:image:width\" content=\"768\" \/>\n\t<meta property=\"og:image:height\" content=\"768\" \/>\n\t<meta property=\"og:image:type\" content=\"image\/png\" \/>\n<meta name=\"twitter:card\" content=\"summary_large_image\" \/>\n<script type=\"application\/ld+json\" class=\"yoast-schema-graph\">{\"@context\":\"https:\\\/\\\/schema.org\",\"@graph\":[{\"@type\":[\"WebPage\",\"ItemPage\"],\"@id\":\"https:\\\/\\\/storitgroup.com\\\/fi\\\/tuote\\\/pyorea-liikennepeili-tm-ac80\\\/\",\"url\":\"https:\\\/\\\/storitgroup.com\\\/fi\\\/tuote\\\/pyorea-liikennepeili-tm-ac80\\\/\",\"name\":\"Py\u00f6re\u00e4 liikennepeili TM AC80 &#8226; Storit\",\"isPartOf\":{\"@id\":\"https:\\\/\\\/storitgroup.com\\\/fi\\\/#website\"},\"primaryImageOfPage\":{\"@id\":\"https:\\\/\\\/storitgroup.com\\\/fi\\\/tuote\\\/pyorea-liikennepeili-tm-ac80\\\/#primaryimage\"},\"image\":{\"@id\":\"https:\\\/\\\/storitgroup.com\\\/fi\\\/tuote\\\/pyorea-liikennepeili-tm-ac80\\\/#primaryimage\"},\"thumbnailUrl\":\"https:\\\/\\\/storitgroup.com\\\/uploads\\\/2021\\\/03\\\/mar-liikluspeegel-tm-ac-80.png\",\"datePublished\":\"2021-03-05T15:17:53+00:00\",\"dateModified\":\"2024-11-25T13:25:38+00:00\",\"description\":\"Py\u00f6re\u00e4 liikennepeili TM AC80 \u2014 kohtuulliseen hintaan. Toimitukset kaikkialle Suomeen! \u261b Tutustu tuotteeseen ja tilaa k\u00e4tev\u00e4sti STORIT-verkkokaupasta!\",\"breadcrumb\":{\"@id\":\"https:\\\/\\\/storitgroup.com\\\/fi\\\/tuote\\\/pyorea-liikennepeili-tm-ac80\\\/#breadcrumb\"},\"inLanguage\":\"fi\",\"potentialAction\":[{\"@type\":\"ReadAction\",\"target\":[\"https:\\\/\\\/storitgroup.com\\\/fi\\\/tuote\\\/pyorea-liikennepeili-tm-ac80\\\/\"]}]},{\"@type\":\"ImageObject\",\"inLanguage\":\"fi\",\"@id\":\"https:\\\/\\\/storitgroup.com\\\/fi\\\/tuote\\\/pyorea-liikennepeili-tm-ac80\\\/#primaryimage\",\"url\":\"https:\\\/\\\/storitgroup.com\\\/uploads\\\/2021\\\/03\\\/mar-liikluspeegel-tm-ac-80.png\",\"contentUrl\":\"https:\\\/\\\/storitgroup.com\\\/uploads\\\/2021\\\/03\\\/mar-liikluspeegel-tm-ac-80.png\",\"width\":768,\"height\":768},{\"@type\":\"BreadcrumbList\",\"@id\":\"https:\\\/\\\/storitgroup.com\\\/fi\\\/tuote\\\/pyorea-liikennepeili-tm-ac80\\\/#breadcrumb\",\"itemListElement\":[{\"@type\":\"ListItem\",\"position\":1,\"name\":\"Kotisivu\",\"item\":\"https:\\\/\\\/storitgroup.com\\\/fi\\\/\"},{\"@type\":\"ListItem\",\"position\":2,\"name\":\"Tuotteet\",\"item\":\"https:\\\/\\\/storitgroup.com\\\/fi\\\/tuotteet\\\/\"},{\"@type\":\"ListItem\",\"position\":3,\"name\":\"Varaston portaat, tikkaat, turvallisuus\",\"item\":\"https:\\\/\\\/storitgroup.com\\\/fi\\\/varaston-portaat-tikkaat-turvallisuus\\\/\"},{\"@type\":\"ListItem\",\"position\":4,\"name\":\"Turvapeilit\",\"item\":\"https:\\\/\\\/storitgroup.com\\\/fi\\\/varaston-portaat-tikkaat-turvallisuus\\\/turvapeilit\\\/\"},{\"@type\":\"ListItem\",\"position\":5,\"name\":\"Py\u00f6re\u00e4 liikennepeili TM AC80\"}]},{\"@type\":\"WebSite\",\"@id\":\"https:\\\/\\\/storitgroup.com\\\/fi\\\/#website\",\"url\":\"https:\\\/\\\/storitgroup.com\\\/fi\\\/\",\"name\":\"Storit\",\"description\":\"\",\"potentialAction\":[{\"@type\":\"SearchAction\",\"target\":{\"@type\":\"EntryPoint\",\"urlTemplate\":\"https:\\\/\\\/storitgroup.com\\\/fi\\\/?s={search_term_string}\"},\"query-input\":{\"@type\":\"PropertyValueSpecification\",\"valueRequired\":true,\"valueName\":\"search_term_string\"}}],\"inLanguage\":\"fi\"}]}<\/script>\n<!-- \/ Yoast SEO plugin. -->","yoast_head_json":{"title":"Py\u00f6re\u00e4 liikennepeili TM AC80 &#8226; Storit","description":"Py\u00f6re\u00e4 liikennepeili TM AC80 \u2014 kohtuulliseen hintaan. Toimitukset kaikkialle Suomeen! \u261b Tutustu tuotteeseen ja tilaa k\u00e4tev\u00e4sti STORIT-verkkokaupasta!","robots":{"index":"index","follow":"follow","max-snippet":"max-snippet:-1","max-image-preview":"max-image-preview:large","max-video-preview":"max-video-preview:-1"},"canonical":"https:\/\/storitgroup.com\/fi\/tuote\/pyorea-liikennepeili-tm-ac80\/","og_locale":"fi_FI","og_type":"article","og_title":"Py\u00f6re\u00e4 liikennepeili TM AC80 &#8226; Storit","og_description":"Py\u00f6re\u00e4 liikennepeili TM AC80 \u2014 kohtuulliseen hintaan. Toimitukset kaikkialle Suomeen! \u261b Tutustu tuotteeseen ja tilaa k\u00e4tev\u00e4sti STORIT-verkkokaupasta!","og_url":"https:\/\/storitgroup.com\/fi\/tuote\/pyorea-liikennepeili-tm-ac80\/","og_site_name":"Storit","article_modified_time":"2024-11-25T13:25:38+00:00","og_image":[{"width":768,"height":768,"url":"https:\/\/storitgroup.com\/uploads\/2021\/03\/mar-liikluspeegel-tm-ac-80.png","type":"image\/png"}],"twitter_card":"summary_large_image","schema":{"@context":"https:\/\/schema.org","@graph":[{"@type":["WebPage","ItemPage"],"@id":"https:\/\/storitgroup.com\/fi\/tuote\/pyorea-liikennepeili-tm-ac80\/","url":"https:\/\/storitgroup.com\/fi\/tuote\/pyorea-liikennepeili-tm-ac80\/","name":"Py\u00f6re\u00e4 liikennepeili TM AC80 &#8226; Storit","isPartOf":{"@id":"https:\/\/storitgroup.com\/fi\/#website"},"primaryImageOfPage":{"@id":"https:\/\/storitgroup.com\/fi\/tuote\/pyorea-liikennepeili-tm-ac80\/#primaryimage"},"image":{"@id":"https:\/\/storitgroup.com\/fi\/tuote\/pyorea-liikennepeili-tm-ac80\/#primaryimage"},"thumbnailUrl":"https:\/\/storitgroup.com\/uploads\/2021\/03\/mar-liikluspeegel-tm-ac-80.png","datePublished":"2021-03-05T15:17:53+00:00","dateModified":"2024-11-25T13:25:38+00:00","description":"Py\u00f6re\u00e4 liikennepeili TM AC80 \u2014 kohtuulliseen hintaan. Toimitukset kaikkialle Suomeen! \u261b Tutustu tuotteeseen ja tilaa k\u00e4tev\u00e4sti STORIT-verkkokaupasta!","breadcrumb":{"@id":"https:\/\/storitgroup.com\/fi\/tuote\/pyorea-liikennepeili-tm-ac80\/#breadcrumb"},"inLanguage":"fi","potentialAction":[{"@type":"ReadAction","target":["https:\/\/storitgroup.com\/fi\/tuote\/pyorea-liikennepeili-tm-ac80\/"]}]},{"@type":"ImageObject","inLanguage":"fi","@id":"https:\/\/storitgroup.com\/fi\/tuote\/pyorea-liikennepeili-tm-ac80\/#primaryimage","url":"https:\/\/storitgroup.com\/uploads\/2021\/03\/mar-liikluspeegel-tm-ac-80.png","contentUrl":"https:\/\/storitgroup.com\/uploads\/2021\/03\/mar-liikluspeegel-tm-ac-80.png","width":768,"height":768},{"@type":"BreadcrumbList","@id":"https:\/\/storitgroup.com\/fi\/tuote\/pyorea-liikennepeili-tm-ac80\/#breadcrumb","itemListElement":[{"@type":"ListItem","position":1,"name":"Kotisivu","item":"https:\/\/storitgroup.com\/fi\/"},{"@type":"ListItem","position":2,"name":"Tuotteet","item":"https:\/\/storitgroup.com\/fi\/tuotteet\/"},{"@type":"ListItem","position":3,"name":"Varaston portaat, tikkaat, turvallisuus","item":"https:\/\/storitgroup.com\/fi\/varaston-portaat-tikkaat-turvallisuus\/"},{"@type":"ListItem","position":4,"name":"Turvapeilit","item":"https:\/\/storitgroup.com\/fi\/varaston-portaat-tikkaat-turvallisuus\/turvapeilit\/"},{"@type":"ListItem","position":5,"name":"Py\u00f6re\u00e4 liikennepeili TM AC80"}]},{"@type":"WebSite","@id":"https:\/\/storitgroup.com\/fi\/#website","url":"https:\/\/storitgroup.com\/fi\/","name":"Storit","description":"","potentialAction":[{"@type":"SearchAction","target":{"@type":"EntryPoint","urlTemplate":"https:\/\/storitgroup.com\/fi\/?s={search_term_string}"},"query-input":{"@type":"PropertyValueSpecification","valueRequired":true,"valueName":"search_term_string"}}],"inLanguage":"fi"}]}},"_links":{"self":[{"href":"https:\/\/storitgroup.com\/fi\/wp-json\/wp\/v2\/product\/17244","targetHints":{"allow":["GET"]}}],"collection":[{"href":"https:\/\/storitgroup.com\/fi\/wp-json\/wp\/v2\/product"}],"about":[{"href":"https:\/\/storitgroup.com\/fi\/wp-json\/wp\/v2\/types\/product"}],"wp:featuredmedia":[{"embeddable":true,"href":"https:\/\/storitgroup.com\/fi\/wp-json\/wp\/v2\/media\/24284"}],"wp:attachment":[{"href":"https:\/\/storitgroup.com\/fi\/wp-json\/wp\/v2\/media?parent=17244"}],"wp:term":[{"taxonomy":"product_brand","embeddable":true,"href":"https:\/\/storitgroup.com\/fi\/wp-json\/wp\/v2\/product_brand?post=17244"},{"taxonomy":"product_cat","embeddable":true,"href":"https:\/\/storitgroup.com\/fi\/wp-json\/wp\/v2\/product_cat?post=17244"},{"taxonomy":"product_tag","embeddable":true,"href":"https:\/\/storitgroup.com\/fi\/wp-json\/wp\/v2\/product_tag?post=17244"}],"curies":[{"name":"wp","href":"https:\/\/api.w.org\/{rel}","templated":true}]}}