{"id":17205,"date":"2021-03-05T16:44:07","date_gmt":"2021-03-05T14:44:07","guid":{"rendered":"https:\/\/storitgroup.com\/?post_type=product&#038;p=17205"},"modified":"2026-04-03T23:31:38","modified_gmt":"2026-04-03T20:31:38","slug":"manuaalinen-saksihaarukkavaunu-pramac-hx10m-1150mm-p-p","status":"publish","type":"product","link":"https:\/\/storitgroup.com\/fi\/tuote\/manuaalinen-saksihaarukkavaunu-pramac-hx10m-1150mm-p-p\/","title":{"rendered":"Manuaalinen saksihaarukkavaunu Pramac HX10M 1150mm P\/P"},"content":{"rendered":"","protected":false},"excerpt":{"rendered":"","protected":false},"featured_media":17206,"template":"","meta":{"_acf_changed":false},"product_brand":[],"product_cat":[7041],"product_tag":[],"class_list":{"0":"post-17205","1":"product","2":"type-product","3":"status-publish","4":"has-post-thumbnail","6":"product_room-nostovalinet","7":"product_room-kokoonpano-ja-keraily","8":"product_room-tyopaja-ja-autotalli","9":"product_room-teollisuus-ja-tuotanto-ergonomiset-tyopaikat-tyokaluvarasto","10":"product_cat-saksihaarukkavaunut","12":"first","13":"onbackorder","14":"taxable","15":"shipping-taxable","16":"purchasable","17":"product-type-simple"},"acf":[],"yoast_head":"<!-- This site is optimized with the Yoast SEO plugin v27.2 - https:\/\/yoast.com\/product\/yoast-seo-wordpress\/ -->\n<title>Manuaalinen saksihaarukkavaunu Pramac HX10M 1150mm P\/P &#8226; Storit<\/title>\n<meta name=\"description\" content=\"Manuaalinen saksihaarukkavaunu Pramac HX10M 1150mm P\/P \u2014 kohtuulliseen hintaan. Toimitukset kaikkialle Suomeen! \u261b Tutustu tuotteeseen ja tilaa k\u00e4tev\u00e4sti STORIT-verkkokaupasta!\" \/>\n<meta name=\"robots\" content=\"index, follow, max-snippet:-1, max-image-preview:large, max-video-preview:-1\" \/>\n<link rel=\"canonical\" href=\"https:\/\/storitgroup.com\/fi\/tuote\/manuaalinen-saksihaarukkavaunu-pramac-hx10m-1150mm-p-p\/\" \/>\n<meta property=\"og:locale\" content=\"fi_FI\" \/>\n<meta property=\"og:type\" content=\"article\" \/>\n<meta property=\"og:title\" content=\"Manuaalinen saksihaarukkavaunu Pramac HX10M 1150mm P\/P &#8226; Storit\" \/>\n<meta property=\"og:description\" content=\"Manuaalinen saksihaarukkavaunu Pramac HX10M 1150mm P\/P \u2014 kohtuulliseen hintaan. Toimitukset kaikkialle Suomeen! \u261b Tutustu tuotteeseen ja tilaa k\u00e4tev\u00e4sti STORIT-verkkokaupasta!\" \/>\n<meta property=\"og:url\" content=\"https:\/\/storitgroup.com\/fi\/tuote\/manuaalinen-saksihaarukkavaunu-pramac-hx10m-1150mm-p-p\/\" \/>\n<meta property=\"og:site_name\" content=\"Storit\" \/>\n<meta property=\"article:modified_time\" content=\"2026-04-03T20:31:38+00:00\" \/>\n<meta property=\"og:image\" content=\"https:\/\/storitgroup.com\/uploads\/2021\/03\/kaarkahvelkaru-pramac-hx10m-1.png\" \/>\n\t<meta property=\"og:image:width\" content=\"1848\" \/>\n\t<meta property=\"og:image:height\" content=\"1856\" \/>\n\t<meta property=\"og:image:type\" content=\"image\/png\" \/>\n<meta name=\"twitter:card\" content=\"summary_large_image\" \/>\n<script type=\"application\/ld+json\" class=\"yoast-schema-graph\">{\"@context\":\"https:\/\/schema.org\",\"@graph\":[{\"@type\":[\"WebPage\",\"ItemPage\"],\"@id\":\"https:\/\/storitgroup.com\/fi\/tuote\/manuaalinen-saksihaarukkavaunu-pramac-hx10m-1150mm-p-p\/\",\"url\":\"https:\/\/storitgroup.com\/fi\/tuote\/manuaalinen-saksihaarukkavaunu-pramac-hx10m-1150mm-p-p\/\",\"name\":\"Manuaalinen saksihaarukkavaunu Pramac HX10M 1150mm P\/P &#8226; Storit\",\"isPartOf\":{\"@id\":\"https:\/\/storitgroup.com\/fi\/#website\"},\"primaryImageOfPage\":{\"@id\":\"https:\/\/storitgroup.com\/fi\/tuote\/manuaalinen-saksihaarukkavaunu-pramac-hx10m-1150mm-p-p\/#primaryimage\"},\"image\":{\"@id\":\"https:\/\/storitgroup.com\/fi\/tuote\/manuaalinen-saksihaarukkavaunu-pramac-hx10m-1150mm-p-p\/#primaryimage\"},\"thumbnailUrl\":\"https:\/\/storitgroup.com\/uploads\/2021\/03\/kaarkahvelkaru-pramac-hx10m-1.png\",\"datePublished\":\"2021-03-05T14:44:07+00:00\",\"dateModified\":\"2026-04-03T20:31:38+00:00\",\"description\":\"Manuaalinen saksihaarukkavaunu Pramac HX10M 1150mm P\/P \u2014 kohtuulliseen hintaan. Toimitukset kaikkialle Suomeen! \u261b Tutustu tuotteeseen ja tilaa k\u00e4tev\u00e4sti STORIT-verkkokaupasta!\",\"breadcrumb\":{\"@id\":\"https:\/\/storitgroup.com\/fi\/tuote\/manuaalinen-saksihaarukkavaunu-pramac-hx10m-1150mm-p-p\/#breadcrumb\"},\"inLanguage\":\"fi\",\"potentialAction\":[{\"@type\":\"ReadAction\",\"target\":[\"https:\/\/storitgroup.com\/fi\/tuote\/manuaalinen-saksihaarukkavaunu-pramac-hx10m-1150mm-p-p\/\"]}]},{\"@type\":\"ImageObject\",\"inLanguage\":\"fi\",\"@id\":\"https:\/\/storitgroup.com\/fi\/tuote\/manuaalinen-saksihaarukkavaunu-pramac-hx10m-1150mm-p-p\/#primaryimage\",\"url\":\"https:\/\/storitgroup.com\/uploads\/2021\/03\/kaarkahvelkaru-pramac-hx10m-1.png\",\"contentUrl\":\"https:\/\/storitgroup.com\/uploads\/2021\/03\/kaarkahvelkaru-pramac-hx10m-1.png\",\"width\":1848,\"height\":1856},{\"@type\":\"BreadcrumbList\",\"@id\":\"https:\/\/storitgroup.com\/fi\/tuote\/manuaalinen-saksihaarukkavaunu-pramac-hx10m-1150mm-p-p\/#breadcrumb\",\"itemListElement\":[{\"@type\":\"ListItem\",\"position\":1,\"name\":\"Kotisivu\",\"item\":\"https:\/\/storitgroup.com\/fi\/\"},{\"@type\":\"ListItem\",\"position\":2,\"name\":\"Tuotteet\",\"item\":\"https:\/\/storitgroup.com\/fi\/tuotteet\/\"},{\"@type\":\"ListItem\",\"position\":3,\"name\":\"Varastotrukit, nostolavat, tarvikkeet\",\"item\":\"https:\/\/storitgroup.com\/fi\/varastotrukit-nostolavat-tarvikkeet\/\"},{\"@type\":\"ListItem\",\"position\":4,\"name\":\"Haarukkavaunut, pumppuk\u00e4rryt ja lavansiirt\u00e4j\u00e4t\",\"item\":\"https:\/\/storitgroup.com\/fi\/varastotrukit-nostolavat-tarvikkeet\/haarukkavaunut-pumppukarryt-ja-lavansiirtajat\/\"},{\"@type\":\"ListItem\",\"position\":5,\"name\":\"Saksihaarukkavaunut\",\"item\":\"https:\/\/storitgroup.com\/fi\/varastotrukit-nostolavat-tarvikkeet\/haarukkavaunut-pumppukarryt-ja-lavansiirtajat\/saksihaarukkavaunut\/\"},{\"@type\":\"ListItem\",\"position\":6,\"name\":\"Manuaalinen saksihaarukkavaunu Pramac HX10M 1150mm P\/P\"}]},{\"@type\":\"WebSite\",\"@id\":\"https:\/\/storitgroup.com\/fi\/#website\",\"url\":\"https:\/\/storitgroup.com\/fi\/\",\"name\":\"Storit\",\"description\":\"\",\"potentialAction\":[{\"@type\":\"SearchAction\",\"target\":{\"@type\":\"EntryPoint\",\"urlTemplate\":\"https:\/\/storitgroup.com\/fi\/?s={search_term_string}\"},\"query-input\":{\"@type\":\"PropertyValueSpecification\",\"valueRequired\":true,\"valueName\":\"search_term_string\"}}],\"inLanguage\":\"fi\"}]}<\/script>\n<!-- \/ Yoast SEO plugin. -->","yoast_head_json":{"title":"Manuaalinen saksihaarukkavaunu Pramac HX10M 1150mm P\/P &#8226; Storit","description":"Manuaalinen saksihaarukkavaunu Pramac HX10M 1150mm P\/P \u2014 kohtuulliseen hintaan. Toimitukset kaikkialle Suomeen! \u261b Tutustu tuotteeseen ja tilaa k\u00e4tev\u00e4sti STORIT-verkkokaupasta!","robots":{"index":"index","follow":"follow","max-snippet":"max-snippet:-1","max-image-preview":"max-image-preview:large","max-video-preview":"max-video-preview:-1"},"canonical":"https:\/\/storitgroup.com\/fi\/tuote\/manuaalinen-saksihaarukkavaunu-pramac-hx10m-1150mm-p-p\/","og_locale":"fi_FI","og_type":"article","og_title":"Manuaalinen saksihaarukkavaunu Pramac HX10M 1150mm P\/P &#8226; Storit","og_description":"Manuaalinen saksihaarukkavaunu Pramac HX10M 1150mm P\/P \u2014 kohtuulliseen hintaan. Toimitukset kaikkialle Suomeen! \u261b Tutustu tuotteeseen ja tilaa k\u00e4tev\u00e4sti STORIT-verkkokaupasta!","og_url":"https:\/\/storitgroup.com\/fi\/tuote\/manuaalinen-saksihaarukkavaunu-pramac-hx10m-1150mm-p-p\/","og_site_name":"Storit","article_modified_time":"2026-04-03T20:31:38+00:00","og_image":[{"width":1848,"height":1856,"url":"https:\/\/storitgroup.com\/uploads\/2021\/03\/kaarkahvelkaru-pramac-hx10m-1.png","type":"image\/png"}],"twitter_card":"summary_large_image","schema":{"@context":"https:\/\/schema.org","@graph":[{"@type":["WebPage","ItemPage"],"@id":"https:\/\/storitgroup.com\/fi\/tuote\/manuaalinen-saksihaarukkavaunu-pramac-hx10m-1150mm-p-p\/","url":"https:\/\/storitgroup.com\/fi\/tuote\/manuaalinen-saksihaarukkavaunu-pramac-hx10m-1150mm-p-p\/","name":"Manuaalinen saksihaarukkavaunu Pramac HX10M 1150mm P\/P &#8226; Storit","isPartOf":{"@id":"https:\/\/storitgroup.com\/fi\/#website"},"primaryImageOfPage":{"@id":"https:\/\/storitgroup.com\/fi\/tuote\/manuaalinen-saksihaarukkavaunu-pramac-hx10m-1150mm-p-p\/#primaryimage"},"image":{"@id":"https:\/\/storitgroup.com\/fi\/tuote\/manuaalinen-saksihaarukkavaunu-pramac-hx10m-1150mm-p-p\/#primaryimage"},"thumbnailUrl":"https:\/\/storitgroup.com\/uploads\/2021\/03\/kaarkahvelkaru-pramac-hx10m-1.png","datePublished":"2021-03-05T14:44:07+00:00","dateModified":"2026-04-03T20:31:38+00:00","description":"Manuaalinen saksihaarukkavaunu Pramac HX10M 1150mm P\/P \u2014 kohtuulliseen hintaan. Toimitukset kaikkialle Suomeen! \u261b Tutustu tuotteeseen ja tilaa k\u00e4tev\u00e4sti STORIT-verkkokaupasta!","breadcrumb":{"@id":"https:\/\/storitgroup.com\/fi\/tuote\/manuaalinen-saksihaarukkavaunu-pramac-hx10m-1150mm-p-p\/#breadcrumb"},"inLanguage":"fi","potentialAction":[{"@type":"ReadAction","target":["https:\/\/storitgroup.com\/fi\/tuote\/manuaalinen-saksihaarukkavaunu-pramac-hx10m-1150mm-p-p\/"]}]},{"@type":"ImageObject","inLanguage":"fi","@id":"https:\/\/storitgroup.com\/fi\/tuote\/manuaalinen-saksihaarukkavaunu-pramac-hx10m-1150mm-p-p\/#primaryimage","url":"https:\/\/storitgroup.com\/uploads\/2021\/03\/kaarkahvelkaru-pramac-hx10m-1.png","contentUrl":"https:\/\/storitgroup.com\/uploads\/2021\/03\/kaarkahvelkaru-pramac-hx10m-1.png","width":1848,"height":1856},{"@type":"BreadcrumbList","@id":"https:\/\/storitgroup.com\/fi\/tuote\/manuaalinen-saksihaarukkavaunu-pramac-hx10m-1150mm-p-p\/#breadcrumb","itemListElement":[{"@type":"ListItem","position":1,"name":"Kotisivu","item":"https:\/\/storitgroup.com\/fi\/"},{"@type":"ListItem","position":2,"name":"Tuotteet","item":"https:\/\/storitgroup.com\/fi\/tuotteet\/"},{"@type":"ListItem","position":3,"name":"Varastotrukit, nostolavat, tarvikkeet","item":"https:\/\/storitgroup.com\/fi\/varastotrukit-nostolavat-tarvikkeet\/"},{"@type":"ListItem","position":4,"name":"Haarukkavaunut, pumppuk\u00e4rryt ja lavansiirt\u00e4j\u00e4t","item":"https:\/\/storitgroup.com\/fi\/varastotrukit-nostolavat-tarvikkeet\/haarukkavaunut-pumppukarryt-ja-lavansiirtajat\/"},{"@type":"ListItem","position":5,"name":"Saksihaarukkavaunut","item":"https:\/\/storitgroup.com\/fi\/varastotrukit-nostolavat-tarvikkeet\/haarukkavaunut-pumppukarryt-ja-lavansiirtajat\/saksihaarukkavaunut\/"},{"@type":"ListItem","position":6,"name":"Manuaalinen saksihaarukkavaunu Pramac HX10M 1150mm P\/P"}]},{"@type":"WebSite","@id":"https:\/\/storitgroup.com\/fi\/#website","url":"https:\/\/storitgroup.com\/fi\/","name":"Storit","description":"","potentialAction":[{"@type":"SearchAction","target":{"@type":"EntryPoint","urlTemplate":"https:\/\/storitgroup.com\/fi\/?s={search_term_string}"},"query-input":{"@type":"PropertyValueSpecification","valueRequired":true,"valueName":"search_term_string"}}],"inLanguage":"fi"}]}},"_links":{"self":[{"href":"https:\/\/storitgroup.com\/fi\/wp-json\/wp\/v2\/product\/17205","targetHints":{"allow":["GET"]}}],"collection":[{"href":"https:\/\/storitgroup.com\/fi\/wp-json\/wp\/v2\/product"}],"about":[{"href":"https:\/\/storitgroup.com\/fi\/wp-json\/wp\/v2\/types\/product"}],"wp:featuredmedia":[{"embeddable":true,"href":"https:\/\/storitgroup.com\/fi\/wp-json\/wp\/v2\/media\/17206"}],"wp:attachment":[{"href":"https:\/\/storitgroup.com\/fi\/wp-json\/wp\/v2\/media?parent=17205"}],"wp:term":[{"taxonomy":"product_brand","embeddable":true,"href":"https:\/\/storitgroup.com\/fi\/wp-json\/wp\/v2\/product_brand?post=17205"},{"taxonomy":"product_cat","embeddable":true,"href":"https:\/\/storitgroup.com\/fi\/wp-json\/wp\/v2\/product_cat?post=17205"},{"taxonomy":"product_tag","embeddable":true,"href":"https:\/\/storitgroup.com\/fi\/wp-json\/wp\/v2\/product_tag?post=17205"}],"curies":[{"name":"wp","href":"https:\/\/api.w.org\/{rel}","templated":true}]}}