{"id":17202,"date":"2021-03-05T16:44:03","date_gmt":"2021-03-05T14:44:03","guid":{"rendered":"https:\/\/storitgroup.com\/?post_type=product&#038;p=17202"},"modified":"2026-04-03T23:31:31","modified_gmt":"2026-04-03T20:31:31","slug":"haarukkavaunu-pramac-gs-special-25-r-quick-lift-1150-x-525mm-pu","status":"publish","type":"product","link":"https:\/\/storitgroup.com\/fi\/tuote\/haarukkavaunu-pramac-gs-special-25-r-quick-lift-1150-x-525mm-pu\/","title":{"rendered":"Haarukkavaunu Pramac GS SPECIAL 25\/R Quick Lift 1150 x 525mm PU"},"content":{"rendered":"<p>Haarukkatrukki ergonomisella pikanostokahvalla<br \/>Ohjapy\u00f6r\u00e4 valmistettu nailonista, polyuretaanipinnoite, hiljainen<br \/>haarukkapy\u00f6r\u00e4t polyuretaania, tandem<br \/>nylon rullat poikittaiseen sis\u00e4\u00e4ntuloon alustaan<\/p>\n","protected":false},"excerpt":{"rendered":"<p>Haarukkatrukki ergonomisella pikanostokahvalla<br \/>\nOhjapy\u00f6r\u00e4 valmistettu nailonista, polyuretaanipinnoite, hiljainen<br \/>\nhaarukkapy\u00f6r\u00e4t polyuretaania, tandem<\/p>\n","protected":false},"featured_media":181075,"template":"","meta":{"_acf_changed":false},"product_brand":[],"product_cat":[7038],"product_tag":[],"class_list":{"0":"post-17202","1":"product","2":"type-product","3":"status-publish","4":"has-post-thumbnail","6":"product_room-varasto-pitkille-tavaroille-ja-levymateriaaleille","7":"product_room-pieni-varasto","8":"product_room-nostovalinet","9":"product_room-tavaroiden-logistiikka","10":"product_room-kuljetus-ja-logistiikka","11":"product_room-tyopaja-ja-autotalli","12":"product_room-ruuan-kasittely","13":"product_room-kaupankaynti-ja-myymalat","14":"product_room-tynnyrien-ja-kaapeleiden-kasittely","15":"product_room-iso-varasto","16":"product_cat-manuaaliset-haarukkavaunut-pumppukarryt","18":"first","19":"onbackorder","20":"taxable","21":"shipping-taxable","22":"purchasable","23":"product-type-simple"},"acf":[],"yoast_head":"<!-- This site is optimized with the Yoast SEO plugin v27.2 - https:\/\/yoast.com\/product\/yoast-seo-wordpress\/ -->\n<title>Haarukkavaunu Pramac GS SPECIAL 25\/R Quick Lift 1150 x 525mm PU &#8226; Storit<\/title>\n<meta name=\"description\" content=\"Haarukkavaunu Pramac GS SPECIAL 25\/R Quick Lift 1150 x 525mm PU \u2014 kohtuulliseen hintaan. Toimitukset kaikkialle Suomeen! \u261b Tutustu tuotteeseen ja tilaa k\u00e4tev\u00e4sti STORIT-verkkokaupasta!\" \/>\n<meta name=\"robots\" content=\"index, follow, max-snippet:-1, max-image-preview:large, max-video-preview:-1\" \/>\n<link rel=\"canonical\" href=\"https:\/\/storitgroup.com\/fi\/tuote\/haarukkavaunu-pramac-gs-special-25-r-quick-lift-1150-x-525mm-pu\/\" \/>\n<meta property=\"og:locale\" content=\"fi_FI\" \/>\n<meta property=\"og:type\" content=\"article\" \/>\n<meta property=\"og:title\" content=\"Haarukkavaunu Pramac GS SPECIAL 25\/R Quick Lift 1150 x 525mm PU &#8226; Storit\" \/>\n<meta property=\"og:description\" content=\"Haarukkavaunu Pramac GS SPECIAL 25\/R Quick Lift 1150 x 525mm PU \u2014 kohtuulliseen hintaan. Toimitukset kaikkialle Suomeen! \u261b Tutustu tuotteeseen ja tilaa k\u00e4tev\u00e4sti STORIT-verkkokaupasta!\" \/>\n<meta property=\"og:url\" content=\"https:\/\/storitgroup.com\/fi\/tuote\/haarukkavaunu-pramac-gs-special-25-r-quick-lift-1150-x-525mm-pu\/\" \/>\n<meta property=\"og:site_name\" content=\"Storit\" \/>\n<meta property=\"article:modified_time\" content=\"2026-04-03T20:31:31+00:00\" \/>\n<meta property=\"og:image\" content=\"https:\/\/storitgroup.com\/uploads\/2021\/03\/pramac-hpt-gs-evo.jpg\" \/>\n\t<meta property=\"og:image:width\" content=\"460\" \/>\n\t<meta property=\"og:image:height\" content=\"425\" \/>\n\t<meta property=\"og:image:type\" content=\"image\/jpeg\" \/>\n<meta name=\"twitter:card\" content=\"summary_large_image\" \/>\n<script type=\"application\/ld+json\" class=\"yoast-schema-graph\">{\"@context\":\"https:\/\/schema.org\",\"@graph\":[{\"@type\":[\"WebPage\",\"ItemPage\"],\"@id\":\"https:\/\/storitgroup.com\/fi\/tuote\/haarukkavaunu-pramac-gs-special-25-r-quick-lift-1150-x-525mm-pu\/\",\"url\":\"https:\/\/storitgroup.com\/fi\/tuote\/haarukkavaunu-pramac-gs-special-25-r-quick-lift-1150-x-525mm-pu\/\",\"name\":\"Haarukkavaunu Pramac GS SPECIAL 25\/R Quick Lift 1150 x 525mm PU &#8226; Storit\",\"isPartOf\":{\"@id\":\"https:\/\/storitgroup.com\/fi\/#website\"},\"primaryImageOfPage\":{\"@id\":\"https:\/\/storitgroup.com\/fi\/tuote\/haarukkavaunu-pramac-gs-special-25-r-quick-lift-1150-x-525mm-pu\/#primaryimage\"},\"image\":{\"@id\":\"https:\/\/storitgroup.com\/fi\/tuote\/haarukkavaunu-pramac-gs-special-25-r-quick-lift-1150-x-525mm-pu\/#primaryimage\"},\"thumbnailUrl\":\"https:\/\/storitgroup.com\/uploads\/2021\/03\/pramac-hpt-gs-evo.jpg\",\"datePublished\":\"2021-03-05T14:44:03+00:00\",\"dateModified\":\"2026-04-03T20:31:31+00:00\",\"description\":\"Haarukkavaunu Pramac GS SPECIAL 25\/R Quick Lift 1150 x 525mm PU \u2014 kohtuulliseen hintaan. Toimitukset kaikkialle Suomeen! \u261b Tutustu tuotteeseen ja tilaa k\u00e4tev\u00e4sti STORIT-verkkokaupasta!\",\"breadcrumb\":{\"@id\":\"https:\/\/storitgroup.com\/fi\/tuote\/haarukkavaunu-pramac-gs-special-25-r-quick-lift-1150-x-525mm-pu\/#breadcrumb\"},\"inLanguage\":\"fi\",\"potentialAction\":[{\"@type\":\"ReadAction\",\"target\":[\"https:\/\/storitgroup.com\/fi\/tuote\/haarukkavaunu-pramac-gs-special-25-r-quick-lift-1150-x-525mm-pu\/\"]}]},{\"@type\":\"ImageObject\",\"inLanguage\":\"fi\",\"@id\":\"https:\/\/storitgroup.com\/fi\/tuote\/haarukkavaunu-pramac-gs-special-25-r-quick-lift-1150-x-525mm-pu\/#primaryimage\",\"url\":\"https:\/\/storitgroup.com\/uploads\/2021\/03\/pramac-hpt-gs-evo.jpg\",\"contentUrl\":\"https:\/\/storitgroup.com\/uploads\/2021\/03\/pramac-hpt-gs-evo.jpg\",\"width\":460,\"height\":425},{\"@type\":\"BreadcrumbList\",\"@id\":\"https:\/\/storitgroup.com\/fi\/tuote\/haarukkavaunu-pramac-gs-special-25-r-quick-lift-1150-x-525mm-pu\/#breadcrumb\",\"itemListElement\":[{\"@type\":\"ListItem\",\"position\":1,\"name\":\"Kotisivu\",\"item\":\"https:\/\/storitgroup.com\/fi\/\"},{\"@type\":\"ListItem\",\"position\":2,\"name\":\"Tuotteet\",\"item\":\"https:\/\/storitgroup.com\/fi\/tuotteet\/\"},{\"@type\":\"ListItem\",\"position\":3,\"name\":\"Varastotrukit, nostolavat, tarvikkeet\",\"item\":\"https:\/\/storitgroup.com\/fi\/varastotrukit-nostolavat-tarvikkeet\/\"},{\"@type\":\"ListItem\",\"position\":4,\"name\":\"Haarukkavaunut, pumppuk\u00e4rryt ja lavansiirt\u00e4j\u00e4t\",\"item\":\"https:\/\/storitgroup.com\/fi\/varastotrukit-nostolavat-tarvikkeet\/haarukkavaunut-pumppukarryt-ja-lavansiirtajat\/\"},{\"@type\":\"ListItem\",\"position\":5,\"name\":\"Manuaaliset haarukkavaunut, pumppuk\u00e4rryt\",\"item\":\"https:\/\/storitgroup.com\/fi\/varastotrukit-nostolavat-tarvikkeet\/haarukkavaunut-pumppukarryt-ja-lavansiirtajat\/manuaaliset-haarukkavaunut-pumppukarryt\/\"},{\"@type\":\"ListItem\",\"position\":6,\"name\":\"Haarukkavaunu Pramac GS SPECIAL 25\/R Quick Lift 1150 x 525mm PU\"}]},{\"@type\":\"WebSite\",\"@id\":\"https:\/\/storitgroup.com\/fi\/#website\",\"url\":\"https:\/\/storitgroup.com\/fi\/\",\"name\":\"Storit\",\"description\":\"\",\"potentialAction\":[{\"@type\":\"SearchAction\",\"target\":{\"@type\":\"EntryPoint\",\"urlTemplate\":\"https:\/\/storitgroup.com\/fi\/?s={search_term_string}\"},\"query-input\":{\"@type\":\"PropertyValueSpecification\",\"valueRequired\":true,\"valueName\":\"search_term_string\"}}],\"inLanguage\":\"fi\"}]}<\/script>\n<!-- \/ Yoast SEO plugin. -->","yoast_head_json":{"title":"Haarukkavaunu Pramac GS SPECIAL 25\/R Quick Lift 1150 x 525mm PU &#8226; Storit","description":"Haarukkavaunu Pramac GS SPECIAL 25\/R Quick Lift 1150 x 525mm PU \u2014 kohtuulliseen hintaan. Toimitukset kaikkialle Suomeen! \u261b Tutustu tuotteeseen ja tilaa k\u00e4tev\u00e4sti STORIT-verkkokaupasta!","robots":{"index":"index","follow":"follow","max-snippet":"max-snippet:-1","max-image-preview":"max-image-preview:large","max-video-preview":"max-video-preview:-1"},"canonical":"https:\/\/storitgroup.com\/fi\/tuote\/haarukkavaunu-pramac-gs-special-25-r-quick-lift-1150-x-525mm-pu\/","og_locale":"fi_FI","og_type":"article","og_title":"Haarukkavaunu Pramac GS SPECIAL 25\/R Quick Lift 1150 x 525mm PU &#8226; Storit","og_description":"Haarukkavaunu Pramac GS SPECIAL 25\/R Quick Lift 1150 x 525mm PU \u2014 kohtuulliseen hintaan. Toimitukset kaikkialle Suomeen! \u261b Tutustu tuotteeseen ja tilaa k\u00e4tev\u00e4sti STORIT-verkkokaupasta!","og_url":"https:\/\/storitgroup.com\/fi\/tuote\/haarukkavaunu-pramac-gs-special-25-r-quick-lift-1150-x-525mm-pu\/","og_site_name":"Storit","article_modified_time":"2026-04-03T20:31:31+00:00","og_image":[{"width":460,"height":425,"url":"https:\/\/storitgroup.com\/uploads\/2021\/03\/pramac-hpt-gs-evo.jpg","type":"image\/jpeg"}],"twitter_card":"summary_large_image","schema":{"@context":"https:\/\/schema.org","@graph":[{"@type":["WebPage","ItemPage"],"@id":"https:\/\/storitgroup.com\/fi\/tuote\/haarukkavaunu-pramac-gs-special-25-r-quick-lift-1150-x-525mm-pu\/","url":"https:\/\/storitgroup.com\/fi\/tuote\/haarukkavaunu-pramac-gs-special-25-r-quick-lift-1150-x-525mm-pu\/","name":"Haarukkavaunu Pramac GS SPECIAL 25\/R Quick Lift 1150 x 525mm PU &#8226; Storit","isPartOf":{"@id":"https:\/\/storitgroup.com\/fi\/#website"},"primaryImageOfPage":{"@id":"https:\/\/storitgroup.com\/fi\/tuote\/haarukkavaunu-pramac-gs-special-25-r-quick-lift-1150-x-525mm-pu\/#primaryimage"},"image":{"@id":"https:\/\/storitgroup.com\/fi\/tuote\/haarukkavaunu-pramac-gs-special-25-r-quick-lift-1150-x-525mm-pu\/#primaryimage"},"thumbnailUrl":"https:\/\/storitgroup.com\/uploads\/2021\/03\/pramac-hpt-gs-evo.jpg","datePublished":"2021-03-05T14:44:03+00:00","dateModified":"2026-04-03T20:31:31+00:00","description":"Haarukkavaunu Pramac GS SPECIAL 25\/R Quick Lift 1150 x 525mm PU \u2014 kohtuulliseen hintaan. Toimitukset kaikkialle Suomeen! \u261b Tutustu tuotteeseen ja tilaa k\u00e4tev\u00e4sti STORIT-verkkokaupasta!","breadcrumb":{"@id":"https:\/\/storitgroup.com\/fi\/tuote\/haarukkavaunu-pramac-gs-special-25-r-quick-lift-1150-x-525mm-pu\/#breadcrumb"},"inLanguage":"fi","potentialAction":[{"@type":"ReadAction","target":["https:\/\/storitgroup.com\/fi\/tuote\/haarukkavaunu-pramac-gs-special-25-r-quick-lift-1150-x-525mm-pu\/"]}]},{"@type":"ImageObject","inLanguage":"fi","@id":"https:\/\/storitgroup.com\/fi\/tuote\/haarukkavaunu-pramac-gs-special-25-r-quick-lift-1150-x-525mm-pu\/#primaryimage","url":"https:\/\/storitgroup.com\/uploads\/2021\/03\/pramac-hpt-gs-evo.jpg","contentUrl":"https:\/\/storitgroup.com\/uploads\/2021\/03\/pramac-hpt-gs-evo.jpg","width":460,"height":425},{"@type":"BreadcrumbList","@id":"https:\/\/storitgroup.com\/fi\/tuote\/haarukkavaunu-pramac-gs-special-25-r-quick-lift-1150-x-525mm-pu\/#breadcrumb","itemListElement":[{"@type":"ListItem","position":1,"name":"Kotisivu","item":"https:\/\/storitgroup.com\/fi\/"},{"@type":"ListItem","position":2,"name":"Tuotteet","item":"https:\/\/storitgroup.com\/fi\/tuotteet\/"},{"@type":"ListItem","position":3,"name":"Varastotrukit, nostolavat, tarvikkeet","item":"https:\/\/storitgroup.com\/fi\/varastotrukit-nostolavat-tarvikkeet\/"},{"@type":"ListItem","position":4,"name":"Haarukkavaunut, pumppuk\u00e4rryt ja lavansiirt\u00e4j\u00e4t","item":"https:\/\/storitgroup.com\/fi\/varastotrukit-nostolavat-tarvikkeet\/haarukkavaunut-pumppukarryt-ja-lavansiirtajat\/"},{"@type":"ListItem","position":5,"name":"Manuaaliset haarukkavaunut, pumppuk\u00e4rryt","item":"https:\/\/storitgroup.com\/fi\/varastotrukit-nostolavat-tarvikkeet\/haarukkavaunut-pumppukarryt-ja-lavansiirtajat\/manuaaliset-haarukkavaunut-pumppukarryt\/"},{"@type":"ListItem","position":6,"name":"Haarukkavaunu Pramac GS SPECIAL 25\/R Quick Lift 1150 x 525mm PU"}]},{"@type":"WebSite","@id":"https:\/\/storitgroup.com\/fi\/#website","url":"https:\/\/storitgroup.com\/fi\/","name":"Storit","description":"","potentialAction":[{"@type":"SearchAction","target":{"@type":"EntryPoint","urlTemplate":"https:\/\/storitgroup.com\/fi\/?s={search_term_string}"},"query-input":{"@type":"PropertyValueSpecification","valueRequired":true,"valueName":"search_term_string"}}],"inLanguage":"fi"}]}},"_links":{"self":[{"href":"https:\/\/storitgroup.com\/fi\/wp-json\/wp\/v2\/product\/17202","targetHints":{"allow":["GET"]}}],"collection":[{"href":"https:\/\/storitgroup.com\/fi\/wp-json\/wp\/v2\/product"}],"about":[{"href":"https:\/\/storitgroup.com\/fi\/wp-json\/wp\/v2\/types\/product"}],"wp:featuredmedia":[{"embeddable":true,"href":"https:\/\/storitgroup.com\/fi\/wp-json\/wp\/v2\/media\/181075"}],"wp:attachment":[{"href":"https:\/\/storitgroup.com\/fi\/wp-json\/wp\/v2\/media?parent=17202"}],"wp:term":[{"taxonomy":"product_brand","embeddable":true,"href":"https:\/\/storitgroup.com\/fi\/wp-json\/wp\/v2\/product_brand?post=17202"},{"taxonomy":"product_cat","embeddable":true,"href":"https:\/\/storitgroup.com\/fi\/wp-json\/wp\/v2\/product_cat?post=17202"},{"taxonomy":"product_tag","embeddable":true,"href":"https:\/\/storitgroup.com\/fi\/wp-json\/wp\/v2\/product_tag?post=17202"}],"curies":[{"name":"wp","href":"https:\/\/api.w.org\/{rel}","templated":true}]}}